{"id":9932073,"date":"2025-03-02T22:33:11","date_gmt":"2025-03-02T21:33:11","guid":{"rendered":"https:\/\/varjasfutofolia.hu\/?post_type=product&#038;p=9932073"},"modified":"2025-03-02T22:35:44","modified_gmt":"2025-03-02T21:35:44","slug":"infra-labmlegito-parna-25x50cm-termosztattal","status":"publish","type":"product","link":"https:\/\/varjasfutofolia.hu\/en\/termek\/infra-labmlegito-parna-25x50cm-termosztattal\/","title":{"rendered":"Infra L\u00e1bmleg\u00edt\u0151 P\u00e1rna- 25x50cm- Termoszt\u00e1ttal"},"content":{"rendered":"<h3><strong>K\u00e9nyelem a Hideg Napokon\u00a0 L\u00e1bmeleg\u00edt\u0151 P\u00e1rna seg\u00edts\u00e9g\u00e9vel<\/strong><\/h3>\n<p>A hideg id\u0151szakokban k\u00fcl\u00f6n\u00f6sen fontos, hogy melegen tartsuk magunkat, \u00e9s k\u00e9nyelmes pihen\u0151helyet alak\u00edtsunk ki otthonunkban. A meleg\u00edt\u0151 p\u00e1rna kiv\u00e1l\u00f3 megold\u00e1st k\u00edn\u00e1l a f\u00e1radt izmok \u00e9s a hideg elleni v\u00e9dekez\u00e9sre. A p\u00e1rna belsej\u00e9ben elhelyezett f\u0171t\u0151f\u00f3lia a termoszt\u00e1t seg\u00edts\u00e9g\u00e9vel szab\u00e1lyozhat\u00f3, \u00edgy mindig a megfelel\u0151 h\u0151m\u00e9rs\u00e9kletet biztos\u00edtja. A p\u00e1rna t\u00f6k\u00e9letes v\u00e1laszt\u00e1s, ha szeretn\u00e9nk melegben pihenni, olvasni, vagy \u00e9ppen laz\u00edtani egy hossz\u00fa nap ut\u00e1n.<\/p>\n<h3><strong>Pihentet\u0151 K\u00e9nyelem \u00e9s F\u00e1jdalomcsillap\u00edt\u00e1s<\/strong><\/h3>\n<p>A term\u00e9k nemcsak a hideg napokon adhat k\u00e9nyelmet, hanem seg\u00edthet enyh\u00edteni a f\u00e1jdalmakat is. Ak\u00e1r h\u00e1tf\u00e1j\u00e1s, der\u00e9kf\u00e1jdalom, ak\u00e1r izoml\u00e1z gy\u00f6t\u00f6r, a meleg ter\u00e1pi\u00e1s hat\u00e1sa seg\u00edthet a f\u00e1jdalmak cs\u00f6kkent\u00e9s\u00e9ben \u00e9s az izmok laz\u00edt\u00e1s\u00e1ban. Az egyenletesen szab\u00e1lyozhat\u00f3 h\u0151m\u00e9rs\u00e9klet lehet\u0151v\u00e9 teszi, hogy pontosan azt a melegs\u00e9get biztos\u00edtsuk, amire a test\u00fcnknek sz\u00fcks\u00e9ge van a regener\u00e1l\u00f3d\u00e1shoz.<\/p>\n<h3><strong>Egyszer\u0171 Haszn\u00e1lat \u00e9s Biztons\u00e1gos M\u0171k\u00f6d\u00e9s<\/strong><\/h3>\n<p>A meleg\u00edt\u0151 p\u00e1rna haszn\u00e1lata rendk\u00edv\u00fcl egyszer\u0171, \u00e9s teljes m\u00e9rt\u00e9kben biztons\u00e1gos. A termoszt\u00e1t seg\u00edts\u00e9g\u00e9vel k\u00f6nnyed\u00e9n be\u00e1ll\u00edthat\u00f3 a k\u00edv\u00e1nt h\u0151m\u00e9rs\u00e9klet, \u00e9s a f\u0171t\u0151f\u00f3lia megb\u00edzhat\u00f3an m\u0171k\u00f6dik, biztos\u00edtva a k\u00edv\u00e1nt komfort\u00e9rzetet. A p\u00e1rna anyaga tart\u00f3s \u00e9s k\u00f6nnyen tiszt\u00edthat\u00f3, \u00edgy hossz\u00fa t\u00e1von is k\u00e9nyelmes \u00e9s praktikus kieg\u00e9sz\u00edt\u0151 marad. Az alacsony energiafogyaszt\u00e1snak k\u00f6sz\u00f6nhet\u0151en nemcsak gazdas\u00e1gos, hanem k\u00f6rnyezetbar\u00e1t is.<\/p>\n<h3><strong>Sokoldal\u00fa Haszn\u00e1lat \u2013 B\u00e1rhol, B\u00e1rmikor\u0171<\/strong><\/h3>\n<p>A p\u00e1rna sokoldal\u00faan haszn\u00e1lhat\u00f3. Haszn\u00e1lhatjuk a kanap\u00e9n pihen\u00e9s k\u00f6zben, az \u00e1gyban relax\u00e1l\u00e1skor, vagy ak\u00e1r irodai sz\u00e9kben is, hogy enyh\u00edts\u00fck a munka k\u00f6zben felhalmoz\u00f3dott fesz\u00fclts\u00e9get. A p\u00e1rna ide\u00e1lis megold\u00e1s akkor is, ha egy kis extra k\u00e9nyelemre van sz\u00fcks\u00e9g\u00fcnk az utaz\u00e1sok sor\u00e1n, hiszen kompakt m\u00e9rete miatt k\u00f6nnyen hordozhat\u00f3. A meleg\u00edt\u0151 p\u00e1rna b\u00e1rmikor seg\u00edthet a pihen\u00e9sben, f\u00fcggetlen\u00fcl att\u00f3l, hogy hol tart\u00f3zkodunk.<\/p>\n<h3><strong>L\u00e1bmeleg\u00edt\u0151 P\u00e1rna Kiv\u00e1l\u00f3 Aj\u00e1nd\u00e9k<\/strong><\/h3>\n<p>Ez a meleg\u00edt\u0151 p\u00e1rna t\u00f6k\u00e9letes aj\u00e1nd\u00e9k lehet szeretteink sz\u00e1m\u00e1ra, akik a hideg id\u0151szakokban k\u00e9nyelemre v\u00e1gynak. K\u00f6nnyen t\u00e1rolhat\u00f3, ha \u00e9ppen nincs r\u00e1 sz\u00fcks\u00e9g, \u00e9s kis helyen elf\u00e9r. Ha valaki stresszes munk\u00e1t v\u00e9gez, vagy sok id\u0151t t\u00f6lt \u00fclve, akkor a p\u00e1rna t\u00f6k\u00e9letes megold\u00e1s lehet, hogy pihentesse a h\u00e1t\u00e1t vagy der\u00e9kf\u00e1j\u00f3s ter\u00fcleteit.<\/p>\n<h3><strong>Rendelje Meg Most!<\/strong><\/h3>\n<p>Fedezze fel a <a href=\"https:\/\/www.futofolia.hu\" target=\"_new\" rel=\"noopener\">F\u0171t\u0151f\u00f3lia.hu<\/a> k\u00edn\u00e1lat\u00e1ban el\u00e9rhet\u0151 meleg\u00edt\u0151 p\u00e1rn\u00e1t, \u00e9s \u00e9lvezze a k\u00e9nyelmet \u00e9s pihen\u00e9st b\u00e1rmikor, b\u00e1rhol. A meleg\u00edt\u0151 p\u00e1rna t\u00f6k\u00e9letes megold\u00e1s a f\u00e1radt izmok regener\u00e1l\u00e1s\u00e1ra, a h\u00e1tf\u00e1j\u00e1s enyh\u00edt\u00e9s\u00e9re, \u00e9s a hideg elleni v\u00e9dekez\u00e9sre. Ne hagyja ki ezt az egyszer\u0171, de hat\u00e9kony komfort megold\u00e1st!<\/p>\n<p>&nbsp;<\/p>\n","protected":false},"excerpt":{"rendered":"<p>A hideg id\u0151szakokban k\u00fcl\u00f6n\u00f6sen fontos, hogy melegen tartsuk magunkat, \u00e9s k\u00e9nyelmes pihen\u0151helyet alak\u00edtsunk ki otthonunkban. A meleg\u00edt\u0151 p\u00e1rna kiv\u00e1l\u00f3 megold\u00e1st k\u00edn\u00e1l a f\u00e1radt izmok \u00e9s a hideg elleni v\u00e9dekez\u00e9sre. A p\u00e1rna belsej\u00e9ben elhelyezett f\u0171t\u0151f\u00f3lia a termoszt\u00e1t seg\u00edts\u00e9g\u00e9vel szab\u00e1lyozhat\u00f3, \u00edgy mindig a megfelel\u0151 h\u0151m\u00e9rs\u00e9kletet biztos\u00edtja. A p\u00e1rna t\u00f6k\u00e9letes v\u00e1laszt\u00e1s, ha szeretn\u00e9nk melegben pihenni, olvasni, vagy \u00e9ppen laz\u00edtani egy hossz\u00fa nap ut\u00e1n.<\/p>\n<p><strong>A temr\u00e9k az Intelligens <a href=\"https:\/\/www.futofolia.hu\/termek\/termoszat\/\">termoszt\u00e1tta<\/a>l egy\u00fctt csomagban kedvezm\u00e9nyesen megv\u00e1s\u00e1rolhat\u00f3!<\/strong><\/p>\n<p><strong>10 darab rendel\u00e9se felett a term\u00e9k egyedi mint\u00e1val k\u00e9rhet\u0151<\/strong><\/p>\n","protected":false},"featured_media":9932091,"comment_status":"open","ping_status":"closed","template":"","meta":{"_et_pb_use_builder":"","_et_pb_old_content":"","_et_gb_content_width":""},"product_brand":[],"product_cat":[331,329,26],"product_tag":[],"class_list":{"0":"post-9932073","1":"product","2":"type-product","3":"status-publish","4":"has-post-thumbnail","6":"product_cat-infra-labmelegito","7":"product_cat-infra-melegito-parna","8":"product_cat-kutyahaz-futes","10":"first","11":"instock","12":"taxable","13":"shipping-taxable","14":"purchasable","15":"product-type-simple"},"yoast_head":"<!-- This site is optimized with the Yoast SEO plugin v26.0 - https:\/\/yoast.com\/wordpress\/plugins\/seo\/ -->\n<title>Infra L\u00e1bmleg\u00edt\u0151 P\u00e1rna- 25x50cm- Termoszt\u00e1ttal - Varjas F\u0171t\u0151f\u00f3lia<\/title>\n<meta name=\"robots\" content=\"index, follow, max-snippet:-1, max-image-preview:large, max-video-preview:-1\" \/>\n<link rel=\"canonical\" href=\"https:\/\/varjasfutofolia.hu\/en\/termek\/infra-labmlegito-parna-25x50cm-termosztattal\/\" \/>\n<meta property=\"og:locale\" content=\"en_US\" \/>\n<meta property=\"og:locale:alternate\" content=\"hu_HU\" \/>\n<meta property=\"og:locale:alternate\" content=\"de_DE\" \/>\n<meta property=\"og:type\" content=\"article\" \/>\n<meta property=\"og:title\" content=\"Infra L\u00e1bmleg\u00edt\u0151 P\u00e1rna- 25x50cm- Termoszt\u00e1ttal - Varjas F\u0171t\u0151f\u00f3lia\" \/>\n<meta property=\"og:description\" content=\"A hideg id\u0151szakokban k\u00fcl\u00f6n\u00f6sen fontos, hogy melegen tartsuk magunkat, \u00e9s k\u00e9nyelmes pihen\u0151helyet alak\u00edtsunk ki otthonunkban. A meleg\u00edt\u0151 p\u00e1rna kiv\u00e1l\u00f3 megold\u00e1st k\u00edn\u00e1l a f\u00e1radt izmok \u00e9s a hideg elleni v\u00e9dekez\u00e9sre. A p\u00e1rna belsej\u00e9ben elhelyezett f\u0171t\u0151f\u00f3lia a termoszt\u00e1t seg\u00edts\u00e9g\u00e9vel szab\u00e1lyozhat\u00f3, \u00edgy mindig a megfelel\u0151 h\u0151m\u00e9rs\u00e9kletet biztos\u00edtja. A p\u00e1rna t\u00f6k\u00e9letes v\u00e1laszt\u00e1s, ha szeretn\u00e9nk melegben pihenni, olvasni, vagy \u00e9ppen laz\u00edtani egy hossz\u00fa nap ut\u00e1n.  A temr\u00e9k az Intelligens termoszt\u00e1ttal egy\u00fctt csomagban kedvezm\u00e9nyesen megv\u00e1s\u00e1rolhat\u00f3!  10 darab rendel\u00e9se felett a term\u00e9k egyedi mint\u00e1val k\u00e9rhet\u0151\" \/>\n<meta property=\"og:url\" content=\"https:\/\/varjasfutofolia.hu\/en\/termek\/infra-labmlegito-parna-25x50cm-termosztattal\/\" \/>\n<meta property=\"og:site_name\" content=\"Varjas F\u0171t\u0151f\u00f3lia\" \/>\n<meta property=\"article:modified_time\" content=\"2025-03-02T21:35:44+00:00\" \/>\n<meta name=\"twitter:card\" content=\"summary_large_image\" \/>\n<meta name=\"twitter:label1\" content=\"Est. reading time\" \/>\n\t<meta name=\"twitter:data1\" content=\"3 minutes\" \/>\n<script type=\"application\/ld+json\" class=\"yoast-schema-graph\">{\"@context\":\"https:\/\/schema.org\",\"@graph\":[{\"@type\":\"WebPage\",\"@id\":\"https:\/\/varjasfutofolia.hu\/termek\/infra-labmlegito-parna-25x50cm-termosztattal\/\",\"url\":\"https:\/\/varjasfutofolia.hu\/termek\/infra-labmlegito-parna-25x50cm-termosztattal\/\",\"name\":\"Infra L\u00e1bmleg\u00edt\u0151 P\u00e1rna- 25x50cm- Termoszt\u00e1ttal - Varjas F\u0171t\u0151f\u00f3lia\",\"isPartOf\":{\"@id\":\"https:\/\/varjasfutofolia.hu\/#website\"},\"primaryImageOfPage\":{\"@id\":\"https:\/\/varjasfutofolia.hu\/termek\/infra-labmlegito-parna-25x50cm-termosztattal\/#primaryimage\"},\"image\":{\"@id\":\"https:\/\/varjasfutofolia.hu\/termek\/infra-labmlegito-parna-25x50cm-termosztattal\/#primaryimage\"},\"thumbnailUrl\":\"https:\/\/varjasfutofolia.hu\/wp-content\/uploads\/2025\/03\/1-1.png\",\"datePublished\":\"2025-03-02T21:33:11+00:00\",\"dateModified\":\"2025-03-02T21:35:44+00:00\",\"breadcrumb\":{\"@id\":\"https:\/\/varjasfutofolia.hu\/termek\/infra-labmlegito-parna-25x50cm-termosztattal\/#breadcrumb\"},\"inLanguage\":\"en-US\",\"potentialAction\":[{\"@type\":\"ReadAction\",\"target\":[\"https:\/\/varjasfutofolia.hu\/termek\/infra-labmlegito-parna-25x50cm-termosztattal\/\"]}]},{\"@type\":\"ImageObject\",\"inLanguage\":\"en-US\",\"@id\":\"https:\/\/varjasfutofolia.hu\/termek\/infra-labmlegito-parna-25x50cm-termosztattal\/#primaryimage\",\"url\":\"https:\/\/varjasfutofolia.hu\/wp-content\/uploads\/2025\/03\/1-1.png\",\"contentUrl\":\"https:\/\/varjasfutofolia.hu\/wp-content\/uploads\/2025\/03\/1-1.png\",\"width\":1080,\"height\":1080},{\"@type\":\"BreadcrumbList\",\"@id\":\"https:\/\/varjasfutofolia.hu\/termek\/infra-labmlegito-parna-25x50cm-termosztattal\/#breadcrumb\",\"itemListElement\":[{\"@type\":\"ListItem\",\"position\":1,\"name\":\"Kezd\u0151lap\",\"item\":\"https:\/\/varjasfutofolia.hu\/\"},{\"@type\":\"ListItem\",\"position\":2,\"name\":\"\u00dczlet\",\"item\":\"https:\/\/varjasfutofolia.hu\/uzlet\/\"},{\"@type\":\"ListItem\",\"position\":3,\"name\":\"Infra L\u00e1bmleg\u00edt\u0151 P\u00e1rna- 25x50cm- Termoszt\u00e1ttal\"}]},{\"@type\":\"WebSite\",\"@id\":\"https:\/\/varjasfutofolia.hu\/#website\",\"url\":\"https:\/\/varjasfutofolia.hu\/\",\"name\":\"Varjas F\u0171t\u0151f\u00f3lia\",\"description\":\"A Nap melege az \u00d6n otthon\u00e1ban\",\"potentialAction\":[{\"@type\":\"SearchAction\",\"target\":{\"@type\":\"EntryPoint\",\"urlTemplate\":\"https:\/\/varjasfutofolia.hu\/?s={search_term_string}\"},\"query-input\":{\"@type\":\"PropertyValueSpecification\",\"valueRequired\":true,\"valueName\":\"search_term_string\"}}],\"inLanguage\":\"en-US\"}]}<\/script>\n<!-- \/ Yoast SEO plugin. -->","yoast_head_json":{"title":"Infra L\u00e1bmleg\u00edt\u0151 P\u00e1rna- 25x50cm- Termoszt\u00e1ttal - Varjas F\u0171t\u0151f\u00f3lia","robots":{"index":"index","follow":"follow","max-snippet":"max-snippet:-1","max-image-preview":"max-image-preview:large","max-video-preview":"max-video-preview:-1"},"canonical":"https:\/\/varjasfutofolia.hu\/en\/termek\/infra-labmlegito-parna-25x50cm-termosztattal\/","og_locale":"en_US","og_type":"article","og_title":"Infra L\u00e1bmleg\u00edt\u0151 P\u00e1rna- 25x50cm- Termoszt\u00e1ttal - Varjas F\u0171t\u0151f\u00f3lia","og_description":"A hideg id\u0151szakokban k\u00fcl\u00f6n\u00f6sen fontos, hogy melegen tartsuk magunkat, \u00e9s k\u00e9nyelmes pihen\u0151helyet alak\u00edtsunk ki otthonunkban. A meleg\u00edt\u0151 p\u00e1rna kiv\u00e1l\u00f3 megold\u00e1st k\u00edn\u00e1l a f\u00e1radt izmok \u00e9s a hideg elleni v\u00e9dekez\u00e9sre. A p\u00e1rna belsej\u00e9ben elhelyezett f\u0171t\u0151f\u00f3lia a termoszt\u00e1t seg\u00edts\u00e9g\u00e9vel szab\u00e1lyozhat\u00f3, \u00edgy mindig a megfelel\u0151 h\u0151m\u00e9rs\u00e9kletet biztos\u00edtja. A p\u00e1rna t\u00f6k\u00e9letes v\u00e1laszt\u00e1s, ha szeretn\u00e9nk melegben pihenni, olvasni, vagy \u00e9ppen laz\u00edtani egy hossz\u00fa nap ut\u00e1n.  A temr\u00e9k az Intelligens termoszt\u00e1ttal egy\u00fctt csomagban kedvezm\u00e9nyesen megv\u00e1s\u00e1rolhat\u00f3!  10 darab rendel\u00e9se felett a term\u00e9k egyedi mint\u00e1val k\u00e9rhet\u0151","og_url":"https:\/\/varjasfutofolia.hu\/en\/termek\/infra-labmlegito-parna-25x50cm-termosztattal\/","og_site_name":"Varjas F\u0171t\u0151f\u00f3lia","article_modified_time":"2025-03-02T21:35:44+00:00","twitter_card":"summary_large_image","twitter_misc":{"Est. reading time":"3 minutes"},"schema":{"@context":"https:\/\/schema.org","@graph":[{"@type":"WebPage","@id":"https:\/\/varjasfutofolia.hu\/termek\/infra-labmlegito-parna-25x50cm-termosztattal\/","url":"https:\/\/varjasfutofolia.hu\/termek\/infra-labmlegito-parna-25x50cm-termosztattal\/","name":"Infra L\u00e1bmleg\u00edt\u0151 P\u00e1rna- 25x50cm- Termoszt\u00e1ttal - Varjas F\u0171t\u0151f\u00f3lia","isPartOf":{"@id":"https:\/\/varjasfutofolia.hu\/#website"},"primaryImageOfPage":{"@id":"https:\/\/varjasfutofolia.hu\/termek\/infra-labmlegito-parna-25x50cm-termosztattal\/#primaryimage"},"image":{"@id":"https:\/\/varjasfutofolia.hu\/termek\/infra-labmlegito-parna-25x50cm-termosztattal\/#primaryimage"},"thumbnailUrl":"https:\/\/varjasfutofolia.hu\/wp-content\/uploads\/2025\/03\/1-1.png","datePublished":"2025-03-02T21:33:11+00:00","dateModified":"2025-03-02T21:35:44+00:00","breadcrumb":{"@id":"https:\/\/varjasfutofolia.hu\/termek\/infra-labmlegito-parna-25x50cm-termosztattal\/#breadcrumb"},"inLanguage":"en-US","potentialAction":[{"@type":"ReadAction","target":["https:\/\/varjasfutofolia.hu\/termek\/infra-labmlegito-parna-25x50cm-termosztattal\/"]}]},{"@type":"ImageObject","inLanguage":"en-US","@id":"https:\/\/varjasfutofolia.hu\/termek\/infra-labmlegito-parna-25x50cm-termosztattal\/#primaryimage","url":"https:\/\/varjasfutofolia.hu\/wp-content\/uploads\/2025\/03\/1-1.png","contentUrl":"https:\/\/varjasfutofolia.hu\/wp-content\/uploads\/2025\/03\/1-1.png","width":1080,"height":1080},{"@type":"BreadcrumbList","@id":"https:\/\/varjasfutofolia.hu\/termek\/infra-labmlegito-parna-25x50cm-termosztattal\/#breadcrumb","itemListElement":[{"@type":"ListItem","position":1,"name":"Kezd\u0151lap","item":"https:\/\/varjasfutofolia.hu\/"},{"@type":"ListItem","position":2,"name":"\u00dczlet","item":"https:\/\/varjasfutofolia.hu\/uzlet\/"},{"@type":"ListItem","position":3,"name":"Infra L\u00e1bmleg\u00edt\u0151 P\u00e1rna- 25x50cm- Termoszt\u00e1ttal"}]},{"@type":"WebSite","@id":"https:\/\/varjasfutofolia.hu\/#website","url":"https:\/\/varjasfutofolia.hu\/","name":"Varjas F\u0171t\u0151f\u00f3lia","description":"A Nap melege az \u00d6n otthon\u00e1ban","potentialAction":[{"@type":"SearchAction","target":{"@type":"EntryPoint","urlTemplate":"https:\/\/varjasfutofolia.hu\/?s={search_term_string}"},"query-input":{"@type":"PropertyValueSpecification","valueRequired":true,"valueName":"search_term_string"}}],"inLanguage":"en-US"}]}},"_links":{"self":[{"href":"https:\/\/varjasfutofolia.hu\/en\/wp-json\/wp\/v2\/product\/9932073","targetHints":{"allow":["GET"]}}],"collection":[{"href":"https:\/\/varjasfutofolia.hu\/en\/wp-json\/wp\/v2\/product"}],"about":[{"href":"https:\/\/varjasfutofolia.hu\/en\/wp-json\/wp\/v2\/types\/product"}],"replies":[{"embeddable":true,"href":"https:\/\/varjasfutofolia.hu\/en\/wp-json\/wp\/v2\/comments?post=9932073"}],"wp:featuredmedia":[{"embeddable":true,"href":"https:\/\/varjasfutofolia.hu\/en\/wp-json\/wp\/v2\/media\/9932091"}],"wp:attachment":[{"href":"https:\/\/varjasfutofolia.hu\/en\/wp-json\/wp\/v2\/media?parent=9932073"}],"wp:term":[{"taxonomy":"product_brand","embeddable":true,"href":"https:\/\/varjasfutofolia.hu\/en\/wp-json\/wp\/v2\/product_brand?post=9932073"},{"taxonomy":"product_cat","embeddable":true,"href":"https:\/\/varjasfutofolia.hu\/en\/wp-json\/wp\/v2\/product_cat?post=9932073"},{"taxonomy":"product_tag","embeddable":true,"href":"https:\/\/varjasfutofolia.hu\/en\/wp-json\/wp\/v2\/product_tag?post=9932073"}],"curies":[{"name":"wp","href":"https:\/\/api.w.org\/{rel}","templated":true}]}}