{"id":9932064,"date":"2025-03-02T22:33:04","date_gmt":"2025-03-02T21:33:04","guid":{"rendered":"https:\/\/varjasfutofolia.hu\/?post_type=product&#038;p=9932064"},"modified":"2025-03-02T22:33:48","modified_gmt":"2025-03-02T21:33:48","slug":"intelligens-termosztat-homerseklet-szabalyozo-kapcsolo","status":"publish","type":"product","link":"https:\/\/varjasfutofolia.hu\/en\/termek\/intelligens-termosztat-homerseklet-szabalyozo-kapcsolo\/","title":{"rendered":"Intelligens termoszt\u00e1t, h\u0151m\u00e9rs\u00e9klet-szab\u00e1lyoz\u00f3 kapcsol\u00f3"},"content":{"rendered":"<h3>Nagy Pontoss\u00e1g\u00fa Intelligens Termoszt\u00e1t \u2013 A T\u00f6k\u00e9letes H\u0151m\u00e9rs\u00e9klet-szab\u00e1lyoz\u00e1s\u00e9rt<\/h3>\n<p>Az intelligens termoszt\u00e1tok napjainkban elengedhetetlen eszk\u00f6z\u00f6kk\u00e9 v\u00e1ltak mind az otthoni, mind az ipari h\u0151m\u00e9rs\u00e9klet-szab\u00e1lyoz\u00e1s ter\u00e9n. Az EU csatlakoz\u00f3val ell\u00e1tott, mikroprocesszoros vez\u00e9rl\u00e9s\u0171 termoszt\u00e1t k\u00fcl\u00f6n\u00f6sen n\u00e9pszer\u0171 a prec\u00edz \u00e9s megb\u00edzhat\u00f3 m\u0171k\u00f6d\u00e9se miatt. Ezek az eszk\u00f6z\u00f6k nemcsak a lak\u00f3terek komfortj\u00e1t n\u00f6velik, hanem speci\u00e1lis alkalmaz\u00e1sokban is kiv\u00e1l\u00f3an teljes\u00edtenek, p\u00e9ld\u00e1ul a kutyah\u00e1zak f\u0171t\u00e9si rendszereiben.<\/p>\n<hr \/>\n<h3>Prec\u00edz H\u0151m\u00e9rs\u00e9klet-szab\u00e1lyoz\u00e1s<\/h3>\n<p>A nagy pontoss\u00e1g\u00fa intelligens termoszt\u00e1tok mikroprocesszoros vez\u00e9rl\u00e9se lehet\u0151v\u00e9 teszi a h\u0151m\u00e9rs\u00e9klet finomhangol\u00e1s\u00e1t, biztos\u00edtva ezzel az optim\u00e1lis komfort\u00e9rzetet \u00e9s energiahat\u00e9konys\u00e1got. Az EU szabv\u00e1ny szerinti csatlakoz\u00f3val rendelkez\u0151 modellek k\u00f6nnyed\u00e9n integr\u00e1lhat\u00f3k a megl\u00e9v\u0151 elektromos h\u00e1l\u00f3zatokba, \u00edgy sz\u00e9les k\u00f6rben alkalmazhat\u00f3k k\u00fcl\u00f6nb\u00f6z\u0151 f\u0171t\u00e9si rendszerekben.<\/p>\n<hr \/>\n<h3>Kutyah\u00e1z F\u0171t\u00e9si Rendszerek<\/h3>\n<p>A hideg h\u00f3napokban k\u00fcl\u00f6n\u00f6sen fontos, hogy kedvenceink sz\u00e1m\u00e1ra is biztos\u00edtsuk a megfelel\u0151 h\u0151m\u00e9rs\u00e9kletet. A kutyah\u00e1zak f\u0171t\u00e9si rendszereihez elengedhetetlen egy megb\u00edzhat\u00f3 termoszt\u00e1t, amely folyamatosan fenntartja az ide\u00e1lis h\u0151m\u00e9rs\u00e9kletet, meg\u00f3vva ezzel a kuty\u00e1kat a hideg okozta eg\u00e9szs\u00e9g\u00fcgyi probl\u00e9m\u00e1kt\u00f3l. Az intelligens termoszt\u00e1tok automatikusan szab\u00e1lyozz\u00e1k a f\u0171t\u00e9st, \u00edgy a kutyah\u00e1z mindig kellemesen meleg marad.<\/p>\n<p>A <a href=\"https:\/\/www.futofolia.hu\" target=\"_new\" rel=\"noopener\">F\u0171t\u0151f\u00f3lia.hu<\/a> k\u00edn\u00e1lat\u00e1ban t\u00f6bbf\u00e9le kutyah\u00e1z f\u0171t\u00e9si megold\u00e1s tal\u00e1lhat\u00f3, amelyek t\u00f6k\u00e9letesen kombin\u00e1lhat\u00f3k intelligens termoszt\u00e1tokkal a maxim\u00e1lis k\u00e9nyelem \u00e9s biztons\u00e1g \u00e9rdek\u00e9ben. P\u00e9ld\u00e1ul a <a href=\"https:\/\/www.futofolia.hu\/product-category\/kutyahaz-futes\/\" target=\"_new\" rel=\"noopener\">kutyah\u00e1z f\u0171t\u0151f\u00f3lia csomag<\/a> ide\u00e1lis v\u00e1laszt\u00e1s lehet a megfelel\u0151 h\u0151m\u00e9rs\u00e9klet biztos\u00edt\u00e1s\u00e1ra.<\/p>\n<hr \/>\n<h3>Sokoldal\u00fa Alkalmaz\u00e1si Lehet\u0151s\u00e9gek<\/h3>\n<p>Az intelligens termoszt\u00e1tok nemcsak a kutyah\u00e1zakban, hanem sz\u00e1mos m\u00e1s ter\u00fcleten is alkalmazhat\u00f3k. Legyen sz\u00f3 padl\u00f3f\u0171t\u00e9sr\u0151l, mennyezetf\u0171t\u00e9sr\u0151l vagy ak\u00e1r ipari k\u00f6rnyezetekr\u0151l, ezek az eszk\u00f6z\u00f6k mindenhol biztos\u00edtj\u00e1k a k\u00edv\u00e1nt h\u0151m\u00e9rs\u00e9kletet. A <a href=\"https:\/\/www.futofolia.hu\" target=\"_new\" rel=\"noopener\">F\u0171t\u0151f\u00f3lia.hu<\/a> weboldalon tov\u00e1bbi inform\u00e1ci\u00f3k tal\u00e1lhat\u00f3k a k\u00fcl\u00f6nb\u00f6z\u0151 f\u0171t\u00e9si rendszerekr\u0151l \u00e9s azok vez\u00e9rl\u00e9s\u00e9r\u0151l.<\/p>\n<hr \/>\n<h3>Energiatakar\u00e9koss\u00e1g \u00e9s K\u00f6rnyezetv\u00e9delem<\/h3>\n<p>Az intelligens termoszt\u00e1tok haszn\u00e1lat\u00e1val nemcsak a komfort\u00e9rzet n\u00f6velhet\u0151, hanem jelent\u0151s energia-megtakar\u00edt\u00e1s is el\u00e9rhet\u0151. A pontos h\u0151m\u00e9rs\u00e9klet-szab\u00e1lyoz\u00e1s r\u00e9v\u00e9n elker\u00fclhet\u0151 a felesleges energiafelhaszn\u00e1l\u00e1s, ami nemcsak a p\u00e9nzt\u00e1rc\u00e1t k\u00edm\u00e9li, hanem a k\u00f6rnyezetet is. A <a href=\"https:\/\/www.futofolia.hu\" target=\"_new\" rel=\"noopener\">F\u0171t\u0151f\u00f3lia.hu<\/a> term\u00e9kei k\u00f6z\u00f6tt sz\u00e1mos energiatakar\u00e9kos megold\u00e1s tal\u00e1lhat\u00f3, amelyek hozz\u00e1j\u00e1rulnak a fenntarthat\u00f3 j\u00f6v\u0151h\u00f6z.<\/p>\n<hr \/>\n<h3>Inteligens Termoszt\u00e1t- Mi\u00e9rt v\u00e1lassza?<\/h3>\n<ul>\n<li><strong>Prec\u00edz h\u0151m\u00e9rs\u00e9klet-szab\u00e1lyoz\u00e1s<\/strong>: A mikroprocesszoros vez\u00e9rl\u00e9s biztos\u00edtja a pontos h\u0151m\u00e9rs\u00e9klet-be\u00e1ll\u00edt\u00e1st.<\/li>\n<li><strong>Sokoldal\u00fa felhaszn\u00e1l\u00e1s<\/strong>: Alkalmas otthoni \u00e9s ipari k\u00f6rnyezetben egyar\u00e1nt.<\/li>\n<li><strong>Energiatakar\u00e9kos m\u0171k\u00f6d\u00e9s<\/strong>: Cs\u00f6kkenti az energiafogyaszt\u00e1st \u00e9s a k\u00f6lts\u00e9geket.<\/li>\n<li><strong>Kutyah\u00e1z f\u0171t\u00e9si rendszerekhez ide\u00e1lis<\/strong>: Biztos\u00edtja kedvence sz\u00e1m\u00e1ra a megfelel\u0151 h\u0151m\u00e9rs\u00e9kletet.<\/li>\n<\/ul>\n<p>Az intelligens termoszt\u00e1tok teh\u00e1t n\u00e9lk\u00fcl\u00f6zhetetlen eszk\u00f6z\u00f6k a modern f\u0171t\u00e9si rendszerekben, legyen sz\u00f3 lak\u00f3terekr\u0151l, ipari l\u00e9tes\u00edtm\u00e9nyekr\u0151l vagy ak\u00e1r kedvenceink otthon\u00e1r\u00f3l. A <a href=\"https:\/\/www.futofolia.hu\" target=\"_new\" rel=\"noopener\">F\u0171t\u0151f\u00f3lia.hu<\/a> sz\u00e9les term\u00e9kk\u00edn\u00e1lat\u00e1ban mindenki megtal\u00e1lhatja a sz\u00e1m\u00e1ra legmegfelel\u0151bb megold\u00e1st.<\/p>\n","protected":false},"excerpt":{"rendered":"<p><strong>F\u0151bb jellemz\u0151k:<\/strong><\/p>\n<ul>\n<li><strong>T\u00edpus:<\/strong> H\u0151m\u00e9rs\u00e9klet kapcsol\u00f3<\/li>\n<li><strong>Intelligens funkci\u00f3:<\/strong> Nem<\/li>\n<li><strong>IP v\u00e9detts\u00e9gi szint:<\/strong> IP20<\/li>\n<li><strong>Anyag:<\/strong> L\u00e1ng\u00e1ll\u00f3 PC<\/li>\n<li><strong>Garancia:<\/strong> 18 h\u00f3nap<\/li>\n<li><strong>Akkumul\u00e1tor:<\/strong> Cser\u00e9lhet\u0151 tartal\u00e9k akkumul\u00e1torral<\/li>\n<li><strong>Tan\u00fas\u00edtv\u00e1nyok:<\/strong> CE, RoH<\/li>\n<\/ul>\n","protected":false},"featured_media":9932078,"comment_status":"open","ping_status":"closed","template":"","meta":{"_et_pb_use_builder":"","_et_pb_old_content":"","_et_gb_content_width":""},"product_brand":[],"product_cat":[329,29],"product_tag":[],"class_list":{"0":"post-9932064","1":"product","2":"type-product","3":"status-publish","4":"has-post-thumbnail","6":"product_cat-infra-melegito-parna","7":"product_cat-termosztat","9":"first","10":"instock","11":"taxable","12":"shipping-taxable","13":"purchasable","14":"product-type-simple"},"yoast_head":"<!-- This site is optimized with the Yoast SEO plugin v26.0 - https:\/\/yoast.com\/wordpress\/plugins\/seo\/ -->\n<title>Intelligens termoszt\u00e1t, h\u0151m\u00e9rs\u00e9klet-szab\u00e1lyoz\u00f3 kapcsol\u00f3 - Varjas F\u0171t\u0151f\u00f3lia<\/title>\n<meta name=\"robots\" content=\"index, follow, max-snippet:-1, max-image-preview:large, max-video-preview:-1\" \/>\n<link rel=\"canonical\" href=\"https:\/\/varjasfutofolia.hu\/en\/termek\/intelligens-termosztat-homerseklet-szabalyozo-kapcsolo\/\" \/>\n<meta property=\"og:locale\" content=\"en_US\" \/>\n<meta property=\"og:locale:alternate\" content=\"hu_HU\" \/>\n<meta property=\"og:locale:alternate\" content=\"de_DE\" \/>\n<meta property=\"og:type\" content=\"article\" \/>\n<meta property=\"og:title\" content=\"Intelligens termoszt\u00e1t, h\u0151m\u00e9rs\u00e9klet-szab\u00e1lyoz\u00f3 kapcsol\u00f3 - Varjas F\u0171t\u0151f\u00f3lia\" \/>\n<meta property=\"og:description\" content=\"F\u0151bb jellemz\u0151k:   T\u00edpus: H\u0151m\u00e9rs\u00e9klet kapcsol\u00f3  Intelligens funkci\u00f3: Nem  IP v\u00e9detts\u00e9gi szint: IP20  Anyag: L\u00e1ng\u00e1ll\u00f3 PC  Garancia: 18 h\u00f3nap  Akkumul\u00e1tor: Cser\u00e9lhet\u0151 tartal\u00e9k akkumul\u00e1torral  Tan\u00fas\u00edtv\u00e1nyok: CE, RoH\" \/>\n<meta property=\"og:url\" content=\"https:\/\/varjasfutofolia.hu\/en\/termek\/intelligens-termosztat-homerseklet-szabalyozo-kapcsolo\/\" \/>\n<meta property=\"og:site_name\" content=\"Varjas F\u0171t\u0151f\u00f3lia\" \/>\n<meta property=\"article:modified_time\" content=\"2025-03-02T21:33:48+00:00\" \/>\n<meta name=\"twitter:card\" content=\"summary_large_image\" \/>\n<meta name=\"twitter:label1\" content=\"Est. reading time\" \/>\n\t<meta name=\"twitter:data1\" content=\"3 minutes\" \/>\n<script type=\"application\/ld+json\" class=\"yoast-schema-graph\">{\"@context\":\"https:\/\/schema.org\",\"@graph\":[{\"@type\":\"WebPage\",\"@id\":\"https:\/\/varjasfutofolia.hu\/termek\/intelligens-termosztat-homerseklet-szabalyozo-kapcsolo\/\",\"url\":\"https:\/\/varjasfutofolia.hu\/termek\/intelligens-termosztat-homerseklet-szabalyozo-kapcsolo\/\",\"name\":\"Intelligens termoszt\u00e1t, h\u0151m\u00e9rs\u00e9klet-szab\u00e1lyoz\u00f3 kapcsol\u00f3 - Varjas F\u0171t\u0151f\u00f3lia\",\"isPartOf\":{\"@id\":\"https:\/\/varjasfutofolia.hu\/#website\"},\"primaryImageOfPage\":{\"@id\":\"https:\/\/varjasfutofolia.hu\/termek\/intelligens-termosztat-homerseklet-szabalyozo-kapcsolo\/#primaryimage\"},\"image\":{\"@id\":\"https:\/\/varjasfutofolia.hu\/termek\/intelligens-termosztat-homerseklet-szabalyozo-kapcsolo\/#primaryimage\"},\"thumbnailUrl\":\"https:\/\/varjasfutofolia.hu\/wp-content\/uploads\/2025\/03\/Nevtelen-terv.png\",\"datePublished\":\"2025-03-02T21:33:04+00:00\",\"dateModified\":\"2025-03-02T21:33:48+00:00\",\"breadcrumb\":{\"@id\":\"https:\/\/varjasfutofolia.hu\/termek\/intelligens-termosztat-homerseklet-szabalyozo-kapcsolo\/#breadcrumb\"},\"inLanguage\":\"en-US\",\"potentialAction\":[{\"@type\":\"ReadAction\",\"target\":[\"https:\/\/varjasfutofolia.hu\/termek\/intelligens-termosztat-homerseklet-szabalyozo-kapcsolo\/\"]}]},{\"@type\":\"ImageObject\",\"inLanguage\":\"en-US\",\"@id\":\"https:\/\/varjasfutofolia.hu\/termek\/intelligens-termosztat-homerseklet-szabalyozo-kapcsolo\/#primaryimage\",\"url\":\"https:\/\/varjasfutofolia.hu\/wp-content\/uploads\/2025\/03\/Nevtelen-terv.png\",\"contentUrl\":\"https:\/\/varjasfutofolia.hu\/wp-content\/uploads\/2025\/03\/Nevtelen-terv.png\",\"width\":1080,\"height\":1080},{\"@type\":\"BreadcrumbList\",\"@id\":\"https:\/\/varjasfutofolia.hu\/termek\/intelligens-termosztat-homerseklet-szabalyozo-kapcsolo\/#breadcrumb\",\"itemListElement\":[{\"@type\":\"ListItem\",\"position\":1,\"name\":\"Kezd\u0151lap\",\"item\":\"https:\/\/varjasfutofolia.hu\/\"},{\"@type\":\"ListItem\",\"position\":2,\"name\":\"\u00dczlet\",\"item\":\"https:\/\/varjasfutofolia.hu\/uzlet\/\"},{\"@type\":\"ListItem\",\"position\":3,\"name\":\"Intelligens termoszt\u00e1t, h\u0151m\u00e9rs\u00e9klet-szab\u00e1lyoz\u00f3 kapcsol\u00f3\"}]},{\"@type\":\"WebSite\",\"@id\":\"https:\/\/varjasfutofolia.hu\/#website\",\"url\":\"https:\/\/varjasfutofolia.hu\/\",\"name\":\"Varjas F\u0171t\u0151f\u00f3lia\",\"description\":\"A Nap melege az \u00d6n otthon\u00e1ban\",\"potentialAction\":[{\"@type\":\"SearchAction\",\"target\":{\"@type\":\"EntryPoint\",\"urlTemplate\":\"https:\/\/varjasfutofolia.hu\/?s={search_term_string}\"},\"query-input\":{\"@type\":\"PropertyValueSpecification\",\"valueRequired\":true,\"valueName\":\"search_term_string\"}}],\"inLanguage\":\"en-US\"}]}<\/script>\n<!-- \/ Yoast SEO plugin. -->","yoast_head_json":{"title":"Intelligens termoszt\u00e1t, h\u0151m\u00e9rs\u00e9klet-szab\u00e1lyoz\u00f3 kapcsol\u00f3 - Varjas F\u0171t\u0151f\u00f3lia","robots":{"index":"index","follow":"follow","max-snippet":"max-snippet:-1","max-image-preview":"max-image-preview:large","max-video-preview":"max-video-preview:-1"},"canonical":"https:\/\/varjasfutofolia.hu\/en\/termek\/intelligens-termosztat-homerseklet-szabalyozo-kapcsolo\/","og_locale":"en_US","og_type":"article","og_title":"Intelligens termoszt\u00e1t, h\u0151m\u00e9rs\u00e9klet-szab\u00e1lyoz\u00f3 kapcsol\u00f3 - Varjas F\u0171t\u0151f\u00f3lia","og_description":"F\u0151bb jellemz\u0151k:   T\u00edpus: H\u0151m\u00e9rs\u00e9klet kapcsol\u00f3  Intelligens funkci\u00f3: Nem  IP v\u00e9detts\u00e9gi szint: IP20  Anyag: L\u00e1ng\u00e1ll\u00f3 PC  Garancia: 18 h\u00f3nap  Akkumul\u00e1tor: Cser\u00e9lhet\u0151 tartal\u00e9k akkumul\u00e1torral  Tan\u00fas\u00edtv\u00e1nyok: CE, RoH","og_url":"https:\/\/varjasfutofolia.hu\/en\/termek\/intelligens-termosztat-homerseklet-szabalyozo-kapcsolo\/","og_site_name":"Varjas F\u0171t\u0151f\u00f3lia","article_modified_time":"2025-03-02T21:33:48+00:00","twitter_card":"summary_large_image","twitter_misc":{"Est. reading time":"3 minutes"},"schema":{"@context":"https:\/\/schema.org","@graph":[{"@type":"WebPage","@id":"https:\/\/varjasfutofolia.hu\/termek\/intelligens-termosztat-homerseklet-szabalyozo-kapcsolo\/","url":"https:\/\/varjasfutofolia.hu\/termek\/intelligens-termosztat-homerseklet-szabalyozo-kapcsolo\/","name":"Intelligens termoszt\u00e1t, h\u0151m\u00e9rs\u00e9klet-szab\u00e1lyoz\u00f3 kapcsol\u00f3 - Varjas F\u0171t\u0151f\u00f3lia","isPartOf":{"@id":"https:\/\/varjasfutofolia.hu\/#website"},"primaryImageOfPage":{"@id":"https:\/\/varjasfutofolia.hu\/termek\/intelligens-termosztat-homerseklet-szabalyozo-kapcsolo\/#primaryimage"},"image":{"@id":"https:\/\/varjasfutofolia.hu\/termek\/intelligens-termosztat-homerseklet-szabalyozo-kapcsolo\/#primaryimage"},"thumbnailUrl":"https:\/\/varjasfutofolia.hu\/wp-content\/uploads\/2025\/03\/Nevtelen-terv.png","datePublished":"2025-03-02T21:33:04+00:00","dateModified":"2025-03-02T21:33:48+00:00","breadcrumb":{"@id":"https:\/\/varjasfutofolia.hu\/termek\/intelligens-termosztat-homerseklet-szabalyozo-kapcsolo\/#breadcrumb"},"inLanguage":"en-US","potentialAction":[{"@type":"ReadAction","target":["https:\/\/varjasfutofolia.hu\/termek\/intelligens-termosztat-homerseklet-szabalyozo-kapcsolo\/"]}]},{"@type":"ImageObject","inLanguage":"en-US","@id":"https:\/\/varjasfutofolia.hu\/termek\/intelligens-termosztat-homerseklet-szabalyozo-kapcsolo\/#primaryimage","url":"https:\/\/varjasfutofolia.hu\/wp-content\/uploads\/2025\/03\/Nevtelen-terv.png","contentUrl":"https:\/\/varjasfutofolia.hu\/wp-content\/uploads\/2025\/03\/Nevtelen-terv.png","width":1080,"height":1080},{"@type":"BreadcrumbList","@id":"https:\/\/varjasfutofolia.hu\/termek\/intelligens-termosztat-homerseklet-szabalyozo-kapcsolo\/#breadcrumb","itemListElement":[{"@type":"ListItem","position":1,"name":"Kezd\u0151lap","item":"https:\/\/varjasfutofolia.hu\/"},{"@type":"ListItem","position":2,"name":"\u00dczlet","item":"https:\/\/varjasfutofolia.hu\/uzlet\/"},{"@type":"ListItem","position":3,"name":"Intelligens termoszt\u00e1t, h\u0151m\u00e9rs\u00e9klet-szab\u00e1lyoz\u00f3 kapcsol\u00f3"}]},{"@type":"WebSite","@id":"https:\/\/varjasfutofolia.hu\/#website","url":"https:\/\/varjasfutofolia.hu\/","name":"Varjas F\u0171t\u0151f\u00f3lia","description":"A Nap melege az \u00d6n otthon\u00e1ban","potentialAction":[{"@type":"SearchAction","target":{"@type":"EntryPoint","urlTemplate":"https:\/\/varjasfutofolia.hu\/?s={search_term_string}"},"query-input":{"@type":"PropertyValueSpecification","valueRequired":true,"valueName":"search_term_string"}}],"inLanguage":"en-US"}]}},"_links":{"self":[{"href":"https:\/\/varjasfutofolia.hu\/en\/wp-json\/wp\/v2\/product\/9932064","targetHints":{"allow":["GET"]}}],"collection":[{"href":"https:\/\/varjasfutofolia.hu\/en\/wp-json\/wp\/v2\/product"}],"about":[{"href":"https:\/\/varjasfutofolia.hu\/en\/wp-json\/wp\/v2\/types\/product"}],"replies":[{"embeddable":true,"href":"https:\/\/varjasfutofolia.hu\/en\/wp-json\/wp\/v2\/comments?post=9932064"}],"wp:featuredmedia":[{"embeddable":true,"href":"https:\/\/varjasfutofolia.hu\/en\/wp-json\/wp\/v2\/media\/9932078"}],"wp:attachment":[{"href":"https:\/\/varjasfutofolia.hu\/en\/wp-json\/wp\/v2\/media?parent=9932064"}],"wp:term":[{"taxonomy":"product_brand","embeddable":true,"href":"https:\/\/varjasfutofolia.hu\/en\/wp-json\/wp\/v2\/product_brand?post=9932064"},{"taxonomy":"product_cat","embeddable":true,"href":"https:\/\/varjasfutofolia.hu\/en\/wp-json\/wp\/v2\/product_cat?post=9932064"},{"taxonomy":"product_tag","embeddable":true,"href":"https:\/\/varjasfutofolia.hu\/en\/wp-json\/wp\/v2\/product_tag?post=9932064"}],"curies":[{"name":"wp","href":"https:\/\/api.w.org\/{rel}","templated":true}]}}