{"id":9931994,"date":"2024-12-02T00:03:51","date_gmt":"2024-12-01T23:03:51","guid":{"rendered":"https:\/\/varjasfutofolia.hu\/?post_type=product&#038;p=9931994"},"modified":"2025-03-02T22:22:21","modified_gmt":"2025-03-02T21:22:21","slug":"uveg-infra-sugarzo-teraszfutes-ir-2000w","status":"publish","type":"product","link":"https:\/\/varjasfutofolia.hu\/en\/termek\/uveg-infra-sugarzo-teraszfutes-ir-2000w\/","title":{"rendered":"\u00dcveg infra sug\u00e1rz\u00f3 teraszf\u0171t\u00e9s IR- 2000W"},"content":{"rendered":"<p>Az \u00dcveg Infra Sug\u00e1rz\u00f3 Teraszf\u0171t\u00e9s IR-2000W egy modern \u00e9s praktikus f\u0171t\u00e9si megold\u00e1s, amely k\u00fcl\u00f6n\u00f6sen <a href=\"https:\/\/www.futofolia.hu\/teraszfutes-elvezzuk-otthonunk-minden-reszet-telen-nyaron\/\">k\u00fclt\u00e9ri<\/a> teraszok, erk\u00e9lyek, verand\u00e1k \u00e9s m\u00e1s hasonl\u00f3 helyek f\u0171t\u00e9s\u00e9re ide\u00e1lis. Az infrav\u00f6r\u00f6s technol\u00f3gia el\u0151nye, hogy k\u00f6zvetlen\u00fcl a t\u00e1rgyakat \u00e9s az embereket meleg\u00edti fel, nem pedig a leveg\u0151t, \u00edgy a h\u0151\u00e9rzet gyorsabban \u00e9s hat\u00e9konyabban el\u00e9rhet\u0151, m\u00e9g akkor is, ha a k\u00f6rnyezeti h\u0151m\u00e9rs\u00e9klet alacsony. Ez k\u00fcl\u00f6n\u00f6sen el\u0151ny\u00f6s t\u00e9li id\u0151szakban, amikor a hagyom\u00e1nyos f\u0171t\u00e9si m\u00f3dszerek nehezen biztos\u00edtanak el\u00e9g meleget ny\u00edlt ter\u00fcleteken.<\/p>\n<h3>Teljes\u00edtm\u00e9ny<\/h3>\n<p>A teraszf\u0171t\u0151 2000 watt teljes\u00edtm\u00e9nnyel m\u0171k\u00f6dik, \u00e9s 230V-os h\u00e1l\u00f3zatr\u00f3l \u00fczemel, \u00edgy szabv\u00e1nyos elektromos csatlakoz\u00e1ssal is haszn\u00e1lhat\u00f3. A k\u00e9sz\u00fcl\u00e9k 400-550 \u00b0C-os m\u0171k\u00f6d\u00e9si h\u0151m\u00e9rs\u00e9kleten \u00fczemel, ami elegend\u0151 ahhoz, hogy egy viszonylag nagyobb k\u00fclt\u00e9ri ter\u00fcletet is hat\u00e9konyan felmeleg\u00edtsen. Az IP65-\u00f6s v\u00e9detts\u00e9gi besorol\u00e1s k\u00fcl\u00f6n\u00f6sen fontos t\u00e9nyez\u0151je ennek az eszk\u00f6znek, mivel azt jelenti, hogy por- \u00e9s v\u00edz\u00e1ll\u00f3. Ez lehet\u0151v\u00e9 teszi, hogy szabadban is b\u00e1tran haszn\u00e1ljuk es\u0151s vagy p\u00e1r\u00e1s id\u0151ben an\u00e9lk\u00fcl, hogy k\u00e1rosod\u00e1st\u00f3l kellene tartanunk\u200b.<\/p>\n<h3>Infrasugarak el\u0151nyei<\/h3>\n<p>Az infrav\u00f6r\u00f6s sug\u00e1rz\u00f3knak az az el\u0151nye is megvan, hogy a napsugarakhoz hasonl\u00f3an m\u0171k\u00f6dnek, teh\u00e1t a sug\u00e1rz\u00f3 h\u0151 k\u00f6zvetlen\u00fcl a testeket \u00e9s t\u00e1rgyakat meleg\u00edti fel, nem pedig a leveg\u0151t. Ez k\u00fcl\u00f6n\u00f6sen el\u0151ny\u00f6s olyan k\u00fclt\u00e9ri k\u00f6rnyezetben, ahol a h\u0151m\u00e9rs\u00e9klet gyorsan cs\u00f6kkenhet, de az emberek k\u00f6zvetlen h\u0151\u00e9rzetet akarnak fenntartani, p\u00e9ld\u00e1ul egy teraszon \u00fclve, ahol a sz\u00e9l gyorsan leh\u0171theti a leveg\u0151t. Az eszk\u00f6z falra vagy mennyezetre is szerelhet\u0151, ami tov\u00e1bbi k\u00e9nyelmi t\u00e9nyez\u0151t biztos\u00edt, hiszen nem foglal felesleges helyet, \u00e9s a h\u0151t ir\u00e1ny\u00edtottan sug\u00e1rozza a k\u00edv\u00e1nt ter\u00fcletre\u200b.<\/p>\n<h3>Teraszf\u0171t\u00e9s el\u0151nyei<\/h3>\n<p>Az \u00dcveg Infra Sug\u00e1rz\u00f3 Teraszf\u0171t\u00e9s IR-2000W haszn\u00e1lat\u00e1val meghosszabb\u00edthatjuk a szabadt\u00e9ri szezonokat, hiszen a hideg h\u00f3napokban is kellemes meleget biztos\u00edt. Ak\u00e1r bar\u00e1ti \u00f6sszej\u00f6veteleket, ak\u00e1r csal\u00e1di esem\u00e9nyeket is rendezhet\u00fcnk a szabadban an\u00e9lk\u00fcl, hogy a hideg id\u0151j\u00e1r\u00e1s korl\u00e1tozna minket. A k\u00e9sz\u00fcl\u00e9k fekete sz\u00edn\u0171, modern diz\u00e1jnj\u00e1val j\u00f3l illeszkedik k\u00fcl\u00f6nb\u00f6z\u0151 k\u00fclt\u00e9ri terek st\u00edlus\u00e1hoz. A praktikus programozhat\u00f3s\u00e1g, id\u0151z\u00edt\u0151 \u00e9s t\u00e1vir\u00e1ny\u00edt\u00f3 funkci\u00f3 tov\u00e1bbi k\u00e9nyelmet ny\u00fajt a felhaszn\u00e1l\u00f3knak, lehet\u0151v\u00e9 t\u00e9ve a f\u0171t\u00e9s k\u00f6nny\u0171 szab\u00e1lyoz\u00e1s\u00e1t\u200b.<\/p>\n<p>\u00d6sszess\u00e9g\u00e9ben, az \u00dcveg Infra Sug\u00e1rz\u00f3 Teraszf\u0171t\u00e9s IR-2000W ide\u00e1lis v\u00e1laszt\u00e1s mindazok sz\u00e1m\u00e1ra, akik k\u00e9nyelmes \u00e9s hat\u00e9kony f\u0171t\u00e9si megold\u00e1st keresnek k\u00fclt\u00e9ri ter\u00fcletekre. A k\u00e9sz\u00fcl\u00e9k k\u00f6nnyen kezelhet\u0151, energiatakar\u00e9kos, \u00e9s biztos\u00edtja a kellemes h\u0151\u00e9rzetet a hidegebb h\u00f3napokban is.<\/p>\n","protected":false},"excerpt":{"rendered":"<div class=\"data_tab_title\">Teraszf\u0171t\u00e9s Adatai<\/div>\n<div id=\"page_artdet_product_param_spec_2\">\n<table id=\"page_artdet_product_param_sepc_table\" style=\"height: 290px;\" border=\"0\" width=\"376\" cellspacing=\"0\" cellpadding=\"0\">\n<tbody>\n<tr id=\"page_artdet_product_param_spec_111566\" class=\"page_artdet_product_param_spec_item\" style=\"height: 29px;\">\n<td class=\"page_artdet_product_param_spec_title text_normal\" style=\"width: 178.516px; height: 29px;\">\n<div>T\u00edpus:<\/div>\n<\/td>\n<td class=\"page_artdet_product_param_spec_value text_normal\" style=\"width: 191.484px; height: 29px;\">\n<div>\u00fcveg, ifrasug\u00e1rz\u00f3<\/div>\n<\/td>\n<\/tr>\n<tr id=\"page_artdet_product_param_spec_111573\" class=\"page_artdet_product_param_spec_item\" style=\"height: 29px;\">\n<td class=\"page_artdet_product_param_spec_title text_normal\" style=\"width: 178.516px; height: 29px;\">\n<div>Felhaszn\u00e1l\u00e1s:<\/div>\n<\/td>\n<td class=\"page_artdet_product_param_spec_value text_normal\" style=\"width: 191.484px; height: 29px;\">\n<div>teraszf\u0171t\u00e9s<\/div>\n<\/td>\n<\/tr>\n<tr id=\"page_artdet_product_param_spec_110510\" class=\"page_artdet_product_param_spec_item\" style=\"height: 29px;\">\n<td class=\"page_artdet_product_param_spec_title text_normal\" style=\"width: 178.516px; height: 29px;\">Teljes\u00edtm\u00e9ny \/ Amper:<\/td>\n<td class=\"page_artdet_product_param_spec_value text_normal\" style=\"width: 191.484px; height: 29px;\">8.7 Amper<\/td>\n<\/tr>\n<tr id=\"page_artdet_product_param_spec_111537\" class=\"page_artdet_product_param_spec_item\" style=\"height: 29px;\">\n<td class=\"page_artdet_product_param_spec_title text_normal\" style=\"width: 178.516px; height: 29px;\">Teljes\u00edtm\u00e9ny \/ Watt:<\/td>\n<td class=\"page_artdet_product_param_spec_value text_normal\" style=\"width: 191.484px; height: 29px;\">2000 Watt<\/td>\n<\/tr>\n<tr id=\"page_artdet_product_param_spec_111543\" class=\"page_artdet_product_param_spec_item\" style=\"height: 29px;\">\n<td class=\"page_artdet_product_param_spec_title text_normal\" style=\"width: 178.516px; height: 29px;\">V\u00e9detts\u00e9g<\/td>\n<td class=\"page_artdet_product_param_spec_value text_normal\" style=\"width: 191.484px; height: 29px;\">IP65<\/td>\n<\/tr>\n<tr id=\"page_artdet_product_param_spec_111588\" class=\"page_artdet_product_param_spec_item\" style=\"height: 29px;\">\n<td class=\"page_artdet_product_param_spec_title text_normal\" style=\"width: 178.516px; height: 29px;\">M\u0171k\u00f6d\u00e9si h\u0151m\u00e9rs\u00e9klet<\/td>\n<td class=\"page_artdet_product_param_spec_value text_normal\" style=\"width: 191.484px; height: 29px;\">400-500 Celsius<\/td>\n<\/tr>\n<tr id=\"page_artdet_product_param_spec_111560\" class=\"page_artdet_product_param_spec_item\" style=\"height: 29px;\">\n<td class=\"page_artdet_product_param_spec_title text_normal\" style=\"width: 178.516px; height: 29px;\">\n<div>Fesz\u00fclts\u00e9g:<\/div>\n<\/td>\n<td class=\"page_artdet_product_param_spec_value text_normal\" style=\"width: 191.484px; height: 29px;\">\n<div>230 V<\/div>\n<\/td>\n<\/tr>\n<tr id=\"page_artdet_product_param_spec_109324\" class=\"page_artdet_product_param_spec_item\" style=\"height: 29px;\">\n<td class=\"page_artdet_product_param_spec_title text_normal\" style=\"width: 178.516px; height: 29px;\">Programozhat\u00f3<\/td>\n<td class=\"page_artdet_product_param_spec_value text_normal\" style=\"width: 191.484px; height: 29px;\">\n<div>nem, 4 fokozat, id\u0151z\u00edt\u0151<\/div>\n<\/td>\n<\/tr>\n<tr id=\"page_artdet_product_param_spec_111553\" class=\"page_artdet_product_param_spec_item\" style=\"height: 29px;\">\n<td class=\"page_artdet_product_param_spec_title text_normal\" style=\"width: 178.516px; height: 29px;\">Sz\u00edn<\/td>\n<td class=\"page_artdet_product_param_spec_value text_normal\" style=\"width: 191.484px; height: 29px;\">\n<div>fekete<\/div>\n<\/td>\n<\/tr>\n<\/tbody>\n<\/table>\n<\/div>\n<p>&nbsp;<\/p>\n","protected":false},"featured_media":9932054,"comment_status":"open","ping_status":"closed","template":"","meta":{"_et_pb_use_builder":"","_et_pb_old_content":"","_et_gb_content_width":""},"product_brand":[],"product_cat":[52],"product_tag":[306,33,307,308,309,310,311],"class_list":{"0":"post-9931994","1":"product","2":"type-product","3":"status-publish","4":"has-post-thumbnail","6":"product_cat-teraszfutes","7":"product_tag-infra","8":"product_tag-infrafutes","9":"product_tag-infrasugarzo","10":"product_tag-meleg","11":"product_tag-otthon","12":"product_tag-tel","13":"product_tag-teraszfutes","15":"first","16":"instock","17":"taxable","18":"shipping-taxable","19":"purchasable","20":"product-type-simple"},"yoast_head":"<!-- This site is optimized with the Yoast SEO plugin v26.0 - https:\/\/yoast.com\/wordpress\/plugins\/seo\/ -->\n<title>\u00dcveg infra sug\u00e1rz\u00f3 teraszf\u0171t\u00e9s IR- 2000W - Varjas F\u0171t\u0151f\u00f3lia<\/title>\n<meta name=\"robots\" content=\"index, follow, max-snippet:-1, max-image-preview:large, max-video-preview:-1\" \/>\n<link rel=\"canonical\" href=\"https:\/\/varjasfutofolia.hu\/en\/termek\/uveg-infra-sugarzo-teraszfutes-ir-2000w\/\" \/>\n<meta property=\"og:locale\" content=\"en_US\" \/>\n<meta property=\"og:locale:alternate\" content=\"hu_HU\" \/>\n<meta property=\"og:locale:alternate\" content=\"de_DE\" \/>\n<meta property=\"og:type\" content=\"article\" \/>\n<meta property=\"og:title\" content=\"\u00dcveg infra sug\u00e1rz\u00f3 teraszf\u0171t\u00e9s IR- 2000W - Varjas F\u0171t\u0151f\u00f3lia\" \/>\n<meta property=\"og:description\" content=\"Teraszf\u0171t\u00e9s Adatai      T\u00edpus:  \u00fcveg, ifrasug\u00e1rz\u00f3    Felhaszn\u00e1l\u00e1s:  teraszf\u0171t\u00e9s   Teljes\u00edtm\u00e9ny \/ Amper: 8.7 Amper   Teljes\u00edtm\u00e9ny \/ Watt: 2000 Watt   V\u00e9detts\u00e9g IP65   M\u0171k\u00f6d\u00e9si h\u0151m\u00e9rs\u00e9klet 400-500 Celsius    Fesz\u00fclts\u00e9g:  230 V   Programozhat\u00f3  nem, 4 fokozat, id\u0151z\u00edt\u0151   Sz\u00edn  fekete     &nbsp;\" \/>\n<meta property=\"og:url\" content=\"https:\/\/varjasfutofolia.hu\/en\/termek\/uveg-infra-sugarzo-teraszfutes-ir-2000w\/\" \/>\n<meta property=\"og:site_name\" content=\"Varjas F\u0171t\u0151f\u00f3lia\" \/>\n<meta property=\"article:modified_time\" content=\"2025-03-02T21:22:21+00:00\" \/>\n<meta name=\"twitter:card\" content=\"summary_large_image\" \/>\n<meta name=\"twitter:label1\" content=\"Est. reading time\" \/>\n\t<meta name=\"twitter:data1\" content=\"3 minutes\" \/>\n<script type=\"application\/ld+json\" class=\"yoast-schema-graph\">{\"@context\":\"https:\/\/schema.org\",\"@graph\":[{\"@type\":\"WebPage\",\"@id\":\"https:\/\/varjasfutofolia.hu\/termek\/uveg-infra-sugarzo-teraszfutes-ir-2000w\/\",\"url\":\"https:\/\/varjasfutofolia.hu\/termek\/uveg-infra-sugarzo-teraszfutes-ir-2000w\/\",\"name\":\"\u00dcveg infra sug\u00e1rz\u00f3 teraszf\u0171t\u00e9s IR- 2000W - Varjas F\u0171t\u0151f\u00f3lia\",\"isPartOf\":{\"@id\":\"https:\/\/varjasfutofolia.hu\/#website\"},\"primaryImageOfPage\":{\"@id\":\"https:\/\/varjasfutofolia.hu\/termek\/uveg-infra-sugarzo-teraszfutes-ir-2000w\/#primaryimage\"},\"image\":{\"@id\":\"https:\/\/varjasfutofolia.hu\/termek\/uveg-infra-sugarzo-teraszfutes-ir-2000w\/#primaryimage\"},\"thumbnailUrl\":\"https:\/\/varjasfutofolia.hu\/wp-content\/uploads\/2024\/12\/Kepernyofoto-2024-09-16-15.52.44.png\",\"datePublished\":\"2024-12-01T23:03:51+00:00\",\"dateModified\":\"2025-03-02T21:22:21+00:00\",\"breadcrumb\":{\"@id\":\"https:\/\/varjasfutofolia.hu\/termek\/uveg-infra-sugarzo-teraszfutes-ir-2000w\/#breadcrumb\"},\"inLanguage\":\"en-US\",\"potentialAction\":[{\"@type\":\"ReadAction\",\"target\":[\"https:\/\/varjasfutofolia.hu\/termek\/uveg-infra-sugarzo-teraszfutes-ir-2000w\/\"]}]},{\"@type\":\"ImageObject\",\"inLanguage\":\"en-US\",\"@id\":\"https:\/\/varjasfutofolia.hu\/termek\/uveg-infra-sugarzo-teraszfutes-ir-2000w\/#primaryimage\",\"url\":\"https:\/\/varjasfutofolia.hu\/wp-content\/uploads\/2024\/12\/Kepernyofoto-2024-09-16-15.52.44.png\",\"contentUrl\":\"https:\/\/varjasfutofolia.hu\/wp-content\/uploads\/2024\/12\/Kepernyofoto-2024-09-16-15.52.44.png\",\"width\":1300,\"height\":1124},{\"@type\":\"BreadcrumbList\",\"@id\":\"https:\/\/varjasfutofolia.hu\/termek\/uveg-infra-sugarzo-teraszfutes-ir-2000w\/#breadcrumb\",\"itemListElement\":[{\"@type\":\"ListItem\",\"position\":1,\"name\":\"Kezd\u0151lap\",\"item\":\"https:\/\/varjasfutofolia.hu\/\"},{\"@type\":\"ListItem\",\"position\":2,\"name\":\"\u00dczlet\",\"item\":\"https:\/\/varjasfutofolia.hu\/uzlet\/\"},{\"@type\":\"ListItem\",\"position\":3,\"name\":\"\u00dcveg infra sug\u00e1rz\u00f3 teraszf\u0171t\u00e9s IR- 2000W\"}]},{\"@type\":\"WebSite\",\"@id\":\"https:\/\/varjasfutofolia.hu\/#website\",\"url\":\"https:\/\/varjasfutofolia.hu\/\",\"name\":\"Varjas F\u0171t\u0151f\u00f3lia\",\"description\":\"A Nap melege az \u00d6n otthon\u00e1ban\",\"potentialAction\":[{\"@type\":\"SearchAction\",\"target\":{\"@type\":\"EntryPoint\",\"urlTemplate\":\"https:\/\/varjasfutofolia.hu\/?s={search_term_string}\"},\"query-input\":{\"@type\":\"PropertyValueSpecification\",\"valueRequired\":true,\"valueName\":\"search_term_string\"}}],\"inLanguage\":\"en-US\"}]}<\/script>\n<!-- \/ Yoast SEO plugin. -->","yoast_head_json":{"title":"\u00dcveg infra sug\u00e1rz\u00f3 teraszf\u0171t\u00e9s IR- 2000W - Varjas F\u0171t\u0151f\u00f3lia","robots":{"index":"index","follow":"follow","max-snippet":"max-snippet:-1","max-image-preview":"max-image-preview:large","max-video-preview":"max-video-preview:-1"},"canonical":"https:\/\/varjasfutofolia.hu\/en\/termek\/uveg-infra-sugarzo-teraszfutes-ir-2000w\/","og_locale":"en_US","og_type":"article","og_title":"\u00dcveg infra sug\u00e1rz\u00f3 teraszf\u0171t\u00e9s IR- 2000W - Varjas F\u0171t\u0151f\u00f3lia","og_description":"Teraszf\u0171t\u00e9s Adatai      T\u00edpus:  \u00fcveg, ifrasug\u00e1rz\u00f3    Felhaszn\u00e1l\u00e1s:  teraszf\u0171t\u00e9s   Teljes\u00edtm\u00e9ny \/ Amper: 8.7 Amper   Teljes\u00edtm\u00e9ny \/ Watt: 2000 Watt   V\u00e9detts\u00e9g IP65   M\u0171k\u00f6d\u00e9si h\u0151m\u00e9rs\u00e9klet 400-500 Celsius    Fesz\u00fclts\u00e9g:  230 V   Programozhat\u00f3  nem, 4 fokozat, id\u0151z\u00edt\u0151   Sz\u00edn  fekete     &nbsp;","og_url":"https:\/\/varjasfutofolia.hu\/en\/termek\/uveg-infra-sugarzo-teraszfutes-ir-2000w\/","og_site_name":"Varjas F\u0171t\u0151f\u00f3lia","article_modified_time":"2025-03-02T21:22:21+00:00","twitter_card":"summary_large_image","twitter_misc":{"Est. reading time":"3 minutes"},"schema":{"@context":"https:\/\/schema.org","@graph":[{"@type":"WebPage","@id":"https:\/\/varjasfutofolia.hu\/termek\/uveg-infra-sugarzo-teraszfutes-ir-2000w\/","url":"https:\/\/varjasfutofolia.hu\/termek\/uveg-infra-sugarzo-teraszfutes-ir-2000w\/","name":"\u00dcveg infra sug\u00e1rz\u00f3 teraszf\u0171t\u00e9s IR- 2000W - Varjas F\u0171t\u0151f\u00f3lia","isPartOf":{"@id":"https:\/\/varjasfutofolia.hu\/#website"},"primaryImageOfPage":{"@id":"https:\/\/varjasfutofolia.hu\/termek\/uveg-infra-sugarzo-teraszfutes-ir-2000w\/#primaryimage"},"image":{"@id":"https:\/\/varjasfutofolia.hu\/termek\/uveg-infra-sugarzo-teraszfutes-ir-2000w\/#primaryimage"},"thumbnailUrl":"https:\/\/varjasfutofolia.hu\/wp-content\/uploads\/2024\/12\/Kepernyofoto-2024-09-16-15.52.44.png","datePublished":"2024-12-01T23:03:51+00:00","dateModified":"2025-03-02T21:22:21+00:00","breadcrumb":{"@id":"https:\/\/varjasfutofolia.hu\/termek\/uveg-infra-sugarzo-teraszfutes-ir-2000w\/#breadcrumb"},"inLanguage":"en-US","potentialAction":[{"@type":"ReadAction","target":["https:\/\/varjasfutofolia.hu\/termek\/uveg-infra-sugarzo-teraszfutes-ir-2000w\/"]}]},{"@type":"ImageObject","inLanguage":"en-US","@id":"https:\/\/varjasfutofolia.hu\/termek\/uveg-infra-sugarzo-teraszfutes-ir-2000w\/#primaryimage","url":"https:\/\/varjasfutofolia.hu\/wp-content\/uploads\/2024\/12\/Kepernyofoto-2024-09-16-15.52.44.png","contentUrl":"https:\/\/varjasfutofolia.hu\/wp-content\/uploads\/2024\/12\/Kepernyofoto-2024-09-16-15.52.44.png","width":1300,"height":1124},{"@type":"BreadcrumbList","@id":"https:\/\/varjasfutofolia.hu\/termek\/uveg-infra-sugarzo-teraszfutes-ir-2000w\/#breadcrumb","itemListElement":[{"@type":"ListItem","position":1,"name":"Kezd\u0151lap","item":"https:\/\/varjasfutofolia.hu\/"},{"@type":"ListItem","position":2,"name":"\u00dczlet","item":"https:\/\/varjasfutofolia.hu\/uzlet\/"},{"@type":"ListItem","position":3,"name":"\u00dcveg infra sug\u00e1rz\u00f3 teraszf\u0171t\u00e9s IR- 2000W"}]},{"@type":"WebSite","@id":"https:\/\/varjasfutofolia.hu\/#website","url":"https:\/\/varjasfutofolia.hu\/","name":"Varjas F\u0171t\u0151f\u00f3lia","description":"A Nap melege az \u00d6n otthon\u00e1ban","potentialAction":[{"@type":"SearchAction","target":{"@type":"EntryPoint","urlTemplate":"https:\/\/varjasfutofolia.hu\/?s={search_term_string}"},"query-input":{"@type":"PropertyValueSpecification","valueRequired":true,"valueName":"search_term_string"}}],"inLanguage":"en-US"}]}},"_links":{"self":[{"href":"https:\/\/varjasfutofolia.hu\/en\/wp-json\/wp\/v2\/product\/9931994","targetHints":{"allow":["GET"]}}],"collection":[{"href":"https:\/\/varjasfutofolia.hu\/en\/wp-json\/wp\/v2\/product"}],"about":[{"href":"https:\/\/varjasfutofolia.hu\/en\/wp-json\/wp\/v2\/types\/product"}],"replies":[{"embeddable":true,"href":"https:\/\/varjasfutofolia.hu\/en\/wp-json\/wp\/v2\/comments?post=9931994"}],"wp:featuredmedia":[{"embeddable":true,"href":"https:\/\/varjasfutofolia.hu\/en\/wp-json\/wp\/v2\/media\/9932054"}],"wp:attachment":[{"href":"https:\/\/varjasfutofolia.hu\/en\/wp-json\/wp\/v2\/media?parent=9931994"}],"wp:term":[{"taxonomy":"product_brand","embeddable":true,"href":"https:\/\/varjasfutofolia.hu\/en\/wp-json\/wp\/v2\/product_brand?post=9931994"},{"taxonomy":"product_cat","embeddable":true,"href":"https:\/\/varjasfutofolia.hu\/en\/wp-json\/wp\/v2\/product_cat?post=9931994"},{"taxonomy":"product_tag","embeddable":true,"href":"https:\/\/varjasfutofolia.hu\/en\/wp-json\/wp\/v2\/product_tag?post=9931994"}],"curies":[{"name":"wp","href":"https:\/\/api.w.org\/{rel}","templated":true}]}}