{"id":9931986,"date":"2024-12-02T00:03:50","date_gmt":"2024-12-01T23:03:50","guid":{"rendered":"https:\/\/varjasfutofolia.hu\/?post_type=product&#038;p=9931986"},"modified":"2024-12-02T00:04:09","modified_gmt":"2024-12-01T23:04:09","slug":"methana-elektromos-futotest-1000w-2000w","status":"publish","type":"product","link":"https:\/\/varjasfutofolia.hu\/en\/termek\/methana-elektromos-futotest-1000w-2000w\/","title":{"rendered":"Methana elektromos f\u0171t\u0151test 1000W, 2000W"},"content":{"rendered":"<div class=\"commondata_elem\">\n<div class=\"commondata_title\">A <strong>Methana<\/strong> elektromos f\u0171t\u0151test ide\u00e1lis v\u00e1laszt\u00e1s a h\u00e1l\u00f3szoba, f\u00fcrd\u0151szoba \u00e9s nappali gyors felmeleg\u00edt\u00e9s\u00e9re. Modern st\u00edlusa eleg\u00e1ns megjelen\u00e9st k\u00f6lcs\u00f6n\u00f6z, mik\u00f6zben elegend\u0151 h\u0151t biztos\u00edt a komfortos meleghez m\u00e9g a hideg t\u00e9li napokon is.<\/div>\n<\/div>\n<h2><strong>El\u0151ny\u00f6k<\/strong>:<\/h2>\n<ul>\n<li>24 \u00f3r\u00e1s id\u0151z\u00edt\u0151<\/li>\n<li>Elektromos vez\u00e9rl\u0151k<\/li>\n<li>Falra szerelhet\u0151 \u00e1llv\u00e1ny<\/li>\n<li>T\u00e1vir\u00e1ny\u00edt\u00f3<\/li>\n<li>T\u00falmeleged\u00e9s elleni v\u00e9delem<\/li>\n<li>1000W\/2000W<\/li>\n<li style=\"text-align: left;\">Elektromos<\/li>\n<li style=\"text-align: left;\">Energiatakar\u00e9kos<\/li>\n<li style=\"text-align: left;\">Gyerekz\u00e1r<\/li>\n<li style=\"text-align: left;\">Termoszt\u00e1t<\/li>\n<li style=\"text-align: left;\">Zajmentes<\/li>\n<li style=\"text-align: left;\">IP24<\/li>\n<\/ul>\n<h2><strong>Term\u00e9kjellemz\u0151k:<\/strong><\/h2>\n<h4><strong>St\u00edlusos megjelen\u00e9s:<\/strong><\/h4>\n<p>Az elektromos f\u0171t\u0151testek k\u00f6z\u00f6tt a <strong>Methana<\/strong> kiemelkedik st\u00edlusos megjelen\u00e9s\u00e9vel. Ez a k\u00e9sz\u00fcl\u00e9k nem csup\u00e1n egy egyszer\u0171 h\u0151forr\u00e1s, hanem egy eleg\u00e1ns kieg\u00e9sz\u00edt\u0151 otthonodba. Modern \u00e9s minimalista megjelen\u00e9se nemcsak a hideget \u0171zi el, hanem otthonod d\u00edsze is lehet. Az eleg\u00e1ns kialak\u00edt\u00e1snak k\u00f6sz\u00f6nhet\u0151en b\u00e1rmilyen enteri\u0151rbe t\u00f6k\u00e9letesen illeszkedik, \u00edgy b\u00e1rhov\u00e1 helyezheted, \u00e9s harm\u00f3ni\u00e1t teremthetsz vele a k\u00f6rnyezet\u00e9vel.<\/p>\n<p><a href=\"https:\/\/www.futofolia.hu\/wp-content\/uploads\/2024\/02\/methanaelektromosfutotestfalon.jpg\"><img loading=\"lazy\" decoding=\"async\" class=\"size-medium wp-image-9954990 aligncenter\" src=\"https:\/\/www.futofolia.hu\/wp-content\/uploads\/2024\/02\/methanaelektromosfutotestfalon-300x300.jpg\" alt=\"\" width=\"300\" height=\"300\" \/><\/a><\/p>\n<h4><strong>Szem\u00e9lyre szabott h\u0151m\u00e9rs\u00e9klet:<\/strong><\/h4>\n<p>Az \u00e1ll\u00edthat\u00f3 termoszt\u00e1t seg\u00edts\u00e9g\u00e9vel k\u00f6nnyed\u00e9n alkalmazkodhatsz az id\u0151j\u00e1r\u00e1s\u00a0\u00e9s a pillanatnyi h\u0151\u00e9rzetedhez, \u00edgy mindig optim\u00e1lis k\u00f6r\u00fclm\u00e9nyeket teremthetsz otthonodban. Legyen sz\u00f3 hideg t\u00e9li napokr\u00f3l vagy enyhe tavaszi est\u00e9kr\u0151l, a <strong>Methana<\/strong> f\u0171t\u0151test gondoskodik a megfelel\u0151 h\u0151m\u00e9rs\u00e9kletr\u0151l, hogy k\u00e9nyelmesen \u00e9rezd magad a saj\u00e1t otthonodban.<\/p>\n<h4><strong>Biztons\u00e1g minden k\u00f6r\u00fclm\u00e9nyek k\u00f6z\u00f6tt<\/strong>:<\/h4>\n<p>A <strong>Methana<\/strong> elektromos f\u0171t\u0151test nem csup\u00e1n meleg\u00edt, de gondoskodik a biztons\u00e1godr\u00f3l is. Az el\u0151re be\u00e9p\u00edtett t\u00falmeleged\u00e9s elleni v\u00e9delemnek k\u00f6sz\u00f6nhet\u0151en nyugodtan \u00e9lvezheted a meleget an\u00e9lk\u00fcl, hogy agg\u00f3dnod kellene az esetleges probl\u00e9m\u00e1k miatt. Ez a fejlett biztons\u00e1gi funkci\u00f3 figyelmeztet, illetve automatikusan kikapcsolja a f\u0171t\u0151testet, ha a h\u0151m\u00e9rs\u00e9klet t\u00fals\u00e1gosan magasra emelkedik, megel\u0151zve ezzel a t\u0171zvesz\u00e9lyt \u00e9s egy\u00e9b kock\u00e1zatokat. Teh\u00e1t b\u00e1tran \u00e9lvezheted a meleg komfortj\u00e1t otthonodban, mik\u00f6zben a f\u0171t\u0151test gondoskodik a biztons\u00e1gos haszn\u00e1latr\u00f3l.<\/p>\n<h4><strong>Vizes k\u00f6rnyezetek megold\u00e1sa:<\/strong><\/h4>\n<p>A <strong>Methana<\/strong> elektromos f\u0171t\u0151test kiv\u00e1l\u00f3 v\u00e1laszt\u00e1s m\u00e9g f\u00fcrd\u0151szobai k\u00f6rnyezetben is. Az IP24* v\u00edz\u00e1ll\u00f3s\u00e1gi besorol\u00e1snak k\u00f6sz\u00f6nhet\u0151en a f\u0171t\u0151test rendk\u00edv\u00fcl ellen\u00e1ll\u00f3 nedves k\u00f6rnyezetben is, \u00edgy biztos\u00edtva a meleget m\u00e9g a zuhanyz\u00e1s ut\u00e1n is. Ez azt jelenti, hogy b\u00e1tran haszn\u00e1lhatod a f\u0171t\u0151testet a f\u00fcrd\u0151szob\u00e1ban an\u00e9lk\u00fcl, hogy agg\u00f3dnod kellene a nedvess\u00e9g vagy a p\u00e1ra miatt. \u00cdgy minden alkalommal kellemes \u00e9s meleg k\u00f6rnyezetben \u00e9lvezheted a f\u00fcrd\u00e9st vagy a reggeli k\u00e9sz\u00fcl\u0151d\u00e9st, an\u00e9lk\u00fcl hogy kompromisszumot kellene k\u00f6tn\u00f6d a k\u00e9nyelem vagy a biztons\u00e1g ter\u00e9n.<\/p>\n<p><em>*Az IP24 azt mutatja, hogy az eszk\u00f6z vagy berendez\u00e9s ellen\u00e1ll a v\u00edzcsepp-permetnek, ami azt jelenti, hogy p\u00e9ld\u00e1ul a f\u00fcrd\u0151szob\u00e1ban v\u00e9gzett v\u00edzpermetez\u00e9skor nem s\u00e9r\u00fcl meg. Fontos megjegyezni, hogy az IP24 nem jelenti azt, hogy az eszk\u00f6z v\u00edz al\u00e1 mer\u00edthet\u0151.<\/em><\/p>\n<h4><strong>Id\u0151z\u00edtve a k\u00e9nyelem\u00e9rt:<\/strong><\/h4>\n<p>A 24 \u00f3r\u00e1s id\u0151z\u00edt\u0151vel k\u00f6nnyed\u00e9n be\u00e1ll\u00edthatod, hogy mikor kapcsoljon be a f\u0171t\u0151test, \u00edgy mindig kellemes h\u0151m\u00e9rs\u00e9klet fogad, amikor haza\u00e9rsz. Ennek k\u00f6sz\u00f6nhet\u0151en nem kell agg\u00f3dnod azon, hogy hideg lak\u00e1sban kelljen hazamenned, hiszen a f\u0171t\u0151test el\u0151re be\u00e1ll\u00edtott id\u0151pontban felmeleg\u00edti a helyis\u00e9get.<\/p>\n<h4><strong>Kijelz\u0151 \u00e9s t\u00e1vir\u00e1ny\u00edt\u00f3:\u00a0<\/strong><\/h4>\n<p>A <strong>Methana<\/strong> elektromos f\u0171t\u0151test LED kijelz\u0151vel rendelkezik, \u00edgy k\u00f6nnyed\u00e9n ellen\u0151rizheted a be\u00e1ll\u00edt\u00e1sokat \u00e9s az aktu\u00e1lis \u00e1llapotot. Emellett mell\u00e9kel\u00fcnk egy t\u00e1vir\u00e1ny\u00edt\u00f3t is, amely seg\u00edts\u00e9g\u00e9vel k\u00e9nyelmesen \u00e9s t\u00e1volr\u00f3l is ir\u00e1ny\u00edthatod a f\u0171t\u00e9st. \u00cdgy ak\u00e1r a kanap\u00e9r\u00f3l \u00fclve is k\u00f6nnyed\u00e9n szab\u00e1lyozhatod otthonod h\u0151m\u00e9rs\u00e9klet\u00e9t, an\u00e9lk\u00fcl, hogy odamenn\u00e9l az eszk\u00f6zh\u00f6z.<\/p>\n<p><a href=\"https:\/\/www.futofolia.hu\/wp-content\/uploads\/2024\/02\/methanakapcsolo.jpg\"><img loading=\"lazy\" decoding=\"async\" class=\"size-medium wp-image-9954979 aligncenter\" src=\"https:\/\/www.futofolia.hu\/wp-content\/uploads\/2024\/02\/methanakapcsolo-300x300.jpg\" alt=\"\" width=\"300\" height=\"300\" \/><\/a><\/p>\n<h4><strong>X-Forma alum\u00ednium f\u0171t\u0151elem:<\/strong><\/h4>\n<p>Az X-forma alum\u00ednium f\u0171t\u0151elem hat\u00e9konyan meleg\u00edti fel a leveg\u0151t, \u00e9s gyorsan terjeszti sz\u00e9t a h\u0151t a helyis\u00e9gben. Ennek k\u00f6sz\u00f6nhet\u0151en a <strong>Methana<\/strong> elektromos f\u0171t\u0151test gyorsan el\u00e9ri a k\u00edv\u00e1nt h\u0151m\u00e9rs\u00e9kletet.<\/p>\n<p>Ez a modern f\u0171t\u0151test nem csup\u00e1n meleg\u00edt, hanem st\u00edlusosan berendezett k\u00f6rnyezetet is teremt. A be\u00e1ll\u00edthat\u00f3 h\u0151m\u00e9rs\u00e9klet, a biztons\u00e1gi funkci\u00f3k \u00e9s az id\u0151z\u00edt\u0151 mind k\u00e9nyelmedet szolg\u00e1lj\u00e1k, \u00edgy a <strong>Methana<\/strong> elektromos f\u0171t\u0151test a modern otthonok<\/p>\n<h4><strong>Gyermekz\u00e1r funkci\u00f3:<\/strong><\/h4>\n<p style=\"padding-bottom: 0px;\">A\u00a0<strong>Methana<\/strong>\u00a0elektromos f\u0171t\u0151test rendelkezik egy gyermekz\u00e1r funkci\u00f3val is, ami n\u00f6veli a csal\u00e1d biztons\u00e1g\u00e1t. Ennek k\u00f6sz\u00f6nhet\u0151en megakad\u00e1lyozza, hogy a kisebb gyermekek v\u00e9letlen\u00fcl megv\u00e1ltoztass\u00e1k a be\u00e1ll\u00edt\u00e1sokat vagy elind\u00edts\u00e1k a k\u00e9sz\u00fcl\u00e9ket. A gyermekz\u00e1r aktiv\u00e1l\u00e1s\u00e1val a\u00a0<strong>Methana<\/strong>\u00a0f\u0171t\u0151test gombjai z\u00e1rolva lesznek, \u00edgy a sz\u00fcl\u0151k nyugodtak lehetnek afel\u0151l, hogy otthonuk f\u0171t\u00e9si rendszere biztons\u00e1gos, \u00e9s a gyermek \u00e1ltal nem szab\u00e1lyozhat\u00f3. Ez a tulajdons\u00e1g teszi a\u00a0<strong>Methana<\/strong>\u00a0f\u0171t\u0151testet kiv\u00e1l\u00f3 v\u00e1laszt\u00e1ss\u00e1 a biztons\u00e1got el\u0151t\u00e9rbe helyez\u0151 csal\u00e1dok sz\u00e1m\u00e1ra.<\/p>\n<p>\u00a0t\u00f6k\u00e9letes t\u00e1rsa lehet.<\/p>\n<h3>Term\u00e9kadatok:<\/h3>\n<table>\n<tbody>\n<tr align=\"left\" valign=\"top\">\n<td><strong>Telep\u00edt\u00e9s<\/strong><\/td>\n<td>Szabadon \u00e1ll\u00f3, falra szerelhet\u0151<\/td>\n<td><strong>Fogyaszt\u00e1s<\/strong><\/td>\n<td>1000\/2000 W<\/td>\n<\/tr>\n<tr align=\"left\" valign=\"top\">\n<td><strong>Tan\u00fas\u00edtv\u00e1ny<\/strong><\/td>\n<td>CE, EMC, EMF, GS, RoHS<\/td>\n<td><strong>\u00c9Ny\/GW<\/strong><\/td>\n<td>6,7\/5,6<\/td>\n<\/tr>\n<tr align=\"left\" valign=\"top\">\n<td><strong>M\u00e9rete (l\u00e1b n\u00e9lk\u00fcl)<\/strong><\/td>\n<td>920*85*457mm<\/td>\n<td><strong>Kijelz\u0151<\/strong><\/td>\n<td>LED<\/td>\n<\/tr>\n<tr>\n<td><b>Fesz\u00fclts\u00e9g<\/b><\/td>\n<td>220-240V ~ 50-60Hz<\/td>\n<td><strong>Id\u0151z\u00edt\u0151<\/strong><\/td>\n<td>24 \u00f3r\u00e1s<\/td>\n<\/tr>\n<tr>\n<td><strong>Vez\u00e9rl\u0151<\/strong><\/td>\n<td>T\u00e1vir\u00e1ny\u00edt\u00f3<\/td>\n<td><strong>V\u00edz\u00e1ll\u00f3 kivitel<\/strong><\/td>\n<td>IP24<\/td>\n<\/tr>\n<tr>\n<td><strong>Gyermekz\u00e1r funkci\u00f3<\/strong><\/td>\n<td>Igen<\/td>\n<\/tr>\n<\/tbody>\n<\/table>\n<div class=\"flex-1 overflow-hidden\">\n<div class=\"react-scroll-to-bottom--css-ibaqz-79elbk h-full\">\n<div class=\"react-scroll-to-bottom--css-ibaqz-1n7m0yu\">\n<div class=\"flex flex-col pb-9 text-sm\">\n<div class=\"w-full text-token-text-primary\" data-testid=\"conversation-turn-46\">\n<div class=\"px-4 py-2 justify-center text-base md:gap-6 m-auto\">\n<div class=\"flex flex-1 text-base mx-auto gap-3 md:px-5 lg:px-1 xl:px-5 md:max-w-3xl lg:max-w-[40rem] xl:max-w-[48rem] group final-completion\">\n<div class=\"relative flex w-full flex-col lg:w-[calc(100%-115px)] agent-turn\">\n<div class=\"flex-col gap-1 md:gap-3\">\n<div class=\"mt-1 flex justify-start gap-3 empty:hidden\">\n<div class=\"text-gray-400 flex self-end lg:self-center justify-center lg:justify-start mt-0 -ml-1 visible\">\n<p>&nbsp;<\/p>\n<div class=\"flex items-center gap-1.5 text-xs\"><\/div>\n<div class=\"flex\"><\/div>\n<\/div>\n<\/div>\n<\/div>\n<\/div>\n<\/div>\n<\/div>\n<\/div>\n<\/div>\n<\/div>\n<\/div>\n<\/div>\n<div class=\"w-full pt-2 md:pt-0 dark:border-white\/20 md:border-transparent md:dark:border-transparent md:w-[calc(100%-.5rem)]\">\n<form class=\"stretch mx-2 flex flex-row gap-3 last:mb-2 md:mx-4 md:last:mb-6 lg:mx-auto lg:max-w-2xl xl:max-w-3xl\">\n<div class=\"relative flex h-full flex-1 items-stretch md:flex-col\">\n<div class=\"flex w-full items-center\"><\/div>\n<\/div>\n<\/form>\n<\/div>\n","protected":false},"excerpt":{"rendered":"<p>Az elektromos f\u0171t\u0151testek n\u00e9pszer\u0171 megold\u00e1st jelentenek a h\u00e1l\u00f3szoba, f\u00fcrd\u0151szoba \u00e9s nappali gyors felf\u0171t\u00e9s\u00e9re. A Methana elektromos f\u0171t\u0151test k\u00fcl\u00f6n\u00f6sen kedvelt v\u00e1laszt\u00e1s, mivel modern megjelen\u00e9se eleganci\u00e1t sug\u00e1roz. Nemcsak eszt\u00e9tikus, hanem hat\u00e9kony is, elegend\u0151 h\u0151t biztos\u00edtva ahhoz, hogy komfortosan \u00e9rezz\u00fck magunkat egy hideg t\u00e9li napon.<\/p>\n<div class=\"commondata_elem\">\n<div class=\"commondata_title\">Term\u00e9kverzi\u00f3:\u00a0 \u00a0Methana elektromos f\u0171t\u0151test 1000W\/2000W<\/div>\n<\/div>\n<div class=\"commondata_elem\">\n<div class=\"commondata_title\">Cikksz\u00e1m:\u00a0 \u00a0 \u00a0 \u00a0 \u00a0PN2000DL<\/div>\n<\/div>\n<div class=\"commondata_elem\">\n<div class=\"commondata_title\">T\u00f6meg:\u00a0 \u00a0 \u00a0 \u00a0 \u00a0 \u00a0 \u00a06,7 kg\/db<\/div>\n<\/div>\n<div class=\"commondata_elem\">\n<div class=\"commondata_title\">Garancia id\u0151:\u00a0 \u00a0 12 h\u00f3nap<\/div>\n<\/div>\n","protected":false},"featured_media":9932012,"comment_status":"open","ping_status":"closed","template":"","meta":{"_et_pb_use_builder":"","_et_pb_old_content":"","_et_gb_content_width":""},"product_brand":[],"product_cat":[54],"product_tag":[231,232,233,61,234,235],"class_list":{"0":"post-9931986","1":"product","2":"type-product","3":"status-publish","4":"has-post-thumbnail","6":"product_cat-futopanel","7":"product_tag-biztonsagosfutes","8":"product_tag-elektromosfutes","9":"product_tag-elektromosfutopanel","10":"product_tag-futopanel","11":"product_tag-gyerekbaratfutes","12":"product_tag-idozitosfutes","14":"first","15":"instock","16":"taxable","17":"shipping-taxable","18":"purchasable","19":"product-type-simple"},"yoast_head":"<!-- This site is optimized with the Yoast SEO plugin v26.0 - https:\/\/yoast.com\/wordpress\/plugins\/seo\/ -->\n<title>Methana elektromos f\u0171t\u0151test 1000W, 2000W - Varjas F\u0171t\u0151f\u00f3lia<\/title>\n<meta name=\"robots\" content=\"index, follow, max-snippet:-1, max-image-preview:large, max-video-preview:-1\" \/>\n<link rel=\"canonical\" href=\"https:\/\/varjasfutofolia.hu\/en\/termek\/methana-elektromos-futotest-1000w-2000w\/\" \/>\n<meta property=\"og:locale\" content=\"en_US\" \/>\n<meta property=\"og:locale:alternate\" content=\"hu_HU\" \/>\n<meta property=\"og:locale:alternate\" content=\"de_DE\" \/>\n<meta property=\"og:type\" content=\"article\" \/>\n<meta property=\"og:title\" content=\"Methana elektromos f\u0171t\u0151test 1000W, 2000W - Varjas F\u0171t\u0151f\u00f3lia\" \/>\n<meta property=\"og:description\" content=\"Az elektromos f\u0171t\u0151testek n\u00e9pszer\u0171 megold\u00e1st jelentenek a h\u00e1l\u00f3szoba, f\u00fcrd\u0151szoba \u00e9s nappali gyors felf\u0171t\u00e9s\u00e9re. A Methana elektromos f\u0171t\u0151test k\u00fcl\u00f6n\u00f6sen kedvelt v\u00e1laszt\u00e1s, mivel modern megjelen\u00e9se eleganci\u00e1t sug\u00e1roz. Nemcsak eszt\u00e9tikus, hanem hat\u00e9kony is, elegend\u0151 h\u0151t biztos\u00edtva ahhoz, hogy komfortosan \u00e9rezz\u00fck magunkat egy hideg t\u00e9li napon.  Term\u00e9kverzi\u00f3:\u00a0 \u00a0Methana elektromos f\u0171t\u0151test 1000W\/2000W   Cikksz\u00e1m:\u00a0 \u00a0 \u00a0 \u00a0 \u00a0PN2000DL   T\u00f6meg:\u00a0 \u00a0 \u00a0 \u00a0 \u00a0 \u00a0 \u00a06,7 kg\/db   Garancia id\u0151:\u00a0 \u00a0 12 h\u00f3nap\" \/>\n<meta property=\"og:url\" content=\"https:\/\/varjasfutofolia.hu\/en\/termek\/methana-elektromos-futotest-1000w-2000w\/\" \/>\n<meta property=\"og:site_name\" content=\"Varjas F\u0171t\u0151f\u00f3lia\" \/>\n<meta property=\"article:modified_time\" content=\"2024-12-01T23:04:09+00:00\" \/>\n<meta name=\"twitter:card\" content=\"summary_large_image\" \/>\n<meta name=\"twitter:label1\" content=\"Est. reading time\" \/>\n\t<meta name=\"twitter:data1\" content=\"5 minutes\" \/>\n<script type=\"application\/ld+json\" class=\"yoast-schema-graph\">{\"@context\":\"https:\/\/schema.org\",\"@graph\":[{\"@type\":\"WebPage\",\"@id\":\"https:\/\/varjasfutofolia.hu\/termek\/methana-elektromos-futotest-1000w-2000w\/\",\"url\":\"https:\/\/varjasfutofolia.hu\/termek\/methana-elektromos-futotest-1000w-2000w\/\",\"name\":\"Methana elektromos f\u0171t\u0151test 1000W, 2000W - Varjas F\u0171t\u0151f\u00f3lia\",\"isPartOf\":{\"@id\":\"https:\/\/varjasfutofolia.hu\/#website\"},\"primaryImageOfPage\":{\"@id\":\"https:\/\/varjasfutofolia.hu\/termek\/methana-elektromos-futotest-1000w-2000w\/#primaryimage\"},\"image\":{\"@id\":\"https:\/\/varjasfutofolia.hu\/termek\/methana-elektromos-futotest-1000w-2000w\/#primaryimage\"},\"thumbnailUrl\":\"https:\/\/varjasfutofolia.hu\/wp-content\/uploads\/2024\/12\/methanaelektromosfutptest.jpg\",\"datePublished\":\"2024-12-01T23:03:50+00:00\",\"dateModified\":\"2024-12-01T23:04:09+00:00\",\"breadcrumb\":{\"@id\":\"https:\/\/varjasfutofolia.hu\/termek\/methana-elektromos-futotest-1000w-2000w\/#breadcrumb\"},\"inLanguage\":\"en-US\",\"potentialAction\":[{\"@type\":\"ReadAction\",\"target\":[\"https:\/\/varjasfutofolia.hu\/termek\/methana-elektromos-futotest-1000w-2000w\/\"]}]},{\"@type\":\"ImageObject\",\"inLanguage\":\"en-US\",\"@id\":\"https:\/\/varjasfutofolia.hu\/termek\/methana-elektromos-futotest-1000w-2000w\/#primaryimage\",\"url\":\"https:\/\/varjasfutofolia.hu\/wp-content\/uploads\/2024\/12\/methanaelektromosfutptest.jpg\",\"contentUrl\":\"https:\/\/varjasfutofolia.hu\/wp-content\/uploads\/2024\/12\/methanaelektromosfutptest.jpg\",\"width\":1000,\"height\":1000},{\"@type\":\"BreadcrumbList\",\"@id\":\"https:\/\/varjasfutofolia.hu\/termek\/methana-elektromos-futotest-1000w-2000w\/#breadcrumb\",\"itemListElement\":[{\"@type\":\"ListItem\",\"position\":1,\"name\":\"Kezd\u0151lap\",\"item\":\"https:\/\/varjasfutofolia.hu\/\"},{\"@type\":\"ListItem\",\"position\":2,\"name\":\"\u00dczlet\",\"item\":\"https:\/\/varjasfutofolia.hu\/uzlet\/\"},{\"@type\":\"ListItem\",\"position\":3,\"name\":\"Methana elektromos f\u0171t\u0151test 1000W, 2000W\"}]},{\"@type\":\"WebSite\",\"@id\":\"https:\/\/varjasfutofolia.hu\/#website\",\"url\":\"https:\/\/varjasfutofolia.hu\/\",\"name\":\"Varjas F\u0171t\u0151f\u00f3lia\",\"description\":\"A Nap melege az \u00d6n otthon\u00e1ban\",\"potentialAction\":[{\"@type\":\"SearchAction\",\"target\":{\"@type\":\"EntryPoint\",\"urlTemplate\":\"https:\/\/varjasfutofolia.hu\/?s={search_term_string}\"},\"query-input\":{\"@type\":\"PropertyValueSpecification\",\"valueRequired\":true,\"valueName\":\"search_term_string\"}}],\"inLanguage\":\"en-US\"}]}<\/script>\n<!-- \/ Yoast SEO plugin. -->","yoast_head_json":{"title":"Methana elektromos f\u0171t\u0151test 1000W, 2000W - Varjas F\u0171t\u0151f\u00f3lia","robots":{"index":"index","follow":"follow","max-snippet":"max-snippet:-1","max-image-preview":"max-image-preview:large","max-video-preview":"max-video-preview:-1"},"canonical":"https:\/\/varjasfutofolia.hu\/en\/termek\/methana-elektromos-futotest-1000w-2000w\/","og_locale":"en_US","og_type":"article","og_title":"Methana elektromos f\u0171t\u0151test 1000W, 2000W - Varjas F\u0171t\u0151f\u00f3lia","og_description":"Az elektromos f\u0171t\u0151testek n\u00e9pszer\u0171 megold\u00e1st jelentenek a h\u00e1l\u00f3szoba, f\u00fcrd\u0151szoba \u00e9s nappali gyors felf\u0171t\u00e9s\u00e9re. A Methana elektromos f\u0171t\u0151test k\u00fcl\u00f6n\u00f6sen kedvelt v\u00e1laszt\u00e1s, mivel modern megjelen\u00e9se eleganci\u00e1t sug\u00e1roz. Nemcsak eszt\u00e9tikus, hanem hat\u00e9kony is, elegend\u0151 h\u0151t biztos\u00edtva ahhoz, hogy komfortosan \u00e9rezz\u00fck magunkat egy hideg t\u00e9li napon.  Term\u00e9kverzi\u00f3:\u00a0 \u00a0Methana elektromos f\u0171t\u0151test 1000W\/2000W   Cikksz\u00e1m:\u00a0 \u00a0 \u00a0 \u00a0 \u00a0PN2000DL   T\u00f6meg:\u00a0 \u00a0 \u00a0 \u00a0 \u00a0 \u00a0 \u00a06,7 kg\/db   Garancia id\u0151:\u00a0 \u00a0 12 h\u00f3nap","og_url":"https:\/\/varjasfutofolia.hu\/en\/termek\/methana-elektromos-futotest-1000w-2000w\/","og_site_name":"Varjas F\u0171t\u0151f\u00f3lia","article_modified_time":"2024-12-01T23:04:09+00:00","twitter_card":"summary_large_image","twitter_misc":{"Est. reading time":"5 minutes"},"schema":{"@context":"https:\/\/schema.org","@graph":[{"@type":"WebPage","@id":"https:\/\/varjasfutofolia.hu\/termek\/methana-elektromos-futotest-1000w-2000w\/","url":"https:\/\/varjasfutofolia.hu\/termek\/methana-elektromos-futotest-1000w-2000w\/","name":"Methana elektromos f\u0171t\u0151test 1000W, 2000W - Varjas F\u0171t\u0151f\u00f3lia","isPartOf":{"@id":"https:\/\/varjasfutofolia.hu\/#website"},"primaryImageOfPage":{"@id":"https:\/\/varjasfutofolia.hu\/termek\/methana-elektromos-futotest-1000w-2000w\/#primaryimage"},"image":{"@id":"https:\/\/varjasfutofolia.hu\/termek\/methana-elektromos-futotest-1000w-2000w\/#primaryimage"},"thumbnailUrl":"https:\/\/varjasfutofolia.hu\/wp-content\/uploads\/2024\/12\/methanaelektromosfutptest.jpg","datePublished":"2024-12-01T23:03:50+00:00","dateModified":"2024-12-01T23:04:09+00:00","breadcrumb":{"@id":"https:\/\/varjasfutofolia.hu\/termek\/methana-elektromos-futotest-1000w-2000w\/#breadcrumb"},"inLanguage":"en-US","potentialAction":[{"@type":"ReadAction","target":["https:\/\/varjasfutofolia.hu\/termek\/methana-elektromos-futotest-1000w-2000w\/"]}]},{"@type":"ImageObject","inLanguage":"en-US","@id":"https:\/\/varjasfutofolia.hu\/termek\/methana-elektromos-futotest-1000w-2000w\/#primaryimage","url":"https:\/\/varjasfutofolia.hu\/wp-content\/uploads\/2024\/12\/methanaelektromosfutptest.jpg","contentUrl":"https:\/\/varjasfutofolia.hu\/wp-content\/uploads\/2024\/12\/methanaelektromosfutptest.jpg","width":1000,"height":1000},{"@type":"BreadcrumbList","@id":"https:\/\/varjasfutofolia.hu\/termek\/methana-elektromos-futotest-1000w-2000w\/#breadcrumb","itemListElement":[{"@type":"ListItem","position":1,"name":"Kezd\u0151lap","item":"https:\/\/varjasfutofolia.hu\/"},{"@type":"ListItem","position":2,"name":"\u00dczlet","item":"https:\/\/varjasfutofolia.hu\/uzlet\/"},{"@type":"ListItem","position":3,"name":"Methana elektromos f\u0171t\u0151test 1000W, 2000W"}]},{"@type":"WebSite","@id":"https:\/\/varjasfutofolia.hu\/#website","url":"https:\/\/varjasfutofolia.hu\/","name":"Varjas F\u0171t\u0151f\u00f3lia","description":"A Nap melege az \u00d6n otthon\u00e1ban","potentialAction":[{"@type":"SearchAction","target":{"@type":"EntryPoint","urlTemplate":"https:\/\/varjasfutofolia.hu\/?s={search_term_string}"},"query-input":{"@type":"PropertyValueSpecification","valueRequired":true,"valueName":"search_term_string"}}],"inLanguage":"en-US"}]}},"_links":{"self":[{"href":"https:\/\/varjasfutofolia.hu\/en\/wp-json\/wp\/v2\/product\/9931986","targetHints":{"allow":["GET"]}}],"collection":[{"href":"https:\/\/varjasfutofolia.hu\/en\/wp-json\/wp\/v2\/product"}],"about":[{"href":"https:\/\/varjasfutofolia.hu\/en\/wp-json\/wp\/v2\/types\/product"}],"replies":[{"embeddable":true,"href":"https:\/\/varjasfutofolia.hu\/en\/wp-json\/wp\/v2\/comments?post=9931986"}],"wp:featuredmedia":[{"embeddable":true,"href":"https:\/\/varjasfutofolia.hu\/en\/wp-json\/wp\/v2\/media\/9932012"}],"wp:attachment":[{"href":"https:\/\/varjasfutofolia.hu\/en\/wp-json\/wp\/v2\/media?parent=9931986"}],"wp:term":[{"taxonomy":"product_brand","embeddable":true,"href":"https:\/\/varjasfutofolia.hu\/en\/wp-json\/wp\/v2\/product_brand?post=9931986"},{"taxonomy":"product_cat","embeddable":true,"href":"https:\/\/varjasfutofolia.hu\/en\/wp-json\/wp\/v2\/product_cat?post=9931986"},{"taxonomy":"product_tag","embeddable":true,"href":"https:\/\/varjasfutofolia.hu\/en\/wp-json\/wp\/v2\/product_tag?post=9931986"}],"curies":[{"name":"wp","href":"https:\/\/api.w.org\/{rel}","templated":true}]}}