{"id":9931955,"date":"2024-12-02T00:03:27","date_gmt":"2024-12-01T23:03:27","guid":{"rendered":"https:\/\/varjasfutofolia.hu\/?post_type=product&#038;p=9931955"},"modified":"2024-12-02T00:03:45","modified_gmt":"2024-12-01T23:03:45","slug":"kutyahaz-futofolia-csomag","status":"publish","type":"product","link":"https:\/\/varjasfutofolia.hu\/en\/termek\/kutyahaz-futofolia-csomag\/","title":{"rendered":"Kutyah\u00e1z f\u0171t\u0151f\u00f3lia csomag"},"content":{"rendered":"<h1><span style=\"font-weight: 400;\">Kutyah\u00e1z f\u0171t\u00e9s kedvenceinknek\u00a0<\/span><\/h1>\n<p><span style=\"font-weight: 400;\">Legyen sz\u00f3 k\u00f6ly\u00f6k- vagy id\u0151sebb kuty\u00e1r\u00f3l, mindannyian szeretn\u00e9nk, hogy n\u00e9gyl\u00e1b\u00fa bar\u00e1taink k\u00e9nyelemben \u00e9s melegben \u00e9ljenek a kutyah\u00e1zban vagy otthonunkban. A hagyom\u00e1nyos f\u0171t\u00e9si m\u00f3dszerek, mint p\u00e9ld\u00e1ul a f\u0171t\u0151test vagy f\u0171t\u0151lap, jelent\u0151s energiafogyaszt\u00e1ssal j\u00e1rnak, r\u00e1ad\u00e1sul meglehet\u0151sen neh\u00e9z a megfelel\u0151 h\u0151m\u00e9rs\u00e9kletet fenntartani. Itt j\u00f6n k\u00e9pbe a f\u0171t\u0151f\u00f3lia, az energiatakar\u00e9kos \u00e9s hat\u00e9kony megold\u00e1s a kutyah\u00e1z f\u0171t\u00e9s\u00e9re! <\/span><\/p>\n<p>A megfelel\u0151 kutyah\u00e1z f\u0171t\u0151rendszer sz\u00e1mos el\u0151nnyel j\u00e1r. Nem csak a k\u00e9nyelmet biztos\u00edtj\u00e1k a kuty\u00e1knak a hideg h\u00f3napokban, de hozz\u00e1j\u00e1rulnak az \u00e1llat eg\u00e9szs\u00e9g\u00e9hez is. A hideg h\u0151m\u00e9rs\u00e9klet hossz\u00fa t\u00e1von stresszt okozhat a kuty\u00e1knak, ami n\u00f6veli a betegs\u00e9gek kialakul\u00e1s\u00e1t. A kutyah\u00e1z f\u0171t\u0151f\u00f3lia csomag belt\u00e9rben \u00e9s k\u00fclt\u00e9rben is egyar\u00e1nt haszn\u00e1lhat\u00f3.<\/p>\n<div class=\"xdj266r x11i5rnm xat24cr x1mh8g0r x1vvkbs x126k92a\">\n<h2 dir=\"auto\">Nincs m\u00e9g t\u00e9lire f\u0171t\u00e9se a kiskedvencednek?<\/h2>\n<\/div>\n<div class=\"x11i5rnm xat24cr x1mh8g0r x1vvkbs xtlvy1s x126k92a\">\n<div dir=\"auto\"><span class=\"x3nfvp2 x1j61x8r x1fcty0u xdj266r xhhsvwb xat24cr xgzva0m xxymvpz xlup9mm x1kky2od\"><img loading=\"lazy\" decoding=\"async\" class=\"xz74otr\" src=\"https:\/\/static.xx.fbcdn.net\/images\/emoji.php\/v9\/td8\/1.5\/16\/2714.png\" alt=\"\u2714\ufe0f\" width=\"16\" height=\"16\" \/><\/span>A megfelel\u0151 h\u0151m\u00e9rs\u00e9klet seg\u00edt meg\u0151rizni a kuty\u00e1k eg\u00e9szs\u00e9g\u00e9t<\/div>\n<div dir=\"auto\"><span class=\"x3nfvp2 x1j61x8r x1fcty0u xdj266r xhhsvwb xat24cr xgzva0m xxymvpz xlup9mm x1kky2od\"><img loading=\"lazy\" decoding=\"async\" class=\"xz74otr\" src=\"https:\/\/static.xx.fbcdn.net\/images\/emoji.php\/v9\/td8\/1.5\/16\/2714.png\" alt=\"\u2714\ufe0f\" width=\"16\" height=\"16\" \/><\/span> J\u00f3 hat\u00e1ssal van a kuty\u00e1k \u00edz\u00fcleteire \u00e9s izomzat\u00e1ra<\/div>\n<div dir=\"auto\"><span class=\"x3nfvp2 x1j61x8r x1fcty0u xdj266r xhhsvwb xat24cr xgzva0m xxymvpz xlup9mm x1kky2od\"><img loading=\"lazy\" decoding=\"async\" class=\"xz74otr\" src=\"https:\/\/static.xx.fbcdn.net\/images\/emoji.php\/v9\/td8\/1.5\/16\/2714.png\" alt=\"\u2714\ufe0f\" width=\"16\" height=\"16\" \/><\/span> T\u00e9li hidegben is k\u00e9nyelemet biztos\u00edt<\/div>\n<div dir=\"auto\"><span class=\"x3nfvp2 x1j61x8r x1fcty0u xdj266r xhhsvwb xat24cr xgzva0m xxymvpz xlup9mm x1kky2od\"><img loading=\"lazy\" decoding=\"async\" class=\"xz74otr\" src=\"https:\/\/static.xx.fbcdn.net\/images\/emoji.php\/v9\/td8\/1.5\/16\/2714.png\" alt=\"\u2714\ufe0f\" width=\"16\" height=\"16\" \/><\/span> Ide\u00e1lis megold\u00e1s azoknak a kuty\u00e1knak, akik kev\u00e9s sz\u0151rzettel rendelkeznek vagy id\u0151sek<\/div>\n<div dir=\"auto\"><span class=\"x3nfvp2 x1j61x8r x1fcty0u xdj266r xhhsvwb xat24cr xgzva0m xxymvpz xlup9mm x1kky2od\"><img loading=\"lazy\" decoding=\"async\" class=\"xz74otr\" src=\"https:\/\/static.xx.fbcdn.net\/images\/emoji.php\/v9\/td8\/1.5\/16\/2714.png\" alt=\"\u2714\ufe0f\" width=\"16\" height=\"16\" \/><\/span> Belt\u00e9rben \u00e9s k\u00fclt\u00e9rben is egyar\u00e1nt haszn\u00e1lhat\u00f3 megold\u00e1s<\/div>\n<div dir=\"auto\"><\/div>\n<div dir=\"auto\">A kutyah\u00e1z f\u0171t\u0151f\u00f3lia csomagot nem csak k\u00fclt\u00e9rben, de belt\u00e9rben is haszn\u00e1lhatjuk. Gyakran a hideg id\u0151 bek\u00f6sz\u00f6nt\u00e9vel, a kiskedvenceket bek\u00f6lt\u00f6ztetik a lak\u00e1s kisebb, elszepar\u00e1ltabb r\u00e9szeibe, p\u00e9ld\u00e1ul el\u0151szoba, gar\u00e1zs. Ezek a helys\u00e9gek is leh\u00fcllhetnek, a f\u0171t\u0151f\u00f3lia kiv\u00e1l\u00f3an haszn\u00e1lhat\u00f3 a kutya matraca vagy m\u00e1s berendez\u00e9s\u00e9vel kieg\u00e9sz\u00edtve a f\u00f6ld\u00f6n vagy ak\u00e1r a falra felhelyezve. Ha szeretn\u00e9l t\u00f6bbet megtudni a kutyah\u00e1z f\u0171t\u00e9s\u00e9vel kapcsolatos lehet\u0151s\u00e9gr\u0151l, ak\u00e1r t\u00f6bb f\u0171t\u00e9si megold\u00e1sr\u00f3l akkor, olvass tov\u00e1bb a <a href=\"https:\/\/www.futofolia.hu\/kutyahaz-futes\/\"><strong>blogok<\/strong><\/a> k\u00f6z\u00f6tt.<\/div>\n<\/div>\n<div dir=\"auto\"><\/div>\n<h2 dir=\"auto\"><strong>Csomag tartalma:\u00a0<\/strong><\/h2>\n<p>A kutyah\u00e1z f\u0171t\u0151f\u00f3lia csomagot a gazdik ig\u00e9nyeire tervezt\u00fck az elm\u00falt \u00e9vek tapasztalatai alapj\u00e1n. A f\u0171t\u0151f\u00f3lia mell\u00e9 tervezt\u00fcnk egy\u00a0 vez\u00e9rl\u00e9st, amely optimaliz\u00e1lja a f\u0171t\u00e9si id\u0151t a kutyah\u00e1zban. A csomag tartalmaz egy\u00a0 0,5\u00d70,5 m-es vill\u00e1sdug\u00f3val felszerelt f\u00f3li\u00e1t \u00e9s a \u201eA Nap melege k\u00f6nyv\u00fcnket\u201d, amelyben minden fontos inform\u00e1ci\u00f3 megtal\u00e1lhat\u00f3 a f\u0171t\u00e9sirendszer m\u0171k\u00f6d\u00e9s\u00e9vel kapcsolatban. A csomaghoz ki kell v\u00e1lasztani az ig\u00e9nyekhez igaz\u00edtva egy vez\u00e9rl\u0151t.<\/p>\n<h3>3 lehets\u00e9g el\u00e9rhet\u0151:<\/h3>\n<p><strong><a href=\"https:\/\/www.futofolia.hu\/wp-content\/uploads\/2018\/01\/1927010010_01-P5522.jpg\"><img loading=\"lazy\" decoding=\"async\" class=\"wp-image-2080 alignleft\" src=\"https:\/\/www.futofolia.hu\/wp-content\/uploads\/2018\/01\/1927010010_01-P5522-300x300.jpg\" alt=\"mechanikus id\u0151kapcsol\u00f3 - elektromos f\u0171t\u00e9shez\" width=\"143\" height=\"143\" \/><\/a>1. K\u00e9zi vez\u00e9rl\u00e9s\u0171:<\/strong> A mechanikus id\u0151kapcsol\u00f3val el\u0151re id\u0151z\u00edtheted a kutyah\u00e1z f\u0171t\u00e9s\u00e9t, 15 perc &#8211; 24 \u00f3ra k\u00f6z\u00f6tti intervallumban. A term\u00e9k megb\u00edzhat\u00f3an m\u0171k\u00f6dik a t\u00e9li hidegben \u00e9s a ny\u00e1ri h\u0151s\u00e9gben egyar\u00e1nt. (-25 \u00e9s 50 fok k\u00f6z\u00f6tt is) Akkor aj\u00e1nljuk ezt a term\u00e9ket, hogyha nem okoz gondot a f\u0171t\u00e9s ki-be kapcsol\u00e1sa a mindennapokban.<\/p>\n<p>&nbsp;<\/p>\n<p><a href=\"https:\/\/www.futofolia.hu\/wp-content\/uploads\/2018\/01\/1927110010_01-P5521.jpg\"><img loading=\"lazy\" decoding=\"async\" class=\"wp-image-2078 alignleft\" src=\"https:\/\/www.futofolia.hu\/wp-content\/uploads\/2018\/01\/1927110010_01-P5521-300x300.jpg\" alt=\"\" width=\"129\" height=\"129\" \/><\/a><strong>\u00a02. El\u0151re programozhat\u00f3:<\/strong> A digit\u00e1lis id\u0151kapcsol\u00f3t az el\u0151z\u0151 term\u00e9kkel szemben, el\u00e9g hetente be\u00e1ll\u00edtani a kutyah\u00e1z f\u0171t\u00e9st \u00e9s a rendszer automatikusan le\u00e1ll vagy elindul a be\u00e1ll\u00edtott id\u0151szakban. Abban az esetben \u00e9rdemes ezt a term\u00e9ket v\u00e1s\u00e1rolni, hogyha kevesebbet vagyunk otthon, napi vagy heti rendszeress\u00e9ggel nem okoz gondot, a f\u0171t\u00e9sirendszer be\u00e1ll\u00edt\u00e1sa.<\/p>\n<p>&nbsp;<\/p>\n<p><strong><a href=\"https:\/\/www.futofolia.hu\/wp-content\/uploads\/2022\/12\/konektor_termosztat_wifi_15.jpg\"><img loading=\"lazy\" decoding=\"async\" class=\"wp-image-9938387 alignleft\" src=\"https:\/\/www.futofolia.hu\/wp-content\/uploads\/2022\/12\/konektor_termosztat_wifi_15-300x266.jpg\" alt=\"https:\/\/www.futofolia.hu\/wp-content\/uploads\/2022\/12\/konektor_termosztat_wifi_3.jpg\" width=\"135\" height=\"120\" \/><\/a> 3. Autmatikus rendszer: <\/strong>A programozhat\u00f3 termoszt\u00e1t, a be\u00e9p\u00edtett h\u0151m\u00e9rs\u00e9letszond\u00e1nak k\u00f6sz\u00f6nhet\u0151en, automatikusan igazodik az el\u0151re megadott h\u0151m\u00e9rs\u00e9klethez. A Wifi kapcsolatnak k\u00f6sz\u00f6nhet\u0151en a csatlakoztat\u00e1st k\u00f6vet\u0151en t\u00e1volb\u00f3l, telefon seg\u00edts\u00e9g\u00e9vel is \u00e1ll\u00edthatjuk a kutyah\u00e1z vagy kutya\u00f3l f\u0171t\u00e9s\u00e9nek h\u0151m\u00e9rs\u00e9klet\u00e9t. Az automatikus rendszert, akkor aj\u00e1nljuk, hogyha egy k\u00f6nnyen haszn\u00e1lhat\u00f3, k\u00e9nyelmes, t\u00e1volr\u00f3l vez\u00e9relhet\u0151, megold\u00e1st keresel.<\/p>\n<p>&nbsp;<\/p>\n<h2><strong>El\u00e9gedett gazdik:\u00a0<\/strong><\/h2>\n<p><a href=\"https:\/\/www.futofolia.hu\/wp-content\/uploads\/2020\/08\/23421319_167639757156846_8808872100396793856_n.jpg\"><img loading=\"lazy\" decoding=\"async\" class=\"alignnone wp-image-9903858\" src=\"https:\/\/www.futofolia.hu\/wp-content\/uploads\/2020\/08\/23421319_167639757156846_8808872100396793856_n-300x300.jpg\" alt=\"kutyah\u00e1z f\u0171t\u00e9s\" width=\"193\" height=\"193\" \/><\/a><a href=\"https:\/\/www.futofolia.hu\/wp-content\/uploads\/2020\/08\/23498641_1276902062413903_3762781592024514560_n.jpg\"><img loading=\"lazy\" decoding=\"async\" class=\"alignnone wp-image-9903860\" src=\"https:\/\/www.futofolia.hu\/wp-content\/uploads\/2020\/08\/23498641_1276902062413903_3762781592024514560_n-300x300.jpg\" alt=\"kutyah\u00e1z f\u0171t\u00e9s\" width=\"193\" height=\"193\" \/><\/a> <a href=\"https:\/\/www.futofolia.hu\/wp-content\/uploads\/2020\/08\/23498197_1379172275514770_4976721559566680064_n.jpg\"><img loading=\"lazy\" decoding=\"async\" class=\"alignnone wp-image-9903859\" src=\"https:\/\/www.futofolia.hu\/wp-content\/uploads\/2020\/08\/23498197_1379172275514770_4976721559566680064_n-300x300.jpg\" alt=\"kutyah\u00e1z f\u0171t\u00e9s\" width=\"193\" height=\"193\" \/><\/a><\/p>\n","protected":false},"excerpt":{"rendered":"<p>Kutyah\u00e1z f\u0171t\u00e9s kedvenceinknek\u00a0 Legyen sz\u00f3 k\u00f6ly\u00f6k- vagy id\u0151sebb kuty\u00e1r\u00f3l, mindannyian szeretn\u00e9nk, hogy n\u00e9gyl\u00e1b\u00fa bar\u00e1taink k\u00e9nyelemben \u00e9s melegben \u00e9ljenek a kutyah\u00e1zban vagy otthonunkban. A hagyom\u00e1nyos f\u0171t\u00e9si m\u00f3dszerek, mint p\u00e9ld\u00e1ul a f\u0171t\u0151test vagy f\u0171t\u0151lap, jelent\u0151s energiafogyaszt\u00e1ssal j\u00e1rnak, r\u00e1ad\u00e1sul meglehet\u0151sen neh\u00e9z a megfelel\u0151 h\u0151m\u00e9rs\u00e9kletet fenntartani. Itt j\u00f6n k\u00e9pbe a f\u0171t\u0151f\u00f3lia, az energiatakar\u00e9kos \u00e9s hat\u00e9kony megold\u00e1s a kutyah\u00e1z f\u0171t\u00e9s\u00e9re! [&hellip;]<\/p>\n","protected":false},"featured_media":9931976,"comment_status":"open","ping_status":"closed","template":"","meta":{"_et_pb_use_builder":"","_et_pb_old_content":"","_et_gb_content_width":""},"product_brand":[],"product_cat":[26],"product_tag":[],"class_list":{"0":"post-9931955","1":"product","2":"type-product","3":"status-publish","4":"has-post-thumbnail","6":"product_cat-kutyahaz-futes","8":"first","9":"instock","10":"taxable","11":"shipping-taxable","12":"purchasable","13":"product-type-simple"},"yoast_head":"<!-- This site is optimized with the Yoast SEO plugin v26.0 - https:\/\/yoast.com\/wordpress\/plugins\/seo\/ -->\n<title>Kutyah\u00e1z f\u0171t\u0151f\u00f3lia csomag - Varjas F\u0171t\u0151f\u00f3lia<\/title>\n<meta name=\"robots\" content=\"index, follow, max-snippet:-1, max-image-preview:large, max-video-preview:-1\" \/>\n<link rel=\"canonical\" href=\"https:\/\/varjasfutofolia.hu\/en\/termek\/kutyahaz-futofolia-csomag\/\" \/>\n<meta property=\"og:locale\" content=\"en_US\" \/>\n<meta property=\"og:locale:alternate\" content=\"hu_HU\" \/>\n<meta property=\"og:locale:alternate\" content=\"de_DE\" \/>\n<meta property=\"og:type\" content=\"article\" \/>\n<meta property=\"og:title\" content=\"Kutyah\u00e1z f\u0171t\u0151f\u00f3lia csomag - Varjas F\u0171t\u0151f\u00f3lia\" \/>\n<meta property=\"og:description\" content=\"Kutyah\u00e1z f\u0171t\u00e9s kedvenceinknek\u00a0 Legyen sz\u00f3 k\u00f6ly\u00f6k- vagy id\u0151sebb kuty\u00e1r\u00f3l, mindannyian szeretn\u00e9nk, hogy n\u00e9gyl\u00e1b\u00fa bar\u00e1taink k\u00e9nyelemben \u00e9s melegben \u00e9ljenek a kutyah\u00e1zban vagy otthonunkban. A hagyom\u00e1nyos f\u0171t\u00e9si m\u00f3dszerek, mint p\u00e9ld\u00e1ul a f\u0171t\u0151test vagy f\u0171t\u0151lap, jelent\u0151s energiafogyaszt\u00e1ssal j\u00e1rnak, r\u00e1ad\u00e1sul meglehet\u0151sen neh\u00e9z a megfelel\u0151 h\u0151m\u00e9rs\u00e9kletet fenntartani. Itt j\u00f6n k\u00e9pbe a f\u0171t\u0151f\u00f3lia, az energiatakar\u00e9kos \u00e9s hat\u00e9kony megold\u00e1s a kutyah\u00e1z f\u0171t\u00e9s\u00e9re! [&hellip;]\" \/>\n<meta property=\"og:url\" content=\"https:\/\/varjasfutofolia.hu\/en\/termek\/kutyahaz-futofolia-csomag\/\" \/>\n<meta property=\"og:site_name\" content=\"Varjas F\u0171t\u0151f\u00f3lia\" \/>\n<meta property=\"article:modified_time\" content=\"2024-12-01T23:03:45+00:00\" \/>\n<meta property=\"og:image\" content=\"https:\/\/static.xx.fbcdn.net\/images\/emoji.php\/v9\/td8\/1.5\/16\/2714.png\" \/>\n<meta name=\"twitter:card\" content=\"summary_large_image\" \/>\n<meta name=\"twitter:label1\" content=\"Est. reading time\" \/>\n\t<meta name=\"twitter:data1\" content=\"4 minutes\" \/>\n<script type=\"application\/ld+json\" class=\"yoast-schema-graph\">{\"@context\":\"https:\/\/schema.org\",\"@graph\":[{\"@type\":\"WebPage\",\"@id\":\"https:\/\/varjasfutofolia.hu\/termek\/kutyahaz-futofolia-csomag\/\",\"url\":\"https:\/\/varjasfutofolia.hu\/termek\/kutyahaz-futofolia-csomag\/\",\"name\":\"Kutyah\u00e1z f\u0171t\u0151f\u00f3lia csomag - Varjas F\u0171t\u0151f\u00f3lia\",\"isPartOf\":{\"@id\":\"https:\/\/varjasfutofolia.hu\/#website\"},\"primaryImageOfPage\":{\"@id\":\"https:\/\/varjasfutofolia.hu\/termek\/kutyahaz-futofolia-csomag\/#primaryimage\"},\"image\":{\"@id\":\"https:\/\/varjasfutofolia.hu\/termek\/kutyahaz-futofolia-csomag\/#primaryimage\"},\"thumbnailUrl\":\"https:\/\/varjasfutofolia.hu\/wp-content\/uploads\/2024\/12\/Nevtelen-terv-10.png\",\"datePublished\":\"2024-12-01T23:03:27+00:00\",\"dateModified\":\"2024-12-01T23:03:45+00:00\",\"breadcrumb\":{\"@id\":\"https:\/\/varjasfutofolia.hu\/termek\/kutyahaz-futofolia-csomag\/#breadcrumb\"},\"inLanguage\":\"en-US\",\"potentialAction\":[{\"@type\":\"ReadAction\",\"target\":[\"https:\/\/varjasfutofolia.hu\/termek\/kutyahaz-futofolia-csomag\/\"]}]},{\"@type\":\"ImageObject\",\"inLanguage\":\"en-US\",\"@id\":\"https:\/\/varjasfutofolia.hu\/termek\/kutyahaz-futofolia-csomag\/#primaryimage\",\"url\":\"https:\/\/varjasfutofolia.hu\/wp-content\/uploads\/2024\/12\/Nevtelen-terv-10.png\",\"contentUrl\":\"https:\/\/varjasfutofolia.hu\/wp-content\/uploads\/2024\/12\/Nevtelen-terv-10.png\",\"width\":300,\"height\":300},{\"@type\":\"BreadcrumbList\",\"@id\":\"https:\/\/varjasfutofolia.hu\/termek\/kutyahaz-futofolia-csomag\/#breadcrumb\",\"itemListElement\":[{\"@type\":\"ListItem\",\"position\":1,\"name\":\"Kezd\u0151lap\",\"item\":\"https:\/\/varjasfutofolia.hu\/\"},{\"@type\":\"ListItem\",\"position\":2,\"name\":\"\u00dczlet\",\"item\":\"https:\/\/varjasfutofolia.hu\/uzlet\/\"},{\"@type\":\"ListItem\",\"position\":3,\"name\":\"Kutyah\u00e1z f\u0171t\u0151f\u00f3lia csomag\"}]},{\"@type\":\"WebSite\",\"@id\":\"https:\/\/varjasfutofolia.hu\/#website\",\"url\":\"https:\/\/varjasfutofolia.hu\/\",\"name\":\"Varjas F\u0171t\u0151f\u00f3lia\",\"description\":\"A Nap melege az \u00d6n otthon\u00e1ban\",\"potentialAction\":[{\"@type\":\"SearchAction\",\"target\":{\"@type\":\"EntryPoint\",\"urlTemplate\":\"https:\/\/varjasfutofolia.hu\/?s={search_term_string}\"},\"query-input\":{\"@type\":\"PropertyValueSpecification\",\"valueRequired\":true,\"valueName\":\"search_term_string\"}}],\"inLanguage\":\"en-US\"}]}<\/script>\n<!-- \/ Yoast SEO plugin. -->","yoast_head_json":{"title":"Kutyah\u00e1z f\u0171t\u0151f\u00f3lia csomag - Varjas F\u0171t\u0151f\u00f3lia","robots":{"index":"index","follow":"follow","max-snippet":"max-snippet:-1","max-image-preview":"max-image-preview:large","max-video-preview":"max-video-preview:-1"},"canonical":"https:\/\/varjasfutofolia.hu\/en\/termek\/kutyahaz-futofolia-csomag\/","og_locale":"en_US","og_type":"article","og_title":"Kutyah\u00e1z f\u0171t\u0151f\u00f3lia csomag - Varjas F\u0171t\u0151f\u00f3lia","og_description":"Kutyah\u00e1z f\u0171t\u00e9s kedvenceinknek\u00a0 Legyen sz\u00f3 k\u00f6ly\u00f6k- vagy id\u0151sebb kuty\u00e1r\u00f3l, mindannyian szeretn\u00e9nk, hogy n\u00e9gyl\u00e1b\u00fa bar\u00e1taink k\u00e9nyelemben \u00e9s melegben \u00e9ljenek a kutyah\u00e1zban vagy otthonunkban. A hagyom\u00e1nyos f\u0171t\u00e9si m\u00f3dszerek, mint p\u00e9ld\u00e1ul a f\u0171t\u0151test vagy f\u0171t\u0151lap, jelent\u0151s energiafogyaszt\u00e1ssal j\u00e1rnak, r\u00e1ad\u00e1sul meglehet\u0151sen neh\u00e9z a megfelel\u0151 h\u0151m\u00e9rs\u00e9kletet fenntartani. Itt j\u00f6n k\u00e9pbe a f\u0171t\u0151f\u00f3lia, az energiatakar\u00e9kos \u00e9s hat\u00e9kony megold\u00e1s a kutyah\u00e1z f\u0171t\u00e9s\u00e9re! [&hellip;]","og_url":"https:\/\/varjasfutofolia.hu\/en\/termek\/kutyahaz-futofolia-csomag\/","og_site_name":"Varjas F\u0171t\u0151f\u00f3lia","article_modified_time":"2024-12-01T23:03:45+00:00","og_image":[{"url":"https:\/\/static.xx.fbcdn.net\/images\/emoji.php\/v9\/td8\/1.5\/16\/2714.png","type":"","width":"","height":""}],"twitter_card":"summary_large_image","twitter_misc":{"Est. reading time":"4 minutes"},"schema":{"@context":"https:\/\/schema.org","@graph":[{"@type":"WebPage","@id":"https:\/\/varjasfutofolia.hu\/termek\/kutyahaz-futofolia-csomag\/","url":"https:\/\/varjasfutofolia.hu\/termek\/kutyahaz-futofolia-csomag\/","name":"Kutyah\u00e1z f\u0171t\u0151f\u00f3lia csomag - Varjas F\u0171t\u0151f\u00f3lia","isPartOf":{"@id":"https:\/\/varjasfutofolia.hu\/#website"},"primaryImageOfPage":{"@id":"https:\/\/varjasfutofolia.hu\/termek\/kutyahaz-futofolia-csomag\/#primaryimage"},"image":{"@id":"https:\/\/varjasfutofolia.hu\/termek\/kutyahaz-futofolia-csomag\/#primaryimage"},"thumbnailUrl":"https:\/\/varjasfutofolia.hu\/wp-content\/uploads\/2024\/12\/Nevtelen-terv-10.png","datePublished":"2024-12-01T23:03:27+00:00","dateModified":"2024-12-01T23:03:45+00:00","breadcrumb":{"@id":"https:\/\/varjasfutofolia.hu\/termek\/kutyahaz-futofolia-csomag\/#breadcrumb"},"inLanguage":"en-US","potentialAction":[{"@type":"ReadAction","target":["https:\/\/varjasfutofolia.hu\/termek\/kutyahaz-futofolia-csomag\/"]}]},{"@type":"ImageObject","inLanguage":"en-US","@id":"https:\/\/varjasfutofolia.hu\/termek\/kutyahaz-futofolia-csomag\/#primaryimage","url":"https:\/\/varjasfutofolia.hu\/wp-content\/uploads\/2024\/12\/Nevtelen-terv-10.png","contentUrl":"https:\/\/varjasfutofolia.hu\/wp-content\/uploads\/2024\/12\/Nevtelen-terv-10.png","width":300,"height":300},{"@type":"BreadcrumbList","@id":"https:\/\/varjasfutofolia.hu\/termek\/kutyahaz-futofolia-csomag\/#breadcrumb","itemListElement":[{"@type":"ListItem","position":1,"name":"Kezd\u0151lap","item":"https:\/\/varjasfutofolia.hu\/"},{"@type":"ListItem","position":2,"name":"\u00dczlet","item":"https:\/\/varjasfutofolia.hu\/uzlet\/"},{"@type":"ListItem","position":3,"name":"Kutyah\u00e1z f\u0171t\u0151f\u00f3lia csomag"}]},{"@type":"WebSite","@id":"https:\/\/varjasfutofolia.hu\/#website","url":"https:\/\/varjasfutofolia.hu\/","name":"Varjas F\u0171t\u0151f\u00f3lia","description":"A Nap melege az \u00d6n otthon\u00e1ban","potentialAction":[{"@type":"SearchAction","target":{"@type":"EntryPoint","urlTemplate":"https:\/\/varjasfutofolia.hu\/?s={search_term_string}"},"query-input":{"@type":"PropertyValueSpecification","valueRequired":true,"valueName":"search_term_string"}}],"inLanguage":"en-US"}]}},"_links":{"self":[{"href":"https:\/\/varjasfutofolia.hu\/en\/wp-json\/wp\/v2\/product\/9931955","targetHints":{"allow":["GET"]}}],"collection":[{"href":"https:\/\/varjasfutofolia.hu\/en\/wp-json\/wp\/v2\/product"}],"about":[{"href":"https:\/\/varjasfutofolia.hu\/en\/wp-json\/wp\/v2\/types\/product"}],"replies":[{"embeddable":true,"href":"https:\/\/varjasfutofolia.hu\/en\/wp-json\/wp\/v2\/comments?post=9931955"}],"wp:featuredmedia":[{"embeddable":true,"href":"https:\/\/varjasfutofolia.hu\/en\/wp-json\/wp\/v2\/media\/9931976"}],"wp:attachment":[{"href":"https:\/\/varjasfutofolia.hu\/en\/wp-json\/wp\/v2\/media?parent=9931955"}],"wp:term":[{"taxonomy":"product_brand","embeddable":true,"href":"https:\/\/varjasfutofolia.hu\/en\/wp-json\/wp\/v2\/product_brand?post=9931955"},{"taxonomy":"product_cat","embeddable":true,"href":"https:\/\/varjasfutofolia.hu\/en\/wp-json\/wp\/v2\/product_cat?post=9931955"},{"taxonomy":"product_tag","embeddable":true,"href":"https:\/\/varjasfutofolia.hu\/en\/wp-json\/wp\/v2\/product_tag?post=9931955"}],"curies":[{"name":"wp","href":"https:\/\/api.w.org\/{rel}","templated":true}]}}