{"id":9931947,"date":"2024-12-02T00:03:27","date_gmt":"2024-12-01T23:03:27","guid":{"rendered":"https:\/\/varjasfutofolia.hu\/?post_type=product&#038;p=9931947"},"modified":"2024-12-02T00:03:35","modified_gmt":"2024-12-01T23:03:35","slug":"luxus-wifi-termosztat-standard-meret-fekete-szinben-b2000","status":"publish","type":"product","link":"https:\/\/varjasfutofolia.hu\/en\/termek\/luxus-wifi-termosztat-standard-meret-fekete-szinben-b2000\/","title":{"rendered":"Luxus WIFI termoszt\u00e1t (standard m\u00e9ret) fekete sz\u00ednben B2000"},"content":{"rendered":"<p>1. Sz\u00e9les k\u00f6r\u0171 alkalmaz\u00e1s: Alkalmas elektromos f\u0171t\u0151radi\u00e1torokhoz, elektromos h\u0171t\u00e9shez \u00e9s h\u0151m\u00e9rs\u00e9klet-szab\u00e1lyoz\u00f3 rendszerhez. Intelligens otthonokban, bev\u00e1s\u00e1rl\u00f3k\u00f6zpontokban \u00e9s ipari helyeken egyar\u00e1nt haszn\u00e1lhat\u00f3.<\/p>\n<p>2. K\u00fcl\u00f6nf\u00e9le speci\u00e1lis be\u00e1ll\u00edt\u00e1sok: 4 m\u00f3d k\u00f6z\u00fcl v\u00e1laszthat az \u00d6n ig\u00e9nyei szerint &#8211; K\u00e9zi\/Programoz\u00e1s\/Ideiglenes k\u00e9zi\/\u00dcd\u00fcl\u00e9si m\u00f3d.<\/p>\n<p>3.WiFi Connect &amp; APP Control: T\u00e1mogatja a t\u00e1voli vez\u00e9rl\u00e9st \u00e9s a h\u0151m\u00e9rs\u00e9klet-be\u00e1ll\u00edt\u00f3 programot a mobileszk\u00f6z\u00e9n, el\u0151sz\u00f6r t\u00f6ltse le az APP(Smartlife) alkalmaz\u00e1st az APP Store-b\u00f3l (iOS) vagy a Google Play-b\u0151l (Android).<\/p>\n<p>4.Egy egyszer\u0171 \u00e9s letisztult felhaszn\u00e1l\u00f3i fel\u00fclettel, amely egy kezd\u0151 sz\u00e1m\u00e1ra is k\u00f6nnyen kezelhet\u0151.<\/p>\n<div class='et-slide'>\n\t\t\t\t\t<a href=\"https:\/\/www.futofolia.hu\/wp-content\/uploads\/2023\/03\/003-1.jpg\"><img decoding=\"async\" class=\"alignnone size-medium wp-image-9943088\" src=\"https:\/\/www.futofolia.hu\/wp-content\/uploads\/2023\/03\/003-1.jpg\" alt=\"\" \/><\/a>\n\t\t\t\t<\/div>\n<div class='et-slide'>\n\t\t\t\t\t<a href=\"https:\/\/www.futofolia.hu\/wp-content\/uploads\/2023\/03\/002.jpg\"><img decoding=\"async\" class=\"alignnone size-medium wp-image-9943087\" src=\"https:\/\/www.futofolia.hu\/wp-content\/uploads\/2023\/03\/002.jpg\" alt=\"\" \/><\/a>\n\t\t\t\t<\/div>\n<div class='et-slide'>\n\t\t\t\t\t<a href=\"https:\/\/www.futofolia.hu\/wp-content\/uploads\/2023\/03\/005.jpg\"><img decoding=\"async\" class=\"alignnone size-medium wp-image-9943084\" src=\"https:\/\/www.futofolia.hu\/wp-content\/uploads\/2023\/03\/005.jpg\" alt=\"\" \/><\/a>\n\t\t\t\t<\/div>\n<div class='et-slide'>\n\t\t\t\t\t<a href=\"https:\/\/www.futofolia.hu\/wp-content\/uploads\/2023\/03\/004.jpg\"><img decoding=\"async\" class=\"alignnone size-medium wp-image-9943083\" src=\"https:\/\/www.futofolia.hu\/wp-content\/uploads\/2023\/03\/004.jpg\" alt=\"\" \/><\/a>\n\t\t\t\t<\/div>\n<div class='et-slide'>\n\t\t\t\t\t<a href=\"https:\/\/www.futofolia.hu\/wp-content\/uploads\/2023\/03\/001.jpg\"><img decoding=\"async\" class=\"alignnone size-medium wp-image-9943085\" src=\"https:\/\/www.futofolia.hu\/wp-content\/uploads\/2023\/03\/001.jpg\" alt=\"\" \/><\/a>\n\t\t\t\t<\/div>\n<h3>Telep\u00edt\u00e9si \u00fatmutat\u00f3<\/h3>\n<p><a href=\"https:\/\/www.futofolia.hu\/wp-content\/uploads\/2023\/03\/006.jpg\"><img decoding=\"async\" class=\"alignnone wp-image-9943086\" src=\"https:\/\/www.futofolia.hu\/wp-content\/uploads\/2023\/03\/006.jpg\" alt=\"\" \/><\/a><\/p>\n","protected":false},"excerpt":{"rendered":"<p>T\u00e1pell\u00e1t\u00e1s: 95 ~ 240 VAC, 50 ~ 60 Hz<br \/>\nterhel\u00e9s: 5A (v\u00edzf\u0171t\u00e9s\/v\u00edz\/g\u00e1zkaz\u00e1n), 6A (elektromos f\u0171t\u00e9s)<br \/>\n\u00c9rz\u00e9kel\u0151: NTC3950, 10K<br \/>\nPontoss\u00e1g: +0,5\u00b0C<br \/>\nBe\u00e1ll\u00edtott h\u0151m\u00e9rs\u00e9klet Tartom\u00e1ny: 5-35\u00b0C<\/p>\n<p>Szobah\u0151m\u00e9rs\u00e9klet Tartom\u00e1ny: 5-99\u00b0C<br \/>\nKijelz\u0151 h\u0151m\u00e9rs\u00e9klet Tartom\u00e1ny: 5 ~ 99\u00b0C<br \/>\nK\u00f6rnyezeti h\u0151m\u00e9rs\u00e9klet: 0-45\u00b0C<br \/>\nK\u00f6rnyezeti p\u00e1ratartalom: 5\u201395 % relat\u00edv p\u00e1ratartalom (nem kondenz\u00e1l\u00f3d\u00f3)<br \/>\nT\u00e1rol\u00e1si h\u0151m\u00e9rs\u00e9klet: -5~ 45\u00b0C<br \/>\n\u00c1ramfelv\u00e9tel: &lt;1. 5W<br \/>\nanyaga : PC + ABS (t\u0171z\u00e1ll\u00f3)<br \/>\nSzerel\u0151doboz: 86 * 86 mm-es n\u00e9gyzet alak\u00fa vagy eur\u00f3pai 60 mm-es kerek doboz<br \/>\nV\u00e9detts\u00e9gi oszt\u00e1ly: IP20<\/p>\n<p>Garancia: 1 \u00e9v<\/p>\n","protected":false},"featured_media":9931971,"comment_status":"open","ping_status":"closed","template":"","meta":{"_et_pb_use_builder":"","_et_pb_old_content":"","_et_gb_content_width":""},"product_brand":[],"product_cat":[29,88],"product_tag":[],"class_list":{"0":"post-9931947","1":"product","2":"type-product","3":"status-publish","4":"has-post-thumbnail","6":"product_cat-termosztat","7":"product_cat-wifi-termosztat","9":"first","10":"instock","11":"taxable","12":"shipping-taxable","13":"purchasable","14":"product-type-simple"},"yoast_head":"<!-- This site is optimized with the Yoast SEO plugin v26.0 - https:\/\/yoast.com\/wordpress\/plugins\/seo\/ -->\n<title>Luxus WIFI termoszt\u00e1t (standard m\u00e9ret) fekete sz\u00ednben B2000 - Varjas F\u0171t\u0151f\u00f3lia<\/title>\n<meta name=\"robots\" content=\"index, follow, max-snippet:-1, max-image-preview:large, max-video-preview:-1\" \/>\n<link rel=\"canonical\" href=\"https:\/\/varjasfutofolia.hu\/en\/termek\/luxus-wifi-termosztat-standard-meret-fekete-szinben-b2000\/\" \/>\n<meta property=\"og:locale\" content=\"en_US\" \/>\n<meta property=\"og:locale:alternate\" content=\"hu_HU\" \/>\n<meta property=\"og:locale:alternate\" content=\"de_DE\" \/>\n<meta property=\"og:type\" content=\"article\" \/>\n<meta property=\"og:title\" content=\"Luxus WIFI termoszt\u00e1t (standard m\u00e9ret) fekete sz\u00ednben B2000 - Varjas F\u0171t\u0151f\u00f3lia\" \/>\n<meta property=\"og:description\" content=\"T\u00e1pell\u00e1t\u00e1s: 95 ~ 240 VAC, 50 ~ 60 Hz terhel\u00e9s: 5A (v\u00edzf\u0171t\u00e9s\/v\u00edz\/g\u00e1zkaz\u00e1n), 6A (elektromos f\u0171t\u00e9s) \u00c9rz\u00e9kel\u0151: NTC3950, 10K Pontoss\u00e1g: +0,5\u00b0C Be\u00e1ll\u00edtott h\u0151m\u00e9rs\u00e9klet Tartom\u00e1ny: 5-35\u00b0C  Szobah\u0151m\u00e9rs\u00e9klet Tartom\u00e1ny: 5-99\u00b0C Kijelz\u0151 h\u0151m\u00e9rs\u00e9klet Tartom\u00e1ny: 5 ~ 99\u00b0C K\u00f6rnyezeti h\u0151m\u00e9rs\u00e9klet: 0-45\u00b0C K\u00f6rnyezeti p\u00e1ratartalom: 5\u201395 % relat\u00edv p\u00e1ratartalom (nem kondenz\u00e1l\u00f3d\u00f3) T\u00e1rol\u00e1si h\u0151m\u00e9rs\u00e9klet: -5~ 45\u00b0C \u00c1ramfelv\u00e9tel: &lt;1. 5W anyaga : PC + ABS (t\u0171z\u00e1ll\u00f3) Szerel\u0151doboz: 86 * 86 mm-es n\u00e9gyzet alak\u00fa vagy eur\u00f3pai 60 mm-es kerek doboz V\u00e9detts\u00e9gi oszt\u00e1ly: IP20  Garancia: 1 \u00e9v\" \/>\n<meta property=\"og:url\" content=\"https:\/\/varjasfutofolia.hu\/en\/termek\/luxus-wifi-termosztat-standard-meret-fekete-szinben-b2000\/\" \/>\n<meta property=\"og:site_name\" content=\"Varjas F\u0171t\u0151f\u00f3lia\" \/>\n<meta property=\"article:modified_time\" content=\"2024-12-01T23:03:35+00:00\" \/>\n<meta name=\"twitter:card\" content=\"summary_large_image\" \/>\n<meta name=\"twitter:label1\" content=\"Est. reading time\" \/>\n\t<meta name=\"twitter:data1\" content=\"1 minute\" \/>\n<script type=\"application\/ld+json\" class=\"yoast-schema-graph\">{\"@context\":\"https:\/\/schema.org\",\"@graph\":[{\"@type\":\"WebPage\",\"@id\":\"https:\/\/varjasfutofolia.hu\/termek\/luxus-wifi-termosztat-standard-meret-fekete-szinben-b2000\/\",\"url\":\"https:\/\/varjasfutofolia.hu\/termek\/luxus-wifi-termosztat-standard-meret-fekete-szinben-b2000\/\",\"name\":\"Luxus WIFI termoszt\u00e1t (standard m\u00e9ret) fekete sz\u00ednben B2000 - Varjas F\u0171t\u0151f\u00f3lia\",\"isPartOf\":{\"@id\":\"https:\/\/varjasfutofolia.hu\/#website\"},\"primaryImageOfPage\":{\"@id\":\"https:\/\/varjasfutofolia.hu\/termek\/luxus-wifi-termosztat-standard-meret-fekete-szinben-b2000\/#primaryimage\"},\"image\":{\"@id\":\"https:\/\/varjasfutofolia.hu\/termek\/luxus-wifi-termosztat-standard-meret-fekete-szinben-b2000\/#primaryimage\"},\"thumbnailUrl\":\"https:\/\/varjasfutofolia.hu\/wp-content\/uploads\/2024\/12\/fekete_luxus_termosztat.png\",\"datePublished\":\"2024-12-01T23:03:27+00:00\",\"dateModified\":\"2024-12-01T23:03:35+00:00\",\"breadcrumb\":{\"@id\":\"https:\/\/varjasfutofolia.hu\/termek\/luxus-wifi-termosztat-standard-meret-fekete-szinben-b2000\/#breadcrumb\"},\"inLanguage\":\"en-US\",\"potentialAction\":[{\"@type\":\"ReadAction\",\"target\":[\"https:\/\/varjasfutofolia.hu\/termek\/luxus-wifi-termosztat-standard-meret-fekete-szinben-b2000\/\"]}]},{\"@type\":\"ImageObject\",\"inLanguage\":\"en-US\",\"@id\":\"https:\/\/varjasfutofolia.hu\/termek\/luxus-wifi-termosztat-standard-meret-fekete-szinben-b2000\/#primaryimage\",\"url\":\"https:\/\/varjasfutofolia.hu\/wp-content\/uploads\/2024\/12\/fekete_luxus_termosztat.png\",\"contentUrl\":\"https:\/\/varjasfutofolia.hu\/wp-content\/uploads\/2024\/12\/fekete_luxus_termosztat.png\",\"width\":317,\"height\":313},{\"@type\":\"BreadcrumbList\",\"@id\":\"https:\/\/varjasfutofolia.hu\/termek\/luxus-wifi-termosztat-standard-meret-fekete-szinben-b2000\/#breadcrumb\",\"itemListElement\":[{\"@type\":\"ListItem\",\"position\":1,\"name\":\"Kezd\u0151lap\",\"item\":\"https:\/\/varjasfutofolia.hu\/\"},{\"@type\":\"ListItem\",\"position\":2,\"name\":\"\u00dczlet\",\"item\":\"https:\/\/varjasfutofolia.hu\/uzlet\/\"},{\"@type\":\"ListItem\",\"position\":3,\"name\":\"Luxus WIFI termoszt\u00e1t (standard m\u00e9ret) fekete sz\u00ednben B2000\"}]},{\"@type\":\"WebSite\",\"@id\":\"https:\/\/varjasfutofolia.hu\/#website\",\"url\":\"https:\/\/varjasfutofolia.hu\/\",\"name\":\"Varjas F\u0171t\u0151f\u00f3lia\",\"description\":\"A Nap melege az \u00d6n otthon\u00e1ban\",\"potentialAction\":[{\"@type\":\"SearchAction\",\"target\":{\"@type\":\"EntryPoint\",\"urlTemplate\":\"https:\/\/varjasfutofolia.hu\/?s={search_term_string}\"},\"query-input\":{\"@type\":\"PropertyValueSpecification\",\"valueRequired\":true,\"valueName\":\"search_term_string\"}}],\"inLanguage\":\"en-US\"}]}<\/script>\n<!-- \/ Yoast SEO plugin. -->","yoast_head_json":{"title":"Luxus WIFI termoszt\u00e1t (standard m\u00e9ret) fekete sz\u00ednben B2000 - Varjas F\u0171t\u0151f\u00f3lia","robots":{"index":"index","follow":"follow","max-snippet":"max-snippet:-1","max-image-preview":"max-image-preview:large","max-video-preview":"max-video-preview:-1"},"canonical":"https:\/\/varjasfutofolia.hu\/en\/termek\/luxus-wifi-termosztat-standard-meret-fekete-szinben-b2000\/","og_locale":"en_US","og_type":"article","og_title":"Luxus WIFI termoszt\u00e1t (standard m\u00e9ret) fekete sz\u00ednben B2000 - Varjas F\u0171t\u0151f\u00f3lia","og_description":"T\u00e1pell\u00e1t\u00e1s: 95 ~ 240 VAC, 50 ~ 60 Hz terhel\u00e9s: 5A (v\u00edzf\u0171t\u00e9s\/v\u00edz\/g\u00e1zkaz\u00e1n), 6A (elektromos f\u0171t\u00e9s) \u00c9rz\u00e9kel\u0151: NTC3950, 10K Pontoss\u00e1g: +0,5\u00b0C Be\u00e1ll\u00edtott h\u0151m\u00e9rs\u00e9klet Tartom\u00e1ny: 5-35\u00b0C  Szobah\u0151m\u00e9rs\u00e9klet Tartom\u00e1ny: 5-99\u00b0C Kijelz\u0151 h\u0151m\u00e9rs\u00e9klet Tartom\u00e1ny: 5 ~ 99\u00b0C K\u00f6rnyezeti h\u0151m\u00e9rs\u00e9klet: 0-45\u00b0C K\u00f6rnyezeti p\u00e1ratartalom: 5\u201395 % relat\u00edv p\u00e1ratartalom (nem kondenz\u00e1l\u00f3d\u00f3) T\u00e1rol\u00e1si h\u0151m\u00e9rs\u00e9klet: -5~ 45\u00b0C \u00c1ramfelv\u00e9tel: &lt;1. 5W anyaga : PC + ABS (t\u0171z\u00e1ll\u00f3) Szerel\u0151doboz: 86 * 86 mm-es n\u00e9gyzet alak\u00fa vagy eur\u00f3pai 60 mm-es kerek doboz V\u00e9detts\u00e9gi oszt\u00e1ly: IP20  Garancia: 1 \u00e9v","og_url":"https:\/\/varjasfutofolia.hu\/en\/termek\/luxus-wifi-termosztat-standard-meret-fekete-szinben-b2000\/","og_site_name":"Varjas F\u0171t\u0151f\u00f3lia","article_modified_time":"2024-12-01T23:03:35+00:00","twitter_card":"summary_large_image","twitter_misc":{"Est. reading time":"1 minute"},"schema":{"@context":"https:\/\/schema.org","@graph":[{"@type":"WebPage","@id":"https:\/\/varjasfutofolia.hu\/termek\/luxus-wifi-termosztat-standard-meret-fekete-szinben-b2000\/","url":"https:\/\/varjasfutofolia.hu\/termek\/luxus-wifi-termosztat-standard-meret-fekete-szinben-b2000\/","name":"Luxus WIFI termoszt\u00e1t (standard m\u00e9ret) fekete sz\u00ednben B2000 - Varjas F\u0171t\u0151f\u00f3lia","isPartOf":{"@id":"https:\/\/varjasfutofolia.hu\/#website"},"primaryImageOfPage":{"@id":"https:\/\/varjasfutofolia.hu\/termek\/luxus-wifi-termosztat-standard-meret-fekete-szinben-b2000\/#primaryimage"},"image":{"@id":"https:\/\/varjasfutofolia.hu\/termek\/luxus-wifi-termosztat-standard-meret-fekete-szinben-b2000\/#primaryimage"},"thumbnailUrl":"https:\/\/varjasfutofolia.hu\/wp-content\/uploads\/2024\/12\/fekete_luxus_termosztat.png","datePublished":"2024-12-01T23:03:27+00:00","dateModified":"2024-12-01T23:03:35+00:00","breadcrumb":{"@id":"https:\/\/varjasfutofolia.hu\/termek\/luxus-wifi-termosztat-standard-meret-fekete-szinben-b2000\/#breadcrumb"},"inLanguage":"en-US","potentialAction":[{"@type":"ReadAction","target":["https:\/\/varjasfutofolia.hu\/termek\/luxus-wifi-termosztat-standard-meret-fekete-szinben-b2000\/"]}]},{"@type":"ImageObject","inLanguage":"en-US","@id":"https:\/\/varjasfutofolia.hu\/termek\/luxus-wifi-termosztat-standard-meret-fekete-szinben-b2000\/#primaryimage","url":"https:\/\/varjasfutofolia.hu\/wp-content\/uploads\/2024\/12\/fekete_luxus_termosztat.png","contentUrl":"https:\/\/varjasfutofolia.hu\/wp-content\/uploads\/2024\/12\/fekete_luxus_termosztat.png","width":317,"height":313},{"@type":"BreadcrumbList","@id":"https:\/\/varjasfutofolia.hu\/termek\/luxus-wifi-termosztat-standard-meret-fekete-szinben-b2000\/#breadcrumb","itemListElement":[{"@type":"ListItem","position":1,"name":"Kezd\u0151lap","item":"https:\/\/varjasfutofolia.hu\/"},{"@type":"ListItem","position":2,"name":"\u00dczlet","item":"https:\/\/varjasfutofolia.hu\/uzlet\/"},{"@type":"ListItem","position":3,"name":"Luxus WIFI termoszt\u00e1t (standard m\u00e9ret) fekete sz\u00ednben B2000"}]},{"@type":"WebSite","@id":"https:\/\/varjasfutofolia.hu\/#website","url":"https:\/\/varjasfutofolia.hu\/","name":"Varjas F\u0171t\u0151f\u00f3lia","description":"A Nap melege az \u00d6n otthon\u00e1ban","potentialAction":[{"@type":"SearchAction","target":{"@type":"EntryPoint","urlTemplate":"https:\/\/varjasfutofolia.hu\/?s={search_term_string}"},"query-input":{"@type":"PropertyValueSpecification","valueRequired":true,"valueName":"search_term_string"}}],"inLanguage":"en-US"}]}},"_links":{"self":[{"href":"https:\/\/varjasfutofolia.hu\/en\/wp-json\/wp\/v2\/product\/9931947","targetHints":{"allow":["GET"]}}],"collection":[{"href":"https:\/\/varjasfutofolia.hu\/en\/wp-json\/wp\/v2\/product"}],"about":[{"href":"https:\/\/varjasfutofolia.hu\/en\/wp-json\/wp\/v2\/types\/product"}],"replies":[{"embeddable":true,"href":"https:\/\/varjasfutofolia.hu\/en\/wp-json\/wp\/v2\/comments?post=9931947"}],"wp:featuredmedia":[{"embeddable":true,"href":"https:\/\/varjasfutofolia.hu\/en\/wp-json\/wp\/v2\/media\/9931971"}],"wp:attachment":[{"href":"https:\/\/varjasfutofolia.hu\/en\/wp-json\/wp\/v2\/media?parent=9931947"}],"wp:term":[{"taxonomy":"product_brand","embeddable":true,"href":"https:\/\/varjasfutofolia.hu\/en\/wp-json\/wp\/v2\/product_brand?post=9931947"},{"taxonomy":"product_cat","embeddable":true,"href":"https:\/\/varjasfutofolia.hu\/en\/wp-json\/wp\/v2\/product_cat?post=9931947"},{"taxonomy":"product_tag","embeddable":true,"href":"https:\/\/varjasfutofolia.hu\/en\/wp-json\/wp\/v2\/product_tag?post=9931947"}],"curies":[{"name":"wp","href":"https:\/\/api.w.org\/{rel}","templated":true}]}}