{"id":9931939,"date":"2024-12-02T00:03:26","date_gmt":"2024-12-01T23:03:26","guid":{"rendered":"https:\/\/varjasfutofolia.hu\/?post_type=product&#038;p=9931939"},"modified":"2024-12-02T00:03:29","modified_gmt":"2024-12-01T23:03:29","slug":"programozhato-bht-12e-wifi-konnektor-termosztat-dugalj-termosztat-16a","status":"publish","type":"product","link":"https:\/\/varjasfutofolia.hu\/en\/termek\/programozhato-bht-12e-wifi-konnektor-termosztat-dugalj-termosztat-16a\/","title":{"rendered":"Programozhat\u00f3 BHT-12E-WiFi Konnektor termoszt\u00e1t \u2013 dugalj termoszt\u00e1t 16A"},"content":{"rendered":"<h4 style=\"font-weight: 400;\"><strong>Programozhat\u00f3 Smart WiFi digit\u00e1lis aljzatos termoszt\u00e1t h\u0151m\u00e9rs\u00e9kletszond\u00e1val \u00e9s LED kijelz\u0151vel<\/strong><\/h4>\n<p style=\"font-weight: 400;\">A konnektor termoszt\u00e1tot a parancsok \u00e9s a programoz\u00e1s egyszer\u0171s\u00e9ge jellemzi.<\/p>\n<p style=\"font-weight: 400;\">A k\u00edv\u00e1nt h\u0151m\u00e9rs\u00e9klet be\u00e1ll\u00edt\u00e1sa ut\u00e1n a be\u00e9p\u00edtett h\u0151m\u00e9rs\u00e9klet-szonda\u00a0\u00a0megm\u00e9ri a k\u00f6rnyezeti h\u0151m\u00e9rs\u00e9klet val\u00f3s \u00e9rt\u00e9k\u00e9t, \u00e9s a k\u00edv\u00e1nt c\u00e9l\u00e9rt\u00e9knek megfelel\u0151en szab\u00e1lyozza a csatlakoztatott f\u0171t\u0151testet vagy kl\u00edmaberendez\u00e9st.<\/p>\n<p style=\"font-weight: 400;\">A dugulj termoszt\u00e1t, amellyel otthoni f\u0171t\u00e9st vez\u00e9relhet\u00a0okostelefonon vagy t\u00e1blag\u00e9pen b\u00e1rhonnan, k\u00f6sz\u00f6nhet\u0151en az intelligens alkalmaz\u00e1snak, vez\u00e9relhet\u0151: iOS eszk\u00f6z\u00f6k\u00f6n, Androidon, van heti programoz\u00e1s, a bels\u0151 h\u0151m\u00e9rs\u00e9klet be\u00e1ll\u00edt\u00e1sa 5 \u00e9s 35 \u00b0C k\u00f6z\u00f6tt 0,5 \u00b0C fokozattal, WiFi 802.11 b \/ g \/ n, valamint kompatibilis a Google Asszisztenssel \u00e9s az Amazon Alex\u00e1val.<\/p>\n<p style=\"font-weight: 400;\"><strong>A k\u00edv\u00e1nt h\u0151m\u00e9rs\u00e9klet be\u00e1ll\u00edt\u00e1sa<\/strong><\/p>\n<p style=\"font-weight: 400;\">A Wifi termoszt\u00e1t haszn\u00e1lhat\u00f3 a h\u0151m\u00e9rs\u00e9klet be\u00e1ll\u00edt\u00e1s\u00e1ra a be\u00e1ll\u00edtott \u00fctemez\u00e9snek vagy a be\u00e1ll\u00edtott f\u0171t\u00e9si m\u00f3dnak megfelel\u0151en. Ez n\u00f6veli a k\u00f6rnyezet h\u0151komfortj\u00e1t \u00e9s cs\u00f6kkenti az \u00e9p\u00fclet f\u0171t\u00e9si k\u00f6lts\u00e9geit.<\/p>\n<h4 style=\"font-weight: 400;\"><strong>Gyors \u00e9s vezet\u00e9k n\u00e9lk\u00fcli kapcsolat. Integr\u00e1ci\u00f3<\/strong><\/h4>\n<p style=\"font-weight: 400;\">A termoszt\u00e1t Wi-Fi 802.11 b \/ g \/ n vezet\u00e9k n\u00e9lk\u00fcli kapcsolattal van felszerelve a 2,4 GHz-es s\u00e1vban. Az iOS \u00e9s Android k\u00e9sz\u00fcl\u00e9kekhez k\u00e9sz\u00fclt alkalmaz\u00e1snak k\u00f6sz\u00f6nhet\u0151en akkor is be\u00e1ll\u00edthatja a h\u0151m\u00e9rs\u00e9kletet a WiFi termoszt\u00e1ttal, ha a vil\u00e1g m\u00e1sik fel\u00e9n tart\u00f3zkodik.<\/p>\n<p style=\"font-weight: 400;\">Mindig t\u00e1j\u00e9koztatva van, naprak\u00e9sz inform\u00e1ci\u00f3kat kap a h\u00e1z h\u0151m\u00e9rs\u00e9klet\u00e9r\u0151l. A termoszt\u00e1t Wi-Fi h\u00e1l\u00f3zathoz val\u00f3 csatlakoztat\u00e1s\u00e1hoz nem sz\u00fcks\u00e9ges hogy k\u00f6lcs\u00f6nhat\u00e1sba ker\u00fclj\u00f6n a h\u00e1l\u00f3zat elemeivel. A termoszt\u00e1t a manaps\u00e1g elterjedt t\u00e1voli szerver technol\u00f3gi\u00e1t haszn\u00e1lja, amelyen kereszt\u00fcl Wi-Fi h\u00e1l\u00f3zaton k\u00edv\u00fcl is tud kommunik\u00e1lni a telefonnal.<\/p>\n<p style=\"font-weight: 400;\">A termoszt\u00e1t seg\u00edts\u00e9g\u00e9vel jobb \u00e1ttekint\u00e9se lesz otthona h\u0151m\u00e9rs\u00e9klet\u00e9r\u0151l.<\/p>\n<p style=\"font-weight: 400;\"><strong>\u00c9rt\u00e9kelni fogja az alkalmaz\u00e1s egyszer\u0171s\u00e9g\u00e9t \u00e9s hat\u00e9konys\u00e1g\u00e1t is<\/strong><\/p>\n<p style=\"font-weight: 400;\">Ugyanakkor ennek k\u00f6sz\u00f6nhet\u0151en b\u00e1rmilyen be\u00e1ll\u00edt\u00e1st m\u00f3dos\u00edthat.<\/p>\n<p style=\"font-weight: 400;\">Term\u00e9szetesen a termoszt\u00e1t manu\u00e1lisan is be\u00e1ll\u00edthat\u00f3. Az intelligens mobilalkalmaz\u00e1s lehet\u0151v\u00e9 teszi otthona ir\u00e1ny\u00edt\u00e1s\u00e1t a vil\u00e1g b\u00e1rmely pontj\u00e1r\u00f3l, csup\u00e1n az internet \u00e9s a mobiltelefon haszn\u00e1lat\u00e1val.<\/p>\n<p style=\"font-weight: 400;\"><strong>Otthona mindig meleg lesz egy intelligens termoszt\u00e1ttal<\/strong><\/p>\n<p style=\"font-weight: 400;\">Egy okos termoszt\u00e1t seg\u00edts\u00e9g\u00e9vel nem okoz gondot \u00fagy be\u00e1ll\u00edtani, hogy a h\u00e1za kiv\u00e1lasztott helyis\u00e9g\u00e9t egy adott id\u0151pontban a k\u00edv\u00e1nt h\u0151m\u00e9rs\u00e9kletre f\u0171ts\u00e9k. Vagy hogy az \u00f6sszes f\u0171t\u00e9s egyszerre \u00e9s \u00e1lland\u00f3 h\u0151m\u00e9rs\u00e9kleten m\u0171k\u00f6dj\u00f6n. B\u00e1rmelyik be\u00e1ll\u00edt\u00e1st is v\u00e1lasztja, a termoszt\u00e1tnak k\u00f6sz\u00f6nhet\u0151en mindig meleg lesz.<\/p>\n<p style=\"font-weight: 400;\"><strong>Intelligens programoz\u00e1s<\/strong><\/p>\n<p style=\"font-weight: 400;\">A szobatermoszt\u00e1t a helyis\u00e9g h\u0151m\u00e9rs\u00e9klet\u00e9nek szab\u00e1lyoz\u00e1s\u00e1ra szolg\u00e1l\u00f3 programmal van felszerelve, amely az egyes munkanapokra \u00e9s k\u00fcl\u00f6n szombatra \u00e9s vas\u00e1rnapra is be\u00e1ll\u00edthat\u00f3. A termoszt\u00e1t k\u00e9zi \u00fczemm\u00f3dba kapcsolhat\u00f3, ahol a programon k\u00edv\u00fcl be\u00e1ll\u00edthatja az ideiglenes h\u0151m\u00e9rs\u00e9kletet.<\/p>\n<p style=\"font-weight: 400;\"><strong>K\u00fcl\u00f6nf\u00e9le speci\u00e1lis be\u00e1ll\u00edt\u00e1sok<\/strong><\/p>\n<p style=\"font-weight: 400;\">Ig\u00e9nyei szerint 4 \u00fczemm\u00f3d k\u00f6z\u00fcl v\u00e1laszthat:<\/p>\n<p style=\"font-weight: 400;\">manu\u00e1lis, programoz\u00e1si, ideiglenes manu\u00e1lis, szabads\u00e1gol\u00e1si m\u00f3d.<\/p>\n<p style=\"font-weight: 400;\">Funkcion\u00e1lis \u00e9s teljes LCD<\/p>\n<p style=\"font-weight: 400;\">LCD k\u00e9perny\u0151vel felszerelt, pontos a h\u0151m\u00e9rs\u00e9kleti \u00e1llapot \u00e9s az \u00fczemm\u00f3d megjelen\u00edt\u00e9s\u00e9hez. LED sz\u00ednes kijelz\u0151 \u00e9rint\u0151gombokkal a hossz\u00fa \u00e9lettartam \u00e9s a jobb tisztas\u00e1g \u00e9rdek\u00e9ben a hagyom\u00e1nyos mechanikus gombokhoz k\u00e9pest. A funkci\u00f3gombok k\u00fcl\u00f6nb\u00f6z\u0151 sz\u00ednekben jelennek meg, ami intuit\u00edv \u00e9s eszt\u00e9tikus.<\/p>\n<p style=\"font-weight: 400;\">Kialak\u00edt\u00e1s gyerekz\u00e1r funkci\u00f3val, a speci\u00e1lis opci\u00f3k k\u00f6z\u00f6tt a teljes z\u00e1rat \u00e9s a f\u00e9lblokkot is be\u00e1ll\u00edthatja.<\/p>\n<table border=\"3\" width=\"471\">\n<thead>\n<tr>\n<th scope=\"row\">\n<h3>M\u0171szaki jellemz\u0151k<\/h3>\n<\/th>\n<td><\/td>\n<\/tr>\n<\/thead>\n<tbody>\n<tr>\n<td>\u00c9rz\u00e9kel\u0151<\/td>\n<td><b>NTC 10K<\/b><\/td>\n<\/tr>\n<tr>\n<td>Pontoss\u00e1g<\/td>\n<td><b>\u00b1 0.5 \u2103<\/b><\/td>\n<\/tr>\n<tr>\n<td>\u00c1ramell\u00e1t\u00e1s<\/td>\n<td><strong>95-220 Vac \/ 50-60 hz<\/strong><\/td>\n<\/tr>\n<tr>\n<td><b>H\u0151m\u00e9rs\u00e9klet tartom\u00e1ny <\/b><\/td>\n<td><b>5 -90 \u2103<\/b><\/td>\n<\/tr>\n<tr>\n<td>Energiafogyaszt\u00e1s<\/td>\n<td><b>&lt;1.5 W<\/b><\/td>\n<\/tr>\n<tr>\n<td>Maxim\u00e1lis terhel\u00e9s<\/td>\n<td><b>16A<\/b><\/td>\n<\/tr>\n<tr>\n<td>Id\u0151z\u00edt\u00e9si hiba<\/td>\n<td><b>&lt;1%<\/b><\/td>\n<\/tr>\n<tr>\n<td>Anyaga<\/td>\n<td><b>PC + ABS<\/b><\/td>\n<\/tr>\n<tr>\n<td>V\u00e9detts\u00e9gi szint<\/td>\n<td><b>IP20<\/b><\/td>\n<\/tr>\n<tr>\n<td>Telep\u00edt\u00e9s<\/td>\n<td>EU szabv\u00e1ny\u00fa aljzat<\/td>\n<\/tr>\n<tr>\n<td>T\u00e1rol\u00e1si h\u0151m\u00e9rs\u00e9klet<\/td>\n<td><b>-5 &#8211; 55 \u2103<\/b><\/td>\n<\/tr>\n<tr>\n<td>K\u00f6rnyezeti h\u0151m\u00e9rs\u00e9klet<\/td>\n<td><b>\u00a00 ~ 45 \u2103, 5 ~ 95% relat\u00edv p\u00e1ratartalom, nem lecsap\u00f3d\u00f3<\/b><\/td>\n<\/tr>\n<tr>\n<td>M\u00e9retek<\/td>\n<td><b>5.3 x 2.9 x 2.7 cm<\/b><\/td>\n<\/tr>\n<\/tbody>\n<\/table>\n<p>&nbsp;<\/p>\n<p>&nbsp;<\/p>\n<p><a href=\"https:\/\/www.futofolia.hu\/wp-content\/uploads\/2022\/12\/konektor_termosztat_wifi12.jpg\"><img loading=\"lazy\" decoding=\"async\" class=\"alignnone size-medium wp-image-9938388\" src=\"https:\/\/www.futofolia.hu\/wp-content\/uploads\/2022\/12\/konektor_termosztat_wifi12-300x226.jpg\" alt=\"https:\/\/www.futofolia.hu\/wp-content\/uploads\/2022\/12\/konektor_termosztat_wifi_3.jpg\" width=\"300\" height=\"226\" \/><\/a> <a href=\"https:\/\/www.futofolia.hu\/wp-content\/uploads\/2022\/12\/konektor_termosztat_wifi_15.jpg\"><img loading=\"lazy\" decoding=\"async\" class=\"alignnone size-medium wp-image-9938387\" src=\"https:\/\/www.futofolia.hu\/wp-content\/uploads\/2022\/12\/konektor_termosztat_wifi_15-300x266.jpg\" alt=\"https:\/\/www.futofolia.hu\/wp-content\/uploads\/2022\/12\/konektor_termosztat_wifi_3.jpg\" width=\"300\" height=\"266\" \/><\/a> <a href=\"https:\/\/www.futofolia.hu\/wp-content\/uploads\/2022\/12\/konektor_termosztat_wifi_14.jpg\"><img loading=\"lazy\" decoding=\"async\" class=\"alignnone size-medium wp-image-9938386\" src=\"https:\/\/www.futofolia.hu\/wp-content\/uploads\/2022\/12\/konektor_termosztat_wifi_14-300x262.jpg\" alt=\"https:\/\/www.futofolia.hu\/wp-content\/uploads\/2022\/12\/konektor_termosztat_wifi_3.jpg\" width=\"300\" height=\"262\" \/><\/a> <a href=\"https:\/\/www.futofolia.hu\/wp-content\/uploads\/2022\/12\/konektor_termosztat_wifi_13.jpg\"><img loading=\"lazy\" decoding=\"async\" class=\"alignnone size-medium wp-image-9938385\" src=\"https:\/\/www.futofolia.hu\/wp-content\/uploads\/2022\/12\/konektor_termosztat_wifi_13-300x231.jpg\" alt=\"https:\/\/www.futofolia.hu\/wp-content\/uploads\/2022\/12\/konektor_termosztat_wifi_3.jpg\" width=\"300\" height=\"231\" \/><\/a> <a href=\"https:\/\/www.futofolia.hu\/wp-content\/uploads\/2022\/12\/konektor_termosztat_wifi_11.jpg\"><img loading=\"lazy\" decoding=\"async\" class=\"alignnone size-medium wp-image-9938384\" src=\"https:\/\/www.futofolia.hu\/wp-content\/uploads\/2022\/12\/konektor_termosztat_wifi_11-300x219.jpg\" alt=\"https:\/\/www.futofolia.hu\/wp-content\/uploads\/2022\/12\/konektor_termosztat_wifi_3.jpg\" width=\"300\" height=\"219\" \/><\/a> <a href=\"https:\/\/www.futofolia.hu\/wp-content\/uploads\/2022\/12\/konektor_termosztat_wifi_10.jpg\"><img loading=\"lazy\" decoding=\"async\" class=\"alignnone size-medium wp-image-9938383\" src=\"https:\/\/www.futofolia.hu\/wp-content\/uploads\/2022\/12\/konektor_termosztat_wifi_10-300x225.jpg\" alt=\"https:\/\/www.futofolia.hu\/wp-content\/uploads\/2022\/12\/konektor_termosztat_wifi_3.jpg\" width=\"300\" height=\"225\" \/><\/a> <a href=\"https:\/\/www.futofolia.hu\/wp-content\/uploads\/2022\/12\/konektor_termosztat_wifi_9.jpg\"><img loading=\"lazy\" decoding=\"async\" class=\"alignnone size-medium wp-image-9938382\" src=\"https:\/\/www.futofolia.hu\/wp-content\/uploads\/2022\/12\/konektor_termosztat_wifi_9-300x201.jpg\" alt=\"https:\/\/www.futofolia.hu\/wp-content\/uploads\/2022\/12\/konektor_termosztat_wifi_3.jpg\" width=\"300\" height=\"201\" \/><\/a> <a href=\"https:\/\/www.futofolia.hu\/wp-content\/uploads\/2022\/12\/konektor_termosztat_wifi_8.jpg\"><img loading=\"lazy\" decoding=\"async\" class=\"alignnone size-medium wp-image-9938381\" src=\"https:\/\/www.futofolia.hu\/wp-content\/uploads\/2022\/12\/konektor_termosztat_wifi_8-300x235.jpg\" alt=\"https:\/\/www.futofolia.hu\/wp-content\/uploads\/2022\/12\/konektor_termosztat_wifi_3.jpg\" width=\"300\" height=\"235\" \/><\/a> <a href=\"https:\/\/www.futofolia.hu\/wp-content\/uploads\/2022\/12\/konektor_termosztat_wifi.jpg\"><img loading=\"lazy\" decoding=\"async\" class=\"alignnone size-medium wp-image-9938380\" src=\"https:\/\/www.futofolia.hu\/wp-content\/uploads\/2022\/12\/konektor_termosztat_wifi-300x206.jpg\" alt=\"https:\/\/www.futofolia.hu\/wp-content\/uploads\/2022\/12\/konektor_termosztat_wifi_3.jpg\" width=\"300\" height=\"206\" \/><\/a> <a href=\"https:\/\/www.futofolia.hu\/wp-content\/uploads\/2022\/12\/konektor_termosztat_wifi_7.jpg\"><img loading=\"lazy\" decoding=\"async\" class=\"alignnone size-medium wp-image-9938379\" src=\"https:\/\/www.futofolia.hu\/wp-content\/uploads\/2022\/12\/konektor_termosztat_wifi_7-300x126.jpg\" alt=\"https:\/\/www.futofolia.hu\/wp-content\/uploads\/2022\/12\/konektor_termosztat_wifi_3.jpg\" width=\"300\" height=\"126\" \/><\/a> <a href=\"https:\/\/www.futofolia.hu\/wp-content\/uploads\/2022\/12\/konektor_termosztat_wifi_6.jpg\"><img loading=\"lazy\" decoding=\"async\" class=\"alignnone size-medium wp-image-9938378\" src=\"https:\/\/www.futofolia.hu\/wp-content\/uploads\/2022\/12\/konektor_termosztat_wifi_6-300x161.jpg\" alt=\"https:\/\/www.futofolia.hu\/wp-content\/uploads\/2022\/12\/konektor_termosztat_wifi_3.jpg\" width=\"300\" height=\"161\" \/><\/a> <a href=\"https:\/\/www.futofolia.hu\/wp-content\/uploads\/2022\/12\/konektor_termosztat_wifi_5.jpg\"><img loading=\"lazy\" decoding=\"async\" class=\"alignnone size-medium wp-image-9938377\" src=\"https:\/\/www.futofolia.hu\/wp-content\/uploads\/2022\/12\/konektor_termosztat_wifi_5-300x195.jpg\" alt=\"https:\/\/www.futofolia.hu\/wp-content\/uploads\/2022\/12\/konektor_termosztat_wifi_3.jpg\" width=\"300\" height=\"195\" \/><\/a> <a href=\"https:\/\/www.futofolia.hu\/wp-content\/uploads\/2022\/12\/konektor_termosztat_wifi_4.jpg\"><img loading=\"lazy\" decoding=\"async\" class=\"alignnone size-medium wp-image-9938376\" src=\"https:\/\/www.futofolia.hu\/wp-content\/uploads\/2022\/12\/konektor_termosztat_wifi_4-300x228.jpg\" alt=\"https:\/\/www.futofolia.hu\/wp-content\/uploads\/2022\/12\/konektor_termosztat_wifi_3.jpg\" width=\"300\" height=\"228\" \/><\/a> <a href=\"https:\/\/www.futofolia.hu\/wp-content\/uploads\/2022\/12\/konektor_termosztat_wifi_2.jpg\"><img loading=\"lazy\" decoding=\"async\" class=\"alignnone size-medium wp-image-9938375\" src=\"https:\/\/www.futofolia.hu\/wp-content\/uploads\/2022\/12\/konektor_termosztat_wifi_2-300x300.jpg\" alt=\"https:\/\/www.futofolia.hu\/wp-content\/uploads\/2022\/12\/konektor_termosztat_wifi_3.jpg\" width=\"300\" height=\"300\" \/><\/a> <a href=\"https:\/\/www.futofolia.hu\/wp-content\/uploads\/2022\/12\/konektor_termosztat_wifi_3.jpg\"><img loading=\"lazy\" decoding=\"async\" class=\"alignnone size-medium wp-image-9938374\" src=\"https:\/\/www.futofolia.hu\/wp-content\/uploads\/2022\/12\/konektor_termosztat_wifi_3-298x300.jpg\" alt=\"konektor_termosztat_wifi_3\" width=\"298\" height=\"300\" \/><\/a><\/p>\n","protected":false},"excerpt":{"rendered":"<p style=\"font-weight: 400;\">Term\u00e9kparam\u00e9terek<\/p>\n<p style=\"font-weight: 400;\">Fesz\u00fclts\u00e9g: 95-220V, 50-60Hz<\/p>\n<p style=\"font-weight: 400;\">Maxim\u00e1lis terhel\u00e9s: 16A<\/p>\n<p style=\"font-weight: 400;\">H\u0151m\u00e9rs\u00e9klet-\u00e9rz\u00e9kel\u0151 elem: NTC10K<\/p>\n<p style=\"font-weight: 400;\">H\u0151m\u00e9rs\u00e9klet-szab\u00e1lyoz\u00e1s pontoss\u00e1ga: 0,5\u00b0C<\/p>\n<p style=\"font-weight: 400;\">H\u0151m\u00e9rs\u00e9klet-szab\u00e1lyoz\u00e1si tartom\u00e1ny: 5 &#8211; 90*C, a speci\u00e1lis be\u00e1ll\u00edt\u00e1sokban v\u00e1ltoztathat\u00f3<\/p>\n<p style=\"font-weight: 400;\">H\u00e1z anyaga: PC+ABS ( \u00e9g\u00e9sg\u00e1tl\u00f3)<\/p>\n<p style=\"font-weight: 400;\">Munkak\u00f6rnyezet 0 &#8211; 45\u00b0C, 5-95%RH (nincs p\u00e1ralecsap\u00f3d\u00e1s)<\/p>\n<p style=\"font-weight: 400;\">T\u00e1rol\u00e1si h\u0151m\u00e9rs\u00e9klet: -5 -55\u00b0C<\/p>\n<p style=\"font-weight: 400;\">V\u00e9detts\u00e9g: IP20<\/p>\n<p style=\"font-weight: 400;\">Kijelz\u0151 h\u0151m\u00e9rs\u00e9klet tartom\u00e1ny: 5-99\u00b0C<\/p>\n<p>Garancia: 1 \u00e9v<\/p>\n","protected":false},"featured_media":9930968,"comment_status":"open","ping_status":"closed","template":"","meta":{"_et_pb_use_builder":"","_et_pb_old_content":"","_et_gb_content_width":""},"product_brand":[],"product_cat":[29,88],"product_tag":[199,37,100],"class_list":{"0":"post-9931939","1":"product","2":"type-product","3":"status-publish","4":"has-post-thumbnail","6":"product_cat-termosztat","7":"product_cat-wifi-termosztat","8":"product_tag-konektor-termosztat","9":"product_tag-termosztat","10":"product_tag-wifi-termosztat","12":"first","13":"instock","14":"sale","15":"taxable","16":"shipping-taxable","17":"purchasable","18":"product-type-simple"},"yoast_head":"<!-- This site is optimized with the Yoast SEO plugin v26.0 - https:\/\/yoast.com\/wordpress\/plugins\/seo\/ -->\n<title>Programozhat\u00f3 BHT-12E-WiFi Konnektor termoszt\u00e1t \u2013 dugalj termoszt\u00e1t 16A - Varjas F\u0171t\u0151f\u00f3lia<\/title>\n<meta name=\"robots\" content=\"index, follow, max-snippet:-1, max-image-preview:large, max-video-preview:-1\" \/>\n<link rel=\"canonical\" href=\"https:\/\/varjasfutofolia.hu\/en\/termek\/programozhato-bht-12e-wifi-konnektor-termosztat-dugalj-termosztat-16a\/\" \/>\n<meta property=\"og:locale\" content=\"en_US\" \/>\n<meta property=\"og:locale:alternate\" content=\"hu_HU\" \/>\n<meta property=\"og:locale:alternate\" content=\"de_DE\" \/>\n<meta property=\"og:type\" content=\"article\" \/>\n<meta property=\"og:title\" content=\"Programozhat\u00f3 BHT-12E-WiFi Konnektor termoszt\u00e1t \u2013 dugalj termoszt\u00e1t 16A - Varjas F\u0171t\u0151f\u00f3lia\" \/>\n<meta property=\"og:description\" content=\"Term\u00e9kparam\u00e9terek Fesz\u00fclts\u00e9g: 95-220V, 50-60Hz Maxim\u00e1lis terhel\u00e9s: 16A H\u0151m\u00e9rs\u00e9klet-\u00e9rz\u00e9kel\u0151 elem: NTC10K H\u0151m\u00e9rs\u00e9klet-szab\u00e1lyoz\u00e1s pontoss\u00e1ga: 0,5\u00b0C H\u0151m\u00e9rs\u00e9klet-szab\u00e1lyoz\u00e1si tartom\u00e1ny: 5 - 90*C, a speci\u00e1lis be\u00e1ll\u00edt\u00e1sokban v\u00e1ltoztathat\u00f3 H\u00e1z anyaga: PC+ABS ( \u00e9g\u00e9sg\u00e1tl\u00f3) Munkak\u00f6rnyezet 0 - 45\u00b0C, 5-95%RH (nincs p\u00e1ralecsap\u00f3d\u00e1s) T\u00e1rol\u00e1si h\u0151m\u00e9rs\u00e9klet: -5 -55\u00b0C V\u00e9detts\u00e9g: IP20 Kijelz\u0151 h\u0151m\u00e9rs\u00e9klet tartom\u00e1ny: 5-99\u00b0C Garancia: 1 \u00e9v\" \/>\n<meta property=\"og:url\" content=\"https:\/\/varjasfutofolia.hu\/en\/termek\/programozhato-bht-12e-wifi-konnektor-termosztat-dugalj-termosztat-16a\/\" \/>\n<meta property=\"og:site_name\" content=\"Varjas F\u0171t\u0151f\u00f3lia\" \/>\n<meta property=\"article:modified_time\" content=\"2024-12-01T23:03:29+00:00\" \/>\n<meta name=\"twitter:card\" content=\"summary_large_image\" \/>\n<meta name=\"twitter:label1\" content=\"Est. reading time\" \/>\n\t<meta name=\"twitter:data1\" content=\"4 minutes\" \/>\n<script type=\"application\/ld+json\" class=\"yoast-schema-graph\">{\"@context\":\"https:\/\/schema.org\",\"@graph\":[{\"@type\":\"WebPage\",\"@id\":\"https:\/\/varjasfutofolia.hu\/termek\/programozhato-bht-12e-wifi-konnektor-termosztat-dugalj-termosztat-16a\/\",\"url\":\"https:\/\/varjasfutofolia.hu\/termek\/programozhato-bht-12e-wifi-konnektor-termosztat-dugalj-termosztat-16a\/\",\"name\":\"Programozhat\u00f3 BHT-12E-WiFi Konnektor termoszt\u00e1t \u2013 dugalj termoszt\u00e1t 16A - Varjas F\u0171t\u0151f\u00f3lia\",\"isPartOf\":{\"@id\":\"https:\/\/varjasfutofolia.hu\/#website\"},\"primaryImageOfPage\":{\"@id\":\"https:\/\/varjasfutofolia.hu\/termek\/programozhato-bht-12e-wifi-konnektor-termosztat-dugalj-termosztat-16a\/#primaryimage\"},\"image\":{\"@id\":\"https:\/\/varjasfutofolia.hu\/termek\/programozhato-bht-12e-wifi-konnektor-termosztat-dugalj-termosztat-16a\/#primaryimage\"},\"thumbnailUrl\":\"https:\/\/varjasfutofolia.hu\/wp-content\/uploads\/2022\/12\/konektor_termosztat_wifi_15.jpg\",\"datePublished\":\"2024-12-01T23:03:26+00:00\",\"dateModified\":\"2024-12-01T23:03:29+00:00\",\"breadcrumb\":{\"@id\":\"https:\/\/varjasfutofolia.hu\/termek\/programozhato-bht-12e-wifi-konnektor-termosztat-dugalj-termosztat-16a\/#breadcrumb\"},\"inLanguage\":\"en-US\",\"potentialAction\":[{\"@type\":\"ReadAction\",\"target\":[\"https:\/\/varjasfutofolia.hu\/termek\/programozhato-bht-12e-wifi-konnektor-termosztat-dugalj-termosztat-16a\/\"]}]},{\"@type\":\"ImageObject\",\"inLanguage\":\"en-US\",\"@id\":\"https:\/\/varjasfutofolia.hu\/termek\/programozhato-bht-12e-wifi-konnektor-termosztat-dugalj-termosztat-16a\/#primaryimage\",\"url\":\"https:\/\/varjasfutofolia.hu\/wp-content\/uploads\/2022\/12\/konektor_termosztat_wifi_15.jpg\",\"contentUrl\":\"https:\/\/varjasfutofolia.hu\/wp-content\/uploads\/2022\/12\/konektor_termosztat_wifi_15.jpg\",\"width\":1564,\"height\":1386},{\"@type\":\"BreadcrumbList\",\"@id\":\"https:\/\/varjasfutofolia.hu\/termek\/programozhato-bht-12e-wifi-konnektor-termosztat-dugalj-termosztat-16a\/#breadcrumb\",\"itemListElement\":[{\"@type\":\"ListItem\",\"position\":1,\"name\":\"Kezd\u0151lap\",\"item\":\"https:\/\/varjasfutofolia.hu\/\"},{\"@type\":\"ListItem\",\"position\":2,\"name\":\"\u00dczlet\",\"item\":\"https:\/\/varjasfutofolia.hu\/uzlet\/\"},{\"@type\":\"ListItem\",\"position\":3,\"name\":\"Programozhat\u00f3 BHT-12E-WiFi Konnektor termoszt\u00e1t \u2013 dugalj termoszt\u00e1t 16A\"}]},{\"@type\":\"WebSite\",\"@id\":\"https:\/\/varjasfutofolia.hu\/#website\",\"url\":\"https:\/\/varjasfutofolia.hu\/\",\"name\":\"Varjas F\u0171t\u0151f\u00f3lia\",\"description\":\"A Nap melege az \u00d6n otthon\u00e1ban\",\"potentialAction\":[{\"@type\":\"SearchAction\",\"target\":{\"@type\":\"EntryPoint\",\"urlTemplate\":\"https:\/\/varjasfutofolia.hu\/?s={search_term_string}\"},\"query-input\":{\"@type\":\"PropertyValueSpecification\",\"valueRequired\":true,\"valueName\":\"search_term_string\"}}],\"inLanguage\":\"en-US\"}]}<\/script>\n<!-- \/ Yoast SEO plugin. -->","yoast_head_json":{"title":"Programozhat\u00f3 BHT-12E-WiFi Konnektor termoszt\u00e1t \u2013 dugalj termoszt\u00e1t 16A - Varjas F\u0171t\u0151f\u00f3lia","robots":{"index":"index","follow":"follow","max-snippet":"max-snippet:-1","max-image-preview":"max-image-preview:large","max-video-preview":"max-video-preview:-1"},"canonical":"https:\/\/varjasfutofolia.hu\/en\/termek\/programozhato-bht-12e-wifi-konnektor-termosztat-dugalj-termosztat-16a\/","og_locale":"en_US","og_type":"article","og_title":"Programozhat\u00f3 BHT-12E-WiFi Konnektor termoszt\u00e1t \u2013 dugalj termoszt\u00e1t 16A - Varjas F\u0171t\u0151f\u00f3lia","og_description":"Term\u00e9kparam\u00e9terek Fesz\u00fclts\u00e9g: 95-220V, 50-60Hz Maxim\u00e1lis terhel\u00e9s: 16A H\u0151m\u00e9rs\u00e9klet-\u00e9rz\u00e9kel\u0151 elem: NTC10K H\u0151m\u00e9rs\u00e9klet-szab\u00e1lyoz\u00e1s pontoss\u00e1ga: 0,5\u00b0C H\u0151m\u00e9rs\u00e9klet-szab\u00e1lyoz\u00e1si tartom\u00e1ny: 5 - 90*C, a speci\u00e1lis be\u00e1ll\u00edt\u00e1sokban v\u00e1ltoztathat\u00f3 H\u00e1z anyaga: PC+ABS ( \u00e9g\u00e9sg\u00e1tl\u00f3) Munkak\u00f6rnyezet 0 - 45\u00b0C, 5-95%RH (nincs p\u00e1ralecsap\u00f3d\u00e1s) T\u00e1rol\u00e1si h\u0151m\u00e9rs\u00e9klet: -5 -55\u00b0C V\u00e9detts\u00e9g: IP20 Kijelz\u0151 h\u0151m\u00e9rs\u00e9klet tartom\u00e1ny: 5-99\u00b0C Garancia: 1 \u00e9v","og_url":"https:\/\/varjasfutofolia.hu\/en\/termek\/programozhato-bht-12e-wifi-konnektor-termosztat-dugalj-termosztat-16a\/","og_site_name":"Varjas F\u0171t\u0151f\u00f3lia","article_modified_time":"2024-12-01T23:03:29+00:00","twitter_card":"summary_large_image","twitter_misc":{"Est. reading time":"4 minutes"},"schema":{"@context":"https:\/\/schema.org","@graph":[{"@type":"WebPage","@id":"https:\/\/varjasfutofolia.hu\/termek\/programozhato-bht-12e-wifi-konnektor-termosztat-dugalj-termosztat-16a\/","url":"https:\/\/varjasfutofolia.hu\/termek\/programozhato-bht-12e-wifi-konnektor-termosztat-dugalj-termosztat-16a\/","name":"Programozhat\u00f3 BHT-12E-WiFi Konnektor termoszt\u00e1t \u2013 dugalj termoszt\u00e1t 16A - Varjas F\u0171t\u0151f\u00f3lia","isPartOf":{"@id":"https:\/\/varjasfutofolia.hu\/#website"},"primaryImageOfPage":{"@id":"https:\/\/varjasfutofolia.hu\/termek\/programozhato-bht-12e-wifi-konnektor-termosztat-dugalj-termosztat-16a\/#primaryimage"},"image":{"@id":"https:\/\/varjasfutofolia.hu\/termek\/programozhato-bht-12e-wifi-konnektor-termosztat-dugalj-termosztat-16a\/#primaryimage"},"thumbnailUrl":"https:\/\/varjasfutofolia.hu\/wp-content\/uploads\/2022\/12\/konektor_termosztat_wifi_15.jpg","datePublished":"2024-12-01T23:03:26+00:00","dateModified":"2024-12-01T23:03:29+00:00","breadcrumb":{"@id":"https:\/\/varjasfutofolia.hu\/termek\/programozhato-bht-12e-wifi-konnektor-termosztat-dugalj-termosztat-16a\/#breadcrumb"},"inLanguage":"en-US","potentialAction":[{"@type":"ReadAction","target":["https:\/\/varjasfutofolia.hu\/termek\/programozhato-bht-12e-wifi-konnektor-termosztat-dugalj-termosztat-16a\/"]}]},{"@type":"ImageObject","inLanguage":"en-US","@id":"https:\/\/varjasfutofolia.hu\/termek\/programozhato-bht-12e-wifi-konnektor-termosztat-dugalj-termosztat-16a\/#primaryimage","url":"https:\/\/varjasfutofolia.hu\/wp-content\/uploads\/2022\/12\/konektor_termosztat_wifi_15.jpg","contentUrl":"https:\/\/varjasfutofolia.hu\/wp-content\/uploads\/2022\/12\/konektor_termosztat_wifi_15.jpg","width":1564,"height":1386},{"@type":"BreadcrumbList","@id":"https:\/\/varjasfutofolia.hu\/termek\/programozhato-bht-12e-wifi-konnektor-termosztat-dugalj-termosztat-16a\/#breadcrumb","itemListElement":[{"@type":"ListItem","position":1,"name":"Kezd\u0151lap","item":"https:\/\/varjasfutofolia.hu\/"},{"@type":"ListItem","position":2,"name":"\u00dczlet","item":"https:\/\/varjasfutofolia.hu\/uzlet\/"},{"@type":"ListItem","position":3,"name":"Programozhat\u00f3 BHT-12E-WiFi Konnektor termoszt\u00e1t \u2013 dugalj termoszt\u00e1t 16A"}]},{"@type":"WebSite","@id":"https:\/\/varjasfutofolia.hu\/#website","url":"https:\/\/varjasfutofolia.hu\/","name":"Varjas F\u0171t\u0151f\u00f3lia","description":"A Nap melege az \u00d6n otthon\u00e1ban","potentialAction":[{"@type":"SearchAction","target":{"@type":"EntryPoint","urlTemplate":"https:\/\/varjasfutofolia.hu\/?s={search_term_string}"},"query-input":{"@type":"PropertyValueSpecification","valueRequired":true,"valueName":"search_term_string"}}],"inLanguage":"en-US"}]}},"_links":{"self":[{"href":"https:\/\/varjasfutofolia.hu\/en\/wp-json\/wp\/v2\/product\/9931939","targetHints":{"allow":["GET"]}}],"collection":[{"href":"https:\/\/varjasfutofolia.hu\/en\/wp-json\/wp\/v2\/product"}],"about":[{"href":"https:\/\/varjasfutofolia.hu\/en\/wp-json\/wp\/v2\/types\/product"}],"replies":[{"embeddable":true,"href":"https:\/\/varjasfutofolia.hu\/en\/wp-json\/wp\/v2\/comments?post=9931939"}],"wp:featuredmedia":[{"embeddable":true,"href":"https:\/\/varjasfutofolia.hu\/en\/wp-json\/wp\/v2\/media\/9930968"}],"wp:attachment":[{"href":"https:\/\/varjasfutofolia.hu\/en\/wp-json\/wp\/v2\/media?parent=9931939"}],"wp:term":[{"taxonomy":"product_brand","embeddable":true,"href":"https:\/\/varjasfutofolia.hu\/en\/wp-json\/wp\/v2\/product_brand?post=9931939"},{"taxonomy":"product_cat","embeddable":true,"href":"https:\/\/varjasfutofolia.hu\/en\/wp-json\/wp\/v2\/product_cat?post=9931939"},{"taxonomy":"product_tag","embeddable":true,"href":"https:\/\/varjasfutofolia.hu\/en\/wp-json\/wp\/v2\/product_tag?post=9931939"}],"curies":[{"name":"wp","href":"https:\/\/api.w.org\/{rel}","templated":true}]}}