{"id":9931938,"date":"2024-12-02T00:03:26","date_gmt":"2024-12-01T23:03:26","guid":{"rendered":"https:\/\/varjasfutofolia.hu\/?post_type=product&#038;p=9931938"},"modified":"2024-12-02T00:03:29","modified_gmt":"2024-12-01T23:03:29","slug":"immergas-victrix-tera-28-erp-fali-kondenzacios-kombi-gazkazan","status":"publish","type":"product","link":"https:\/\/varjasfutofolia.hu\/en\/termek\/immergas-victrix-tera-28-erp-fali-kondenzacios-kombi-gazkazan\/","title":{"rendered":"Immergas Victrix Tera 28 ERP Fali kondenz\u00e1ci\u00f3s kombi g\u00e1zkaz\u00e1n"},"content":{"rendered":"","protected":false},"excerpt":{"rendered":"<p>Immergas Victrix Tera 28 ERP 24\/28 kW fali kondenz\u00e1ci\u00f3s kombi g\u00e1zkaz\u00e1n kompakt m\u00e9ret\u0171, de nagy hat\u00e1sfok\u00fa g\u00e1zkaz\u00e1n, sav\u00e1ll\u00f3 h\u0151cser\u00e9l\u0151vel.<\/p>\n","protected":false},"featured_media":9930983,"comment_status":"open","ping_status":"closed","template":"","meta":{"_et_pb_use_builder":"","_et_pb_old_content":"","_et_gb_content_width":""},"product_brand":[],"product_cat":[200],"product_tag":[201],"class_list":{"0":"post-9931938","1":"product","2":"type-product","3":"status-publish","4":"has-post-thumbnail","6":"product_cat-gazkazan","7":"product_tag-gazkazan","9":"first","10":"instock","11":"taxable","12":"shipping-taxable","13":"product-type-simple"},"yoast_head":"<!-- This site is optimized with the Yoast SEO plugin v26.0 - https:\/\/yoast.com\/wordpress\/plugins\/seo\/ -->\n<title>Immergas Victrix Tera 28 ERP Fali kondenz\u00e1ci\u00f3s kombi g\u00e1zkaz\u00e1n - Varjas F\u0171t\u0151f\u00f3lia<\/title>\n<meta name=\"robots\" content=\"index, follow, max-snippet:-1, max-image-preview:large, max-video-preview:-1\" \/>\n<link rel=\"canonical\" href=\"https:\/\/varjasfutofolia.hu\/en\/termek\/immergas-victrix-tera-28-erp-fali-kondenzacios-kombi-gazkazan\/\" \/>\n<meta property=\"og:locale\" content=\"en_US\" \/>\n<meta property=\"og:locale:alternate\" content=\"hu_HU\" \/>\n<meta property=\"og:locale:alternate\" content=\"de_DE\" \/>\n<meta property=\"og:type\" content=\"article\" \/>\n<meta property=\"og:title\" content=\"Immergas Victrix Tera 28 ERP Fali kondenz\u00e1ci\u00f3s kombi g\u00e1zkaz\u00e1n - Varjas F\u0171t\u0151f\u00f3lia\" \/>\n<meta property=\"og:description\" content=\"Immergas Victrix Tera 28 ERP 24\/28 kW fali kondenz\u00e1ci\u00f3s kombi g\u00e1zkaz\u00e1n kompakt m\u00e9ret\u0171, de nagy hat\u00e1sfok\u00fa g\u00e1zkaz\u00e1n, sav\u00e1ll\u00f3 h\u0151cser\u00e9l\u0151vel.\" \/>\n<meta property=\"og:url\" content=\"https:\/\/varjasfutofolia.hu\/en\/termek\/immergas-victrix-tera-28-erp-fali-kondenzacios-kombi-gazkazan\/\" \/>\n<meta property=\"og:site_name\" content=\"Varjas F\u0171t\u0151f\u00f3lia\" \/>\n<meta property=\"article:modified_time\" content=\"2024-12-01T23:03:29+00:00\" \/>\n<meta name=\"twitter:card\" content=\"summary_large_image\" \/>\n<script type=\"application\/ld+json\" class=\"yoast-schema-graph\">{\"@context\":\"https:\/\/schema.org\",\"@graph\":[{\"@type\":\"WebPage\",\"@id\":\"https:\/\/varjasfutofolia.hu\/termek\/immergas-victrix-tera-28-erp-fali-kondenzacios-kombi-gazkazan\/\",\"url\":\"https:\/\/varjasfutofolia.hu\/termek\/immergas-victrix-tera-28-erp-fali-kondenzacios-kombi-gazkazan\/\",\"name\":\"Immergas Victrix Tera 28 ERP Fali kondenz\u00e1ci\u00f3s kombi g\u00e1zkaz\u00e1n - Varjas F\u0171t\u0151f\u00f3lia\",\"isPartOf\":{\"@id\":\"https:\/\/varjasfutofolia.hu\/#website\"},\"primaryImageOfPage\":{\"@id\":\"https:\/\/varjasfutofolia.hu\/termek\/immergas-victrix-tera-28-erp-fali-kondenzacios-kombi-gazkazan\/#primaryimage\"},\"image\":{\"@id\":\"https:\/\/varjasfutofolia.hu\/termek\/immergas-victrix-tera-28-erp-fali-kondenzacios-kombi-gazkazan\/#primaryimage\"},\"thumbnailUrl\":\"https:\/\/varjasfutofolia.hu\/wp-content\/uploads\/2022\/12\/immergas-victrix-tera-28-erp-2428-kw-fali-kondenzacios-kombi-gazkazan-nk4_x.jpg\",\"datePublished\":\"2024-12-01T23:03:26+00:00\",\"dateModified\":\"2024-12-01T23:03:29+00:00\",\"breadcrumb\":{\"@id\":\"https:\/\/varjasfutofolia.hu\/termek\/immergas-victrix-tera-28-erp-fali-kondenzacios-kombi-gazkazan\/#breadcrumb\"},\"inLanguage\":\"en-US\",\"potentialAction\":[{\"@type\":\"ReadAction\",\"target\":[\"https:\/\/varjasfutofolia.hu\/termek\/immergas-victrix-tera-28-erp-fali-kondenzacios-kombi-gazkazan\/\"]}]},{\"@type\":\"ImageObject\",\"inLanguage\":\"en-US\",\"@id\":\"https:\/\/varjasfutofolia.hu\/termek\/immergas-victrix-tera-28-erp-fali-kondenzacios-kombi-gazkazan\/#primaryimage\",\"url\":\"https:\/\/varjasfutofolia.hu\/wp-content\/uploads\/2022\/12\/immergas-victrix-tera-28-erp-2428-kw-fali-kondenzacios-kombi-gazkazan-nk4_x.jpg\",\"contentUrl\":\"https:\/\/varjasfutofolia.hu\/wp-content\/uploads\/2022\/12\/immergas-victrix-tera-28-erp-2428-kw-fali-kondenzacios-kombi-gazkazan-nk4_x.jpg\",\"width\":720,\"height\":1080},{\"@type\":\"BreadcrumbList\",\"@id\":\"https:\/\/varjasfutofolia.hu\/termek\/immergas-victrix-tera-28-erp-fali-kondenzacios-kombi-gazkazan\/#breadcrumb\",\"itemListElement\":[{\"@type\":\"ListItem\",\"position\":1,\"name\":\"Kezd\u0151lap\",\"item\":\"https:\/\/varjasfutofolia.hu\/\"},{\"@type\":\"ListItem\",\"position\":2,\"name\":\"\u00dczlet\",\"item\":\"https:\/\/varjasfutofolia.hu\/uzlet\/\"},{\"@type\":\"ListItem\",\"position\":3,\"name\":\"Immergas Victrix Tera 28 ERP Fali kondenz\u00e1ci\u00f3s kombi g\u00e1zkaz\u00e1n\"}]},{\"@type\":\"WebSite\",\"@id\":\"https:\/\/varjasfutofolia.hu\/#website\",\"url\":\"https:\/\/varjasfutofolia.hu\/\",\"name\":\"Varjas F\u0171t\u0151f\u00f3lia\",\"description\":\"A Nap melege az \u00d6n otthon\u00e1ban\",\"potentialAction\":[{\"@type\":\"SearchAction\",\"target\":{\"@type\":\"EntryPoint\",\"urlTemplate\":\"https:\/\/varjasfutofolia.hu\/?s={search_term_string}\"},\"query-input\":{\"@type\":\"PropertyValueSpecification\",\"valueRequired\":true,\"valueName\":\"search_term_string\"}}],\"inLanguage\":\"en-US\"}]}<\/script>\n<!-- \/ Yoast SEO plugin. -->","yoast_head_json":{"title":"Immergas Victrix Tera 28 ERP Fali kondenz\u00e1ci\u00f3s kombi g\u00e1zkaz\u00e1n - Varjas F\u0171t\u0151f\u00f3lia","robots":{"index":"index","follow":"follow","max-snippet":"max-snippet:-1","max-image-preview":"max-image-preview:large","max-video-preview":"max-video-preview:-1"},"canonical":"https:\/\/varjasfutofolia.hu\/en\/termek\/immergas-victrix-tera-28-erp-fali-kondenzacios-kombi-gazkazan\/","og_locale":"en_US","og_type":"article","og_title":"Immergas Victrix Tera 28 ERP Fali kondenz\u00e1ci\u00f3s kombi g\u00e1zkaz\u00e1n - Varjas F\u0171t\u0151f\u00f3lia","og_description":"Immergas Victrix Tera 28 ERP 24\/28 kW fali kondenz\u00e1ci\u00f3s kombi g\u00e1zkaz\u00e1n kompakt m\u00e9ret\u0171, de nagy hat\u00e1sfok\u00fa g\u00e1zkaz\u00e1n, sav\u00e1ll\u00f3 h\u0151cser\u00e9l\u0151vel.","og_url":"https:\/\/varjasfutofolia.hu\/en\/termek\/immergas-victrix-tera-28-erp-fali-kondenzacios-kombi-gazkazan\/","og_site_name":"Varjas F\u0171t\u0151f\u00f3lia","article_modified_time":"2024-12-01T23:03:29+00:00","twitter_card":"summary_large_image","schema":{"@context":"https:\/\/schema.org","@graph":[{"@type":"WebPage","@id":"https:\/\/varjasfutofolia.hu\/termek\/immergas-victrix-tera-28-erp-fali-kondenzacios-kombi-gazkazan\/","url":"https:\/\/varjasfutofolia.hu\/termek\/immergas-victrix-tera-28-erp-fali-kondenzacios-kombi-gazkazan\/","name":"Immergas Victrix Tera 28 ERP Fali kondenz\u00e1ci\u00f3s kombi g\u00e1zkaz\u00e1n - Varjas F\u0171t\u0151f\u00f3lia","isPartOf":{"@id":"https:\/\/varjasfutofolia.hu\/#website"},"primaryImageOfPage":{"@id":"https:\/\/varjasfutofolia.hu\/termek\/immergas-victrix-tera-28-erp-fali-kondenzacios-kombi-gazkazan\/#primaryimage"},"image":{"@id":"https:\/\/varjasfutofolia.hu\/termek\/immergas-victrix-tera-28-erp-fali-kondenzacios-kombi-gazkazan\/#primaryimage"},"thumbnailUrl":"https:\/\/varjasfutofolia.hu\/wp-content\/uploads\/2022\/12\/immergas-victrix-tera-28-erp-2428-kw-fali-kondenzacios-kombi-gazkazan-nk4_x.jpg","datePublished":"2024-12-01T23:03:26+00:00","dateModified":"2024-12-01T23:03:29+00:00","breadcrumb":{"@id":"https:\/\/varjasfutofolia.hu\/termek\/immergas-victrix-tera-28-erp-fali-kondenzacios-kombi-gazkazan\/#breadcrumb"},"inLanguage":"en-US","potentialAction":[{"@type":"ReadAction","target":["https:\/\/varjasfutofolia.hu\/termek\/immergas-victrix-tera-28-erp-fali-kondenzacios-kombi-gazkazan\/"]}]},{"@type":"ImageObject","inLanguage":"en-US","@id":"https:\/\/varjasfutofolia.hu\/termek\/immergas-victrix-tera-28-erp-fali-kondenzacios-kombi-gazkazan\/#primaryimage","url":"https:\/\/varjasfutofolia.hu\/wp-content\/uploads\/2022\/12\/immergas-victrix-tera-28-erp-2428-kw-fali-kondenzacios-kombi-gazkazan-nk4_x.jpg","contentUrl":"https:\/\/varjasfutofolia.hu\/wp-content\/uploads\/2022\/12\/immergas-victrix-tera-28-erp-2428-kw-fali-kondenzacios-kombi-gazkazan-nk4_x.jpg","width":720,"height":1080},{"@type":"BreadcrumbList","@id":"https:\/\/varjasfutofolia.hu\/termek\/immergas-victrix-tera-28-erp-fali-kondenzacios-kombi-gazkazan\/#breadcrumb","itemListElement":[{"@type":"ListItem","position":1,"name":"Kezd\u0151lap","item":"https:\/\/varjasfutofolia.hu\/"},{"@type":"ListItem","position":2,"name":"\u00dczlet","item":"https:\/\/varjasfutofolia.hu\/uzlet\/"},{"@type":"ListItem","position":3,"name":"Immergas Victrix Tera 28 ERP Fali kondenz\u00e1ci\u00f3s kombi g\u00e1zkaz\u00e1n"}]},{"@type":"WebSite","@id":"https:\/\/varjasfutofolia.hu\/#website","url":"https:\/\/varjasfutofolia.hu\/","name":"Varjas F\u0171t\u0151f\u00f3lia","description":"A Nap melege az \u00d6n otthon\u00e1ban","potentialAction":[{"@type":"SearchAction","target":{"@type":"EntryPoint","urlTemplate":"https:\/\/varjasfutofolia.hu\/?s={search_term_string}"},"query-input":{"@type":"PropertyValueSpecification","valueRequired":true,"valueName":"search_term_string"}}],"inLanguage":"en-US"}]}},"_links":{"self":[{"href":"https:\/\/varjasfutofolia.hu\/en\/wp-json\/wp\/v2\/product\/9931938","targetHints":{"allow":["GET"]}}],"collection":[{"href":"https:\/\/varjasfutofolia.hu\/en\/wp-json\/wp\/v2\/product"}],"about":[{"href":"https:\/\/varjasfutofolia.hu\/en\/wp-json\/wp\/v2\/types\/product"}],"replies":[{"embeddable":true,"href":"https:\/\/varjasfutofolia.hu\/en\/wp-json\/wp\/v2\/comments?post=9931938"}],"wp:featuredmedia":[{"embeddable":true,"href":"https:\/\/varjasfutofolia.hu\/en\/wp-json\/wp\/v2\/media\/9930983"}],"wp:attachment":[{"href":"https:\/\/varjasfutofolia.hu\/en\/wp-json\/wp\/v2\/media?parent=9931938"}],"wp:term":[{"taxonomy":"product_brand","embeddable":true,"href":"https:\/\/varjasfutofolia.hu\/en\/wp-json\/wp\/v2\/product_brand?post=9931938"},{"taxonomy":"product_cat","embeddable":true,"href":"https:\/\/varjasfutofolia.hu\/en\/wp-json\/wp\/v2\/product_cat?post=9931938"},{"taxonomy":"product_tag","embeddable":true,"href":"https:\/\/varjasfutofolia.hu\/en\/wp-json\/wp\/v2\/product_tag?post=9931938"}],"curies":[{"name":"wp","href":"https:\/\/api.w.org\/{rel}","templated":true}]}}