{"id":9931930,"date":"2024-12-02T00:03:19","date_gmt":"2024-12-01T23:03:19","guid":{"rendered":"https:\/\/varjasfutofolia.hu\/?post_type=product&#038;p=9931930"},"modified":"2024-12-02T00:03:24","modified_gmt":"2024-12-01T23:03:24","slug":"asztalfutes-infrapanel-ecosun-200-w","status":"publish","type":"product","link":"https:\/\/varjasfutofolia.hu\/en\/termek\/asztalfutes-infrapanel-ecosun-200-w\/","title":{"rendered":"Asztalf\u0171t\u00e9s &#8211; Infrapanel EcoSun (200 W)"},"content":{"rendered":"<p>Infrapanel \u00edr\u00f3 \u00e9s dolgoz\u00f3asztal al\u00e1 , komfortos munkak\u00f6rnyezet minim\u00e1lis k\u00f6lts\u00e9gb\u0151l.<\/p>\n","protected":false},"excerpt":{"rendered":"<p>Infrav\u00f6r\u00f6s f\u0171t\u0151panel Eur\u00f3pa piacvezet\u0151 infraf\u0171t\u00e9s gy\u00e1rt\u00f3j\u00e1t\u00f3l a Fenix Group-t\u00f3l.<br \/>\nAz alacsony fel\u00fcleti h\u0151m\u00e9rs\u00e9klet\u0171 EcoSun K+ infrapanel helyi kieg\u00e9sz\u00edt\u0151 f\u0171t\u00e9s c\u00e9lj\u00e1ra lett kifejlesztve, ez\u00e9rt kiv\u00e1l\u00f3an alkalmas munka asztalok , \u00edr\u00f3asztalok, padsorok f\u0171t\u00e9s\u00e9re. Korszer\u0171 infrav\u00f6r\u00f6s technol\u00f3gi\u00e1val minim\u00e1lis energiafelhaszn\u00e1l\u00e1s mellett maxim\u00e1lis h\u0151komfortot eredm\u00e9nyez , megoldva a f\u00e1z\u00f3s l\u00e1b \u00e9s als\u00f3test probl\u00e9m\u00e1j\u00e1t. Speci\u00e1lisan \u00edr\u00f3 , dolgoz\u00f3 asztal \u00e9s templomi padf\u0171t\u00e9sre kifejlesztve! Sikeresen alkalmazz\u00e1k Eur\u00f3pa szerte. Az infrapanel a naps\u00fct\u00e9shez hasonl\u00f3, kellemes h\u0151\u00e9rzetet biztost . K\u00fcl\u00f6n\u00f6sen hossz\u00fa \u00e9lettartam, nem ig\u00e9nyel id\u0151szakos karbantart\u00e1st , nem jellemz\u0151 az amortiz\u00e1ci\u00f3. Az eg\u00e9szs\u00e9gre j\u00f3t\u00e9kony , tiszta , energiatakar\u00e9kos , sz\u00e9lesk\u00f6r\u0171en alkalmazhat\u00f3 ( IP 44 vizes, p\u00e1r\u00e1s helys\u00e9gekben is.<\/p>\n<p>M\u00e9retek: 750x320x30 mm<br \/>\nTeljes\u00edtm\u00e9ny: 200 Watt , 230 V, IP 44<br \/>\nS\u00faly: 3,9 kg<br \/>\nGarancia: 5 \u00e9v<br \/>\nGy\u00e1rt\u00f3: Fenix<\/p>\n<p>A csomag szerel\u0151keretet \u00e9s csavarokat nem tartalmaz!<\/p>\n<p>Szerel\u0151keret a mennyezeti ( v\u00edzszintes) szerel\u00e9shez k\u00fcl\u00f6n rendelhet\u0151.<\/p>\n","protected":false},"featured_media":0,"comment_status":"open","ping_status":"closed","template":"","meta":{"_et_pb_use_builder":"","_et_pb_old_content":"","_et_gb_content_width":""},"product_brand":[],"product_cat":[206,202,30],"product_tag":[],"class_list":{"0":"post-9931930","1":"product","2":"type-product","3":"status-publish","5":"product_cat-asztal","6":"product_cat-ecosun","7":"product_cat-infrapanel","9":"first","10":"instock","11":"taxable","12":"shipping-taxable","13":"purchasable","14":"product-type-simple"},"yoast_head":"<!-- This site is optimized with the Yoast SEO plugin v26.0 - https:\/\/yoast.com\/wordpress\/plugins\/seo\/ -->\n<title>Asztalf\u0171t\u00e9s - Infrapanel EcoSun (200 W) - Varjas F\u0171t\u0151f\u00f3lia<\/title>\n<meta name=\"robots\" content=\"index, follow, max-snippet:-1, max-image-preview:large, max-video-preview:-1\" \/>\n<link rel=\"canonical\" href=\"https:\/\/varjasfutofolia.hu\/en\/termek\/asztalfutes-infrapanel-ecosun-200-w\/\" \/>\n<meta property=\"og:locale\" content=\"en_US\" \/>\n<meta property=\"og:locale:alternate\" content=\"hu_HU\" \/>\n<meta property=\"og:locale:alternate\" content=\"de_DE\" \/>\n<meta property=\"og:type\" content=\"article\" \/>\n<meta property=\"og:title\" content=\"Asztalf\u0171t\u00e9s - Infrapanel EcoSun (200 W) - Varjas F\u0171t\u0151f\u00f3lia\" \/>\n<meta property=\"og:description\" content=\"Infrav\u00f6r\u00f6s f\u0171t\u0151panel Eur\u00f3pa piacvezet\u0151 infraf\u0171t\u00e9s gy\u00e1rt\u00f3j\u00e1t\u00f3l a Fenix Group-t\u00f3l. Az alacsony fel\u00fcleti h\u0151m\u00e9rs\u00e9klet\u0171 EcoSun K+ infrapanel helyi kieg\u00e9sz\u00edt\u0151 f\u0171t\u00e9s c\u00e9lj\u00e1ra lett kifejlesztve, ez\u00e9rt kiv\u00e1l\u00f3an alkalmas munka asztalok , \u00edr\u00f3asztalok, padsorok f\u0171t\u00e9s\u00e9re. Korszer\u0171 infrav\u00f6r\u00f6s technol\u00f3gi\u00e1val minim\u00e1lis energiafelhaszn\u00e1l\u00e1s mellett maxim\u00e1lis h\u0151komfortot eredm\u00e9nyez , megoldva a f\u00e1z\u00f3s l\u00e1b \u00e9s als\u00f3test probl\u00e9m\u00e1j\u00e1t. Speci\u00e1lisan \u00edr\u00f3 , dolgoz\u00f3 asztal \u00e9s templomi padf\u0171t\u00e9sre kifejlesztve! Sikeresen alkalmazz\u00e1k Eur\u00f3pa szerte. Az infrapanel a naps\u00fct\u00e9shez hasonl\u00f3, kellemes h\u0151\u00e9rzetet biztost . K\u00fcl\u00f6n\u00f6sen hossz\u00fa \u00e9lettartam, nem ig\u00e9nyel id\u0151szakos karbantart\u00e1st , nem jellemz\u0151 az amortiz\u00e1ci\u00f3. Az eg\u00e9szs\u00e9gre j\u00f3t\u00e9kony , tiszta , energiatakar\u00e9kos , sz\u00e9lesk\u00f6r\u0171en alkalmazhat\u00f3 ( IP 44 vizes, p\u00e1r\u00e1s helys\u00e9gekben is.  M\u00e9retek: 750x320x30 mm Teljes\u00edtm\u00e9ny: 200 Watt , 230 V, IP 44 S\u00faly: 3,9 kg Garancia: 5 \u00e9v Gy\u00e1rt\u00f3: Fenix A csomag szerel\u0151keretet \u00e9s csavarokat nem tartalmaz! Szerel\u0151keret a mennyezeti ( v\u00edzszintes) szerel\u00e9shez k\u00fcl\u00f6n rendelhet\u0151.\" \/>\n<meta property=\"og:url\" content=\"https:\/\/varjasfutofolia.hu\/en\/termek\/asztalfutes-infrapanel-ecosun-200-w\/\" \/>\n<meta property=\"og:site_name\" content=\"Varjas F\u0171t\u0151f\u00f3lia\" \/>\n<meta property=\"article:modified_time\" content=\"2024-12-01T23:03:24+00:00\" \/>\n<meta name=\"twitter:card\" content=\"summary_large_image\" \/>\n<script type=\"application\/ld+json\" class=\"yoast-schema-graph\">{\"@context\":\"https:\/\/schema.org\",\"@graph\":[{\"@type\":\"WebPage\",\"@id\":\"https:\/\/varjasfutofolia.hu\/termek\/asztalfutes-infrapanel-ecosun-200-w\/\",\"url\":\"https:\/\/varjasfutofolia.hu\/termek\/asztalfutes-infrapanel-ecosun-200-w\/\",\"name\":\"Asztalf\u0171t\u00e9s - Infrapanel EcoSun (200 W) - Varjas F\u0171t\u0151f\u00f3lia\",\"isPartOf\":{\"@id\":\"https:\/\/varjasfutofolia.hu\/#website\"},\"datePublished\":\"2024-12-01T23:03:19+00:00\",\"dateModified\":\"2024-12-01T23:03:24+00:00\",\"breadcrumb\":{\"@id\":\"https:\/\/varjasfutofolia.hu\/termek\/asztalfutes-infrapanel-ecosun-200-w\/#breadcrumb\"},\"inLanguage\":\"en-US\",\"potentialAction\":[{\"@type\":\"ReadAction\",\"target\":[\"https:\/\/varjasfutofolia.hu\/termek\/asztalfutes-infrapanel-ecosun-200-w\/\"]}]},{\"@type\":\"BreadcrumbList\",\"@id\":\"https:\/\/varjasfutofolia.hu\/termek\/asztalfutes-infrapanel-ecosun-200-w\/#breadcrumb\",\"itemListElement\":[{\"@type\":\"ListItem\",\"position\":1,\"name\":\"Kezd\u0151lap\",\"item\":\"https:\/\/varjasfutofolia.hu\/\"},{\"@type\":\"ListItem\",\"position\":2,\"name\":\"\u00dczlet\",\"item\":\"https:\/\/varjasfutofolia.hu\/uzlet\/\"},{\"@type\":\"ListItem\",\"position\":3,\"name\":\"Asztalf\u0171t\u00e9s &#8211; Infrapanel EcoSun (200 W)\"}]},{\"@type\":\"WebSite\",\"@id\":\"https:\/\/varjasfutofolia.hu\/#website\",\"url\":\"https:\/\/varjasfutofolia.hu\/\",\"name\":\"Varjas F\u0171t\u0151f\u00f3lia\",\"description\":\"A Nap melege az \u00d6n otthon\u00e1ban\",\"potentialAction\":[{\"@type\":\"SearchAction\",\"target\":{\"@type\":\"EntryPoint\",\"urlTemplate\":\"https:\/\/varjasfutofolia.hu\/?s={search_term_string}\"},\"query-input\":{\"@type\":\"PropertyValueSpecification\",\"valueRequired\":true,\"valueName\":\"search_term_string\"}}],\"inLanguage\":\"en-US\"}]}<\/script>\n<!-- \/ Yoast SEO plugin. -->","yoast_head_json":{"title":"Asztalf\u0171t\u00e9s - Infrapanel EcoSun (200 W) - Varjas F\u0171t\u0151f\u00f3lia","robots":{"index":"index","follow":"follow","max-snippet":"max-snippet:-1","max-image-preview":"max-image-preview:large","max-video-preview":"max-video-preview:-1"},"canonical":"https:\/\/varjasfutofolia.hu\/en\/termek\/asztalfutes-infrapanel-ecosun-200-w\/","og_locale":"en_US","og_type":"article","og_title":"Asztalf\u0171t\u00e9s - Infrapanel EcoSun (200 W) - Varjas F\u0171t\u0151f\u00f3lia","og_description":"Infrav\u00f6r\u00f6s f\u0171t\u0151panel Eur\u00f3pa piacvezet\u0151 infraf\u0171t\u00e9s gy\u00e1rt\u00f3j\u00e1t\u00f3l a Fenix Group-t\u00f3l. Az alacsony fel\u00fcleti h\u0151m\u00e9rs\u00e9klet\u0171 EcoSun K+ infrapanel helyi kieg\u00e9sz\u00edt\u0151 f\u0171t\u00e9s c\u00e9lj\u00e1ra lett kifejlesztve, ez\u00e9rt kiv\u00e1l\u00f3an alkalmas munka asztalok , \u00edr\u00f3asztalok, padsorok f\u0171t\u00e9s\u00e9re. Korszer\u0171 infrav\u00f6r\u00f6s technol\u00f3gi\u00e1val minim\u00e1lis energiafelhaszn\u00e1l\u00e1s mellett maxim\u00e1lis h\u0151komfortot eredm\u00e9nyez , megoldva a f\u00e1z\u00f3s l\u00e1b \u00e9s als\u00f3test probl\u00e9m\u00e1j\u00e1t. Speci\u00e1lisan \u00edr\u00f3 , dolgoz\u00f3 asztal \u00e9s templomi padf\u0171t\u00e9sre kifejlesztve! Sikeresen alkalmazz\u00e1k Eur\u00f3pa szerte. Az infrapanel a naps\u00fct\u00e9shez hasonl\u00f3, kellemes h\u0151\u00e9rzetet biztost . K\u00fcl\u00f6n\u00f6sen hossz\u00fa \u00e9lettartam, nem ig\u00e9nyel id\u0151szakos karbantart\u00e1st , nem jellemz\u0151 az amortiz\u00e1ci\u00f3. Az eg\u00e9szs\u00e9gre j\u00f3t\u00e9kony , tiszta , energiatakar\u00e9kos , sz\u00e9lesk\u00f6r\u0171en alkalmazhat\u00f3 ( IP 44 vizes, p\u00e1r\u00e1s helys\u00e9gekben is.  M\u00e9retek: 750x320x30 mm Teljes\u00edtm\u00e9ny: 200 Watt , 230 V, IP 44 S\u00faly: 3,9 kg Garancia: 5 \u00e9v Gy\u00e1rt\u00f3: Fenix A csomag szerel\u0151keretet \u00e9s csavarokat nem tartalmaz! Szerel\u0151keret a mennyezeti ( v\u00edzszintes) szerel\u00e9shez k\u00fcl\u00f6n rendelhet\u0151.","og_url":"https:\/\/varjasfutofolia.hu\/en\/termek\/asztalfutes-infrapanel-ecosun-200-w\/","og_site_name":"Varjas F\u0171t\u0151f\u00f3lia","article_modified_time":"2024-12-01T23:03:24+00:00","twitter_card":"summary_large_image","schema":{"@context":"https:\/\/schema.org","@graph":[{"@type":"WebPage","@id":"https:\/\/varjasfutofolia.hu\/termek\/asztalfutes-infrapanel-ecosun-200-w\/","url":"https:\/\/varjasfutofolia.hu\/termek\/asztalfutes-infrapanel-ecosun-200-w\/","name":"Asztalf\u0171t\u00e9s - Infrapanel EcoSun (200 W) - Varjas F\u0171t\u0151f\u00f3lia","isPartOf":{"@id":"https:\/\/varjasfutofolia.hu\/#website"},"datePublished":"2024-12-01T23:03:19+00:00","dateModified":"2024-12-01T23:03:24+00:00","breadcrumb":{"@id":"https:\/\/varjasfutofolia.hu\/termek\/asztalfutes-infrapanel-ecosun-200-w\/#breadcrumb"},"inLanguage":"en-US","potentialAction":[{"@type":"ReadAction","target":["https:\/\/varjasfutofolia.hu\/termek\/asztalfutes-infrapanel-ecosun-200-w\/"]}]},{"@type":"BreadcrumbList","@id":"https:\/\/varjasfutofolia.hu\/termek\/asztalfutes-infrapanel-ecosun-200-w\/#breadcrumb","itemListElement":[{"@type":"ListItem","position":1,"name":"Kezd\u0151lap","item":"https:\/\/varjasfutofolia.hu\/"},{"@type":"ListItem","position":2,"name":"\u00dczlet","item":"https:\/\/varjasfutofolia.hu\/uzlet\/"},{"@type":"ListItem","position":3,"name":"Asztalf\u0171t\u00e9s &#8211; Infrapanel EcoSun (200 W)"}]},{"@type":"WebSite","@id":"https:\/\/varjasfutofolia.hu\/#website","url":"https:\/\/varjasfutofolia.hu\/","name":"Varjas F\u0171t\u0151f\u00f3lia","description":"A Nap melege az \u00d6n otthon\u00e1ban","potentialAction":[{"@type":"SearchAction","target":{"@type":"EntryPoint","urlTemplate":"https:\/\/varjasfutofolia.hu\/?s={search_term_string}"},"query-input":{"@type":"PropertyValueSpecification","valueRequired":true,"valueName":"search_term_string"}}],"inLanguage":"en-US"}]}},"_links":{"self":[{"href":"https:\/\/varjasfutofolia.hu\/en\/wp-json\/wp\/v2\/product\/9931930","targetHints":{"allow":["GET"]}}],"collection":[{"href":"https:\/\/varjasfutofolia.hu\/en\/wp-json\/wp\/v2\/product"}],"about":[{"href":"https:\/\/varjasfutofolia.hu\/en\/wp-json\/wp\/v2\/types\/product"}],"replies":[{"embeddable":true,"href":"https:\/\/varjasfutofolia.hu\/en\/wp-json\/wp\/v2\/comments?post=9931930"}],"wp:attachment":[{"href":"https:\/\/varjasfutofolia.hu\/en\/wp-json\/wp\/v2\/media?parent=9931930"}],"wp:term":[{"taxonomy":"product_brand","embeddable":true,"href":"https:\/\/varjasfutofolia.hu\/en\/wp-json\/wp\/v2\/product_brand?post=9931930"},{"taxonomy":"product_cat","embeddable":true,"href":"https:\/\/varjasfutofolia.hu\/en\/wp-json\/wp\/v2\/product_cat?post=9931930"},{"taxonomy":"product_tag","embeddable":true,"href":"https:\/\/varjasfutofolia.hu\/en\/wp-json\/wp\/v2\/product_tag?post=9931930"}],"curies":[{"name":"wp","href":"https:\/\/api.w.org\/{rel}","templated":true}]}}