{"id":9931911,"date":"2024-12-02T00:03:17","date_gmt":"2024-12-01T23:03:17","guid":{"rendered":"https:\/\/varjasfutofolia.hu\/?post_type=product&#038;p=9931911"},"modified":"2024-12-02T00:03:21","modified_gmt":"2024-12-01T23:03:21","slug":"uveg-kep-infrapanel-food-1-600-w-uj-termek","status":"publish","type":"product","link":"https:\/\/varjasfutofolia.hu\/en\/termek\/uveg-kep-infrapanel-food-1-600-w-uj-termek\/","title":{"rendered":"\u00dcveg &#8211; k\u00e9p infrapanel Food 1 (600 W) \u00daj term\u00e9k!"},"content":{"rendered":"<p>Fenix ECOSUN G \u00fcveg-k\u00e9p infrapanelek egyes\u00edtik GR panelek eszt\u00e9tikus megjelen\u00e9s\u00e9t a gazdas\u00e1gos infrav\u00f6r\u00f6s f\u0171t\u00e9s el\u0151nyeivel, el\u0151\u00e1ll\u00edthat\u00f3k egyedi nyomtatott fel\u00fclettel, amely exkluz\u00edv formavil\u00e1g\u00e1val a bels\u0151 terek ig\u00e9nyes kieg\u00e9sz\u00edt\u0151 f\u0171t\u00e9se lehet.<\/p>\n","protected":false},"excerpt":{"rendered":"<p>Fenix ECOSUN G \u00fcveg-k\u00e9p infrapanelek egyes\u00edtik GR panelek eszt\u00e9tikus megjelen\u00e9s\u00e9t a gazdas\u00e1gos infrav\u00f6r\u00f6s f\u0171t\u00e9s el\u0151nyeivel, el\u0151\u00e1ll\u00edthat\u00f3k egyedi nyomtatott fel\u00fclettel, amely exkluz\u00edv formavil\u00e1g\u00e1val a bels\u0151 terek ig\u00e9nyes kieg\u00e9sz\u00edt\u0151 f\u0171t\u00e9se lehet.<\/p>\n","protected":false},"featured_media":9931035,"comment_status":"open","ping_status":"closed","template":"","meta":{"_et_pb_use_builder":"","_et_pb_old_content":"","_et_gb_content_width":""},"product_brand":[],"product_cat":[202,30,207],"product_tag":[204,34],"class_list":{"0":"post-9931911","1":"product","2":"type-product","3":"status-publish","4":"has-post-thumbnail","6":"product_cat-ecosun","7":"product_cat-infrapanel","8":"product_cat-kep","9":"product_tag-infra-panel","10":"product_tag-infrapanel","12":"first","13":"instock","14":"taxable","15":"shipping-taxable","16":"purchasable","17":"product-type-simple"},"yoast_head":"<!-- This site is optimized with the Yoast SEO plugin v26.0 - https:\/\/yoast.com\/wordpress\/plugins\/seo\/ -->\n<title>\u00dcveg - k\u00e9p infrapanel Food 1 (600 W) \u00daj term\u00e9k! - Varjas F\u0171t\u0151f\u00f3lia<\/title>\n<meta name=\"robots\" content=\"index, follow, max-snippet:-1, max-image-preview:large, max-video-preview:-1\" \/>\n<link rel=\"canonical\" href=\"https:\/\/varjasfutofolia.hu\/en\/termek\/uveg-kep-infrapanel-food-1-600-w-uj-termek\/\" \/>\n<meta property=\"og:locale\" content=\"en_US\" \/>\n<meta property=\"og:locale:alternate\" content=\"hu_HU\" \/>\n<meta property=\"og:locale:alternate\" content=\"de_DE\" \/>\n<meta property=\"og:type\" content=\"article\" \/>\n<meta property=\"og:title\" content=\"\u00dcveg - k\u00e9p infrapanel Food 1 (600 W) \u00daj term\u00e9k! - Varjas F\u0171t\u0151f\u00f3lia\" \/>\n<meta property=\"og:description\" content=\"Fenix ECOSUN G \u00fcveg-k\u00e9p infrapanelek egyes\u00edtik GR panelek eszt\u00e9tikus megjelen\u00e9s\u00e9t a gazdas\u00e1gos infrav\u00f6r\u00f6s f\u0171t\u00e9s el\u0151nyeivel, el\u0151\u00e1ll\u00edthat\u00f3k egyedi nyomtatott fel\u00fclettel, amely exkluz\u00edv formavil\u00e1g\u00e1val a bels\u0151 terek ig\u00e9nyes kieg\u00e9sz\u00edt\u0151 f\u0171t\u00e9se lehet.\" \/>\n<meta property=\"og:url\" content=\"https:\/\/varjasfutofolia.hu\/en\/termek\/uveg-kep-infrapanel-food-1-600-w-uj-termek\/\" \/>\n<meta property=\"og:site_name\" content=\"Varjas F\u0171t\u0151f\u00f3lia\" \/>\n<meta property=\"article:modified_time\" content=\"2024-12-01T23:03:21+00:00\" \/>\n<meta name=\"twitter:card\" content=\"summary_large_image\" \/>\n<script type=\"application\/ld+json\" class=\"yoast-schema-graph\">{\"@context\":\"https:\/\/schema.org\",\"@graph\":[{\"@type\":\"WebPage\",\"@id\":\"https:\/\/varjasfutofolia.hu\/termek\/uveg-kep-infrapanel-food-1-600-w-uj-termek\/\",\"url\":\"https:\/\/varjasfutofolia.hu\/termek\/uveg-kep-infrapanel-food-1-600-w-uj-termek\/\",\"name\":\"\u00dcveg - k\u00e9p infrapanel Food 1 (600 W) \u00daj term\u00e9k! - Varjas F\u0171t\u0151f\u00f3lia\",\"isPartOf\":{\"@id\":\"https:\/\/varjasfutofolia.hu\/#website\"},\"primaryImageOfPage\":{\"@id\":\"https:\/\/varjasfutofolia.hu\/termek\/uveg-kep-infrapanel-food-1-600-w-uj-termek\/#primaryimage\"},\"image\":{\"@id\":\"https:\/\/varjasfutofolia.hu\/termek\/uveg-kep-infrapanel-food-1-600-w-uj-termek\/#primaryimage\"},\"thumbnailUrl\":\"https:\/\/varjasfutofolia.hu\/wp-content\/uploads\/2022\/12\/kepes-infrapanel-Food-1.jpg\",\"datePublished\":\"2024-12-01T23:03:17+00:00\",\"dateModified\":\"2024-12-01T23:03:21+00:00\",\"breadcrumb\":{\"@id\":\"https:\/\/varjasfutofolia.hu\/termek\/uveg-kep-infrapanel-food-1-600-w-uj-termek\/#breadcrumb\"},\"inLanguage\":\"en-US\",\"potentialAction\":[{\"@type\":\"ReadAction\",\"target\":[\"https:\/\/varjasfutofolia.hu\/termek\/uveg-kep-infrapanel-food-1-600-w-uj-termek\/\"]}]},{\"@type\":\"ImageObject\",\"inLanguage\":\"en-US\",\"@id\":\"https:\/\/varjasfutofolia.hu\/termek\/uveg-kep-infrapanel-food-1-600-w-uj-termek\/#primaryimage\",\"url\":\"https:\/\/varjasfutofolia.hu\/wp-content\/uploads\/2022\/12\/kepes-infrapanel-Food-1.jpg\",\"contentUrl\":\"https:\/\/varjasfutofolia.hu\/wp-content\/uploads\/2022\/12\/kepes-infrapanel-Food-1.jpg\",\"width\":869,\"height\":483},{\"@type\":\"BreadcrumbList\",\"@id\":\"https:\/\/varjasfutofolia.hu\/termek\/uveg-kep-infrapanel-food-1-600-w-uj-termek\/#breadcrumb\",\"itemListElement\":[{\"@type\":\"ListItem\",\"position\":1,\"name\":\"Kezd\u0151lap\",\"item\":\"https:\/\/varjasfutofolia.hu\/\"},{\"@type\":\"ListItem\",\"position\":2,\"name\":\"\u00dczlet\",\"item\":\"https:\/\/varjasfutofolia.hu\/uzlet\/\"},{\"@type\":\"ListItem\",\"position\":3,\"name\":\"\u00dcveg &#8211; k\u00e9p infrapanel Food 1 (600 W) \u00daj term\u00e9k!\"}]},{\"@type\":\"WebSite\",\"@id\":\"https:\/\/varjasfutofolia.hu\/#website\",\"url\":\"https:\/\/varjasfutofolia.hu\/\",\"name\":\"Varjas F\u0171t\u0151f\u00f3lia\",\"description\":\"A Nap melege az \u00d6n otthon\u00e1ban\",\"potentialAction\":[{\"@type\":\"SearchAction\",\"target\":{\"@type\":\"EntryPoint\",\"urlTemplate\":\"https:\/\/varjasfutofolia.hu\/?s={search_term_string}\"},\"query-input\":{\"@type\":\"PropertyValueSpecification\",\"valueRequired\":true,\"valueName\":\"search_term_string\"}}],\"inLanguage\":\"en-US\"}]}<\/script>\n<!-- \/ Yoast SEO plugin. -->","yoast_head_json":{"title":"\u00dcveg - k\u00e9p infrapanel Food 1 (600 W) \u00daj term\u00e9k! - Varjas F\u0171t\u0151f\u00f3lia","robots":{"index":"index","follow":"follow","max-snippet":"max-snippet:-1","max-image-preview":"max-image-preview:large","max-video-preview":"max-video-preview:-1"},"canonical":"https:\/\/varjasfutofolia.hu\/en\/termek\/uveg-kep-infrapanel-food-1-600-w-uj-termek\/","og_locale":"en_US","og_type":"article","og_title":"\u00dcveg - k\u00e9p infrapanel Food 1 (600 W) \u00daj term\u00e9k! - Varjas F\u0171t\u0151f\u00f3lia","og_description":"Fenix ECOSUN G \u00fcveg-k\u00e9p infrapanelek egyes\u00edtik GR panelek eszt\u00e9tikus megjelen\u00e9s\u00e9t a gazdas\u00e1gos infrav\u00f6r\u00f6s f\u0171t\u00e9s el\u0151nyeivel, el\u0151\u00e1ll\u00edthat\u00f3k egyedi nyomtatott fel\u00fclettel, amely exkluz\u00edv formavil\u00e1g\u00e1val a bels\u0151 terek ig\u00e9nyes kieg\u00e9sz\u00edt\u0151 f\u0171t\u00e9se lehet.","og_url":"https:\/\/varjasfutofolia.hu\/en\/termek\/uveg-kep-infrapanel-food-1-600-w-uj-termek\/","og_site_name":"Varjas F\u0171t\u0151f\u00f3lia","article_modified_time":"2024-12-01T23:03:21+00:00","twitter_card":"summary_large_image","schema":{"@context":"https:\/\/schema.org","@graph":[{"@type":"WebPage","@id":"https:\/\/varjasfutofolia.hu\/termek\/uveg-kep-infrapanel-food-1-600-w-uj-termek\/","url":"https:\/\/varjasfutofolia.hu\/termek\/uveg-kep-infrapanel-food-1-600-w-uj-termek\/","name":"\u00dcveg - k\u00e9p infrapanel Food 1 (600 W) \u00daj term\u00e9k! - Varjas F\u0171t\u0151f\u00f3lia","isPartOf":{"@id":"https:\/\/varjasfutofolia.hu\/#website"},"primaryImageOfPage":{"@id":"https:\/\/varjasfutofolia.hu\/termek\/uveg-kep-infrapanel-food-1-600-w-uj-termek\/#primaryimage"},"image":{"@id":"https:\/\/varjasfutofolia.hu\/termek\/uveg-kep-infrapanel-food-1-600-w-uj-termek\/#primaryimage"},"thumbnailUrl":"https:\/\/varjasfutofolia.hu\/wp-content\/uploads\/2022\/12\/kepes-infrapanel-Food-1.jpg","datePublished":"2024-12-01T23:03:17+00:00","dateModified":"2024-12-01T23:03:21+00:00","breadcrumb":{"@id":"https:\/\/varjasfutofolia.hu\/termek\/uveg-kep-infrapanel-food-1-600-w-uj-termek\/#breadcrumb"},"inLanguage":"en-US","potentialAction":[{"@type":"ReadAction","target":["https:\/\/varjasfutofolia.hu\/termek\/uveg-kep-infrapanel-food-1-600-w-uj-termek\/"]}]},{"@type":"ImageObject","inLanguage":"en-US","@id":"https:\/\/varjasfutofolia.hu\/termek\/uveg-kep-infrapanel-food-1-600-w-uj-termek\/#primaryimage","url":"https:\/\/varjasfutofolia.hu\/wp-content\/uploads\/2022\/12\/kepes-infrapanel-Food-1.jpg","contentUrl":"https:\/\/varjasfutofolia.hu\/wp-content\/uploads\/2022\/12\/kepes-infrapanel-Food-1.jpg","width":869,"height":483},{"@type":"BreadcrumbList","@id":"https:\/\/varjasfutofolia.hu\/termek\/uveg-kep-infrapanel-food-1-600-w-uj-termek\/#breadcrumb","itemListElement":[{"@type":"ListItem","position":1,"name":"Kezd\u0151lap","item":"https:\/\/varjasfutofolia.hu\/"},{"@type":"ListItem","position":2,"name":"\u00dczlet","item":"https:\/\/varjasfutofolia.hu\/uzlet\/"},{"@type":"ListItem","position":3,"name":"\u00dcveg &#8211; k\u00e9p infrapanel Food 1 (600 W) \u00daj term\u00e9k!"}]},{"@type":"WebSite","@id":"https:\/\/varjasfutofolia.hu\/#website","url":"https:\/\/varjasfutofolia.hu\/","name":"Varjas F\u0171t\u0151f\u00f3lia","description":"A Nap melege az \u00d6n otthon\u00e1ban","potentialAction":[{"@type":"SearchAction","target":{"@type":"EntryPoint","urlTemplate":"https:\/\/varjasfutofolia.hu\/?s={search_term_string}"},"query-input":{"@type":"PropertyValueSpecification","valueRequired":true,"valueName":"search_term_string"}}],"inLanguage":"en-US"}]}},"_links":{"self":[{"href":"https:\/\/varjasfutofolia.hu\/en\/wp-json\/wp\/v2\/product\/9931911","targetHints":{"allow":["GET"]}}],"collection":[{"href":"https:\/\/varjasfutofolia.hu\/en\/wp-json\/wp\/v2\/product"}],"about":[{"href":"https:\/\/varjasfutofolia.hu\/en\/wp-json\/wp\/v2\/types\/product"}],"replies":[{"embeddable":true,"href":"https:\/\/varjasfutofolia.hu\/en\/wp-json\/wp\/v2\/comments?post=9931911"}],"wp:featuredmedia":[{"embeddable":true,"href":"https:\/\/varjasfutofolia.hu\/en\/wp-json\/wp\/v2\/media\/9931035"}],"wp:attachment":[{"href":"https:\/\/varjasfutofolia.hu\/en\/wp-json\/wp\/v2\/media?parent=9931911"}],"wp:term":[{"taxonomy":"product_brand","embeddable":true,"href":"https:\/\/varjasfutofolia.hu\/en\/wp-json\/wp\/v2\/product_brand?post=9931911"},{"taxonomy":"product_cat","embeddable":true,"href":"https:\/\/varjasfutofolia.hu\/en\/wp-json\/wp\/v2\/product_cat?post=9931911"},{"taxonomy":"product_tag","embeddable":true,"href":"https:\/\/varjasfutofolia.hu\/en\/wp-json\/wp\/v2\/product_tag?post=9931911"}],"curies":[{"name":"wp","href":"https:\/\/api.w.org\/{rel}","templated":true}]}}