{"id":9931905,"date":"2024-12-02T00:03:12","date_gmt":"2024-12-01T23:03:12","guid":{"rendered":"https:\/\/varjasfutofolia.hu\/?post_type=product&#038;p=9931905"},"modified":"2024-12-02T00:03:16","modified_gmt":"2024-12-01T23:03:16","slug":"torolkozoszarito-uveg-infrapanel-500-gs-tow","status":"publish","type":"product","link":"https:\/\/varjasfutofolia.hu\/en\/termek\/torolkozoszarito-uveg-infrapanel-500-gs-tow\/","title":{"rendered":"T\u00f6r\u00f6lk\u00f6z\u0151sz\u00e1r\u00edt\u00f3 \u00fcveg infrapanel- 500 GS tow"},"content":{"rendered":"<p>Fenix Gs 500 W Fekete sz\u00ednben. Keret n\u00e9lk\u00fcli 6 mm vastag edzett \u00fcveggel, dupla t\u00f6r\u00f6lk\u00f6z\u0151sz\u00e1r\u00edt\u00f3val. Sz\u00ednek: feh\u00e9r, fekete, piros<\/p>\n","protected":false},"excerpt":{"rendered":"<p>Fenix GR 500 &#8211; 500W Fekete sz\u00ednben. Keret n\u00e9lk\u00fcli 6mm vastag edzett \u00fcveggel, dupla t\u00f6r\u00f6lk\u00f6z\u0151sz\u00e1r\u00edt\u00f3val. Sz\u00ednv\u00e1laszt\u00e9kfel\u00e1r n\u00e9lk\u00fcl: feh\u00e9r, fekete, piros, z\u00f6ld! Oldalfalra szerelhet\u0151 modell, a szerelv\u00e9nyek \u00e9s tartoz\u00e9kok a csomagban!<\/p>\n","protected":false},"featured_media":0,"comment_status":"open","ping_status":"closed","template":"","meta":{"_et_pb_use_builder":"","_et_pb_old_content":"","_et_gb_content_width":""},"product_brand":[],"product_cat":[202,30,208],"product_tag":[],"class_list":{"0":"post-9931905","1":"product","2":"type-product","3":"status-publish","5":"product_cat-ecosun","6":"product_cat-infrapanel","7":"product_cat-torolkozoszaritos-infra","9":"first","10":"instock","11":"taxable","12":"shipping-taxable","13":"purchasable","14":"product-type-simple"},"yoast_head":"<!-- This site is optimized with the Yoast SEO plugin v26.0 - https:\/\/yoast.com\/wordpress\/plugins\/seo\/ -->\n<title>T\u00f6r\u00f6lk\u00f6z\u0151sz\u00e1r\u00edt\u00f3 \u00fcveg infrapanel- 500 GS tow - Varjas F\u0171t\u0151f\u00f3lia<\/title>\n<meta name=\"robots\" content=\"index, follow, max-snippet:-1, max-image-preview:large, max-video-preview:-1\" \/>\n<link rel=\"canonical\" href=\"https:\/\/varjasfutofolia.hu\/en\/termek\/torolkozoszarito-uveg-infrapanel-500-gs-tow\/\" \/>\n<meta property=\"og:locale\" content=\"en_US\" \/>\n<meta property=\"og:locale:alternate\" content=\"hu_HU\" \/>\n<meta property=\"og:locale:alternate\" content=\"de_DE\" \/>\n<meta property=\"og:type\" content=\"article\" \/>\n<meta property=\"og:title\" content=\"T\u00f6r\u00f6lk\u00f6z\u0151sz\u00e1r\u00edt\u00f3 \u00fcveg infrapanel- 500 GS tow - Varjas F\u0171t\u0151f\u00f3lia\" \/>\n<meta property=\"og:description\" content=\"Fenix GR 500 - 500W Fekete sz\u00ednben. Keret n\u00e9lk\u00fcli 6mm vastag edzett \u00fcveggel, dupla t\u00f6r\u00f6lk\u00f6z\u0151sz\u00e1r\u00edt\u00f3val. Sz\u00ednv\u00e1laszt\u00e9kfel\u00e1r n\u00e9lk\u00fcl: feh\u00e9r, fekete, piros, z\u00f6ld! Oldalfalra szerelhet\u0151 modell, a szerelv\u00e9nyek \u00e9s tartoz\u00e9kok a csomagban!\" \/>\n<meta property=\"og:url\" content=\"https:\/\/varjasfutofolia.hu\/en\/termek\/torolkozoszarito-uveg-infrapanel-500-gs-tow\/\" \/>\n<meta property=\"og:site_name\" content=\"Varjas F\u0171t\u0151f\u00f3lia\" \/>\n<meta property=\"article:modified_time\" content=\"2024-12-01T23:03:16+00:00\" \/>\n<meta name=\"twitter:card\" content=\"summary_large_image\" \/>\n<script type=\"application\/ld+json\" class=\"yoast-schema-graph\">{\"@context\":\"https:\/\/schema.org\",\"@graph\":[{\"@type\":\"WebPage\",\"@id\":\"https:\/\/varjasfutofolia.hu\/termek\/torolkozoszarito-uveg-infrapanel-500-gs-tow\/\",\"url\":\"https:\/\/varjasfutofolia.hu\/termek\/torolkozoszarito-uveg-infrapanel-500-gs-tow\/\",\"name\":\"T\u00f6r\u00f6lk\u00f6z\u0151sz\u00e1r\u00edt\u00f3 \u00fcveg infrapanel- 500 GS tow - Varjas F\u0171t\u0151f\u00f3lia\",\"isPartOf\":{\"@id\":\"https:\/\/varjasfutofolia.hu\/#website\"},\"datePublished\":\"2024-12-01T23:03:12+00:00\",\"dateModified\":\"2024-12-01T23:03:16+00:00\",\"breadcrumb\":{\"@id\":\"https:\/\/varjasfutofolia.hu\/termek\/torolkozoszarito-uveg-infrapanel-500-gs-tow\/#breadcrumb\"},\"inLanguage\":\"en-US\",\"potentialAction\":[{\"@type\":\"ReadAction\",\"target\":[\"https:\/\/varjasfutofolia.hu\/termek\/torolkozoszarito-uveg-infrapanel-500-gs-tow\/\"]}]},{\"@type\":\"BreadcrumbList\",\"@id\":\"https:\/\/varjasfutofolia.hu\/termek\/torolkozoszarito-uveg-infrapanel-500-gs-tow\/#breadcrumb\",\"itemListElement\":[{\"@type\":\"ListItem\",\"position\":1,\"name\":\"Kezd\u0151lap\",\"item\":\"https:\/\/varjasfutofolia.hu\/\"},{\"@type\":\"ListItem\",\"position\":2,\"name\":\"\u00dczlet\",\"item\":\"https:\/\/varjasfutofolia.hu\/uzlet\/\"},{\"@type\":\"ListItem\",\"position\":3,\"name\":\"T\u00f6r\u00f6lk\u00f6z\u0151sz\u00e1r\u00edt\u00f3 \u00fcveg infrapanel- 500 GS tow\"}]},{\"@type\":\"WebSite\",\"@id\":\"https:\/\/varjasfutofolia.hu\/#website\",\"url\":\"https:\/\/varjasfutofolia.hu\/\",\"name\":\"Varjas F\u0171t\u0151f\u00f3lia\",\"description\":\"A Nap melege az \u00d6n otthon\u00e1ban\",\"potentialAction\":[{\"@type\":\"SearchAction\",\"target\":{\"@type\":\"EntryPoint\",\"urlTemplate\":\"https:\/\/varjasfutofolia.hu\/?s={search_term_string}\"},\"query-input\":{\"@type\":\"PropertyValueSpecification\",\"valueRequired\":true,\"valueName\":\"search_term_string\"}}],\"inLanguage\":\"en-US\"}]}<\/script>\n<!-- \/ Yoast SEO plugin. -->","yoast_head_json":{"title":"T\u00f6r\u00f6lk\u00f6z\u0151sz\u00e1r\u00edt\u00f3 \u00fcveg infrapanel- 500 GS tow - Varjas F\u0171t\u0151f\u00f3lia","robots":{"index":"index","follow":"follow","max-snippet":"max-snippet:-1","max-image-preview":"max-image-preview:large","max-video-preview":"max-video-preview:-1"},"canonical":"https:\/\/varjasfutofolia.hu\/en\/termek\/torolkozoszarito-uveg-infrapanel-500-gs-tow\/","og_locale":"en_US","og_type":"article","og_title":"T\u00f6r\u00f6lk\u00f6z\u0151sz\u00e1r\u00edt\u00f3 \u00fcveg infrapanel- 500 GS tow - Varjas F\u0171t\u0151f\u00f3lia","og_description":"Fenix GR 500 - 500W Fekete sz\u00ednben. Keret n\u00e9lk\u00fcli 6mm vastag edzett \u00fcveggel, dupla t\u00f6r\u00f6lk\u00f6z\u0151sz\u00e1r\u00edt\u00f3val. Sz\u00ednv\u00e1laszt\u00e9kfel\u00e1r n\u00e9lk\u00fcl: feh\u00e9r, fekete, piros, z\u00f6ld! Oldalfalra szerelhet\u0151 modell, a szerelv\u00e9nyek \u00e9s tartoz\u00e9kok a csomagban!","og_url":"https:\/\/varjasfutofolia.hu\/en\/termek\/torolkozoszarito-uveg-infrapanel-500-gs-tow\/","og_site_name":"Varjas F\u0171t\u0151f\u00f3lia","article_modified_time":"2024-12-01T23:03:16+00:00","twitter_card":"summary_large_image","schema":{"@context":"https:\/\/schema.org","@graph":[{"@type":"WebPage","@id":"https:\/\/varjasfutofolia.hu\/termek\/torolkozoszarito-uveg-infrapanel-500-gs-tow\/","url":"https:\/\/varjasfutofolia.hu\/termek\/torolkozoszarito-uveg-infrapanel-500-gs-tow\/","name":"T\u00f6r\u00f6lk\u00f6z\u0151sz\u00e1r\u00edt\u00f3 \u00fcveg infrapanel- 500 GS tow - Varjas F\u0171t\u0151f\u00f3lia","isPartOf":{"@id":"https:\/\/varjasfutofolia.hu\/#website"},"datePublished":"2024-12-01T23:03:12+00:00","dateModified":"2024-12-01T23:03:16+00:00","breadcrumb":{"@id":"https:\/\/varjasfutofolia.hu\/termek\/torolkozoszarito-uveg-infrapanel-500-gs-tow\/#breadcrumb"},"inLanguage":"en-US","potentialAction":[{"@type":"ReadAction","target":["https:\/\/varjasfutofolia.hu\/termek\/torolkozoszarito-uveg-infrapanel-500-gs-tow\/"]}]},{"@type":"BreadcrumbList","@id":"https:\/\/varjasfutofolia.hu\/termek\/torolkozoszarito-uveg-infrapanel-500-gs-tow\/#breadcrumb","itemListElement":[{"@type":"ListItem","position":1,"name":"Kezd\u0151lap","item":"https:\/\/varjasfutofolia.hu\/"},{"@type":"ListItem","position":2,"name":"\u00dczlet","item":"https:\/\/varjasfutofolia.hu\/uzlet\/"},{"@type":"ListItem","position":3,"name":"T\u00f6r\u00f6lk\u00f6z\u0151sz\u00e1r\u00edt\u00f3 \u00fcveg infrapanel- 500 GS tow"}]},{"@type":"WebSite","@id":"https:\/\/varjasfutofolia.hu\/#website","url":"https:\/\/varjasfutofolia.hu\/","name":"Varjas F\u0171t\u0151f\u00f3lia","description":"A Nap melege az \u00d6n otthon\u00e1ban","potentialAction":[{"@type":"SearchAction","target":{"@type":"EntryPoint","urlTemplate":"https:\/\/varjasfutofolia.hu\/?s={search_term_string}"},"query-input":{"@type":"PropertyValueSpecification","valueRequired":true,"valueName":"search_term_string"}}],"inLanguage":"en-US"}]}},"_links":{"self":[{"href":"https:\/\/varjasfutofolia.hu\/en\/wp-json\/wp\/v2\/product\/9931905","targetHints":{"allow":["GET"]}}],"collection":[{"href":"https:\/\/varjasfutofolia.hu\/en\/wp-json\/wp\/v2\/product"}],"about":[{"href":"https:\/\/varjasfutofolia.hu\/en\/wp-json\/wp\/v2\/types\/product"}],"replies":[{"embeddable":true,"href":"https:\/\/varjasfutofolia.hu\/en\/wp-json\/wp\/v2\/comments?post=9931905"}],"wp:attachment":[{"href":"https:\/\/varjasfutofolia.hu\/en\/wp-json\/wp\/v2\/media?parent=9931905"}],"wp:term":[{"taxonomy":"product_brand","embeddable":true,"href":"https:\/\/varjasfutofolia.hu\/en\/wp-json\/wp\/v2\/product_brand?post=9931905"},{"taxonomy":"product_cat","embeddable":true,"href":"https:\/\/varjasfutofolia.hu\/en\/wp-json\/wp\/v2\/product_cat?post=9931905"},{"taxonomy":"product_tag","embeddable":true,"href":"https:\/\/varjasfutofolia.hu\/en\/wp-json\/wp\/v2\/product_tag?post=9931905"}],"curies":[{"name":"wp","href":"https:\/\/api.w.org\/{rel}","templated":true}]}}