{"id":9931892,"date":"2024-12-02T00:03:11","date_gmt":"2024-12-01T23:03:11","guid":{"rendered":"https:\/\/varjasfutofolia.hu\/?post_type=product&#038;p=9931892"},"modified":"2024-12-02T00:03:15","modified_gmt":"2024-12-01T23:03:15","slug":"g-old-650-f-650-w","status":"publish","type":"product","link":"https:\/\/varjasfutofolia.hu\/en\/termek\/g-old-650-f-650-w\/","title":{"rendered":"G-OLD 650 f  ( 650 W)"},"content":{"rendered":"","protected":false},"excerpt":{"rendered":"<p>A G-OLD \u201ef\u201d jel\u0171 infrapanel eszt\u00e9tikus borovi feny\u0151fa kerettel k\u00e9sz\u00fcl igazodva az egyszer\u0171bb kiviteli ig\u00e9nyekhez.<\/p>\n<p>Kedvez\u0151 \u00e1ru panel, keretei szabadon festhet\u0151ek az adott k\u00f6rnyezethez igaz\u00edtva. B\u00e1rmely fa \u00e1pol\u00e1s\u00e1ra, fest\u00e9s\u00e9re alkalmas v\u00edzb\u00e1zis\u00fa fest\u00e9k haszn\u00e1lhat\u00f3.<\/p>\n<p>Korl\u00e1tlan \u00e9lettartam, meghib\u00e1sod\u00e1sra nincs lehet\u0151s\u00e9ge!  A k\u00f6zkedvelts\u00e9g oka az egyszer\u0171s\u00e9g\u00e9ben rejlik. Nat\u00far borovi feny\u0151fa kerettel forgalmazzuk, az egys\u00e9gcsomag tartalmazza a felr\u00f6gz\u00edt\u00e9shez sz\u00fcks\u00e9ges csavarokat, tipliket \u00e9s annak takar\u00f3 kupakjait, valamint r\u00e9szletes beszerel\u00e9si \u00fatmutat\u00f3t!<\/p>\n<p>Lak\u00e1sok, csal\u00e1di h\u00e1zak, h\u00e9tv\u00e9gi nyaral\u00f3k, tet\u0151t\u00e9ri szob\u00e1k, f\u00fcrd\u0151szob\u00e1k, mell\u00e9khelyis\u00e9gek, \u00fczletek f\u0171t\u00e9s\u00e9re. IP24-es kivitel, vizes helyis\u00e9gekbe is szerelhet\u0151! Kiv\u00e1l\u00f3 energiatakar\u00e9kos els\u0151dleges f\u0171t\u00e9si megold\u00e1s. A passz\u00edv h\u00e1zak elengedhetetlen f\u0171t\u00e9si rendszere!<\/p>\n<p>M\u00e9ret: 1240x640mm<\/p>\n<p>S\u00faly: 5,5 kg<\/p>\n","protected":false},"featured_media":0,"comment_status":"open","ping_status":"closed","template":"","meta":{"_et_pb_use_builder":"","_et_pb_old_content":"","_et_gb_content_width":""},"product_brand":[],"product_cat":[202,30],"product_tag":[],"class_list":{"0":"post-9931892","1":"product","2":"type-product","3":"status-publish","5":"product_cat-ecosun","6":"product_cat-infrapanel","8":"first","9":"instock","10":"taxable","11":"shipping-taxable","12":"purchasable","13":"product-type-simple"},"yoast_head":"<!-- This site is optimized with the Yoast SEO plugin v26.0 - https:\/\/yoast.com\/wordpress\/plugins\/seo\/ -->\n<title>G-OLD 650 f ( 650 W) - Varjas F\u0171t\u0151f\u00f3lia<\/title>\n<meta name=\"robots\" content=\"index, follow, max-snippet:-1, max-image-preview:large, max-video-preview:-1\" \/>\n<link rel=\"canonical\" href=\"https:\/\/varjasfutofolia.hu\/en\/termek\/g-old-650-f-650-w\/\" \/>\n<meta property=\"og:locale\" content=\"en_US\" \/>\n<meta property=\"og:locale:alternate\" content=\"hu_HU\" \/>\n<meta property=\"og:locale:alternate\" content=\"de_DE\" \/>\n<meta property=\"og:type\" content=\"article\" \/>\n<meta property=\"og:title\" content=\"G-OLD 650 f ( 650 W) - Varjas F\u0171t\u0151f\u00f3lia\" \/>\n<meta property=\"og:description\" content=\"A G-OLD \u201ef\u201d jel\u0171 infrapanel eszt\u00e9tikus borovi feny\u0151fa kerettel k\u00e9sz\u00fcl igazodva az egyszer\u0171bb kiviteli ig\u00e9nyekhez.Kedvez\u0151 \u00e1ru panel, keretei szabadon festhet\u0151ek az adott k\u00f6rnyezethez igaz\u00edtva. B\u00e1rmely fa \u00e1pol\u00e1s\u00e1ra, fest\u00e9s\u00e9re alkalmas v\u00edzb\u00e1zis\u00fa fest\u00e9k haszn\u00e1lhat\u00f3.Korl\u00e1tlan \u00e9lettartam, meghib\u00e1sod\u00e1sra nincs lehet\u0151s\u00e9ge! A k\u00f6zkedvelts\u00e9g oka az egyszer\u0171s\u00e9g\u00e9ben rejlik. Nat\u00far borovi feny\u0151fa kerettel forgalmazzuk, az egys\u00e9gcsomag tartalmazza a felr\u00f6gz\u00edt\u00e9shez sz\u00fcks\u00e9ges csavarokat, tipliket \u00e9s annak takar\u00f3 kupakjait, valamint r\u00e9szletes beszerel\u00e9si \u00fatmutat\u00f3t!Lak\u00e1sok, csal\u00e1di h\u00e1zak, h\u00e9tv\u00e9gi nyaral\u00f3k, tet\u0151t\u00e9ri szob\u00e1k, f\u00fcrd\u0151szob\u00e1k, mell\u00e9khelyis\u00e9gek, \u00fczletek f\u0171t\u00e9s\u00e9re. IP24-es kivitel, vizes helyis\u00e9gekbe is szerelhet\u0151! Kiv\u00e1l\u00f3 energiatakar\u00e9kos els\u0151dleges f\u0171t\u00e9si megold\u00e1s. A passz\u00edv h\u00e1zak elengedhetetlen f\u0171t\u00e9si rendszere!M\u00e9ret: 1240x640mmS\u00faly: 5,5 kg\" \/>\n<meta property=\"og:url\" content=\"https:\/\/varjasfutofolia.hu\/en\/termek\/g-old-650-f-650-w\/\" \/>\n<meta property=\"og:site_name\" content=\"Varjas F\u0171t\u0151f\u00f3lia\" \/>\n<meta property=\"article:modified_time\" content=\"2024-12-01T23:03:15+00:00\" \/>\n<meta name=\"twitter:card\" content=\"summary_large_image\" \/>\n<script type=\"application\/ld+json\" class=\"yoast-schema-graph\">{\"@context\":\"https:\/\/schema.org\",\"@graph\":[{\"@type\":\"WebPage\",\"@id\":\"https:\/\/varjasfutofolia.hu\/termek\/g-old-650-f-650-w\/\",\"url\":\"https:\/\/varjasfutofolia.hu\/termek\/g-old-650-f-650-w\/\",\"name\":\"G-OLD 650 f ( 650 W) - Varjas F\u0171t\u0151f\u00f3lia\",\"isPartOf\":{\"@id\":\"https:\/\/varjasfutofolia.hu\/#website\"},\"datePublished\":\"2024-12-01T23:03:11+00:00\",\"dateModified\":\"2024-12-01T23:03:15+00:00\",\"breadcrumb\":{\"@id\":\"https:\/\/varjasfutofolia.hu\/termek\/g-old-650-f-650-w\/#breadcrumb\"},\"inLanguage\":\"en-US\",\"potentialAction\":[{\"@type\":\"ReadAction\",\"target\":[\"https:\/\/varjasfutofolia.hu\/termek\/g-old-650-f-650-w\/\"]}]},{\"@type\":\"BreadcrumbList\",\"@id\":\"https:\/\/varjasfutofolia.hu\/termek\/g-old-650-f-650-w\/#breadcrumb\",\"itemListElement\":[{\"@type\":\"ListItem\",\"position\":1,\"name\":\"Kezd\u0151lap\",\"item\":\"https:\/\/varjasfutofolia.hu\/\"},{\"@type\":\"ListItem\",\"position\":2,\"name\":\"\u00dczlet\",\"item\":\"https:\/\/varjasfutofolia.hu\/uzlet\/\"},{\"@type\":\"ListItem\",\"position\":3,\"name\":\"G-OLD 650 f ( 650 W)\"}]},{\"@type\":\"WebSite\",\"@id\":\"https:\/\/varjasfutofolia.hu\/#website\",\"url\":\"https:\/\/varjasfutofolia.hu\/\",\"name\":\"Varjas F\u0171t\u0151f\u00f3lia\",\"description\":\"A Nap melege az \u00d6n otthon\u00e1ban\",\"potentialAction\":[{\"@type\":\"SearchAction\",\"target\":{\"@type\":\"EntryPoint\",\"urlTemplate\":\"https:\/\/varjasfutofolia.hu\/?s={search_term_string}\"},\"query-input\":{\"@type\":\"PropertyValueSpecification\",\"valueRequired\":true,\"valueName\":\"search_term_string\"}}],\"inLanguage\":\"en-US\"}]}<\/script>\n<!-- \/ Yoast SEO plugin. -->","yoast_head_json":{"title":"G-OLD 650 f ( 650 W) - Varjas F\u0171t\u0151f\u00f3lia","robots":{"index":"index","follow":"follow","max-snippet":"max-snippet:-1","max-image-preview":"max-image-preview:large","max-video-preview":"max-video-preview:-1"},"canonical":"https:\/\/varjasfutofolia.hu\/en\/termek\/g-old-650-f-650-w\/","og_locale":"en_US","og_type":"article","og_title":"G-OLD 650 f ( 650 W) - Varjas F\u0171t\u0151f\u00f3lia","og_description":"A G-OLD \u201ef\u201d jel\u0171 infrapanel eszt\u00e9tikus borovi feny\u0151fa kerettel k\u00e9sz\u00fcl igazodva az egyszer\u0171bb kiviteli ig\u00e9nyekhez.Kedvez\u0151 \u00e1ru panel, keretei szabadon festhet\u0151ek az adott k\u00f6rnyezethez igaz\u00edtva. B\u00e1rmely fa \u00e1pol\u00e1s\u00e1ra, fest\u00e9s\u00e9re alkalmas v\u00edzb\u00e1zis\u00fa fest\u00e9k haszn\u00e1lhat\u00f3.Korl\u00e1tlan \u00e9lettartam, meghib\u00e1sod\u00e1sra nincs lehet\u0151s\u00e9ge! A k\u00f6zkedvelts\u00e9g oka az egyszer\u0171s\u00e9g\u00e9ben rejlik. Nat\u00far borovi feny\u0151fa kerettel forgalmazzuk, az egys\u00e9gcsomag tartalmazza a felr\u00f6gz\u00edt\u00e9shez sz\u00fcks\u00e9ges csavarokat, tipliket \u00e9s annak takar\u00f3 kupakjait, valamint r\u00e9szletes beszerel\u00e9si \u00fatmutat\u00f3t!Lak\u00e1sok, csal\u00e1di h\u00e1zak, h\u00e9tv\u00e9gi nyaral\u00f3k, tet\u0151t\u00e9ri szob\u00e1k, f\u00fcrd\u0151szob\u00e1k, mell\u00e9khelyis\u00e9gek, \u00fczletek f\u0171t\u00e9s\u00e9re. IP24-es kivitel, vizes helyis\u00e9gekbe is szerelhet\u0151! Kiv\u00e1l\u00f3 energiatakar\u00e9kos els\u0151dleges f\u0171t\u00e9si megold\u00e1s. A passz\u00edv h\u00e1zak elengedhetetlen f\u0171t\u00e9si rendszere!M\u00e9ret: 1240x640mmS\u00faly: 5,5 kg","og_url":"https:\/\/varjasfutofolia.hu\/en\/termek\/g-old-650-f-650-w\/","og_site_name":"Varjas F\u0171t\u0151f\u00f3lia","article_modified_time":"2024-12-01T23:03:15+00:00","twitter_card":"summary_large_image","schema":{"@context":"https:\/\/schema.org","@graph":[{"@type":"WebPage","@id":"https:\/\/varjasfutofolia.hu\/termek\/g-old-650-f-650-w\/","url":"https:\/\/varjasfutofolia.hu\/termek\/g-old-650-f-650-w\/","name":"G-OLD 650 f ( 650 W) - Varjas F\u0171t\u0151f\u00f3lia","isPartOf":{"@id":"https:\/\/varjasfutofolia.hu\/#website"},"datePublished":"2024-12-01T23:03:11+00:00","dateModified":"2024-12-01T23:03:15+00:00","breadcrumb":{"@id":"https:\/\/varjasfutofolia.hu\/termek\/g-old-650-f-650-w\/#breadcrumb"},"inLanguage":"en-US","potentialAction":[{"@type":"ReadAction","target":["https:\/\/varjasfutofolia.hu\/termek\/g-old-650-f-650-w\/"]}]},{"@type":"BreadcrumbList","@id":"https:\/\/varjasfutofolia.hu\/termek\/g-old-650-f-650-w\/#breadcrumb","itemListElement":[{"@type":"ListItem","position":1,"name":"Kezd\u0151lap","item":"https:\/\/varjasfutofolia.hu\/"},{"@type":"ListItem","position":2,"name":"\u00dczlet","item":"https:\/\/varjasfutofolia.hu\/uzlet\/"},{"@type":"ListItem","position":3,"name":"G-OLD 650 f ( 650 W)"}]},{"@type":"WebSite","@id":"https:\/\/varjasfutofolia.hu\/#website","url":"https:\/\/varjasfutofolia.hu\/","name":"Varjas F\u0171t\u0151f\u00f3lia","description":"A Nap melege az \u00d6n otthon\u00e1ban","potentialAction":[{"@type":"SearchAction","target":{"@type":"EntryPoint","urlTemplate":"https:\/\/varjasfutofolia.hu\/?s={search_term_string}"},"query-input":{"@type":"PropertyValueSpecification","valueRequired":true,"valueName":"search_term_string"}}],"inLanguage":"en-US"}]}},"_links":{"self":[{"href":"https:\/\/varjasfutofolia.hu\/en\/wp-json\/wp\/v2\/product\/9931892","targetHints":{"allow":["GET"]}}],"collection":[{"href":"https:\/\/varjasfutofolia.hu\/en\/wp-json\/wp\/v2\/product"}],"about":[{"href":"https:\/\/varjasfutofolia.hu\/en\/wp-json\/wp\/v2\/types\/product"}],"replies":[{"embeddable":true,"href":"https:\/\/varjasfutofolia.hu\/en\/wp-json\/wp\/v2\/comments?post=9931892"}],"wp:attachment":[{"href":"https:\/\/varjasfutofolia.hu\/en\/wp-json\/wp\/v2\/media?parent=9931892"}],"wp:term":[{"taxonomy":"product_brand","embeddable":true,"href":"https:\/\/varjasfutofolia.hu\/en\/wp-json\/wp\/v2\/product_brand?post=9931892"},{"taxonomy":"product_cat","embeddable":true,"href":"https:\/\/varjasfutofolia.hu\/en\/wp-json\/wp\/v2\/product_cat?post=9931892"},{"taxonomy":"product_tag","embeddable":true,"href":"https:\/\/varjasfutofolia.hu\/en\/wp-json\/wp\/v2\/product_tag?post=9931892"}],"curies":[{"name":"wp","href":"https:\/\/api.w.org\/{rel}","templated":true}]}}