{"id":9931860,"date":"2024-12-02T00:03:01","date_gmt":"2024-12-01T23:03:01","guid":{"rendered":"https:\/\/varjasfutofolia.hu\/?post_type=product&#038;p=9931860"},"modified":"2024-12-02T00:03:06","modified_gmt":"2024-12-01T23:03:06","slug":"fenix-gr-300-uveg-infrapanel-zold","status":"publish","type":"product","link":"https:\/\/varjasfutofolia.hu\/en\/termek\/fenix-gr-300-uveg-infrapanel-zold\/","title":{"rendered":"Fenix GR 300 \u00fcveg infrapanel (z\u00f6ld)"},"content":{"rendered":"<h3>Sz\u00ednes \u00fcveg Infrapanel \u2013 Fenix EcoSun<\/h3>\n<p>Napjainkban ahogy cs\u00f6kken az \u00e9p\u00fcletek energiavesztes\u00e9ge, \u00fagy emelkedik az elektromos f\u0171t\u00e9sek gyakoribb felhaszn\u00e1l\u00e1sa.\u00a0 A kedvez\u0151 beruh\u00e1z\u00e1si k\u00f6lts\u00e9g mellett nagy el\u0151ny a gyors \u00e9s komfortos meleg.<\/p>\n<p><a href=\"https:\/\/www.futofolia.hu\/infrafutes\/\">Az infraf\u0171t\u00e9s<\/a> a sug\u00e1rz\u00f3 h\u0151nek k\u00f6sz\u00f6nhet\u0151en k\u00f6zvetlen\u00fcl az embert meleg\u00edti \u00e9s. a t\u00e1rgyakat, majd a leveg\u0151 csak ezt k\u00f6vet\u0151en melegszik fel, \u00edgy a komfortos meleg el\u00e9r\u00e9se t\u00f6red\u00e9ke m\u00e1s f\u0171t\u00e9shez k\u00e9pest, \u00e9s az energia felhaszn\u00e1l\u00e1s is optim\u00e1lisabb.<\/p>\n<p>Fenix ECOSUN GS \u00fcveg f\u0171t\u0151panelek egyes\u00edtik GR f\u0171t\u0151panelek eszt\u00e9tikus megjelen\u00e9s\u00e9t a gazdas\u00e1gos infrav\u00f6r\u00f6s f\u0171t\u00e9s el\u0151nyeivel. A felvett villamos energi\u00e1t magas hat\u00e1sfokkal alak\u00edtja \u00e1t infrav\u00f6r\u00f6s h\u0151sug\u00e1rz\u00e1ss\u00e1.<\/p>\n<p>Nincs amortiz\u00e1ci\u00f3, fel\u00fclete \u00e9vek m\u00falt\u00e1n is ragyog\u00f3an \u00fajszer\u0171 marad .Szerelhet\u0151 mennyezetre \u00e9s oldalfalra is. Exkluz\u00edv formavil\u00e1g\u00e1val a bels\u0151 terek ig\u00e9nyes f\u0151 vagy kieg\u00e9sz\u00edt\u0151 f\u0171t\u00e9se lehet.<\/p>\n<p>Sz\u00edn: Feh\u00e9r<br \/>\nM\u00e9ret: 585x585x39 mm<br \/>\nTeljes\u00edtm\u00e9ny: 300Watt, IP44 (cca. 8-12 m3 f\u0171tend\u0151 helyis\u00e9g)<br \/>\nS\u00faly: 10,5 kg<\/p>\n<p><iframe loading=\"lazy\" title=\"kepes infrapanel ecosun\" width=\"1080\" height=\"608\" src=\"https:\/\/www.youtube.com\/embed\/5WFBD1COjPQ?start=2&#038;feature=oembed\"  allow=\"accelerometer; autoplay; clipboard-write; encrypted-media; gyroscope; picture-in-picture; web-share\" referrerpolicy=\"strict-origin-when-cross-origin\" allowfullscreen><\/iframe><\/p>\n<p>&nbsp;<\/p>\n","protected":false},"excerpt":{"rendered":"<p>Fenix GR 300 &#8211; 300W Z\u00f6ld sz\u00ednben. Keret n\u00e9lk\u00fcli 10mm vastag edzett \u00fcveggel! Sz\u00ednv\u00e1laszt\u00e9kfel\u00e1r n\u00e9lk\u00fcl: feh\u00e9r, fekete, piros, z\u00f6ld! Az \u00fcveg infrav\u00f6r\u00f6s f\u0171t\u00e9s\u0171 panelek a kiv\u00e1ll\u00f3 in\u0151s\u00e9g\u0171ek, mint a fizikai k\u00f6vetelm\u00e9nyek szempontj\u00e1b\u00f3l, mint pedig a diz\u00e1jn szempontj\u00e1b\u00f3l. Keret n\u00e9lk\u00fcli pr\u00e9mium term\u00e9k.<\/p>\n<p>Csak rendel\u00e9sre, sz\u00e1ll\u00edt\u00e1s 2-4 h\u00e9t!<\/p>\n<p>M\u00e9ret: 700x500x10mm<\/p>\n<p>S\u00faly: 14 kg<\/p>\n<p>Gy\u00e1rt\u00f3: Fenix<\/p>\n<p>Garancia: 5 \u00e9v<\/p>\n","protected":false},"featured_media":9931105,"comment_status":"open","ping_status":"closed","template":"","meta":{"_et_pb_use_builder":"","_et_pb_old_content":"","_et_gb_content_width":""},"product_brand":[],"product_cat":[202,30,209],"product_tag":[213,214],"class_list":{"0":"post-9931860","1":"product","2":"type-product","3":"status-publish","4":"has-post-thumbnail","6":"product_cat-ecosun","7":"product_cat-infrapanel","8":"product_cat-uveg","9":"product_tag-uveg-infra-panel","10":"product_tag-uveg-infrapanel","12":"first","13":"instock","14":"taxable","15":"shipping-taxable","16":"purchasable","17":"product-type-simple"},"yoast_head":"<!-- This site is optimized with the Yoast SEO plugin v26.0 - https:\/\/yoast.com\/wordpress\/plugins\/seo\/ -->\n<title>Fenix GR 300 \u00fcveg infrapanel (z\u00f6ld) - Varjas F\u0171t\u0151f\u00f3lia<\/title>\n<meta name=\"robots\" content=\"index, follow, max-snippet:-1, max-image-preview:large, max-video-preview:-1\" \/>\n<link rel=\"canonical\" href=\"https:\/\/varjasfutofolia.hu\/en\/termek\/fenix-gr-300-uveg-infrapanel-zold\/\" \/>\n<meta property=\"og:locale\" content=\"en_US\" \/>\n<meta property=\"og:locale:alternate\" content=\"hu_HU\" \/>\n<meta property=\"og:locale:alternate\" content=\"de_DE\" \/>\n<meta property=\"og:type\" content=\"article\" \/>\n<meta property=\"og:title\" content=\"Fenix GR 300 \u00fcveg infrapanel (z\u00f6ld) - Varjas F\u0171t\u0151f\u00f3lia\" \/>\n<meta property=\"og:description\" content=\"Fenix GR 300 - 300W Z\u00f6ld sz\u00ednben. Keret n\u00e9lk\u00fcli 10mm vastag edzett \u00fcveggel! Sz\u00ednv\u00e1laszt\u00e9kfel\u00e1r n\u00e9lk\u00fcl: feh\u00e9r, fekete, piros, z\u00f6ld! Az \u00fcveg infrav\u00f6r\u00f6s f\u0171t\u00e9s\u0171 panelek a kiv\u00e1ll\u00f3 in\u0151s\u00e9g\u0171ek, mint a fizikai k\u00f6vetelm\u00e9nyek szempontj\u00e1b\u00f3l, mint pedig a diz\u00e1jn szempontj\u00e1b\u00f3l. Keret n\u00e9lk\u00fcli pr\u00e9mium term\u00e9k. Csak rendel\u00e9sre, sz\u00e1ll\u00edt\u00e1s 2-4 h\u00e9t! M\u00e9ret: 700x500x10mm S\u00faly: 14 kg Gy\u00e1rt\u00f3: Fenix Garancia: 5 \u00e9v\" \/>\n<meta property=\"og:url\" content=\"https:\/\/varjasfutofolia.hu\/en\/termek\/fenix-gr-300-uveg-infrapanel-zold\/\" \/>\n<meta property=\"og:site_name\" content=\"Varjas F\u0171t\u0151f\u00f3lia\" \/>\n<meta property=\"article:modified_time\" content=\"2024-12-01T23:03:06+00:00\" \/>\n<meta name=\"twitter:card\" content=\"summary_large_image\" \/>\n<meta name=\"twitter:label1\" content=\"Est. reading time\" \/>\n\t<meta name=\"twitter:data1\" content=\"1 minute\" \/>\n<script type=\"application\/ld+json\" class=\"yoast-schema-graph\">{\"@context\":\"https:\/\/schema.org\",\"@graph\":[{\"@type\":\"WebPage\",\"@id\":\"https:\/\/varjasfutofolia.hu\/termek\/fenix-gr-300-uveg-infrapanel-zold\/\",\"url\":\"https:\/\/varjasfutofolia.hu\/termek\/fenix-gr-300-uveg-infrapanel-zold\/\",\"name\":\"Fenix GR 300 \u00fcveg infrapanel (z\u00f6ld) - Varjas F\u0171t\u0151f\u00f3lia\",\"isPartOf\":{\"@id\":\"https:\/\/varjasfutofolia.hu\/#website\"},\"primaryImageOfPage\":{\"@id\":\"https:\/\/varjasfutofolia.hu\/termek\/fenix-gr-300-uveg-infrapanel-zold\/#primaryimage\"},\"image\":{\"@id\":\"https:\/\/varjasfutofolia.hu\/termek\/fenix-gr-300-uveg-infrapanel-zold\/#primaryimage\"},\"thumbnailUrl\":\"https:\/\/varjasfutofolia.hu\/wp-content\/uploads\/2022\/12\/gr-300-z-2.jpg\",\"datePublished\":\"2024-12-01T23:03:01+00:00\",\"dateModified\":\"2024-12-01T23:03:06+00:00\",\"breadcrumb\":{\"@id\":\"https:\/\/varjasfutofolia.hu\/termek\/fenix-gr-300-uveg-infrapanel-zold\/#breadcrumb\"},\"inLanguage\":\"en-US\",\"potentialAction\":[{\"@type\":\"ReadAction\",\"target\":[\"https:\/\/varjasfutofolia.hu\/termek\/fenix-gr-300-uveg-infrapanel-zold\/\"]}]},{\"@type\":\"ImageObject\",\"inLanguage\":\"en-US\",\"@id\":\"https:\/\/varjasfutofolia.hu\/termek\/fenix-gr-300-uveg-infrapanel-zold\/#primaryimage\",\"url\":\"https:\/\/varjasfutofolia.hu\/wp-content\/uploads\/2022\/12\/gr-300-z-2.jpg\",\"contentUrl\":\"https:\/\/varjasfutofolia.hu\/wp-content\/uploads\/2022\/12\/gr-300-z-2.jpg\",\"width\":900,\"height\":500},{\"@type\":\"BreadcrumbList\",\"@id\":\"https:\/\/varjasfutofolia.hu\/termek\/fenix-gr-300-uveg-infrapanel-zold\/#breadcrumb\",\"itemListElement\":[{\"@type\":\"ListItem\",\"position\":1,\"name\":\"Kezd\u0151lap\",\"item\":\"https:\/\/varjasfutofolia.hu\/\"},{\"@type\":\"ListItem\",\"position\":2,\"name\":\"\u00dczlet\",\"item\":\"https:\/\/varjasfutofolia.hu\/uzlet\/\"},{\"@type\":\"ListItem\",\"position\":3,\"name\":\"Fenix GR 300 \u00fcveg infrapanel (z\u00f6ld)\"}]},{\"@type\":\"WebSite\",\"@id\":\"https:\/\/varjasfutofolia.hu\/#website\",\"url\":\"https:\/\/varjasfutofolia.hu\/\",\"name\":\"Varjas F\u0171t\u0151f\u00f3lia\",\"description\":\"A Nap melege az \u00d6n otthon\u00e1ban\",\"potentialAction\":[{\"@type\":\"SearchAction\",\"target\":{\"@type\":\"EntryPoint\",\"urlTemplate\":\"https:\/\/varjasfutofolia.hu\/?s={search_term_string}\"},\"query-input\":{\"@type\":\"PropertyValueSpecification\",\"valueRequired\":true,\"valueName\":\"search_term_string\"}}],\"inLanguage\":\"en-US\"}]}<\/script>\n<!-- \/ Yoast SEO plugin. -->","yoast_head_json":{"title":"Fenix GR 300 \u00fcveg infrapanel (z\u00f6ld) - Varjas F\u0171t\u0151f\u00f3lia","robots":{"index":"index","follow":"follow","max-snippet":"max-snippet:-1","max-image-preview":"max-image-preview:large","max-video-preview":"max-video-preview:-1"},"canonical":"https:\/\/varjasfutofolia.hu\/en\/termek\/fenix-gr-300-uveg-infrapanel-zold\/","og_locale":"en_US","og_type":"article","og_title":"Fenix GR 300 \u00fcveg infrapanel (z\u00f6ld) - Varjas F\u0171t\u0151f\u00f3lia","og_description":"Fenix GR 300 - 300W Z\u00f6ld sz\u00ednben. Keret n\u00e9lk\u00fcli 10mm vastag edzett \u00fcveggel! Sz\u00ednv\u00e1laszt\u00e9kfel\u00e1r n\u00e9lk\u00fcl: feh\u00e9r, fekete, piros, z\u00f6ld! Az \u00fcveg infrav\u00f6r\u00f6s f\u0171t\u00e9s\u0171 panelek a kiv\u00e1ll\u00f3 in\u0151s\u00e9g\u0171ek, mint a fizikai k\u00f6vetelm\u00e9nyek szempontj\u00e1b\u00f3l, mint pedig a diz\u00e1jn szempontj\u00e1b\u00f3l. Keret n\u00e9lk\u00fcli pr\u00e9mium term\u00e9k. Csak rendel\u00e9sre, sz\u00e1ll\u00edt\u00e1s 2-4 h\u00e9t! M\u00e9ret: 700x500x10mm S\u00faly: 14 kg Gy\u00e1rt\u00f3: Fenix Garancia: 5 \u00e9v","og_url":"https:\/\/varjasfutofolia.hu\/en\/termek\/fenix-gr-300-uveg-infrapanel-zold\/","og_site_name":"Varjas F\u0171t\u0151f\u00f3lia","article_modified_time":"2024-12-01T23:03:06+00:00","twitter_card":"summary_large_image","twitter_misc":{"Est. reading time":"1 minute"},"schema":{"@context":"https:\/\/schema.org","@graph":[{"@type":"WebPage","@id":"https:\/\/varjasfutofolia.hu\/termek\/fenix-gr-300-uveg-infrapanel-zold\/","url":"https:\/\/varjasfutofolia.hu\/termek\/fenix-gr-300-uveg-infrapanel-zold\/","name":"Fenix GR 300 \u00fcveg infrapanel (z\u00f6ld) - Varjas F\u0171t\u0151f\u00f3lia","isPartOf":{"@id":"https:\/\/varjasfutofolia.hu\/#website"},"primaryImageOfPage":{"@id":"https:\/\/varjasfutofolia.hu\/termek\/fenix-gr-300-uveg-infrapanel-zold\/#primaryimage"},"image":{"@id":"https:\/\/varjasfutofolia.hu\/termek\/fenix-gr-300-uveg-infrapanel-zold\/#primaryimage"},"thumbnailUrl":"https:\/\/varjasfutofolia.hu\/wp-content\/uploads\/2022\/12\/gr-300-z-2.jpg","datePublished":"2024-12-01T23:03:01+00:00","dateModified":"2024-12-01T23:03:06+00:00","breadcrumb":{"@id":"https:\/\/varjasfutofolia.hu\/termek\/fenix-gr-300-uveg-infrapanel-zold\/#breadcrumb"},"inLanguage":"en-US","potentialAction":[{"@type":"ReadAction","target":["https:\/\/varjasfutofolia.hu\/termek\/fenix-gr-300-uveg-infrapanel-zold\/"]}]},{"@type":"ImageObject","inLanguage":"en-US","@id":"https:\/\/varjasfutofolia.hu\/termek\/fenix-gr-300-uveg-infrapanel-zold\/#primaryimage","url":"https:\/\/varjasfutofolia.hu\/wp-content\/uploads\/2022\/12\/gr-300-z-2.jpg","contentUrl":"https:\/\/varjasfutofolia.hu\/wp-content\/uploads\/2022\/12\/gr-300-z-2.jpg","width":900,"height":500},{"@type":"BreadcrumbList","@id":"https:\/\/varjasfutofolia.hu\/termek\/fenix-gr-300-uveg-infrapanel-zold\/#breadcrumb","itemListElement":[{"@type":"ListItem","position":1,"name":"Kezd\u0151lap","item":"https:\/\/varjasfutofolia.hu\/"},{"@type":"ListItem","position":2,"name":"\u00dczlet","item":"https:\/\/varjasfutofolia.hu\/uzlet\/"},{"@type":"ListItem","position":3,"name":"Fenix GR 300 \u00fcveg infrapanel (z\u00f6ld)"}]},{"@type":"WebSite","@id":"https:\/\/varjasfutofolia.hu\/#website","url":"https:\/\/varjasfutofolia.hu\/","name":"Varjas F\u0171t\u0151f\u00f3lia","description":"A Nap melege az \u00d6n otthon\u00e1ban","potentialAction":[{"@type":"SearchAction","target":{"@type":"EntryPoint","urlTemplate":"https:\/\/varjasfutofolia.hu\/?s={search_term_string}"},"query-input":{"@type":"PropertyValueSpecification","valueRequired":true,"valueName":"search_term_string"}}],"inLanguage":"en-US"}]}},"_links":{"self":[{"href":"https:\/\/varjasfutofolia.hu\/en\/wp-json\/wp\/v2\/product\/9931860","targetHints":{"allow":["GET"]}}],"collection":[{"href":"https:\/\/varjasfutofolia.hu\/en\/wp-json\/wp\/v2\/product"}],"about":[{"href":"https:\/\/varjasfutofolia.hu\/en\/wp-json\/wp\/v2\/types\/product"}],"replies":[{"embeddable":true,"href":"https:\/\/varjasfutofolia.hu\/en\/wp-json\/wp\/v2\/comments?post=9931860"}],"wp:featuredmedia":[{"embeddable":true,"href":"https:\/\/varjasfutofolia.hu\/en\/wp-json\/wp\/v2\/media\/9931105"}],"wp:attachment":[{"href":"https:\/\/varjasfutofolia.hu\/en\/wp-json\/wp\/v2\/media?parent=9931860"}],"wp:term":[{"taxonomy":"product_brand","embeddable":true,"href":"https:\/\/varjasfutofolia.hu\/en\/wp-json\/wp\/v2\/product_brand?post=9931860"},{"taxonomy":"product_cat","embeddable":true,"href":"https:\/\/varjasfutofolia.hu\/en\/wp-json\/wp\/v2\/product_cat?post=9931860"},{"taxonomy":"product_tag","embeddable":true,"href":"https:\/\/varjasfutofolia.hu\/en\/wp-json\/wp\/v2\/product_tag?post=9931860"}],"curies":[{"name":"wp","href":"https:\/\/api.w.org\/{rel}","templated":true}]}}