{"id":9931854,"date":"2024-12-02T00:03:00","date_gmt":"2024-12-01T23:03:00","guid":{"rendered":"https:\/\/varjasfutofolia.hu\/?post_type=product&#038;p=9931854"},"modified":"2024-12-02T00:03:04","modified_gmt":"2024-12-01T23:03:04","slug":"infra-panel-tukor-fenix-ecosun-300-gs-300-w-termek","status":"publish","type":"product","link":"https:\/\/varjasfutofolia.hu\/en\/termek\/infra-panel-tukor-fenix-ecosun-300-gs-300-w-termek\/","title":{"rendered":"Infra panel t\u00fck\u00f6r -Fenix EcoSun 300 GS (300 W) term\u00e9k"},"content":{"rendered":"<h3>T\u00fck\u00f6r Infrapanel \u2013 Fenix EcoSun<\/h3>\n<p>Napjainkban ahogy cs\u00f6kken az \u00e9p\u00fcletek energiavesztes\u00e9ge, \u00fagy emelkedik az elektromos f\u0171t\u00e9sek gyakoribb felhaszn\u00e1l\u00e1sa.\u00a0 A kedvez\u0151 beruh\u00e1z\u00e1si k\u00f6lts\u00e9g mellett nagy el\u0151ny a gyors \u00e9s komfortos meleg.<\/p>\n<p><a href=\"https:\/\/www.futofolia.hu\/infrafutes\/\">Az infraf\u0171t\u00e9s<\/a> a sug\u00e1rz\u00f3 h\u0151nek k\u00f6sz\u00f6nhet\u0151en k\u00f6zvetlen\u00fcl az embert meleg\u00edti \u00e9s. a t\u00e1rgyakat, majd a leveg\u0151 csak ezt k\u00f6vet\u0151en melegszik fel, \u00edgy a komfortos meleg el\u00e9r\u00e9se t\u00f6red\u00e9ke m\u00e1s f\u0171t\u00e9shez k\u00e9pest, \u00e9s az energia felhaszn\u00e1l\u00e1s is optim\u00e1lisabb.<\/p>\n<p>Az infrapanelek felhaszn\u00e1l\u00e1si lehet\u0151s\u00e9ge korl\u00e1tlan. Tehetj\u00fck a falra \u00e1ll\u00edtva vagy fektetve. Telep\u00edthet\u0151 mennyezetre vagy tehetj\u00fck \u00e1llv\u00e1nyra. Lehet a telep\u00edt\u00e9s fix vagy mobil is.<\/p>\n<p>ECOSUN G t\u00fck\u00f6r panelek egyes\u00edtik GR panelek eszt\u00e9tikus megjelen\u00e9s\u00e9t a gazdas\u00e1gos infrav\u00f6r\u00f6s f\u0171t\u00e9s el\u0151nyeivel, el\u0151\u00e1ll\u00edthat\u00f3k egyedi nyomtatott fel\u00fclettel, amely exkluz\u00edv formavil\u00e1g\u00e1val a bels\u0151 terek ig\u00e9nyes kieg\u00e9sz\u00edt\u0151 f\u0171t\u00e9se lehet.<\/p>\n<div id=\"productdescriptionnoparameters_wrapper\" class=\"module-productdescriptionnoparameters-wrapper\">\n<div id=\"productdescriptionnoparameters\" class=\"module home-position product-position productdescriptionnoparameters\">\n<div class=\"module-body\">\n<p>Kivitel: T\u00fck\u00f6r<br \/>\nM\u00e9ret: 585 x 585 x 41 (mm)<br \/>\nTeljes\u00edtm\u00e9ny: 300Watt, IP44<br \/>\nS\u00faly: 11,5 kg<\/p>\n<\/div>\n<\/div>\n<\/div>\n<div id=\"productparams_wrapper\" class=\"module-productparams-wrapper\">\n<div id=\"productparams\" class=\"module home-position product-position productparams\">\n<div class=\"module-head\">\n<h3 class=\"module-head-title\">Param\u00e9terek<\/h3>\n<\/div>\n<div class=\"module-body\">\n<table class=\"parameter_table\">\n<tbody>\n<tr class=\"odd\">\n<td><strong>Infrapanel_t\u00fck\u00f6r_Fenix_EcoSun_300_GS<\/strong><\/td>\n<\/tr>\n<\/tbody>\n<\/table>\n<p><iframe loading=\"lazy\" title=\"kepes infrapanel ecosun\" width=\"1080\" height=\"608\" src=\"https:\/\/www.youtube.com\/embed\/5WFBD1COjPQ?feature=oembed\"  allow=\"accelerometer; autoplay; clipboard-write; encrypted-media; gyroscope; picture-in-picture; web-share\" referrerpolicy=\"strict-origin-when-cross-origin\" allowfullscreen><\/iframe><\/p>\n<p>&nbsp;<\/p>\n<\/div>\n<\/div>\n<\/div>\n","protected":false},"excerpt":{"rendered":"<p>ECOSUN G t\u00fck\u00f6r panelek egyes\u00edtik GR panelek eszt\u00e9tikus megjelen\u00e9s\u00e9t a gazdas\u00e1gos infrav\u00f6r\u00f6s f\u0171t\u00e9s el\u0151nyeivel, el\u0151\u00e1ll\u00edthat\u00f3k egyedi nyomtatott fel\u00fclettel, amely exkluz\u00edv formavil\u00e1g\u00e1val a bels\u0151 terek ig\u00e9nyes kieg\u00e9sz\u00edt\u0151 f\u0171t\u00e9se lehet.<\/p>\n","protected":false},"featured_media":9931061,"comment_status":"open","ping_status":"closed","template":"","meta":{"_et_pb_use_builder":"","_et_pb_old_content":"","_et_gb_content_width":""},"product_brand":[],"product_cat":[202,30,210],"product_tag":[],"class_list":{"0":"post-9931854","1":"product","2":"type-product","3":"status-publish","4":"has-post-thumbnail","6":"product_cat-ecosun","7":"product_cat-infrapanel","8":"product_cat-tukor","10":"first","11":"instock","12":"taxable","13":"shipping-taxable","14":"purchasable","15":"product-type-simple"},"yoast_head":"<!-- This site is optimized with the Yoast SEO plugin v26.0 - https:\/\/yoast.com\/wordpress\/plugins\/seo\/ -->\n<title>Infra panel t\u00fck\u00f6r -Fenix EcoSun 300 GS (300 W) term\u00e9k - Varjas F\u0171t\u0151f\u00f3lia<\/title>\n<meta name=\"robots\" content=\"index, follow, max-snippet:-1, max-image-preview:large, max-video-preview:-1\" \/>\n<link rel=\"canonical\" href=\"https:\/\/varjasfutofolia.hu\/en\/termek\/infra-panel-tukor-fenix-ecosun-300-gs-300-w-termek\/\" \/>\n<meta property=\"og:locale\" content=\"en_US\" \/>\n<meta property=\"og:locale:alternate\" content=\"hu_HU\" \/>\n<meta property=\"og:locale:alternate\" content=\"de_DE\" \/>\n<meta property=\"og:type\" content=\"article\" \/>\n<meta property=\"og:title\" content=\"Infra panel t\u00fck\u00f6r -Fenix EcoSun 300 GS (300 W) term\u00e9k - Varjas F\u0171t\u0151f\u00f3lia\" \/>\n<meta property=\"og:description\" content=\"ECOSUN G t\u00fck\u00f6r panelek egyes\u00edtik GR panelek eszt\u00e9tikus megjelen\u00e9s\u00e9t a gazdas\u00e1gos infrav\u00f6r\u00f6s f\u0171t\u00e9s el\u0151nyeivel, el\u0151\u00e1ll\u00edthat\u00f3k egyedi nyomtatott fel\u00fclettel, amely exkluz\u00edv formavil\u00e1g\u00e1val a bels\u0151 terek ig\u00e9nyes kieg\u00e9sz\u00edt\u0151 f\u0171t\u00e9se lehet.\" \/>\n<meta property=\"og:url\" content=\"https:\/\/varjasfutofolia.hu\/en\/termek\/infra-panel-tukor-fenix-ecosun-300-gs-300-w-termek\/\" \/>\n<meta property=\"og:site_name\" content=\"Varjas F\u0171t\u0151f\u00f3lia\" \/>\n<meta property=\"article:modified_time\" content=\"2024-12-01T23:03:04+00:00\" \/>\n<meta name=\"twitter:card\" content=\"summary_large_image\" \/>\n<meta name=\"twitter:label1\" content=\"Est. reading time\" \/>\n\t<meta name=\"twitter:data1\" content=\"1 minute\" \/>\n<script type=\"application\/ld+json\" class=\"yoast-schema-graph\">{\"@context\":\"https:\/\/schema.org\",\"@graph\":[{\"@type\":\"WebPage\",\"@id\":\"https:\/\/varjasfutofolia.hu\/termek\/infra-panel-tukor-fenix-ecosun-300-gs-300-w-termek\/\",\"url\":\"https:\/\/varjasfutofolia.hu\/termek\/infra-panel-tukor-fenix-ecosun-300-gs-300-w-termek\/\",\"name\":\"Infra panel t\u00fck\u00f6r -Fenix EcoSun 300 GS (300 W) term\u00e9k - Varjas F\u0171t\u0151f\u00f3lia\",\"isPartOf\":{\"@id\":\"https:\/\/varjasfutofolia.hu\/#website\"},\"primaryImageOfPage\":{\"@id\":\"https:\/\/varjasfutofolia.hu\/termek\/infra-panel-tukor-fenix-ecosun-300-gs-300-w-termek\/#primaryimage\"},\"image\":{\"@id\":\"https:\/\/varjasfutofolia.hu\/termek\/infra-panel-tukor-fenix-ecosun-300-gs-300-w-termek\/#primaryimage\"},\"thumbnailUrl\":\"https:\/\/varjasfutofolia.hu\/wp-content\/uploads\/2022\/12\/tukor_infrapanel.png\",\"datePublished\":\"2024-12-01T23:03:00+00:00\",\"dateModified\":\"2024-12-01T23:03:04+00:00\",\"breadcrumb\":{\"@id\":\"https:\/\/varjasfutofolia.hu\/termek\/infra-panel-tukor-fenix-ecosun-300-gs-300-w-termek\/#breadcrumb\"},\"inLanguage\":\"en-US\",\"potentialAction\":[{\"@type\":\"ReadAction\",\"target\":[\"https:\/\/varjasfutofolia.hu\/termek\/infra-panel-tukor-fenix-ecosun-300-gs-300-w-termek\/\"]}]},{\"@type\":\"ImageObject\",\"inLanguage\":\"en-US\",\"@id\":\"https:\/\/varjasfutofolia.hu\/termek\/infra-panel-tukor-fenix-ecosun-300-gs-300-w-termek\/#primaryimage\",\"url\":\"https:\/\/varjasfutofolia.hu\/wp-content\/uploads\/2022\/12\/tukor_infrapanel.png\",\"contentUrl\":\"https:\/\/varjasfutofolia.hu\/wp-content\/uploads\/2022\/12\/tukor_infrapanel.png\",\"width\":497,\"height\":498},{\"@type\":\"BreadcrumbList\",\"@id\":\"https:\/\/varjasfutofolia.hu\/termek\/infra-panel-tukor-fenix-ecosun-300-gs-300-w-termek\/#breadcrumb\",\"itemListElement\":[{\"@type\":\"ListItem\",\"position\":1,\"name\":\"Kezd\u0151lap\",\"item\":\"https:\/\/varjasfutofolia.hu\/\"},{\"@type\":\"ListItem\",\"position\":2,\"name\":\"\u00dczlet\",\"item\":\"https:\/\/varjasfutofolia.hu\/uzlet\/\"},{\"@type\":\"ListItem\",\"position\":3,\"name\":\"Infra panel t\u00fck\u00f6r -Fenix EcoSun 300 GS (300 W) term\u00e9k\"}]},{\"@type\":\"WebSite\",\"@id\":\"https:\/\/varjasfutofolia.hu\/#website\",\"url\":\"https:\/\/varjasfutofolia.hu\/\",\"name\":\"Varjas F\u0171t\u0151f\u00f3lia\",\"description\":\"A Nap melege az \u00d6n otthon\u00e1ban\",\"potentialAction\":[{\"@type\":\"SearchAction\",\"target\":{\"@type\":\"EntryPoint\",\"urlTemplate\":\"https:\/\/varjasfutofolia.hu\/?s={search_term_string}\"},\"query-input\":{\"@type\":\"PropertyValueSpecification\",\"valueRequired\":true,\"valueName\":\"search_term_string\"}}],\"inLanguage\":\"en-US\"}]}<\/script>\n<!-- \/ Yoast SEO plugin. -->","yoast_head_json":{"title":"Infra panel t\u00fck\u00f6r -Fenix EcoSun 300 GS (300 W) term\u00e9k - Varjas F\u0171t\u0151f\u00f3lia","robots":{"index":"index","follow":"follow","max-snippet":"max-snippet:-1","max-image-preview":"max-image-preview:large","max-video-preview":"max-video-preview:-1"},"canonical":"https:\/\/varjasfutofolia.hu\/en\/termek\/infra-panel-tukor-fenix-ecosun-300-gs-300-w-termek\/","og_locale":"en_US","og_type":"article","og_title":"Infra panel t\u00fck\u00f6r -Fenix EcoSun 300 GS (300 W) term\u00e9k - Varjas F\u0171t\u0151f\u00f3lia","og_description":"ECOSUN G t\u00fck\u00f6r panelek egyes\u00edtik GR panelek eszt\u00e9tikus megjelen\u00e9s\u00e9t a gazdas\u00e1gos infrav\u00f6r\u00f6s f\u0171t\u00e9s el\u0151nyeivel, el\u0151\u00e1ll\u00edthat\u00f3k egyedi nyomtatott fel\u00fclettel, amely exkluz\u00edv formavil\u00e1g\u00e1val a bels\u0151 terek ig\u00e9nyes kieg\u00e9sz\u00edt\u0151 f\u0171t\u00e9se lehet.","og_url":"https:\/\/varjasfutofolia.hu\/en\/termek\/infra-panel-tukor-fenix-ecosun-300-gs-300-w-termek\/","og_site_name":"Varjas F\u0171t\u0151f\u00f3lia","article_modified_time":"2024-12-01T23:03:04+00:00","twitter_card":"summary_large_image","twitter_misc":{"Est. reading time":"1 minute"},"schema":{"@context":"https:\/\/schema.org","@graph":[{"@type":"WebPage","@id":"https:\/\/varjasfutofolia.hu\/termek\/infra-panel-tukor-fenix-ecosun-300-gs-300-w-termek\/","url":"https:\/\/varjasfutofolia.hu\/termek\/infra-panel-tukor-fenix-ecosun-300-gs-300-w-termek\/","name":"Infra panel t\u00fck\u00f6r -Fenix EcoSun 300 GS (300 W) term\u00e9k - Varjas F\u0171t\u0151f\u00f3lia","isPartOf":{"@id":"https:\/\/varjasfutofolia.hu\/#website"},"primaryImageOfPage":{"@id":"https:\/\/varjasfutofolia.hu\/termek\/infra-panel-tukor-fenix-ecosun-300-gs-300-w-termek\/#primaryimage"},"image":{"@id":"https:\/\/varjasfutofolia.hu\/termek\/infra-panel-tukor-fenix-ecosun-300-gs-300-w-termek\/#primaryimage"},"thumbnailUrl":"https:\/\/varjasfutofolia.hu\/wp-content\/uploads\/2022\/12\/tukor_infrapanel.png","datePublished":"2024-12-01T23:03:00+00:00","dateModified":"2024-12-01T23:03:04+00:00","breadcrumb":{"@id":"https:\/\/varjasfutofolia.hu\/termek\/infra-panel-tukor-fenix-ecosun-300-gs-300-w-termek\/#breadcrumb"},"inLanguage":"en-US","potentialAction":[{"@type":"ReadAction","target":["https:\/\/varjasfutofolia.hu\/termek\/infra-panel-tukor-fenix-ecosun-300-gs-300-w-termek\/"]}]},{"@type":"ImageObject","inLanguage":"en-US","@id":"https:\/\/varjasfutofolia.hu\/termek\/infra-panel-tukor-fenix-ecosun-300-gs-300-w-termek\/#primaryimage","url":"https:\/\/varjasfutofolia.hu\/wp-content\/uploads\/2022\/12\/tukor_infrapanel.png","contentUrl":"https:\/\/varjasfutofolia.hu\/wp-content\/uploads\/2022\/12\/tukor_infrapanel.png","width":497,"height":498},{"@type":"BreadcrumbList","@id":"https:\/\/varjasfutofolia.hu\/termek\/infra-panel-tukor-fenix-ecosun-300-gs-300-w-termek\/#breadcrumb","itemListElement":[{"@type":"ListItem","position":1,"name":"Kezd\u0151lap","item":"https:\/\/varjasfutofolia.hu\/"},{"@type":"ListItem","position":2,"name":"\u00dczlet","item":"https:\/\/varjasfutofolia.hu\/uzlet\/"},{"@type":"ListItem","position":3,"name":"Infra panel t\u00fck\u00f6r -Fenix EcoSun 300 GS (300 W) term\u00e9k"}]},{"@type":"WebSite","@id":"https:\/\/varjasfutofolia.hu\/#website","url":"https:\/\/varjasfutofolia.hu\/","name":"Varjas F\u0171t\u0151f\u00f3lia","description":"A Nap melege az \u00d6n otthon\u00e1ban","potentialAction":[{"@type":"SearchAction","target":{"@type":"EntryPoint","urlTemplate":"https:\/\/varjasfutofolia.hu\/?s={search_term_string}"},"query-input":{"@type":"PropertyValueSpecification","valueRequired":true,"valueName":"search_term_string"}}],"inLanguage":"en-US"}]}},"_links":{"self":[{"href":"https:\/\/varjasfutofolia.hu\/en\/wp-json\/wp\/v2\/product\/9931854","targetHints":{"allow":["GET"]}}],"collection":[{"href":"https:\/\/varjasfutofolia.hu\/en\/wp-json\/wp\/v2\/product"}],"about":[{"href":"https:\/\/varjasfutofolia.hu\/en\/wp-json\/wp\/v2\/types\/product"}],"replies":[{"embeddable":true,"href":"https:\/\/varjasfutofolia.hu\/en\/wp-json\/wp\/v2\/comments?post=9931854"}],"wp:featuredmedia":[{"embeddable":true,"href":"https:\/\/varjasfutofolia.hu\/en\/wp-json\/wp\/v2\/media\/9931061"}],"wp:attachment":[{"href":"https:\/\/varjasfutofolia.hu\/en\/wp-json\/wp\/v2\/media?parent=9931854"}],"wp:term":[{"taxonomy":"product_brand","embeddable":true,"href":"https:\/\/varjasfutofolia.hu\/en\/wp-json\/wp\/v2\/product_brand?post=9931854"},{"taxonomy":"product_cat","embeddable":true,"href":"https:\/\/varjasfutofolia.hu\/en\/wp-json\/wp\/v2\/product_cat?post=9931854"},{"taxonomy":"product_tag","embeddable":true,"href":"https:\/\/varjasfutofolia.hu\/en\/wp-json\/wp\/v2\/product_tag?post=9931854"}],"curies":[{"name":"wp","href":"https:\/\/api.w.org\/{rel}","templated":true}]}}