{"id":9931812,"date":"2024-12-02T00:02:48","date_gmt":"2024-12-01T23:02:48","guid":{"rendered":"https:\/\/varjasfutofolia.hu\/?post_type=product&#038;p=9931812"},"modified":"2025-09-28T03:10:06","modified_gmt":"2025-09-28T01:10:06","slug":"elektra-etr2-1550-ea-manualis-kulteri-termosztat","status":"publish","type":"product","link":"https:\/\/varjasfutofolia.hu\/en\/termek\/elektra-etr2-1550-ea-manualis-kulteri-termosztat\/","title":{"rendered":"Elektra ETR2-1550-EA manu\u00e1lis k\u00fclt\u00e9ri termoszt\u00e1t"},"content":{"rendered":"","protected":false},"excerpt":{"rendered":"<p>Amennyiben nem szeretne digit\u00e1lis termoszt\u00e1ttal bajl\u00f3dni,valamint nem akarja hogy a sz\u00e9l a havat az \u00fatj\u00e1ba f\u00fajja.<\/p>\n<p>Mert nincs rosszabb egy be\u00e1zott bakancsn\u00e1l,ez a term\u00e9k az \u00f6n t\u00f6k\u00e9letes v\u00e1laszt\u00e1sa.<\/p>\n<p>Ide\u00e1lis v\u00e1laszt\u00e1s lehet mert,<\/p>\n<p>-manu\u00e1lis<\/p>\n<p>-ut\u00e1nf\u0171t\u00e9st is kezel<\/p>\n<p>-a be\u00e1ll\u00edtott h\u0151m\u00e9rs\u00e9kleten kapcsol be,ami lehet ak\u00e1r -8 Celsius alatt is.<\/p>\n<p>-Lak\u00e1seloszt\u00f3ban\u00a0 s\u00ednre felszerelhet\u0151<\/p>\n<p>-csatornaf\u0171t\u00e9sre ide\u00e1lis vagy ak\u00e1r,<\/p>\n<p>-t\u00e9rk\u0151 vagy aszfalt f\u0171t\u00e9sre is haszn\u00e1lhat\u00f3.<\/p>\n<p>-Gondoz\u00e1smentes k\u00e9sz\u00fcl\u00e9k (egyszer be\u00e1ll\u00edtja,\u00e9s \u00e9vekig r\u00e1 sem kell n\u00e9zni)<\/p>\n<p>Elektra ETR2 termoszt\u00e1t (k\u00fclt\u00e9ri, h\u0151m\u00e9rs\u00e9klet- \u00e9s csapad\u00e9k\u00e9rz\u00e9kel\u0151 n\u00e9lk\u00fcl)<\/p>\n<p>&nbsp;<\/p>\n<p>Szabadt\u00e9ri utak,j\u00e1rd\u00e1k,l\u00e9pcs\u0151k burkolatainak, s\u0151t ak\u00e1r m\u00e9g ereszcsatorn\u00e1knak a gazdas\u00e1gos j\u00e9g- \u00e9s h\u00f3olvaszt\u00e1s\u00e1hoz haszn\u00e1lhat\u00f3. A csatlakoztatott \u00e9rz\u00e9kel\u0151k\u00f6n kereszt\u00fcl \u00e9rz\u00e9keli a h\u0151m\u00e9rs\u00e9kletet \u00e9s a nedvess\u00e9get, \u00e9s csak akkor kapcsol be, ha adott h\u0151m\u00e9rs\u00e9klet alatti \u00e9rt\u00e9ket, valamint nedvess\u00e9get \u00e9rz\u00e9kel ,a szonda. A termoszt\u00e1tot DIN s\u00ednre kell szerelni (2 helyet foglal).<\/p>\n","protected":false},"featured_media":9923616,"comment_status":"open","ping_status":"closed","template":"","meta":{"_et_pb_use_builder":"","_et_pb_old_content":"","_et_gb_content_width":""},"product_brand":[],"product_cat":[196],"product_tag":[],"class_list":{"0":"post-9931812","1":"product","2":"type-product","3":"status-publish","4":"has-post-thumbnail","6":"product_cat-kulteri-termosztat","8":"first","9":"instock","10":"taxable","11":"shipping-taxable","12":"purchasable","13":"product-type-simple"},"yoast_head":"<!-- This site is optimized with the Yoast SEO plugin v26.0 - https:\/\/yoast.com\/wordpress\/plugins\/seo\/ -->\n<title>Elektra ETR2-1550-EA manu\u00e1lis k\u00fclt\u00e9ri termoszt\u00e1t - Varjas F\u0171t\u0151f\u00f3lia<\/title>\n<meta name=\"robots\" content=\"index, follow, max-snippet:-1, max-image-preview:large, max-video-preview:-1\" \/>\n<link rel=\"canonical\" href=\"https:\/\/varjasfutofolia.hu\/en\/termek\/elektra-etr2-1550-ea-manualis-kulteri-termosztat\/\" \/>\n<meta property=\"og:locale\" content=\"en_US\" \/>\n<meta property=\"og:locale:alternate\" content=\"hu_HU\" \/>\n<meta property=\"og:locale:alternate\" content=\"de_DE\" \/>\n<meta property=\"og:type\" content=\"article\" \/>\n<meta property=\"og:title\" content=\"Elektra ETR2-1550-EA manu\u00e1lis k\u00fclt\u00e9ri termoszt\u00e1t - Varjas F\u0171t\u0151f\u00f3lia\" \/>\n<meta property=\"og:description\" content=\"Amennyiben nem szeretne digit\u00e1lis termoszt\u00e1ttal bajl\u00f3dni,valamint nem akarja hogy a sz\u00e9l a havat az \u00fatj\u00e1ba f\u00fajja.  Mert nincs rosszabb egy be\u00e1zott bakancsn\u00e1l,ez a term\u00e9k az \u00f6n t\u00f6k\u00e9letes v\u00e1laszt\u00e1sa.  Ide\u00e1lis v\u00e1laszt\u00e1s lehet mert,  -manu\u00e1lis  -ut\u00e1nf\u0171t\u00e9st is kezel  -a be\u00e1ll\u00edtott h\u0151m\u00e9rs\u00e9kleten kapcsol be,ami lehet ak\u00e1r -8 Celsius alatt is.  -Lak\u00e1seloszt\u00f3ban\u00a0 s\u00ednre felszerelhet\u0151  -csatornaf\u0171t\u00e9sre ide\u00e1lis vagy ak\u00e1r,  -t\u00e9rk\u0151 vagy aszfalt f\u0171t\u00e9sre is haszn\u00e1lhat\u00f3.  -Gondoz\u00e1smentes k\u00e9sz\u00fcl\u00e9k (egyszer be\u00e1ll\u00edtja,\u00e9s \u00e9vekig r\u00e1 sem kell n\u00e9zni)  Elektra ETR2 termoszt\u00e1t (k\u00fclt\u00e9ri, h\u0151m\u00e9rs\u00e9klet- \u00e9s csapad\u00e9k\u00e9rz\u00e9kel\u0151 n\u00e9lk\u00fcl)  &nbsp;  Szabadt\u00e9ri utak,j\u00e1rd\u00e1k,l\u00e9pcs\u0151k burkolatainak, s\u0151t ak\u00e1r m\u00e9g ereszcsatorn\u00e1knak a gazdas\u00e1gos j\u00e9g- \u00e9s h\u00f3olvaszt\u00e1s\u00e1hoz haszn\u00e1lhat\u00f3. A csatlakoztatott \u00e9rz\u00e9kel\u0151k\u00f6n kereszt\u00fcl \u00e9rz\u00e9keli a h\u0151m\u00e9rs\u00e9kletet \u00e9s a nedvess\u00e9get, \u00e9s csak akkor kapcsol be, ha adott h\u0151m\u00e9rs\u00e9klet alatti \u00e9rt\u00e9ket, valamint nedvess\u00e9get \u00e9rz\u00e9kel ,a szonda. A termoszt\u00e1tot DIN s\u00ednre kell szerelni (2 helyet foglal).\" \/>\n<meta property=\"og:url\" content=\"https:\/\/varjasfutofolia.hu\/en\/termek\/elektra-etr2-1550-ea-manualis-kulteri-termosztat\/\" \/>\n<meta property=\"og:site_name\" content=\"Varjas F\u0171t\u0151f\u00f3lia\" \/>\n<meta property=\"article:modified_time\" content=\"2025-09-28T01:10:06+00:00\" \/>\n<meta name=\"twitter:card\" content=\"summary_large_image\" \/>\n<script type=\"application\/ld+json\" class=\"yoast-schema-graph\">{\"@context\":\"https:\/\/schema.org\",\"@graph\":[{\"@type\":\"WebPage\",\"@id\":\"https:\/\/varjasfutofolia.hu\/termek\/elektra-etr2-1550-ea-manualis-kulteri-termosztat\/\",\"url\":\"https:\/\/varjasfutofolia.hu\/termek\/elektra-etr2-1550-ea-manualis-kulteri-termosztat\/\",\"name\":\"Elektra ETR2-1550-EA manu\u00e1lis k\u00fclt\u00e9ri termoszt\u00e1t - Varjas F\u0171t\u0151f\u00f3lia\",\"isPartOf\":{\"@id\":\"https:\/\/varjasfutofolia.hu\/#website\"},\"primaryImageOfPage\":{\"@id\":\"https:\/\/varjasfutofolia.hu\/termek\/elektra-etr2-1550-ea-manualis-kulteri-termosztat\/#primaryimage\"},\"image\":{\"@id\":\"https:\/\/varjasfutofolia.hu\/termek\/elektra-etr2-1550-ea-manualis-kulteri-termosztat\/#primaryimage\"},\"thumbnailUrl\":\"https:\/\/varjasfutofolia.hu\/wp-content\/uploads\/2022\/09\/Elektra-ETR2-1550.jpg\",\"datePublished\":\"2024-12-01T23:02:48+00:00\",\"dateModified\":\"2025-09-28T01:10:06+00:00\",\"breadcrumb\":{\"@id\":\"https:\/\/varjasfutofolia.hu\/termek\/elektra-etr2-1550-ea-manualis-kulteri-termosztat\/#breadcrumb\"},\"inLanguage\":\"en-US\",\"potentialAction\":[{\"@type\":\"ReadAction\",\"target\":[\"https:\/\/varjasfutofolia.hu\/termek\/elektra-etr2-1550-ea-manualis-kulteri-termosztat\/\"]}]},{\"@type\":\"ImageObject\",\"inLanguage\":\"en-US\",\"@id\":\"https:\/\/varjasfutofolia.hu\/termek\/elektra-etr2-1550-ea-manualis-kulteri-termosztat\/#primaryimage\",\"url\":\"https:\/\/varjasfutofolia.hu\/wp-content\/uploads\/2022\/09\/Elektra-ETR2-1550.jpg\",\"contentUrl\":\"https:\/\/varjasfutofolia.hu\/wp-content\/uploads\/2022\/09\/Elektra-ETR2-1550.jpg\",\"width\":620,\"height\":718},{\"@type\":\"BreadcrumbList\",\"@id\":\"https:\/\/varjasfutofolia.hu\/termek\/elektra-etr2-1550-ea-manualis-kulteri-termosztat\/#breadcrumb\",\"itemListElement\":[{\"@type\":\"ListItem\",\"position\":1,\"name\":\"Kezd\u0151lap\",\"item\":\"https:\/\/varjasfutofolia.hu\/\"},{\"@type\":\"ListItem\",\"position\":2,\"name\":\"\u00dczlet\",\"item\":\"https:\/\/varjasfutofolia.hu\/uzlet\/\"},{\"@type\":\"ListItem\",\"position\":3,\"name\":\"Elektra ETR2-1550-EA manu\u00e1lis k\u00fclt\u00e9ri termoszt\u00e1t\"}]},{\"@type\":\"WebSite\",\"@id\":\"https:\/\/varjasfutofolia.hu\/#website\",\"url\":\"https:\/\/varjasfutofolia.hu\/\",\"name\":\"Varjas F\u0171t\u0151f\u00f3lia\",\"description\":\"A Nap melege az \u00d6n otthon\u00e1ban\",\"potentialAction\":[{\"@type\":\"SearchAction\",\"target\":{\"@type\":\"EntryPoint\",\"urlTemplate\":\"https:\/\/varjasfutofolia.hu\/?s={search_term_string}\"},\"query-input\":{\"@type\":\"PropertyValueSpecification\",\"valueRequired\":true,\"valueName\":\"search_term_string\"}}],\"inLanguage\":\"en-US\"}]}<\/script>\n<!-- \/ Yoast SEO plugin. -->","yoast_head_json":{"title":"Elektra ETR2-1550-EA manu\u00e1lis k\u00fclt\u00e9ri termoszt\u00e1t - Varjas F\u0171t\u0151f\u00f3lia","robots":{"index":"index","follow":"follow","max-snippet":"max-snippet:-1","max-image-preview":"max-image-preview:large","max-video-preview":"max-video-preview:-1"},"canonical":"https:\/\/varjasfutofolia.hu\/en\/termek\/elektra-etr2-1550-ea-manualis-kulteri-termosztat\/","og_locale":"en_US","og_type":"article","og_title":"Elektra ETR2-1550-EA manu\u00e1lis k\u00fclt\u00e9ri termoszt\u00e1t - Varjas F\u0171t\u0151f\u00f3lia","og_description":"Amennyiben nem szeretne digit\u00e1lis termoszt\u00e1ttal bajl\u00f3dni,valamint nem akarja hogy a sz\u00e9l a havat az \u00fatj\u00e1ba f\u00fajja.  Mert nincs rosszabb egy be\u00e1zott bakancsn\u00e1l,ez a term\u00e9k az \u00f6n t\u00f6k\u00e9letes v\u00e1laszt\u00e1sa.  Ide\u00e1lis v\u00e1laszt\u00e1s lehet mert,  -manu\u00e1lis  -ut\u00e1nf\u0171t\u00e9st is kezel  -a be\u00e1ll\u00edtott h\u0151m\u00e9rs\u00e9kleten kapcsol be,ami lehet ak\u00e1r -8 Celsius alatt is.  -Lak\u00e1seloszt\u00f3ban\u00a0 s\u00ednre felszerelhet\u0151  -csatornaf\u0171t\u00e9sre ide\u00e1lis vagy ak\u00e1r,  -t\u00e9rk\u0151 vagy aszfalt f\u0171t\u00e9sre is haszn\u00e1lhat\u00f3.  -Gondoz\u00e1smentes k\u00e9sz\u00fcl\u00e9k (egyszer be\u00e1ll\u00edtja,\u00e9s \u00e9vekig r\u00e1 sem kell n\u00e9zni)  Elektra ETR2 termoszt\u00e1t (k\u00fclt\u00e9ri, h\u0151m\u00e9rs\u00e9klet- \u00e9s csapad\u00e9k\u00e9rz\u00e9kel\u0151 n\u00e9lk\u00fcl)  &nbsp;  Szabadt\u00e9ri utak,j\u00e1rd\u00e1k,l\u00e9pcs\u0151k burkolatainak, s\u0151t ak\u00e1r m\u00e9g ereszcsatorn\u00e1knak a gazdas\u00e1gos j\u00e9g- \u00e9s h\u00f3olvaszt\u00e1s\u00e1hoz haszn\u00e1lhat\u00f3. A csatlakoztatott \u00e9rz\u00e9kel\u0151k\u00f6n kereszt\u00fcl \u00e9rz\u00e9keli a h\u0151m\u00e9rs\u00e9kletet \u00e9s a nedvess\u00e9get, \u00e9s csak akkor kapcsol be, ha adott h\u0151m\u00e9rs\u00e9klet alatti \u00e9rt\u00e9ket, valamint nedvess\u00e9get \u00e9rz\u00e9kel ,a szonda. A termoszt\u00e1tot DIN s\u00ednre kell szerelni (2 helyet foglal).","og_url":"https:\/\/varjasfutofolia.hu\/en\/termek\/elektra-etr2-1550-ea-manualis-kulteri-termosztat\/","og_site_name":"Varjas F\u0171t\u0151f\u00f3lia","article_modified_time":"2025-09-28T01:10:06+00:00","twitter_card":"summary_large_image","schema":{"@context":"https:\/\/schema.org","@graph":[{"@type":"WebPage","@id":"https:\/\/varjasfutofolia.hu\/termek\/elektra-etr2-1550-ea-manualis-kulteri-termosztat\/","url":"https:\/\/varjasfutofolia.hu\/termek\/elektra-etr2-1550-ea-manualis-kulteri-termosztat\/","name":"Elektra ETR2-1550-EA manu\u00e1lis k\u00fclt\u00e9ri termoszt\u00e1t - Varjas F\u0171t\u0151f\u00f3lia","isPartOf":{"@id":"https:\/\/varjasfutofolia.hu\/#website"},"primaryImageOfPage":{"@id":"https:\/\/varjasfutofolia.hu\/termek\/elektra-etr2-1550-ea-manualis-kulteri-termosztat\/#primaryimage"},"image":{"@id":"https:\/\/varjasfutofolia.hu\/termek\/elektra-etr2-1550-ea-manualis-kulteri-termosztat\/#primaryimage"},"thumbnailUrl":"https:\/\/varjasfutofolia.hu\/wp-content\/uploads\/2022\/09\/Elektra-ETR2-1550.jpg","datePublished":"2024-12-01T23:02:48+00:00","dateModified":"2025-09-28T01:10:06+00:00","breadcrumb":{"@id":"https:\/\/varjasfutofolia.hu\/termek\/elektra-etr2-1550-ea-manualis-kulteri-termosztat\/#breadcrumb"},"inLanguage":"en-US","potentialAction":[{"@type":"ReadAction","target":["https:\/\/varjasfutofolia.hu\/termek\/elektra-etr2-1550-ea-manualis-kulteri-termosztat\/"]}]},{"@type":"ImageObject","inLanguage":"en-US","@id":"https:\/\/varjasfutofolia.hu\/termek\/elektra-etr2-1550-ea-manualis-kulteri-termosztat\/#primaryimage","url":"https:\/\/varjasfutofolia.hu\/wp-content\/uploads\/2022\/09\/Elektra-ETR2-1550.jpg","contentUrl":"https:\/\/varjasfutofolia.hu\/wp-content\/uploads\/2022\/09\/Elektra-ETR2-1550.jpg","width":620,"height":718},{"@type":"BreadcrumbList","@id":"https:\/\/varjasfutofolia.hu\/termek\/elektra-etr2-1550-ea-manualis-kulteri-termosztat\/#breadcrumb","itemListElement":[{"@type":"ListItem","position":1,"name":"Kezd\u0151lap","item":"https:\/\/varjasfutofolia.hu\/"},{"@type":"ListItem","position":2,"name":"\u00dczlet","item":"https:\/\/varjasfutofolia.hu\/uzlet\/"},{"@type":"ListItem","position":3,"name":"Elektra ETR2-1550-EA manu\u00e1lis k\u00fclt\u00e9ri termoszt\u00e1t"}]},{"@type":"WebSite","@id":"https:\/\/varjasfutofolia.hu\/#website","url":"https:\/\/varjasfutofolia.hu\/","name":"Varjas F\u0171t\u0151f\u00f3lia","description":"A Nap melege az \u00d6n otthon\u00e1ban","potentialAction":[{"@type":"SearchAction","target":{"@type":"EntryPoint","urlTemplate":"https:\/\/varjasfutofolia.hu\/?s={search_term_string}"},"query-input":{"@type":"PropertyValueSpecification","valueRequired":true,"valueName":"search_term_string"}}],"inLanguage":"en-US"}]}},"_links":{"self":[{"href":"https:\/\/varjasfutofolia.hu\/en\/wp-json\/wp\/v2\/product\/9931812","targetHints":{"allow":["GET"]}}],"collection":[{"href":"https:\/\/varjasfutofolia.hu\/en\/wp-json\/wp\/v2\/product"}],"about":[{"href":"https:\/\/varjasfutofolia.hu\/en\/wp-json\/wp\/v2\/types\/product"}],"replies":[{"embeddable":true,"href":"https:\/\/varjasfutofolia.hu\/en\/wp-json\/wp\/v2\/comments?post=9931812"}],"wp:featuredmedia":[{"embeddable":true,"href":"https:\/\/varjasfutofolia.hu\/en\/wp-json\/wp\/v2\/media\/9923616"}],"wp:attachment":[{"href":"https:\/\/varjasfutofolia.hu\/en\/wp-json\/wp\/v2\/media?parent=9931812"}],"wp:term":[{"taxonomy":"product_brand","embeddable":true,"href":"https:\/\/varjasfutofolia.hu\/en\/wp-json\/wp\/v2\/product_brand?post=9931812"},{"taxonomy":"product_cat","embeddable":true,"href":"https:\/\/varjasfutofolia.hu\/en\/wp-json\/wp\/v2\/product_cat?post=9931812"},{"taxonomy":"product_tag","embeddable":true,"href":"https:\/\/varjasfutofolia.hu\/en\/wp-json\/wp\/v2\/product_tag?post=9931812"}],"curies":[{"name":"wp","href":"https:\/\/api.w.org\/{rel}","templated":true}]}}