{"id":9931730,"date":"2024-12-02T00:02:31","date_gmt":"2024-12-01T23:02:31","guid":{"rendered":"https:\/\/varjasfutofolia.hu\/?post_type=product&#038;p=9931730"},"modified":"2024-12-02T00:02:34","modified_gmt":"2024-12-01T23:02:34","slug":"computherm-e-400-rf-wi-fi-szobatermosztat","status":"publish","type":"product","link":"https:\/\/varjasfutofolia.hu\/en\/termek\/computherm-e-400-rf-wi-fi-szobatermosztat\/","title":{"rendered":"Computherm E 400 RF wi-fi szobatermoszt\u00e1t"},"content":{"rendered":"<p>R\u00e9szletek:<\/p>\n<p>A Computherm E400RF egy vezet\u00e9k n\u00e9lk\u00fcli \u00e9rint\u0151gombos Wi-Fi szobatermoszt\u00e1t. Seg\u00edts\u00e9g\u00e9vel a termoszt\u00e1thoz csatlakoztatott k\u00e9sz\u00fcl\u00e9ket (pl. g\u00e1zkaz\u00e1nt) az interneten kereszt\u00fcl t\u00e1volr\u00f3l, illetve az \u00e9rint\u0151gombok haszn\u00e1lat\u00e1val a helysz\u00ednen is vez\u00e9relheti, ellen\u0151rizheti annak m\u0171k\u00f6d\u00e9s\u00e9t. A term\u00e9k kiv\u00e1l\u00f3 v\u00e1laszt\u00e1s mindazok sz\u00e1m\u00e1ra, akiknek fontos a nagy funkcionalit\u00e1s, a vezet\u00e9k n\u00e9lk\u00fcli kommunik\u00e1ci\u00f3 \u00e9s a t\u00e1vvez\u00e9relhet\u0151s\u00e9g. A termoszt\u00e1t a komfort biztos\u00edt\u00e1sa mellett az energiak\u00f6lts\u00e9gek cs\u00f6kkent\u00e9s\u00e9hez is hozz\u00e1j\u00e1rul. Seg\u00edts\u00e9g\u00e9vel a lak\u00e1s\u00e1nak, h\u00e1z\u00e1nak vagy \u00fcd\u00fcl\u0151j\u00e9nek a f\u0171t\u00e9se b\u00e1rmikor \u00e9s b\u00e1rhonnan vez\u00e9relhet\u0151v\u00e9 v\u00e1lik. A term\u00e9k k\u00fcl\u00f6n\u00f6sen ide\u00e1lis akkor, ha lak\u00e1s\u00e1t vagy h\u00e1z\u00e1t nem el\u0151re meghat\u00e1rozott napirend szerint haszn\u00e1lja, a f\u0171t\u00e9si szezon alatt bizonytalan id\u0151tartamra elutazik otthonr\u00f3l, illetve ha a f\u0171t\u00e9si szezon alatt is szeretn\u00e9 \u00fcd\u00fcl\u0151j\u00e9t haszn\u00e1lni. A termoszt\u00e1t vezet\u00e9k n\u00e9lk\u00fcli kapcsolatban van a vev\u0151egys\u00e9ggel, \u00edgy a termoszt\u00e1t helye haszn\u00e1lat k\u00f6zben is tetsz\u0151legesen v\u00e1ltoztathat\u00f3.<\/p>\n<p>\u2022 Kezel\u0151fel\u00fclet:\u00e9rint\u0151gombok, telefonos applik\u00e1ci\u00f3<br \/>\n\u2022 Be\u00e1ll\u00edthat\u00f3 h\u0151m\u00e9rs\u00e9klet tartom\u00e1ny: 5 \u00b0C \u2014 +99 \u00b0C (0,5 \u00b0C-os l\u00e9p\u00e9sekben)<br \/>\n\u2022 H\u0151m\u00e9rs\u00e9klet-m\u00e9r\u00e9si tartom\u00e1ny: 0 &#8211; 50 \u00b0C (0,5 \u00b0C-os l\u00e9p\u00e9sekben)<br \/>\n\u2022 H\u0151m\u00e9rs\u00e9klet-m\u00e9r\u00e9si pontoss\u00e1g: \u00b10.5 \u00b0C (25 \u00b0C-on)<br \/>\n\u2022 Be\u00e1ll\u00edthat\u00f3 kapcsol\u00e1si \u00e9rz\u00e9kenys\u00e9g: \u00b10,1 \u00b0C \u2014 \u00b11,0 \u00b0C (0,1 \u00b0C-os l\u00e9p\u00e9sekben)<br \/>\n\u2022 H\u0151\u00e9rz\u00e9kel\u0151 kalibr\u00e1l\u00e1si tartom\u00e1ny: \u00b1 5,0 \u00b0C (0,1 \u00b0C-os l\u00e9p\u00e9sekben)<br \/>\n\u2022 A termoszt\u00e1t t\u00e1pfesz\u00fclts\u00e9ge: USB-C 5 V DC, 1 A<br \/>\n\u2022 A vev\u0151egys\u00e9g t\u00e1pfesz\u00fclts\u00e9ge: 230 V AC, 50 Hz<br \/>\n\u2022 Kapcsolhat\u00f3 fesz\u00fclts\u00e9g: max. 24 V DC \/ 250 V AC<br \/>\n\u2022 Kapcsolhat\u00f3 \u00e1ramer\u0151ss\u00e9g: 3 A (1 A indukt\u00edv terhel\u00e9s)<br \/>\n\u2022 M\u0171k\u00f6d\u00e9si frekvencia: RF 433 MHz, Wi-Fi (b\/g\/n) 2,4 GHz<br \/>\n\u2022 Vezet\u00e9k n\u00e9lk\u00fcli kommunik\u00e1ci\u00f3 hat\u00f3t\u00e1vols\u00e1ga: kb. 250 m ny\u00edlt terepen<\/p>\n","protected":false},"excerpt":{"rendered":"<ul>\n<li>Kezel\u0151fel\u00fclet:\u00e9rint\u0151gombok, telefonosapplik\u00e1ci\u00f3<\/li>\n<li>A vev\u0151 \u00e9s ad\u00f3 k\u00f6z\u00f6tt r\u00e1di\u00f3 frekvenci\u00e1s kapcsolat<\/li>\n<li>Az ad\u00f3 kapcsol\u00f3dik a Wi-FI-hez melyet egy applik\u00e1ci\u00f3val lehet el\u00e9rni.<\/li>\n<li>Programozhat\u00f3<\/li>\n<li>2 \u00e9v garancia<\/li>\n<\/ul>\n","protected":false},"featured_media":9921529,"comment_status":"open","ping_status":"closed","template":"","meta":{"_et_pb_use_builder":"","_et_pb_old_content":"","_et_gb_content_width":""},"product_brand":[],"product_cat":[104],"product_tag":[105,37,100],"class_list":{"0":"post-9931730","1":"product","2":"type-product","3":"status-publish","4":"has-post-thumbnail","6":"product_cat-computherm","7":"product_tag-computherm","8":"product_tag-termosztat","9":"product_tag-wifi-termosztat","11":"first","12":"outofstock","13":"taxable","14":"shipping-taxable","15":"purchasable","16":"product-type-simple"},"yoast_head":"<!-- This site is optimized with the Yoast SEO plugin v26.0 - https:\/\/yoast.com\/wordpress\/plugins\/seo\/ -->\n<title>Computherm E 400 RF wi-fi szobatermoszt\u00e1t - Varjas F\u0171t\u0151f\u00f3lia<\/title>\n<meta name=\"robots\" content=\"index, follow, max-snippet:-1, max-image-preview:large, max-video-preview:-1\" \/>\n<link rel=\"canonical\" href=\"https:\/\/varjasfutofolia.hu\/en\/termek\/computherm-e-400-rf-wi-fi-szobatermosztat\/\" \/>\n<meta property=\"og:locale\" content=\"en_US\" \/>\n<meta property=\"og:locale:alternate\" content=\"hu_HU\" \/>\n<meta property=\"og:locale:alternate\" content=\"de_DE\" \/>\n<meta property=\"og:type\" content=\"article\" \/>\n<meta property=\"og:title\" content=\"Computherm E 400 RF wi-fi szobatermoszt\u00e1t - Varjas F\u0171t\u0151f\u00f3lia\" \/>\n<meta property=\"og:description\" content=\"Kezel\u0151fel\u00fclet:\u00e9rint\u0151gombok, telefonosapplik\u00e1ci\u00f3  A vev\u0151 \u00e9s ad\u00f3 k\u00f6z\u00f6tt r\u00e1di\u00f3 frekvenci\u00e1s kapcsolat  Az ad\u00f3 kapcsol\u00f3dik a Wi-FI-hez melyet egy applik\u00e1ci\u00f3val lehet el\u00e9rni.  Programozhat\u00f3  2 \u00e9v garancia\" \/>\n<meta property=\"og:url\" content=\"https:\/\/varjasfutofolia.hu\/en\/termek\/computherm-e-400-rf-wi-fi-szobatermosztat\/\" \/>\n<meta property=\"og:site_name\" content=\"Varjas F\u0171t\u0151f\u00f3lia\" \/>\n<meta property=\"article:modified_time\" content=\"2024-12-01T23:02:34+00:00\" \/>\n<meta name=\"twitter:card\" content=\"summary_large_image\" \/>\n<meta name=\"twitter:label1\" content=\"Est. reading time\" \/>\n\t<meta name=\"twitter:data1\" content=\"2 minutes\" \/>\n<script type=\"application\/ld+json\" class=\"yoast-schema-graph\">{\"@context\":\"https:\/\/schema.org\",\"@graph\":[{\"@type\":\"WebPage\",\"@id\":\"https:\/\/varjasfutofolia.hu\/termek\/computherm-e-400-rf-wi-fi-szobatermosztat\/\",\"url\":\"https:\/\/varjasfutofolia.hu\/termek\/computherm-e-400-rf-wi-fi-szobatermosztat\/\",\"name\":\"Computherm E 400 RF wi-fi szobatermoszt\u00e1t - Varjas F\u0171t\u0151f\u00f3lia\",\"isPartOf\":{\"@id\":\"https:\/\/varjasfutofolia.hu\/#website\"},\"primaryImageOfPage\":{\"@id\":\"https:\/\/varjasfutofolia.hu\/termek\/computherm-e-400-rf-wi-fi-szobatermosztat\/#primaryimage\"},\"image\":{\"@id\":\"https:\/\/varjasfutofolia.hu\/termek\/computherm-e-400-rf-wi-fi-szobatermosztat\/#primaryimage\"},\"thumbnailUrl\":\"https:\/\/varjasfutofolia.hu\/wp-content\/uploads\/2021\/11\/E400_termosztat.png\",\"datePublished\":\"2024-12-01T23:02:31+00:00\",\"dateModified\":\"2024-12-01T23:02:34+00:00\",\"breadcrumb\":{\"@id\":\"https:\/\/varjasfutofolia.hu\/termek\/computherm-e-400-rf-wi-fi-szobatermosztat\/#breadcrumb\"},\"inLanguage\":\"en-US\",\"potentialAction\":[{\"@type\":\"ReadAction\",\"target\":[\"https:\/\/varjasfutofolia.hu\/termek\/computherm-e-400-rf-wi-fi-szobatermosztat\/\"]}]},{\"@type\":\"ImageObject\",\"inLanguage\":\"en-US\",\"@id\":\"https:\/\/varjasfutofolia.hu\/termek\/computherm-e-400-rf-wi-fi-szobatermosztat\/#primaryimage\",\"url\":\"https:\/\/varjasfutofolia.hu\/wp-content\/uploads\/2021\/11\/E400_termosztat.png\",\"contentUrl\":\"https:\/\/varjasfutofolia.hu\/wp-content\/uploads\/2021\/11\/E400_termosztat.png\",\"width\":528,\"height\":434},{\"@type\":\"BreadcrumbList\",\"@id\":\"https:\/\/varjasfutofolia.hu\/termek\/computherm-e-400-rf-wi-fi-szobatermosztat\/#breadcrumb\",\"itemListElement\":[{\"@type\":\"ListItem\",\"position\":1,\"name\":\"Kezd\u0151lap\",\"item\":\"https:\/\/varjasfutofolia.hu\/\"},{\"@type\":\"ListItem\",\"position\":2,\"name\":\"\u00dczlet\",\"item\":\"https:\/\/varjasfutofolia.hu\/uzlet\/\"},{\"@type\":\"ListItem\",\"position\":3,\"name\":\"Computherm E 400 RF wi-fi szobatermoszt\u00e1t\"}]},{\"@type\":\"WebSite\",\"@id\":\"https:\/\/varjasfutofolia.hu\/#website\",\"url\":\"https:\/\/varjasfutofolia.hu\/\",\"name\":\"Varjas F\u0171t\u0151f\u00f3lia\",\"description\":\"A Nap melege az \u00d6n otthon\u00e1ban\",\"potentialAction\":[{\"@type\":\"SearchAction\",\"target\":{\"@type\":\"EntryPoint\",\"urlTemplate\":\"https:\/\/varjasfutofolia.hu\/?s={search_term_string}\"},\"query-input\":{\"@type\":\"PropertyValueSpecification\",\"valueRequired\":true,\"valueName\":\"search_term_string\"}}],\"inLanguage\":\"en-US\"}]}<\/script>\n<!-- \/ Yoast SEO plugin. -->","yoast_head_json":{"title":"Computherm E 400 RF wi-fi szobatermoszt\u00e1t - Varjas F\u0171t\u0151f\u00f3lia","robots":{"index":"index","follow":"follow","max-snippet":"max-snippet:-1","max-image-preview":"max-image-preview:large","max-video-preview":"max-video-preview:-1"},"canonical":"https:\/\/varjasfutofolia.hu\/en\/termek\/computherm-e-400-rf-wi-fi-szobatermosztat\/","og_locale":"en_US","og_type":"article","og_title":"Computherm E 400 RF wi-fi szobatermoszt\u00e1t - Varjas F\u0171t\u0151f\u00f3lia","og_description":"Kezel\u0151fel\u00fclet:\u00e9rint\u0151gombok, telefonosapplik\u00e1ci\u00f3  A vev\u0151 \u00e9s ad\u00f3 k\u00f6z\u00f6tt r\u00e1di\u00f3 frekvenci\u00e1s kapcsolat  Az ad\u00f3 kapcsol\u00f3dik a Wi-FI-hez melyet egy applik\u00e1ci\u00f3val lehet el\u00e9rni.  Programozhat\u00f3  2 \u00e9v garancia","og_url":"https:\/\/varjasfutofolia.hu\/en\/termek\/computherm-e-400-rf-wi-fi-szobatermosztat\/","og_site_name":"Varjas F\u0171t\u0151f\u00f3lia","article_modified_time":"2024-12-01T23:02:34+00:00","twitter_card":"summary_large_image","twitter_misc":{"Est. reading time":"2 minutes"},"schema":{"@context":"https:\/\/schema.org","@graph":[{"@type":"WebPage","@id":"https:\/\/varjasfutofolia.hu\/termek\/computherm-e-400-rf-wi-fi-szobatermosztat\/","url":"https:\/\/varjasfutofolia.hu\/termek\/computherm-e-400-rf-wi-fi-szobatermosztat\/","name":"Computherm E 400 RF wi-fi szobatermoszt\u00e1t - Varjas F\u0171t\u0151f\u00f3lia","isPartOf":{"@id":"https:\/\/varjasfutofolia.hu\/#website"},"primaryImageOfPage":{"@id":"https:\/\/varjasfutofolia.hu\/termek\/computherm-e-400-rf-wi-fi-szobatermosztat\/#primaryimage"},"image":{"@id":"https:\/\/varjasfutofolia.hu\/termek\/computherm-e-400-rf-wi-fi-szobatermosztat\/#primaryimage"},"thumbnailUrl":"https:\/\/varjasfutofolia.hu\/wp-content\/uploads\/2021\/11\/E400_termosztat.png","datePublished":"2024-12-01T23:02:31+00:00","dateModified":"2024-12-01T23:02:34+00:00","breadcrumb":{"@id":"https:\/\/varjasfutofolia.hu\/termek\/computherm-e-400-rf-wi-fi-szobatermosztat\/#breadcrumb"},"inLanguage":"en-US","potentialAction":[{"@type":"ReadAction","target":["https:\/\/varjasfutofolia.hu\/termek\/computherm-e-400-rf-wi-fi-szobatermosztat\/"]}]},{"@type":"ImageObject","inLanguage":"en-US","@id":"https:\/\/varjasfutofolia.hu\/termek\/computherm-e-400-rf-wi-fi-szobatermosztat\/#primaryimage","url":"https:\/\/varjasfutofolia.hu\/wp-content\/uploads\/2021\/11\/E400_termosztat.png","contentUrl":"https:\/\/varjasfutofolia.hu\/wp-content\/uploads\/2021\/11\/E400_termosztat.png","width":528,"height":434},{"@type":"BreadcrumbList","@id":"https:\/\/varjasfutofolia.hu\/termek\/computherm-e-400-rf-wi-fi-szobatermosztat\/#breadcrumb","itemListElement":[{"@type":"ListItem","position":1,"name":"Kezd\u0151lap","item":"https:\/\/varjasfutofolia.hu\/"},{"@type":"ListItem","position":2,"name":"\u00dczlet","item":"https:\/\/varjasfutofolia.hu\/uzlet\/"},{"@type":"ListItem","position":3,"name":"Computherm E 400 RF wi-fi szobatermoszt\u00e1t"}]},{"@type":"WebSite","@id":"https:\/\/varjasfutofolia.hu\/#website","url":"https:\/\/varjasfutofolia.hu\/","name":"Varjas F\u0171t\u0151f\u00f3lia","description":"A Nap melege az \u00d6n otthon\u00e1ban","potentialAction":[{"@type":"SearchAction","target":{"@type":"EntryPoint","urlTemplate":"https:\/\/varjasfutofolia.hu\/?s={search_term_string}"},"query-input":{"@type":"PropertyValueSpecification","valueRequired":true,"valueName":"search_term_string"}}],"inLanguage":"en-US"}]}},"_links":{"self":[{"href":"https:\/\/varjasfutofolia.hu\/en\/wp-json\/wp\/v2\/product\/9931730","targetHints":{"allow":["GET"]}}],"collection":[{"href":"https:\/\/varjasfutofolia.hu\/en\/wp-json\/wp\/v2\/product"}],"about":[{"href":"https:\/\/varjasfutofolia.hu\/en\/wp-json\/wp\/v2\/types\/product"}],"replies":[{"embeddable":true,"href":"https:\/\/varjasfutofolia.hu\/en\/wp-json\/wp\/v2\/comments?post=9931730"}],"wp:featuredmedia":[{"embeddable":true,"href":"https:\/\/varjasfutofolia.hu\/en\/wp-json\/wp\/v2\/media\/9921529"}],"wp:attachment":[{"href":"https:\/\/varjasfutofolia.hu\/en\/wp-json\/wp\/v2\/media?parent=9931730"}],"wp:term":[{"taxonomy":"product_brand","embeddable":true,"href":"https:\/\/varjasfutofolia.hu\/en\/wp-json\/wp\/v2\/product_brand?post=9931730"},{"taxonomy":"product_cat","embeddable":true,"href":"https:\/\/varjasfutofolia.hu\/en\/wp-json\/wp\/v2\/product_cat?post=9931730"},{"taxonomy":"product_tag","embeddable":true,"href":"https:\/\/varjasfutofolia.hu\/en\/wp-json\/wp\/v2\/product_tag?post=9931730"}],"curies":[{"name":"wp","href":"https:\/\/api.w.org\/{rel}","templated":true}]}}