{"id":9931724,"date":"2024-12-02T00:02:23","date_gmt":"2024-12-01T23:02:23","guid":{"rendered":"https:\/\/varjasfutofolia.hu\/?post_type=product&#038;p=9931724"},"modified":"2025-09-28T03:10:08","modified_gmt":"2025-09-28T01:10:08","slug":"beha-futopanel-pb10-1000w","status":"publish","type":"product","link":"https:\/\/varjasfutofolia.hu\/en\/termek\/beha-futopanel-pb10-1000w\/","title":{"rendered":"BEHA F\u0171t\u0151panel PB10 1000W"},"content":{"rendered":"<h3>BEHA F\u0171t\u0151panel PB10 1000W<\/h3>\n<h4><\/h4>\n<h4>Egyszer\u0171\u00a0F\u0171t\u0151panel\u00a0kezel\u00e9s<\/h4>\n<p>A panel bekapcsol\u00e1sa ut\u00e1n a tetej\u00e9n tal\u00e1lhat\u00f3 teker\u0151gomb seg\u00edts\u00e9g\u00e9vel szab\u00e1lyozhat\u00f3 a k\u00edv\u00e1nt h\u0151m\u00e9rs\u00e9klet. A be\u00fczemel\u00e9ssel \u00e9s be\u00e1ll\u00edt\u00e1ssal kapcsolatban \u00d6nnek nincs m\u00e1s dolga. A f\u0171t\u0151panel folyamatosan ki-be kapcsolgatva pontosan tartja a be\u00e1ll\u00edtott h\u0151m\u00e9rs\u00e9kletet.<\/p>\n<h3>Opcion\u00e1lis Bluetooth vez\u00e9rl\u00e9s<\/h3>\n<p>Ingyenes okostelefonos alkalmaz\u00e1ssal tov\u00e1bbi funkci\u00f3k is el\u00e9rhet\u0151k a Beha f\u0171t\u0151panel\u00a0vez\u00e9rl\u00e9sekor. Ehhez enged\u00e9lyezni kell a telefonon a Bluetooth kapcsolatot, valamint a hat\u00f3k\u00f6r\u00f6n bel\u00fcl kell tart\u00f3zkodni.<\/p>\n<ul>\n<li>T\u00e1vir\u00e1ny\u00edt\u00e1s<\/li>\n<\/ul>\n<p>A helyis\u00e9gben tart\u00f3zkodva \u00e1ll\u00edthatjuk a f\u0171t\u0151panelen be\u00e1ll\u00edtott h\u0151m\u00e9rs\u00e9kletet telefonunk seg\u00edts\u00e9g\u00e9vel is<\/p>\n<ul>\n<li>Programoz\u00e1s<\/li>\n<\/ul>\n<p>Egyedi programot\/h\u0151m\u00e9rs\u00e9kletet \u00e1ll\u00edthatunk be egy-egy napra vagy h\u00e9tre. A be\u00e1ll\u00edtott programot a f\u0171t\u0151panel mem\u00f3ri\u00e1ja megjegyzi, \u00edgy ha elhagyjuk a helyis\u00e9get, akkor az adott program szab\u00e1lyozza tov\u00e1bb a h\u0151m\u00e9rs\u00e9kletet<\/p>\n<h3>Garanci\u00e1lis felt\u00e9telek<\/h3>\n<p>A Beha f\u0171t\u0151panel szak\u00e9rt\u0151 kezek \u00e1ltal \u00e9s min\u0151s\u00e9gi anyagokb\u00f3l k\u00e9sz\u00fcl. Nincs a k\u00e9sz\u00fcl\u00e9kben semmilyen mozg\u00f3 vagy kop\u00f3 alkatr\u00e9sz, ez\u00e9rt a meghib\u00e1sod\u00e1s szinte kiz\u00e1rt. A gy\u00e1rt\u00f3 5 \u00e9v teljes k\u00f6r\u0171 cseregaranci\u00e1t v\u00e1llal a f\u0171t\u0151panelekre. Ez azt jelenti, hogy ha a f\u0171t\u0151panel meghib\u00e1sodik a garanci\u00e1lis id\u0151n bel\u00fcl, akkor azt azonnal cser\u00e9lj\u00fck hosszadalmas bevizsg\u00e1l\u00e1s \u00e9s szerv\u00edzel\u00e9s n\u00e9lk\u00fcl.<\/p>\n<h3>F\u00fcrd\u0151szob\u00e1k f\u0171t\u00e9s\u00e9re is alkalmas<\/h3>\n<p>A Beha f\u0171t\u0151panel haszn\u00e1lhat\u00f3 f\u00fcrd\u0151szob\u00e1ban vagy egy\u00e9b vizes helyis\u00e9gben is, IP24-es besorol\u00e1suknak k\u00f6sz\u00f6nhet\u0151en fr\u00f6ccsen\u0151 v\u00edz \u00e9s p\u00e1ra ellen v\u00e9dettek.<\/p>\n<p>&nbsp;<\/p>\n<p><a href=\"https:\/\/www.futofolia.hu\/wp-content\/uploads\/2021\/06\/Beha_futopanel.pdf\">Beha F\u0171t\u0151panel katal\u00f3gus<\/a><\/p>\n","protected":false},"excerpt":{"rendered":"<p>Adatok<br \/>\nFelhaszn\u00e1l\u00e1s: \u00a0Falra szerelhet\u0151 f\u0171t\u00e9s<br \/>\nFesz\u00fclts\u00e9g:\u00a0230V<br \/>\nTeljes\u00edtm\u00e9ny \/ Watt:\u00a01000 Watt<br \/>\nTeljes\u00edtm\u00e9ny \/ Amper:\u00a04.35 A<br \/>\nSz\u00e9less\u00e9g:\u00a080.3 cm<br \/>\nMagass\u00e1g:\u00a040 cm<br \/>\nM\u00e9lys\u00e9g:\u00a08.3 cm<br \/>\nBe\u00e9p\u00edtett termoszt\u00e1t:\u00a0igen<br \/>\nProgramozhat\u00f3:\u00a0igen<br \/>\nTermoszt\u00e1t t\u00edpus:\u00a0manu\u00e1lis \u00e9s bluetooth<br \/>\nV\u00e9detts\u00e9g:\u00a0IP24<br \/>\nGarancia:\u00a05 \u00e9v<\/p>\n","protected":false},"featured_media":9921524,"comment_status":"open","ping_status":"closed","template":"","meta":{"_et_pb_use_builder":"","_et_pb_old_content":"","_et_gb_content_width":""},"product_brand":[],"product_cat":[59],"product_tag":[102,60,61],"class_list":{"0":"post-9931724","1":"product","2":"type-product","3":"status-publish","4":"has-post-thumbnail","6":"product_cat-beha","7":"product_tag-1000w","8":"product_tag-beha","9":"product_tag-futopanel","11":"first","12":"outofstock","13":"taxable","14":"shipping-taxable","15":"purchasable","16":"product-type-simple"},"yoast_head":"<!-- This site is optimized with the Yoast SEO plugin v26.0 - https:\/\/yoast.com\/wordpress\/plugins\/seo\/ -->\n<title>BEHA F\u0171t\u0151panel PB10 1000W - Varjas F\u0171t\u0151f\u00f3lia<\/title>\n<meta name=\"robots\" content=\"index, follow, max-snippet:-1, max-image-preview:large, max-video-preview:-1\" \/>\n<link rel=\"canonical\" href=\"https:\/\/varjasfutofolia.hu\/en\/termek\/beha-futopanel-pb10-1000w\/\" \/>\n<meta property=\"og:locale\" content=\"en_US\" \/>\n<meta property=\"og:locale:alternate\" content=\"hu_HU\" \/>\n<meta property=\"og:locale:alternate\" content=\"de_DE\" \/>\n<meta property=\"og:type\" content=\"article\" \/>\n<meta property=\"og:title\" content=\"BEHA F\u0171t\u0151panel PB10 1000W - Varjas F\u0171t\u0151f\u00f3lia\" \/>\n<meta property=\"og:description\" content=\"Adatok Felhaszn\u00e1l\u00e1s: \u00a0Falra szerelhet\u0151 f\u0171t\u00e9s Fesz\u00fclts\u00e9g:\u00a0230V Teljes\u00edtm\u00e9ny \/ Watt:\u00a01000 Watt Teljes\u00edtm\u00e9ny \/ Amper:\u00a04.35 A Sz\u00e9less\u00e9g:\u00a080.3 cm Magass\u00e1g:\u00a040 cm M\u00e9lys\u00e9g:\u00a08.3 cm Be\u00e9p\u00edtett termoszt\u00e1t:\u00a0igen Programozhat\u00f3:\u00a0igen Termoszt\u00e1t t\u00edpus:\u00a0manu\u00e1lis \u00e9s bluetooth V\u00e9detts\u00e9g:\u00a0IP24 Garancia:\u00a05 \u00e9v\" \/>\n<meta property=\"og:url\" content=\"https:\/\/varjasfutofolia.hu\/en\/termek\/beha-futopanel-pb10-1000w\/\" \/>\n<meta property=\"og:site_name\" content=\"Varjas F\u0171t\u0151f\u00f3lia\" \/>\n<meta property=\"article:modified_time\" content=\"2025-09-28T01:10:08+00:00\" \/>\n<meta name=\"twitter:card\" content=\"summary_large_image\" \/>\n<meta name=\"twitter:label1\" content=\"Est. reading time\" \/>\n\t<meta name=\"twitter:data1\" content=\"2 minutes\" \/>\n<script type=\"application\/ld+json\" class=\"yoast-schema-graph\">{\"@context\":\"https:\/\/schema.org\",\"@graph\":[{\"@type\":\"WebPage\",\"@id\":\"https:\/\/varjasfutofolia.hu\/termek\/beha-futopanel-pb10-1000w\/\",\"url\":\"https:\/\/varjasfutofolia.hu\/termek\/beha-futopanel-pb10-1000w\/\",\"name\":\"BEHA F\u0171t\u0151panel PB10 1000W - Varjas F\u0171t\u0151f\u00f3lia\",\"isPartOf\":{\"@id\":\"https:\/\/varjasfutofolia.hu\/#website\"},\"primaryImageOfPage\":{\"@id\":\"https:\/\/varjasfutofolia.hu\/termek\/beha-futopanel-pb10-1000w\/#primaryimage\"},\"image\":{\"@id\":\"https:\/\/varjasfutofolia.hu\/termek\/beha-futopanel-pb10-1000w\/#primaryimage\"},\"thumbnailUrl\":\"https:\/\/varjasfutofolia.hu\/wp-content\/uploads\/2021\/11\/beha_futopanel_1000w_3.jpg\",\"datePublished\":\"2024-12-01T23:02:23+00:00\",\"dateModified\":\"2025-09-28T01:10:08+00:00\",\"breadcrumb\":{\"@id\":\"https:\/\/varjasfutofolia.hu\/termek\/beha-futopanel-pb10-1000w\/#breadcrumb\"},\"inLanguage\":\"en-US\",\"potentialAction\":[{\"@type\":\"ReadAction\",\"target\":[\"https:\/\/varjasfutofolia.hu\/termek\/beha-futopanel-pb10-1000w\/\"]}]},{\"@type\":\"ImageObject\",\"inLanguage\":\"en-US\",\"@id\":\"https:\/\/varjasfutofolia.hu\/termek\/beha-futopanel-pb10-1000w\/#primaryimage\",\"url\":\"https:\/\/varjasfutofolia.hu\/wp-content\/uploads\/2021\/11\/beha_futopanel_1000w_3.jpg\",\"contentUrl\":\"https:\/\/varjasfutofolia.hu\/wp-content\/uploads\/2021\/11\/beha_futopanel_1000w_3.jpg\",\"width\":570,\"height\":524},{\"@type\":\"BreadcrumbList\",\"@id\":\"https:\/\/varjasfutofolia.hu\/termek\/beha-futopanel-pb10-1000w\/#breadcrumb\",\"itemListElement\":[{\"@type\":\"ListItem\",\"position\":1,\"name\":\"Kezd\u0151lap\",\"item\":\"https:\/\/varjasfutofolia.hu\/\"},{\"@type\":\"ListItem\",\"position\":2,\"name\":\"\u00dczlet\",\"item\":\"https:\/\/varjasfutofolia.hu\/uzlet\/\"},{\"@type\":\"ListItem\",\"position\":3,\"name\":\"BEHA F\u0171t\u0151panel PB10 1000W\"}]},{\"@type\":\"WebSite\",\"@id\":\"https:\/\/varjasfutofolia.hu\/#website\",\"url\":\"https:\/\/varjasfutofolia.hu\/\",\"name\":\"Varjas F\u0171t\u0151f\u00f3lia\",\"description\":\"A Nap melege az \u00d6n otthon\u00e1ban\",\"potentialAction\":[{\"@type\":\"SearchAction\",\"target\":{\"@type\":\"EntryPoint\",\"urlTemplate\":\"https:\/\/varjasfutofolia.hu\/?s={search_term_string}\"},\"query-input\":{\"@type\":\"PropertyValueSpecification\",\"valueRequired\":true,\"valueName\":\"search_term_string\"}}],\"inLanguage\":\"en-US\"}]}<\/script>\n<!-- \/ Yoast SEO plugin. -->","yoast_head_json":{"title":"BEHA F\u0171t\u0151panel PB10 1000W - Varjas F\u0171t\u0151f\u00f3lia","robots":{"index":"index","follow":"follow","max-snippet":"max-snippet:-1","max-image-preview":"max-image-preview:large","max-video-preview":"max-video-preview:-1"},"canonical":"https:\/\/varjasfutofolia.hu\/en\/termek\/beha-futopanel-pb10-1000w\/","og_locale":"en_US","og_type":"article","og_title":"BEHA F\u0171t\u0151panel PB10 1000W - Varjas F\u0171t\u0151f\u00f3lia","og_description":"Adatok Felhaszn\u00e1l\u00e1s: \u00a0Falra szerelhet\u0151 f\u0171t\u00e9s Fesz\u00fclts\u00e9g:\u00a0230V Teljes\u00edtm\u00e9ny \/ Watt:\u00a01000 Watt Teljes\u00edtm\u00e9ny \/ Amper:\u00a04.35 A Sz\u00e9less\u00e9g:\u00a080.3 cm Magass\u00e1g:\u00a040 cm M\u00e9lys\u00e9g:\u00a08.3 cm Be\u00e9p\u00edtett termoszt\u00e1t:\u00a0igen Programozhat\u00f3:\u00a0igen Termoszt\u00e1t t\u00edpus:\u00a0manu\u00e1lis \u00e9s bluetooth V\u00e9detts\u00e9g:\u00a0IP24 Garancia:\u00a05 \u00e9v","og_url":"https:\/\/varjasfutofolia.hu\/en\/termek\/beha-futopanel-pb10-1000w\/","og_site_name":"Varjas F\u0171t\u0151f\u00f3lia","article_modified_time":"2025-09-28T01:10:08+00:00","twitter_card":"summary_large_image","twitter_misc":{"Est. reading time":"2 minutes"},"schema":{"@context":"https:\/\/schema.org","@graph":[{"@type":"WebPage","@id":"https:\/\/varjasfutofolia.hu\/termek\/beha-futopanel-pb10-1000w\/","url":"https:\/\/varjasfutofolia.hu\/termek\/beha-futopanel-pb10-1000w\/","name":"BEHA F\u0171t\u0151panel PB10 1000W - Varjas F\u0171t\u0151f\u00f3lia","isPartOf":{"@id":"https:\/\/varjasfutofolia.hu\/#website"},"primaryImageOfPage":{"@id":"https:\/\/varjasfutofolia.hu\/termek\/beha-futopanel-pb10-1000w\/#primaryimage"},"image":{"@id":"https:\/\/varjasfutofolia.hu\/termek\/beha-futopanel-pb10-1000w\/#primaryimage"},"thumbnailUrl":"https:\/\/varjasfutofolia.hu\/wp-content\/uploads\/2021\/11\/beha_futopanel_1000w_3.jpg","datePublished":"2024-12-01T23:02:23+00:00","dateModified":"2025-09-28T01:10:08+00:00","breadcrumb":{"@id":"https:\/\/varjasfutofolia.hu\/termek\/beha-futopanel-pb10-1000w\/#breadcrumb"},"inLanguage":"en-US","potentialAction":[{"@type":"ReadAction","target":["https:\/\/varjasfutofolia.hu\/termek\/beha-futopanel-pb10-1000w\/"]}]},{"@type":"ImageObject","inLanguage":"en-US","@id":"https:\/\/varjasfutofolia.hu\/termek\/beha-futopanel-pb10-1000w\/#primaryimage","url":"https:\/\/varjasfutofolia.hu\/wp-content\/uploads\/2021\/11\/beha_futopanel_1000w_3.jpg","contentUrl":"https:\/\/varjasfutofolia.hu\/wp-content\/uploads\/2021\/11\/beha_futopanel_1000w_3.jpg","width":570,"height":524},{"@type":"BreadcrumbList","@id":"https:\/\/varjasfutofolia.hu\/termek\/beha-futopanel-pb10-1000w\/#breadcrumb","itemListElement":[{"@type":"ListItem","position":1,"name":"Kezd\u0151lap","item":"https:\/\/varjasfutofolia.hu\/"},{"@type":"ListItem","position":2,"name":"\u00dczlet","item":"https:\/\/varjasfutofolia.hu\/uzlet\/"},{"@type":"ListItem","position":3,"name":"BEHA F\u0171t\u0151panel PB10 1000W"}]},{"@type":"WebSite","@id":"https:\/\/varjasfutofolia.hu\/#website","url":"https:\/\/varjasfutofolia.hu\/","name":"Varjas F\u0171t\u0151f\u00f3lia","description":"A Nap melege az \u00d6n otthon\u00e1ban","potentialAction":[{"@type":"SearchAction","target":{"@type":"EntryPoint","urlTemplate":"https:\/\/varjasfutofolia.hu\/?s={search_term_string}"},"query-input":{"@type":"PropertyValueSpecification","valueRequired":true,"valueName":"search_term_string"}}],"inLanguage":"en-US"}]}},"_links":{"self":[{"href":"https:\/\/varjasfutofolia.hu\/en\/wp-json\/wp\/v2\/product\/9931724","targetHints":{"allow":["GET"]}}],"collection":[{"href":"https:\/\/varjasfutofolia.hu\/en\/wp-json\/wp\/v2\/product"}],"about":[{"href":"https:\/\/varjasfutofolia.hu\/en\/wp-json\/wp\/v2\/types\/product"}],"replies":[{"embeddable":true,"href":"https:\/\/varjasfutofolia.hu\/en\/wp-json\/wp\/v2\/comments?post=9931724"}],"wp:featuredmedia":[{"embeddable":true,"href":"https:\/\/varjasfutofolia.hu\/en\/wp-json\/wp\/v2\/media\/9921524"}],"wp:attachment":[{"href":"https:\/\/varjasfutofolia.hu\/en\/wp-json\/wp\/v2\/media?parent=9931724"}],"wp:term":[{"taxonomy":"product_brand","embeddable":true,"href":"https:\/\/varjasfutofolia.hu\/en\/wp-json\/wp\/v2\/product_brand?post=9931724"},{"taxonomy":"product_cat","embeddable":true,"href":"https:\/\/varjasfutofolia.hu\/en\/wp-json\/wp\/v2\/product_cat?post=9931724"},{"taxonomy":"product_tag","embeddable":true,"href":"https:\/\/varjasfutofolia.hu\/en\/wp-json\/wp\/v2\/product_tag?post=9931724"}],"curies":[{"name":"wp","href":"https:\/\/api.w.org\/{rel}","templated":true}]}}