{"id":9931704,"date":"2024-12-02T00:02:20","date_gmt":"2024-12-01T23:02:20","guid":{"rendered":"https:\/\/varjasfutofolia.hu\/?post_type=product&#038;p=9931704"},"modified":"2025-09-28T03:10:08","modified_gmt":"2025-09-28T01:10:08","slug":"infra-wifi-sotetsugarzok-fekete-jh-nr10-13w-1000w","status":"publish","type":"product","link":"https:\/\/varjasfutofolia.hu\/en\/termek\/infra-wifi-sotetsugarzok-fekete-jh-nr10-13w-1000w\/","title":{"rendered":"Infra wifi s\u00f6t\u00e9tsug\u00e1rz\u00f3k fekete JH-NR10-13W 1000W"},"content":{"rendered":"<p>Leg\u00fajabb s\u00f6t\u00e9tsug\u00e1rz\u00f3nk be\u00e9p\u00edtett termoszt\u00e1ttal rendelkezik. Telefonos applik\u00e1ci\u00f3n kereszt\u0171l vagy a csomagban l\u00e9v\u0151 vez\u00e9rl\u0151vel \u00e1ll\u00edthat\u00f3 a h\u0151m\u00e9rs\u00e9klet.<\/p>\n<p>A csomag tov\u00e1bb\u00e1 tartalmaz a r\u00f6gz\u00edt\u00e9shez sz\u00fcks\u00e9ges szerel\u00e9ket is.<\/p>\n<p>&nbsp;<\/p>\n<p>Sokr\u00e9t\u0171en haszn\u00e1lhat\u00f3 h\u0151forr\u00e1s els\u0151sorban szerel\u0151csarnokokba, rakt\u00e1rakba, f\u00e9nyez\u0151m\u0171helyek sz\u00e1r\u00edt\u00f3kamr\u00e1iba, h\u0171t\u0151h\u00e1zakba, asztalosm\u0171helyekbe. Ezeken k\u00edv\u00fcl aj\u00e1nljuk m\u00e9g sportl\u00e9tes\u00edtm\u00e9nyekbe, \u00f6lt\u00f6z\u0151kbe, vend\u00e9gl\u00e1t\u00f3 egys\u00e9gekbe, de ak\u00e1r m\u00e9g teraszf\u0171t\u00e9sk\u00e9nt is elk\u00e9pzelhet\u0151 az alkalmaz\u00e1sa.<\/p>\n<p>M\u0171k\u00f6d\u00e9se semmilyen hanghat\u00e1ssal nem j\u00e1r. T\u00falmeleged\u00e9s ellen term\u00e9szetesen v\u00e9dett, de a helyis\u00e9g szab\u00e1lyz\u00e1sra t\u00f6bb ,ak\u00e1r \u00a0programozhat\u00f3 wifi-s termoszt\u00e1t \u00e1ll rendelkez\u00e9sre<\/p>\n<p>Az infra s\u00f6t\u00e9tsug\u00e1rz\u00f3 legt\u00f6bb esetben 230 V-os, 50 Hz-es h\u00e1l\u00f3zatr\u00f3l \u00fczemel (azaz nem ig\u00e9nyel ipari \u00e1ramot), a teljes\u00edtm\u00e9nye 1000-3200 Watt. Csatlakoz\u00f3 vezet\u00e9ke 2,0 m\u00e9teres, \u00e9s szabv\u00e1ny dugalj van hozz\u00e1. \u00dczemi h\u0151m\u00e9rs\u00e9klete 250-380 \u00b0C.<\/p>\n<h4 style=\"text-align: center;\"><strong><a href=\"https:\/\/www.futofolia.hu\/sotetsugarzok\/\">Vissza a s\u00f6t\u00e9tsug\u00e1rz\u00f3 f\u0151kateg\u00f3ri\u00e1ba<\/a><\/strong><\/h4>\n","protected":false},"excerpt":{"rendered":"<div class=\"data_tab_title\">Adatok<\/div>\n<div id=\"page_artdet_product_param_spec_2\">\n<table id=\"page_artdet_product_param_sepc_table\" border=\"0\" cellspacing=\"0\" cellpadding=\"0\">\n<tbody>\n<tr id=\"page_artdet_product_param_spec_111566\" class=\"page_artdet_product_param_spec_item\">\n<td class=\"page_artdet_product_param_spec_title text_normal\">\n<div>T\u00edpus:<\/div>\n<\/td>\n<td class=\"page_artdet_product_param_spec_value text_normal\">\n<div>s\u00f6t\u00e9tsug\u00e1rz\u00f3 infrapanel<\/div>\n<\/td>\n<\/tr>\n<tr id=\"page_artdet_product_param_spec_111573\" class=\"page_artdet_product_param_spec_item\">\n<td class=\"page_artdet_product_param_spec_title text_normal\">\n<div>Felhaszn\u00e1l\u00e1s:<\/div>\n<\/td>\n<td class=\"page_artdet_product_param_spec_value text_normal\">\n<div>mennyezet, oldalfal f\u0171t\u00e9s<\/div>\n<\/td>\n<\/tr>\n<tr id=\"page_artdet_product_param_spec_110510\" class=\"page_artdet_product_param_spec_item\">\n<td class=\"page_artdet_product_param_spec_title text_normal\">\n<div>Sz\u00e9less\u00e9g:<\/div>\n<\/td>\n<td class=\"page_artdet_product_param_spec_value text_normal\">\n<div>18.9 cm<\/div>\n<\/td>\n<\/tr>\n<tr id=\"page_artdet_product_param_spec_111537\" class=\"page_artdet_product_param_spec_item\">\n<td class=\"page_artdet_product_param_spec_title text_normal\">\n<div>Hossz\u00fas\u00e1g:<\/div>\n<\/td>\n<td class=\"page_artdet_product_param_spec_value text_normal\">\n<div>\u00a076 cm<\/div>\n<\/td>\n<\/tr>\n<tr id=\"page_artdet_product_param_spec_111543\" class=\"page_artdet_product_param_spec_item\">\n<td class=\"page_artdet_product_param_spec_title text_normal\">\n<div>Teljes\u00edtm\u00e9ny \/ Amper:<\/div>\n<\/td>\n<td class=\"page_artdet_product_param_spec_value text_normal\">\n<div>4,34 A<\/div>\n<\/td>\n<\/tr>\n<tr id=\"page_artdet_product_param_spec_111588\" class=\"page_artdet_product_param_spec_item\">\n<td class=\"page_artdet_product_param_spec_title text_normal\">\n<div>Teljes\u00edtm\u00e9ny \/ Watt:<\/div>\n<\/td>\n<td class=\"page_artdet_product_param_spec_value text_normal\">\n<div>1000 Watt<\/div>\n<\/td>\n<\/tr>\n<tr id=\"page_artdet_product_param_spec_111560\" class=\"page_artdet_product_param_spec_item\">\n<td class=\"page_artdet_product_param_spec_title text_normal\">\n<div>Fesz\u00fclts\u00e9g:<\/div>\n<\/td>\n<td class=\"page_artdet_product_param_spec_value text_normal\">\n<div>230 V<\/div>\n<\/td>\n<\/tr>\n<tr id=\"page_artdet_product_param_spec_109324\" class=\"page_artdet_product_param_spec_item\">\n<td class=\"page_artdet_product_param_spec_title text_normal\">\n<div>Minim\u00e1lis v\u00e9d\u0151magass\u00e1g:<\/div>\n<\/td>\n<td class=\"page_artdet_product_param_spec_value text_normal\">\n<div>2.20 m\u00e9ter<\/div>\n<\/td>\n<\/tr>\n<tr id=\"page_artdet_product_param_spec_111553\" class=\"page_artdet_product_param_spec_item\">\n<td class=\"page_artdet_product_param_spec_title text_normal\">\n<div>Garancia:<\/div>\n<\/td>\n<td class=\"page_artdet_product_param_spec_value text_normal\">\n<div>1 \u00e9v<\/div>\n<\/td>\n<\/tr>\n<tr id=\"page_artdet_product_param_spec_131845\" class=\"page_artdet_product_param_spec_item\">\n<td class=\"page_artdet_product_param_spec_title text_normal\">\n<div>T\u00e1vir\u00e1ny\u00edt\u00f3:<\/div>\n<\/td>\n<td class=\"page_artdet_product_param_spec_value text_normal\">\n<div>Igen, programoz\u00e1s, id\u0151z\u00edt\u00e9s<\/div>\n<\/td>\n<\/tr>\n<\/tbody>\n<\/table>\n<\/div>\n","protected":false},"featured_media":9921474,"comment_status":"open","ping_status":"closed","template":"","meta":{"_et_pb_use_builder":"","_et_pb_old_content":"","_et_gb_content_width":""},"product_brand":[],"product_cat":[66],"product_tag":[67],"class_list":{"0":"post-9931704","1":"product","2":"type-product","3":"status-publish","4":"has-post-thumbnail","6":"product_cat-sotetsugarzo","7":"product_tag-sotetsugarzo","9":"first","10":"instock","11":"taxable","12":"shipping-taxable","13":"purchasable","14":"product-type-simple"},"yoast_head":"<!-- This site is optimized with the Yoast SEO plugin v26.0 - https:\/\/yoast.com\/wordpress\/plugins\/seo\/ -->\n<title>Infra wifi s\u00f6t\u00e9tsug\u00e1rz\u00f3k fekete JH-NR10-13W 1000W - Varjas F\u0171t\u0151f\u00f3lia<\/title>\n<meta name=\"robots\" content=\"index, follow, max-snippet:-1, max-image-preview:large, max-video-preview:-1\" \/>\n<link rel=\"canonical\" href=\"https:\/\/varjasfutofolia.hu\/en\/termek\/infra-wifi-sotetsugarzok-fekete-jh-nr10-13w-1000w\/\" \/>\n<meta property=\"og:locale\" content=\"en_US\" \/>\n<meta property=\"og:locale:alternate\" content=\"hu_HU\" \/>\n<meta property=\"og:locale:alternate\" content=\"de_DE\" \/>\n<meta property=\"og:type\" content=\"article\" \/>\n<meta property=\"og:title\" content=\"Infra wifi s\u00f6t\u00e9tsug\u00e1rz\u00f3k fekete JH-NR10-13W 1000W - Varjas F\u0171t\u0151f\u00f3lia\" \/>\n<meta property=\"og:description\" content=\"Adatok      T\u00edpus:  s\u00f6t\u00e9tsug\u00e1rz\u00f3 infrapanel    Felhaszn\u00e1l\u00e1s:  mennyezet, oldalfal f\u0171t\u00e9s    Sz\u00e9less\u00e9g:  18.9 cm    Hossz\u00fas\u00e1g:  \u00a076 cm    Teljes\u00edtm\u00e9ny \/ Amper:  4,34 A    Teljes\u00edtm\u00e9ny \/ Watt:  1000 Watt    Fesz\u00fclts\u00e9g:  230 V    Minim\u00e1lis v\u00e9d\u0151magass\u00e1g:  2.20 m\u00e9ter    Garancia:  1 \u00e9v    T\u00e1vir\u00e1ny\u00edt\u00f3:  Igen, programoz\u00e1s, id\u0151z\u00edt\u00e9s\" \/>\n<meta property=\"og:url\" content=\"https:\/\/varjasfutofolia.hu\/en\/termek\/infra-wifi-sotetsugarzok-fekete-jh-nr10-13w-1000w\/\" \/>\n<meta property=\"og:site_name\" content=\"Varjas F\u0171t\u0151f\u00f3lia\" \/>\n<meta property=\"article:modified_time\" content=\"2025-09-28T01:10:08+00:00\" \/>\n<meta name=\"twitter:card\" content=\"summary_large_image\" \/>\n<meta name=\"twitter:label1\" content=\"Est. reading time\" \/>\n\t<meta name=\"twitter:data1\" content=\"1 minute\" \/>\n<script type=\"application\/ld+json\" class=\"yoast-schema-graph\">{\"@context\":\"https:\/\/schema.org\",\"@graph\":[{\"@type\":\"WebPage\",\"@id\":\"https:\/\/varjasfutofolia.hu\/termek\/infra-wifi-sotetsugarzok-fekete-jh-nr10-13w-1000w\/\",\"url\":\"https:\/\/varjasfutofolia.hu\/termek\/infra-wifi-sotetsugarzok-fekete-jh-nr10-13w-1000w\/\",\"name\":\"Infra wifi s\u00f6t\u00e9tsug\u00e1rz\u00f3k fekete JH-NR10-13W 1000W - Varjas F\u0171t\u0151f\u00f3lia\",\"isPartOf\":{\"@id\":\"https:\/\/varjasfutofolia.hu\/#website\"},\"primaryImageOfPage\":{\"@id\":\"https:\/\/varjasfutofolia.hu\/termek\/infra-wifi-sotetsugarzok-fekete-jh-nr10-13w-1000w\/#primaryimage\"},\"image\":{\"@id\":\"https:\/\/varjasfutofolia.hu\/termek\/infra-wifi-sotetsugarzok-fekete-jh-nr10-13w-1000w\/#primaryimage\"},\"thumbnailUrl\":\"https:\/\/varjasfutofolia.hu\/wp-content\/uploads\/2021\/11\/sotetsugarzo-1-2.jpg\",\"datePublished\":\"2024-12-01T23:02:20+00:00\",\"dateModified\":\"2025-09-28T01:10:08+00:00\",\"breadcrumb\":{\"@id\":\"https:\/\/varjasfutofolia.hu\/termek\/infra-wifi-sotetsugarzok-fekete-jh-nr10-13w-1000w\/#breadcrumb\"},\"inLanguage\":\"en-US\",\"potentialAction\":[{\"@type\":\"ReadAction\",\"target\":[\"https:\/\/varjasfutofolia.hu\/termek\/infra-wifi-sotetsugarzok-fekete-jh-nr10-13w-1000w\/\"]}]},{\"@type\":\"ImageObject\",\"inLanguage\":\"en-US\",\"@id\":\"https:\/\/varjasfutofolia.hu\/termek\/infra-wifi-sotetsugarzok-fekete-jh-nr10-13w-1000w\/#primaryimage\",\"url\":\"https:\/\/varjasfutofolia.hu\/wp-content\/uploads\/2021\/11\/sotetsugarzo-1-2.jpg\",\"contentUrl\":\"https:\/\/varjasfutofolia.hu\/wp-content\/uploads\/2021\/11\/sotetsugarzo-1-2.jpg\",\"width\":569,\"height\":340},{\"@type\":\"BreadcrumbList\",\"@id\":\"https:\/\/varjasfutofolia.hu\/termek\/infra-wifi-sotetsugarzok-fekete-jh-nr10-13w-1000w\/#breadcrumb\",\"itemListElement\":[{\"@type\":\"ListItem\",\"position\":1,\"name\":\"Kezd\u0151lap\",\"item\":\"https:\/\/varjasfutofolia.hu\/\"},{\"@type\":\"ListItem\",\"position\":2,\"name\":\"\u00dczlet\",\"item\":\"https:\/\/varjasfutofolia.hu\/uzlet\/\"},{\"@type\":\"ListItem\",\"position\":3,\"name\":\"Infra wifi s\u00f6t\u00e9tsug\u00e1rz\u00f3k fekete JH-NR10-13W 1000W\"}]},{\"@type\":\"WebSite\",\"@id\":\"https:\/\/varjasfutofolia.hu\/#website\",\"url\":\"https:\/\/varjasfutofolia.hu\/\",\"name\":\"Varjas F\u0171t\u0151f\u00f3lia\",\"description\":\"A Nap melege az \u00d6n otthon\u00e1ban\",\"potentialAction\":[{\"@type\":\"SearchAction\",\"target\":{\"@type\":\"EntryPoint\",\"urlTemplate\":\"https:\/\/varjasfutofolia.hu\/?s={search_term_string}\"},\"query-input\":{\"@type\":\"PropertyValueSpecification\",\"valueRequired\":true,\"valueName\":\"search_term_string\"}}],\"inLanguage\":\"en-US\"}]}<\/script>\n<!-- \/ Yoast SEO plugin. -->","yoast_head_json":{"title":"Infra wifi s\u00f6t\u00e9tsug\u00e1rz\u00f3k fekete JH-NR10-13W 1000W - Varjas F\u0171t\u0151f\u00f3lia","robots":{"index":"index","follow":"follow","max-snippet":"max-snippet:-1","max-image-preview":"max-image-preview:large","max-video-preview":"max-video-preview:-1"},"canonical":"https:\/\/varjasfutofolia.hu\/en\/termek\/infra-wifi-sotetsugarzok-fekete-jh-nr10-13w-1000w\/","og_locale":"en_US","og_type":"article","og_title":"Infra wifi s\u00f6t\u00e9tsug\u00e1rz\u00f3k fekete JH-NR10-13W 1000W - Varjas F\u0171t\u0151f\u00f3lia","og_description":"Adatok      T\u00edpus:  s\u00f6t\u00e9tsug\u00e1rz\u00f3 infrapanel    Felhaszn\u00e1l\u00e1s:  mennyezet, oldalfal f\u0171t\u00e9s    Sz\u00e9less\u00e9g:  18.9 cm    Hossz\u00fas\u00e1g:  \u00a076 cm    Teljes\u00edtm\u00e9ny \/ Amper:  4,34 A    Teljes\u00edtm\u00e9ny \/ Watt:  1000 Watt    Fesz\u00fclts\u00e9g:  230 V    Minim\u00e1lis v\u00e9d\u0151magass\u00e1g:  2.20 m\u00e9ter    Garancia:  1 \u00e9v    T\u00e1vir\u00e1ny\u00edt\u00f3:  Igen, programoz\u00e1s, id\u0151z\u00edt\u00e9s","og_url":"https:\/\/varjasfutofolia.hu\/en\/termek\/infra-wifi-sotetsugarzok-fekete-jh-nr10-13w-1000w\/","og_site_name":"Varjas F\u0171t\u0151f\u00f3lia","article_modified_time":"2025-09-28T01:10:08+00:00","twitter_card":"summary_large_image","twitter_misc":{"Est. reading time":"1 minute"},"schema":{"@context":"https:\/\/schema.org","@graph":[{"@type":"WebPage","@id":"https:\/\/varjasfutofolia.hu\/termek\/infra-wifi-sotetsugarzok-fekete-jh-nr10-13w-1000w\/","url":"https:\/\/varjasfutofolia.hu\/termek\/infra-wifi-sotetsugarzok-fekete-jh-nr10-13w-1000w\/","name":"Infra wifi s\u00f6t\u00e9tsug\u00e1rz\u00f3k fekete JH-NR10-13W 1000W - Varjas F\u0171t\u0151f\u00f3lia","isPartOf":{"@id":"https:\/\/varjasfutofolia.hu\/#website"},"primaryImageOfPage":{"@id":"https:\/\/varjasfutofolia.hu\/termek\/infra-wifi-sotetsugarzok-fekete-jh-nr10-13w-1000w\/#primaryimage"},"image":{"@id":"https:\/\/varjasfutofolia.hu\/termek\/infra-wifi-sotetsugarzok-fekete-jh-nr10-13w-1000w\/#primaryimage"},"thumbnailUrl":"https:\/\/varjasfutofolia.hu\/wp-content\/uploads\/2021\/11\/sotetsugarzo-1-2.jpg","datePublished":"2024-12-01T23:02:20+00:00","dateModified":"2025-09-28T01:10:08+00:00","breadcrumb":{"@id":"https:\/\/varjasfutofolia.hu\/termek\/infra-wifi-sotetsugarzok-fekete-jh-nr10-13w-1000w\/#breadcrumb"},"inLanguage":"en-US","potentialAction":[{"@type":"ReadAction","target":["https:\/\/varjasfutofolia.hu\/termek\/infra-wifi-sotetsugarzok-fekete-jh-nr10-13w-1000w\/"]}]},{"@type":"ImageObject","inLanguage":"en-US","@id":"https:\/\/varjasfutofolia.hu\/termek\/infra-wifi-sotetsugarzok-fekete-jh-nr10-13w-1000w\/#primaryimage","url":"https:\/\/varjasfutofolia.hu\/wp-content\/uploads\/2021\/11\/sotetsugarzo-1-2.jpg","contentUrl":"https:\/\/varjasfutofolia.hu\/wp-content\/uploads\/2021\/11\/sotetsugarzo-1-2.jpg","width":569,"height":340},{"@type":"BreadcrumbList","@id":"https:\/\/varjasfutofolia.hu\/termek\/infra-wifi-sotetsugarzok-fekete-jh-nr10-13w-1000w\/#breadcrumb","itemListElement":[{"@type":"ListItem","position":1,"name":"Kezd\u0151lap","item":"https:\/\/varjasfutofolia.hu\/"},{"@type":"ListItem","position":2,"name":"\u00dczlet","item":"https:\/\/varjasfutofolia.hu\/uzlet\/"},{"@type":"ListItem","position":3,"name":"Infra wifi s\u00f6t\u00e9tsug\u00e1rz\u00f3k fekete JH-NR10-13W 1000W"}]},{"@type":"WebSite","@id":"https:\/\/varjasfutofolia.hu\/#website","url":"https:\/\/varjasfutofolia.hu\/","name":"Varjas F\u0171t\u0151f\u00f3lia","description":"A Nap melege az \u00d6n otthon\u00e1ban","potentialAction":[{"@type":"SearchAction","target":{"@type":"EntryPoint","urlTemplate":"https:\/\/varjasfutofolia.hu\/?s={search_term_string}"},"query-input":{"@type":"PropertyValueSpecification","valueRequired":true,"valueName":"search_term_string"}}],"inLanguage":"en-US"}]}},"_links":{"self":[{"href":"https:\/\/varjasfutofolia.hu\/en\/wp-json\/wp\/v2\/product\/9931704","targetHints":{"allow":["GET"]}}],"collection":[{"href":"https:\/\/varjasfutofolia.hu\/en\/wp-json\/wp\/v2\/product"}],"about":[{"href":"https:\/\/varjasfutofolia.hu\/en\/wp-json\/wp\/v2\/types\/product"}],"replies":[{"embeddable":true,"href":"https:\/\/varjasfutofolia.hu\/en\/wp-json\/wp\/v2\/comments?post=9931704"}],"wp:featuredmedia":[{"embeddable":true,"href":"https:\/\/varjasfutofolia.hu\/en\/wp-json\/wp\/v2\/media\/9921474"}],"wp:attachment":[{"href":"https:\/\/varjasfutofolia.hu\/en\/wp-json\/wp\/v2\/media?parent=9931704"}],"wp:term":[{"taxonomy":"product_brand","embeddable":true,"href":"https:\/\/varjasfutofolia.hu\/en\/wp-json\/wp\/v2\/product_brand?post=9931704"},{"taxonomy":"product_cat","embeddable":true,"href":"https:\/\/varjasfutofolia.hu\/en\/wp-json\/wp\/v2\/product_cat?post=9931704"},{"taxonomy":"product_tag","embeddable":true,"href":"https:\/\/varjasfutofolia.hu\/en\/wp-json\/wp\/v2\/product_tag?post=9931704"}],"curies":[{"name":"wp","href":"https:\/\/api.w.org\/{rel}","templated":true}]}}