{"id":9931695,"date":"2024-12-02T00:02:13","date_gmt":"2024-12-01T23:02:13","guid":{"rendered":"https:\/\/varjasfutofolia.hu\/?post_type=product&#038;p=9931695"},"modified":"2025-09-28T03:10:17","modified_gmt":"2025-09-28T01:10:17","slug":"adax-neo-np14-1-400w-35cm-magas-kulonbozo-szinben","status":"publish","type":"product","link":"https:\/\/varjasfutofolia.hu\/en\/termek\/adax-neo-np14-1-400w-35cm-magas-kulonbozo-szinben\/","title":{"rendered":"ADAX NEO NP14 1.400w 35cm magas (k\u00fcl\u00f6nb\u00f6z\u0151 sz\u00ednben)"},"content":{"rendered":"\n","protected":false},"excerpt":{"rendered":"<p>T\u00edpus: F\u00fct\u0151panel<br \/>\nFelhaszn\u00e1l\u00e1s: Falra szerelhet\u0151<br \/>\nFesz\u00fclts\u00e9g: 230V<br \/>\nTeljes\u00edtm\u00e9ny \/ Watt: 1.400 Watt<br \/>\nTeljes\u00edtm\u00e9ny \/ Amper: 6,09 A<br \/>\nSz\u00e9less\u00e9g: 105 cm<br \/>\nMagass\u00e1g: 35 cm<br \/>\nBe\u00e9p\u00edtett termoszt\u00e1t: igen<br \/>\nProgramozhat\u00f3: igen<br \/>\nTermoszt\u00e1t t\u00edpus: digit\u00e1lis<br \/>\nV\u00e9detts\u00e9g: IP20<br \/>\nGarancia: 5 \u00e9v<br \/>\nSz\u00edn: k\u00fcl\u00f6nb\u00f6z\u0151<\/p>\n","protected":false},"featured_media":9921346,"comment_status":"open","ping_status":"closed","template":"","meta":{"_et_pb_use_builder":"","_et_pb_old_content":"","_et_gb_content_width":""},"product_brand":[],"product_cat":[68,54],"product_tag":[75,61,81],"class_list":{"0":"post-9931695","1":"product","2":"type-product","3":"status-publish","4":"has-post-thumbnail","6":"product_cat-adax-neo","7":"product_cat-futopanel","8":"product_tag-adax-neo","9":"product_tag-futopanel","10":"product_tag-norveg","12":"first","13":"instock","14":"taxable","15":"shipping-taxable","16":"purchasable","17":"product-type-variable"},"yoast_head":"<!-- This site is optimized with the Yoast SEO plugin v26.0 - https:\/\/yoast.com\/wordpress\/plugins\/seo\/ -->\n<title>ADAX NEO NP14 1.400w 35cm magas (k\u00fcl\u00f6nb\u00f6z\u0151 sz\u00ednben) - Varjas F\u0171t\u0151f\u00f3lia<\/title>\n<meta name=\"robots\" content=\"index, follow, max-snippet:-1, max-image-preview:large, max-video-preview:-1\" \/>\n<link rel=\"canonical\" href=\"https:\/\/varjasfutofolia.hu\/en\/termek\/adax-neo-np14-1-400w-35cm-magas-kulonbozo-szinben\/\" \/>\n<meta property=\"og:locale\" content=\"en_US\" \/>\n<meta property=\"og:locale:alternate\" content=\"hu_HU\" \/>\n<meta property=\"og:locale:alternate\" content=\"de_DE\" \/>\n<meta property=\"og:type\" content=\"article\" \/>\n<meta property=\"og:title\" content=\"ADAX NEO NP14 1.400w 35cm magas (k\u00fcl\u00f6nb\u00f6z\u0151 sz\u00ednben) - Varjas F\u0171t\u0151f\u00f3lia\" \/>\n<meta property=\"og:description\" content=\"T\u00edpus: F\u00fct\u0151panel Felhaszn\u00e1l\u00e1s: Falra szerelhet\u0151 Fesz\u00fclts\u00e9g: 230V Teljes\u00edtm\u00e9ny \/ Watt: 1.400 Watt Teljes\u00edtm\u00e9ny \/ Amper: 6,09 A Sz\u00e9less\u00e9g: 105 cm Magass\u00e1g: 35 cm Be\u00e9p\u00edtett termoszt\u00e1t: igen Programozhat\u00f3: igen Termoszt\u00e1t t\u00edpus: digit\u00e1lis V\u00e9detts\u00e9g: IP20 Garancia: 5 \u00e9v Sz\u00edn: k\u00fcl\u00f6nb\u00f6z\u0151\" \/>\n<meta property=\"og:url\" content=\"https:\/\/varjasfutofolia.hu\/en\/termek\/adax-neo-np14-1-400w-35cm-magas-kulonbozo-szinben\/\" \/>\n<meta property=\"og:site_name\" content=\"Varjas F\u0171t\u0151f\u00f3lia\" \/>\n<meta property=\"article:modified_time\" content=\"2025-09-28T01:10:17+00:00\" \/>\n<meta name=\"twitter:card\" content=\"summary_large_image\" \/>\n<script type=\"application\/ld+json\" class=\"yoast-schema-graph\">{\"@context\":\"https:\/\/schema.org\",\"@graph\":[{\"@type\":\"WebPage\",\"@id\":\"https:\/\/varjasfutofolia.hu\/termek\/adax-neo-np14-1-400w-35cm-magas-kulonbozo-szinben\/\",\"url\":\"https:\/\/varjasfutofolia.hu\/termek\/adax-neo-np14-1-400w-35cm-magas-kulonbozo-szinben\/\",\"name\":\"ADAX NEO NP14 1.400w 35cm magas (k\u00fcl\u00f6nb\u00f6z\u0151 sz\u00ednben) - Varjas F\u0171t\u0151f\u00f3lia\",\"isPartOf\":{\"@id\":\"https:\/\/varjasfutofolia.hu\/#website\"},\"primaryImageOfPage\":{\"@id\":\"https:\/\/varjasfutofolia.hu\/termek\/adax-neo-np14-1-400w-35cm-magas-kulonbozo-szinben\/#primaryimage\"},\"image\":{\"@id\":\"https:\/\/varjasfutofolia.hu\/termek\/adax-neo-np14-1-400w-35cm-magas-kulonbozo-szinben\/#primaryimage\"},\"thumbnailUrl\":\"https:\/\/varjasfutofolia.hu\/wp-content\/uploads\/2021\/11\/adax-neo-8.jpg\",\"datePublished\":\"2024-12-01T23:02:13+00:00\",\"dateModified\":\"2025-09-28T01:10:17+00:00\",\"breadcrumb\":{\"@id\":\"https:\/\/varjasfutofolia.hu\/termek\/adax-neo-np14-1-400w-35cm-magas-kulonbozo-szinben\/#breadcrumb\"},\"inLanguage\":\"en-US\",\"potentialAction\":[{\"@type\":\"ReadAction\",\"target\":[\"https:\/\/varjasfutofolia.hu\/termek\/adax-neo-np14-1-400w-35cm-magas-kulonbozo-szinben\/\"]}]},{\"@type\":\"ImageObject\",\"inLanguage\":\"en-US\",\"@id\":\"https:\/\/varjasfutofolia.hu\/termek\/adax-neo-np14-1-400w-35cm-magas-kulonbozo-szinben\/#primaryimage\",\"url\":\"https:\/\/varjasfutofolia.hu\/wp-content\/uploads\/2021\/11\/adax-neo-8.jpg\",\"contentUrl\":\"https:\/\/varjasfutofolia.hu\/wp-content\/uploads\/2021\/11\/adax-neo-8.jpg\",\"width\":1459,\"height\":1081},{\"@type\":\"BreadcrumbList\",\"@id\":\"https:\/\/varjasfutofolia.hu\/termek\/adax-neo-np14-1-400w-35cm-magas-kulonbozo-szinben\/#breadcrumb\",\"itemListElement\":[{\"@type\":\"ListItem\",\"position\":1,\"name\":\"Kezd\u0151lap\",\"item\":\"https:\/\/varjasfutofolia.hu\/\"},{\"@type\":\"ListItem\",\"position\":2,\"name\":\"\u00dczlet\",\"item\":\"https:\/\/varjasfutofolia.hu\/uzlet\/\"},{\"@type\":\"ListItem\",\"position\":3,\"name\":\"ADAX NEO NP14 1.400w 35cm magas (k\u00fcl\u00f6nb\u00f6z\u0151 sz\u00ednben)\"}]},{\"@type\":\"WebSite\",\"@id\":\"https:\/\/varjasfutofolia.hu\/#website\",\"url\":\"https:\/\/varjasfutofolia.hu\/\",\"name\":\"Varjas F\u0171t\u0151f\u00f3lia\",\"description\":\"A Nap melege az \u00d6n otthon\u00e1ban\",\"potentialAction\":[{\"@type\":\"SearchAction\",\"target\":{\"@type\":\"EntryPoint\",\"urlTemplate\":\"https:\/\/varjasfutofolia.hu\/?s={search_term_string}\"},\"query-input\":{\"@type\":\"PropertyValueSpecification\",\"valueRequired\":true,\"valueName\":\"search_term_string\"}}],\"inLanguage\":\"en-US\"}]}<\/script>\n<!-- \/ Yoast SEO plugin. -->","yoast_head_json":{"title":"ADAX NEO NP14 1.400w 35cm magas (k\u00fcl\u00f6nb\u00f6z\u0151 sz\u00ednben) - Varjas F\u0171t\u0151f\u00f3lia","robots":{"index":"index","follow":"follow","max-snippet":"max-snippet:-1","max-image-preview":"max-image-preview:large","max-video-preview":"max-video-preview:-1"},"canonical":"https:\/\/varjasfutofolia.hu\/en\/termek\/adax-neo-np14-1-400w-35cm-magas-kulonbozo-szinben\/","og_locale":"en_US","og_type":"article","og_title":"ADAX NEO NP14 1.400w 35cm magas (k\u00fcl\u00f6nb\u00f6z\u0151 sz\u00ednben) - Varjas F\u0171t\u0151f\u00f3lia","og_description":"T\u00edpus: F\u00fct\u0151panel Felhaszn\u00e1l\u00e1s: Falra szerelhet\u0151 Fesz\u00fclts\u00e9g: 230V Teljes\u00edtm\u00e9ny \/ Watt: 1.400 Watt Teljes\u00edtm\u00e9ny \/ Amper: 6,09 A Sz\u00e9less\u00e9g: 105 cm Magass\u00e1g: 35 cm Be\u00e9p\u00edtett termoszt\u00e1t: igen Programozhat\u00f3: igen Termoszt\u00e1t t\u00edpus: digit\u00e1lis V\u00e9detts\u00e9g: IP20 Garancia: 5 \u00e9v Sz\u00edn: k\u00fcl\u00f6nb\u00f6z\u0151","og_url":"https:\/\/varjasfutofolia.hu\/en\/termek\/adax-neo-np14-1-400w-35cm-magas-kulonbozo-szinben\/","og_site_name":"Varjas F\u0171t\u0151f\u00f3lia","article_modified_time":"2025-09-28T01:10:17+00:00","twitter_card":"summary_large_image","schema":{"@context":"https:\/\/schema.org","@graph":[{"@type":"WebPage","@id":"https:\/\/varjasfutofolia.hu\/termek\/adax-neo-np14-1-400w-35cm-magas-kulonbozo-szinben\/","url":"https:\/\/varjasfutofolia.hu\/termek\/adax-neo-np14-1-400w-35cm-magas-kulonbozo-szinben\/","name":"ADAX NEO NP14 1.400w 35cm magas (k\u00fcl\u00f6nb\u00f6z\u0151 sz\u00ednben) - Varjas F\u0171t\u0151f\u00f3lia","isPartOf":{"@id":"https:\/\/varjasfutofolia.hu\/#website"},"primaryImageOfPage":{"@id":"https:\/\/varjasfutofolia.hu\/termek\/adax-neo-np14-1-400w-35cm-magas-kulonbozo-szinben\/#primaryimage"},"image":{"@id":"https:\/\/varjasfutofolia.hu\/termek\/adax-neo-np14-1-400w-35cm-magas-kulonbozo-szinben\/#primaryimage"},"thumbnailUrl":"https:\/\/varjasfutofolia.hu\/wp-content\/uploads\/2021\/11\/adax-neo-8.jpg","datePublished":"2024-12-01T23:02:13+00:00","dateModified":"2025-09-28T01:10:17+00:00","breadcrumb":{"@id":"https:\/\/varjasfutofolia.hu\/termek\/adax-neo-np14-1-400w-35cm-magas-kulonbozo-szinben\/#breadcrumb"},"inLanguage":"en-US","potentialAction":[{"@type":"ReadAction","target":["https:\/\/varjasfutofolia.hu\/termek\/adax-neo-np14-1-400w-35cm-magas-kulonbozo-szinben\/"]}]},{"@type":"ImageObject","inLanguage":"en-US","@id":"https:\/\/varjasfutofolia.hu\/termek\/adax-neo-np14-1-400w-35cm-magas-kulonbozo-szinben\/#primaryimage","url":"https:\/\/varjasfutofolia.hu\/wp-content\/uploads\/2021\/11\/adax-neo-8.jpg","contentUrl":"https:\/\/varjasfutofolia.hu\/wp-content\/uploads\/2021\/11\/adax-neo-8.jpg","width":1459,"height":1081},{"@type":"BreadcrumbList","@id":"https:\/\/varjasfutofolia.hu\/termek\/adax-neo-np14-1-400w-35cm-magas-kulonbozo-szinben\/#breadcrumb","itemListElement":[{"@type":"ListItem","position":1,"name":"Kezd\u0151lap","item":"https:\/\/varjasfutofolia.hu\/"},{"@type":"ListItem","position":2,"name":"\u00dczlet","item":"https:\/\/varjasfutofolia.hu\/uzlet\/"},{"@type":"ListItem","position":3,"name":"ADAX NEO NP14 1.400w 35cm magas (k\u00fcl\u00f6nb\u00f6z\u0151 sz\u00ednben)"}]},{"@type":"WebSite","@id":"https:\/\/varjasfutofolia.hu\/#website","url":"https:\/\/varjasfutofolia.hu\/","name":"Varjas F\u0171t\u0151f\u00f3lia","description":"A Nap melege az \u00d6n otthon\u00e1ban","potentialAction":[{"@type":"SearchAction","target":{"@type":"EntryPoint","urlTemplate":"https:\/\/varjasfutofolia.hu\/?s={search_term_string}"},"query-input":{"@type":"PropertyValueSpecification","valueRequired":true,"valueName":"search_term_string"}}],"inLanguage":"en-US"}]}},"_links":{"self":[{"href":"https:\/\/varjasfutofolia.hu\/en\/wp-json\/wp\/v2\/product\/9931695","targetHints":{"allow":["GET"]}}],"collection":[{"href":"https:\/\/varjasfutofolia.hu\/en\/wp-json\/wp\/v2\/product"}],"about":[{"href":"https:\/\/varjasfutofolia.hu\/en\/wp-json\/wp\/v2\/types\/product"}],"replies":[{"embeddable":true,"href":"https:\/\/varjasfutofolia.hu\/en\/wp-json\/wp\/v2\/comments?post=9931695"}],"wp:featuredmedia":[{"embeddable":true,"href":"https:\/\/varjasfutofolia.hu\/en\/wp-json\/wp\/v2\/media\/9921346"}],"wp:attachment":[{"href":"https:\/\/varjasfutofolia.hu\/en\/wp-json\/wp\/v2\/media?parent=9931695"}],"wp:term":[{"taxonomy":"product_brand","embeddable":true,"href":"https:\/\/varjasfutofolia.hu\/en\/wp-json\/wp\/v2\/product_brand?post=9931695"},{"taxonomy":"product_cat","embeddable":true,"href":"https:\/\/varjasfutofolia.hu\/en\/wp-json\/wp\/v2\/product_cat?post=9931695"},{"taxonomy":"product_tag","embeddable":true,"href":"https:\/\/varjasfutofolia.hu\/en\/wp-json\/wp\/v2\/product_tag?post=9931695"}],"curies":[{"name":"wp","href":"https:\/\/api.w.org\/{rel}","templated":true}]}}