{"id":9931587,"date":"2024-12-02T00:01:49","date_gmt":"2024-12-01T23:01:49","guid":{"rendered":"https:\/\/varjasfutofolia.hu\/?post_type=product&#038;p=9931587"},"modified":"2025-09-28T03:10:11","modified_gmt":"2025-09-28T01:10:11","slug":"infra-sotetsugarzok-fekete-jh-nr40-13a-4000w","status":"publish","type":"product","link":"https:\/\/varjasfutofolia.hu\/en\/termek\/infra-sotetsugarzok-fekete-jh-nr40-13a-4000w\/","title":{"rendered":"Infra s\u00f6t\u00e9tsug\u00e1rz\u00f3k fekete JH-NR40-13A 4000W"},"content":{"rendered":"<p>Sokr\u00e9t\u0171en haszn\u00e1lhat\u00f3 h\u0151forr\u00e1s els\u0151sorban szerel\u0151csarnokokba, rakt\u00e1rakba, f\u00e9nyez\u0151m\u0171helyek sz\u00e1r\u00edt\u00f3kamr\u00e1iba, h\u0171t\u0151h\u00e1zakba, asztalosm\u0171helyekbe. Ezeken k\u00edv\u00fcl aj\u00e1nljuk m\u00e9g sportl\u00e9tes\u00edtm\u00e9nyekbe, \u00f6lt\u00f6z\u0151kbe, vend\u00e9gl\u00e1t\u00f3 egys\u00e9gekbe, de ak\u00e1r m\u00e9g teraszf\u0171t\u00e9sk\u00e9nt is elk\u00e9pzelhet\u0151 az alkalmaz\u00e1sa.<\/p>\n<p>M\u0171k\u00f6d\u00e9se semmilyen hanghat\u00e1ssal nem j\u00e1r. T\u00falmeleged\u00e9s ellen term\u00e9szetesen v\u00e9dett, de a helyis\u00e9g szab\u00e1lyz\u00e1sra t\u00f6bb ,ak\u00e1r \u00a0programozhat\u00f3 wifi-s termoszt\u00e1t \u00e1ll rendelkez\u00e9sre<\/p>\n<p>Az infra s\u00f6t\u00e9tsug\u00e1rz\u00f3 legt\u00f6bb esetben 230 V-os, 50 Hz-es h\u00e1l\u00f3zatr\u00f3l \u00fczemel (azaz nem ig\u00e9nyel ipari \u00e1ramot), a teljes\u00edtm\u00e9nye 1000-3200 Watt. Csatlakoz\u00f3 vezet\u00e9ke 2,0 m\u00e9teres, \u00e9s szabv\u00e1ny dugalj van hozz\u00e1. \u00dczemi h\u0151m\u00e9rs\u00e9klete 250-380 \u00b0C.<\/p>\n<h4 style=\"text-align: center;\"><strong><a href=\"https:\/\/www.futofolia.hu\/sotetsugarzok\/\">Vissza a s\u00f6t\u00e9tsug\u00e1rz\u00f3 f\u0151kateg\u00f3ri\u00e1ba<\/a><\/strong><\/h4>\n","protected":false},"excerpt":{"rendered":"<h2>Le\u00edr\u00e1s<\/h2>\n<p>\u00fczemi h\u0151fok:380 celsius<\/p>\n<p>m\u00e9ret:2000x189x67mm<\/p>\n<p>fesz\u00fclts\u00e9g 400V<\/p>\n<p>M\u0171szaki adatok:<br \/>\nT\u00e1pfesz\u00fclts\u00e9g t\u00edpusa: 380 V h\u00e1rom f\u00e1zis 50\/60 HZ<br \/>\nTeljes\u00edtm\u00e9ny hat\u00e1rok: 4000 watt<br \/>\n\u00dczemi h\u0151m\u00e9rs\u00e9klet: 250-380 \u05af C<br \/>\nF\u0171t\u0151panel jellege: Infra s\u00f6t\u00e9tsug\u00e1rz\u00f3 f\u0171t\u0151 berendez\u00e9s<br \/>\nV\u00e9delem: IP 65<br \/>\nR\u00f6gz\u00edt\u00e9s: fali \u2013 mennyezeti konzol<br \/>\nKeret: aluminum<br \/>\nFel\u00fclet: fekete- speci\u00e1lis galvaniz\u00e1lt bevonat \/tiszt\u00edthat\u00f3\/<br \/>\nH\u00e1tlap: teljes fel\u00fclet\u0171 alum\u00ednium<br \/>\nT\u00falmeleged\u00e9s v\u00e9delem: egyszeres<br \/>\nCsatlakoz\u00f3 vezet\u00e9k: 0,5 m dugalj n\u00e9lk\u00fcl<br \/>\nCsomagol\u00e1s: doboz- a csomagol\u00e1s tartalmaz minden r\u00f6gz\u00edt\u00e9shez sz\u00fcks\u00e9ges felszerel\u00e9st<br \/>\nTan\u00fas\u00edtv\u00e1nyok: CE , ROHS<br \/>\n\u00c1ramer\u0151ss\u00e9g 5,8A<br \/>\nM\u00e9retek: 2000mmx189mmx67mm<br \/>\nBrutt\u00f3 s\u00faly: 13,4 kg<br \/>\nSz\u00edn: Fekete<\/p>\n","protected":false},"featured_media":9921078,"comment_status":"open","ping_status":"closed","template":"","meta":{"_et_pb_use_builder":"","_et_pb_old_content":"","_et_gb_content_width":""},"product_brand":[],"product_cat":[66],"product_tag":[67],"class_list":{"0":"post-9931587","1":"product","2":"type-product","3":"status-publish","4":"has-post-thumbnail","6":"product_cat-sotetsugarzo","7":"product_tag-sotetsugarzo","9":"first","10":"instock","11":"taxable","12":"shipping-taxable","13":"purchasable","14":"product-type-simple"},"yoast_head":"<!-- This site is optimized with the Yoast SEO plugin v26.0 - https:\/\/yoast.com\/wordpress\/plugins\/seo\/ -->\n<title>Infra s\u00f6t\u00e9tsug\u00e1rz\u00f3k fekete JH-NR40-13A 4000W - Varjas F\u0171t\u0151f\u00f3lia<\/title>\n<meta name=\"robots\" content=\"index, follow, max-snippet:-1, max-image-preview:large, max-video-preview:-1\" \/>\n<link rel=\"canonical\" href=\"https:\/\/varjasfutofolia.hu\/en\/termek\/infra-sotetsugarzok-fekete-jh-nr40-13a-4000w\/\" \/>\n<meta property=\"og:locale\" content=\"en_US\" \/>\n<meta property=\"og:locale:alternate\" content=\"hu_HU\" \/>\n<meta property=\"og:locale:alternate\" content=\"de_DE\" \/>\n<meta property=\"og:type\" content=\"article\" \/>\n<meta property=\"og:title\" content=\"Infra s\u00f6t\u00e9tsug\u00e1rz\u00f3k fekete JH-NR40-13A 4000W - Varjas F\u0171t\u0151f\u00f3lia\" \/>\n<meta property=\"og:description\" content=\"Le\u00edr\u00e1s \u00fczemi h\u0151fok:380 celsius  m\u00e9ret:2000x189x67mm  fesz\u00fclts\u00e9g 400V  M\u0171szaki adatok: T\u00e1pfesz\u00fclts\u00e9g t\u00edpusa: 380 V h\u00e1rom f\u00e1zis 50\/60 HZ Teljes\u00edtm\u00e9ny hat\u00e1rok: 4000 watt \u00dczemi h\u0151m\u00e9rs\u00e9klet: 250-380 \u05af C F\u0171t\u0151panel jellege: Infra s\u00f6t\u00e9tsug\u00e1rz\u00f3 f\u0171t\u0151 berendez\u00e9s V\u00e9delem: IP 65 R\u00f6gz\u00edt\u00e9s: fali \u2013 mennyezeti konzol Keret: aluminum Fel\u00fclet: fekete- speci\u00e1lis galvaniz\u00e1lt bevonat \/tiszt\u00edthat\u00f3\/ H\u00e1tlap: teljes fel\u00fclet\u0171 alum\u00ednium T\u00falmeleged\u00e9s v\u00e9delem: egyszeres Csatlakoz\u00f3 vezet\u00e9k: 0,5 m dugalj n\u00e9lk\u00fcl Csomagol\u00e1s: doboz- a csomagol\u00e1s tartalmaz minden r\u00f6gz\u00edt\u00e9shez sz\u00fcks\u00e9ges felszerel\u00e9st Tan\u00fas\u00edtv\u00e1nyok: CE , ROHS \u00c1ramer\u0151ss\u00e9g 5,8A M\u00e9retek: 2000mmx189mmx67mm Brutt\u00f3 s\u00faly: 13,4 kg Sz\u00edn: Fekete\" \/>\n<meta property=\"og:url\" content=\"https:\/\/varjasfutofolia.hu\/en\/termek\/infra-sotetsugarzok-fekete-jh-nr40-13a-4000w\/\" \/>\n<meta property=\"og:site_name\" content=\"Varjas F\u0171t\u0151f\u00f3lia\" \/>\n<meta property=\"article:modified_time\" content=\"2025-09-28T01:10:11+00:00\" \/>\n<meta name=\"twitter:card\" content=\"summary_large_image\" \/>\n<meta name=\"twitter:label1\" content=\"Est. reading time\" \/>\n\t<meta name=\"twitter:data1\" content=\"1 minute\" \/>\n<script type=\"application\/ld+json\" class=\"yoast-schema-graph\">{\"@context\":\"https:\/\/schema.org\",\"@graph\":[{\"@type\":\"WebPage\",\"@id\":\"https:\/\/varjasfutofolia.hu\/termek\/infra-sotetsugarzok-fekete-jh-nr40-13a-4000w\/\",\"url\":\"https:\/\/varjasfutofolia.hu\/termek\/infra-sotetsugarzok-fekete-jh-nr40-13a-4000w\/\",\"name\":\"Infra s\u00f6t\u00e9tsug\u00e1rz\u00f3k fekete JH-NR40-13A 4000W - Varjas F\u0171t\u0151f\u00f3lia\",\"isPartOf\":{\"@id\":\"https:\/\/varjasfutofolia.hu\/#website\"},\"primaryImageOfPage\":{\"@id\":\"https:\/\/varjasfutofolia.hu\/termek\/infra-sotetsugarzok-fekete-jh-nr40-13a-4000w\/#primaryimage\"},\"image\":{\"@id\":\"https:\/\/varjasfutofolia.hu\/termek\/infra-sotetsugarzok-fekete-jh-nr40-13a-4000w\/#primaryimage\"},\"thumbnailUrl\":\"https:\/\/varjasfutofolia.hu\/wp-content\/uploads\/2021\/11\/Sotetsugarzo1.jpg\",\"datePublished\":\"2024-12-01T23:01:49+00:00\",\"dateModified\":\"2025-09-28T01:10:11+00:00\",\"breadcrumb\":{\"@id\":\"https:\/\/varjasfutofolia.hu\/termek\/infra-sotetsugarzok-fekete-jh-nr40-13a-4000w\/#breadcrumb\"},\"inLanguage\":\"en-US\",\"potentialAction\":[{\"@type\":\"ReadAction\",\"target\":[\"https:\/\/varjasfutofolia.hu\/termek\/infra-sotetsugarzok-fekete-jh-nr40-13a-4000w\/\"]}]},{\"@type\":\"ImageObject\",\"inLanguage\":\"en-US\",\"@id\":\"https:\/\/varjasfutofolia.hu\/termek\/infra-sotetsugarzok-fekete-jh-nr40-13a-4000w\/#primaryimage\",\"url\":\"https:\/\/varjasfutofolia.hu\/wp-content\/uploads\/2021\/11\/Sotetsugarzo1.jpg\",\"contentUrl\":\"https:\/\/varjasfutofolia.hu\/wp-content\/uploads\/2021\/11\/Sotetsugarzo1.jpg\",\"width\":800,\"height\":800},{\"@type\":\"BreadcrumbList\",\"@id\":\"https:\/\/varjasfutofolia.hu\/termek\/infra-sotetsugarzok-fekete-jh-nr40-13a-4000w\/#breadcrumb\",\"itemListElement\":[{\"@type\":\"ListItem\",\"position\":1,\"name\":\"Kezd\u0151lap\",\"item\":\"https:\/\/varjasfutofolia.hu\/\"},{\"@type\":\"ListItem\",\"position\":2,\"name\":\"\u00dczlet\",\"item\":\"https:\/\/varjasfutofolia.hu\/uzlet\/\"},{\"@type\":\"ListItem\",\"position\":3,\"name\":\"Infra s\u00f6t\u00e9tsug\u00e1rz\u00f3k fekete JH-NR40-13A 4000W\"}]},{\"@type\":\"WebSite\",\"@id\":\"https:\/\/varjasfutofolia.hu\/#website\",\"url\":\"https:\/\/varjasfutofolia.hu\/\",\"name\":\"Varjas F\u0171t\u0151f\u00f3lia\",\"description\":\"A Nap melege az \u00d6n otthon\u00e1ban\",\"potentialAction\":[{\"@type\":\"SearchAction\",\"target\":{\"@type\":\"EntryPoint\",\"urlTemplate\":\"https:\/\/varjasfutofolia.hu\/?s={search_term_string}\"},\"query-input\":{\"@type\":\"PropertyValueSpecification\",\"valueRequired\":true,\"valueName\":\"search_term_string\"}}],\"inLanguage\":\"en-US\"}]}<\/script>\n<!-- \/ Yoast SEO plugin. -->","yoast_head_json":{"title":"Infra s\u00f6t\u00e9tsug\u00e1rz\u00f3k fekete JH-NR40-13A 4000W - Varjas F\u0171t\u0151f\u00f3lia","robots":{"index":"index","follow":"follow","max-snippet":"max-snippet:-1","max-image-preview":"max-image-preview:large","max-video-preview":"max-video-preview:-1"},"canonical":"https:\/\/varjasfutofolia.hu\/en\/termek\/infra-sotetsugarzok-fekete-jh-nr40-13a-4000w\/","og_locale":"en_US","og_type":"article","og_title":"Infra s\u00f6t\u00e9tsug\u00e1rz\u00f3k fekete JH-NR40-13A 4000W - Varjas F\u0171t\u0151f\u00f3lia","og_description":"Le\u00edr\u00e1s \u00fczemi h\u0151fok:380 celsius  m\u00e9ret:2000x189x67mm  fesz\u00fclts\u00e9g 400V  M\u0171szaki adatok: T\u00e1pfesz\u00fclts\u00e9g t\u00edpusa: 380 V h\u00e1rom f\u00e1zis 50\/60 HZ Teljes\u00edtm\u00e9ny hat\u00e1rok: 4000 watt \u00dczemi h\u0151m\u00e9rs\u00e9klet: 250-380 \u05af C F\u0171t\u0151panel jellege: Infra s\u00f6t\u00e9tsug\u00e1rz\u00f3 f\u0171t\u0151 berendez\u00e9s V\u00e9delem: IP 65 R\u00f6gz\u00edt\u00e9s: fali \u2013 mennyezeti konzol Keret: aluminum Fel\u00fclet: fekete- speci\u00e1lis galvaniz\u00e1lt bevonat \/tiszt\u00edthat\u00f3\/ H\u00e1tlap: teljes fel\u00fclet\u0171 alum\u00ednium T\u00falmeleged\u00e9s v\u00e9delem: egyszeres Csatlakoz\u00f3 vezet\u00e9k: 0,5 m dugalj n\u00e9lk\u00fcl Csomagol\u00e1s: doboz- a csomagol\u00e1s tartalmaz minden r\u00f6gz\u00edt\u00e9shez sz\u00fcks\u00e9ges felszerel\u00e9st Tan\u00fas\u00edtv\u00e1nyok: CE , ROHS \u00c1ramer\u0151ss\u00e9g 5,8A M\u00e9retek: 2000mmx189mmx67mm Brutt\u00f3 s\u00faly: 13,4 kg Sz\u00edn: Fekete","og_url":"https:\/\/varjasfutofolia.hu\/en\/termek\/infra-sotetsugarzok-fekete-jh-nr40-13a-4000w\/","og_site_name":"Varjas F\u0171t\u0151f\u00f3lia","article_modified_time":"2025-09-28T01:10:11+00:00","twitter_card":"summary_large_image","twitter_misc":{"Est. reading time":"1 minute"},"schema":{"@context":"https:\/\/schema.org","@graph":[{"@type":"WebPage","@id":"https:\/\/varjasfutofolia.hu\/termek\/infra-sotetsugarzok-fekete-jh-nr40-13a-4000w\/","url":"https:\/\/varjasfutofolia.hu\/termek\/infra-sotetsugarzok-fekete-jh-nr40-13a-4000w\/","name":"Infra s\u00f6t\u00e9tsug\u00e1rz\u00f3k fekete JH-NR40-13A 4000W - Varjas F\u0171t\u0151f\u00f3lia","isPartOf":{"@id":"https:\/\/varjasfutofolia.hu\/#website"},"primaryImageOfPage":{"@id":"https:\/\/varjasfutofolia.hu\/termek\/infra-sotetsugarzok-fekete-jh-nr40-13a-4000w\/#primaryimage"},"image":{"@id":"https:\/\/varjasfutofolia.hu\/termek\/infra-sotetsugarzok-fekete-jh-nr40-13a-4000w\/#primaryimage"},"thumbnailUrl":"https:\/\/varjasfutofolia.hu\/wp-content\/uploads\/2021\/11\/Sotetsugarzo1.jpg","datePublished":"2024-12-01T23:01:49+00:00","dateModified":"2025-09-28T01:10:11+00:00","breadcrumb":{"@id":"https:\/\/varjasfutofolia.hu\/termek\/infra-sotetsugarzok-fekete-jh-nr40-13a-4000w\/#breadcrumb"},"inLanguage":"en-US","potentialAction":[{"@type":"ReadAction","target":["https:\/\/varjasfutofolia.hu\/termek\/infra-sotetsugarzok-fekete-jh-nr40-13a-4000w\/"]}]},{"@type":"ImageObject","inLanguage":"en-US","@id":"https:\/\/varjasfutofolia.hu\/termek\/infra-sotetsugarzok-fekete-jh-nr40-13a-4000w\/#primaryimage","url":"https:\/\/varjasfutofolia.hu\/wp-content\/uploads\/2021\/11\/Sotetsugarzo1.jpg","contentUrl":"https:\/\/varjasfutofolia.hu\/wp-content\/uploads\/2021\/11\/Sotetsugarzo1.jpg","width":800,"height":800},{"@type":"BreadcrumbList","@id":"https:\/\/varjasfutofolia.hu\/termek\/infra-sotetsugarzok-fekete-jh-nr40-13a-4000w\/#breadcrumb","itemListElement":[{"@type":"ListItem","position":1,"name":"Kezd\u0151lap","item":"https:\/\/varjasfutofolia.hu\/"},{"@type":"ListItem","position":2,"name":"\u00dczlet","item":"https:\/\/varjasfutofolia.hu\/uzlet\/"},{"@type":"ListItem","position":3,"name":"Infra s\u00f6t\u00e9tsug\u00e1rz\u00f3k fekete JH-NR40-13A 4000W"}]},{"@type":"WebSite","@id":"https:\/\/varjasfutofolia.hu\/#website","url":"https:\/\/varjasfutofolia.hu\/","name":"Varjas F\u0171t\u0151f\u00f3lia","description":"A Nap melege az \u00d6n otthon\u00e1ban","potentialAction":[{"@type":"SearchAction","target":{"@type":"EntryPoint","urlTemplate":"https:\/\/varjasfutofolia.hu\/?s={search_term_string}"},"query-input":{"@type":"PropertyValueSpecification","valueRequired":true,"valueName":"search_term_string"}}],"inLanguage":"en-US"}]}},"_links":{"self":[{"href":"https:\/\/varjasfutofolia.hu\/en\/wp-json\/wp\/v2\/product\/9931587","targetHints":{"allow":["GET"]}}],"collection":[{"href":"https:\/\/varjasfutofolia.hu\/en\/wp-json\/wp\/v2\/product"}],"about":[{"href":"https:\/\/varjasfutofolia.hu\/en\/wp-json\/wp\/v2\/types\/product"}],"replies":[{"embeddable":true,"href":"https:\/\/varjasfutofolia.hu\/en\/wp-json\/wp\/v2\/comments?post=9931587"}],"wp:featuredmedia":[{"embeddable":true,"href":"https:\/\/varjasfutofolia.hu\/en\/wp-json\/wp\/v2\/media\/9921078"}],"wp:attachment":[{"href":"https:\/\/varjasfutofolia.hu\/en\/wp-json\/wp\/v2\/media?parent=9931587"}],"wp:term":[{"taxonomy":"product_brand","embeddable":true,"href":"https:\/\/varjasfutofolia.hu\/en\/wp-json\/wp\/v2\/product_brand?post=9931587"},{"taxonomy":"product_cat","embeddable":true,"href":"https:\/\/varjasfutofolia.hu\/en\/wp-json\/wp\/v2\/product_cat?post=9931587"},{"taxonomy":"product_tag","embeddable":true,"href":"https:\/\/varjasfutofolia.hu\/en\/wp-json\/wp\/v2\/product_tag?post=9931587"}],"curies":[{"name":"wp","href":"https:\/\/api.w.org\/{rel}","templated":true}]}}