{"id":9931575,"date":"2024-12-02T00:01:41","date_gmt":"2024-12-01T23:01:41","guid":{"rendered":"https:\/\/varjasfutofolia.hu\/?post_type=product&#038;p=9931575"},"modified":"2025-09-28T03:10:11","modified_gmt":"2025-09-28T01:10:11","slug":"likewarm-futokabel-35-meter-700watt","status":"publish","type":"product","link":"https:\/\/varjasfutofolia.hu\/en\/termek\/likewarm-futokabel-35-meter-700watt\/","title":{"rendered":"LIKEWARM F\u0171t\u0151k\u00e1bel 35 m\u00e9ter 700Watt"},"content":{"rendered":"","protected":false},"excerpt":{"rendered":"<div class=\"data_tab_title\">Adatok<\/div>\n<div id=\"page_artdet_product_param_spec_2\">\n<table id=\"page_artdet_product_param_sepc_table\" border=\"0\" cellspacing=\"0\" cellpadding=\"0\">\n<tbody>\n<tr id=\"page_artdet_product_param_spec_273511\" class=\"page_artdet_product_param_spec_item\">\n<td class=\"page_artdet_product_param_spec_title text_normal\">\n<div>Tipus:<\/div>\n<\/td>\n<td class=\"page_artdet_product_param_spec_value text_normal\">\n<div>F\u0171t\u0151k\u00e1bel<\/div>\n<\/td>\n<\/tr>\n<tr id=\"page_artdet_product_param_spec_273514\" class=\"page_artdet_product_param_spec_item\">\n<td class=\"page_artdet_product_param_spec_title text_normal\">\n<div>Felhaszn\u00e1l\u00e1s:<\/div>\n<\/td>\n<td class=\"page_artdet_product_param_spec_value text_normal\">\n<div>Padl\u00f3f\u0171t\u00e9s , l\u00e9pcs\u0151f\u0171t\u00e9s<\/div>\n<\/td>\n<\/tr>\n<tr id=\"page_artdet_product_param_spec_273517\" class=\"page_artdet_product_param_spec_item\">\n<td class=\"page_artdet_product_param_spec_title text_normal\">\n<div>Teljes\u00edtm\u00e9ny \/ m\u00e9ter:<\/div>\n<\/td>\n<td class=\"page_artdet_product_param_spec_value text_normal\">\n<div>20 Watt \/ m\u00e9ter<\/div>\n<\/td>\n<\/tr>\n<tr id=\"page_artdet_product_param_spec_273535\" class=\"page_artdet_product_param_spec_item\">\n<td class=\"page_artdet_product_param_spec_title text_normal\">\n<div>\n<table class=\"table_prod_param_desc\" border=\"0\" cellspacing=\"0\" cellpadding=\"0\">\n<tbody>\n<tr>\n<td class=\"page_design_param_desc\">Teljes\u00edtm\u00e9ny \/ Watt<\/td>\n<td><\/td>\n<\/tr>\n<\/tbody>\n<\/table>\n<p>:<\/p>\n<\/div>\n<\/td>\n<td class=\"page_artdet_product_param_spec_value text_normal\">\n<div>700 Watt<\/div>\n<\/td>\n<\/tr>\n<tr id=\"page_artdet_product_param_spec_273538\" class=\"page_artdet_product_param_spec_item\">\n<td class=\"page_artdet_product_param_spec_title text_normal\">\n<div>\n<table class=\"table_prod_param_desc\" border=\"0\" cellspacing=\"0\" cellpadding=\"0\">\n<tbody>\n<tr>\n<td class=\"page_design_param_desc\">Teljes\u00edtm\u00e9ny \/ Amper<\/td>\n<td><\/td>\n<\/tr>\n<\/tbody>\n<\/table>\n<p>:<\/p>\n<\/div>\n<\/td>\n<td class=\"page_artdet_product_param_spec_value text_normal\">\n<div>3.04 A<\/div>\n<\/td>\n<\/tr>\n<tr id=\"page_artdet_product_param_spec_273520\" class=\"page_artdet_product_param_spec_item\">\n<td class=\"page_artdet_product_param_spec_title text_normal\">\n<div>\n<table class=\"table_prod_param_desc\" border=\"0\" cellspacing=\"0\" cellpadding=\"0\">\n<tbody>\n<tr>\n<td class=\"page_design_param_desc\">K\u00e1bel \u00e1tm\u00e9r\u0151<\/td>\n<td><\/td>\n<\/tr>\n<\/tbody>\n<\/table>\n<p>:<\/p>\n<\/div>\n<\/td>\n<td class=\"page_artdet_product_param_spec_value text_normal\">\n<div>5.5 mm<\/div>\n<\/td>\n<\/tr>\n<tr id=\"page_artdet_product_param_spec_273523\" class=\"page_artdet_product_param_spec_item\">\n<td class=\"page_artdet_product_param_spec_title text_normal\">\n<div>\n<table class=\"table_prod_param_desc\" border=\"0\" cellspacing=\"0\" cellpadding=\"0\">\n<tbody>\n<tr>\n<td class=\"page_design_param_desc\">Fesz\u00fclts\u00e9g<\/td>\n<td><\/td>\n<\/tr>\n<\/tbody>\n<\/table>\n<p>:<\/p>\n<\/div>\n<\/td>\n<td class=\"page_artdet_product_param_spec_value text_normal\">\n<div>230 V<\/div>\n<\/td>\n<\/tr>\n<tr id=\"page_artdet_product_param_spec_273526\" class=\"page_artdet_product_param_spec_item\">\n<td class=\"page_artdet_product_param_spec_title text_normal\">\n<div>\n<table class=\"table_prod_param_desc\" border=\"0\" cellspacing=\"0\" cellpadding=\"0\">\n<tbody>\n<tr>\n<td class=\"page_design_param_desc\">R\u00f6gz\u00edt\u00e9s<\/td>\n<td><\/td>\n<\/tr>\n<\/tbody>\n<\/table>\n<p>:<\/p>\n<\/div>\n<\/td>\n<td class=\"page_artdet_product_param_spec_value text_normal\">\n<div>r\u00f6gz\u00edt\u0151 szalag , vash\u00e1l\u00f3<\/div>\n<\/td>\n<\/tr>\n<tr id=\"page_artdet_product_param_spec_273529\" class=\"page_artdet_product_param_spec_item\">\n<td class=\"page_artdet_product_param_spec_title text_normal\">\n<div>\n<table class=\"table_prod_param_desc\" border=\"0\" cellspacing=\"0\" cellpadding=\"0\">\n<tbody>\n<tr>\n<td class=\"page_design_param_desc\">F\u0171t\u0151k\u00e1bel szigetel\u00e9se<\/td>\n<td><\/td>\n<\/tr>\n<\/tbody>\n<\/table>\n<p>:<\/p>\n<\/div>\n<\/td>\n<td class=\"page_artdet_product_param_spec_value text_normal\">\n<div>Fluoropolimer<\/div>\n<\/td>\n<\/tr>\n<tr id=\"page_artdet_product_param_spec_273532\" class=\"page_artdet_product_param_spec_item\">\n<td class=\"page_artdet_product_param_spec_title text_normal\">\n<div>\n<table class=\"table_prod_param_desc\" border=\"0\" cellspacing=\"0\" cellpadding=\"0\">\n<tbody>\n<tr>\n<td class=\"page_design_param_desc\">Burkolat szigetel\u00e9se<\/td>\n<td><\/td>\n<\/tr>\n<\/tbody>\n<\/table>\n<p>:<\/p>\n<\/div>\n<\/td>\n<td class=\"page_artdet_product_param_spec_value text_normal\">\n<div>Pvc<\/div>\n<\/td>\n<\/tr>\n<tr id=\"page_artdet_product_param_spec_273541\" class=\"page_artdet_product_param_spec_item\">\n<td class=\"page_artdet_product_param_spec_title text_normal\">\n<div>\n<table class=\"table_prod_param_desc\" border=\"0\" cellspacing=\"0\" cellpadding=\"0\">\n<tbody>\n<tr>\n<td class=\"page_design_param_desc\">Vez\u00e9rl\u00e9s<\/td>\n<td><\/td>\n<\/tr>\n<\/tbody>\n<\/table>\n<p>:<\/p>\n<\/div>\n<\/td>\n<td class=\"page_artdet_product_param_spec_value text_normal\">\n<div>Padl\u00f3\u00e9rz\u00e9kel\u0151s termoszt\u00e1ttal<\/div>\n<\/td>\n<\/tr>\n<tr id=\"page_artdet_product_param_spec_273544\" class=\"page_artdet_product_param_spec_item\">\n<td class=\"page_artdet_product_param_spec_title text_normal\">\n<div>\n<table class=\"table_prod_param_desc\" border=\"0\" cellspacing=\"0\" cellpadding=\"0\">\n<tbody>\n<tr>\n<td class=\"page_design_param_desc\">Tanus\u00edtv\u00e1ny<\/td>\n<td><\/td>\n<\/tr>\n<\/tbody>\n<\/table>\n<p>:<\/p>\n<\/div>\n<\/td>\n<td class=\"page_artdet_product_param_spec_value text_normal\">\n<div>CE<\/div>\n<\/td>\n<\/tr>\n<tr id=\"page_artdet_product_param_spec_273568\" class=\"page_artdet_product_param_spec_item\">\n<td class=\"page_artdet_product_param_spec_title text_normal\">\n<div>\n<table class=\"table_prod_param_desc\" border=\"0\" cellspacing=\"0\" cellpadding=\"0\">\n<tbody>\n<tr>\n<td class=\"page_design_param_desc\">IP V\u00e9delem<\/td>\n<td><\/td>\n<\/tr>\n<\/tbody>\n<\/table>\n<p>:<\/p>\n<\/div>\n<\/td>\n<td class=\"page_artdet_product_param_spec_value text_normal\">\n<div>IP67<\/div>\n<\/td>\n<\/tr>\n<\/tbody>\n<\/table>\n<\/div>\n","protected":false},"featured_media":9921059,"comment_status":"open","ping_status":"closed","template":"","meta":{"_et_pb_use_builder":"","_et_pb_old_content":"","_et_gb_content_width":""},"product_brand":[],"product_cat":[65,50],"product_tag":[],"class_list":{"0":"post-9931575","1":"product","2":"type-product","3":"status-publish","4":"has-post-thumbnail","6":"product_cat-elektromos-futokabel","7":"product_cat-futokabel","9":"first","10":"instock","11":"taxable","12":"shipping-taxable","13":"purchasable","14":"product-type-simple"},"yoast_head":"<!-- This site is optimized with the Yoast SEO plugin v26.0 - https:\/\/yoast.com\/wordpress\/plugins\/seo\/ -->\n<title>LIKEWARM F\u0171t\u0151k\u00e1bel 35 m\u00e9ter 700Watt - Varjas F\u0171t\u0151f\u00f3lia<\/title>\n<meta name=\"robots\" content=\"index, follow, max-snippet:-1, max-image-preview:large, max-video-preview:-1\" \/>\n<link rel=\"canonical\" href=\"https:\/\/varjasfutofolia.hu\/en\/termek\/likewarm-futokabel-35-meter-700watt\/\" \/>\n<meta property=\"og:locale\" content=\"en_US\" \/>\n<meta property=\"og:locale:alternate\" content=\"hu_HU\" \/>\n<meta property=\"og:locale:alternate\" content=\"de_DE\" \/>\n<meta property=\"og:type\" content=\"article\" \/>\n<meta property=\"og:title\" content=\"LIKEWARM F\u0171t\u0151k\u00e1bel 35 m\u00e9ter 700Watt - Varjas F\u0171t\u0151f\u00f3lia\" \/>\n<meta property=\"og:description\" content=\"Adatok      Tipus:  F\u0171t\u0151k\u00e1bel    Felhaszn\u00e1l\u00e1s:  Padl\u00f3f\u0171t\u00e9s , l\u00e9pcs\u0151f\u0171t\u00e9s    Teljes\u00edtm\u00e9ny \/ m\u00e9ter:  20 Watt \/ m\u00e9ter        Teljes\u00edtm\u00e9ny \/ Watt     :    700 Watt        Teljes\u00edtm\u00e9ny \/ Amper     :    3.04 A        K\u00e1bel \u00e1tm\u00e9r\u0151     :    5.5 mm        Fesz\u00fclts\u00e9g     :    230 V        R\u00f6gz\u00edt\u00e9s     :    r\u00f6gz\u00edt\u0151 szalag , vash\u00e1l\u00f3        F\u0171t\u0151k\u00e1bel szigetel\u00e9se     :    Fluoropolimer        Burkolat szigetel\u00e9se     :    Pvc        Vez\u00e9rl\u00e9s     :    Padl\u00f3\u00e9rz\u00e9kel\u0151s termoszt\u00e1ttal        Tanus\u00edtv\u00e1ny     :    CE        IP V\u00e9delem     :    IP67\" \/>\n<meta property=\"og:url\" content=\"https:\/\/varjasfutofolia.hu\/en\/termek\/likewarm-futokabel-35-meter-700watt\/\" \/>\n<meta property=\"og:site_name\" content=\"Varjas F\u0171t\u0151f\u00f3lia\" \/>\n<meta property=\"article:modified_time\" content=\"2025-09-28T01:10:11+00:00\" \/>\n<meta name=\"twitter:card\" content=\"summary_large_image\" \/>\n<script type=\"application\/ld+json\" class=\"yoast-schema-graph\">{\"@context\":\"https:\/\/schema.org\",\"@graph\":[{\"@type\":\"WebPage\",\"@id\":\"https:\/\/varjasfutofolia.hu\/termek\/likewarm-futokabel-35-meter-700watt\/\",\"url\":\"https:\/\/varjasfutofolia.hu\/termek\/likewarm-futokabel-35-meter-700watt\/\",\"name\":\"LIKEWARM F\u0171t\u0151k\u00e1bel 35 m\u00e9ter 700Watt - Varjas F\u0171t\u0151f\u00f3lia\",\"isPartOf\":{\"@id\":\"https:\/\/varjasfutofolia.hu\/#website\"},\"primaryImageOfPage\":{\"@id\":\"https:\/\/varjasfutofolia.hu\/termek\/likewarm-futokabel-35-meter-700watt\/#primaryimage\"},\"image\":{\"@id\":\"https:\/\/varjasfutofolia.hu\/termek\/likewarm-futokabel-35-meter-700watt\/#primaryimage\"},\"thumbnailUrl\":\"https:\/\/varjasfutofolia.hu\/wp-content\/uploads\/2021\/11\/i-cable20-26001.jpg\",\"datePublished\":\"2024-12-01T23:01:41+00:00\",\"dateModified\":\"2025-09-28T01:10:11+00:00\",\"breadcrumb\":{\"@id\":\"https:\/\/varjasfutofolia.hu\/termek\/likewarm-futokabel-35-meter-700watt\/#breadcrumb\"},\"inLanguage\":\"en-US\",\"potentialAction\":[{\"@type\":\"ReadAction\",\"target\":[\"https:\/\/varjasfutofolia.hu\/termek\/likewarm-futokabel-35-meter-700watt\/\"]}]},{\"@type\":\"ImageObject\",\"inLanguage\":\"en-US\",\"@id\":\"https:\/\/varjasfutofolia.hu\/termek\/likewarm-futokabel-35-meter-700watt\/#primaryimage\",\"url\":\"https:\/\/varjasfutofolia.hu\/wp-content\/uploads\/2021\/11\/i-cable20-26001.jpg\",\"contentUrl\":\"https:\/\/varjasfutofolia.hu\/wp-content\/uploads\/2021\/11\/i-cable20-26001.jpg\",\"width\":550,\"height\":550},{\"@type\":\"BreadcrumbList\",\"@id\":\"https:\/\/varjasfutofolia.hu\/termek\/likewarm-futokabel-35-meter-700watt\/#breadcrumb\",\"itemListElement\":[{\"@type\":\"ListItem\",\"position\":1,\"name\":\"Kezd\u0151lap\",\"item\":\"https:\/\/varjasfutofolia.hu\/\"},{\"@type\":\"ListItem\",\"position\":2,\"name\":\"\u00dczlet\",\"item\":\"https:\/\/varjasfutofolia.hu\/uzlet\/\"},{\"@type\":\"ListItem\",\"position\":3,\"name\":\"LIKEWARM F\u0171t\u0151k\u00e1bel 35 m\u00e9ter 700Watt\"}]},{\"@type\":\"WebSite\",\"@id\":\"https:\/\/varjasfutofolia.hu\/#website\",\"url\":\"https:\/\/varjasfutofolia.hu\/\",\"name\":\"Varjas F\u0171t\u0151f\u00f3lia\",\"description\":\"A Nap melege az \u00d6n otthon\u00e1ban\",\"potentialAction\":[{\"@type\":\"SearchAction\",\"target\":{\"@type\":\"EntryPoint\",\"urlTemplate\":\"https:\/\/varjasfutofolia.hu\/?s={search_term_string}\"},\"query-input\":{\"@type\":\"PropertyValueSpecification\",\"valueRequired\":true,\"valueName\":\"search_term_string\"}}],\"inLanguage\":\"en-US\"}]}<\/script>\n<!-- \/ Yoast SEO plugin. -->","yoast_head_json":{"title":"LIKEWARM F\u0171t\u0151k\u00e1bel 35 m\u00e9ter 700Watt - Varjas F\u0171t\u0151f\u00f3lia","robots":{"index":"index","follow":"follow","max-snippet":"max-snippet:-1","max-image-preview":"max-image-preview:large","max-video-preview":"max-video-preview:-1"},"canonical":"https:\/\/varjasfutofolia.hu\/en\/termek\/likewarm-futokabel-35-meter-700watt\/","og_locale":"en_US","og_type":"article","og_title":"LIKEWARM F\u0171t\u0151k\u00e1bel 35 m\u00e9ter 700Watt - Varjas F\u0171t\u0151f\u00f3lia","og_description":"Adatok      Tipus:  F\u0171t\u0151k\u00e1bel    Felhaszn\u00e1l\u00e1s:  Padl\u00f3f\u0171t\u00e9s , l\u00e9pcs\u0151f\u0171t\u00e9s    Teljes\u00edtm\u00e9ny \/ m\u00e9ter:  20 Watt \/ m\u00e9ter        Teljes\u00edtm\u00e9ny \/ Watt     :    700 Watt        Teljes\u00edtm\u00e9ny \/ Amper     :    3.04 A        K\u00e1bel \u00e1tm\u00e9r\u0151     :    5.5 mm        Fesz\u00fclts\u00e9g     :    230 V        R\u00f6gz\u00edt\u00e9s     :    r\u00f6gz\u00edt\u0151 szalag , vash\u00e1l\u00f3        F\u0171t\u0151k\u00e1bel szigetel\u00e9se     :    Fluoropolimer        Burkolat szigetel\u00e9se     :    Pvc        Vez\u00e9rl\u00e9s     :    Padl\u00f3\u00e9rz\u00e9kel\u0151s termoszt\u00e1ttal        Tanus\u00edtv\u00e1ny     :    CE        IP V\u00e9delem     :    IP67","og_url":"https:\/\/varjasfutofolia.hu\/en\/termek\/likewarm-futokabel-35-meter-700watt\/","og_site_name":"Varjas F\u0171t\u0151f\u00f3lia","article_modified_time":"2025-09-28T01:10:11+00:00","twitter_card":"summary_large_image","schema":{"@context":"https:\/\/schema.org","@graph":[{"@type":"WebPage","@id":"https:\/\/varjasfutofolia.hu\/termek\/likewarm-futokabel-35-meter-700watt\/","url":"https:\/\/varjasfutofolia.hu\/termek\/likewarm-futokabel-35-meter-700watt\/","name":"LIKEWARM F\u0171t\u0151k\u00e1bel 35 m\u00e9ter 700Watt - Varjas F\u0171t\u0151f\u00f3lia","isPartOf":{"@id":"https:\/\/varjasfutofolia.hu\/#website"},"primaryImageOfPage":{"@id":"https:\/\/varjasfutofolia.hu\/termek\/likewarm-futokabel-35-meter-700watt\/#primaryimage"},"image":{"@id":"https:\/\/varjasfutofolia.hu\/termek\/likewarm-futokabel-35-meter-700watt\/#primaryimage"},"thumbnailUrl":"https:\/\/varjasfutofolia.hu\/wp-content\/uploads\/2021\/11\/i-cable20-26001.jpg","datePublished":"2024-12-01T23:01:41+00:00","dateModified":"2025-09-28T01:10:11+00:00","breadcrumb":{"@id":"https:\/\/varjasfutofolia.hu\/termek\/likewarm-futokabel-35-meter-700watt\/#breadcrumb"},"inLanguage":"en-US","potentialAction":[{"@type":"ReadAction","target":["https:\/\/varjasfutofolia.hu\/termek\/likewarm-futokabel-35-meter-700watt\/"]}]},{"@type":"ImageObject","inLanguage":"en-US","@id":"https:\/\/varjasfutofolia.hu\/termek\/likewarm-futokabel-35-meter-700watt\/#primaryimage","url":"https:\/\/varjasfutofolia.hu\/wp-content\/uploads\/2021\/11\/i-cable20-26001.jpg","contentUrl":"https:\/\/varjasfutofolia.hu\/wp-content\/uploads\/2021\/11\/i-cable20-26001.jpg","width":550,"height":550},{"@type":"BreadcrumbList","@id":"https:\/\/varjasfutofolia.hu\/termek\/likewarm-futokabel-35-meter-700watt\/#breadcrumb","itemListElement":[{"@type":"ListItem","position":1,"name":"Kezd\u0151lap","item":"https:\/\/varjasfutofolia.hu\/"},{"@type":"ListItem","position":2,"name":"\u00dczlet","item":"https:\/\/varjasfutofolia.hu\/uzlet\/"},{"@type":"ListItem","position":3,"name":"LIKEWARM F\u0171t\u0151k\u00e1bel 35 m\u00e9ter 700Watt"}]},{"@type":"WebSite","@id":"https:\/\/varjasfutofolia.hu\/#website","url":"https:\/\/varjasfutofolia.hu\/","name":"Varjas F\u0171t\u0151f\u00f3lia","description":"A Nap melege az \u00d6n otthon\u00e1ban","potentialAction":[{"@type":"SearchAction","target":{"@type":"EntryPoint","urlTemplate":"https:\/\/varjasfutofolia.hu\/?s={search_term_string}"},"query-input":{"@type":"PropertyValueSpecification","valueRequired":true,"valueName":"search_term_string"}}],"inLanguage":"en-US"}]}},"_links":{"self":[{"href":"https:\/\/varjasfutofolia.hu\/en\/wp-json\/wp\/v2\/product\/9931575","targetHints":{"allow":["GET"]}}],"collection":[{"href":"https:\/\/varjasfutofolia.hu\/en\/wp-json\/wp\/v2\/product"}],"about":[{"href":"https:\/\/varjasfutofolia.hu\/en\/wp-json\/wp\/v2\/types\/product"}],"replies":[{"embeddable":true,"href":"https:\/\/varjasfutofolia.hu\/en\/wp-json\/wp\/v2\/comments?post=9931575"}],"wp:featuredmedia":[{"embeddable":true,"href":"https:\/\/varjasfutofolia.hu\/en\/wp-json\/wp\/v2\/media\/9921059"}],"wp:attachment":[{"href":"https:\/\/varjasfutofolia.hu\/en\/wp-json\/wp\/v2\/media?parent=9931575"}],"wp:term":[{"taxonomy":"product_brand","embeddable":true,"href":"https:\/\/varjasfutofolia.hu\/en\/wp-json\/wp\/v2\/product_brand?post=9931575"},{"taxonomy":"product_cat","embeddable":true,"href":"https:\/\/varjasfutofolia.hu\/en\/wp-json\/wp\/v2\/product_cat?post=9931575"},{"taxonomy":"product_tag","embeddable":true,"href":"https:\/\/varjasfutofolia.hu\/en\/wp-json\/wp\/v2\/product_tag?post=9931575"}],"curies":[{"name":"wp","href":"https:\/\/api.w.org\/{rel}","templated":true}]}}