{"id":9931563,"date":"2024-12-02T00:01:41","date_gmt":"2024-12-01T23:01:41","guid":{"rendered":"https:\/\/varjasfutofolia.hu\/?post_type=product&#038;p=9931563"},"modified":"2025-09-28T03:10:11","modified_gmt":"2025-09-28T01:10:11","slug":"beha-tarto-lab","status":"publish","type":"product","link":"https:\/\/varjasfutofolia.hu\/en\/termek\/beha-tarto-lab\/","title":{"rendered":"BEHA tart\u00f3 l\u00e1b"},"content":{"rendered":"","protected":false},"excerpt":{"rendered":"<p>A l\u00e1b az al\u00e1bbi f\u0171t\u0151panel t\u00edpusokra szerelhet\u0151:<br \/>\nBeha PV \u00e9s LV<\/p>\n<p>A tart\u00f3l\u00e1bakat nem tartalmazza a f\u0171t\u0151panel csomagol\u00e1sa, azokat k\u00fcl\u00f6n kell megv\u00e1s\u00e1rolni. A tart\u00f3l\u00e1bak haszn\u00e1lat\u00e1n\u00e1l figyelembe kell venni, hogy a f\u0171t\u0151panel ugyan\u00fagy egy adott helyis\u00e9g l\u00e9gter\u00e9nek kif\u0171t\u00e9s\u00e9re m\u00e9retezett, ne haszn\u00e1lja nagyobb helyis\u00e9gben!<\/p>\n","protected":false},"featured_media":9921058,"comment_status":"open","ping_status":"closed","template":"","meta":{"_et_pb_use_builder":"","_et_pb_old_content":"","_et_gb_content_width":""},"product_brand":[],"product_cat":[59,54],"product_tag":[60,64],"class_list":{"0":"post-9931563","1":"product","2":"type-product","3":"status-publish","4":"has-post-thumbnail","6":"product_cat-beha","7":"product_cat-futopanel","8":"product_tag-beha","9":"product_tag-tartolab","11":"first","12":"instock","13":"taxable","14":"shipping-taxable","15":"purchasable","16":"product-type-simple"},"yoast_head":"<!-- This site is optimized with the Yoast SEO plugin v26.0 - https:\/\/yoast.com\/wordpress\/plugins\/seo\/ -->\n<title>BEHA tart\u00f3 l\u00e1b - Varjas F\u0171t\u0151f\u00f3lia<\/title>\n<meta name=\"robots\" content=\"index, follow, max-snippet:-1, max-image-preview:large, max-video-preview:-1\" \/>\n<link rel=\"canonical\" href=\"https:\/\/varjasfutofolia.hu\/en\/termek\/beha-tarto-lab\/\" \/>\n<meta property=\"og:locale\" content=\"en_US\" \/>\n<meta property=\"og:locale:alternate\" content=\"hu_HU\" \/>\n<meta property=\"og:locale:alternate\" content=\"de_DE\" \/>\n<meta property=\"og:type\" content=\"article\" \/>\n<meta property=\"og:title\" content=\"BEHA tart\u00f3 l\u00e1b - Varjas F\u0171t\u0151f\u00f3lia\" \/>\n<meta property=\"og:description\" content=\"A l\u00e1b az al\u00e1bbi f\u0171t\u0151panel t\u00edpusokra szerelhet\u0151: Beha PV \u00e9s LV  A tart\u00f3l\u00e1bakat nem tartalmazza a f\u0171t\u0151panel csomagol\u00e1sa, azokat k\u00fcl\u00f6n kell megv\u00e1s\u00e1rolni. A tart\u00f3l\u00e1bak haszn\u00e1lat\u00e1n\u00e1l figyelembe kell venni, hogy a f\u0171t\u0151panel ugyan\u00fagy egy adott helyis\u00e9g l\u00e9gter\u00e9nek kif\u0171t\u00e9s\u00e9re m\u00e9retezett, ne haszn\u00e1lja nagyobb helyis\u00e9gben!\" \/>\n<meta property=\"og:url\" content=\"https:\/\/varjasfutofolia.hu\/en\/termek\/beha-tarto-lab\/\" \/>\n<meta property=\"og:site_name\" content=\"Varjas F\u0171t\u0151f\u00f3lia\" \/>\n<meta property=\"article:modified_time\" content=\"2025-09-28T01:10:11+00:00\" \/>\n<meta name=\"twitter:card\" content=\"summary_large_image\" \/>\n<script type=\"application\/ld+json\" class=\"yoast-schema-graph\">{\"@context\":\"https:\/\/schema.org\",\"@graph\":[{\"@type\":\"WebPage\",\"@id\":\"https:\/\/varjasfutofolia.hu\/termek\/beha-tarto-lab\/\",\"url\":\"https:\/\/varjasfutofolia.hu\/termek\/beha-tarto-lab\/\",\"name\":\"BEHA tart\u00f3 l\u00e1b - Varjas F\u0171t\u0151f\u00f3lia\",\"isPartOf\":{\"@id\":\"https:\/\/varjasfutofolia.hu\/#website\"},\"primaryImageOfPage\":{\"@id\":\"https:\/\/varjasfutofolia.hu\/termek\/beha-tarto-lab\/#primaryimage\"},\"image\":{\"@id\":\"https:\/\/varjasfutofolia.hu\/termek\/beha-tarto-lab\/#primaryimage\"},\"thumbnailUrl\":\"https:\/\/varjasfutofolia.hu\/wp-content\/uploads\/2021\/11\/nordrat_beha_futopanel-6.jpg\",\"datePublished\":\"2024-12-01T23:01:41+00:00\",\"dateModified\":\"2025-09-28T01:10:11+00:00\",\"breadcrumb\":{\"@id\":\"https:\/\/varjasfutofolia.hu\/termek\/beha-tarto-lab\/#breadcrumb\"},\"inLanguage\":\"en-US\",\"potentialAction\":[{\"@type\":\"ReadAction\",\"target\":[\"https:\/\/varjasfutofolia.hu\/termek\/beha-tarto-lab\/\"]}]},{\"@type\":\"ImageObject\",\"inLanguage\":\"en-US\",\"@id\":\"https:\/\/varjasfutofolia.hu\/termek\/beha-tarto-lab\/#primaryimage\",\"url\":\"https:\/\/varjasfutofolia.hu\/wp-content\/uploads\/2021\/11\/nordrat_beha_futopanel-6.jpg\",\"contentUrl\":\"https:\/\/varjasfutofolia.hu\/wp-content\/uploads\/2021\/11\/nordrat_beha_futopanel-6.jpg\",\"width\":1298,\"height\":731},{\"@type\":\"BreadcrumbList\",\"@id\":\"https:\/\/varjasfutofolia.hu\/termek\/beha-tarto-lab\/#breadcrumb\",\"itemListElement\":[{\"@type\":\"ListItem\",\"position\":1,\"name\":\"Kezd\u0151lap\",\"item\":\"https:\/\/varjasfutofolia.hu\/\"},{\"@type\":\"ListItem\",\"position\":2,\"name\":\"\u00dczlet\",\"item\":\"https:\/\/varjasfutofolia.hu\/uzlet\/\"},{\"@type\":\"ListItem\",\"position\":3,\"name\":\"BEHA tart\u00f3 l\u00e1b\"}]},{\"@type\":\"WebSite\",\"@id\":\"https:\/\/varjasfutofolia.hu\/#website\",\"url\":\"https:\/\/varjasfutofolia.hu\/\",\"name\":\"Varjas F\u0171t\u0151f\u00f3lia\",\"description\":\"A Nap melege az \u00d6n otthon\u00e1ban\",\"potentialAction\":[{\"@type\":\"SearchAction\",\"target\":{\"@type\":\"EntryPoint\",\"urlTemplate\":\"https:\/\/varjasfutofolia.hu\/?s={search_term_string}\"},\"query-input\":{\"@type\":\"PropertyValueSpecification\",\"valueRequired\":true,\"valueName\":\"search_term_string\"}}],\"inLanguage\":\"en-US\"}]}<\/script>\n<!-- \/ Yoast SEO plugin. -->","yoast_head_json":{"title":"BEHA tart\u00f3 l\u00e1b - Varjas F\u0171t\u0151f\u00f3lia","robots":{"index":"index","follow":"follow","max-snippet":"max-snippet:-1","max-image-preview":"max-image-preview:large","max-video-preview":"max-video-preview:-1"},"canonical":"https:\/\/varjasfutofolia.hu\/en\/termek\/beha-tarto-lab\/","og_locale":"en_US","og_type":"article","og_title":"BEHA tart\u00f3 l\u00e1b - Varjas F\u0171t\u0151f\u00f3lia","og_description":"A l\u00e1b az al\u00e1bbi f\u0171t\u0151panel t\u00edpusokra szerelhet\u0151: Beha PV \u00e9s LV  A tart\u00f3l\u00e1bakat nem tartalmazza a f\u0171t\u0151panel csomagol\u00e1sa, azokat k\u00fcl\u00f6n kell megv\u00e1s\u00e1rolni. A tart\u00f3l\u00e1bak haszn\u00e1lat\u00e1n\u00e1l figyelembe kell venni, hogy a f\u0171t\u0151panel ugyan\u00fagy egy adott helyis\u00e9g l\u00e9gter\u00e9nek kif\u0171t\u00e9s\u00e9re m\u00e9retezett, ne haszn\u00e1lja nagyobb helyis\u00e9gben!","og_url":"https:\/\/varjasfutofolia.hu\/en\/termek\/beha-tarto-lab\/","og_site_name":"Varjas F\u0171t\u0151f\u00f3lia","article_modified_time":"2025-09-28T01:10:11+00:00","twitter_card":"summary_large_image","schema":{"@context":"https:\/\/schema.org","@graph":[{"@type":"WebPage","@id":"https:\/\/varjasfutofolia.hu\/termek\/beha-tarto-lab\/","url":"https:\/\/varjasfutofolia.hu\/termek\/beha-tarto-lab\/","name":"BEHA tart\u00f3 l\u00e1b - Varjas F\u0171t\u0151f\u00f3lia","isPartOf":{"@id":"https:\/\/varjasfutofolia.hu\/#website"},"primaryImageOfPage":{"@id":"https:\/\/varjasfutofolia.hu\/termek\/beha-tarto-lab\/#primaryimage"},"image":{"@id":"https:\/\/varjasfutofolia.hu\/termek\/beha-tarto-lab\/#primaryimage"},"thumbnailUrl":"https:\/\/varjasfutofolia.hu\/wp-content\/uploads\/2021\/11\/nordrat_beha_futopanel-6.jpg","datePublished":"2024-12-01T23:01:41+00:00","dateModified":"2025-09-28T01:10:11+00:00","breadcrumb":{"@id":"https:\/\/varjasfutofolia.hu\/termek\/beha-tarto-lab\/#breadcrumb"},"inLanguage":"en-US","potentialAction":[{"@type":"ReadAction","target":["https:\/\/varjasfutofolia.hu\/termek\/beha-tarto-lab\/"]}]},{"@type":"ImageObject","inLanguage":"en-US","@id":"https:\/\/varjasfutofolia.hu\/termek\/beha-tarto-lab\/#primaryimage","url":"https:\/\/varjasfutofolia.hu\/wp-content\/uploads\/2021\/11\/nordrat_beha_futopanel-6.jpg","contentUrl":"https:\/\/varjasfutofolia.hu\/wp-content\/uploads\/2021\/11\/nordrat_beha_futopanel-6.jpg","width":1298,"height":731},{"@type":"BreadcrumbList","@id":"https:\/\/varjasfutofolia.hu\/termek\/beha-tarto-lab\/#breadcrumb","itemListElement":[{"@type":"ListItem","position":1,"name":"Kezd\u0151lap","item":"https:\/\/varjasfutofolia.hu\/"},{"@type":"ListItem","position":2,"name":"\u00dczlet","item":"https:\/\/varjasfutofolia.hu\/uzlet\/"},{"@type":"ListItem","position":3,"name":"BEHA tart\u00f3 l\u00e1b"}]},{"@type":"WebSite","@id":"https:\/\/varjasfutofolia.hu\/#website","url":"https:\/\/varjasfutofolia.hu\/","name":"Varjas F\u0171t\u0151f\u00f3lia","description":"A Nap melege az \u00d6n otthon\u00e1ban","potentialAction":[{"@type":"SearchAction","target":{"@type":"EntryPoint","urlTemplate":"https:\/\/varjasfutofolia.hu\/?s={search_term_string}"},"query-input":{"@type":"PropertyValueSpecification","valueRequired":true,"valueName":"search_term_string"}}],"inLanguage":"en-US"}]}},"_links":{"self":[{"href":"https:\/\/varjasfutofolia.hu\/en\/wp-json\/wp\/v2\/product\/9931563","targetHints":{"allow":["GET"]}}],"collection":[{"href":"https:\/\/varjasfutofolia.hu\/en\/wp-json\/wp\/v2\/product"}],"about":[{"href":"https:\/\/varjasfutofolia.hu\/en\/wp-json\/wp\/v2\/types\/product"}],"replies":[{"embeddable":true,"href":"https:\/\/varjasfutofolia.hu\/en\/wp-json\/wp\/v2\/comments?post=9931563"}],"wp:featuredmedia":[{"embeddable":true,"href":"https:\/\/varjasfutofolia.hu\/en\/wp-json\/wp\/v2\/media\/9921058"}],"wp:attachment":[{"href":"https:\/\/varjasfutofolia.hu\/en\/wp-json\/wp\/v2\/media?parent=9931563"}],"wp:term":[{"taxonomy":"product_brand","embeddable":true,"href":"https:\/\/varjasfutofolia.hu\/en\/wp-json\/wp\/v2\/product_brand?post=9931563"},{"taxonomy":"product_cat","embeddable":true,"href":"https:\/\/varjasfutofolia.hu\/en\/wp-json\/wp\/v2\/product_cat?post=9931563"},{"taxonomy":"product_tag","embeddable":true,"href":"https:\/\/varjasfutofolia.hu\/en\/wp-json\/wp\/v2\/product_tag?post=9931563"}],"curies":[{"name":"wp","href":"https:\/\/api.w.org\/{rel}","templated":true}]}}