{"id":9931535,"date":"2024-12-02T00:01:32","date_gmt":"2024-12-01T23:01:32","guid":{"rendered":"https:\/\/varjasfutofolia.hu\/?post_type=product&#038;p=9931535"},"modified":"2025-09-28T03:10:12","modified_gmt":"2025-09-28T01:10:12","slug":"adax-cipo-szarito-200w","status":"publish","type":"product","link":"https:\/\/varjasfutofolia.hu\/en\/termek\/adax-cipo-szarito-200w\/","title":{"rendered":"Adax Cip\u0151 sz\u00e1r\u00edt\u00f3 200w"},"content":{"rendered":"<p>Ha el\u0151fordul, hogy gyermekei csuromvizes cip\u0151vel t\u00e9rnek haza, vagy szeretn\u00e9, hogy l\u00e1bbelije mindig sz\u00e1raz, szag- \u00e9s bakt\u00e9riummentes, komfortos legyen, akkor \u00e9rdemes haszn\u00e1lnia az ADAX cip\u0151sz\u00e1r\u00edt\u00f3it.<\/p>\n<p>Vad\u00e1szoknak, mez\u0151gazdas\u00e1gi dolgoz\u00f3knak, gyermekeknek, sportol\u00f3knak kimondottan aj\u00e1nlott eg\u00e9szs\u00e9g\u00fcgyi \u00e9s komfortszempontb\u00f3l is a haszn\u00e1lata.<\/p>\n<p>&nbsp;<\/p>\n\n","protected":false},"excerpt":{"rendered":"<p>Hossz\u00fas\u00e1g: 250 mm<\/p>\n<p>Magass\u00e1g: 350 mm<\/p>\n<p>Teljes\u00edtm\u00e9ny: 220 W<\/p>\n<p>Digit\u00e1lis kijelz\u0151<\/p>\n<p>4 f\u0171t\u0151cs\u0151, 2 p\u00e1r l\u00e1bbeli egy id\u0151ben sz\u00e1r\u00edthat\u00f3<\/p>\n","protected":false},"featured_media":9920982,"comment_status":"open","ping_status":"closed","template":"","meta":{"_et_pb_use_builder":"","_et_pb_old_content":"","_et_gb_content_width":""},"product_brand":[],"product_cat":[54],"product_tag":[55,56],"class_list":{"0":"post-9931535","1":"product","2":"type-product","3":"status-publish","4":"has-post-thumbnail","6":"product_cat-futopanel","7":"product_tag-adax","8":"product_tag-ciposzarito","10":"first","11":"outofstock","12":"taxable","13":"shipping-taxable","14":"purchasable","15":"product-type-simple"},"yoast_head":"<!-- This site is optimized with the Yoast SEO plugin v26.0 - https:\/\/yoast.com\/wordpress\/plugins\/seo\/ -->\n<title>Adax Cip\u0151 sz\u00e1r\u00edt\u00f3 200w - Varjas F\u0171t\u0151f\u00f3lia<\/title>\n<meta name=\"robots\" content=\"index, follow, max-snippet:-1, max-image-preview:large, max-video-preview:-1\" \/>\n<link rel=\"canonical\" href=\"https:\/\/varjasfutofolia.hu\/en\/termek\/adax-cipo-szarito-200w\/\" \/>\n<meta property=\"og:locale\" content=\"en_US\" \/>\n<meta property=\"og:locale:alternate\" content=\"hu_HU\" \/>\n<meta property=\"og:locale:alternate\" content=\"de_DE\" \/>\n<meta property=\"og:type\" content=\"article\" \/>\n<meta property=\"og:title\" content=\"Adax Cip\u0151 sz\u00e1r\u00edt\u00f3 200w - Varjas F\u0171t\u0151f\u00f3lia\" \/>\n<meta property=\"og:description\" content=\"Hossz\u00fas\u00e1g: 250 mm  Magass\u00e1g: 350 mm  Teljes\u00edtm\u00e9ny: 220 W  Digit\u00e1lis kijelz\u0151  4 f\u0171t\u0151cs\u0151, 2 p\u00e1r l\u00e1bbeli egy id\u0151ben sz\u00e1r\u00edthat\u00f3\" \/>\n<meta property=\"og:url\" content=\"https:\/\/varjasfutofolia.hu\/en\/termek\/adax-cipo-szarito-200w\/\" \/>\n<meta property=\"og:site_name\" content=\"Varjas F\u0171t\u0151f\u00f3lia\" \/>\n<meta property=\"article:modified_time\" content=\"2025-09-28T01:10:12+00:00\" \/>\n<meta name=\"twitter:card\" content=\"summary_large_image\" \/>\n<script type=\"application\/ld+json\" class=\"yoast-schema-graph\">{\"@context\":\"https:\/\/schema.org\",\"@graph\":[{\"@type\":\"WebPage\",\"@id\":\"https:\/\/varjasfutofolia.hu\/termek\/adax-cipo-szarito-200w\/\",\"url\":\"https:\/\/varjasfutofolia.hu\/termek\/adax-cipo-szarito-200w\/\",\"name\":\"Adax Cip\u0151 sz\u00e1r\u00edt\u00f3 200w - Varjas F\u0171t\u0151f\u00f3lia\",\"isPartOf\":{\"@id\":\"https:\/\/varjasfutofolia.hu\/#website\"},\"primaryImageOfPage\":{\"@id\":\"https:\/\/varjasfutofolia.hu\/termek\/adax-cipo-szarito-200w\/#primaryimage\"},\"image\":{\"@id\":\"https:\/\/varjasfutofolia.hu\/termek\/adax-cipo-szarito-200w\/#primaryimage\"},\"thumbnailUrl\":\"https:\/\/varjasfutofolia.hu\/wp-content\/uploads\/2021\/11\/Adax-elektromos-ciposzarito.jpg\",\"datePublished\":\"2024-12-01T23:01:32+00:00\",\"dateModified\":\"2025-09-28T01:10:12+00:00\",\"breadcrumb\":{\"@id\":\"https:\/\/varjasfutofolia.hu\/termek\/adax-cipo-szarito-200w\/#breadcrumb\"},\"inLanguage\":\"en-US\",\"potentialAction\":[{\"@type\":\"ReadAction\",\"target\":[\"https:\/\/varjasfutofolia.hu\/termek\/adax-cipo-szarito-200w\/\"]}]},{\"@type\":\"ImageObject\",\"inLanguage\":\"en-US\",\"@id\":\"https:\/\/varjasfutofolia.hu\/termek\/adax-cipo-szarito-200w\/#primaryimage\",\"url\":\"https:\/\/varjasfutofolia.hu\/wp-content\/uploads\/2021\/11\/Adax-elektromos-ciposzarito.jpg\",\"contentUrl\":\"https:\/\/varjasfutofolia.hu\/wp-content\/uploads\/2021\/11\/Adax-elektromos-ciposzarito.jpg\",\"width\":600,\"height\":600},{\"@type\":\"BreadcrumbList\",\"@id\":\"https:\/\/varjasfutofolia.hu\/termek\/adax-cipo-szarito-200w\/#breadcrumb\",\"itemListElement\":[{\"@type\":\"ListItem\",\"position\":1,\"name\":\"Kezd\u0151lap\",\"item\":\"https:\/\/varjasfutofolia.hu\/\"},{\"@type\":\"ListItem\",\"position\":2,\"name\":\"\u00dczlet\",\"item\":\"https:\/\/varjasfutofolia.hu\/uzlet\/\"},{\"@type\":\"ListItem\",\"position\":3,\"name\":\"Adax Cip\u0151 sz\u00e1r\u00edt\u00f3 200w\"}]},{\"@type\":\"WebSite\",\"@id\":\"https:\/\/varjasfutofolia.hu\/#website\",\"url\":\"https:\/\/varjasfutofolia.hu\/\",\"name\":\"Varjas F\u0171t\u0151f\u00f3lia\",\"description\":\"A Nap melege az \u00d6n otthon\u00e1ban\",\"potentialAction\":[{\"@type\":\"SearchAction\",\"target\":{\"@type\":\"EntryPoint\",\"urlTemplate\":\"https:\/\/varjasfutofolia.hu\/?s={search_term_string}\"},\"query-input\":{\"@type\":\"PropertyValueSpecification\",\"valueRequired\":true,\"valueName\":\"search_term_string\"}}],\"inLanguage\":\"en-US\"}]}<\/script>\n<!-- \/ Yoast SEO plugin. -->","yoast_head_json":{"title":"Adax Cip\u0151 sz\u00e1r\u00edt\u00f3 200w - Varjas F\u0171t\u0151f\u00f3lia","robots":{"index":"index","follow":"follow","max-snippet":"max-snippet:-1","max-image-preview":"max-image-preview:large","max-video-preview":"max-video-preview:-1"},"canonical":"https:\/\/varjasfutofolia.hu\/en\/termek\/adax-cipo-szarito-200w\/","og_locale":"en_US","og_type":"article","og_title":"Adax Cip\u0151 sz\u00e1r\u00edt\u00f3 200w - Varjas F\u0171t\u0151f\u00f3lia","og_description":"Hossz\u00fas\u00e1g: 250 mm  Magass\u00e1g: 350 mm  Teljes\u00edtm\u00e9ny: 220 W  Digit\u00e1lis kijelz\u0151  4 f\u0171t\u0151cs\u0151, 2 p\u00e1r l\u00e1bbeli egy id\u0151ben sz\u00e1r\u00edthat\u00f3","og_url":"https:\/\/varjasfutofolia.hu\/en\/termek\/adax-cipo-szarito-200w\/","og_site_name":"Varjas F\u0171t\u0151f\u00f3lia","article_modified_time":"2025-09-28T01:10:12+00:00","twitter_card":"summary_large_image","schema":{"@context":"https:\/\/schema.org","@graph":[{"@type":"WebPage","@id":"https:\/\/varjasfutofolia.hu\/termek\/adax-cipo-szarito-200w\/","url":"https:\/\/varjasfutofolia.hu\/termek\/adax-cipo-szarito-200w\/","name":"Adax Cip\u0151 sz\u00e1r\u00edt\u00f3 200w - Varjas F\u0171t\u0151f\u00f3lia","isPartOf":{"@id":"https:\/\/varjasfutofolia.hu\/#website"},"primaryImageOfPage":{"@id":"https:\/\/varjasfutofolia.hu\/termek\/adax-cipo-szarito-200w\/#primaryimage"},"image":{"@id":"https:\/\/varjasfutofolia.hu\/termek\/adax-cipo-szarito-200w\/#primaryimage"},"thumbnailUrl":"https:\/\/varjasfutofolia.hu\/wp-content\/uploads\/2021\/11\/Adax-elektromos-ciposzarito.jpg","datePublished":"2024-12-01T23:01:32+00:00","dateModified":"2025-09-28T01:10:12+00:00","breadcrumb":{"@id":"https:\/\/varjasfutofolia.hu\/termek\/adax-cipo-szarito-200w\/#breadcrumb"},"inLanguage":"en-US","potentialAction":[{"@type":"ReadAction","target":["https:\/\/varjasfutofolia.hu\/termek\/adax-cipo-szarito-200w\/"]}]},{"@type":"ImageObject","inLanguage":"en-US","@id":"https:\/\/varjasfutofolia.hu\/termek\/adax-cipo-szarito-200w\/#primaryimage","url":"https:\/\/varjasfutofolia.hu\/wp-content\/uploads\/2021\/11\/Adax-elektromos-ciposzarito.jpg","contentUrl":"https:\/\/varjasfutofolia.hu\/wp-content\/uploads\/2021\/11\/Adax-elektromos-ciposzarito.jpg","width":600,"height":600},{"@type":"BreadcrumbList","@id":"https:\/\/varjasfutofolia.hu\/termek\/adax-cipo-szarito-200w\/#breadcrumb","itemListElement":[{"@type":"ListItem","position":1,"name":"Kezd\u0151lap","item":"https:\/\/varjasfutofolia.hu\/"},{"@type":"ListItem","position":2,"name":"\u00dczlet","item":"https:\/\/varjasfutofolia.hu\/uzlet\/"},{"@type":"ListItem","position":3,"name":"Adax Cip\u0151 sz\u00e1r\u00edt\u00f3 200w"}]},{"@type":"WebSite","@id":"https:\/\/varjasfutofolia.hu\/#website","url":"https:\/\/varjasfutofolia.hu\/","name":"Varjas F\u0171t\u0151f\u00f3lia","description":"A Nap melege az \u00d6n otthon\u00e1ban","potentialAction":[{"@type":"SearchAction","target":{"@type":"EntryPoint","urlTemplate":"https:\/\/varjasfutofolia.hu\/?s={search_term_string}"},"query-input":{"@type":"PropertyValueSpecification","valueRequired":true,"valueName":"search_term_string"}}],"inLanguage":"en-US"}]}},"_links":{"self":[{"href":"https:\/\/varjasfutofolia.hu\/en\/wp-json\/wp\/v2\/product\/9931535","targetHints":{"allow":["GET"]}}],"collection":[{"href":"https:\/\/varjasfutofolia.hu\/en\/wp-json\/wp\/v2\/product"}],"about":[{"href":"https:\/\/varjasfutofolia.hu\/en\/wp-json\/wp\/v2\/types\/product"}],"replies":[{"embeddable":true,"href":"https:\/\/varjasfutofolia.hu\/en\/wp-json\/wp\/v2\/comments?post=9931535"}],"wp:featuredmedia":[{"embeddable":true,"href":"https:\/\/varjasfutofolia.hu\/en\/wp-json\/wp\/v2\/media\/9920982"}],"wp:attachment":[{"href":"https:\/\/varjasfutofolia.hu\/en\/wp-json\/wp\/v2\/media?parent=9931535"}],"wp:term":[{"taxonomy":"product_brand","embeddable":true,"href":"https:\/\/varjasfutofolia.hu\/en\/wp-json\/wp\/v2\/product_brand?post=9931535"},{"taxonomy":"product_cat","embeddable":true,"href":"https:\/\/varjasfutofolia.hu\/en\/wp-json\/wp\/v2\/product_cat?post=9931535"},{"taxonomy":"product_tag","embeddable":true,"href":"https:\/\/varjasfutofolia.hu\/en\/wp-json\/wp\/v2\/product_tag?post=9931535"}],"curies":[{"name":"wp","href":"https:\/\/api.w.org\/{rel}","templated":true}]}}