{"id":9931534,"date":"2024-12-02T00:01:32","date_gmt":"2024-12-01T23:01:32","guid":{"rendered":"https:\/\/varjasfutofolia.hu\/?post_type=product&#038;p=9931534"},"modified":"2025-09-28T03:10:12","modified_gmt":"2025-09-28T01:10:12","slug":"t-mat-100-1-0-futohalo-futoszonyeg-1m2-100w","status":"publish","type":"product","link":"https:\/\/varjasfutofolia.hu\/en\/termek\/t-mat-100-1-0-futohalo-futoszonyeg-1m2-100w\/","title":{"rendered":"T-Mat-100-1.0 F\u0171t\u0151h\u00e1l\u00f3, f\u0171t\u0151sz\u0151nyeg 1m2 100w"},"content":{"rendered":"","protected":false},"excerpt":{"rendered":"<p>T\u00edpus: F\u0171t\u0151h\u00e1l\u00f3 \/ F\u0171t\u0151sz\u0151nyeg<br \/>\nFelhaszn\u00e1l\u00e1s: Padl\u00f3f\u0171t\u00e9s hidegburkolat al\u00e1<br \/>\nTeljes\u00edtm\u00e9ny \/ Watt: 100 Watt<br \/>\nTeljes\u00edtm\u00e9ny \/ Amper: 0,43 A<br \/>\nSz\u00e9less\u00e9g: 50 cm<br \/>\nHossz\u00fas\u00e1g: 2m<br \/>\nVastags\u00e1g: 3,8 mm<br \/>\nTeljes\u00edtm\u00e9ny \/ m2: 100 Watt<br \/>\n\u00dczemi h\u0151m\u00e9rs\u00e9klet: 26-29 C<br \/>\nVez\u00e9rl\u00e9s: Padl\u00f3 \u00e9rz\u00e9kel\u0151s termoszt\u00e1ttal<br \/>\nHideg vezet\u00e9k hossza: 2,5 m<br \/>\nFesz\u00fclts\u00e9g: 230V<br \/>\nGarancia: 10 \u00e9v<\/p>\n","protected":false},"featured_media":9920862,"comment_status":"open","ping_status":"closed","template":"","meta":{"_et_pb_use_builder":"","_et_pb_old_content":"","_et_gb_content_width":""},"product_brand":[],"product_cat":[43,53],"product_tag":[41,46,47],"class_list":{"0":"post-9931534","1":"product","2":"type-product","3":"status-publish","4":"has-post-thumbnail","6":"product_cat-futoszonyeg","7":"product_cat-futoszonyeg-100-w-m2","8":"product_tag-elektromos-futes","9":"product_tag-futohalo","10":"product_tag-futoszonyeg","12":"first","13":"instock","14":"taxable","15":"shipping-taxable","16":"purchasable","17":"product-type-simple"},"yoast_head":"<!-- This site is optimized with the Yoast SEO plugin v26.0 - https:\/\/yoast.com\/wordpress\/plugins\/seo\/ -->\n<title>T-Mat-100-1.0 F\u0171t\u0151h\u00e1l\u00f3, f\u0171t\u0151sz\u0151nyeg 1m2 100w - Varjas F\u0171t\u0151f\u00f3lia<\/title>\n<meta name=\"robots\" content=\"index, follow, max-snippet:-1, max-image-preview:large, max-video-preview:-1\" \/>\n<link rel=\"canonical\" href=\"https:\/\/varjasfutofolia.hu\/en\/termek\/t-mat-100-1-0-futohalo-futoszonyeg-1m2-100w\/\" \/>\n<meta property=\"og:locale\" content=\"en_US\" \/>\n<meta property=\"og:locale:alternate\" content=\"hu_HU\" \/>\n<meta property=\"og:locale:alternate\" content=\"de_DE\" \/>\n<meta property=\"og:type\" content=\"article\" \/>\n<meta property=\"og:title\" content=\"T-Mat-100-1.0 F\u0171t\u0151h\u00e1l\u00f3, f\u0171t\u0151sz\u0151nyeg 1m2 100w - Varjas F\u0171t\u0151f\u00f3lia\" \/>\n<meta property=\"og:description\" content=\"T\u00edpus: F\u0171t\u0151h\u00e1l\u00f3 \/ F\u0171t\u0151sz\u0151nyeg Felhaszn\u00e1l\u00e1s: Padl\u00f3f\u0171t\u00e9s hidegburkolat al\u00e1 Teljes\u00edtm\u00e9ny \/ Watt: 100 Watt Teljes\u00edtm\u00e9ny \/ Amper: 0,43 A Sz\u00e9less\u00e9g: 50 cm Hossz\u00fas\u00e1g: 2m Vastags\u00e1g: 3,8 mm Teljes\u00edtm\u00e9ny \/ m2: 100 Watt \u00dczemi h\u0151m\u00e9rs\u00e9klet: 26-29 C Vez\u00e9rl\u00e9s: Padl\u00f3 \u00e9rz\u00e9kel\u0151s termoszt\u00e1ttal Hideg vezet\u00e9k hossza: 2,5 m Fesz\u00fclts\u00e9g: 230V Garancia: 10 \u00e9v\" \/>\n<meta property=\"og:url\" content=\"https:\/\/varjasfutofolia.hu\/en\/termek\/t-mat-100-1-0-futohalo-futoszonyeg-1m2-100w\/\" \/>\n<meta property=\"og:site_name\" content=\"Varjas F\u0171t\u0151f\u00f3lia\" \/>\n<meta property=\"article:modified_time\" content=\"2025-09-28T01:10:12+00:00\" \/>\n<meta name=\"twitter:card\" content=\"summary_large_image\" \/>\n<script type=\"application\/ld+json\" class=\"yoast-schema-graph\">{\"@context\":\"https:\/\/schema.org\",\"@graph\":[{\"@type\":\"WebPage\",\"@id\":\"https:\/\/varjasfutofolia.hu\/termek\/t-mat-100-1-0-futohalo-futoszonyeg-1m2-100w\/\",\"url\":\"https:\/\/varjasfutofolia.hu\/termek\/t-mat-100-1-0-futohalo-futoszonyeg-1m2-100w\/\",\"name\":\"T-Mat-100-1.0 F\u0171t\u0151h\u00e1l\u00f3, f\u0171t\u0151sz\u0151nyeg 1m2 100w - Varjas F\u0171t\u0151f\u00f3lia\",\"isPartOf\":{\"@id\":\"https:\/\/varjasfutofolia.hu\/#website\"},\"primaryImageOfPage\":{\"@id\":\"https:\/\/varjasfutofolia.hu\/termek\/t-mat-100-1-0-futohalo-futoszonyeg-1m2-100w\/#primaryimage\"},\"image\":{\"@id\":\"https:\/\/varjasfutofolia.hu\/termek\/t-mat-100-1-0-futohalo-futoszonyeg-1m2-100w\/#primaryimage\"},\"thumbnailUrl\":\"https:\/\/varjasfutofolia.hu\/wp-content\/uploads\/2021\/11\/futohalo-futoszonyeg-2.jpg\",\"datePublished\":\"2024-12-01T23:01:32+00:00\",\"dateModified\":\"2025-09-28T01:10:12+00:00\",\"breadcrumb\":{\"@id\":\"https:\/\/varjasfutofolia.hu\/termek\/t-mat-100-1-0-futohalo-futoszonyeg-1m2-100w\/#breadcrumb\"},\"inLanguage\":\"en-US\",\"potentialAction\":[{\"@type\":\"ReadAction\",\"target\":[\"https:\/\/varjasfutofolia.hu\/termek\/t-mat-100-1-0-futohalo-futoszonyeg-1m2-100w\/\"]}]},{\"@type\":\"ImageObject\",\"inLanguage\":\"en-US\",\"@id\":\"https:\/\/varjasfutofolia.hu\/termek\/t-mat-100-1-0-futohalo-futoszonyeg-1m2-100w\/#primaryimage\",\"url\":\"https:\/\/varjasfutofolia.hu\/wp-content\/uploads\/2021\/11\/futohalo-futoszonyeg-2.jpg\",\"contentUrl\":\"https:\/\/varjasfutofolia.hu\/wp-content\/uploads\/2021\/11\/futohalo-futoszonyeg-2.jpg\",\"width\":582,\"height\":405},{\"@type\":\"BreadcrumbList\",\"@id\":\"https:\/\/varjasfutofolia.hu\/termek\/t-mat-100-1-0-futohalo-futoszonyeg-1m2-100w\/#breadcrumb\",\"itemListElement\":[{\"@type\":\"ListItem\",\"position\":1,\"name\":\"Kezd\u0151lap\",\"item\":\"https:\/\/varjasfutofolia.hu\/\"},{\"@type\":\"ListItem\",\"position\":2,\"name\":\"\u00dczlet\",\"item\":\"https:\/\/varjasfutofolia.hu\/uzlet\/\"},{\"@type\":\"ListItem\",\"position\":3,\"name\":\"T-Mat-100-1.0 F\u0171t\u0151h\u00e1l\u00f3, f\u0171t\u0151sz\u0151nyeg 1m2 100w\"}]},{\"@type\":\"WebSite\",\"@id\":\"https:\/\/varjasfutofolia.hu\/#website\",\"url\":\"https:\/\/varjasfutofolia.hu\/\",\"name\":\"Varjas F\u0171t\u0151f\u00f3lia\",\"description\":\"A Nap melege az \u00d6n otthon\u00e1ban\",\"potentialAction\":[{\"@type\":\"SearchAction\",\"target\":{\"@type\":\"EntryPoint\",\"urlTemplate\":\"https:\/\/varjasfutofolia.hu\/?s={search_term_string}\"},\"query-input\":{\"@type\":\"PropertyValueSpecification\",\"valueRequired\":true,\"valueName\":\"search_term_string\"}}],\"inLanguage\":\"en-US\"}]}<\/script>\n<!-- \/ Yoast SEO plugin. -->","yoast_head_json":{"title":"T-Mat-100-1.0 F\u0171t\u0151h\u00e1l\u00f3, f\u0171t\u0151sz\u0151nyeg 1m2 100w - Varjas F\u0171t\u0151f\u00f3lia","robots":{"index":"index","follow":"follow","max-snippet":"max-snippet:-1","max-image-preview":"max-image-preview:large","max-video-preview":"max-video-preview:-1"},"canonical":"https:\/\/varjasfutofolia.hu\/en\/termek\/t-mat-100-1-0-futohalo-futoszonyeg-1m2-100w\/","og_locale":"en_US","og_type":"article","og_title":"T-Mat-100-1.0 F\u0171t\u0151h\u00e1l\u00f3, f\u0171t\u0151sz\u0151nyeg 1m2 100w - Varjas F\u0171t\u0151f\u00f3lia","og_description":"T\u00edpus: F\u0171t\u0151h\u00e1l\u00f3 \/ F\u0171t\u0151sz\u0151nyeg Felhaszn\u00e1l\u00e1s: Padl\u00f3f\u0171t\u00e9s hidegburkolat al\u00e1 Teljes\u00edtm\u00e9ny \/ Watt: 100 Watt Teljes\u00edtm\u00e9ny \/ Amper: 0,43 A Sz\u00e9less\u00e9g: 50 cm Hossz\u00fas\u00e1g: 2m Vastags\u00e1g: 3,8 mm Teljes\u00edtm\u00e9ny \/ m2: 100 Watt \u00dczemi h\u0151m\u00e9rs\u00e9klet: 26-29 C Vez\u00e9rl\u00e9s: Padl\u00f3 \u00e9rz\u00e9kel\u0151s termoszt\u00e1ttal Hideg vezet\u00e9k hossza: 2,5 m Fesz\u00fclts\u00e9g: 230V Garancia: 10 \u00e9v","og_url":"https:\/\/varjasfutofolia.hu\/en\/termek\/t-mat-100-1-0-futohalo-futoszonyeg-1m2-100w\/","og_site_name":"Varjas F\u0171t\u0151f\u00f3lia","article_modified_time":"2025-09-28T01:10:12+00:00","twitter_card":"summary_large_image","schema":{"@context":"https:\/\/schema.org","@graph":[{"@type":"WebPage","@id":"https:\/\/varjasfutofolia.hu\/termek\/t-mat-100-1-0-futohalo-futoszonyeg-1m2-100w\/","url":"https:\/\/varjasfutofolia.hu\/termek\/t-mat-100-1-0-futohalo-futoszonyeg-1m2-100w\/","name":"T-Mat-100-1.0 F\u0171t\u0151h\u00e1l\u00f3, f\u0171t\u0151sz\u0151nyeg 1m2 100w - Varjas F\u0171t\u0151f\u00f3lia","isPartOf":{"@id":"https:\/\/varjasfutofolia.hu\/#website"},"primaryImageOfPage":{"@id":"https:\/\/varjasfutofolia.hu\/termek\/t-mat-100-1-0-futohalo-futoszonyeg-1m2-100w\/#primaryimage"},"image":{"@id":"https:\/\/varjasfutofolia.hu\/termek\/t-mat-100-1-0-futohalo-futoszonyeg-1m2-100w\/#primaryimage"},"thumbnailUrl":"https:\/\/varjasfutofolia.hu\/wp-content\/uploads\/2021\/11\/futohalo-futoszonyeg-2.jpg","datePublished":"2024-12-01T23:01:32+00:00","dateModified":"2025-09-28T01:10:12+00:00","breadcrumb":{"@id":"https:\/\/varjasfutofolia.hu\/termek\/t-mat-100-1-0-futohalo-futoszonyeg-1m2-100w\/#breadcrumb"},"inLanguage":"en-US","potentialAction":[{"@type":"ReadAction","target":["https:\/\/varjasfutofolia.hu\/termek\/t-mat-100-1-0-futohalo-futoszonyeg-1m2-100w\/"]}]},{"@type":"ImageObject","inLanguage":"en-US","@id":"https:\/\/varjasfutofolia.hu\/termek\/t-mat-100-1-0-futohalo-futoszonyeg-1m2-100w\/#primaryimage","url":"https:\/\/varjasfutofolia.hu\/wp-content\/uploads\/2021\/11\/futohalo-futoszonyeg-2.jpg","contentUrl":"https:\/\/varjasfutofolia.hu\/wp-content\/uploads\/2021\/11\/futohalo-futoszonyeg-2.jpg","width":582,"height":405},{"@type":"BreadcrumbList","@id":"https:\/\/varjasfutofolia.hu\/termek\/t-mat-100-1-0-futohalo-futoszonyeg-1m2-100w\/#breadcrumb","itemListElement":[{"@type":"ListItem","position":1,"name":"Kezd\u0151lap","item":"https:\/\/varjasfutofolia.hu\/"},{"@type":"ListItem","position":2,"name":"\u00dczlet","item":"https:\/\/varjasfutofolia.hu\/uzlet\/"},{"@type":"ListItem","position":3,"name":"T-Mat-100-1.0 F\u0171t\u0151h\u00e1l\u00f3, f\u0171t\u0151sz\u0151nyeg 1m2 100w"}]},{"@type":"WebSite","@id":"https:\/\/varjasfutofolia.hu\/#website","url":"https:\/\/varjasfutofolia.hu\/","name":"Varjas F\u0171t\u0151f\u00f3lia","description":"A Nap melege az \u00d6n otthon\u00e1ban","potentialAction":[{"@type":"SearchAction","target":{"@type":"EntryPoint","urlTemplate":"https:\/\/varjasfutofolia.hu\/?s={search_term_string}"},"query-input":{"@type":"PropertyValueSpecification","valueRequired":true,"valueName":"search_term_string"}}],"inLanguage":"en-US"}]}},"_links":{"self":[{"href":"https:\/\/varjasfutofolia.hu\/en\/wp-json\/wp\/v2\/product\/9931534","targetHints":{"allow":["GET"]}}],"collection":[{"href":"https:\/\/varjasfutofolia.hu\/en\/wp-json\/wp\/v2\/product"}],"about":[{"href":"https:\/\/varjasfutofolia.hu\/en\/wp-json\/wp\/v2\/types\/product"}],"replies":[{"embeddable":true,"href":"https:\/\/varjasfutofolia.hu\/en\/wp-json\/wp\/v2\/comments?post=9931534"}],"wp:featuredmedia":[{"embeddable":true,"href":"https:\/\/varjasfutofolia.hu\/en\/wp-json\/wp\/v2\/media\/9920862"}],"wp:attachment":[{"href":"https:\/\/varjasfutofolia.hu\/en\/wp-json\/wp\/v2\/media?parent=9931534"}],"wp:term":[{"taxonomy":"product_brand","embeddable":true,"href":"https:\/\/varjasfutofolia.hu\/en\/wp-json\/wp\/v2\/product_brand?post=9931534"},{"taxonomy":"product_cat","embeddable":true,"href":"https:\/\/varjasfutofolia.hu\/en\/wp-json\/wp\/v2\/product_cat?post=9931534"},{"taxonomy":"product_tag","embeddable":true,"href":"https:\/\/varjasfutofolia.hu\/en\/wp-json\/wp\/v2\/product_tag?post=9931534"}],"curies":[{"name":"wp","href":"https:\/\/api.w.org\/{rel}","templated":true}]}}