{"id":9931513,"date":"2024-12-02T00:01:24","date_gmt":"2024-12-01T23:01:24","guid":{"rendered":"https:\/\/varjasfutofolia.hu\/?post_type=product&#038;p=9931513"},"modified":"2025-09-28T03:10:13","modified_gmt":"2025-09-28T01:10:13","slug":"futohalo-javito-keszlet","status":"publish","type":"product","link":"https:\/\/varjasfutofolia.hu\/en\/termek\/futohalo-javito-keszlet\/","title":{"rendered":"F\u0171t\u0151h\u00e1l\u00f3 jav\u00edt\u00f3 k\u00e9szlet"},"content":{"rendered":"<p>F\u0171t\u0151h\u00e1l\u00f3 jav\u00edt\u00f3 k\u00e9szlet<\/p>\n","protected":false},"excerpt":{"rendered":"<p>F\u0171t\u0151h\u00e1l\u00f3 jav\u00edt\u00f3 k\u00e9szlet<\/p>\n","protected":false},"featured_media":9920958,"comment_status":"open","ping_status":"closed","template":"","meta":{"_et_pb_use_builder":"","_et_pb_old_content":"","_et_gb_content_width":""},"product_brand":[],"product_cat":[43,53,49,45],"product_tag":[41,46,47],"class_list":{"0":"post-9931513","1":"product","2":"type-product","3":"status-publish","4":"has-post-thumbnail","6":"product_cat-futoszonyeg","7":"product_cat-futoszonyeg-100-w-m2","8":"product_cat-futoszonyeg-150w-m2","9":"product_cat-futoszonyeg-200w-m2","10":"product_tag-elektromos-futes","11":"product_tag-futohalo","12":"product_tag-futoszonyeg","14":"first","15":"instock","16":"taxable","17":"shipping-taxable","18":"purchasable","19":"product-type-simple"},"yoast_head":"<!-- This site is optimized with the Yoast SEO plugin v26.0 - https:\/\/yoast.com\/wordpress\/plugins\/seo\/ -->\n<title>F\u0171t\u0151h\u00e1l\u00f3 jav\u00edt\u00f3 k\u00e9szlet - Varjas F\u0171t\u0151f\u00f3lia<\/title>\n<meta name=\"robots\" content=\"index, follow, max-snippet:-1, max-image-preview:large, max-video-preview:-1\" \/>\n<link rel=\"canonical\" href=\"https:\/\/varjasfutofolia.hu\/en\/termek\/futohalo-javito-keszlet\/\" \/>\n<meta property=\"og:locale\" content=\"en_US\" \/>\n<meta property=\"og:locale:alternate\" content=\"hu_HU\" \/>\n<meta property=\"og:locale:alternate\" content=\"de_DE\" \/>\n<meta property=\"og:type\" content=\"article\" \/>\n<meta property=\"og:title\" content=\"F\u0171t\u0151h\u00e1l\u00f3 jav\u00edt\u00f3 k\u00e9szlet - Varjas F\u0171t\u0151f\u00f3lia\" \/>\n<meta property=\"og:description\" content=\"F\u0171t\u0151h\u00e1l\u00f3 jav\u00edt\u00f3 k\u00e9szlet\" \/>\n<meta property=\"og:url\" content=\"https:\/\/varjasfutofolia.hu\/en\/termek\/futohalo-javito-keszlet\/\" \/>\n<meta property=\"og:site_name\" content=\"Varjas F\u0171t\u0151f\u00f3lia\" \/>\n<meta property=\"article:modified_time\" content=\"2025-09-28T01:10:13+00:00\" \/>\n<meta name=\"twitter:card\" content=\"summary_large_image\" \/>\n<script type=\"application\/ld+json\" class=\"yoast-schema-graph\">{\"@context\":\"https:\/\/schema.org\",\"@graph\":[{\"@type\":\"WebPage\",\"@id\":\"https:\/\/varjasfutofolia.hu\/termek\/futohalo-javito-keszlet\/\",\"url\":\"https:\/\/varjasfutofolia.hu\/termek\/futohalo-javito-keszlet\/\",\"name\":\"F\u0171t\u0151h\u00e1l\u00f3 jav\u00edt\u00f3 k\u00e9szlet - Varjas F\u0171t\u0151f\u00f3lia\",\"isPartOf\":{\"@id\":\"https:\/\/varjasfutofolia.hu\/#website\"},\"primaryImageOfPage\":{\"@id\":\"https:\/\/varjasfutofolia.hu\/termek\/futohalo-javito-keszlet\/#primaryimage\"},\"image\":{\"@id\":\"https:\/\/varjasfutofolia.hu\/termek\/futohalo-javito-keszlet\/#primaryimage\"},\"thumbnailUrl\":\"https:\/\/varjasfutofolia.hu\/wp-content\/uploads\/2021\/11\/futohalo_javito1.png\",\"datePublished\":\"2024-12-01T23:01:24+00:00\",\"dateModified\":\"2025-09-28T01:10:13+00:00\",\"breadcrumb\":{\"@id\":\"https:\/\/varjasfutofolia.hu\/termek\/futohalo-javito-keszlet\/#breadcrumb\"},\"inLanguage\":\"en-US\",\"potentialAction\":[{\"@type\":\"ReadAction\",\"target\":[\"https:\/\/varjasfutofolia.hu\/termek\/futohalo-javito-keszlet\/\"]}]},{\"@type\":\"ImageObject\",\"inLanguage\":\"en-US\",\"@id\":\"https:\/\/varjasfutofolia.hu\/termek\/futohalo-javito-keszlet\/#primaryimage\",\"url\":\"https:\/\/varjasfutofolia.hu\/wp-content\/uploads\/2021\/11\/futohalo_javito1.png\",\"contentUrl\":\"https:\/\/varjasfutofolia.hu\/wp-content\/uploads\/2021\/11\/futohalo_javito1.png\",\"width\":544,\"height\":390},{\"@type\":\"BreadcrumbList\",\"@id\":\"https:\/\/varjasfutofolia.hu\/termek\/futohalo-javito-keszlet\/#breadcrumb\",\"itemListElement\":[{\"@type\":\"ListItem\",\"position\":1,\"name\":\"Kezd\u0151lap\",\"item\":\"https:\/\/varjasfutofolia.hu\/\"},{\"@type\":\"ListItem\",\"position\":2,\"name\":\"\u00dczlet\",\"item\":\"https:\/\/varjasfutofolia.hu\/uzlet\/\"},{\"@type\":\"ListItem\",\"position\":3,\"name\":\"F\u0171t\u0151h\u00e1l\u00f3 jav\u00edt\u00f3 k\u00e9szlet\"}]},{\"@type\":\"WebSite\",\"@id\":\"https:\/\/varjasfutofolia.hu\/#website\",\"url\":\"https:\/\/varjasfutofolia.hu\/\",\"name\":\"Varjas F\u0171t\u0151f\u00f3lia\",\"description\":\"A Nap melege az \u00d6n otthon\u00e1ban\",\"potentialAction\":[{\"@type\":\"SearchAction\",\"target\":{\"@type\":\"EntryPoint\",\"urlTemplate\":\"https:\/\/varjasfutofolia.hu\/?s={search_term_string}\"},\"query-input\":{\"@type\":\"PropertyValueSpecification\",\"valueRequired\":true,\"valueName\":\"search_term_string\"}}],\"inLanguage\":\"en-US\"}]}<\/script>\n<!-- \/ Yoast SEO plugin. -->","yoast_head_json":{"title":"F\u0171t\u0151h\u00e1l\u00f3 jav\u00edt\u00f3 k\u00e9szlet - Varjas F\u0171t\u0151f\u00f3lia","robots":{"index":"index","follow":"follow","max-snippet":"max-snippet:-1","max-image-preview":"max-image-preview:large","max-video-preview":"max-video-preview:-1"},"canonical":"https:\/\/varjasfutofolia.hu\/en\/termek\/futohalo-javito-keszlet\/","og_locale":"en_US","og_type":"article","og_title":"F\u0171t\u0151h\u00e1l\u00f3 jav\u00edt\u00f3 k\u00e9szlet - Varjas F\u0171t\u0151f\u00f3lia","og_description":"F\u0171t\u0151h\u00e1l\u00f3 jav\u00edt\u00f3 k\u00e9szlet","og_url":"https:\/\/varjasfutofolia.hu\/en\/termek\/futohalo-javito-keszlet\/","og_site_name":"Varjas F\u0171t\u0151f\u00f3lia","article_modified_time":"2025-09-28T01:10:13+00:00","twitter_card":"summary_large_image","schema":{"@context":"https:\/\/schema.org","@graph":[{"@type":"WebPage","@id":"https:\/\/varjasfutofolia.hu\/termek\/futohalo-javito-keszlet\/","url":"https:\/\/varjasfutofolia.hu\/termek\/futohalo-javito-keszlet\/","name":"F\u0171t\u0151h\u00e1l\u00f3 jav\u00edt\u00f3 k\u00e9szlet - Varjas F\u0171t\u0151f\u00f3lia","isPartOf":{"@id":"https:\/\/varjasfutofolia.hu\/#website"},"primaryImageOfPage":{"@id":"https:\/\/varjasfutofolia.hu\/termek\/futohalo-javito-keszlet\/#primaryimage"},"image":{"@id":"https:\/\/varjasfutofolia.hu\/termek\/futohalo-javito-keszlet\/#primaryimage"},"thumbnailUrl":"https:\/\/varjasfutofolia.hu\/wp-content\/uploads\/2021\/11\/futohalo_javito1.png","datePublished":"2024-12-01T23:01:24+00:00","dateModified":"2025-09-28T01:10:13+00:00","breadcrumb":{"@id":"https:\/\/varjasfutofolia.hu\/termek\/futohalo-javito-keszlet\/#breadcrumb"},"inLanguage":"en-US","potentialAction":[{"@type":"ReadAction","target":["https:\/\/varjasfutofolia.hu\/termek\/futohalo-javito-keszlet\/"]}]},{"@type":"ImageObject","inLanguage":"en-US","@id":"https:\/\/varjasfutofolia.hu\/termek\/futohalo-javito-keszlet\/#primaryimage","url":"https:\/\/varjasfutofolia.hu\/wp-content\/uploads\/2021\/11\/futohalo_javito1.png","contentUrl":"https:\/\/varjasfutofolia.hu\/wp-content\/uploads\/2021\/11\/futohalo_javito1.png","width":544,"height":390},{"@type":"BreadcrumbList","@id":"https:\/\/varjasfutofolia.hu\/termek\/futohalo-javito-keszlet\/#breadcrumb","itemListElement":[{"@type":"ListItem","position":1,"name":"Kezd\u0151lap","item":"https:\/\/varjasfutofolia.hu\/"},{"@type":"ListItem","position":2,"name":"\u00dczlet","item":"https:\/\/varjasfutofolia.hu\/uzlet\/"},{"@type":"ListItem","position":3,"name":"F\u0171t\u0151h\u00e1l\u00f3 jav\u00edt\u00f3 k\u00e9szlet"}]},{"@type":"WebSite","@id":"https:\/\/varjasfutofolia.hu\/#website","url":"https:\/\/varjasfutofolia.hu\/","name":"Varjas F\u0171t\u0151f\u00f3lia","description":"A Nap melege az \u00d6n otthon\u00e1ban","potentialAction":[{"@type":"SearchAction","target":{"@type":"EntryPoint","urlTemplate":"https:\/\/varjasfutofolia.hu\/?s={search_term_string}"},"query-input":{"@type":"PropertyValueSpecification","valueRequired":true,"valueName":"search_term_string"}}],"inLanguage":"en-US"}]}},"_links":{"self":[{"href":"https:\/\/varjasfutofolia.hu\/en\/wp-json\/wp\/v2\/product\/9931513","targetHints":{"allow":["GET"]}}],"collection":[{"href":"https:\/\/varjasfutofolia.hu\/en\/wp-json\/wp\/v2\/product"}],"about":[{"href":"https:\/\/varjasfutofolia.hu\/en\/wp-json\/wp\/v2\/types\/product"}],"replies":[{"embeddable":true,"href":"https:\/\/varjasfutofolia.hu\/en\/wp-json\/wp\/v2\/comments?post=9931513"}],"wp:featuredmedia":[{"embeddable":true,"href":"https:\/\/varjasfutofolia.hu\/en\/wp-json\/wp\/v2\/media\/9920958"}],"wp:attachment":[{"href":"https:\/\/varjasfutofolia.hu\/en\/wp-json\/wp\/v2\/media?parent=9931513"}],"wp:term":[{"taxonomy":"product_brand","embeddable":true,"href":"https:\/\/varjasfutofolia.hu\/en\/wp-json\/wp\/v2\/product_brand?post=9931513"},{"taxonomy":"product_cat","embeddable":true,"href":"https:\/\/varjasfutofolia.hu\/en\/wp-json\/wp\/v2\/product_cat?post=9931513"},{"taxonomy":"product_tag","embeddable":true,"href":"https:\/\/varjasfutofolia.hu\/en\/wp-json\/wp\/v2\/product_tag?post=9931513"}],"curies":[{"name":"wp","href":"https:\/\/api.w.org\/{rel}","templated":true}]}}