{"id":9931511,"date":"2024-12-02T00:01:24","date_gmt":"2024-12-01T23:01:24","guid":{"rendered":"https:\/\/varjasfutofolia.hu\/?post_type=product&#038;p=9931511"},"modified":"2025-09-28T03:10:13","modified_gmt":"2025-09-28T01:10:13","slug":"phc15-7-fagyvedelmi-futokabel-7-meter","status":"publish","type":"product","link":"https:\/\/varjasfutofolia.hu\/en\/termek\/phc15-7-fagyvedelmi-futokabel-7-meter\/","title":{"rendered":"PHC15-7 Fagyv\u00e9delmi f\u0171t\u0151k\u00e1bel 7 m\u00e9ter"},"content":{"rendered":"<p>PHC15-8 Fagyv\u00e9delmi f\u0171t\u0151k\u00e1bel 8 m\u00e9ter<\/p>\n<p>&nbsp;<\/p>\n<p>Fagyv\u00e9delmi f\u0171t\u0151k\u00e1bel: k\u00fclt\u00e9ri v\u00edzcs\u00f6vek, kerti csapok, \u00f6nt\u00f6z\u0151rendszerek, egy\u00e9b v\u00edzvezet\u00e9kek fagyt\u00f3l val\u00f3 meg\u00f3v\u00e1s\u00e1ra szolg\u00e1l. 120 Watt teljes\u00edtm\u00e9ny\u0171, hossza 8 m\u00e9ter.<\/p>\n<p>&nbsp;<\/p>\n<p>&nbsp;<\/p>\n<table border=\"3\" align=\"center\">\n<tbody>\n<tr>\n<td>Teljes\u00edtm\u00e9ny<\/td>\n<td>15W\/m\u00e9ter 120W<\/td>\n<\/tr>\n<tr>\n<td>M\u00e9ret7<\/td>\n<td>\u00a0m\u00e9ter<\/td>\n<\/tr>\n<tr>\n<td>Vezet\u00e9k szigetel\u00e9se<\/td>\n<td>XLPE szigetel\u00e9s<\/td>\n<\/tr>\n<tr>\n<td>K\u00fcls\u0151 bor\u00edt\u00e1s szigetel\u00e9se<\/td>\n<td>dupla szigetel\u00e9s PVC<\/td>\n<\/tr>\n<tr>\n<td>Elhelyez\u00e9s,haszn\u00e1lat<\/td>\n<td>cs\u0151v,csap v\u00e9delem,+cs\u0151h\u00e9lyszigetel\u00e9sben<\/td>\n<\/tr>\n<tr>\n<td>Vez\u00e9rl\u00e9s<\/td>\n<td>termoszt\u00e1ttal\/ bels\u0151 v\u00edzh\u0151fok szerint kapcsol<\/td>\n<\/tr>\n<tr>\n<td>Csatlakoz\u00e1s<\/td>\n<td>EU Plug 2m hossz\u00fa hidegvezet\u00e9kkel<\/td>\n<\/tr>\n<tr>\n<td>Tanus\u00edtv\u00e1ny<\/td>\n<td>CE Term\u00e9k j\u00f3t\u00e1ll\u00e1s id\u0151 1 \u00e9v<\/td>\n<\/tr>\n<\/tbody>\n<\/table>\n<p>&nbsp;<\/p>\n","protected":false},"excerpt":{"rendered":"<div class=\"data_tab_title\">Adatok<\/div>\n<div id=\"page_artdet_product_param_spec_2\">\n<table id=\"page_artdet_product_param_sepc_table\" border=\"0\" cellspacing=\"0\" cellpadding=\"0\">\n<tbody>\n<tr id=\"page_artdet_product_param_spec_111581\" class=\"page_artdet_product_param_spec_item\">\n<td class=\"page_artdet_product_param_spec_title text_normal\">\n<div>Felhaszn\u00e1l\u00e1s:<\/div>\n<\/td>\n<td class=\"page_artdet_product_param_spec_value text_normal\">\n<div>Cs\u0151, kerti csap, \u00f6nt\u00f6z\u0151 rendszer, itat\u00f3 rendszer fagyv\u00e9delem<\/div>\n<\/td>\n<\/tr>\n<tr id=\"page_artdet_product_param_spec_111539\" class=\"page_artdet_product_param_spec_item\">\n<td class=\"page_artdet_product_param_spec_title text_normal\">\n<div>Hossz\u00fas\u00e1g:<\/div>\n<\/td>\n<td class=\"page_artdet_product_param_spec_value text_normal\">\n<div>7 m\u00e9ter<\/div>\n<\/td>\n<\/tr>\n<tr id=\"page_artdet_product_param_spec_111548\" class=\"page_artdet_product_param_spec_item\">\n<td class=\"page_artdet_product_param_spec_title text_normal\">\n<div>Teljes\u00edtm\u00e9ny \/ foly\u00f3m\u00e9ter:<\/div>\n<\/td>\n<td class=\"page_artdet_product_param_spec_value text_normal\">\n<div>15 Watt<\/div>\n<\/td>\n<\/tr>\n<tr id=\"page_artdet_product_param_spec_111591\" class=\"page_artdet_product_param_spec_item\">\n<td class=\"page_artdet_product_param_spec_title text_normal\">\n<div>Teljes\u00edtm\u00e9ny \/ Watt:<\/div>\n<\/td>\n<td class=\"page_artdet_product_param_spec_value text_normal\">\n<div>105 Watt<\/div>\n<\/td>\n<\/tr>\n<tr id=\"page_artdet_product_param_spec_111542\" class=\"page_artdet_product_param_spec_item\">\n<td class=\"page_artdet_product_param_spec_title text_normal\">\n<div>Teljes\u00edtm\u00e9ny \/ Amper:<\/div>\n<\/td>\n<td class=\"page_artdet_product_param_spec_value text_normal\"><\/td>\n<\/tr>\n<tr id=\"page_artdet_product_param_spec_111558\" class=\"page_artdet_product_param_spec_item\">\n<td class=\"page_artdet_product_param_spec_title text_normal\">\n<div>Fesz\u00fclts\u00e9g:<\/div>\n<\/td>\n<td class=\"page_artdet_product_param_spec_value text_normal\">\n<div>230 V<\/div>\n<\/td>\n<\/tr>\n<tr id=\"page_artdet_product_param_spec_112302\" class=\"page_artdet_product_param_spec_item\">\n<td class=\"page_artdet_product_param_spec_title text_normal\">\n<div>Termoszt\u00e1t:<\/div>\n<\/td>\n<td class=\"page_artdet_product_param_spec_value text_normal\">\n<div>Be\u00e9p\u00edtett, automatikusan kapcsol<\/div>\n<\/td>\n<\/tr>\n<\/tbody>\n<\/table>\n<\/div>\n","protected":false},"featured_media":9920951,"comment_status":"open","ping_status":"closed","template":"","meta":{"_et_pb_use_builder":"","_et_pb_old_content":"","_et_gb_content_width":""},"product_brand":[],"product_cat":[51,50],"product_tag":[],"class_list":{"0":"post-9931511","1":"product","2":"type-product","3":"status-publish","4":"has-post-thumbnail","6":"product_cat-fagyvedelmi-futokabel","7":"product_cat-futokabel","9":"first","10":"instock","11":"taxable","12":"shipping-taxable","13":"purchasable","14":"product-type-simple"},"yoast_head":"<!-- This site is optimized with the Yoast SEO plugin v26.0 - https:\/\/yoast.com\/wordpress\/plugins\/seo\/ -->\n<title>PHC15-7 Fagyv\u00e9delmi f\u0171t\u0151k\u00e1bel 7 m\u00e9ter - Varjas F\u0171t\u0151f\u00f3lia<\/title>\n<meta name=\"robots\" content=\"index, follow, max-snippet:-1, max-image-preview:large, max-video-preview:-1\" \/>\n<link rel=\"canonical\" href=\"https:\/\/varjasfutofolia.hu\/en\/termek\/phc15-7-fagyvedelmi-futokabel-7-meter\/\" \/>\n<meta property=\"og:locale\" content=\"en_US\" \/>\n<meta property=\"og:locale:alternate\" content=\"hu_HU\" \/>\n<meta property=\"og:locale:alternate\" content=\"de_DE\" \/>\n<meta property=\"og:type\" content=\"article\" \/>\n<meta property=\"og:title\" content=\"PHC15-7 Fagyv\u00e9delmi f\u0171t\u0151k\u00e1bel 7 m\u00e9ter - Varjas F\u0171t\u0151f\u00f3lia\" \/>\n<meta property=\"og:description\" content=\"Adatok      Felhaszn\u00e1l\u00e1s:  Cs\u0151, kerti csap, \u00f6nt\u00f6z\u0151 rendszer, itat\u00f3 rendszer fagyv\u00e9delem    Hossz\u00fas\u00e1g:  7 m\u00e9ter    Teljes\u00edtm\u00e9ny \/ foly\u00f3m\u00e9ter:  15 Watt    Teljes\u00edtm\u00e9ny \/ Watt:  105 Watt    Teljes\u00edtm\u00e9ny \/ Amper:     Fesz\u00fclts\u00e9g:  230 V    Termoszt\u00e1t:  Be\u00e9p\u00edtett, automatikusan kapcsol\" \/>\n<meta property=\"og:url\" content=\"https:\/\/varjasfutofolia.hu\/en\/termek\/phc15-7-fagyvedelmi-futokabel-7-meter\/\" \/>\n<meta property=\"og:site_name\" content=\"Varjas F\u0171t\u0151f\u00f3lia\" \/>\n<meta property=\"article:modified_time\" content=\"2025-09-28T01:10:13+00:00\" \/>\n<meta name=\"twitter:card\" content=\"summary_large_image\" \/>\n<meta name=\"twitter:label1\" content=\"Est. reading time\" \/>\n\t<meta name=\"twitter:data1\" content=\"1 minute\" \/>\n<script type=\"application\/ld+json\" class=\"yoast-schema-graph\">{\"@context\":\"https:\/\/schema.org\",\"@graph\":[{\"@type\":\"WebPage\",\"@id\":\"https:\/\/varjasfutofolia.hu\/termek\/phc15-7-fagyvedelmi-futokabel-7-meter\/\",\"url\":\"https:\/\/varjasfutofolia.hu\/termek\/phc15-7-fagyvedelmi-futokabel-7-meter\/\",\"name\":\"PHC15-7 Fagyv\u00e9delmi f\u0171t\u0151k\u00e1bel 7 m\u00e9ter - Varjas F\u0171t\u0151f\u00f3lia\",\"isPartOf\":{\"@id\":\"https:\/\/varjasfutofolia.hu\/#website\"},\"primaryImageOfPage\":{\"@id\":\"https:\/\/varjasfutofolia.hu\/termek\/phc15-7-fagyvedelmi-futokabel-7-meter\/#primaryimage\"},\"image\":{\"@id\":\"https:\/\/varjasfutofolia.hu\/termek\/phc15-7-fagyvedelmi-futokabel-7-meter\/#primaryimage\"},\"thumbnailUrl\":\"https:\/\/varjasfutofolia.hu\/wp-content\/uploads\/2021\/11\/termos.png\",\"datePublished\":\"2024-12-01T23:01:24+00:00\",\"dateModified\":\"2025-09-28T01:10:13+00:00\",\"breadcrumb\":{\"@id\":\"https:\/\/varjasfutofolia.hu\/termek\/phc15-7-fagyvedelmi-futokabel-7-meter\/#breadcrumb\"},\"inLanguage\":\"en-US\",\"potentialAction\":[{\"@type\":\"ReadAction\",\"target\":[\"https:\/\/varjasfutofolia.hu\/termek\/phc15-7-fagyvedelmi-futokabel-7-meter\/\"]}]},{\"@type\":\"ImageObject\",\"inLanguage\":\"en-US\",\"@id\":\"https:\/\/varjasfutofolia.hu\/termek\/phc15-7-fagyvedelmi-futokabel-7-meter\/#primaryimage\",\"url\":\"https:\/\/varjasfutofolia.hu\/wp-content\/uploads\/2021\/11\/termos.png\",\"contentUrl\":\"https:\/\/varjasfutofolia.hu\/wp-content\/uploads\/2021\/11\/termos.png\",\"width\":241,\"height\":206},{\"@type\":\"BreadcrumbList\",\"@id\":\"https:\/\/varjasfutofolia.hu\/termek\/phc15-7-fagyvedelmi-futokabel-7-meter\/#breadcrumb\",\"itemListElement\":[{\"@type\":\"ListItem\",\"position\":1,\"name\":\"Kezd\u0151lap\",\"item\":\"https:\/\/varjasfutofolia.hu\/\"},{\"@type\":\"ListItem\",\"position\":2,\"name\":\"\u00dczlet\",\"item\":\"https:\/\/varjasfutofolia.hu\/uzlet\/\"},{\"@type\":\"ListItem\",\"position\":3,\"name\":\"PHC15-7 Fagyv\u00e9delmi f\u0171t\u0151k\u00e1bel 7 m\u00e9ter\"}]},{\"@type\":\"WebSite\",\"@id\":\"https:\/\/varjasfutofolia.hu\/#website\",\"url\":\"https:\/\/varjasfutofolia.hu\/\",\"name\":\"Varjas F\u0171t\u0151f\u00f3lia\",\"description\":\"A Nap melege az \u00d6n otthon\u00e1ban\",\"potentialAction\":[{\"@type\":\"SearchAction\",\"target\":{\"@type\":\"EntryPoint\",\"urlTemplate\":\"https:\/\/varjasfutofolia.hu\/?s={search_term_string}\"},\"query-input\":{\"@type\":\"PropertyValueSpecification\",\"valueRequired\":true,\"valueName\":\"search_term_string\"}}],\"inLanguage\":\"en-US\"}]}<\/script>\n<!-- \/ Yoast SEO plugin. -->","yoast_head_json":{"title":"PHC15-7 Fagyv\u00e9delmi f\u0171t\u0151k\u00e1bel 7 m\u00e9ter - Varjas F\u0171t\u0151f\u00f3lia","robots":{"index":"index","follow":"follow","max-snippet":"max-snippet:-1","max-image-preview":"max-image-preview:large","max-video-preview":"max-video-preview:-1"},"canonical":"https:\/\/varjasfutofolia.hu\/en\/termek\/phc15-7-fagyvedelmi-futokabel-7-meter\/","og_locale":"en_US","og_type":"article","og_title":"PHC15-7 Fagyv\u00e9delmi f\u0171t\u0151k\u00e1bel 7 m\u00e9ter - Varjas F\u0171t\u0151f\u00f3lia","og_description":"Adatok      Felhaszn\u00e1l\u00e1s:  Cs\u0151, kerti csap, \u00f6nt\u00f6z\u0151 rendszer, itat\u00f3 rendszer fagyv\u00e9delem    Hossz\u00fas\u00e1g:  7 m\u00e9ter    Teljes\u00edtm\u00e9ny \/ foly\u00f3m\u00e9ter:  15 Watt    Teljes\u00edtm\u00e9ny \/ Watt:  105 Watt    Teljes\u00edtm\u00e9ny \/ Amper:     Fesz\u00fclts\u00e9g:  230 V    Termoszt\u00e1t:  Be\u00e9p\u00edtett, automatikusan kapcsol","og_url":"https:\/\/varjasfutofolia.hu\/en\/termek\/phc15-7-fagyvedelmi-futokabel-7-meter\/","og_site_name":"Varjas F\u0171t\u0151f\u00f3lia","article_modified_time":"2025-09-28T01:10:13+00:00","twitter_card":"summary_large_image","twitter_misc":{"Est. reading time":"1 minute"},"schema":{"@context":"https:\/\/schema.org","@graph":[{"@type":"WebPage","@id":"https:\/\/varjasfutofolia.hu\/termek\/phc15-7-fagyvedelmi-futokabel-7-meter\/","url":"https:\/\/varjasfutofolia.hu\/termek\/phc15-7-fagyvedelmi-futokabel-7-meter\/","name":"PHC15-7 Fagyv\u00e9delmi f\u0171t\u0151k\u00e1bel 7 m\u00e9ter - Varjas F\u0171t\u0151f\u00f3lia","isPartOf":{"@id":"https:\/\/varjasfutofolia.hu\/#website"},"primaryImageOfPage":{"@id":"https:\/\/varjasfutofolia.hu\/termek\/phc15-7-fagyvedelmi-futokabel-7-meter\/#primaryimage"},"image":{"@id":"https:\/\/varjasfutofolia.hu\/termek\/phc15-7-fagyvedelmi-futokabel-7-meter\/#primaryimage"},"thumbnailUrl":"https:\/\/varjasfutofolia.hu\/wp-content\/uploads\/2021\/11\/termos.png","datePublished":"2024-12-01T23:01:24+00:00","dateModified":"2025-09-28T01:10:13+00:00","breadcrumb":{"@id":"https:\/\/varjasfutofolia.hu\/termek\/phc15-7-fagyvedelmi-futokabel-7-meter\/#breadcrumb"},"inLanguage":"en-US","potentialAction":[{"@type":"ReadAction","target":["https:\/\/varjasfutofolia.hu\/termek\/phc15-7-fagyvedelmi-futokabel-7-meter\/"]}]},{"@type":"ImageObject","inLanguage":"en-US","@id":"https:\/\/varjasfutofolia.hu\/termek\/phc15-7-fagyvedelmi-futokabel-7-meter\/#primaryimage","url":"https:\/\/varjasfutofolia.hu\/wp-content\/uploads\/2021\/11\/termos.png","contentUrl":"https:\/\/varjasfutofolia.hu\/wp-content\/uploads\/2021\/11\/termos.png","width":241,"height":206},{"@type":"BreadcrumbList","@id":"https:\/\/varjasfutofolia.hu\/termek\/phc15-7-fagyvedelmi-futokabel-7-meter\/#breadcrumb","itemListElement":[{"@type":"ListItem","position":1,"name":"Kezd\u0151lap","item":"https:\/\/varjasfutofolia.hu\/"},{"@type":"ListItem","position":2,"name":"\u00dczlet","item":"https:\/\/varjasfutofolia.hu\/uzlet\/"},{"@type":"ListItem","position":3,"name":"PHC15-7 Fagyv\u00e9delmi f\u0171t\u0151k\u00e1bel 7 m\u00e9ter"}]},{"@type":"WebSite","@id":"https:\/\/varjasfutofolia.hu\/#website","url":"https:\/\/varjasfutofolia.hu\/","name":"Varjas F\u0171t\u0151f\u00f3lia","description":"A Nap melege az \u00d6n otthon\u00e1ban","potentialAction":[{"@type":"SearchAction","target":{"@type":"EntryPoint","urlTemplate":"https:\/\/varjasfutofolia.hu\/?s={search_term_string}"},"query-input":{"@type":"PropertyValueSpecification","valueRequired":true,"valueName":"search_term_string"}}],"inLanguage":"en-US"}]}},"_links":{"self":[{"href":"https:\/\/varjasfutofolia.hu\/en\/wp-json\/wp\/v2\/product\/9931511","targetHints":{"allow":["GET"]}}],"collection":[{"href":"https:\/\/varjasfutofolia.hu\/en\/wp-json\/wp\/v2\/product"}],"about":[{"href":"https:\/\/varjasfutofolia.hu\/en\/wp-json\/wp\/v2\/types\/product"}],"replies":[{"embeddable":true,"href":"https:\/\/varjasfutofolia.hu\/en\/wp-json\/wp\/v2\/comments?post=9931511"}],"wp:featuredmedia":[{"embeddable":true,"href":"https:\/\/varjasfutofolia.hu\/en\/wp-json\/wp\/v2\/media\/9920951"}],"wp:attachment":[{"href":"https:\/\/varjasfutofolia.hu\/en\/wp-json\/wp\/v2\/media?parent=9931511"}],"wp:term":[{"taxonomy":"product_brand","embeddable":true,"href":"https:\/\/varjasfutofolia.hu\/en\/wp-json\/wp\/v2\/product_brand?post=9931511"},{"taxonomy":"product_cat","embeddable":true,"href":"https:\/\/varjasfutofolia.hu\/en\/wp-json\/wp\/v2\/product_cat?post=9931511"},{"taxonomy":"product_tag","embeddable":true,"href":"https:\/\/varjasfutofolia.hu\/en\/wp-json\/wp\/v2\/product_tag?post=9931511"}],"curies":[{"name":"wp","href":"https:\/\/api.w.org\/{rel}","templated":true}]}}