{"id":9931429,"date":"2024-12-02T00:01:04","date_gmt":"2024-12-01T23:01:04","guid":{"rendered":"https:\/\/varjasfutofolia.hu\/?post_type=product&#038;p=9931429"},"modified":"2025-09-28T03:10:16","modified_gmt":"2025-09-28T01:10:16","slug":"m1m6m9-szobatermosztat-kiemelo-keret","status":"publish","type":"product","link":"https:\/\/varjasfutofolia.hu\/en\/termek\/m1m6m9-szobatermosztat-kiemelo-keret\/","title":{"rendered":"M1,M6,M9 szobatermoszt\u00e1t Kiemel\u0151 keret"},"content":{"rendered":"<p>Ha otthon\u00e1ba, irod\u00e1j\u00e1ba, v\u00e1llalkoz\u00e1sa valamely l\u00e9tes\u00edtm\u00e9ny\u00e9be elektromos f\u0171t\u00e9si megold\u00e1st k\u00edv\u00e1n telep\u00edteni (legyen az ak\u00e1r infrapanel vagy f\u0171t\u0151film vagy f\u0171t\u0151h\u00e1l\u00f3 ms n\u00e9ven f\u0171t\u0151sz\u0151nyeg ), akkor elker\u00fclhetetlen a termoszt\u00e1t beszerz\u00e9se. A termoszt\u00e1t nagy el\u0151nye, hogy programozhat\u00f3 el\u0151re be\u00e1ll\u00edthat\u00f3, hogy a h\u00e9t mely napj\u00e1n, a nap melyik szak\u00e1ban milyen h\u0151m\u00e9rs\u00e9klet legyen a helyis\u00e9gben. Emellett pl egy wifi termoszt\u00e1t seg\u00edts\u00e9g\u00e9vel \u00d6n az okostelefonj\u00e1r\u00f3l, egy felhaszn\u00e1l\u00f3bar\u00e1t applik\u00e1ci\u00f3 seg\u00edts\u00e9g\u00e9vel kontroll\u00e1lhatja a helyis\u00e9g h\u0151m\u00e9rs\u00e9klet\u00e9t. Ha pedig \u00edgy d\u00f6nt, sz\u00fcks\u00e9ge lesz egy apr\u00f3, de ann\u00e1l fontosabb term\u00e9kre: ez pedig a be\u00e9p\u00edt\u0151keret. Els\u0151sorban a falba s\u00fcllyeszthet\u0151 be\u00e9p\u00edt\u0151keretet aj\u00e1nljuk annak diszkr\u00e9t volta miatt, de ha nincs lehet\u0151s\u00e9g a wifi termoszt\u00e1tot a falba s\u00fcllyeszteni, akkor sincs probl\u00e9ma. Erre tal\u00e1lt\u00e1k ki a kiemel\u0151 keretet.<\/p>\n<p>Term\u00e9szetesen t\u00f6bb termoszt\u00e1thoz is megfelel\u0151 ez a term\u00e9k.<\/p>\n<p>A haszn\u00e1lhat\u00f3 termoszt\u00e1tokhoz k\u00e9rje munkat\u00e1rsunk seg\u00edts\u00e9g\u00e9t.<\/p>\n<p>A be\u00e9p\u00edt\u0151kerethez hasonl\u00f3an a kiemel\u0151keretnek is kett\u0151s feladata van: egyr\u00e9szt term\u00e9szetesen ennek a seg\u00edts\u00e9g\u00e9vel lehet eszt\u00e9tikus \u00e9s tart\u00f3s m\u00f3don a falba r\u00f6gz\u00edteni a termoszt\u00e1tot. Ez egy kiv\u00e1l\u00f3 megold\u00e1s az\u00e9rt is, mert ha a termoszt\u00e1t meghib\u00e1sodna, akkor egy mozdulattal kivehet\u0151 a keretb\u0151l, vagyis nem kell hozz\u00e1 csavart laz\u00edtani vagy bontani.<\/p>\n<p>A kiemel\u0151keret teh\u00e1t megold\u00e1s arra az esetre, ha m\u00e1r nincs m\u00f3d a fal v\u00e9s\u00e9s\u00e9re, a termoszt\u00e1t falba s\u00fcllyeszt\u00e9s\u00e9re. A kiemel\u0151keretet egyszer\u0171 felfogat\u00e1s, gyors szerelhet\u0151s\u00e9g jellemzi. A webshopunkban tal\u00e1lhat\u00f3 kiemel\u0151keret M1, M6, M9 termoszt\u00e1tokhoz k\u00e9sz\u00fclt.<\/p>\n","protected":false},"excerpt":{"rendered":"<p>Termoszt\u00e1t kiemel\u0151 keret<\/p>\n<p>&nbsp;<\/p>\n","protected":false},"featured_media":9920783,"comment_status":"open","ping_status":"closed","template":"","meta":{"_et_pb_use_builder":"","_et_pb_old_content":"","_et_gb_content_width":""},"product_brand":[],"product_cat":[29],"product_tag":[36,37],"class_list":{"0":"post-9931429","1":"product","2":"type-product","3":"status-publish","4":"has-post-thumbnail","6":"product_cat-termosztat","7":"product_tag-kiemelo-keret","8":"product_tag-termosztat","10":"first","11":"instock","12":"taxable","13":"shipping-taxable","14":"purchasable","15":"product-type-simple"},"yoast_head":"<!-- This site is optimized with the Yoast SEO plugin v26.0 - https:\/\/yoast.com\/wordpress\/plugins\/seo\/ -->\n<title>M1,M6,M9 szobatermoszt\u00e1t Kiemel\u0151 keret - Varjas F\u0171t\u0151f\u00f3lia<\/title>\n<meta name=\"robots\" content=\"index, follow, max-snippet:-1, max-image-preview:large, max-video-preview:-1\" \/>\n<link rel=\"canonical\" href=\"https:\/\/varjasfutofolia.hu\/en\/termek\/m1m6m9-szobatermosztat-kiemelo-keret\/\" \/>\n<meta property=\"og:locale\" content=\"en_US\" \/>\n<meta property=\"og:locale:alternate\" content=\"hu_HU\" \/>\n<meta property=\"og:locale:alternate\" content=\"de_DE\" \/>\n<meta property=\"og:type\" content=\"article\" \/>\n<meta property=\"og:title\" content=\"M1,M6,M9 szobatermoszt\u00e1t Kiemel\u0151 keret - Varjas F\u0171t\u0151f\u00f3lia\" \/>\n<meta property=\"og:description\" content=\"Termoszt\u00e1t kiemel\u0151 keret  &nbsp;\" \/>\n<meta property=\"og:url\" content=\"https:\/\/varjasfutofolia.hu\/en\/termek\/m1m6m9-szobatermosztat-kiemelo-keret\/\" \/>\n<meta property=\"og:site_name\" content=\"Varjas F\u0171t\u0151f\u00f3lia\" \/>\n<meta property=\"article:modified_time\" content=\"2025-09-28T01:10:16+00:00\" \/>\n<meta name=\"twitter:card\" content=\"summary_large_image\" \/>\n<meta name=\"twitter:label1\" content=\"Est. reading time\" \/>\n\t<meta name=\"twitter:data1\" content=\"2 minutes\" \/>\n<script type=\"application\/ld+json\" class=\"yoast-schema-graph\">{\"@context\":\"https:\/\/schema.org\",\"@graph\":[{\"@type\":\"WebPage\",\"@id\":\"https:\/\/varjasfutofolia.hu\/termek\/m1m6m9-szobatermosztat-kiemelo-keret\/\",\"url\":\"https:\/\/varjasfutofolia.hu\/termek\/m1m6m9-szobatermosztat-kiemelo-keret\/\",\"name\":\"M1,M6,M9 szobatermoszt\u00e1t Kiemel\u0151 keret - Varjas F\u0171t\u0151f\u00f3lia\",\"isPartOf\":{\"@id\":\"https:\/\/varjasfutofolia.hu\/#website\"},\"primaryImageOfPage\":{\"@id\":\"https:\/\/varjasfutofolia.hu\/termek\/m1m6m9-szobatermosztat-kiemelo-keret\/#primaryimage\"},\"image\":{\"@id\":\"https:\/\/varjasfutofolia.hu\/termek\/m1m6m9-szobatermosztat-kiemelo-keret\/#primaryimage\"},\"thumbnailUrl\":\"https:\/\/varjasfutofolia.hu\/wp-content\/uploads\/2021\/11\/termosztat_kiemelo_keret2.png\",\"datePublished\":\"2024-12-01T23:01:04+00:00\",\"dateModified\":\"2025-09-28T01:10:16+00:00\",\"breadcrumb\":{\"@id\":\"https:\/\/varjasfutofolia.hu\/termek\/m1m6m9-szobatermosztat-kiemelo-keret\/#breadcrumb\"},\"inLanguage\":\"en-US\",\"potentialAction\":[{\"@type\":\"ReadAction\",\"target\":[\"https:\/\/varjasfutofolia.hu\/termek\/m1m6m9-szobatermosztat-kiemelo-keret\/\"]}]},{\"@type\":\"ImageObject\",\"inLanguage\":\"en-US\",\"@id\":\"https:\/\/varjasfutofolia.hu\/termek\/m1m6m9-szobatermosztat-kiemelo-keret\/#primaryimage\",\"url\":\"https:\/\/varjasfutofolia.hu\/wp-content\/uploads\/2021\/11\/termosztat_kiemelo_keret2.png\",\"contentUrl\":\"https:\/\/varjasfutofolia.hu\/wp-content\/uploads\/2021\/11\/termosztat_kiemelo_keret2.png\",\"width\":535,\"height\":471},{\"@type\":\"BreadcrumbList\",\"@id\":\"https:\/\/varjasfutofolia.hu\/termek\/m1m6m9-szobatermosztat-kiemelo-keret\/#breadcrumb\",\"itemListElement\":[{\"@type\":\"ListItem\",\"position\":1,\"name\":\"Kezd\u0151lap\",\"item\":\"https:\/\/varjasfutofolia.hu\/\"},{\"@type\":\"ListItem\",\"position\":2,\"name\":\"\u00dczlet\",\"item\":\"https:\/\/varjasfutofolia.hu\/uzlet\/\"},{\"@type\":\"ListItem\",\"position\":3,\"name\":\"M1,M6,M9 szobatermoszt\u00e1t Kiemel\u0151 keret\"}]},{\"@type\":\"WebSite\",\"@id\":\"https:\/\/varjasfutofolia.hu\/#website\",\"url\":\"https:\/\/varjasfutofolia.hu\/\",\"name\":\"Varjas F\u0171t\u0151f\u00f3lia\",\"description\":\"A Nap melege az \u00d6n otthon\u00e1ban\",\"potentialAction\":[{\"@type\":\"SearchAction\",\"target\":{\"@type\":\"EntryPoint\",\"urlTemplate\":\"https:\/\/varjasfutofolia.hu\/?s={search_term_string}\"},\"query-input\":{\"@type\":\"PropertyValueSpecification\",\"valueRequired\":true,\"valueName\":\"search_term_string\"}}],\"inLanguage\":\"en-US\"}]}<\/script>\n<!-- \/ Yoast SEO plugin. -->","yoast_head_json":{"title":"M1,M6,M9 szobatermoszt\u00e1t Kiemel\u0151 keret - Varjas F\u0171t\u0151f\u00f3lia","robots":{"index":"index","follow":"follow","max-snippet":"max-snippet:-1","max-image-preview":"max-image-preview:large","max-video-preview":"max-video-preview:-1"},"canonical":"https:\/\/varjasfutofolia.hu\/en\/termek\/m1m6m9-szobatermosztat-kiemelo-keret\/","og_locale":"en_US","og_type":"article","og_title":"M1,M6,M9 szobatermoszt\u00e1t Kiemel\u0151 keret - Varjas F\u0171t\u0151f\u00f3lia","og_description":"Termoszt\u00e1t kiemel\u0151 keret  &nbsp;","og_url":"https:\/\/varjasfutofolia.hu\/en\/termek\/m1m6m9-szobatermosztat-kiemelo-keret\/","og_site_name":"Varjas F\u0171t\u0151f\u00f3lia","article_modified_time":"2025-09-28T01:10:16+00:00","twitter_card":"summary_large_image","twitter_misc":{"Est. reading time":"2 minutes"},"schema":{"@context":"https:\/\/schema.org","@graph":[{"@type":"WebPage","@id":"https:\/\/varjasfutofolia.hu\/termek\/m1m6m9-szobatermosztat-kiemelo-keret\/","url":"https:\/\/varjasfutofolia.hu\/termek\/m1m6m9-szobatermosztat-kiemelo-keret\/","name":"M1,M6,M9 szobatermoszt\u00e1t Kiemel\u0151 keret - Varjas F\u0171t\u0151f\u00f3lia","isPartOf":{"@id":"https:\/\/varjasfutofolia.hu\/#website"},"primaryImageOfPage":{"@id":"https:\/\/varjasfutofolia.hu\/termek\/m1m6m9-szobatermosztat-kiemelo-keret\/#primaryimage"},"image":{"@id":"https:\/\/varjasfutofolia.hu\/termek\/m1m6m9-szobatermosztat-kiemelo-keret\/#primaryimage"},"thumbnailUrl":"https:\/\/varjasfutofolia.hu\/wp-content\/uploads\/2021\/11\/termosztat_kiemelo_keret2.png","datePublished":"2024-12-01T23:01:04+00:00","dateModified":"2025-09-28T01:10:16+00:00","breadcrumb":{"@id":"https:\/\/varjasfutofolia.hu\/termek\/m1m6m9-szobatermosztat-kiemelo-keret\/#breadcrumb"},"inLanguage":"en-US","potentialAction":[{"@type":"ReadAction","target":["https:\/\/varjasfutofolia.hu\/termek\/m1m6m9-szobatermosztat-kiemelo-keret\/"]}]},{"@type":"ImageObject","inLanguage":"en-US","@id":"https:\/\/varjasfutofolia.hu\/termek\/m1m6m9-szobatermosztat-kiemelo-keret\/#primaryimage","url":"https:\/\/varjasfutofolia.hu\/wp-content\/uploads\/2021\/11\/termosztat_kiemelo_keret2.png","contentUrl":"https:\/\/varjasfutofolia.hu\/wp-content\/uploads\/2021\/11\/termosztat_kiemelo_keret2.png","width":535,"height":471},{"@type":"BreadcrumbList","@id":"https:\/\/varjasfutofolia.hu\/termek\/m1m6m9-szobatermosztat-kiemelo-keret\/#breadcrumb","itemListElement":[{"@type":"ListItem","position":1,"name":"Kezd\u0151lap","item":"https:\/\/varjasfutofolia.hu\/"},{"@type":"ListItem","position":2,"name":"\u00dczlet","item":"https:\/\/varjasfutofolia.hu\/uzlet\/"},{"@type":"ListItem","position":3,"name":"M1,M6,M9 szobatermoszt\u00e1t Kiemel\u0151 keret"}]},{"@type":"WebSite","@id":"https:\/\/varjasfutofolia.hu\/#website","url":"https:\/\/varjasfutofolia.hu\/","name":"Varjas F\u0171t\u0151f\u00f3lia","description":"A Nap melege az \u00d6n otthon\u00e1ban","potentialAction":[{"@type":"SearchAction","target":{"@type":"EntryPoint","urlTemplate":"https:\/\/varjasfutofolia.hu\/?s={search_term_string}"},"query-input":{"@type":"PropertyValueSpecification","valueRequired":true,"valueName":"search_term_string"}}],"inLanguage":"en-US"}]}},"_links":{"self":[{"href":"https:\/\/varjasfutofolia.hu\/en\/wp-json\/wp\/v2\/product\/9931429","targetHints":{"allow":["GET"]}}],"collection":[{"href":"https:\/\/varjasfutofolia.hu\/en\/wp-json\/wp\/v2\/product"}],"about":[{"href":"https:\/\/varjasfutofolia.hu\/en\/wp-json\/wp\/v2\/types\/product"}],"replies":[{"embeddable":true,"href":"https:\/\/varjasfutofolia.hu\/en\/wp-json\/wp\/v2\/comments?post=9931429"}],"wp:featuredmedia":[{"embeddable":true,"href":"https:\/\/varjasfutofolia.hu\/en\/wp-json\/wp\/v2\/media\/9920783"}],"wp:attachment":[{"href":"https:\/\/varjasfutofolia.hu\/en\/wp-json\/wp\/v2\/media?parent=9931429"}],"wp:term":[{"taxonomy":"product_brand","embeddable":true,"href":"https:\/\/varjasfutofolia.hu\/en\/wp-json\/wp\/v2\/product_brand?post=9931429"},{"taxonomy":"product_cat","embeddable":true,"href":"https:\/\/varjasfutofolia.hu\/en\/wp-json\/wp\/v2\/product_cat?post=9931429"},{"taxonomy":"product_tag","embeddable":true,"href":"https:\/\/varjasfutofolia.hu\/en\/wp-json\/wp\/v2\/product_tag?post=9931429"}],"curies":[{"name":"wp","href":"https:\/\/api.w.org\/{rel}","templated":true}]}}