{"id":9931396,"date":"2024-12-02T00:00:57","date_gmt":"2024-12-01T23:00:57","guid":{"rendered":"https:\/\/varjasfutofolia.hu\/?post_type=product&#038;p=9931396"},"modified":"2024-12-02T00:01:00","modified_gmt":"2024-12-01T23:01:00","slug":"a-nap-melege-az-on-otthonaban-cimu-konyv-ajandek-intelligens-futofolia","status":"publish","type":"product","link":"https:\/\/varjasfutofolia.hu\/en\/termek\/a-nap-melege-az-on-otthonaban-cimu-konyv-ajandek-intelligens-futofolia\/","title":{"rendered":"A Nap melege az \u00d6n otthon\u00e1ban c\u00edm\u0171 k\u00f6nyv + Aj\u00e1nd\u00e9k intelligens f\u0171t\u0151f\u00f3lia"},"content":{"rendered":"<p>Tanulm\u00e1nyunk egyed\u00fcl\u00e1ll\u00f3 Magyarorsz\u00e1gon. R\u00e9szletesen mutatja be a jelenleg el\u00e9rhet\u0151 f\u0171t\u00e9si rendszerek el\u0151ny\u00e9t, h\u00e1tr\u00e1ny\u00e1t. Megmutatja , mik a jelenleg haszn\u00e1lhat\u00f3 legmodernebb szigetel\u00e9si anyagok, amik seg\u00edts\u00e9g\u00e9vel drasztikusan cs\u00f6kkentheti f\u0171t\u00e9ssz\u00e1ml\u00e1j\u00e1t.<\/p>\n<p>Bizony\u00e1ra \u00e9rdekes lehet az \u00d6n sz\u00e1m\u00e1ra is, hogyan tudja t\u00e1volr\u00f3l vez\u00e9relni otthon\u00e1t k\u00f6nnyen \u00e9s gyorsan.<\/p>\n<p>Bebizony\u00edtjuk, hogy \u00d6nnek is lehet 0 Ft a f\u0171t\u00e9s sz\u00e1ml\u00e1ja, ha kihaszn\u00e1l p\u00e1r lehet\u0151s\u00e9get.<\/p>\n<p>A k\u00f6nyv tartalmaz egy &#8220;ellen\u0151rz\u0151 list\u00e1t&#8221;, ami v\u00e9gig vezeti a kivitelez\u00e9s el\u0151tti \u00e9s ut\u00e1ni teend\u0151k\u00f6n.<\/p>\n","protected":false},"excerpt":{"rendered":"<p>Tanulm\u00e1nyunk egyed\u00fcl\u00e1ll\u00f3 Magyarorsz\u00e1gon. R\u00e9szletesen mutatja be a jelenleg el\u00e9rhet\u0151 f\u0171t\u00e9si rendszerek el\u0151ny\u00e9t, h\u00e1tr\u00e1ny\u00e1t. Megmutatja , mik a jelenleg haszn\u00e1lhat\u00f3 legmodernebb szigetel\u00e9si anyagok, amik seg\u00edts\u00e9g\u00e9vel drasztikusan cs\u00f6kkentheti f\u0171t\u00e9ssz\u00e1ml\u00e1j\u00e1t. Bizony\u00e1ra \u00e9rdekes lehet az \u00d6n sz\u00e1m\u00e1ra is, hogyan tudja t\u00e1volr\u00f3l vez\u00e9relni otthon\u00e1t k\u00f6nnyen \u00e9s gyorsan. Bebizony\u00edtjuk, hogy \u00d6nnek is lehet 0 Ft a f\u0171t\u00e9s sz\u00e1ml\u00e1ja, ha kihaszn\u00e1l p\u00e1r [&hellip;]<\/p>\n","protected":false},"featured_media":9920751,"comment_status":"open","ping_status":"closed","template":"","meta":{"_et_pb_use_builder":"","_et_pb_old_content":"","_et_gb_content_width":""},"product_brand":[],"product_cat":[25],"product_tag":[],"class_list":{"0":"post-9931396","1":"product","2":"type-product","3":"status-publish","4":"has-post-thumbnail","6":"product_cat-konyv","8":"first","9":"outofstock","10":"taxable","11":"shipping-taxable","12":"purchasable","13":"product-type-simple"},"yoast_head":"<!-- This site is optimized with the Yoast SEO plugin v26.0 - https:\/\/yoast.com\/wordpress\/plugins\/seo\/ -->\n<title>A Nap melege az \u00d6n otthon\u00e1ban c\u00edm\u0171 k\u00f6nyv + Aj\u00e1nd\u00e9k intelligens f\u0171t\u0151f\u00f3lia - Varjas F\u0171t\u0151f\u00f3lia<\/title>\n<meta name=\"robots\" content=\"index, follow, max-snippet:-1, max-image-preview:large, max-video-preview:-1\" \/>\n<link rel=\"canonical\" href=\"https:\/\/varjasfutofolia.hu\/en\/termek\/a-nap-melege-az-on-otthonaban-cimu-konyv-ajandek-intelligens-futofolia\/\" \/>\n<meta property=\"og:locale\" content=\"en_US\" \/>\n<meta property=\"og:locale:alternate\" content=\"hu_HU\" \/>\n<meta property=\"og:locale:alternate\" content=\"de_DE\" \/>\n<meta property=\"og:type\" content=\"article\" \/>\n<meta property=\"og:title\" content=\"A Nap melege az \u00d6n otthon\u00e1ban c\u00edm\u0171 k\u00f6nyv + Aj\u00e1nd\u00e9k intelligens f\u0171t\u0151f\u00f3lia - Varjas F\u0171t\u0151f\u00f3lia\" \/>\n<meta property=\"og:description\" content=\"Tanulm\u00e1nyunk egyed\u00fcl\u00e1ll\u00f3 Magyarorsz\u00e1gon. R\u00e9szletesen mutatja be a jelenleg el\u00e9rhet\u0151 f\u0171t\u00e9si rendszerek el\u0151ny\u00e9t, h\u00e1tr\u00e1ny\u00e1t. Megmutatja , mik a jelenleg haszn\u00e1lhat\u00f3 legmodernebb szigetel\u00e9si anyagok, amik seg\u00edts\u00e9g\u00e9vel drasztikusan cs\u00f6kkentheti f\u0171t\u00e9ssz\u00e1ml\u00e1j\u00e1t. Bizony\u00e1ra \u00e9rdekes lehet az \u00d6n sz\u00e1m\u00e1ra is, hogyan tudja t\u00e1volr\u00f3l vez\u00e9relni otthon\u00e1t k\u00f6nnyen \u00e9s gyorsan. Bebizony\u00edtjuk, hogy \u00d6nnek is lehet 0 Ft a f\u0171t\u00e9s sz\u00e1ml\u00e1ja, ha kihaszn\u00e1l p\u00e1r [&hellip;]\" \/>\n<meta property=\"og:url\" content=\"https:\/\/varjasfutofolia.hu\/en\/termek\/a-nap-melege-az-on-otthonaban-cimu-konyv-ajandek-intelligens-futofolia\/\" \/>\n<meta property=\"og:site_name\" content=\"Varjas F\u0171t\u0151f\u00f3lia\" \/>\n<meta property=\"article:modified_time\" content=\"2024-12-01T23:01:00+00:00\" \/>\n<meta name=\"twitter:card\" content=\"summary_large_image\" \/>\n<meta name=\"twitter:label1\" content=\"Est. reading time\" \/>\n\t<meta name=\"twitter:data1\" content=\"1 minute\" \/>\n<script type=\"application\/ld+json\" class=\"yoast-schema-graph\">{\"@context\":\"https:\/\/schema.org\",\"@graph\":[{\"@type\":\"WebPage\",\"@id\":\"https:\/\/varjasfutofolia.hu\/termek\/a-nap-melege-az-on-otthonaban-cimu-konyv-ajandek-intelligens-futofolia\/\",\"url\":\"https:\/\/varjasfutofolia.hu\/termek\/a-nap-melege-az-on-otthonaban-cimu-konyv-ajandek-intelligens-futofolia\/\",\"name\":\"A Nap melege az \u00d6n otthon\u00e1ban c\u00edm\u0171 k\u00f6nyv + Aj\u00e1nd\u00e9k intelligens f\u0171t\u0151f\u00f3lia - Varjas F\u0171t\u0151f\u00f3lia\",\"isPartOf\":{\"@id\":\"https:\/\/varjasfutofolia.hu\/#website\"},\"primaryImageOfPage\":{\"@id\":\"https:\/\/varjasfutofolia.hu\/termek\/a-nap-melege-az-on-otthonaban-cimu-konyv-ajandek-intelligens-futofolia\/#primaryimage\"},\"image\":{\"@id\":\"https:\/\/varjasfutofolia.hu\/termek\/a-nap-melege-az-on-otthonaban-cimu-konyv-ajandek-intelligens-futofolia\/#primaryimage\"},\"thumbnailUrl\":\"https:\/\/varjasfutofolia.hu\/wp-content\/uploads\/2021\/11\/CSAKKONYV.png\",\"datePublished\":\"2024-12-01T23:00:57+00:00\",\"dateModified\":\"2024-12-01T23:01:00+00:00\",\"breadcrumb\":{\"@id\":\"https:\/\/varjasfutofolia.hu\/termek\/a-nap-melege-az-on-otthonaban-cimu-konyv-ajandek-intelligens-futofolia\/#breadcrumb\"},\"inLanguage\":\"en-US\",\"potentialAction\":[{\"@type\":\"ReadAction\",\"target\":[\"https:\/\/varjasfutofolia.hu\/termek\/a-nap-melege-az-on-otthonaban-cimu-konyv-ajandek-intelligens-futofolia\/\"]}]},{\"@type\":\"ImageObject\",\"inLanguage\":\"en-US\",\"@id\":\"https:\/\/varjasfutofolia.hu\/termek\/a-nap-melege-az-on-otthonaban-cimu-konyv-ajandek-intelligens-futofolia\/#primaryimage\",\"url\":\"https:\/\/varjasfutofolia.hu\/wp-content\/uploads\/2021\/11\/CSAKKONYV.png\",\"contentUrl\":\"https:\/\/varjasfutofolia.hu\/wp-content\/uploads\/2021\/11\/CSAKKONYV.png\",\"width\":1182,\"height\":1536},{\"@type\":\"BreadcrumbList\",\"@id\":\"https:\/\/varjasfutofolia.hu\/termek\/a-nap-melege-az-on-otthonaban-cimu-konyv-ajandek-intelligens-futofolia\/#breadcrumb\",\"itemListElement\":[{\"@type\":\"ListItem\",\"position\":1,\"name\":\"Kezd\u0151lap\",\"item\":\"https:\/\/varjasfutofolia.hu\/\"},{\"@type\":\"ListItem\",\"position\":2,\"name\":\"\u00dczlet\",\"item\":\"https:\/\/varjasfutofolia.hu\/uzlet\/\"},{\"@type\":\"ListItem\",\"position\":3,\"name\":\"A Nap melege az \u00d6n otthon\u00e1ban c\u00edm\u0171 k\u00f6nyv + Aj\u00e1nd\u00e9k intelligens f\u0171t\u0151f\u00f3lia\"}]},{\"@type\":\"WebSite\",\"@id\":\"https:\/\/varjasfutofolia.hu\/#website\",\"url\":\"https:\/\/varjasfutofolia.hu\/\",\"name\":\"Varjas F\u0171t\u0151f\u00f3lia\",\"description\":\"A Nap melege az \u00d6n otthon\u00e1ban\",\"potentialAction\":[{\"@type\":\"SearchAction\",\"target\":{\"@type\":\"EntryPoint\",\"urlTemplate\":\"https:\/\/varjasfutofolia.hu\/?s={search_term_string}\"},\"query-input\":{\"@type\":\"PropertyValueSpecification\",\"valueRequired\":true,\"valueName\":\"search_term_string\"}}],\"inLanguage\":\"en-US\"}]}<\/script>\n<!-- \/ Yoast SEO plugin. -->","yoast_head_json":{"title":"A Nap melege az \u00d6n otthon\u00e1ban c\u00edm\u0171 k\u00f6nyv + Aj\u00e1nd\u00e9k intelligens f\u0171t\u0151f\u00f3lia - Varjas F\u0171t\u0151f\u00f3lia","robots":{"index":"index","follow":"follow","max-snippet":"max-snippet:-1","max-image-preview":"max-image-preview:large","max-video-preview":"max-video-preview:-1"},"canonical":"https:\/\/varjasfutofolia.hu\/en\/termek\/a-nap-melege-az-on-otthonaban-cimu-konyv-ajandek-intelligens-futofolia\/","og_locale":"en_US","og_type":"article","og_title":"A Nap melege az \u00d6n otthon\u00e1ban c\u00edm\u0171 k\u00f6nyv + Aj\u00e1nd\u00e9k intelligens f\u0171t\u0151f\u00f3lia - Varjas F\u0171t\u0151f\u00f3lia","og_description":"Tanulm\u00e1nyunk egyed\u00fcl\u00e1ll\u00f3 Magyarorsz\u00e1gon. R\u00e9szletesen mutatja be a jelenleg el\u00e9rhet\u0151 f\u0171t\u00e9si rendszerek el\u0151ny\u00e9t, h\u00e1tr\u00e1ny\u00e1t. Megmutatja , mik a jelenleg haszn\u00e1lhat\u00f3 legmodernebb szigetel\u00e9si anyagok, amik seg\u00edts\u00e9g\u00e9vel drasztikusan cs\u00f6kkentheti f\u0171t\u00e9ssz\u00e1ml\u00e1j\u00e1t. Bizony\u00e1ra \u00e9rdekes lehet az \u00d6n sz\u00e1m\u00e1ra is, hogyan tudja t\u00e1volr\u00f3l vez\u00e9relni otthon\u00e1t k\u00f6nnyen \u00e9s gyorsan. Bebizony\u00edtjuk, hogy \u00d6nnek is lehet 0 Ft a f\u0171t\u00e9s sz\u00e1ml\u00e1ja, ha kihaszn\u00e1l p\u00e1r [&hellip;]","og_url":"https:\/\/varjasfutofolia.hu\/en\/termek\/a-nap-melege-az-on-otthonaban-cimu-konyv-ajandek-intelligens-futofolia\/","og_site_name":"Varjas F\u0171t\u0151f\u00f3lia","article_modified_time":"2024-12-01T23:01:00+00:00","twitter_card":"summary_large_image","twitter_misc":{"Est. reading time":"1 minute"},"schema":{"@context":"https:\/\/schema.org","@graph":[{"@type":"WebPage","@id":"https:\/\/varjasfutofolia.hu\/termek\/a-nap-melege-az-on-otthonaban-cimu-konyv-ajandek-intelligens-futofolia\/","url":"https:\/\/varjasfutofolia.hu\/termek\/a-nap-melege-az-on-otthonaban-cimu-konyv-ajandek-intelligens-futofolia\/","name":"A Nap melege az \u00d6n otthon\u00e1ban c\u00edm\u0171 k\u00f6nyv + Aj\u00e1nd\u00e9k intelligens f\u0171t\u0151f\u00f3lia - Varjas F\u0171t\u0151f\u00f3lia","isPartOf":{"@id":"https:\/\/varjasfutofolia.hu\/#website"},"primaryImageOfPage":{"@id":"https:\/\/varjasfutofolia.hu\/termek\/a-nap-melege-az-on-otthonaban-cimu-konyv-ajandek-intelligens-futofolia\/#primaryimage"},"image":{"@id":"https:\/\/varjasfutofolia.hu\/termek\/a-nap-melege-az-on-otthonaban-cimu-konyv-ajandek-intelligens-futofolia\/#primaryimage"},"thumbnailUrl":"https:\/\/varjasfutofolia.hu\/wp-content\/uploads\/2021\/11\/CSAKKONYV.png","datePublished":"2024-12-01T23:00:57+00:00","dateModified":"2024-12-01T23:01:00+00:00","breadcrumb":{"@id":"https:\/\/varjasfutofolia.hu\/termek\/a-nap-melege-az-on-otthonaban-cimu-konyv-ajandek-intelligens-futofolia\/#breadcrumb"},"inLanguage":"en-US","potentialAction":[{"@type":"ReadAction","target":["https:\/\/varjasfutofolia.hu\/termek\/a-nap-melege-az-on-otthonaban-cimu-konyv-ajandek-intelligens-futofolia\/"]}]},{"@type":"ImageObject","inLanguage":"en-US","@id":"https:\/\/varjasfutofolia.hu\/termek\/a-nap-melege-az-on-otthonaban-cimu-konyv-ajandek-intelligens-futofolia\/#primaryimage","url":"https:\/\/varjasfutofolia.hu\/wp-content\/uploads\/2021\/11\/CSAKKONYV.png","contentUrl":"https:\/\/varjasfutofolia.hu\/wp-content\/uploads\/2021\/11\/CSAKKONYV.png","width":1182,"height":1536},{"@type":"BreadcrumbList","@id":"https:\/\/varjasfutofolia.hu\/termek\/a-nap-melege-az-on-otthonaban-cimu-konyv-ajandek-intelligens-futofolia\/#breadcrumb","itemListElement":[{"@type":"ListItem","position":1,"name":"Kezd\u0151lap","item":"https:\/\/varjasfutofolia.hu\/"},{"@type":"ListItem","position":2,"name":"\u00dczlet","item":"https:\/\/varjasfutofolia.hu\/uzlet\/"},{"@type":"ListItem","position":3,"name":"A Nap melege az \u00d6n otthon\u00e1ban c\u00edm\u0171 k\u00f6nyv + Aj\u00e1nd\u00e9k intelligens f\u0171t\u0151f\u00f3lia"}]},{"@type":"WebSite","@id":"https:\/\/varjasfutofolia.hu\/#website","url":"https:\/\/varjasfutofolia.hu\/","name":"Varjas F\u0171t\u0151f\u00f3lia","description":"A Nap melege az \u00d6n otthon\u00e1ban","potentialAction":[{"@type":"SearchAction","target":{"@type":"EntryPoint","urlTemplate":"https:\/\/varjasfutofolia.hu\/?s={search_term_string}"},"query-input":{"@type":"PropertyValueSpecification","valueRequired":true,"valueName":"search_term_string"}}],"inLanguage":"en-US"}]}},"_links":{"self":[{"href":"https:\/\/varjasfutofolia.hu\/en\/wp-json\/wp\/v2\/product\/9931396","targetHints":{"allow":["GET"]}}],"collection":[{"href":"https:\/\/varjasfutofolia.hu\/en\/wp-json\/wp\/v2\/product"}],"about":[{"href":"https:\/\/varjasfutofolia.hu\/en\/wp-json\/wp\/v2\/types\/product"}],"replies":[{"embeddable":true,"href":"https:\/\/varjasfutofolia.hu\/en\/wp-json\/wp\/v2\/comments?post=9931396"}],"wp:featuredmedia":[{"embeddable":true,"href":"https:\/\/varjasfutofolia.hu\/en\/wp-json\/wp\/v2\/media\/9920751"}],"wp:attachment":[{"href":"https:\/\/varjasfutofolia.hu\/en\/wp-json\/wp\/v2\/media?parent=9931396"}],"wp:term":[{"taxonomy":"product_brand","embeddable":true,"href":"https:\/\/varjasfutofolia.hu\/en\/wp-json\/wp\/v2\/product_brand?post=9931396"},{"taxonomy":"product_cat","embeddable":true,"href":"https:\/\/varjasfutofolia.hu\/en\/wp-json\/wp\/v2\/product_cat?post=9931396"},{"taxonomy":"product_tag","embeddable":true,"href":"https:\/\/varjasfutofolia.hu\/en\/wp-json\/wp\/v2\/product_tag?post=9931396"}],"curies":[{"name":"wp","href":"https:\/\/api.w.org\/{rel}","templated":true}]}}