{"id":9922246,"date":"2022-01-01T17:31:13","date_gmt":"2022-01-01T16:31:13","guid":{"rendered":"https:\/\/varjasfutofolia.hu\/?page_id=9922246"},"modified":"2025-10-03T11:03:32","modified_gmt":"2025-10-03T09:03:32","slug":"villanyszereles","status":"publish","type":"page","link":"https:\/\/varjasfutofolia.hu\/en\/villanyszereles\/","title":{"rendered":"Villanyszerel\u00e9s"},"content":{"rendered":"<p>[et_pb_section fb_built=&#8221;1&#8243; disabled_on=&#8221;on|on|off&#8221; admin_label=&#8221;Fejl\u00e9c-g\u00e9pre&#8221; _builder_version=&#8221;4.16&#8243; background_image=&#8221;https:\/\/varjasfutofolia.hu\/wp-content\/uploads\/2022\/01\/20220105_futofolia_banner_partner_aloldalra_villanyszereles_asztali_v01-scaled.jpg&#8221; background_size=&#8221;contain&#8221; global_colors_info=&#8221;{}&#8221;][et_pb_row column_structure=&#8221;2_3,1_3&#8243; _builder_version=&#8221;4.16&#8243; global_colors_info=&#8221;{}&#8221;][et_pb_column type=&#8221;2_3&#8243; _builder_version=&#8221;4.16&#8243; global_colors_info=&#8221;{}&#8221;][et_pb_divider show_divider=&#8221;off&#8221; disabled_on=&#8221;on|on|on&#8221; _builder_version=&#8221;4.16&#8243; min_height=&#8221;400px&#8221; disabled=&#8221;on&#8221; global_colors_info=&#8221;{}&#8221;]<br \/>\n[\/et_pb_divider][et_pb_divider show_divider=&#8221;off&#8221; _builder_version=&#8221;4.16&#8243; _module_preset=&#8221;default&#8221; min_height=&#8221;350px&#8221; global_colors_info=&#8221;{}&#8221;][\/et_pb_divider][\/et_pb_column][et_pb_column type=&#8221;1_3&#8243; _builder_version=&#8221;4.16&#8243; global_colors_info=&#8221;{}&#8221;][\/et_pb_column][\/et_pb_row][\/et_pb_section][et_pb_section fb_built=&#8221;1&#8243; disabled_on=&#8221;off|off|on&#8221; admin_label=&#8221;Fejl\u00e9c-mobil, notebook&#8221; _builder_version=&#8221;4.16&#8243; background_image=&#8221;https:\/\/varjasfutofolia.hu\/wp-content\/uploads\/2022\/01\/20220105_futofolia_banner_partner_aloldalra_villanyszereles_mobil_v01.jpg&#8221; background_size=&#8221;contain&#8221; global_colors_info=&#8221;{}&#8221;][et_pb_row column_structure=&#8221;2_3,1_3&#8243; _builder_version=&#8221;4.16&#8243; global_colors_info=&#8221;{}&#8221;][et_pb_column type=&#8221;2_3&#8243; _builder_version=&#8221;4.16&#8243; global_colors_info=&#8221;{}&#8221;][et_pb_divider show_divider=&#8221;off&#8221; _builder_version=&#8221;4.16&#8243; _module_preset=&#8221;default&#8221; global_colors_info=&#8221;{}&#8221;][\/et_pb_divider][et_pb_divider show_divider=&#8221;off&#8221; _builder_version=&#8221;4.16&#8243; _module_preset=&#8221;default&#8221; global_colors_info=&#8221;{}&#8221;][\/et_pb_divider][\/et_pb_column][et_pb_column type=&#8221;1_3&#8243; _builder_version=&#8221;4.16&#8243; global_colors_info=&#8221;{}&#8221;][\/et_pb_column][\/et_pb_row][\/et_pb_section][et_pb_section fb_built=&#8221;1&#8243; disabled_on=&#8221;on|off|off&#8221; _builder_version=&#8221;4.16&#8243; custom_css_main_element=&#8221;background-color: #F69F13;&#8221; box_shadow_style=&#8221;preset3&#8243; global_colors_info=&#8221;{}&#8221;][\/et_pb_section][et_pb_section fb_built=&#8221;1&#8243; admin_label=&#8221;napelem le\u00edr\u00e1s&#8221; _builder_version=&#8221;4.16&#8243; global_colors_info=&#8221;{}&#8221;][et_pb_row _builder_version=&#8221;4.16&#8243; global_colors_info=&#8221;{}&#8221;][et_pb_column type=&#8221;4_4&#8243; _builder_version=&#8221;4.16&#8243; global_colors_info=&#8221;{}&#8221;][et_pb_text _builder_version=&#8221;4.16&#8243; header_font=&#8221;Unna||||||||&#8221; header_font_size=&#8221;32px&#8221; border_width_bottom=&#8221;1px&#8221; border_color_bottom=&#8221;#000000&#8243; global_colors_info=&#8221;{}&#8221;]<\/p>\n<h1>Villanyszerel\u00e9s<\/h1>\n<p>[\/et_pb_text][\/et_pb_column][\/et_pb_row][et_pb_row _builder_version=&#8221;4.16&#8243; global_colors_info=&#8221;{}&#8221;][et_pb_column type=&#8221;4_4&#8243; _builder_version=&#8221;4.16&#8243; global_colors_info=&#8221;{}&#8221;][et_pb_text _builder_version=&#8221;4.27.4&#8243; text_font_size=&#8221;17px&#8221; text_line_height=&#8221;1.8em&#8221; hover_enabled=&#8221;0&#8243; text_font_size_tablet=&#8221;15px&#8221; text_font_size_phone=&#8221;15px&#8221; text_font_size_last_edited=&#8221;on|desktop&#8221; global_colors_info=&#8221;{}&#8221; sticky_enabled=&#8221;0&#8243;]<\/p>\n<p>Projektjeink megval\u00f3s\u00edt\u00e1s\u00e1hoz a villanyszerel\u00e9st illet\u0151en t\u00e1mogat\u00e1st ny\u00fajtunk partner c\u00e9geinken kereszt\u00fcl.<\/p>\n<p>\u00daj \u00e9s r\u00e9gi h\u00e1zak, nyaral\u00f3k, csal\u00e1di h\u00e1zak, \u00fczlethelyis\u00e9gek, k\u00f6z\u00e9p\u00fcletek teljes villanyszerel\u00e9se, h\u00e1l\u00f3zatszerel\u00e9se, karbantart\u00e1sa, fel\u00faj\u00edt\u00e1sa aj\u00e1nlat alapj\u00e1n.<\/p>\n<p>&nbsp;<\/p>\n<p>&nbsp;<\/p>\n<p>[\/et_pb_text][et_pb_button button_url=&#8221;https:\/\/varjasfutofolia.hu\/kapcsolat\/&#8221; button_text=&#8221;Aj\u00e1nlatot k\u00e9rek&#8221; button_alignment=&#8221;center&#8221; module_class=&#8221;narancsgomb&#8221; _builder_version=&#8221;4.16&#8243; custom_button=&#8221;on&#8221; button_text_size=&#8221;25px&#8221; button_text_color=&#8221;#000000&#8243; button_bg_color=&#8221;#F69F13&#8243; button_border_width=&#8221;0px&#8221; button_border_color=&#8221;#F69F13&#8243; button_border_radius=&#8221;0px&#8221; button_font=&#8221;|600|||||||&#8221; button_icon=&#8221;&#x24;||divi||400&#8243; animation_style=&#8221;zoom&#8221; box_shadow_style=&#8221;preset1&#8243; box_shadow_spread=&#8221;2px&#8221; global_colors_info=&#8221;{}&#8221;]<br \/>\n[\/et_pb_button][\/et_pb_column][\/et_pb_row][\/et_pb_section]<\/p>\n","protected":false},"excerpt":{"rendered":"<p>Villanyszerel\u00e9sProjektjeink megval\u00f3s\u00edt\u00e1s\u00e1hoz a villanyszerel\u00e9st illet\u0151en t\u00e1mogat\u00e1st ny\u00fajtunk partner c\u00e9geinken kereszt\u00fcl. \u00daj \u00e9s r\u00e9gi h\u00e1zak, nyaral\u00f3k, csal\u00e1di h\u00e1zak, \u00fczlethelyis\u00e9gek, k\u00f6z\u00e9p\u00fcletek teljes villanyszerel\u00e9se, h\u00e1l\u00f3zatszerel\u00e9se, karbantart\u00e1sa, fel\u00faj\u00edt\u00e1sa aj\u00e1nlat alapj\u00e1n. &nbsp; &nbsp;<\/p>\n","protected":false},"author":1,"featured_media":0,"parent":0,"menu_order":0,"comment_status":"closed","ping_status":"closed","template":"","meta":{"_et_pb_use_builder":"on","_et_pb_old_content":"","_et_gb_content_width":"","footnotes":""},"class_list":["post-9922246","page","type-page","status-publish","hentry"],"yoast_head":"<!-- This site is optimized with the Yoast SEO plugin v26.0 - https:\/\/yoast.com\/wordpress\/plugins\/seo\/ -->\n<title>Villanyszerel\u00e9s<\/title>\n<meta name=\"robots\" content=\"index, follow, max-snippet:-1, max-image-preview:large, max-video-preview:-1\" \/>\n<link rel=\"canonical\" href=\"https:\/\/varjasfutofolia.hu\/en\/villanyszereles\/\" \/>\n<meta property=\"og:locale\" content=\"en_US\" \/>\n<meta property=\"og:locale:alternate\" content=\"hu_HU\" \/>\n<meta property=\"og:locale:alternate\" content=\"de_DE\" \/>\n<meta property=\"og:type\" content=\"article\" \/>\n<meta property=\"og:title\" content=\"Villanyszerel\u00e9s\" \/>\n<meta property=\"og:description\" content=\"Villanyszerel\u00e9sProjektjeink megval\u00f3s\u00edt\u00e1s\u00e1hoz a villanyszerel\u00e9st illet\u0151en t\u00e1mogat\u00e1st ny\u00fajtunk partner c\u00e9geinken kereszt\u00fcl. \u00daj \u00e9s r\u00e9gi h\u00e1zak, nyaral\u00f3k, csal\u00e1di h\u00e1zak, \u00fczlethelyis\u00e9gek, k\u00f6z\u00e9p\u00fcletek teljes villanyszerel\u00e9se, h\u00e1l\u00f3zatszerel\u00e9se, karbantart\u00e1sa, fel\u00faj\u00edt\u00e1sa aj\u00e1nlat alapj\u00e1n. &nbsp; &nbsp;\" \/>\n<meta property=\"og:url\" content=\"https:\/\/varjasfutofolia.hu\/en\/villanyszereles\/\" \/>\n<meta property=\"og:site_name\" content=\"Varjas F\u0171t\u0151f\u00f3lia\" \/>\n<meta property=\"article:modified_time\" content=\"2025-10-03T09:03:32+00:00\" \/>\n<meta name=\"twitter:card\" content=\"summary_large_image\" \/>\n<meta name=\"twitter:label1\" content=\"Est. reading time\" \/>\n\t<meta name=\"twitter:data1\" content=\"1 minute\" \/>\n<script type=\"application\/ld+json\" class=\"yoast-schema-graph\">{\"@context\":\"https:\/\/schema.org\",\"@graph\":[{\"@type\":\"WebPage\",\"@id\":\"https:\/\/varjasfutofolia.hu\/villanyszereles\/\",\"url\":\"https:\/\/varjasfutofolia.hu\/villanyszereles\/\",\"name\":\"Villanyszerel\u00e9s\",\"isPartOf\":{\"@id\":\"https:\/\/varjasfutofolia.hu\/#website\"},\"datePublished\":\"2022-01-01T16:31:13+00:00\",\"dateModified\":\"2025-10-03T09:03:32+00:00\",\"breadcrumb\":{\"@id\":\"https:\/\/varjasfutofolia.hu\/villanyszereles\/#breadcrumb\"},\"inLanguage\":\"en-US\",\"potentialAction\":[{\"@type\":\"ReadAction\",\"target\":[\"https:\/\/varjasfutofolia.hu\/villanyszereles\/\"]}]},{\"@type\":\"BreadcrumbList\",\"@id\":\"https:\/\/varjasfutofolia.hu\/villanyszereles\/#breadcrumb\",\"itemListElement\":[{\"@type\":\"ListItem\",\"position\":1,\"name\":\"Kezd\u0151lap\",\"item\":\"https:\/\/varjasfutofolia.hu\/\"},{\"@type\":\"ListItem\",\"position\":2,\"name\":\"Villanyszerel\u00e9s\"}]},{\"@type\":\"WebSite\",\"@id\":\"https:\/\/varjasfutofolia.hu\/#website\",\"url\":\"https:\/\/varjasfutofolia.hu\/\",\"name\":\"Varjas F\u0171t\u0151f\u00f3lia\",\"description\":\"A Nap melege az \u00d6n otthon\u00e1ban\",\"potentialAction\":[{\"@type\":\"SearchAction\",\"target\":{\"@type\":\"EntryPoint\",\"urlTemplate\":\"https:\/\/varjasfutofolia.hu\/?s={search_term_string}\"},\"query-input\":{\"@type\":\"PropertyValueSpecification\",\"valueRequired\":true,\"valueName\":\"search_term_string\"}}],\"inLanguage\":\"en-US\"}]}<\/script>\n<!-- \/ Yoast SEO plugin. -->","yoast_head_json":{"title":"Villanyszerel\u00e9s","robots":{"index":"index","follow":"follow","max-snippet":"max-snippet:-1","max-image-preview":"max-image-preview:large","max-video-preview":"max-video-preview:-1"},"canonical":"https:\/\/varjasfutofolia.hu\/en\/villanyszereles\/","og_locale":"en_US","og_type":"article","og_title":"[:hu]Villanyszerel\u00e9s[:] - Varjas F\u0171t\u0151f\u00f3lia","og_description":"Villanyszerel\u00e9sProjektjeink megval\u00f3s\u00edt\u00e1s\u00e1hoz a villanyszerel\u00e9st illet\u0151en t\u00e1mogat\u00e1st ny\u00fajtunk partner c\u00e9geinken kereszt\u00fcl. \u00daj \u00e9s r\u00e9gi h\u00e1zak, nyaral\u00f3k, csal\u00e1di h\u00e1zak, \u00fczlethelyis\u00e9gek, k\u00f6z\u00e9p\u00fcletek teljes villanyszerel\u00e9se, h\u00e1l\u00f3zatszerel\u00e9se, karbantart\u00e1sa, fel\u00faj\u00edt\u00e1sa aj\u00e1nlat alapj\u00e1n. &nbsp; &nbsp;","og_url":"https:\/\/varjasfutofolia.hu\/en\/villanyszereles\/","og_site_name":"Varjas F\u0171t\u0151f\u00f3lia","article_modified_time":"2025-10-03T09:03:32+00:00","twitter_card":"summary_large_image","twitter_misc":{"Est. reading time":"1 minute"},"schema":{"@context":"https:\/\/schema.org","@graph":[{"@type":"WebPage","@id":"https:\/\/varjasfutofolia.hu\/villanyszereles\/","url":"https:\/\/varjasfutofolia.hu\/villanyszereles\/","name":"Villanyszerel\u00e9s","isPartOf":{"@id":"https:\/\/varjasfutofolia.hu\/#website"},"datePublished":"2022-01-01T16:31:13+00:00","dateModified":"2025-10-03T09:03:32+00:00","breadcrumb":{"@id":"https:\/\/varjasfutofolia.hu\/villanyszereles\/#breadcrumb"},"inLanguage":"en-US","potentialAction":[{"@type":"ReadAction","target":["https:\/\/varjasfutofolia.hu\/villanyszereles\/"]}]},{"@type":"BreadcrumbList","@id":"https:\/\/varjasfutofolia.hu\/villanyszereles\/#breadcrumb","itemListElement":[{"@type":"ListItem","position":1,"name":"Kezd\u0151lap","item":"https:\/\/varjasfutofolia.hu\/"},{"@type":"ListItem","position":2,"name":"Villanyszerel\u00e9s"}]},{"@type":"WebSite","@id":"https:\/\/varjasfutofolia.hu\/#website","url":"https:\/\/varjasfutofolia.hu\/","name":"Varjas F\u0171t\u0151f\u00f3lia","description":"A Nap melege az \u00d6n otthon\u00e1ban","potentialAction":[{"@type":"SearchAction","target":{"@type":"EntryPoint","urlTemplate":"https:\/\/varjasfutofolia.hu\/?s={search_term_string}"},"query-input":{"@type":"PropertyValueSpecification","valueRequired":true,"valueName":"search_term_string"}}],"inLanguage":"en-US"}]}},"_links":{"self":[{"href":"https:\/\/varjasfutofolia.hu\/en\/wp-json\/wp\/v2\/pages\/9922246","targetHints":{"allow":["GET"]}}],"collection":[{"href":"https:\/\/varjasfutofolia.hu\/en\/wp-json\/wp\/v2\/pages"}],"about":[{"href":"https:\/\/varjasfutofolia.hu\/en\/wp-json\/wp\/v2\/types\/page"}],"author":[{"embeddable":true,"href":"https:\/\/varjasfutofolia.hu\/en\/wp-json\/wp\/v2\/users\/1"}],"replies":[{"embeddable":true,"href":"https:\/\/varjasfutofolia.hu\/en\/wp-json\/wp\/v2\/comments?post=9922246"}],"version-history":[{"count":9,"href":"https:\/\/varjasfutofolia.hu\/en\/wp-json\/wp\/v2\/pages\/9922246\/revisions"}],"predecessor-version":[{"id":9932139,"href":"https:\/\/varjasfutofolia.hu\/en\/wp-json\/wp\/v2\/pages\/9922246\/revisions\/9932139"}],"wp:attachment":[{"href":"https:\/\/varjasfutofolia.hu\/en\/wp-json\/wp\/v2\/media?parent=9922246"}],"curies":[{"name":"wp","href":"https:\/\/api.w.org\/{rel}","templated":true}]}}