{"id":9932077,"date":"2025-03-02T22:33:13","date_gmt":"2025-03-02T21:33:13","guid":{"rendered":"https:\/\/varjasfutofolia.hu\/?post_type=product&#038;p=9932077"},"modified":"2025-03-02T22:35:58","modified_gmt":"2025-03-02T21:35:58","slug":"futofolia-kivitelezo-kepzes-2025-03-3-4","status":"publish","type":"product","link":"https:\/\/varjasfutofolia.hu\/de\/termek\/futofolia-kivitelezo-kepzes-2025-03-3-4\/","title":{"rendered":"F\u0171t\u0151f\u00f3lia kivitelez\u0151 k\u00e9pz\u00e9s 2025.03.3-4"},"content":{"rendered":"<p>Magyarorsz\u00e1gon els\u0151k\u00e9nt ind\u00edtjuk el Infra F\u0171t\u0151f\u00f3lia kivitelez\u0151 k\u00e9pz\u00e9s\u00fcnket. C\u00e9lja, hogy azon villanyszerel\u0151k, akik szeretn\u00e9nek infraf\u0171t\u00e9s telep\u00edt\u00e9ssel foglalkozni, szakmailag felk\u00e9sz\u00edts\u00fck \u0151ket, \u00e9s a j\u00f6v\u0151ben tudjunk nekik munk\u00e1t biztos\u00edtani.<\/p>\n<p>A k\u00e9pz\u00e9s 3 r\u00e9szb\u0151l \u00e1ll:<\/p>\n<ul>\n<li>Online elm\u00e9leti k\u00e9pz\u00e9s \u00a0kb 15 \u00f3ra (Mindenki a saj\u00e1t temp\u00f3j\u00e1ban halad)<\/li>\n<li>Gyakorlati k\u00e9pz\u00e9s &#8211; 2 nap<\/li>\n<li>Gyakornokoskod\u00e1s<\/li>\n<\/ul>\n<p>&nbsp;<\/p>\n<p><strong>Elm\u00e9leti k\u00e9pz\u00e9s<\/strong><\/p>\n<ul>\n<li>Infraf\u0171t\u00e9sr\u0151l \u00e1ltal\u00e1noss\u00e1gban<\/li>\n<li>F\u0171t\u0151f\u00f3lia t\u00edpusai<\/li>\n<li>F\u0171t\u0151f\u00f3lia kivitelez\u00e9si m\u00f3djai<\/li>\n<li>K\u00f6telez\u0151 szersz\u00e1mok \u00e9s eszk\u00f6z\u00f6k a kivitelez\u00e9shez<\/li>\n<li>F\u0171t\u0151f\u00f3lia \u00e1ram ell\u00e1t\u00e1sa<\/li>\n<li>F\u0171t\u0151f\u00f3lia \u00f6sszeszerel\u00e9se<\/li>\n<li>H\u0151t\u00fck\u00f6r telep\u00edt\u00e9se<\/li>\n<li>P\u00e1raz\u00e1r\u00f3 f\u00f3lia<\/li>\n<li>Kivitelez\u00e9s el\u0151tti teend\u0151k<\/li>\n<li>Akci\u00f3k a kivitelez\u00e9s helysz\u00edn\u00e9n<\/li>\n<li>Gyakori hib\u00e1k a kivitelez\u00e9sben<\/li>\n<li>Kivitelez\u00e9shez sz\u00fcks\u00e9ges dokumentumok<\/li>\n<li>Felt\u00e9telek a F\u0171t\u0151f\u00f3lia kivitelez\u00e9shez<\/li>\n<li>\u00datmutat\u00f3 szerel\u0151nek \u2013 indul\u00e1s el\u0151tt<\/li>\n<li>\u00datmutat\u00f3 szerel\u0151nek \u2013 kivitelez\u00e9si helysz\u00ednre<\/li>\n<li>Online aj\u00e1nlat k\u00e9sz\u00edt\u0151 kalkul\u00e1tor<\/li>\n<\/ul>\n<p>&nbsp;<\/p>\n<p><strong>Gyakorlati k\u00e9pz\u00e9s<\/strong><\/p>\n<p>2025.03.03-04 h\u00e9tf\u0151-kedd (09:30-17:00)<\/p>\n<ul>\n<li>Mit teszel drillek az elm\u00e9leti k\u00e9pz\u00e9sen tanult anyagokra<\/li>\n<li>Gyakori k\u00e9rd\u00e9sek<\/li>\n<li>F\u0171t\u0151f\u00f3lia szerel\u00e9s megtanul\u00e1sa<\/li>\n<li>Burkolatoknak megfelel\u0151 F\u0171t\u0151f\u00f3lia r\u00e9tegrend kialak\u00edt\u00e1sa<\/li>\n<li>F\u0171t\u0151f\u00f3lia bek\u00f6t\u00e9se a k\u00f6t\u0151dobozba<\/li>\n<li>Vez\u00e9rl\u00e9sek bek\u00f6t\u00e9se \u00e9s be\u00e1ll\u00edt\u00e1sa<\/li>\n<li>Kivitelez\u00e9s dokument\u00e1l\u00e1sa<\/li>\n<\/ul>\n<p>&nbsp;<\/p>\n<p><strong>Gyakornokoskod\u00e1s<\/strong><\/p>\n<p>\u201eA GYAKORNOK sz\u00f3 jelent\u00e9se: \u00bbhalad\u00f3 vagy friss v\u00e9gzett egy szakmai ter\u00fcleten, aki egy tapasztalt dolgoz\u00f3 fel\u00fcgyelete alatt gyakorlati tapasztalatokat szerez\u00ab\u201d<\/p>\n<p>&nbsp;<\/p>\n<p>Egy szakk\u00e9pzett kivitelez\u0151 mellett val\u00f3s kivitelez\u00e9si k\u00f6rnyezetekben kell elsaj\u00e1t\u00edtani \u00e9s bemutatni a szakszer\u0171 F\u0171t\u0151f\u00f3lia telep\u00edt\u00e9s minden elem\u00e9t.<\/p>\n<p>&nbsp;<\/p>\n<p>Csoportos kedvezm\u00e9nyek:<\/p>\n<p>&#8211; 2 f\u0151 eset\u00e9n 10 %<\/p>\n<p>&#8211; 3 f\u0151 eset\u00e9n 20 %<\/p>\n<p>&#8211; 4 f\u0151t\u0151l 30 %<\/p>\n","protected":false},"excerpt":{"rendered":"<p>Magyarorsz\u00e1gon els\u0151k\u00e9nt ind\u00edtjuk el Infra F\u0171t\u0151f\u00f3lia kivitelez\u0151 k\u00e9pz\u00e9s\u00fcnket. C\u00e9lja, hogy azon villanyszerel\u0151k, akik szeretn\u00e9nek infraf\u0171t\u00e9s telep\u00edt\u00e9ssel foglalkozni, szakmailag felk\u00e9sz\u00edts\u00fck \u0151ket, \u00e9s a j\u00f6v\u0151ben tudjunk nekik munk\u00e1t biztos\u00edtani. A k\u00e9pz\u00e9s 3 r\u00e9szb\u0151l \u00e1ll: Online elm\u00e9leti k\u00e9pz\u00e9s \u00a0kb 15 \u00f3ra (Mindenki a saj\u00e1t temp\u00f3j\u00e1ban halad) Gyakorlati k\u00e9pz\u00e9s &#8211; 2 nap Gyakornokoskod\u00e1s &nbsp; Elm\u00e9leti k\u00e9pz\u00e9s Infraf\u0171t\u00e9sr\u0151l \u00e1ltal\u00e1noss\u00e1gban F\u0171t\u0151f\u00f3lia [&hellip;]<\/p>\n","protected":false},"featured_media":9921528,"comment_status":"open","ping_status":"closed","template":"","meta":{"_et_pb_use_builder":"","_et_pb_old_content":"","_et_gb_content_width":""},"product_brand":[],"product_cat":[27],"product_tag":[],"class_list":{"0":"post-9932077","1":"product","2":"type-product","3":"status-publish","4":"has-post-thumbnail","6":"product_cat-oktatas","8":"first","9":"instock","10":"virtual","11":"taxable","12":"purchasable","13":"product-type-simple"},"yoast_head":"<!-- This site is optimized with the Yoast SEO plugin v26.0 - https:\/\/yoast.com\/wordpress\/plugins\/seo\/ -->\n<title>F\u0171t\u0151f\u00f3lia kivitelez\u0151 k\u00e9pz\u00e9s 2025.03.3-4 - Varjas F\u0171t\u0151f\u00f3lia<\/title>\n<meta name=\"robots\" content=\"index, follow, max-snippet:-1, max-image-preview:large, max-video-preview:-1\" \/>\n<link rel=\"canonical\" href=\"https:\/\/varjasfutofolia.hu\/de\/termek\/futofolia-kivitelezo-kepzes-2025-03-3-4\/\" \/>\n<meta property=\"og:locale\" content=\"de_DE\" \/>\n<meta property=\"og:locale:alternate\" content=\"en_US\" \/>\n<meta property=\"og:locale:alternate\" content=\"hu_HU\" \/>\n<meta property=\"og:type\" content=\"article\" \/>\n<meta property=\"og:title\" content=\"F\u0171t\u0151f\u00f3lia kivitelez\u0151 k\u00e9pz\u00e9s 2025.03.3-4 - Varjas F\u0171t\u0151f\u00f3lia\" \/>\n<meta property=\"og:description\" content=\"Magyarorsz\u00e1gon els\u0151k\u00e9nt ind\u00edtjuk el Infra F\u0171t\u0151f\u00f3lia kivitelez\u0151 k\u00e9pz\u00e9s\u00fcnket. C\u00e9lja, hogy azon villanyszerel\u0151k, akik szeretn\u00e9nek infraf\u0171t\u00e9s telep\u00edt\u00e9ssel foglalkozni, szakmailag felk\u00e9sz\u00edts\u00fck \u0151ket, \u00e9s a j\u00f6v\u0151ben tudjunk nekik munk\u00e1t biztos\u00edtani. A k\u00e9pz\u00e9s 3 r\u00e9szb\u0151l \u00e1ll: Online elm\u00e9leti k\u00e9pz\u00e9s \u00a0kb 15 \u00f3ra (Mindenki a saj\u00e1t temp\u00f3j\u00e1ban halad) Gyakorlati k\u00e9pz\u00e9s &#8211; 2 nap Gyakornokoskod\u00e1s &nbsp; Elm\u00e9leti k\u00e9pz\u00e9s Infraf\u0171t\u00e9sr\u0151l \u00e1ltal\u00e1noss\u00e1gban F\u0171t\u0151f\u00f3lia [&hellip;]\" \/>\n<meta property=\"og:url\" content=\"https:\/\/varjasfutofolia.hu\/de\/termek\/futofolia-kivitelezo-kepzes-2025-03-3-4\/\" \/>\n<meta property=\"og:site_name\" content=\"Varjas F\u0171t\u0151f\u00f3lia\" \/>\n<meta property=\"article:modified_time\" content=\"2025-03-02T21:35:58+00:00\" \/>\n<meta name=\"twitter:card\" content=\"summary_large_image\" \/>\n<meta name=\"twitter:label1\" content=\"Gesch\u00e4tzte Lesezeit\" \/>\n\t<meta name=\"twitter:data1\" content=\"2\u00a0Minuten\" \/>\n<script type=\"application\/ld+json\" class=\"yoast-schema-graph\">{\"@context\":\"https:\/\/schema.org\",\"@graph\":[{\"@type\":\"WebPage\",\"@id\":\"https:\/\/varjasfutofolia.hu\/termek\/futofolia-kivitelezo-kepzes-2025-03-3-4\/\",\"url\":\"https:\/\/varjasfutofolia.hu\/termek\/futofolia-kivitelezo-kepzes-2025-03-3-4\/\",\"name\":\"F\u0171t\u0151f\u00f3lia kivitelez\u0151 k\u00e9pz\u00e9s 2025.03.3-4 - Varjas F\u0171t\u0151f\u00f3lia\",\"isPartOf\":{\"@id\":\"https:\/\/varjasfutofolia.hu\/#website\"},\"primaryImageOfPage\":{\"@id\":\"https:\/\/varjasfutofolia.hu\/termek\/futofolia-kivitelezo-kepzes-2025-03-3-4\/#primaryimage\"},\"image\":{\"@id\":\"https:\/\/varjasfutofolia.hu\/termek\/futofolia-kivitelezo-kepzes-2025-03-3-4\/#primaryimage\"},\"thumbnailUrl\":\"https:\/\/varjasfutofolia.hu\/wp-content\/uploads\/2021\/11\/futofolia_kivitelezes_kepzes.jpg\",\"datePublished\":\"2025-03-02T21:33:13+00:00\",\"dateModified\":\"2025-03-02T21:35:58+00:00\",\"breadcrumb\":{\"@id\":\"https:\/\/varjasfutofolia.hu\/termek\/futofolia-kivitelezo-kepzes-2025-03-3-4\/#breadcrumb\"},\"inLanguage\":\"de-DE\",\"potentialAction\":[{\"@type\":\"ReadAction\",\"target\":[\"https:\/\/varjasfutofolia.hu\/termek\/futofolia-kivitelezo-kepzes-2025-03-3-4\/\"]}]},{\"@type\":\"ImageObject\",\"inLanguage\":\"de-DE\",\"@id\":\"https:\/\/varjasfutofolia.hu\/termek\/futofolia-kivitelezo-kepzes-2025-03-3-4\/#primaryimage\",\"url\":\"https:\/\/varjasfutofolia.hu\/wp-content\/uploads\/2021\/11\/futofolia_kivitelezes_kepzes.jpg\",\"contentUrl\":\"https:\/\/varjasfutofolia.hu\/wp-content\/uploads\/2021\/11\/futofolia_kivitelezes_kepzes.jpg\",\"width\":872,\"height\":731},{\"@type\":\"BreadcrumbList\",\"@id\":\"https:\/\/varjasfutofolia.hu\/termek\/futofolia-kivitelezo-kepzes-2025-03-3-4\/#breadcrumb\",\"itemListElement\":[{\"@type\":\"ListItem\",\"position\":1,\"name\":\"Kezd\u0151lap\",\"item\":\"https:\/\/varjasfutofolia.hu\/\"},{\"@type\":\"ListItem\",\"position\":2,\"name\":\"\u00dczlet\",\"item\":\"https:\/\/varjasfutofolia.hu\/uzlet\/\"},{\"@type\":\"ListItem\",\"position\":3,\"name\":\"F\u0171t\u0151f\u00f3lia kivitelez\u0151 k\u00e9pz\u00e9s 2025.03.3-4\"}]},{\"@type\":\"WebSite\",\"@id\":\"https:\/\/varjasfutofolia.hu\/#website\",\"url\":\"https:\/\/varjasfutofolia.hu\/\",\"name\":\"Varjas F\u0171t\u0151f\u00f3lia\",\"description\":\"A Nap melege az \u00d6n otthon\u00e1ban\",\"potentialAction\":[{\"@type\":\"SearchAction\",\"target\":{\"@type\":\"EntryPoint\",\"urlTemplate\":\"https:\/\/varjasfutofolia.hu\/?s={search_term_string}\"},\"query-input\":{\"@type\":\"PropertyValueSpecification\",\"valueRequired\":true,\"valueName\":\"search_term_string\"}}],\"inLanguage\":\"de-DE\"}]}<\/script>\n<!-- \/ Yoast SEO plugin. -->","yoast_head_json":{"title":"F\u0171t\u0151f\u00f3lia kivitelez\u0151 k\u00e9pz\u00e9s 2025.03.3-4 - Varjas F\u0171t\u0151f\u00f3lia","robots":{"index":"index","follow":"follow","max-snippet":"max-snippet:-1","max-image-preview":"max-image-preview:large","max-video-preview":"max-video-preview:-1"},"canonical":"https:\/\/varjasfutofolia.hu\/de\/termek\/futofolia-kivitelezo-kepzes-2025-03-3-4\/","og_locale":"de_DE","og_type":"article","og_title":"F\u0171t\u0151f\u00f3lia kivitelez\u0151 k\u00e9pz\u00e9s 2025.03.3-4 - Varjas F\u0171t\u0151f\u00f3lia","og_description":"Magyarorsz\u00e1gon els\u0151k\u00e9nt ind\u00edtjuk el Infra F\u0171t\u0151f\u00f3lia kivitelez\u0151 k\u00e9pz\u00e9s\u00fcnket. C\u00e9lja, hogy azon villanyszerel\u0151k, akik szeretn\u00e9nek infraf\u0171t\u00e9s telep\u00edt\u00e9ssel foglalkozni, szakmailag felk\u00e9sz\u00edts\u00fck \u0151ket, \u00e9s a j\u00f6v\u0151ben tudjunk nekik munk\u00e1t biztos\u00edtani. A k\u00e9pz\u00e9s 3 r\u00e9szb\u0151l \u00e1ll: Online elm\u00e9leti k\u00e9pz\u00e9s \u00a0kb 15 \u00f3ra (Mindenki a saj\u00e1t temp\u00f3j\u00e1ban halad) Gyakorlati k\u00e9pz\u00e9s &#8211; 2 nap Gyakornokoskod\u00e1s &nbsp; Elm\u00e9leti k\u00e9pz\u00e9s Infraf\u0171t\u00e9sr\u0151l \u00e1ltal\u00e1noss\u00e1gban F\u0171t\u0151f\u00f3lia [&hellip;]","og_url":"https:\/\/varjasfutofolia.hu\/de\/termek\/futofolia-kivitelezo-kepzes-2025-03-3-4\/","og_site_name":"Varjas F\u0171t\u0151f\u00f3lia","article_modified_time":"2025-03-02T21:35:58+00:00","twitter_card":"summary_large_image","twitter_misc":{"Gesch\u00e4tzte Lesezeit":"2\u00a0Minuten"},"schema":{"@context":"https:\/\/schema.org","@graph":[{"@type":"WebPage","@id":"https:\/\/varjasfutofolia.hu\/termek\/futofolia-kivitelezo-kepzes-2025-03-3-4\/","url":"https:\/\/varjasfutofolia.hu\/termek\/futofolia-kivitelezo-kepzes-2025-03-3-4\/","name":"F\u0171t\u0151f\u00f3lia kivitelez\u0151 k\u00e9pz\u00e9s 2025.03.3-4 - Varjas F\u0171t\u0151f\u00f3lia","isPartOf":{"@id":"https:\/\/varjasfutofolia.hu\/#website"},"primaryImageOfPage":{"@id":"https:\/\/varjasfutofolia.hu\/termek\/futofolia-kivitelezo-kepzes-2025-03-3-4\/#primaryimage"},"image":{"@id":"https:\/\/varjasfutofolia.hu\/termek\/futofolia-kivitelezo-kepzes-2025-03-3-4\/#primaryimage"},"thumbnailUrl":"https:\/\/varjasfutofolia.hu\/wp-content\/uploads\/2021\/11\/futofolia_kivitelezes_kepzes.jpg","datePublished":"2025-03-02T21:33:13+00:00","dateModified":"2025-03-02T21:35:58+00:00","breadcrumb":{"@id":"https:\/\/varjasfutofolia.hu\/termek\/futofolia-kivitelezo-kepzes-2025-03-3-4\/#breadcrumb"},"inLanguage":"de-DE","potentialAction":[{"@type":"ReadAction","target":["https:\/\/varjasfutofolia.hu\/termek\/futofolia-kivitelezo-kepzes-2025-03-3-4\/"]}]},{"@type":"ImageObject","inLanguage":"de-DE","@id":"https:\/\/varjasfutofolia.hu\/termek\/futofolia-kivitelezo-kepzes-2025-03-3-4\/#primaryimage","url":"https:\/\/varjasfutofolia.hu\/wp-content\/uploads\/2021\/11\/futofolia_kivitelezes_kepzes.jpg","contentUrl":"https:\/\/varjasfutofolia.hu\/wp-content\/uploads\/2021\/11\/futofolia_kivitelezes_kepzes.jpg","width":872,"height":731},{"@type":"BreadcrumbList","@id":"https:\/\/varjasfutofolia.hu\/termek\/futofolia-kivitelezo-kepzes-2025-03-3-4\/#breadcrumb","itemListElement":[{"@type":"ListItem","position":1,"name":"Kezd\u0151lap","item":"https:\/\/varjasfutofolia.hu\/"},{"@type":"ListItem","position":2,"name":"\u00dczlet","item":"https:\/\/varjasfutofolia.hu\/uzlet\/"},{"@type":"ListItem","position":3,"name":"F\u0171t\u0151f\u00f3lia kivitelez\u0151 k\u00e9pz\u00e9s 2025.03.3-4"}]},{"@type":"WebSite","@id":"https:\/\/varjasfutofolia.hu\/#website","url":"https:\/\/varjasfutofolia.hu\/","name":"Varjas F\u0171t\u0151f\u00f3lia","description":"A Nap melege az \u00d6n otthon\u00e1ban","potentialAction":[{"@type":"SearchAction","target":{"@type":"EntryPoint","urlTemplate":"https:\/\/varjasfutofolia.hu\/?s={search_term_string}"},"query-input":{"@type":"PropertyValueSpecification","valueRequired":true,"valueName":"search_term_string"}}],"inLanguage":"de-DE"}]}},"_links":{"self":[{"href":"https:\/\/varjasfutofolia.hu\/de\/wp-json\/wp\/v2\/product\/9932077","targetHints":{"allow":["GET"]}}],"collection":[{"href":"https:\/\/varjasfutofolia.hu\/de\/wp-json\/wp\/v2\/product"}],"about":[{"href":"https:\/\/varjasfutofolia.hu\/de\/wp-json\/wp\/v2\/types\/product"}],"replies":[{"embeddable":true,"href":"https:\/\/varjasfutofolia.hu\/de\/wp-json\/wp\/v2\/comments?post=9932077"}],"wp:featuredmedia":[{"embeddable":true,"href":"https:\/\/varjasfutofolia.hu\/de\/wp-json\/wp\/v2\/media\/9921528"}],"wp:attachment":[{"href":"https:\/\/varjasfutofolia.hu\/de\/wp-json\/wp\/v2\/media?parent=9932077"}],"wp:term":[{"taxonomy":"product_brand","embeddable":true,"href":"https:\/\/varjasfutofolia.hu\/de\/wp-json\/wp\/v2\/product_brand?post=9932077"},{"taxonomy":"product_cat","embeddable":true,"href":"https:\/\/varjasfutofolia.hu\/de\/wp-json\/wp\/v2\/product_cat?post=9932077"},{"taxonomy":"product_tag","embeddable":true,"href":"https:\/\/varjasfutofolia.hu\/de\/wp-json\/wp\/v2\/product_tag?post=9932077"}],"curies":[{"name":"wp","href":"https:\/\/api.w.org\/{rel}","templated":true}]}}