{"id":9932068,"date":"2025-03-02T22:33:07","date_gmt":"2025-03-02T21:33:07","guid":{"rendered":"https:\/\/varjasfutofolia.hu\/?post_type=product&#038;p=9932068"},"modified":"2025-03-02T22:34:47","modified_gmt":"2025-03-02T21:34:47","slug":"infra-kutyahazfutes-50x50-cm","status":"publish","type":"product","link":"https:\/\/varjasfutofolia.hu\/de\/termek\/infra-kutyahazfutes-50x50-cm\/","title":{"rendered":"Infra kutyah\u00e1zf\u0171t\u00e9s- 50&#215;50 cm"},"content":{"rendered":"<h3><strong>K\u00e9nyelem \u00e9s Melegs\u00e9g Kedvenceinek<\/strong><\/h3>\n<p>A hideg h\u00f3napokban a h\u00e1zikedvenceknek is sz\u00fcks\u00e9g\u00fck van a megfelel\u0151 h\u0151m\u00e9rs\u00e9kletre, hogy komfortosan pihenhessenek. Az innovat\u00edv kutyah\u00e1zf\u0171t\u00e9s kinti kuty\u00e1knak \u00e9s macsk\u00e1knak lett kifejlesztve, hogy biztos\u00edtja sz\u00e1mukra a folyamatos meleg k\u00f6rnyezetet. A p\u00e1rna egy f\u0171t\u0151f\u00f3li\u00e1t tartalmaz, mely egy termoszt\u00e1ttal szab\u00e1lyozhat\u00f3, \u00edgy k\u00f6nnyed\u00e9n be\u00e1ll\u00edthat\u00f3 a k\u00edv\u00e1nt h\u0151m\u00e9rs\u00e9klet. A huzat egyar\u00e1nt k\u00e9nyelmes \u00e9s k\u00f6nnyen tiszt\u00edthat\u00f3, \u00edgy a p\u00e1rna hossz\u00fa t\u00e1von is megb\u00edzhat\u00f3 megold\u00e1st k\u00edn\u00e1l.<\/p>\n<h3><strong>Kutyah\u00e1zf\u0171t\u00e9s Sokoldal\u00fa Felhaszn\u00e1l\u00e1sa \u2013 Kedvencekt\u0151l a Gazdikig<\/strong><\/h3>\n<p>Ez a meleg\u00edt\u0151 p\u00e1rna nemcsak kuty\u00e1knak \u00e9s macsk\u00e1knak k\u00edn\u00e1l k\u00e9nyelmet, hanem emberek sz\u00e1m\u00e1ra is kiv\u00e1l\u00f3 v\u00e1laszt\u00e1s lehet. Haszn\u00e1lhat\u00f3 a h\u00e1tnak, der\u00e9knak al\u00e1t\u00e1maszt\u00e1sk\u00e9nt, vagy f\u00e1j\u00f3 izmok, \u00edz\u00fcletek meleg\u00edt\u00e9s\u00e9re. A meleg p\u00e1rna seg\u00edthet enyh\u00edteni a stresszt, laz\u00edtani az izmokat, \u00e9s biztos\u00edtani a nyugodt pihen\u00e9st, \u00edgy nemcsak kedvenceink, hanem mi magunk is \u00e9lvezhetj\u00fck a kellemes meleg \u00e9rzetet. A p\u00e1rna t\u00f6k\u00e9letes megold\u00e1s a hideg napokra, amikor mindenki egy kis extra k\u00e9nyelemre v\u00e1gyik.<\/p>\n<h3><strong>K\u00f6nny\u0171 Haszn\u00e1lat\u00fa \u00e9s Biztons\u00e1gos M\u0171k\u00f6d\u00e9s<\/strong><\/h3>\n<p>A p\u00e1rna haszn\u00e1lata rendk\u00edv\u00fcl egyszer\u0171. A termoszt\u00e1ttal ell\u00e1tott f\u0171t\u0151f\u00f3lia gondoskodik arr\u00f3l, hogy mindig a megfelel\u0151 h\u0151m\u00e9rs\u00e9kletet biztos\u00edtsa. Az alacsony energiafogyaszt\u00e1s\u00fa eszk\u00f6z nemcsak gazdas\u00e1gos, hanem k\u00f6rnyezetbar\u00e1t megold\u00e1s is. A biztons\u00e1gos m\u0171k\u00f6d\u00e9s \u00e9rdek\u00e9ben a f\u0171t\u0151f\u00f3lia megb\u00edzhat\u00f3an van be\u00e9p\u00edtve a p\u00e1rn\u00e1ba, amely hossz\u00fa \u00e9lettartamot \u00e9s stabil h\u0151m\u00e9rs\u00e9kletet garant\u00e1l. A huzat anyaga er\u0151s \u00e9s strapab\u00edr\u00f3, k\u00f6nnyen tiszt\u00edthat\u00f3, \u00edgy hossz\u00fa t\u00e1von is k\u00e9nyelmes megold\u00e1st biztos\u00edt.<\/p>\n<h3><strong>Eg\u00e9szs\u00e9g\u00fcgyi El\u0151ny\u00f6k \u00e9s K\u00fcl\u00f6nleges K\u00e9nyelmet K\u00edn\u00e1l a Kedvenceknek<\/strong><\/h3>\n<p>Az id\u0151s, beteg vagy f\u00e1j\u00f3s \u00edz\u00fcletekkel rendelkez\u0151 h\u00e1zikedvencek sz\u00e1m\u00e1ra a meleg\u00edt\u0151 p\u00e1rna igazi seg\u00edts\u00e9get jelenthet. A folyamatosan szab\u00e1lyozhat\u00f3 h\u0151m\u00e9rs\u00e9klet enyh\u00edtheti az \u00edz\u00fcleti f\u00e1jdalmakat, \u00e9s seg\u00edthet a regener\u00e1ci\u00f3ban. A meleg hat\u00e1s\u00e1ra a kuty\u00e1k \u00e9s macsk\u00e1k izmai is ellazulnak, \u00edgy gyorsabban pihenhetnek \u00e9s felt\u00f6lt\u0151dhetnek. Emellett az emberek sz\u00e1m\u00e1ra is rendk\u00edv\u00fcl hasznos lehet az izomlaz\u00edt\u00e1sra vagy a f\u00e1radt h\u00e1t megpihentet\u00e9s\u00e9re. A meleg\u00edt\u0151 p\u00e1rna teh\u00e1t nemcsak \u00e1llatok, hanem gazdik sz\u00e1m\u00e1ra is k\u00e9nyelmes megold\u00e1s.<\/p>\n<h3><strong>T\u00f6k\u00e9letes Aj\u00e1nd\u00e9k \u00e9s Praktikus T\u00e1rol\u00e1s<\/strong><\/h3>\n<p>Ez a sokoldal\u00fa meleg\u00edt\u0151 p\u00e1rna ide\u00e1lis aj\u00e1nd\u00e9k lehet \u00e1llatbar\u00e1toknak, \u00e9s minden otthon hasznos kieg\u00e9sz\u00edt\u0151je. K\u00f6nnyen t\u00e1rolhat\u00f3, amikor nincs r\u00e1 sz\u00fcks\u00e9g, mivel kis helyen elf\u00e9r. Ak\u00e1r otthon, ak\u00e1r utaz\u00e1s k\u00f6zben is k\u00e9nyelmesen haszn\u00e1lhat\u00f3. A p\u00e1rna nemcsak k\u00e9nyelmes, hanem seg\u00edt a hideg, borong\u00f3s napokon is biztos\u00edtani a megfelel\u0151 h\u0151m\u00e9rs\u00e9kletet, \u00edgy kedvenceink \u00e9s mi is teljesen felt\u00f6lt\u0151dhet\u00fcnk a pihen\u00e9s sor\u00e1n.<\/p>\n<h3><strong>Rendelje Meg Most!<\/strong><\/h3>\n<p>A <a href=\"https:\/\/www.futofolia.hu\" target=\"_new\" rel=\"noopener\">F\u0171t\u0151f\u00f3lia.hu<\/a> weboldal\u00e1n el\u00e9rhet\u0151 meleg\u00edt\u0151 p\u00e1rna ide\u00e1lis v\u00e1laszt\u00e1s kuty\u00e1knak, macsk\u00e1knak \u00e9s embereknek egyar\u00e1nt. Az eszk\u00f6z t\u00f6k\u00e9letesen illeszkedik a kutyah\u00e1z f\u0171t\u00e9si rendszer\u00e9hez, \u00edgy biztos\u00edtja, hogy a kuty\u00e1ja mindig k\u00e9nyelmes melegben pihenjen. Fedezze fel a meleg\u00edt\u0151 p\u00e1rna el\u0151nyeit, \u00e9s tegye k\u00e9nyelmesebb\u00e9 h\u00e1zikedvencei \u00e9s saj\u00e1t \u00e9let\u00e9t egyar\u00e1nt!<\/p>\n<p><strong>A term\u00e9k a termoszt\u00e1tot nem tartalmazza, azt k\u00fcl\u00f6n kell v\u00e1s\u00e1rolni hozz\u00e1! <\/strong><strong><a href=\"https:\/\/www.futofolia.hu\/termek\/termoszat\/\">Aj\u00e1nl\u00e1sunk<\/a><\/strong><\/p>\n<p>&nbsp;<\/p>\n","protected":false},"excerpt":{"rendered":"<p>A hideg h\u00f3napokban a h\u00e1zikedvenceknek is sz\u00fcks\u00e9g\u00fck van a megfelel\u0151 h\u0151m\u00e9rs\u00e9kletre, hogy komfortosan pihenhessenek. Az innovat\u00edv kutyah\u00e1zf\u0171t\u00e9s kinti kuty\u00e1knak \u00e9s macsk\u00e1knak lett kifejlesztve, hogy biztos\u00edtja sz\u00e1mukra a folyamatos meleg k\u00f6rnyezetet. A p\u00e1rna egy f\u0171t\u0151f\u00f3li\u00e1t tartalmaz, mely egy termoszt\u00e1ttal szab\u00e1lyozhat\u00f3, \u00edgy k\u00f6nnyed\u00e9n be\u00e1ll\u00edthat\u00f3 a k\u00edv\u00e1nt h\u0151m\u00e9rs\u00e9klet. A huzat egyar\u00e1nt k\u00e9nyelmes \u00e9s k\u00f6nnyen tiszt\u00edthat\u00f3, \u00edgy a p\u00e1rna hossz\u00fa t\u00e1von is megb\u00edzhat\u00f3 megold\u00e1st k\u00edn\u00e1l.<\/p>\n<p><strong>A term\u00e9k a termoszt\u00e1tot nem tartalmazza, azt k\u00fcl\u00f6n kell v\u00e1s\u00e1rolni hozz\u00e1! <\/strong><strong><a href=\"https:\/\/www.futofolia.hu\/termek\/termoszat\/\">Aj\u00e1nl\u00e1sunk<\/a><\/strong><\/p>\n<p><strong>10 darab v\u00e1s\u00e1rl\u00e1sa felett egyedi mint\u00e1val is rendelhet\u0151.<\/strong><\/p>\n","protected":false},"featured_media":9932086,"comment_status":"open","ping_status":"closed","template":"","meta":{"_et_pb_use_builder":"","_et_pb_old_content":"","_et_gb_content_width":""},"product_brand":[],"product_cat":[329,26],"product_tag":[],"class_list":{"0":"post-9932068","1":"product","2":"type-product","3":"status-publish","4":"has-post-thumbnail","6":"product_cat-infra-melegito-parna","7":"product_cat-kutyahaz-futes","9":"first","10":"instock","11":"taxable","12":"shipping-taxable","13":"purchasable","14":"product-type-simple"},"yoast_head":"<!-- This site is optimized with the Yoast SEO plugin v26.0 - https:\/\/yoast.com\/wordpress\/plugins\/seo\/ -->\n<title>Infra kutyah\u00e1zf\u0171t\u00e9s- 50x50 cm - Varjas F\u0171t\u0151f\u00f3lia<\/title>\n<meta name=\"robots\" content=\"index, follow, max-snippet:-1, max-image-preview:large, max-video-preview:-1\" \/>\n<link rel=\"canonical\" href=\"https:\/\/varjasfutofolia.hu\/de\/termek\/infra-kutyahazfutes-50x50-cm\/\" \/>\n<meta property=\"og:locale\" content=\"de_DE\" \/>\n<meta property=\"og:locale:alternate\" content=\"en_US\" \/>\n<meta property=\"og:locale:alternate\" content=\"hu_HU\" \/>\n<meta property=\"og:type\" content=\"article\" \/>\n<meta property=\"og:title\" content=\"Infra kutyah\u00e1zf\u0171t\u00e9s- 50x50 cm - Varjas F\u0171t\u0151f\u00f3lia\" \/>\n<meta property=\"og:description\" content=\"A hideg h\u00f3napokban a h\u00e1zikedvenceknek is sz\u00fcks\u00e9g\u00fck van a megfelel\u0151 h\u0151m\u00e9rs\u00e9kletre, hogy komfortosan pihenhessenek. Az innovat\u00edv kutyah\u00e1zf\u0171t\u00e9s kinti kuty\u00e1knak \u00e9s macsk\u00e1knak lett kifejlesztve, hogy biztos\u00edtja sz\u00e1mukra a folyamatos meleg k\u00f6rnyezetet. A p\u00e1rna egy f\u0171t\u0151f\u00f3li\u00e1t tartalmaz, mely egy termoszt\u00e1ttal szab\u00e1lyozhat\u00f3, \u00edgy k\u00f6nnyed\u00e9n be\u00e1ll\u00edthat\u00f3 a k\u00edv\u00e1nt h\u0151m\u00e9rs\u00e9klet. A huzat egyar\u00e1nt k\u00e9nyelmes \u00e9s k\u00f6nnyen tiszt\u00edthat\u00f3, \u00edgy a p\u00e1rna hossz\u00fa t\u00e1von is megb\u00edzhat\u00f3 megold\u00e1st k\u00edn\u00e1l.  A term\u00e9k a termoszt\u00e1tot nem tartalmazza, azt k\u00fcl\u00f6n kell v\u00e1s\u00e1rolni hozz\u00e1! Aj\u00e1nl\u00e1sunk  10 darab v\u00e1s\u00e1rl\u00e1sa felett egyedi mint\u00e1val is rendelhet\u0151.\" \/>\n<meta property=\"og:url\" content=\"https:\/\/varjasfutofolia.hu\/de\/termek\/infra-kutyahazfutes-50x50-cm\/\" \/>\n<meta property=\"og:site_name\" content=\"Varjas F\u0171t\u0151f\u00f3lia\" \/>\n<meta property=\"article:modified_time\" content=\"2025-03-02T21:34:47+00:00\" \/>\n<meta name=\"twitter:card\" content=\"summary_large_image\" \/>\n<meta name=\"twitter:label1\" content=\"Gesch\u00e4tzte Lesezeit\" \/>\n\t<meta name=\"twitter:data1\" content=\"3\u00a0Minuten\" \/>\n<script type=\"application\/ld+json\" class=\"yoast-schema-graph\">{\"@context\":\"https:\/\/schema.org\",\"@graph\":[{\"@type\":\"WebPage\",\"@id\":\"https:\/\/varjasfutofolia.hu\/termek\/infra-kutyahazfutes-50x50-cm\/\",\"url\":\"https:\/\/varjasfutofolia.hu\/termek\/infra-kutyahazfutes-50x50-cm\/\",\"name\":\"Infra kutyah\u00e1zf\u0171t\u00e9s- 50x50 cm - Varjas F\u0171t\u0151f\u00f3lia\",\"isPartOf\":{\"@id\":\"https:\/\/varjasfutofolia.hu\/#website\"},\"primaryImageOfPage\":{\"@id\":\"https:\/\/varjasfutofolia.hu\/termek\/infra-kutyahazfutes-50x50-cm\/#primaryimage\"},\"image\":{\"@id\":\"https:\/\/varjasfutofolia.hu\/termek\/infra-kutyahazfutes-50x50-cm\/#primaryimage\"},\"thumbnailUrl\":\"https:\/\/varjasfutofolia.hu\/wp-content\/uploads\/2025\/03\/4.png\",\"datePublished\":\"2025-03-02T21:33:07+00:00\",\"dateModified\":\"2025-03-02T21:34:47+00:00\",\"breadcrumb\":{\"@id\":\"https:\/\/varjasfutofolia.hu\/termek\/infra-kutyahazfutes-50x50-cm\/#breadcrumb\"},\"inLanguage\":\"de-DE\",\"potentialAction\":[{\"@type\":\"ReadAction\",\"target\":[\"https:\/\/varjasfutofolia.hu\/termek\/infra-kutyahazfutes-50x50-cm\/\"]}]},{\"@type\":\"ImageObject\",\"inLanguage\":\"de-DE\",\"@id\":\"https:\/\/varjasfutofolia.hu\/termek\/infra-kutyahazfutes-50x50-cm\/#primaryimage\",\"url\":\"https:\/\/varjasfutofolia.hu\/wp-content\/uploads\/2025\/03\/4.png\",\"contentUrl\":\"https:\/\/varjasfutofolia.hu\/wp-content\/uploads\/2025\/03\/4.png\",\"width\":1080,\"height\":1080},{\"@type\":\"BreadcrumbList\",\"@id\":\"https:\/\/varjasfutofolia.hu\/termek\/infra-kutyahazfutes-50x50-cm\/#breadcrumb\",\"itemListElement\":[{\"@type\":\"ListItem\",\"position\":1,\"name\":\"Kezd\u0151lap\",\"item\":\"https:\/\/varjasfutofolia.hu\/\"},{\"@type\":\"ListItem\",\"position\":2,\"name\":\"\u00dczlet\",\"item\":\"https:\/\/varjasfutofolia.hu\/uzlet\/\"},{\"@type\":\"ListItem\",\"position\":3,\"name\":\"Infra kutyah\u00e1zf\u0171t\u00e9s- 50&#215;50 cm\"}]},{\"@type\":\"WebSite\",\"@id\":\"https:\/\/varjasfutofolia.hu\/#website\",\"url\":\"https:\/\/varjasfutofolia.hu\/\",\"name\":\"Varjas F\u0171t\u0151f\u00f3lia\",\"description\":\"A Nap melege az \u00d6n otthon\u00e1ban\",\"potentialAction\":[{\"@type\":\"SearchAction\",\"target\":{\"@type\":\"EntryPoint\",\"urlTemplate\":\"https:\/\/varjasfutofolia.hu\/?s={search_term_string}\"},\"query-input\":{\"@type\":\"PropertyValueSpecification\",\"valueRequired\":true,\"valueName\":\"search_term_string\"}}],\"inLanguage\":\"de-DE\"}]}<\/script>\n<!-- \/ Yoast SEO plugin. -->","yoast_head_json":{"title":"Infra kutyah\u00e1zf\u0171t\u00e9s- 50x50 cm - Varjas F\u0171t\u0151f\u00f3lia","robots":{"index":"index","follow":"follow","max-snippet":"max-snippet:-1","max-image-preview":"max-image-preview:large","max-video-preview":"max-video-preview:-1"},"canonical":"https:\/\/varjasfutofolia.hu\/de\/termek\/infra-kutyahazfutes-50x50-cm\/","og_locale":"de_DE","og_type":"article","og_title":"Infra kutyah\u00e1zf\u0171t\u00e9s- 50x50 cm - Varjas F\u0171t\u0151f\u00f3lia","og_description":"A hideg h\u00f3napokban a h\u00e1zikedvenceknek is sz\u00fcks\u00e9g\u00fck van a megfelel\u0151 h\u0151m\u00e9rs\u00e9kletre, hogy komfortosan pihenhessenek. Az innovat\u00edv kutyah\u00e1zf\u0171t\u00e9s kinti kuty\u00e1knak \u00e9s macsk\u00e1knak lett kifejlesztve, hogy biztos\u00edtja sz\u00e1mukra a folyamatos meleg k\u00f6rnyezetet. A p\u00e1rna egy f\u0171t\u0151f\u00f3li\u00e1t tartalmaz, mely egy termoszt\u00e1ttal szab\u00e1lyozhat\u00f3, \u00edgy k\u00f6nnyed\u00e9n be\u00e1ll\u00edthat\u00f3 a k\u00edv\u00e1nt h\u0151m\u00e9rs\u00e9klet. A huzat egyar\u00e1nt k\u00e9nyelmes \u00e9s k\u00f6nnyen tiszt\u00edthat\u00f3, \u00edgy a p\u00e1rna hossz\u00fa t\u00e1von is megb\u00edzhat\u00f3 megold\u00e1st k\u00edn\u00e1l.  A term\u00e9k a termoszt\u00e1tot nem tartalmazza, azt k\u00fcl\u00f6n kell v\u00e1s\u00e1rolni hozz\u00e1! Aj\u00e1nl\u00e1sunk  10 darab v\u00e1s\u00e1rl\u00e1sa felett egyedi mint\u00e1val is rendelhet\u0151.","og_url":"https:\/\/varjasfutofolia.hu\/de\/termek\/infra-kutyahazfutes-50x50-cm\/","og_site_name":"Varjas F\u0171t\u0151f\u00f3lia","article_modified_time":"2025-03-02T21:34:47+00:00","twitter_card":"summary_large_image","twitter_misc":{"Gesch\u00e4tzte Lesezeit":"3\u00a0Minuten"},"schema":{"@context":"https:\/\/schema.org","@graph":[{"@type":"WebPage","@id":"https:\/\/varjasfutofolia.hu\/termek\/infra-kutyahazfutes-50x50-cm\/","url":"https:\/\/varjasfutofolia.hu\/termek\/infra-kutyahazfutes-50x50-cm\/","name":"Infra kutyah\u00e1zf\u0171t\u00e9s- 50x50 cm - Varjas F\u0171t\u0151f\u00f3lia","isPartOf":{"@id":"https:\/\/varjasfutofolia.hu\/#website"},"primaryImageOfPage":{"@id":"https:\/\/varjasfutofolia.hu\/termek\/infra-kutyahazfutes-50x50-cm\/#primaryimage"},"image":{"@id":"https:\/\/varjasfutofolia.hu\/termek\/infra-kutyahazfutes-50x50-cm\/#primaryimage"},"thumbnailUrl":"https:\/\/varjasfutofolia.hu\/wp-content\/uploads\/2025\/03\/4.png","datePublished":"2025-03-02T21:33:07+00:00","dateModified":"2025-03-02T21:34:47+00:00","breadcrumb":{"@id":"https:\/\/varjasfutofolia.hu\/termek\/infra-kutyahazfutes-50x50-cm\/#breadcrumb"},"inLanguage":"de-DE","potentialAction":[{"@type":"ReadAction","target":["https:\/\/varjasfutofolia.hu\/termek\/infra-kutyahazfutes-50x50-cm\/"]}]},{"@type":"ImageObject","inLanguage":"de-DE","@id":"https:\/\/varjasfutofolia.hu\/termek\/infra-kutyahazfutes-50x50-cm\/#primaryimage","url":"https:\/\/varjasfutofolia.hu\/wp-content\/uploads\/2025\/03\/4.png","contentUrl":"https:\/\/varjasfutofolia.hu\/wp-content\/uploads\/2025\/03\/4.png","width":1080,"height":1080},{"@type":"BreadcrumbList","@id":"https:\/\/varjasfutofolia.hu\/termek\/infra-kutyahazfutes-50x50-cm\/#breadcrumb","itemListElement":[{"@type":"ListItem","position":1,"name":"Kezd\u0151lap","item":"https:\/\/varjasfutofolia.hu\/"},{"@type":"ListItem","position":2,"name":"\u00dczlet","item":"https:\/\/varjasfutofolia.hu\/uzlet\/"},{"@type":"ListItem","position":3,"name":"Infra kutyah\u00e1zf\u0171t\u00e9s- 50&#215;50 cm"}]},{"@type":"WebSite","@id":"https:\/\/varjasfutofolia.hu\/#website","url":"https:\/\/varjasfutofolia.hu\/","name":"Varjas F\u0171t\u0151f\u00f3lia","description":"A Nap melege az \u00d6n otthon\u00e1ban","potentialAction":[{"@type":"SearchAction","target":{"@type":"EntryPoint","urlTemplate":"https:\/\/varjasfutofolia.hu\/?s={search_term_string}"},"query-input":{"@type":"PropertyValueSpecification","valueRequired":true,"valueName":"search_term_string"}}],"inLanguage":"de-DE"}]}},"_links":{"self":[{"href":"https:\/\/varjasfutofolia.hu\/de\/wp-json\/wp\/v2\/product\/9932068","targetHints":{"allow":["GET"]}}],"collection":[{"href":"https:\/\/varjasfutofolia.hu\/de\/wp-json\/wp\/v2\/product"}],"about":[{"href":"https:\/\/varjasfutofolia.hu\/de\/wp-json\/wp\/v2\/types\/product"}],"replies":[{"embeddable":true,"href":"https:\/\/varjasfutofolia.hu\/de\/wp-json\/wp\/v2\/comments?post=9932068"}],"wp:featuredmedia":[{"embeddable":true,"href":"https:\/\/varjasfutofolia.hu\/de\/wp-json\/wp\/v2\/media\/9932086"}],"wp:attachment":[{"href":"https:\/\/varjasfutofolia.hu\/de\/wp-json\/wp\/v2\/media?parent=9932068"}],"wp:term":[{"taxonomy":"product_brand","embeddable":true,"href":"https:\/\/varjasfutofolia.hu\/de\/wp-json\/wp\/v2\/product_brand?post=9932068"},{"taxonomy":"product_cat","embeddable":true,"href":"https:\/\/varjasfutofolia.hu\/de\/wp-json\/wp\/v2\/product_cat?post=9932068"},{"taxonomy":"product_tag","embeddable":true,"href":"https:\/\/varjasfutofolia.hu\/de\/wp-json\/wp\/v2\/product_tag?post=9932068"}],"curies":[{"name":"wp","href":"https:\/\/api.w.org\/{rel}","templated":true}]}}