{"id":9931987,"date":"2024-12-02T00:03:50","date_gmt":"2024-12-01T23:03:50","guid":{"rendered":"https:\/\/varjasfutofolia.hu\/?post_type=product&#038;p=9931987"},"modified":"2024-12-02T00:04:22","modified_gmt":"2024-12-01T23:04:22","slug":"kolumbo-elektromos-futotest-750w-1250w-2000w","status":"publish","type":"product","link":"https:\/\/varjasfutofolia.hu\/de\/termek\/kolumbo-elektromos-futotest-750w-1250w-2000w\/","title":{"rendered":"KOLUMBO ELEKTROMOS F\u0170T\u0150TEST 750W \/ 1250W \/ 2000W"},"content":{"rendered":"<p>A Kolumbo elektromos f\u0171t\u0151test ide\u00e1lis v\u00e1laszt\u00e1s a h\u00e1l\u00f3szoba \u00e9s a nappali gyors felmeleg\u00edt\u00e9s\u00e9re egyar\u00e1nt. Sz\u00e1mottev\u0151 el\u0151nye, hogy h\u0151fokszab\u00e1lyz\u00f3val \u00e9s t\u00falmeleged\u00e9s elleni v\u00e9delemmel van felszerelve, ez\u00e1ltal biztos\u00edtva a maxim\u00e1lis biztons\u00e1got \u00e9s k\u00e9nyelmet. A f\u0171t\u0151test teljes\u00edtm\u00e9nye h\u00e1rom k\u00fcl\u00f6nb\u00f6z\u0151 fokozatban \u00e1ll\u00edthat\u00f3 (750W, 1250W, 2000W), \u00edgy k\u00f6nnyed\u00e9n alkalmazkodhat az aktu\u00e1lis h\u0151ig\u00e9nyekhez \u00e9s preferenci\u00e1khoz.<\/p>\n<p>Tartsd t\u00e1vol a hideget \u00e9s hozd el a k\u00e9nyelmet a<strong> Kolumbo Elektromos F\u0171t\u0151test <\/strong>seg\u00edts\u00e9g\u00e9vel. Hagyd, hogy a min\u0151s\u00e9g \u00e9s a hat\u00e9konys\u00e1g egyszerre szolg\u00e1ljon \u00e9lvezd az igazi komfort \u00e9rzet\u00e9t otthonodban.<\/p>\n<h2>Mi\u00e9rt a Kolumbo elektromos f\u0171t\u0151test?<\/h2>\n<ul>\n<li>A <strong>Kolumbo <a href=\"https:\/\/www.futofolia.hu\/elektromos-futes\/\">elektromos f\u0171t\u0151test <\/a><\/strong>kiv\u00e1l\u00f3an haszn\u00e1lhat\u00f3 h\u00e1rom k\u00fcl\u00f6nb\u00f6z\u0151 teljes\u00edtm\u00e9nyszinten (750W, 1250W, 2000W), lehet\u0151v\u00e9 t\u00e9ve a legmegfelel\u0151bb h\u0151\u00e9rzet el\u00e9r\u00e9s\u00e9t.<\/li>\n<li>A h\u0151fokszab\u00e1lyz\u00f3 seg\u00edts\u00e9g\u00e9vel k\u00f6nnyed\u00e9n \u00e1ll\u00edthat\u00f3 a k\u00edv\u00e1nt h\u0151m\u00e9rs\u00e9klet, \u00edgy soha nem volt m\u00e9g ilyen egyszer\u0171 a komfortos meleg biztos\u00edt\u00e1sa.<\/li>\n<li>Az over heating protection funkci\u00f3 garant\u00e1lja a biztons\u00e1got, megakad\u00e1lyozva a t\u00falmeleged\u00e9st.<\/li>\n<li>A f\u0171t\u0151sz\u00e1l elemek gyorsan \u00e9s hat\u00e9konyan bocs\u00e1tj\u00e1k ki a meleget, \u00edgy r\u00f6vid id\u0151 alatt felmeleg\u00edtik a helyis\u00e9get, \u00e9s garant\u00e1lj\u00e1k a kiv\u00e1l\u00f3 teljes\u00edtm\u00e9nyt.<\/li>\n<li>A praktikus hordoz\u00f3 foganty\u00fanak k\u00f6sz\u00f6nhet\u0151en k\u00f6nnyen \u00e1thelyezhet\u0151 a f\u0171t\u0151test, hogy mindig ott legyen, ahol sz\u00fcks\u00e9g van r\u00e1. Emellett \u00e1ll\u00f3 vagy falra szerelhet\u0151 m\u00f3don is haszn\u00e1lhat\u00f3, \u00edgy mindenki megtal\u00e1lhatja a sz\u00e1m\u00e1ra legmegfelel\u0151bb telep\u00edt\u00e9si m\u00f3dot.<\/li>\n<\/ul>\n<h3><strong>H\u00e1rom teljes\u00edtm\u00e9nyszint &#8211; rugalmas f\u0171t\u00e9s<\/strong><\/h3>\n<p>A <strong>Kolumbo<\/strong> F\u0171t\u0151test h\u00e1rom k\u00fcl\u00f6nb\u00f6z\u0151 teljes\u00edtm\u00e9nyszinten \u00fczemel (750W, 1250W, 2000W), \u00edgy mindig megtal\u00e1lhatod a legmegfelel\u0151bb f\u0171t\u00e9si m\u00f3dot az aktu\u00e1lis ig\u00e9nyeknek megfelel\u0151en. A kiv\u00e1l\u00f3 min\u0151s\u00e9g\u0171 huzal elemek gyorsan \u00e9s hat\u00e9konyan bocs\u00e1tj\u00e1k ki a meleget, \u00edgy r\u00f6vid id\u0151 alatt felmeleg\u00edtik a helyis\u00e9get, biztos\u00edtva a k\u00e9nyelmes h\u0151m\u00e9rs\u00e9kletet \u00e9s a kellemes l\u00e9gk\u00f6rt.<\/p>\n<p><a href=\"https:\/\/www.futofolia.hu\/wp-content\/uploads\/2024\/02\/kolumbo9.jpg\"><img loading=\"lazy\" decoding=\"async\" class=\"size-medium wp-image-9955035\" src=\"https:\/\/www.futofolia.hu\/wp-content\/uploads\/2024\/02\/kolumbo9-300x300.jpg\" alt=\"elektromos f\u0171t\u0151test\" width=\"300\" height=\"300\" \/><\/a><\/p>\n<p>&nbsp;<\/p>\n<h3><strong>Intelligens h\u0151szab\u00e1lyoz\u00e1s \u00e9s biztons\u00e1g<\/strong><\/h3>\n<p>A h\u0151fokszab\u00e1lyz\u00f3 lehet\u0151v\u00e9 teszi, hogy pontosan azt a h\u0151m\u00e9rs\u00e9kletet \u00e1ll\u00edtsd be, amely a legk\u00e9nyelmesebb sz\u00e1modra. Ez\u00e1ltal a f\u0171t\u0151test haszn\u00e1lata sor\u00e1n mindig optim\u00e1lis komfortot biztos\u00edthatsz magadnak. Emellett a t\u00falmeleged\u00e9s elleni v\u00e9delem gondoskodik arr\u00f3l, hogy mindig maxim\u00e1lis biztons\u00e1gban legy\u00e9l, \u00e9s megakad\u00e1lyozza a k\u00e9sz\u00fcl\u00e9k t\u00falmeleged\u00e9s\u00e9t. \u00cdgy teljes nyugodts\u00e1ggal \u00e9lvezheted a f\u0171t\u00e9s el\u0151nyeit.<\/p>\n<p>&nbsp;<\/p>\n<h3><strong>K\u00f6nny\u0171 telep\u00edt\u00e9s \u00e9s haszn\u00e1lat<\/strong><\/h3>\n<div class=\"flex-1 overflow-hidden\">\n<div class=\"react-scroll-to-bottom--css-ibaqz-79elbk h-full\">\n<div class=\"react-scroll-to-bottom--css-ibaqz-1n7m0yu\">\n<div class=\"flex flex-col pb-9 text-sm\">\n<div class=\"w-full text-token-text-primary\" data-testid=\"conversation-turn-86\">\n<div class=\"px-4 py-2 justify-center text-base md:gap-6 m-auto\">\n<div class=\"flex flex-1 text-base mx-auto gap-3 md:px-5 lg:px-1 xl:px-5 md:max-w-3xl lg:max-w-[40rem] xl:max-w-[48rem] group final-completion\">\n<div class=\"relative flex w-full flex-col lg:w-[calc(100%-115px)] agent-turn\">\n<div class=\"flex-col gap-1 md:gap-3\">\n<div class=\"flex flex-grow flex-col max-w-full\">\n<div class=\"min-h-[20px] text-message flex flex-col items-start gap-3 whitespace-pre-wrap break-words [.text-message+&amp;]:mt-5 overflow-x-auto\" data-message-author-role=\"assistant\" data-message-id=\"4ed09a06-a3b4-4f94-914c-2e40a682b597\">\n<div class=\"markdown prose w-full break-words dark:prose-invert light\">\n<p>A fali konzol seg\u00edts\u00e9g\u00e9vel k\u00f6nnyed\u00e9n felszerelhet\u0151 a f\u0171t\u0151test a falra, de szabadon \u00e1ll\u00f3 m\u00f3dban is haszn\u00e1lhat\u00f3. Ez\u00e1ltal lehet\u0151s\u00e9ged van a k\u00edv\u00e1nt telep\u00edt\u00e9si m\u00f3dot v\u00e1lasztani, ami legink\u00e1bb megfelel az adott helyis\u00e9g elrendez\u00e9s\u00e9nek \u00e9s ig\u00e9nyeinek. A hordoz\u00f3 foganty\u00fa seg\u00edts\u00e9g\u00e9vel pedig k\u00f6nnyen sz\u00e1ll\u00edthatod vagy \u00e1thelyezheted a f\u0171t\u0151testet, \u00edgy rugalmasan alkalmazkodhatsz az adott k\u00f6r\u00fclm\u00e9nyekhez \u00e9s ig\u00e9nyekhez.<\/p>\n<p><a href=\"https:\/\/www.futofolia.hu\/wp-content\/uploads\/2024\/02\/kolumbo12.jpg\"><img loading=\"lazy\" decoding=\"async\" class=\"size-medium wp-image-9955032\" src=\"https:\/\/www.futofolia.hu\/wp-content\/uploads\/2024\/02\/kolumbo12-300x300.jpg\" alt=\"elektromos f\u0171t\u0151test\" width=\"300\" height=\"300\" \/><\/a><\/p>\n<p>&nbsp;<\/p>\n<\/div>\n<\/div>\n<\/div>\n<\/div>\n<\/div>\n<\/div>\n<\/div>\n<\/div>\n<\/div>\n<\/div>\n<\/div>\n<\/div>\n<h3><strong>St\u00edlusos \u00e9s kompakt design<\/strong><\/h3>\n<p>A Kolumbo F\u0171t\u0151test minimalista designja \u00e9s praktikus m\u00e9rete garant\u00e1lja, hogy b\u00e1rmelyik szoba r\u00e9sze legyen. Nem csak funkcion\u00e1lis, hanem eszt\u00e9tikus is, \u00edgy t\u00f6k\u00e9letesen illeszkedik minden enteri\u0151rbe.<\/p>\n<p>&nbsp;<\/p>\n<h3><strong>Term\u00e9kadatok<\/strong><\/h3>\n<table class=\" aligncenter\">\n<tbody>\n<tr align=\"left\" valign=\"top\">\n<td><strong>Teljes\u00edtm\u00e9ny\u00a0<\/strong><\/td>\n<td>750W, 1250W, 2000W<\/td>\n<td><strong>F\u0171t\u00e9s t\u00edpus<\/strong><\/td>\n<td>Huzal elem<\/td>\n<\/tr>\n<tr align=\"left\" valign=\"top\">\n<td><strong>Telep\u00edt\u00e9s<\/strong><\/td>\n<td>\u00e1ll\u00f3 vagy falra szerelhet\u0151<\/td>\n<td><strong>GW\/NW<\/strong><\/td>\n<td>2,8\/2,0<\/td>\n<\/tr>\n<tr>\n<td><strong>M\u00e9ret<\/strong><\/td>\n<td>53*11*37 cm<\/td>\n<td><strong>Fesz\u00fclts\u00e9g<\/strong><\/td>\n<td>220V &#8211; 240V<\/td>\n<\/tr>\n<tr>\n<td><strong>IP v\u00e9delem<\/strong><\/td>\n<td>IP20 (nem alkalmas a f\u00fcrd\u0151szob\u00e1ba)<\/td>\n<td><strong>\u00a0<\/strong><\/td>\n<td><\/td>\n<\/tr>\n<\/tbody>\n<\/table>\n<h3><\/h3>\n<p><a href=\"https:\/\/www.futofolia.hu\/wp-content\/uploads\/2024\/02\/kolumbo2.jpg\"><img loading=\"lazy\" decoding=\"async\" class=\" wp-image-9955042\" src=\"https:\/\/www.futofolia.hu\/wp-content\/uploads\/2024\/02\/kolumbo2-300x300.jpg\" alt=\"elektromos f\u0171t\u0151test\" width=\"305\" height=\"305\" \/><\/a><\/p>\n","protected":false},"excerpt":{"rendered":"<div class=\"flex-1 overflow-hidden\">\n<div class=\"react-scroll-to-bottom--css-ibaqz-79elbk h-full\">\n<div class=\"react-scroll-to-bottom--css-ibaqz-1n7m0yu\">\n<div class=\"flex flex-col pb-9 text-sm\">\n<div class=\"w-full text-token-text-primary\" data-testid=\"conversation-turn-78\">\n<div class=\"px-4 py-2 justify-center text-base md:gap-6 m-auto\">\n<div class=\"flex flex-1 text-base mx-auto gap-3 md:px-5 lg:px-1 xl:px-5 md:max-w-3xl lg:max-w-[40rem] xl:max-w-[48rem] group final-completion\">\n<div class=\"relative flex w-full flex-col lg:w-[calc(100%-115px)] agent-turn\">\n<div class=\"flex-col gap-1 md:gap-3\">\n<div class=\"flex flex-grow flex-col max-w-full\">\n<div class=\"min-h-[20px] text-message flex flex-col items-start gap-3 whitespace-pre-wrap break-words [.text-message+&amp;]:mt-5 overflow-x-auto\" data-message-author-role=\"assistant\" data-message-id=\"c5310182-8ed2-4a15-afd3-e5f2409995c2\">\n<div class=\"markdown prose w-full break-words dark:prose-invert light\">\n<h3><\/h3>\n<h3><strong>Term\u00e9kadatok<\/strong><\/h3>\n<p><strong>Teljes\u00edtm\u00e9ny:<\/strong> 750W, 1250W, 2000W<br \/>\n<strong>\u00a0F\u0171t\u00e9s t\u00edpusa:<\/strong> Huzal elem<br \/>\n<strong>Telep\u00edt\u00e9s<\/strong>: \u00e1ll\u00f3 vagy falra szerelhet\u0151<br \/>\n<strong>GW\/NW:<\/strong> 2,8\/2,0<br \/>\n<strong>M\u00e9ret:<\/strong>53*11*37 cm<br \/>\n<strong>Fesz\u00fclts\u00e9g:<\/strong>220V- 240V<br \/>\n<strong>IP V\u00e9delem<\/strong>: IP20 (nem alkalmas f\u00fcrd\u0151szob\u00e1ba)<\/p>\n<p>&nbsp;<\/p>\n<p>&nbsp;<\/p>\n<div class=\"commondata_elem\">\n<div class=\"commondata_title\">Term\u00e9kverzi\u00f3:\u00a0 Kolumbo elektromos f\u0171t\u0151test 750W \/ 1250W \/ 2000W<\/div>\n<\/div>\n<div class=\"commondata_elem\">\n<div class=\"commondata_title\">Cikksz\u00e1m:\u00a0 \u00a0 \u00a0 \u00a0 DL01S<\/div>\n<\/div>\n<div class=\"commondata_elem\">\n<div class=\"commondata_title\">T\u00f6meg:\u00a0 \u00a0 \u00a0 \u00a0 \u00a0 \u00a0 \u00a02,5 kg\/db<\/div>\n<\/div>\n<div class=\"commondata_elem\">\n<div class=\"commondata_title\">Garancia id\u0151:\u00a0 \u00a012 h\u00f3nap<\/div>\n<\/div>\n<\/div>\n<\/div>\n<\/div>\n<div class=\"mt-1 flex justify-start gap-3 empty:hidden\">\n<div class=\"text-gray-400 flex self-end lg:self-center justify-center lg:justify-start mt-0 -ml-1 visible\">\n<p>&nbsp;<\/p>\n<div class=\"flex items-center gap-1.5 text-xs\"><\/div>\n<div class=\"flex\"><\/div>\n<\/div>\n<\/div>\n<\/div>\n<\/div>\n<\/div>\n<\/div>\n<\/div>\n<\/div>\n<\/div>\n<\/div>\n<\/div>\n<div class=\"w-full pt-2 md:pt-0 dark:border-white\/20 md:border-transparent md:dark:border-transparent md:w-[calc(100%-.5rem)]\">\n<form class=\"stretch mx-2 flex flex-row gap-3 last:mb-2 md:mx-4 md:last:mb-6 lg:mx-auto lg:max-w-2xl xl:max-w-3xl\">\n<div class=\"relative flex h-full flex-1 items-stretch md:flex-col\">\n<div class=\"flex w-full items-center\"><\/div>\n<\/div>\n<\/form>\n<\/div>\n","protected":false},"featured_media":9932027,"comment_status":"open","ping_status":"closed","template":"","meta":{"_et_pb_use_builder":"","_et_pb_old_content":"","_et_gb_content_width":""},"product_brand":[],"product_cat":[54],"product_tag":[41,233,237,61,238],"class_list":{"0":"post-9931987","1":"product","2":"type-product","3":"status-publish","4":"has-post-thumbnail","6":"product_cat-futopanel","7":"product_tag-elektromos-futes","8":"product_tag-elektromosfutopanel","9":"product_tag-elektromosfutotest","10":"product_tag-futopanel","11":"product_tag-hoszabalyozas","13":"first","14":"instock","15":"taxable","16":"shipping-taxable","17":"purchasable","18":"product-type-simple"},"yoast_head":"<!-- This site is optimized with the Yoast SEO plugin v26.0 - https:\/\/yoast.com\/wordpress\/plugins\/seo\/ -->\n<title>KOLUMBO ELEKTROMOS F\u0170T\u0150TEST 750W \/ 1250W \/ 2000W - Varjas F\u0171t\u0151f\u00f3lia<\/title>\n<meta name=\"robots\" content=\"index, follow, max-snippet:-1, max-image-preview:large, max-video-preview:-1\" \/>\n<link rel=\"canonical\" href=\"https:\/\/varjasfutofolia.hu\/de\/termek\/kolumbo-elektromos-futotest-750w-1250w-2000w\/\" \/>\n<meta property=\"og:locale\" content=\"de_DE\" \/>\n<meta property=\"og:locale:alternate\" content=\"en_US\" \/>\n<meta property=\"og:locale:alternate\" content=\"hu_HU\" \/>\n<meta property=\"og:type\" content=\"article\" \/>\n<meta property=\"og:title\" content=\"KOLUMBO ELEKTROMOS F\u0170T\u0150TEST 750W \/ 1250W \/ 2000W - Varjas F\u0171t\u0151f\u00f3lia\" \/>\n<meta property=\"og:description\" content=\"Term\u00e9kadatok Teljes\u00edtm\u00e9ny: 750W, 1250W, 2000W \u00a0F\u0171t\u00e9s t\u00edpusa: Huzal elem Telep\u00edt\u00e9s: \u00e1ll\u00f3 vagy falra szerelhet\u0151 GW\/NW: 2,8\/2,0 M\u00e9ret:53*11*37 cm Fesz\u00fclts\u00e9g:220V- 240V IP V\u00e9delem: IP20 (nem alkalmas f\u00fcrd\u0151szob\u00e1ba)  &nbsp;  &nbsp;  Term\u00e9kverzi\u00f3:\u00a0 Kolumbo elektromos f\u0171t\u0151test 750W \/ 1250W \/ 2000W   Cikksz\u00e1m:\u00a0 \u00a0 \u00a0 \u00a0 DL01S   T\u00f6meg:\u00a0 \u00a0 \u00a0 \u00a0 \u00a0 \u00a0 \u00a02,5 kg\/db   Garancia id\u0151:\u00a0 \u00a012 h\u00f3nap        &nbsp;\" \/>\n<meta property=\"og:url\" content=\"https:\/\/varjasfutofolia.hu\/de\/termek\/kolumbo-elektromos-futotest-750w-1250w-2000w\/\" \/>\n<meta property=\"og:site_name\" content=\"Varjas F\u0171t\u0151f\u00f3lia\" \/>\n<meta property=\"article:modified_time\" content=\"2024-12-01T23:04:22+00:00\" \/>\n<meta name=\"twitter:card\" content=\"summary_large_image\" \/>\n<meta name=\"twitter:label1\" content=\"Gesch\u00e4tzte Lesezeit\" \/>\n\t<meta name=\"twitter:data1\" content=\"3\u00a0Minuten\" \/>\n<script type=\"application\/ld+json\" class=\"yoast-schema-graph\">{\"@context\":\"https:\/\/schema.org\",\"@graph\":[{\"@type\":\"WebPage\",\"@id\":\"https:\/\/varjasfutofolia.hu\/termek\/kolumbo-elektromos-futotest-750w-1250w-2000w\/\",\"url\":\"https:\/\/varjasfutofolia.hu\/termek\/kolumbo-elektromos-futotest-750w-1250w-2000w\/\",\"name\":\"KOLUMBO ELEKTROMOS F\u0170T\u0150TEST 750W \/ 1250W \/ 2000W - Varjas F\u0171t\u0151f\u00f3lia\",\"isPartOf\":{\"@id\":\"https:\/\/varjasfutofolia.hu\/#website\"},\"primaryImageOfPage\":{\"@id\":\"https:\/\/varjasfutofolia.hu\/termek\/kolumbo-elektromos-futotest-750w-1250w-2000w\/#primaryimage\"},\"image\":{\"@id\":\"https:\/\/varjasfutofolia.hu\/termek\/kolumbo-elektromos-futotest-750w-1250w-2000w\/#primaryimage\"},\"thumbnailUrl\":\"https:\/\/varjasfutofolia.hu\/wp-content\/uploads\/2024\/12\/kolumbo1.jpg\",\"datePublished\":\"2024-12-01T23:03:50+00:00\",\"dateModified\":\"2024-12-01T23:04:22+00:00\",\"breadcrumb\":{\"@id\":\"https:\/\/varjasfutofolia.hu\/termek\/kolumbo-elektromos-futotest-750w-1250w-2000w\/#breadcrumb\"},\"inLanguage\":\"de-DE\",\"potentialAction\":[{\"@type\":\"ReadAction\",\"target\":[\"https:\/\/varjasfutofolia.hu\/termek\/kolumbo-elektromos-futotest-750w-1250w-2000w\/\"]}]},{\"@type\":\"ImageObject\",\"inLanguage\":\"de-DE\",\"@id\":\"https:\/\/varjasfutofolia.hu\/termek\/kolumbo-elektromos-futotest-750w-1250w-2000w\/#primaryimage\",\"url\":\"https:\/\/varjasfutofolia.hu\/wp-content\/uploads\/2024\/12\/kolumbo1.jpg\",\"contentUrl\":\"https:\/\/varjasfutofolia.hu\/wp-content\/uploads\/2024\/12\/kolumbo1.jpg\",\"width\":1000,\"height\":1000},{\"@type\":\"BreadcrumbList\",\"@id\":\"https:\/\/varjasfutofolia.hu\/termek\/kolumbo-elektromos-futotest-750w-1250w-2000w\/#breadcrumb\",\"itemListElement\":[{\"@type\":\"ListItem\",\"position\":1,\"name\":\"Kezd\u0151lap\",\"item\":\"https:\/\/varjasfutofolia.hu\/\"},{\"@type\":\"ListItem\",\"position\":2,\"name\":\"\u00dczlet\",\"item\":\"https:\/\/varjasfutofolia.hu\/uzlet\/\"},{\"@type\":\"ListItem\",\"position\":3,\"name\":\"KOLUMBO ELEKTROMOS F\u0170T\u0150TEST 750W \/ 1250W \/ 2000W\"}]},{\"@type\":\"WebSite\",\"@id\":\"https:\/\/varjasfutofolia.hu\/#website\",\"url\":\"https:\/\/varjasfutofolia.hu\/\",\"name\":\"Varjas F\u0171t\u0151f\u00f3lia\",\"description\":\"A Nap melege az \u00d6n otthon\u00e1ban\",\"potentialAction\":[{\"@type\":\"SearchAction\",\"target\":{\"@type\":\"EntryPoint\",\"urlTemplate\":\"https:\/\/varjasfutofolia.hu\/?s={search_term_string}\"},\"query-input\":{\"@type\":\"PropertyValueSpecification\",\"valueRequired\":true,\"valueName\":\"search_term_string\"}}],\"inLanguage\":\"de-DE\"}]}<\/script>\n<!-- \/ Yoast SEO plugin. -->","yoast_head_json":{"title":"KOLUMBO ELEKTROMOS F\u0170T\u0150TEST 750W \/ 1250W \/ 2000W - Varjas F\u0171t\u0151f\u00f3lia","robots":{"index":"index","follow":"follow","max-snippet":"max-snippet:-1","max-image-preview":"max-image-preview:large","max-video-preview":"max-video-preview:-1"},"canonical":"https:\/\/varjasfutofolia.hu\/de\/termek\/kolumbo-elektromos-futotest-750w-1250w-2000w\/","og_locale":"de_DE","og_type":"article","og_title":"KOLUMBO ELEKTROMOS F\u0170T\u0150TEST 750W \/ 1250W \/ 2000W - Varjas F\u0171t\u0151f\u00f3lia","og_description":"Term\u00e9kadatok Teljes\u00edtm\u00e9ny: 750W, 1250W, 2000W \u00a0F\u0171t\u00e9s t\u00edpusa: Huzal elem Telep\u00edt\u00e9s: \u00e1ll\u00f3 vagy falra szerelhet\u0151 GW\/NW: 2,8\/2,0 M\u00e9ret:53*11*37 cm Fesz\u00fclts\u00e9g:220V- 240V IP V\u00e9delem: IP20 (nem alkalmas f\u00fcrd\u0151szob\u00e1ba)  &nbsp;  &nbsp;  Term\u00e9kverzi\u00f3:\u00a0 Kolumbo elektromos f\u0171t\u0151test 750W \/ 1250W \/ 2000W   Cikksz\u00e1m:\u00a0 \u00a0 \u00a0 \u00a0 DL01S   T\u00f6meg:\u00a0 \u00a0 \u00a0 \u00a0 \u00a0 \u00a0 \u00a02,5 kg\/db   Garancia id\u0151:\u00a0 \u00a012 h\u00f3nap        &nbsp;","og_url":"https:\/\/varjasfutofolia.hu\/de\/termek\/kolumbo-elektromos-futotest-750w-1250w-2000w\/","og_site_name":"Varjas F\u0171t\u0151f\u00f3lia","article_modified_time":"2024-12-01T23:04:22+00:00","twitter_card":"summary_large_image","twitter_misc":{"Gesch\u00e4tzte Lesezeit":"3\u00a0Minuten"},"schema":{"@context":"https:\/\/schema.org","@graph":[{"@type":"WebPage","@id":"https:\/\/varjasfutofolia.hu\/termek\/kolumbo-elektromos-futotest-750w-1250w-2000w\/","url":"https:\/\/varjasfutofolia.hu\/termek\/kolumbo-elektromos-futotest-750w-1250w-2000w\/","name":"KOLUMBO ELEKTROMOS F\u0170T\u0150TEST 750W \/ 1250W \/ 2000W - Varjas F\u0171t\u0151f\u00f3lia","isPartOf":{"@id":"https:\/\/varjasfutofolia.hu\/#website"},"primaryImageOfPage":{"@id":"https:\/\/varjasfutofolia.hu\/termek\/kolumbo-elektromos-futotest-750w-1250w-2000w\/#primaryimage"},"image":{"@id":"https:\/\/varjasfutofolia.hu\/termek\/kolumbo-elektromos-futotest-750w-1250w-2000w\/#primaryimage"},"thumbnailUrl":"https:\/\/varjasfutofolia.hu\/wp-content\/uploads\/2024\/12\/kolumbo1.jpg","datePublished":"2024-12-01T23:03:50+00:00","dateModified":"2024-12-01T23:04:22+00:00","breadcrumb":{"@id":"https:\/\/varjasfutofolia.hu\/termek\/kolumbo-elektromos-futotest-750w-1250w-2000w\/#breadcrumb"},"inLanguage":"de-DE","potentialAction":[{"@type":"ReadAction","target":["https:\/\/varjasfutofolia.hu\/termek\/kolumbo-elektromos-futotest-750w-1250w-2000w\/"]}]},{"@type":"ImageObject","inLanguage":"de-DE","@id":"https:\/\/varjasfutofolia.hu\/termek\/kolumbo-elektromos-futotest-750w-1250w-2000w\/#primaryimage","url":"https:\/\/varjasfutofolia.hu\/wp-content\/uploads\/2024\/12\/kolumbo1.jpg","contentUrl":"https:\/\/varjasfutofolia.hu\/wp-content\/uploads\/2024\/12\/kolumbo1.jpg","width":1000,"height":1000},{"@type":"BreadcrumbList","@id":"https:\/\/varjasfutofolia.hu\/termek\/kolumbo-elektromos-futotest-750w-1250w-2000w\/#breadcrumb","itemListElement":[{"@type":"ListItem","position":1,"name":"Kezd\u0151lap","item":"https:\/\/varjasfutofolia.hu\/"},{"@type":"ListItem","position":2,"name":"\u00dczlet","item":"https:\/\/varjasfutofolia.hu\/uzlet\/"},{"@type":"ListItem","position":3,"name":"KOLUMBO ELEKTROMOS F\u0170T\u0150TEST 750W \/ 1250W \/ 2000W"}]},{"@type":"WebSite","@id":"https:\/\/varjasfutofolia.hu\/#website","url":"https:\/\/varjasfutofolia.hu\/","name":"Varjas F\u0171t\u0151f\u00f3lia","description":"A Nap melege az \u00d6n otthon\u00e1ban","potentialAction":[{"@type":"SearchAction","target":{"@type":"EntryPoint","urlTemplate":"https:\/\/varjasfutofolia.hu\/?s={search_term_string}"},"query-input":{"@type":"PropertyValueSpecification","valueRequired":true,"valueName":"search_term_string"}}],"inLanguage":"de-DE"}]}},"_links":{"self":[{"href":"https:\/\/varjasfutofolia.hu\/de\/wp-json\/wp\/v2\/product\/9931987","targetHints":{"allow":["GET"]}}],"collection":[{"href":"https:\/\/varjasfutofolia.hu\/de\/wp-json\/wp\/v2\/product"}],"about":[{"href":"https:\/\/varjasfutofolia.hu\/de\/wp-json\/wp\/v2\/types\/product"}],"replies":[{"embeddable":true,"href":"https:\/\/varjasfutofolia.hu\/de\/wp-json\/wp\/v2\/comments?post=9931987"}],"wp:featuredmedia":[{"embeddable":true,"href":"https:\/\/varjasfutofolia.hu\/de\/wp-json\/wp\/v2\/media\/9932027"}],"wp:attachment":[{"href":"https:\/\/varjasfutofolia.hu\/de\/wp-json\/wp\/v2\/media?parent=9931987"}],"wp:term":[{"taxonomy":"product_brand","embeddable":true,"href":"https:\/\/varjasfutofolia.hu\/de\/wp-json\/wp\/v2\/product_brand?post=9931987"},{"taxonomy":"product_cat","embeddable":true,"href":"https:\/\/varjasfutofolia.hu\/de\/wp-json\/wp\/v2\/product_cat?post=9931987"},{"taxonomy":"product_tag","embeddable":true,"href":"https:\/\/varjasfutofolia.hu\/de\/wp-json\/wp\/v2\/product_tag?post=9931987"}],"curies":[{"name":"wp","href":"https:\/\/api.w.org\/{rel}","templated":true}]}}