{"id":9931952,"date":"2024-12-02T00:03:27","date_gmt":"2024-12-01T23:03:27","guid":{"rendered":"https:\/\/varjasfutofolia.hu\/?post_type=product&#038;p=9931952"},"modified":"2024-12-02T00:03:44","modified_gmt":"2024-12-01T23:03:44","slug":"infrapanel-fenix-ecosun-u-1000-w-gravelly-snow-uj-fejlesztes-2","status":"publish","type":"product","link":"https:\/\/varjasfutofolia.hu\/de\/termek\/infrapanel-fenix-ecosun-u-1000-w-gravelly-snow-uj-fejlesztes-2\/","title":{"rendered":"Infrapanel &#8211; Fenix EcoSun U+ 1000 W Gravelly Snow &#8211; (\u00daj fejleszt\u00e9s!)"},"content":{"rendered":"","protected":false},"excerpt":{"rendered":"<p><strong> Az \u00faj\u00a0<em>Fenix Ecosun U+ (2022)<\/em>\u00a0<em>M-Ceramics<\/em>\u00a0<\/strong>technol\u00f3gi\u00e1nak k\u00f6sz\u00f6nhet\u0151en\u00a0magasabb hat\u00e1sfokkal, kedvez\u0151bb fogyaszt\u00e1ssal \u00e9s egyenletesebb\u00a0h\u0151lead\u00e1ssal rendelkezik a sima fel\u00fclet\u0171(pl. Graphit-polyimide)\u00a0infrapanelekn\u00e9l!\u00a0 Az optimaliz\u00e1lt emisszi\u00f3s fel\u00fcletk\u00e9pz\u00e9s kiv\u00e1l\u00f3 intenzit\u00e1s\u00fa infrasug\u00e1rz\u00e1st \u00e9s egyed\u00fcl\u00e1ll\u00f3 hat\u00e9konys\u00e1got eredm\u00e9nyez.\u00a0F\u00fcrd\u0151szob\u00e1ban is haszn\u00e1lhat\u00f3!<\/p>\n<p><span class=\"product_desc\"><em><strong>Keret n\u00e9lk\u00fcli modern, letisztult megjelen\u00e9s!<\/strong><\/em><br \/>\n<\/span><\/p>\n<p>&nbsp;<\/p>\n<table border=\"2\" summary=\"Infrapanel-t\u00e1bl\u00e1zat\" cellspacing=\"1\" cellpadding=\"1\" align=\"center\">\n<tbody>\n<tr>\n<td><strong>M\u00e9ret:\u00a0 \u00a0 \u00a0 \u00a0\u00a0\u00a0\u00a0\u00a0\u00a0\u00a0\u00a0\u00a0\u00a0<\/strong><\/td>\n<td>\u00a0 1192x850x30 mm<\/td>\n<\/tr>\n<tr>\n<td><strong>S\u00faly:\u00a0\u00a0<\/strong><\/td>\n<td>\u00a0 15.8 kg<\/td>\n<\/tr>\n<tr>\n<td><strong>Teljes\u00edtm\u00e9ny:<\/strong><\/td>\n<td>\u00a0 1000 W \/ IP44<\/td>\n<\/tr>\n<tr>\n<td><strong>Garancia:<\/strong><\/td>\n<td>\u00a0 5 \u00e9v (\u00e9lettartam 30 felett)<\/td>\n<\/tr>\n<tr>\n<td><strong>Gy\u00e1rt\u00f3:<\/strong><\/td>\n<td>\u00a0 Fenix Group<\/td>\n<\/tr>\n<tr>\n<td><strong>F\u0171tend\u0151 m3:<\/strong><\/td>\n<td>\u00a0 32-38 m3**<\/td>\n<\/tr>\n<tr>\n<td><strong>Szerel\u0151konzol:\u00a0 <\/strong><\/td>\n<td>\u00a0 tartoz\u00e9k<\/td>\n<\/tr>\n<\/tbody>\n<\/table>\n<p>** a helys\u00e9g szigetelts\u00e9g\u00e9nek f\u00fcggv\u00e9ny\u00e9ben<\/p>\n","protected":false},"featured_media":9931975,"comment_status":"open","ping_status":"closed","template":"","meta":{"_et_pb_use_builder":"","_et_pb_old_content":"","_et_gb_content_width":""},"product_brand":[],"product_cat":[202,30,203],"product_tag":[],"class_list":{"0":"post-9931952","1":"product","2":"type-product","3":"status-publish","4":"has-post-thumbnail","6":"product_cat-ecosun","7":"product_cat-infrapanel","8":"product_cat-u-infrapanel","10":"first","11":"instock","12":"taxable","13":"shipping-taxable","14":"purchasable","15":"product-type-simple"},"yoast_head":"<!-- This site is optimized with the Yoast SEO plugin v26.0 - https:\/\/yoast.com\/wordpress\/plugins\/seo\/ -->\n<title>Infrapanel - Fenix EcoSun U+ 1000 W Gravelly Snow - (\u00daj fejleszt\u00e9s!) - Varjas F\u0171t\u0151f\u00f3lia<\/title>\n<meta name=\"robots\" content=\"index, follow, max-snippet:-1, max-image-preview:large, max-video-preview:-1\" \/>\n<link rel=\"canonical\" href=\"https:\/\/varjasfutofolia.hu\/de\/termek\/infrapanel-fenix-ecosun-u-1000-w-gravelly-snow-uj-fejlesztes-2\/\" \/>\n<meta property=\"og:locale\" content=\"de_DE\" \/>\n<meta property=\"og:locale:alternate\" content=\"en_US\" \/>\n<meta property=\"og:locale:alternate\" content=\"hu_HU\" \/>\n<meta property=\"og:type\" content=\"article\" \/>\n<meta property=\"og:title\" content=\"Infrapanel - Fenix EcoSun U+ 1000 W Gravelly Snow - (\u00daj fejleszt\u00e9s!) - Varjas F\u0171t\u0151f\u00f3lia\" \/>\n<meta property=\"og:description\" content=\"Az \u00faj\u00a0Fenix Ecosun U+ (2022)\u00a0M-Ceramics\u00a0technol\u00f3gi\u00e1nak k\u00f6sz\u00f6nhet\u0151en\u00a0magasabb hat\u00e1sfokkal, kedvez\u0151bb fogyaszt\u00e1ssal \u00e9s egyenletesebb\u00a0h\u0151lead\u00e1ssal rendelkezik a sima fel\u00fclet\u0171(pl. Graphit-polyimide)\u00a0infrapanelekn\u00e9l!\u00a0 Az optimaliz\u00e1lt emisszi\u00f3s fel\u00fcletk\u00e9pz\u00e9s kiv\u00e1l\u00f3 intenzit\u00e1s\u00fa infrasug\u00e1rz\u00e1st \u00e9s egyed\u00fcl\u00e1ll\u00f3 hat\u00e9konys\u00e1got eredm\u00e9nyez.\u00a0F\u00fcrd\u0151szob\u00e1ban is haszn\u00e1lhat\u00f3!  Keret n\u00e9lk\u00fcli modern, letisztult megjelen\u00e9s!   &nbsp;    M\u00e9ret:\u00a0 \u00a0 \u00a0 \u00a0\u00a0\u00a0\u00a0\u00a0\u00a0\u00a0\u00a0\u00a0\u00a0 \u00a0 1192x850x30 mm   S\u00faly:\u00a0\u00a0 \u00a0 15.8 kg   Teljes\u00edtm\u00e9ny: \u00a0 1000 W \/ IP44   Garancia: \u00a0 5 \u00e9v (\u00e9lettartam 30 felett)   Gy\u00e1rt\u00f3: \u00a0 Fenix Group   F\u0171tend\u0151 m3: \u00a0 32-38 m3**   Szerel\u0151konzol:\u00a0  \u00a0 tartoz\u00e9k    ** a helys\u00e9g szigetelts\u00e9g\u00e9nek f\u00fcggv\u00e9ny\u00e9ben\" \/>\n<meta property=\"og:url\" content=\"https:\/\/varjasfutofolia.hu\/de\/termek\/infrapanel-fenix-ecosun-u-1000-w-gravelly-snow-uj-fejlesztes-2\/\" \/>\n<meta property=\"og:site_name\" content=\"Varjas F\u0171t\u0151f\u00f3lia\" \/>\n<meta property=\"article:modified_time\" content=\"2024-12-01T23:03:44+00:00\" \/>\n<meta name=\"twitter:card\" content=\"summary_large_image\" \/>\n<script type=\"application\/ld+json\" class=\"yoast-schema-graph\">{\"@context\":\"https:\/\/schema.org\",\"@graph\":[{\"@type\":\"WebPage\",\"@id\":\"https:\/\/varjasfutofolia.hu\/termek\/infrapanel-fenix-ecosun-u-1000-w-gravelly-snow-uj-fejlesztes-2\/\",\"url\":\"https:\/\/varjasfutofolia.hu\/termek\/infrapanel-fenix-ecosun-u-1000-w-gravelly-snow-uj-fejlesztes-2\/\",\"name\":\"Infrapanel - Fenix EcoSun U+ 1000 W Gravelly Snow - (\u00daj fejleszt\u00e9s!) - Varjas F\u0171t\u0151f\u00f3lia\",\"isPartOf\":{\"@id\":\"https:\/\/varjasfutofolia.hu\/#website\"},\"primaryImageOfPage\":{\"@id\":\"https:\/\/varjasfutofolia.hu\/termek\/infrapanel-fenix-ecosun-u-1000-w-gravelly-snow-uj-fejlesztes-2\/#primaryimage\"},\"image\":{\"@id\":\"https:\/\/varjasfutofolia.hu\/termek\/infrapanel-fenix-ecosun-u-1000-w-gravelly-snow-uj-fejlesztes-2\/#primaryimage\"},\"thumbnailUrl\":\"https:\/\/varjasfutofolia.hu\/wp-content\/uploads\/2024\/12\/1000w.png\",\"datePublished\":\"2024-12-01T23:03:27+00:00\",\"dateModified\":\"2024-12-01T23:03:44+00:00\",\"breadcrumb\":{\"@id\":\"https:\/\/varjasfutofolia.hu\/termek\/infrapanel-fenix-ecosun-u-1000-w-gravelly-snow-uj-fejlesztes-2\/#breadcrumb\"},\"inLanguage\":\"de-DE\",\"potentialAction\":[{\"@type\":\"ReadAction\",\"target\":[\"https:\/\/varjasfutofolia.hu\/termek\/infrapanel-fenix-ecosun-u-1000-w-gravelly-snow-uj-fejlesztes-2\/\"]}]},{\"@type\":\"ImageObject\",\"inLanguage\":\"de-DE\",\"@id\":\"https:\/\/varjasfutofolia.hu\/termek\/infrapanel-fenix-ecosun-u-1000-w-gravelly-snow-uj-fejlesztes-2\/#primaryimage\",\"url\":\"https:\/\/varjasfutofolia.hu\/wp-content\/uploads\/2024\/12\/1000w.png\",\"contentUrl\":\"https:\/\/varjasfutofolia.hu\/wp-content\/uploads\/2024\/12\/1000w.png\",\"width\":746,\"height\":772},{\"@type\":\"BreadcrumbList\",\"@id\":\"https:\/\/varjasfutofolia.hu\/termek\/infrapanel-fenix-ecosun-u-1000-w-gravelly-snow-uj-fejlesztes-2\/#breadcrumb\",\"itemListElement\":[{\"@type\":\"ListItem\",\"position\":1,\"name\":\"Kezd\u0151lap\",\"item\":\"https:\/\/varjasfutofolia.hu\/\"},{\"@type\":\"ListItem\",\"position\":2,\"name\":\"\u00dczlet\",\"item\":\"https:\/\/varjasfutofolia.hu\/uzlet\/\"},{\"@type\":\"ListItem\",\"position\":3,\"name\":\"Infrapanel &#8211; Fenix EcoSun U+ 1000 W Gravelly Snow &#8211; (\u00daj fejleszt\u00e9s!)\"}]},{\"@type\":\"WebSite\",\"@id\":\"https:\/\/varjasfutofolia.hu\/#website\",\"url\":\"https:\/\/varjasfutofolia.hu\/\",\"name\":\"Varjas F\u0171t\u0151f\u00f3lia\",\"description\":\"A Nap melege az \u00d6n otthon\u00e1ban\",\"potentialAction\":[{\"@type\":\"SearchAction\",\"target\":{\"@type\":\"EntryPoint\",\"urlTemplate\":\"https:\/\/varjasfutofolia.hu\/?s={search_term_string}\"},\"query-input\":{\"@type\":\"PropertyValueSpecification\",\"valueRequired\":true,\"valueName\":\"search_term_string\"}}],\"inLanguage\":\"de-DE\"}]}<\/script>\n<!-- \/ Yoast SEO plugin. -->","yoast_head_json":{"title":"Infrapanel - Fenix EcoSun U+ 1000 W Gravelly Snow - (\u00daj fejleszt\u00e9s!) - Varjas F\u0171t\u0151f\u00f3lia","robots":{"index":"index","follow":"follow","max-snippet":"max-snippet:-1","max-image-preview":"max-image-preview:large","max-video-preview":"max-video-preview:-1"},"canonical":"https:\/\/varjasfutofolia.hu\/de\/termek\/infrapanel-fenix-ecosun-u-1000-w-gravelly-snow-uj-fejlesztes-2\/","og_locale":"de_DE","og_type":"article","og_title":"Infrapanel - Fenix EcoSun U+ 1000 W Gravelly Snow - (\u00daj fejleszt\u00e9s!) - Varjas F\u0171t\u0151f\u00f3lia","og_description":"Az \u00faj\u00a0Fenix Ecosun U+ (2022)\u00a0M-Ceramics\u00a0technol\u00f3gi\u00e1nak k\u00f6sz\u00f6nhet\u0151en\u00a0magasabb hat\u00e1sfokkal, kedvez\u0151bb fogyaszt\u00e1ssal \u00e9s egyenletesebb\u00a0h\u0151lead\u00e1ssal rendelkezik a sima fel\u00fclet\u0171(pl. Graphit-polyimide)\u00a0infrapanelekn\u00e9l!\u00a0 Az optimaliz\u00e1lt emisszi\u00f3s fel\u00fcletk\u00e9pz\u00e9s kiv\u00e1l\u00f3 intenzit\u00e1s\u00fa infrasug\u00e1rz\u00e1st \u00e9s egyed\u00fcl\u00e1ll\u00f3 hat\u00e9konys\u00e1got eredm\u00e9nyez.\u00a0F\u00fcrd\u0151szob\u00e1ban is haszn\u00e1lhat\u00f3!  Keret n\u00e9lk\u00fcli modern, letisztult megjelen\u00e9s!   &nbsp;    M\u00e9ret:\u00a0 \u00a0 \u00a0 \u00a0\u00a0\u00a0\u00a0\u00a0\u00a0\u00a0\u00a0\u00a0\u00a0 \u00a0 1192x850x30 mm   S\u00faly:\u00a0\u00a0 \u00a0 15.8 kg   Teljes\u00edtm\u00e9ny: \u00a0 1000 W \/ IP44   Garancia: \u00a0 5 \u00e9v (\u00e9lettartam 30 felett)   Gy\u00e1rt\u00f3: \u00a0 Fenix Group   F\u0171tend\u0151 m3: \u00a0 32-38 m3**   Szerel\u0151konzol:\u00a0  \u00a0 tartoz\u00e9k    ** a helys\u00e9g szigetelts\u00e9g\u00e9nek f\u00fcggv\u00e9ny\u00e9ben","og_url":"https:\/\/varjasfutofolia.hu\/de\/termek\/infrapanel-fenix-ecosun-u-1000-w-gravelly-snow-uj-fejlesztes-2\/","og_site_name":"Varjas F\u0171t\u0151f\u00f3lia","article_modified_time":"2024-12-01T23:03:44+00:00","twitter_card":"summary_large_image","schema":{"@context":"https:\/\/schema.org","@graph":[{"@type":"WebPage","@id":"https:\/\/varjasfutofolia.hu\/termek\/infrapanel-fenix-ecosun-u-1000-w-gravelly-snow-uj-fejlesztes-2\/","url":"https:\/\/varjasfutofolia.hu\/termek\/infrapanel-fenix-ecosun-u-1000-w-gravelly-snow-uj-fejlesztes-2\/","name":"Infrapanel - Fenix EcoSun U+ 1000 W Gravelly Snow - (\u00daj fejleszt\u00e9s!) - Varjas F\u0171t\u0151f\u00f3lia","isPartOf":{"@id":"https:\/\/varjasfutofolia.hu\/#website"},"primaryImageOfPage":{"@id":"https:\/\/varjasfutofolia.hu\/termek\/infrapanel-fenix-ecosun-u-1000-w-gravelly-snow-uj-fejlesztes-2\/#primaryimage"},"image":{"@id":"https:\/\/varjasfutofolia.hu\/termek\/infrapanel-fenix-ecosun-u-1000-w-gravelly-snow-uj-fejlesztes-2\/#primaryimage"},"thumbnailUrl":"https:\/\/varjasfutofolia.hu\/wp-content\/uploads\/2024\/12\/1000w.png","datePublished":"2024-12-01T23:03:27+00:00","dateModified":"2024-12-01T23:03:44+00:00","breadcrumb":{"@id":"https:\/\/varjasfutofolia.hu\/termek\/infrapanel-fenix-ecosun-u-1000-w-gravelly-snow-uj-fejlesztes-2\/#breadcrumb"},"inLanguage":"de-DE","potentialAction":[{"@type":"ReadAction","target":["https:\/\/varjasfutofolia.hu\/termek\/infrapanel-fenix-ecosun-u-1000-w-gravelly-snow-uj-fejlesztes-2\/"]}]},{"@type":"ImageObject","inLanguage":"de-DE","@id":"https:\/\/varjasfutofolia.hu\/termek\/infrapanel-fenix-ecosun-u-1000-w-gravelly-snow-uj-fejlesztes-2\/#primaryimage","url":"https:\/\/varjasfutofolia.hu\/wp-content\/uploads\/2024\/12\/1000w.png","contentUrl":"https:\/\/varjasfutofolia.hu\/wp-content\/uploads\/2024\/12\/1000w.png","width":746,"height":772},{"@type":"BreadcrumbList","@id":"https:\/\/varjasfutofolia.hu\/termek\/infrapanel-fenix-ecosun-u-1000-w-gravelly-snow-uj-fejlesztes-2\/#breadcrumb","itemListElement":[{"@type":"ListItem","position":1,"name":"Kezd\u0151lap","item":"https:\/\/varjasfutofolia.hu\/"},{"@type":"ListItem","position":2,"name":"\u00dczlet","item":"https:\/\/varjasfutofolia.hu\/uzlet\/"},{"@type":"ListItem","position":3,"name":"Infrapanel &#8211; Fenix EcoSun U+ 1000 W Gravelly Snow &#8211; (\u00daj fejleszt\u00e9s!)"}]},{"@type":"WebSite","@id":"https:\/\/varjasfutofolia.hu\/#website","url":"https:\/\/varjasfutofolia.hu\/","name":"Varjas F\u0171t\u0151f\u00f3lia","description":"A Nap melege az \u00d6n otthon\u00e1ban","potentialAction":[{"@type":"SearchAction","target":{"@type":"EntryPoint","urlTemplate":"https:\/\/varjasfutofolia.hu\/?s={search_term_string}"},"query-input":{"@type":"PropertyValueSpecification","valueRequired":true,"valueName":"search_term_string"}}],"inLanguage":"de-DE"}]}},"_links":{"self":[{"href":"https:\/\/varjasfutofolia.hu\/de\/wp-json\/wp\/v2\/product\/9931952","targetHints":{"allow":["GET"]}}],"collection":[{"href":"https:\/\/varjasfutofolia.hu\/de\/wp-json\/wp\/v2\/product"}],"about":[{"href":"https:\/\/varjasfutofolia.hu\/de\/wp-json\/wp\/v2\/types\/product"}],"replies":[{"embeddable":true,"href":"https:\/\/varjasfutofolia.hu\/de\/wp-json\/wp\/v2\/comments?post=9931952"}],"wp:featuredmedia":[{"embeddable":true,"href":"https:\/\/varjasfutofolia.hu\/de\/wp-json\/wp\/v2\/media\/9931975"}],"wp:attachment":[{"href":"https:\/\/varjasfutofolia.hu\/de\/wp-json\/wp\/v2\/media?parent=9931952"}],"wp:term":[{"taxonomy":"product_brand","embeddable":true,"href":"https:\/\/varjasfutofolia.hu\/de\/wp-json\/wp\/v2\/product_brand?post=9931952"},{"taxonomy":"product_cat","embeddable":true,"href":"https:\/\/varjasfutofolia.hu\/de\/wp-json\/wp\/v2\/product_cat?post=9931952"},{"taxonomy":"product_tag","embeddable":true,"href":"https:\/\/varjasfutofolia.hu\/de\/wp-json\/wp\/v2\/product_tag?post=9931952"}],"curies":[{"name":"wp","href":"https:\/\/api.w.org\/{rel}","templated":true}]}}