{"id":9931932,"date":"2024-12-02T00:03:20","date_gmt":"2024-12-01T23:03:20","guid":{"rendered":"https:\/\/varjasfutofolia.hu\/?post_type=product&#038;p=9931932"},"modified":"2024-12-02T00:03:24","modified_gmt":"2024-12-01T23:03:24","slug":"infrapanel-fenix-ecosun-u-1000-w-gravelly-snow-uj-fejlesztes","status":"publish","type":"product","link":"https:\/\/varjasfutofolia.hu\/de\/termek\/infrapanel-fenix-ecosun-u-1000-w-gravelly-snow-uj-fejlesztes\/","title":{"rendered":"Infrapanel &#8211; Fenix EcoSun U+  1000 W Gravelly Snow  &#8211; (\u00daj fejleszt\u00e9s!)"},"content":{"rendered":"<h3>Infrapanel &#8211; Fenix EcoSun<\/h3>\n<p>Napjainkban ahogy cs\u00f6kken az \u00e9p\u00fcletek energiavesztes\u00e9ge, \u00fagy emelkedik az elektromos f\u0171t\u00e9sek gyakoribb felhaszn\u00e1l\u00e1sa.\u00a0 A kedvez\u0151 beruh\u00e1z\u00e1si k\u00f6lts\u00e9g mellett nagy el\u0151ny a gyors \u00e9s komfortos meleg.<\/p>\n<p><a href=\"https:\/\/www.futofolia.hu\/infrafutes\/\">Az infraf\u0171t\u00e9s<\/a> a sug\u00e1rz\u00f3 h\u0151nek k\u00f6sz\u00f6nhet\u0151en k\u00f6zvetlen\u00fcl az embert meleg\u00edti \u00e9s. a t\u00e1rgyakat, majd a leveg\u0151 csak ezt k\u00f6vet\u0151en melegszik fel, \u00edgy a komfortos meleg el\u00e9r\u00e9se t\u00f6red\u00e9ke m\u00e1s f\u0171t\u00e9shez k\u00e9pest, \u00e9s az energia felhaszn\u00e1l\u00e1s is optim\u00e1lisabb.<\/p>\n<p>Az infrapanelek felhaszn\u00e1l\u00e1si lehet\u0151s\u00e9ge korl\u00e1tlan. Tehetj\u00fck a falra \u00e1ll\u00edtva vagy fektetve. Telep\u00edthet\u0151 mennyezetre vagy tehetj\u00fck \u00e1llv\u00e1nyra. Lehet a telep\u00edt\u00e9s fix vagy mobil is.<\/p>\n<p><strong>Az \u00faj\u00a0<em>Fenix Ecosun U+ (2022)<\/em>\u00a0<em>M-Ceramics<\/em>\u00a0<\/strong>technol\u00f3gi\u00e1nak k\u00f6sz\u00f6nhet\u0151en\u00a0magasabb hat\u00e1sfokkal, kedvez\u0151bb fogyaszt\u00e1ssal \u00e9s egyenletesebb\u00a0h\u0151lead\u00e1ssal rendelkezik a sima fel\u00fclet\u0171(pl. Graphit-polyimide)\u00a0infrapanelekn\u00e9l!\u00a0 Az optimaliz\u00e1lt emisszi\u00f3s fel\u00fcletk\u00e9pz\u00e9s kiv\u00e1l\u00f3 intenzit\u00e1s\u00fa infrasug\u00e1rz\u00e1st \u00e9s egyed\u00fcl\u00e1ll\u00f3 hat\u00e9konys\u00e1got eredm\u00e9nyez.<\/p>\n<p><span class=\"product_desc\"><em><strong>Keret n\u00e9lk\u00fcli modern, letisztult megjelen\u00e9s!<\/strong><\/em><\/span><\/p>\n<table border=\"2\" summary=\"Infrapanel-t\u00e1bl\u00e1zat\" cellspacing=\"1\" cellpadding=\"1\" align=\"center\">\n<tbody>\n<tr>\n<td><strong>M\u00e9ret:\u00a0 \u00a0 \u00a0 \u00a0\u00a0\u00a0\u00a0\u00a0\u00a0\u00a0\u00a0\u00a0\u00a0<\/strong><\/td>\n<td>\u00a0 1192x850x30 mm<\/td>\n<\/tr>\n<tr>\n<td><strong>S\u00faly:\u00a0\u00a0<\/strong><\/td>\n<td>\u00a0 15.8 kg<\/td>\n<\/tr>\n<tr>\n<td><strong>Teljes\u00edtm\u00e9ny:<\/strong><\/td>\n<td>\u00a0 1000 W \/ IP44<\/td>\n<\/tr>\n<tr>\n<td><strong>Garancia:<\/strong><\/td>\n<td>\u00a0 5 \u00e9v (\u00e9lettartam 30 felett)<\/td>\n<\/tr>\n<tr>\n<td><strong>Gy\u00e1rt\u00f3:<\/strong><\/td>\n<td>\u00a0 Fenix Group<\/td>\n<\/tr>\n<tr>\n<td><strong>F\u0171tend\u0151 m3:<\/strong><\/td>\n<td>\u00a0 32-38 m3**<\/td>\n<\/tr>\n<tr>\n<td><strong>Szerel\u0151konzol:\u00a0 <\/strong><\/td>\n<td>\u00a0 tartoz\u00e9k<\/td>\n<\/tr>\n<\/tbody>\n<\/table>\n<p>** a helys\u00e9g szigetelts\u00e9g\u00e9nek f\u00fcggv\u00e9ny\u00e9ben<\/p>\n<p>Minim\u00e1l st\u00edlus\u00fa megjelen\u00e9se t\u00f6k\u00e9letesen alkalmazkodik a modern \u00e9p\u00fcletek formavil\u00e1g\u00e1hoz. \u00daj \u00e9p\u00edt\u00e9s\u0171 lak\u00e1sok, irod\u00e1k n\u00e9pszer\u0171 f\u0151f\u0171t\u00e9se. F\u0171tend\u0151 ter\u00fclet cca. 12-15 m2 (teljes\u00edtm\u00e9nyig\u00e9ny kisz\u00e1m\u00edt\u00e1sakor haszn\u00e1lja\u00a0<a href=\"https:\/\/www.futofolia.hu\/infrapanel-fogyasztas\/\">Infrapanel kalkul\u00e1torunkat<\/a> vagy k\u00e9rje szakember\u00fcnk seg\u00edts\u00e9g\u00e9t).<\/p>\n<p>Infrav\u00f6r\u00f6s elektromos f\u0171t\u0151panel Fenix ECOSUN 1000 W infrapaneleknek nincs l\u00e1that\u00f3 keretr\u00e9sze, \u00edgy minden k\u00f6rnyezetbe dekorat\u00edv megjelen\u00e9st biztos\u00edt.<\/p>\n<p>&nbsp;<\/p>\n<p><iframe loading=\"lazy\" title=\"Infrapanel m\u0171k\u00f6d\u00e9se (www.fenixinfra.hu)\" width=\"1080\" height=\"608\" src=\"https:\/\/www.youtube.com\/embed\/5-pz5uF9wy4?start=1&#038;feature=oembed\"  allow=\"accelerometer; autoplay; clipboard-write; encrypted-media; gyroscope; picture-in-picture; web-share\" referrerpolicy=\"strict-origin-when-cross-origin\" allowfullscreen><\/iframe><\/p>\n<p>&nbsp;<\/p>\n","protected":false},"excerpt":{"rendered":"<p><strong>\u00a0Az \u00faj fejleszt\u00e9s\u0171\u00a0<em>Fenix Ecosun 1000 U+ (2021)<\/em>\u00a0mikroker\u00e1mi\u00e1s\u00a0<\/strong>technol\u00f3gi\u00e1nak\u00a0k\u00f6sz\u00f6nhet\u0151en\u00a0<strong>magasabb hat\u00e1sfokkal <\/strong>\u00e9s egyenletesebb\u00a0h\u0151lead\u00e1ssal rendelkezik a sima fel\u00fclet\u0171 infrapanelekn\u00e9l!\u00a0\u00a0Az optimaliz\u00e1lt emisszi\u00f3s fel\u00fcletk\u00e9pz\u00e9s <strong>kiv\u00e1l\u00f3 intenzit\u00e1s\u00fa infrav\u00f6r\u00f6s h\u0151sug\u00e1rz\u00e1st<\/strong> \u00e9s egyed\u00fcl\u00e1ll\u00f3 hat\u00e9konys\u00e1got eredm\u00e9nyez.<\/p>\n","protected":false},"featured_media":9930994,"comment_status":"open","ping_status":"closed","template":"","meta":{"_et_pb_use_builder":"","_et_pb_old_content":"","_et_gb_content_width":""},"product_brand":[],"product_cat":[202,30],"product_tag":[41,205,204,34],"class_list":{"0":"post-9931932","1":"product","2":"type-product","3":"status-publish","4":"has-post-thumbnail","6":"product_cat-ecosun","7":"product_cat-infrapanel","8":"product_tag-elektromos-futes","9":"product_tag-infra-futes","10":"product_tag-infra-panel","11":"product_tag-infrapanel","13":"first","14":"instock","15":"taxable","16":"shipping-taxable","17":"purchasable","18":"product-type-simple"},"yoast_head":"<!-- This site is optimized with the Yoast SEO plugin v26.0 - https:\/\/yoast.com\/wordpress\/plugins\/seo\/ -->\n<title>Infrapanel - Fenix EcoSun U+ 1000 W Gravelly Snow - (\u00daj fejleszt\u00e9s!) - Varjas F\u0171t\u0151f\u00f3lia<\/title>\n<meta name=\"robots\" content=\"index, follow, max-snippet:-1, max-image-preview:large, max-video-preview:-1\" \/>\n<link rel=\"canonical\" href=\"https:\/\/varjasfutofolia.hu\/de\/termek\/infrapanel-fenix-ecosun-u-1000-w-gravelly-snow-uj-fejlesztes\/\" \/>\n<meta property=\"og:locale\" content=\"de_DE\" \/>\n<meta property=\"og:locale:alternate\" content=\"en_US\" \/>\n<meta property=\"og:locale:alternate\" content=\"hu_HU\" \/>\n<meta property=\"og:type\" content=\"article\" \/>\n<meta property=\"og:title\" content=\"Infrapanel - Fenix EcoSun U+ 1000 W Gravelly Snow - (\u00daj fejleszt\u00e9s!) - Varjas F\u0171t\u0151f\u00f3lia\" \/>\n<meta property=\"og:description\" content=\"\u00a0Az \u00faj fejleszt\u00e9s\u0171\u00a0Fenix Ecosun 1000 U+ (2021)\u00a0mikroker\u00e1mi\u00e1s\u00a0technol\u00f3gi\u00e1nak\u00a0k\u00f6sz\u00f6nhet\u0151en\u00a0magasabb hat\u00e1sfokkal \u00e9s egyenletesebb\u00a0h\u0151lead\u00e1ssal rendelkezik a sima fel\u00fclet\u0171 infrapanelekn\u00e9l!\u00a0\u00a0Az optimaliz\u00e1lt emisszi\u00f3s fel\u00fcletk\u00e9pz\u00e9s kiv\u00e1l\u00f3 intenzit\u00e1s\u00fa infrav\u00f6r\u00f6s h\u0151sug\u00e1rz\u00e1st \u00e9s egyed\u00fcl\u00e1ll\u00f3 hat\u00e9konys\u00e1got eredm\u00e9nyez.\" \/>\n<meta property=\"og:url\" content=\"https:\/\/varjasfutofolia.hu\/de\/termek\/infrapanel-fenix-ecosun-u-1000-w-gravelly-snow-uj-fejlesztes\/\" \/>\n<meta property=\"og:site_name\" content=\"Varjas F\u0171t\u0151f\u00f3lia\" \/>\n<meta property=\"article:modified_time\" content=\"2024-12-01T23:03:24+00:00\" \/>\n<meta name=\"twitter:card\" content=\"summary_large_image\" \/>\n<meta name=\"twitter:label1\" content=\"Gesch\u00e4tzte Lesezeit\" \/>\n\t<meta name=\"twitter:data1\" content=\"2\u00a0Minuten\" \/>\n<script type=\"application\/ld+json\" class=\"yoast-schema-graph\">{\"@context\":\"https:\/\/schema.org\",\"@graph\":[{\"@type\":\"WebPage\",\"@id\":\"https:\/\/varjasfutofolia.hu\/termek\/infrapanel-fenix-ecosun-u-1000-w-gravelly-snow-uj-fejlesztes\/\",\"url\":\"https:\/\/varjasfutofolia.hu\/termek\/infrapanel-fenix-ecosun-u-1000-w-gravelly-snow-uj-fejlesztes\/\",\"name\":\"Infrapanel - Fenix EcoSun U+ 1000 W Gravelly Snow - (\u00daj fejleszt\u00e9s!) - Varjas F\u0171t\u0151f\u00f3lia\",\"isPartOf\":{\"@id\":\"https:\/\/varjasfutofolia.hu\/#website\"},\"primaryImageOfPage\":{\"@id\":\"https:\/\/varjasfutofolia.hu\/termek\/infrapanel-fenix-ecosun-u-1000-w-gravelly-snow-uj-fejlesztes\/#primaryimage\"},\"image\":{\"@id\":\"https:\/\/varjasfutofolia.hu\/termek\/infrapanel-fenix-ecosun-u-1000-w-gravelly-snow-uj-fejlesztes\/#primaryimage\"},\"thumbnailUrl\":\"https:\/\/varjasfutofolia.hu\/wp-content\/uploads\/2022\/12\/infrapanel_ecosun_600w_hatlap.jpeg\",\"datePublished\":\"2024-12-01T23:03:20+00:00\",\"dateModified\":\"2024-12-01T23:03:24+00:00\",\"breadcrumb\":{\"@id\":\"https:\/\/varjasfutofolia.hu\/termek\/infrapanel-fenix-ecosun-u-1000-w-gravelly-snow-uj-fejlesztes\/#breadcrumb\"},\"inLanguage\":\"de-DE\",\"potentialAction\":[{\"@type\":\"ReadAction\",\"target\":[\"https:\/\/varjasfutofolia.hu\/termek\/infrapanel-fenix-ecosun-u-1000-w-gravelly-snow-uj-fejlesztes\/\"]}]},{\"@type\":\"ImageObject\",\"inLanguage\":\"de-DE\",\"@id\":\"https:\/\/varjasfutofolia.hu\/termek\/infrapanel-fenix-ecosun-u-1000-w-gravelly-snow-uj-fejlesztes\/#primaryimage\",\"url\":\"https:\/\/varjasfutofolia.hu\/wp-content\/uploads\/2022\/12\/infrapanel_ecosun_600w_hatlap.jpeg\",\"contentUrl\":\"https:\/\/varjasfutofolia.hu\/wp-content\/uploads\/2022\/12\/infrapanel_ecosun_600w_hatlap.jpeg\",\"width\":900,\"height\":500},{\"@type\":\"BreadcrumbList\",\"@id\":\"https:\/\/varjasfutofolia.hu\/termek\/infrapanel-fenix-ecosun-u-1000-w-gravelly-snow-uj-fejlesztes\/#breadcrumb\",\"itemListElement\":[{\"@type\":\"ListItem\",\"position\":1,\"name\":\"Kezd\u0151lap\",\"item\":\"https:\/\/varjasfutofolia.hu\/\"},{\"@type\":\"ListItem\",\"position\":2,\"name\":\"\u00dczlet\",\"item\":\"https:\/\/varjasfutofolia.hu\/uzlet\/\"},{\"@type\":\"ListItem\",\"position\":3,\"name\":\"Infrapanel &#8211; Fenix EcoSun U+ 1000 W Gravelly Snow &#8211; (\u00daj fejleszt\u00e9s!)\"}]},{\"@type\":\"WebSite\",\"@id\":\"https:\/\/varjasfutofolia.hu\/#website\",\"url\":\"https:\/\/varjasfutofolia.hu\/\",\"name\":\"Varjas F\u0171t\u0151f\u00f3lia\",\"description\":\"A Nap melege az \u00d6n otthon\u00e1ban\",\"potentialAction\":[{\"@type\":\"SearchAction\",\"target\":{\"@type\":\"EntryPoint\",\"urlTemplate\":\"https:\/\/varjasfutofolia.hu\/?s={search_term_string}\"},\"query-input\":{\"@type\":\"PropertyValueSpecification\",\"valueRequired\":true,\"valueName\":\"search_term_string\"}}],\"inLanguage\":\"de-DE\"}]}<\/script>\n<!-- \/ Yoast SEO plugin. -->","yoast_head_json":{"title":"Infrapanel - Fenix EcoSun U+ 1000 W Gravelly Snow - (\u00daj fejleszt\u00e9s!) - Varjas F\u0171t\u0151f\u00f3lia","robots":{"index":"index","follow":"follow","max-snippet":"max-snippet:-1","max-image-preview":"max-image-preview:large","max-video-preview":"max-video-preview:-1"},"canonical":"https:\/\/varjasfutofolia.hu\/de\/termek\/infrapanel-fenix-ecosun-u-1000-w-gravelly-snow-uj-fejlesztes\/","og_locale":"de_DE","og_type":"article","og_title":"Infrapanel - Fenix EcoSun U+ 1000 W Gravelly Snow - (\u00daj fejleszt\u00e9s!) - Varjas F\u0171t\u0151f\u00f3lia","og_description":"\u00a0Az \u00faj fejleszt\u00e9s\u0171\u00a0Fenix Ecosun 1000 U+ (2021)\u00a0mikroker\u00e1mi\u00e1s\u00a0technol\u00f3gi\u00e1nak\u00a0k\u00f6sz\u00f6nhet\u0151en\u00a0magasabb hat\u00e1sfokkal \u00e9s egyenletesebb\u00a0h\u0151lead\u00e1ssal rendelkezik a sima fel\u00fclet\u0171 infrapanelekn\u00e9l!\u00a0\u00a0Az optimaliz\u00e1lt emisszi\u00f3s fel\u00fcletk\u00e9pz\u00e9s kiv\u00e1l\u00f3 intenzit\u00e1s\u00fa infrav\u00f6r\u00f6s h\u0151sug\u00e1rz\u00e1st \u00e9s egyed\u00fcl\u00e1ll\u00f3 hat\u00e9konys\u00e1got eredm\u00e9nyez.","og_url":"https:\/\/varjasfutofolia.hu\/de\/termek\/infrapanel-fenix-ecosun-u-1000-w-gravelly-snow-uj-fejlesztes\/","og_site_name":"Varjas F\u0171t\u0151f\u00f3lia","article_modified_time":"2024-12-01T23:03:24+00:00","twitter_card":"summary_large_image","twitter_misc":{"Gesch\u00e4tzte Lesezeit":"2\u00a0Minuten"},"schema":{"@context":"https:\/\/schema.org","@graph":[{"@type":"WebPage","@id":"https:\/\/varjasfutofolia.hu\/termek\/infrapanel-fenix-ecosun-u-1000-w-gravelly-snow-uj-fejlesztes\/","url":"https:\/\/varjasfutofolia.hu\/termek\/infrapanel-fenix-ecosun-u-1000-w-gravelly-snow-uj-fejlesztes\/","name":"Infrapanel - Fenix EcoSun U+ 1000 W Gravelly Snow - (\u00daj fejleszt\u00e9s!) - Varjas F\u0171t\u0151f\u00f3lia","isPartOf":{"@id":"https:\/\/varjasfutofolia.hu\/#website"},"primaryImageOfPage":{"@id":"https:\/\/varjasfutofolia.hu\/termek\/infrapanel-fenix-ecosun-u-1000-w-gravelly-snow-uj-fejlesztes\/#primaryimage"},"image":{"@id":"https:\/\/varjasfutofolia.hu\/termek\/infrapanel-fenix-ecosun-u-1000-w-gravelly-snow-uj-fejlesztes\/#primaryimage"},"thumbnailUrl":"https:\/\/varjasfutofolia.hu\/wp-content\/uploads\/2022\/12\/infrapanel_ecosun_600w_hatlap.jpeg","datePublished":"2024-12-01T23:03:20+00:00","dateModified":"2024-12-01T23:03:24+00:00","breadcrumb":{"@id":"https:\/\/varjasfutofolia.hu\/termek\/infrapanel-fenix-ecosun-u-1000-w-gravelly-snow-uj-fejlesztes\/#breadcrumb"},"inLanguage":"de-DE","potentialAction":[{"@type":"ReadAction","target":["https:\/\/varjasfutofolia.hu\/termek\/infrapanel-fenix-ecosun-u-1000-w-gravelly-snow-uj-fejlesztes\/"]}]},{"@type":"ImageObject","inLanguage":"de-DE","@id":"https:\/\/varjasfutofolia.hu\/termek\/infrapanel-fenix-ecosun-u-1000-w-gravelly-snow-uj-fejlesztes\/#primaryimage","url":"https:\/\/varjasfutofolia.hu\/wp-content\/uploads\/2022\/12\/infrapanel_ecosun_600w_hatlap.jpeg","contentUrl":"https:\/\/varjasfutofolia.hu\/wp-content\/uploads\/2022\/12\/infrapanel_ecosun_600w_hatlap.jpeg","width":900,"height":500},{"@type":"BreadcrumbList","@id":"https:\/\/varjasfutofolia.hu\/termek\/infrapanel-fenix-ecosun-u-1000-w-gravelly-snow-uj-fejlesztes\/#breadcrumb","itemListElement":[{"@type":"ListItem","position":1,"name":"Kezd\u0151lap","item":"https:\/\/varjasfutofolia.hu\/"},{"@type":"ListItem","position":2,"name":"\u00dczlet","item":"https:\/\/varjasfutofolia.hu\/uzlet\/"},{"@type":"ListItem","position":3,"name":"Infrapanel &#8211; Fenix EcoSun U+ 1000 W Gravelly Snow &#8211; (\u00daj fejleszt\u00e9s!)"}]},{"@type":"WebSite","@id":"https:\/\/varjasfutofolia.hu\/#website","url":"https:\/\/varjasfutofolia.hu\/","name":"Varjas F\u0171t\u0151f\u00f3lia","description":"A Nap melege az \u00d6n otthon\u00e1ban","potentialAction":[{"@type":"SearchAction","target":{"@type":"EntryPoint","urlTemplate":"https:\/\/varjasfutofolia.hu\/?s={search_term_string}"},"query-input":{"@type":"PropertyValueSpecification","valueRequired":true,"valueName":"search_term_string"}}],"inLanguage":"de-DE"}]}},"_links":{"self":[{"href":"https:\/\/varjasfutofolia.hu\/de\/wp-json\/wp\/v2\/product\/9931932","targetHints":{"allow":["GET"]}}],"collection":[{"href":"https:\/\/varjasfutofolia.hu\/de\/wp-json\/wp\/v2\/product"}],"about":[{"href":"https:\/\/varjasfutofolia.hu\/de\/wp-json\/wp\/v2\/types\/product"}],"replies":[{"embeddable":true,"href":"https:\/\/varjasfutofolia.hu\/de\/wp-json\/wp\/v2\/comments?post=9931932"}],"wp:featuredmedia":[{"embeddable":true,"href":"https:\/\/varjasfutofolia.hu\/de\/wp-json\/wp\/v2\/media\/9930994"}],"wp:attachment":[{"href":"https:\/\/varjasfutofolia.hu\/de\/wp-json\/wp\/v2\/media?parent=9931932"}],"wp:term":[{"taxonomy":"product_brand","embeddable":true,"href":"https:\/\/varjasfutofolia.hu\/de\/wp-json\/wp\/v2\/product_brand?post=9931932"},{"taxonomy":"product_cat","embeddable":true,"href":"https:\/\/varjasfutofolia.hu\/de\/wp-json\/wp\/v2\/product_cat?post=9931932"},{"taxonomy":"product_tag","embeddable":true,"href":"https:\/\/varjasfutofolia.hu\/de\/wp-json\/wp\/v2\/product_tag?post=9931932"}],"curies":[{"name":"wp","href":"https:\/\/api.w.org\/{rel}","templated":true}]}}