{"id":9931931,"date":"2024-12-02T00:03:20","date_gmt":"2024-12-01T23:03:20","guid":{"rendered":"https:\/\/varjasfutofolia.hu\/?post_type=product&#038;p=9931931"},"modified":"2024-12-02T00:03:24","modified_gmt":"2024-12-01T23:03:24","slug":"asztalfutes-infrapanel-ecosun-100-w","status":"publish","type":"product","link":"https:\/\/varjasfutofolia.hu\/de\/termek\/asztalfutes-infrapanel-ecosun-100-w\/","title":{"rendered":"Asztalf\u0171t\u00e9s -Infrapanel EcoSun (100 W)"},"content":{"rendered":"<p>Az alacsony fel\u00fcleti h\u0151m\u00e9rs\u00e9klet\u0171 Fenix ECOSUN K+ infrapanel dolgoz\u00f3 asztal al\u00e1 szerelve , (p\u00e9nzt\u00e1r)f\u00fclke, templomi pad f\u0171t\u00e9s valamint helyi kieg\u00e9sz\u00edt\u0151 f\u0171t\u00e9s c\u00e9lj\u00e1ra lett kifejlesztve, de  kiv\u00e1l\u00f3an alkalmas teleltet\u0151 hely, nagym\u00e9ret\u0171 terr\u00e1rium, viv\u00e1rium v<\/p>\n","protected":false},"excerpt":{"rendered":"<p>Az alacsony fel\u00fcleti h\u0151m\u00e9rs\u00e9klet\u0171 Fenix ECOSUN K+ infrapanel dolgoz\u00f3 asztal al\u00e1 szerelve , (p\u00e9nzt\u00e1r)f\u00fclke, templomi pad f\u0171t\u00e9s valamint helyi kieg\u00e9sz\u00edt\u0151 f\u0171t\u00e9s c\u00e9lj\u00e1ra lett kifejlesztve, de kiv\u00e1l\u00f3an alkalmas teleltet\u0151 hely, nagym\u00e9ret\u0171 terr\u00e1rium, viv\u00e1rium v<\/p>\n","protected":false},"featured_media":0,"comment_status":"open","ping_status":"closed","template":"","meta":{"_et_pb_use_builder":"","_et_pb_old_content":"","_et_gb_content_width":""},"product_brand":[],"product_cat":[206,202,30],"product_tag":[],"class_list":{"0":"post-9931931","1":"product","2":"type-product","3":"status-publish","5":"product_cat-asztal","6":"product_cat-ecosun","7":"product_cat-infrapanel","9":"first","10":"instock","11":"taxable","12":"shipping-taxable","13":"purchasable","14":"product-type-simple"},"yoast_head":"<!-- This site is optimized with the Yoast SEO plugin v26.0 - https:\/\/yoast.com\/wordpress\/plugins\/seo\/ -->\n<title>Asztalf\u0171t\u00e9s -Infrapanel EcoSun (100 W) - Varjas F\u0171t\u0151f\u00f3lia<\/title>\n<meta name=\"robots\" content=\"index, follow, max-snippet:-1, max-image-preview:large, max-video-preview:-1\" \/>\n<link rel=\"canonical\" href=\"https:\/\/varjasfutofolia.hu\/de\/termek\/asztalfutes-infrapanel-ecosun-100-w\/\" \/>\n<meta property=\"og:locale\" content=\"de_DE\" \/>\n<meta property=\"og:locale:alternate\" content=\"en_US\" \/>\n<meta property=\"og:locale:alternate\" content=\"hu_HU\" \/>\n<meta property=\"og:type\" content=\"article\" \/>\n<meta property=\"og:title\" content=\"Asztalf\u0171t\u00e9s -Infrapanel EcoSun (100 W) - Varjas F\u0171t\u0151f\u00f3lia\" \/>\n<meta property=\"og:description\" content=\"Az alacsony fel\u00fcleti h\u0151m\u00e9rs\u00e9klet\u0171 Fenix ECOSUN K+ infrapanel dolgoz\u00f3 asztal al\u00e1 szerelve , (p\u00e9nzt\u00e1r)f\u00fclke, templomi pad f\u0171t\u00e9s valamint helyi kieg\u00e9sz\u00edt\u0151 f\u0171t\u00e9s c\u00e9lj\u00e1ra lett kifejlesztve, de kiv\u00e1l\u00f3an alkalmas teleltet\u0151 hely, nagym\u00e9ret\u0171 terr\u00e1rium, viv\u00e1rium v\" \/>\n<meta property=\"og:url\" content=\"https:\/\/varjasfutofolia.hu\/de\/termek\/asztalfutes-infrapanel-ecosun-100-w\/\" \/>\n<meta property=\"og:site_name\" content=\"Varjas F\u0171t\u0151f\u00f3lia\" \/>\n<meta property=\"article:modified_time\" content=\"2024-12-01T23:03:24+00:00\" \/>\n<meta name=\"twitter:card\" content=\"summary_large_image\" \/>\n<script type=\"application\/ld+json\" class=\"yoast-schema-graph\">{\"@context\":\"https:\/\/schema.org\",\"@graph\":[{\"@type\":\"WebPage\",\"@id\":\"https:\/\/varjasfutofolia.hu\/termek\/asztalfutes-infrapanel-ecosun-100-w\/\",\"url\":\"https:\/\/varjasfutofolia.hu\/termek\/asztalfutes-infrapanel-ecosun-100-w\/\",\"name\":\"Asztalf\u0171t\u00e9s -Infrapanel EcoSun (100 W) - Varjas F\u0171t\u0151f\u00f3lia\",\"isPartOf\":{\"@id\":\"https:\/\/varjasfutofolia.hu\/#website\"},\"datePublished\":\"2024-12-01T23:03:20+00:00\",\"dateModified\":\"2024-12-01T23:03:24+00:00\",\"breadcrumb\":{\"@id\":\"https:\/\/varjasfutofolia.hu\/termek\/asztalfutes-infrapanel-ecosun-100-w\/#breadcrumb\"},\"inLanguage\":\"de-DE\",\"potentialAction\":[{\"@type\":\"ReadAction\",\"target\":[\"https:\/\/varjasfutofolia.hu\/termek\/asztalfutes-infrapanel-ecosun-100-w\/\"]}]},{\"@type\":\"BreadcrumbList\",\"@id\":\"https:\/\/varjasfutofolia.hu\/termek\/asztalfutes-infrapanel-ecosun-100-w\/#breadcrumb\",\"itemListElement\":[{\"@type\":\"ListItem\",\"position\":1,\"name\":\"Kezd\u0151lap\",\"item\":\"https:\/\/varjasfutofolia.hu\/\"},{\"@type\":\"ListItem\",\"position\":2,\"name\":\"\u00dczlet\",\"item\":\"https:\/\/varjasfutofolia.hu\/uzlet\/\"},{\"@type\":\"ListItem\",\"position\":3,\"name\":\"Asztalf\u0171t\u00e9s -Infrapanel EcoSun (100 W)\"}]},{\"@type\":\"WebSite\",\"@id\":\"https:\/\/varjasfutofolia.hu\/#website\",\"url\":\"https:\/\/varjasfutofolia.hu\/\",\"name\":\"Varjas F\u0171t\u0151f\u00f3lia\",\"description\":\"A Nap melege az \u00d6n otthon\u00e1ban\",\"potentialAction\":[{\"@type\":\"SearchAction\",\"target\":{\"@type\":\"EntryPoint\",\"urlTemplate\":\"https:\/\/varjasfutofolia.hu\/?s={search_term_string}\"},\"query-input\":{\"@type\":\"PropertyValueSpecification\",\"valueRequired\":true,\"valueName\":\"search_term_string\"}}],\"inLanguage\":\"de-DE\"}]}<\/script>\n<!-- \/ Yoast SEO plugin. -->","yoast_head_json":{"title":"Asztalf\u0171t\u00e9s -Infrapanel EcoSun (100 W) - Varjas F\u0171t\u0151f\u00f3lia","robots":{"index":"index","follow":"follow","max-snippet":"max-snippet:-1","max-image-preview":"max-image-preview:large","max-video-preview":"max-video-preview:-1"},"canonical":"https:\/\/varjasfutofolia.hu\/de\/termek\/asztalfutes-infrapanel-ecosun-100-w\/","og_locale":"de_DE","og_type":"article","og_title":"Asztalf\u0171t\u00e9s -Infrapanel EcoSun (100 W) - Varjas F\u0171t\u0151f\u00f3lia","og_description":"Az alacsony fel\u00fcleti h\u0151m\u00e9rs\u00e9klet\u0171 Fenix ECOSUN K+ infrapanel dolgoz\u00f3 asztal al\u00e1 szerelve , (p\u00e9nzt\u00e1r)f\u00fclke, templomi pad f\u0171t\u00e9s valamint helyi kieg\u00e9sz\u00edt\u0151 f\u0171t\u00e9s c\u00e9lj\u00e1ra lett kifejlesztve, de kiv\u00e1l\u00f3an alkalmas teleltet\u0151 hely, nagym\u00e9ret\u0171 terr\u00e1rium, viv\u00e1rium v","og_url":"https:\/\/varjasfutofolia.hu\/de\/termek\/asztalfutes-infrapanel-ecosun-100-w\/","og_site_name":"Varjas F\u0171t\u0151f\u00f3lia","article_modified_time":"2024-12-01T23:03:24+00:00","twitter_card":"summary_large_image","schema":{"@context":"https:\/\/schema.org","@graph":[{"@type":"WebPage","@id":"https:\/\/varjasfutofolia.hu\/termek\/asztalfutes-infrapanel-ecosun-100-w\/","url":"https:\/\/varjasfutofolia.hu\/termek\/asztalfutes-infrapanel-ecosun-100-w\/","name":"Asztalf\u0171t\u00e9s -Infrapanel EcoSun (100 W) - Varjas F\u0171t\u0151f\u00f3lia","isPartOf":{"@id":"https:\/\/varjasfutofolia.hu\/#website"},"datePublished":"2024-12-01T23:03:20+00:00","dateModified":"2024-12-01T23:03:24+00:00","breadcrumb":{"@id":"https:\/\/varjasfutofolia.hu\/termek\/asztalfutes-infrapanel-ecosun-100-w\/#breadcrumb"},"inLanguage":"de-DE","potentialAction":[{"@type":"ReadAction","target":["https:\/\/varjasfutofolia.hu\/termek\/asztalfutes-infrapanel-ecosun-100-w\/"]}]},{"@type":"BreadcrumbList","@id":"https:\/\/varjasfutofolia.hu\/termek\/asztalfutes-infrapanel-ecosun-100-w\/#breadcrumb","itemListElement":[{"@type":"ListItem","position":1,"name":"Kezd\u0151lap","item":"https:\/\/varjasfutofolia.hu\/"},{"@type":"ListItem","position":2,"name":"\u00dczlet","item":"https:\/\/varjasfutofolia.hu\/uzlet\/"},{"@type":"ListItem","position":3,"name":"Asztalf\u0171t\u00e9s -Infrapanel EcoSun (100 W)"}]},{"@type":"WebSite","@id":"https:\/\/varjasfutofolia.hu\/#website","url":"https:\/\/varjasfutofolia.hu\/","name":"Varjas F\u0171t\u0151f\u00f3lia","description":"A Nap melege az \u00d6n otthon\u00e1ban","potentialAction":[{"@type":"SearchAction","target":{"@type":"EntryPoint","urlTemplate":"https:\/\/varjasfutofolia.hu\/?s={search_term_string}"},"query-input":{"@type":"PropertyValueSpecification","valueRequired":true,"valueName":"search_term_string"}}],"inLanguage":"de-DE"}]}},"_links":{"self":[{"href":"https:\/\/varjasfutofolia.hu\/de\/wp-json\/wp\/v2\/product\/9931931","targetHints":{"allow":["GET"]}}],"collection":[{"href":"https:\/\/varjasfutofolia.hu\/de\/wp-json\/wp\/v2\/product"}],"about":[{"href":"https:\/\/varjasfutofolia.hu\/de\/wp-json\/wp\/v2\/types\/product"}],"replies":[{"embeddable":true,"href":"https:\/\/varjasfutofolia.hu\/de\/wp-json\/wp\/v2\/comments?post=9931931"}],"wp:attachment":[{"href":"https:\/\/varjasfutofolia.hu\/de\/wp-json\/wp\/v2\/media?parent=9931931"}],"wp:term":[{"taxonomy":"product_brand","embeddable":true,"href":"https:\/\/varjasfutofolia.hu\/de\/wp-json\/wp\/v2\/product_brand?post=9931931"},{"taxonomy":"product_cat","embeddable":true,"href":"https:\/\/varjasfutofolia.hu\/de\/wp-json\/wp\/v2\/product_cat?post=9931931"},{"taxonomy":"product_tag","embeddable":true,"href":"https:\/\/varjasfutofolia.hu\/de\/wp-json\/wp\/v2\/product_tag?post=9931931"}],"curies":[{"name":"wp","href":"https:\/\/api.w.org\/{rel}","templated":true}]}}