{"id":9931849,"date":"2024-12-02T00:03:00","date_gmt":"2024-12-01T23:03:00","guid":{"rendered":"https:\/\/varjasfutofolia.hu\/?post_type=product&#038;p=9931849"},"modified":"2024-12-02T00:03:03","modified_gmt":"2024-12-01T23:03:03","slug":"infrapanel-fenix-ecosun-400-k-400-w","status":"publish","type":"product","link":"https:\/\/varjasfutofolia.hu\/de\/termek\/infrapanel-fenix-ecosun-400-k-400-w\/","title":{"rendered":"Infrapanel Fenix Ecosun 400 K+ (400 W)"},"content":{"rendered":"<h3>Infrapanel &#8211; Fenix EcoSun<\/h3>\n<p>Napjainkban ahogy cs\u00f6kken az \u00e9p\u00fcletek energiavesztes\u00e9ge, \u00fagy emelkedik az elektromos f\u0171t\u00e9sek gyakoribb felhaszn\u00e1l\u00e1sa.\u00a0 A kedvez\u0151 beruh\u00e1z\u00e1si k\u00f6lts\u00e9g mellett nagy el\u0151ny a gyors \u00e9s komfortos meleg.<\/p>\n<p><a href=\"https:\/\/www.futofolia.hu\/infrafutes\/\">Az infraf\u0171t\u00e9s<\/a> a sug\u00e1rz\u00f3 h\u0151nek k\u00f6sz\u00f6nhet\u0151en k\u00f6zvetlen\u00fcl az embert meleg\u00edti \u00e9s. a t\u00e1rgyakat, majd a leveg\u0151 csak ezt k\u00f6vet\u0151en melegszik fel, \u00edgy a komfortos meleg el\u00e9r\u00e9se t\u00f6red\u00e9ke m\u00e1s f\u0171t\u00e9shez k\u00e9pest, \u00e9s az energia felhaszn\u00e1l\u00e1s is optim\u00e1lisabb.<\/p>\n<p>Az infrapanelek felhaszn\u00e1l\u00e1si lehet\u0151s\u00e9ge korl\u00e1tlan. Tehetj\u00fck a falra \u00e1ll\u00edtva vagy fektetve. Telep\u00edthet\u0151 mennyezetre vagy tehetj\u00fck \u00e1llv\u00e1nyra. Lehet a telep\u00edt\u00e9s fix vagy mobil is.<\/p>\n<p><strong> Az \u00faj fejleszt\u00e9s\u0171\u00a0<em>Fenix Ecosun K+<\/em>\u00a0 (Ultratherm) <em>M-Ceramics<\/em>\u00a0<\/strong>technol\u00f3gi\u00e1nak k\u00f6sz\u00f6nhet\u0151en\u00a0<strong>magasabb hat\u00e1sfokkal <\/strong>\u00e9s egyenletesebb\u00a0h\u0151lead\u00e1ssal rendelkezik a sima fel\u00fclet\u0171 (pl. Graphit-polyimide) infrapanelekn\u00e9l! Az optimaliz\u00e1lt emisszi\u00f3s fel\u00fcletk\u00e9pz\u00e9s kiv\u00e1l\u00f3 intenzit\u00e1s\u00fa infrasug\u00e1rz\u00e1st \u00e9s egyed\u00fcl\u00e1ll\u00f3 hat\u00e9konys\u00e1got eredm\u00e9nyez.<\/p>\n<p><span class=\"product_desc\"><strong>Keret n\u00e9lk\u00fcli modern, letisztult megjelen\u00e9s &#8211;\u00a0<\/strong><em><strong>\u00a0keretes infrapanel m\u00e1r a m\u00falt\u00e9!<\/strong><\/em><br \/>\n<\/span><\/p>\n<table border=\"2\" summary=\"Infrapanel-t\u00e1bl\u00e1zat\" cellspacing=\"1\" cellpadding=\"1\" align=\"center\">\n<tbody>\n<tr>\n<td><strong>M\u00e9ret:\u00a0 \u00a0 \u00a0 \u00a0\u00a0\u00a0\u00a0\u00a0\u00a0\u00a0\u00a0\u00a0\u00a0<\/strong><\/td>\n<td>\u00a0 1500x320x30 mm<\/td>\n<\/tr>\n<tr>\n<td><strong>S\u00faly:\u00a0\u00a0<\/strong><\/td>\n<td>\u00a0 5.8 kg<\/td>\n<\/tr>\n<tr>\n<td><strong>Teljes\u00edtm\u00e9ny:<\/strong><\/td>\n<td>\u00a0 400 W \/ IP44<\/td>\n<\/tr>\n<tr>\n<td><strong>Garancia:<\/strong><\/td>\n<td>\u00a0 5 \u00e9v (\u00e9lettartam 30 felett)<\/td>\n<\/tr>\n<tr>\n<td><strong>Gy\u00e1rt\u00f3:<\/strong><\/td>\n<td>\u00a0 Fenix Group<\/td>\n<\/tr>\n<tr>\n<td><strong>F\u0171tend\u0151 m3:<\/strong><\/td>\n<td>\u00a0 lok\u00e1lis<\/td>\n<\/tr>\n<tr>\n<td><strong>Szerel\u0151konzol:\u00a0 <\/strong><\/td>\n<td>\u00a0 nem tartoz\u00e9k*<\/td>\n<\/tr>\n<\/tbody>\n<\/table>\n<p>* csak mennyezeti r\u00f6gz\u00edt\u00e9s eset\u00e9n sz\u00fcks\u00e9ges<\/p>\n<p>Speci\u00e1lis form\u00e1ja miatt (hossz\u00fa \u00e9s keskeny) sz\u0171kebb helyekre is k\u00f6nnyen be\u00e9p\u00edthet\u0151ek. Teljes\u00edtm\u00e9nyig\u00e9ny kisz\u00e1m\u00edt\u00e1sakor haszn\u00e1lja\u00a0<a href=\"https:\/\/www.futofolia.hu\/infrapanel-fogyasztas\/\">Infrapanel kalkul\u00e1torunkat<\/a> vagy k\u00e9rje szakember\u00fcnk seg\u00edts\u00e9g\u00e9t.<\/p>\n<p><strong>Fenix EcoSun infrapanel\u00a0korszakalkot\u00f3 az elektromos f\u0171t\u00e9sek ter\u00fclet\u00e9n. <\/strong>Maxim\u00e1lis h\u0151komfort \u00e9s minden eddigin\u00e9l egyenletesebb h\u0151lead\u00e1s\u00a0jellemzi a\u00a0mikroker\u00e1mi\u00e1s fel\u00fcletnek k\u00f6sz\u00f6nhet\u0151en.Az alacsony fel\u00fcleti h\u0151m\u00e9rs\u00e9klet\u0171 Fenix Ultratherm 400 K+ helyi, vagy kisebb l\u00e9gter\u0171 ( 10-14 m3) helys\u00e9gek, vagy pl. templomi padsor f\u0171t\u00e9s\u00e9re lett kifejlesztve.<\/p>\n<p>Elektromos f\u0171t\u0151test ECOSUN 400 K+ infrapanel templomi padsor , dolgoz\u00f3 asztal , (p\u00e9nzt\u00e1ros) f\u00fclke f\u0171t\u00e9s\u00e9re .<\/p>\n<p><iframe loading=\"lazy\" title=\"Templomf\u0171t\u00e9s Fenix CH  padsorf\u0171t\u00e9s  (www.fenixinfra.hu)\" width=\"1080\" height=\"608\" src=\"https:\/\/www.youtube.com\/embed\/uHZaNmf7jYE?start=39&#038;feature=oembed\"  allow=\"accelerometer; autoplay; clipboard-write; encrypted-media; gyroscope; picture-in-picture; web-share\" referrerpolicy=\"strict-origin-when-cross-origin\" allowfullscreen><\/iframe><\/p>\n","protected":false},"excerpt":{"rendered":"<p>Az alacsony fel\u00fcleti h\u0151m\u00e9rs\u00e9klet\u0171 Fenix ECOSUN 400 K+ infrapanel kis helyig\u00e9ny eset\u00e9n is alkalmazhat\u00f3 , speci\u00e1lis keskeny &#8211; hossz\u00fa infrav\u00f6r\u00f6s f\u0171t\u0151panel 400 W-os teljes\u00edtm\u00e9nnyel.<\/p>\n","protected":false},"featured_media":9931135,"comment_status":"open","ping_status":"closed","template":"","meta":{"_et_pb_use_builder":"","_et_pb_old_content":"","_et_gb_content_width":""},"product_brand":[],"product_cat":[202,30,215],"product_tag":[204,34],"class_list":{"0":"post-9931849","1":"product","2":"type-product","3":"status-publish","4":"has-post-thumbnail","6":"product_cat-ecosun","7":"product_cat-infrapanel","8":"product_cat-k-infrapanel","9":"product_tag-infra-panel","10":"product_tag-infrapanel","12":"first","13":"instock","14":"taxable","15":"shipping-taxable","16":"purchasable","17":"product-type-simple"},"yoast_head":"<!-- This site is optimized with the Yoast SEO plugin v26.0 - https:\/\/yoast.com\/wordpress\/plugins\/seo\/ -->\n<title>Infrapanel Fenix Ecosun 400 K+ (400 W) - Varjas F\u0171t\u0151f\u00f3lia<\/title>\n<meta name=\"robots\" content=\"index, follow, max-snippet:-1, max-image-preview:large, max-video-preview:-1\" \/>\n<link rel=\"canonical\" href=\"https:\/\/varjasfutofolia.hu\/de\/termek\/infrapanel-fenix-ecosun-400-k-400-w\/\" \/>\n<meta property=\"og:locale\" content=\"de_DE\" \/>\n<meta property=\"og:locale:alternate\" content=\"en_US\" \/>\n<meta property=\"og:locale:alternate\" content=\"hu_HU\" \/>\n<meta property=\"og:type\" content=\"article\" \/>\n<meta property=\"og:title\" content=\"Infrapanel Fenix Ecosun 400 K+ (400 W) - Varjas F\u0171t\u0151f\u00f3lia\" \/>\n<meta property=\"og:description\" content=\"Az alacsony fel\u00fcleti h\u0151m\u00e9rs\u00e9klet\u0171 Fenix ECOSUN 400 K+ infrapanel kis helyig\u00e9ny eset\u00e9n is alkalmazhat\u00f3 , speci\u00e1lis keskeny - hossz\u00fa infrav\u00f6r\u00f6s f\u0171t\u0151panel 400 W-os teljes\u00edtm\u00e9nnyel.\" \/>\n<meta property=\"og:url\" content=\"https:\/\/varjasfutofolia.hu\/de\/termek\/infrapanel-fenix-ecosun-400-k-400-w\/\" \/>\n<meta property=\"og:site_name\" content=\"Varjas F\u0171t\u0151f\u00f3lia\" \/>\n<meta property=\"article:modified_time\" content=\"2024-12-01T23:03:03+00:00\" \/>\n<meta name=\"twitter:card\" content=\"summary_large_image\" \/>\n<meta name=\"twitter:label1\" content=\"Gesch\u00e4tzte Lesezeit\" \/>\n\t<meta name=\"twitter:data1\" content=\"2\u00a0Minuten\" \/>\n<script type=\"application\/ld+json\" class=\"yoast-schema-graph\">{\"@context\":\"https:\/\/schema.org\",\"@graph\":[{\"@type\":\"WebPage\",\"@id\":\"https:\/\/varjasfutofolia.hu\/termek\/infrapanel-fenix-ecosun-400-k-400-w\/\",\"url\":\"https:\/\/varjasfutofolia.hu\/termek\/infrapanel-fenix-ecosun-400-k-400-w\/\",\"name\":\"Infrapanel Fenix Ecosun 400 K+ (400 W) - Varjas F\u0171t\u0151f\u00f3lia\",\"isPartOf\":{\"@id\":\"https:\/\/varjasfutofolia.hu\/#website\"},\"primaryImageOfPage\":{\"@id\":\"https:\/\/varjasfutofolia.hu\/termek\/infrapanel-fenix-ecosun-400-k-400-w\/#primaryimage\"},\"image\":{\"@id\":\"https:\/\/varjasfutofolia.hu\/termek\/infrapanel-fenix-ecosun-400-k-400-w\/#primaryimage\"},\"thumbnailUrl\":\"https:\/\/varjasfutofolia.hu\/wp-content\/uploads\/2022\/12\/infrapanel_330w.jpg\",\"datePublished\":\"2024-12-01T23:03:00+00:00\",\"dateModified\":\"2024-12-01T23:03:03+00:00\",\"breadcrumb\":{\"@id\":\"https:\/\/varjasfutofolia.hu\/termek\/infrapanel-fenix-ecosun-400-k-400-w\/#breadcrumb\"},\"inLanguage\":\"de-DE\",\"potentialAction\":[{\"@type\":\"ReadAction\",\"target\":[\"https:\/\/varjasfutofolia.hu\/termek\/infrapanel-fenix-ecosun-400-k-400-w\/\"]}]},{\"@type\":\"ImageObject\",\"inLanguage\":\"de-DE\",\"@id\":\"https:\/\/varjasfutofolia.hu\/termek\/infrapanel-fenix-ecosun-400-k-400-w\/#primaryimage\",\"url\":\"https:\/\/varjasfutofolia.hu\/wp-content\/uploads\/2022\/12\/infrapanel_330w.jpg\",\"contentUrl\":\"https:\/\/varjasfutofolia.hu\/wp-content\/uploads\/2022\/12\/infrapanel_330w.jpg\",\"width\":900,\"height\":500},{\"@type\":\"BreadcrumbList\",\"@id\":\"https:\/\/varjasfutofolia.hu\/termek\/infrapanel-fenix-ecosun-400-k-400-w\/#breadcrumb\",\"itemListElement\":[{\"@type\":\"ListItem\",\"position\":1,\"name\":\"Kezd\u0151lap\",\"item\":\"https:\/\/varjasfutofolia.hu\/\"},{\"@type\":\"ListItem\",\"position\":2,\"name\":\"\u00dczlet\",\"item\":\"https:\/\/varjasfutofolia.hu\/uzlet\/\"},{\"@type\":\"ListItem\",\"position\":3,\"name\":\"Infrapanel Fenix Ecosun 400 K+ (400 W)\"}]},{\"@type\":\"WebSite\",\"@id\":\"https:\/\/varjasfutofolia.hu\/#website\",\"url\":\"https:\/\/varjasfutofolia.hu\/\",\"name\":\"Varjas F\u0171t\u0151f\u00f3lia\",\"description\":\"A Nap melege az \u00d6n otthon\u00e1ban\",\"potentialAction\":[{\"@type\":\"SearchAction\",\"target\":{\"@type\":\"EntryPoint\",\"urlTemplate\":\"https:\/\/varjasfutofolia.hu\/?s={search_term_string}\"},\"query-input\":{\"@type\":\"PropertyValueSpecification\",\"valueRequired\":true,\"valueName\":\"search_term_string\"}}],\"inLanguage\":\"de-DE\"}]}<\/script>\n<!-- \/ Yoast SEO plugin. -->","yoast_head_json":{"title":"Infrapanel Fenix Ecosun 400 K+ (400 W) - Varjas F\u0171t\u0151f\u00f3lia","robots":{"index":"index","follow":"follow","max-snippet":"max-snippet:-1","max-image-preview":"max-image-preview:large","max-video-preview":"max-video-preview:-1"},"canonical":"https:\/\/varjasfutofolia.hu\/de\/termek\/infrapanel-fenix-ecosun-400-k-400-w\/","og_locale":"de_DE","og_type":"article","og_title":"Infrapanel Fenix Ecosun 400 K+ (400 W) - Varjas F\u0171t\u0151f\u00f3lia","og_description":"Az alacsony fel\u00fcleti h\u0151m\u00e9rs\u00e9klet\u0171 Fenix ECOSUN 400 K+ infrapanel kis helyig\u00e9ny eset\u00e9n is alkalmazhat\u00f3 , speci\u00e1lis keskeny - hossz\u00fa infrav\u00f6r\u00f6s f\u0171t\u0151panel 400 W-os teljes\u00edtm\u00e9nnyel.","og_url":"https:\/\/varjasfutofolia.hu\/de\/termek\/infrapanel-fenix-ecosun-400-k-400-w\/","og_site_name":"Varjas F\u0171t\u0151f\u00f3lia","article_modified_time":"2024-12-01T23:03:03+00:00","twitter_card":"summary_large_image","twitter_misc":{"Gesch\u00e4tzte Lesezeit":"2\u00a0Minuten"},"schema":{"@context":"https:\/\/schema.org","@graph":[{"@type":"WebPage","@id":"https:\/\/varjasfutofolia.hu\/termek\/infrapanel-fenix-ecosun-400-k-400-w\/","url":"https:\/\/varjasfutofolia.hu\/termek\/infrapanel-fenix-ecosun-400-k-400-w\/","name":"Infrapanel Fenix Ecosun 400 K+ (400 W) - Varjas F\u0171t\u0151f\u00f3lia","isPartOf":{"@id":"https:\/\/varjasfutofolia.hu\/#website"},"primaryImageOfPage":{"@id":"https:\/\/varjasfutofolia.hu\/termek\/infrapanel-fenix-ecosun-400-k-400-w\/#primaryimage"},"image":{"@id":"https:\/\/varjasfutofolia.hu\/termek\/infrapanel-fenix-ecosun-400-k-400-w\/#primaryimage"},"thumbnailUrl":"https:\/\/varjasfutofolia.hu\/wp-content\/uploads\/2022\/12\/infrapanel_330w.jpg","datePublished":"2024-12-01T23:03:00+00:00","dateModified":"2024-12-01T23:03:03+00:00","breadcrumb":{"@id":"https:\/\/varjasfutofolia.hu\/termek\/infrapanel-fenix-ecosun-400-k-400-w\/#breadcrumb"},"inLanguage":"de-DE","potentialAction":[{"@type":"ReadAction","target":["https:\/\/varjasfutofolia.hu\/termek\/infrapanel-fenix-ecosun-400-k-400-w\/"]}]},{"@type":"ImageObject","inLanguage":"de-DE","@id":"https:\/\/varjasfutofolia.hu\/termek\/infrapanel-fenix-ecosun-400-k-400-w\/#primaryimage","url":"https:\/\/varjasfutofolia.hu\/wp-content\/uploads\/2022\/12\/infrapanel_330w.jpg","contentUrl":"https:\/\/varjasfutofolia.hu\/wp-content\/uploads\/2022\/12\/infrapanel_330w.jpg","width":900,"height":500},{"@type":"BreadcrumbList","@id":"https:\/\/varjasfutofolia.hu\/termek\/infrapanel-fenix-ecosun-400-k-400-w\/#breadcrumb","itemListElement":[{"@type":"ListItem","position":1,"name":"Kezd\u0151lap","item":"https:\/\/varjasfutofolia.hu\/"},{"@type":"ListItem","position":2,"name":"\u00dczlet","item":"https:\/\/varjasfutofolia.hu\/uzlet\/"},{"@type":"ListItem","position":3,"name":"Infrapanel Fenix Ecosun 400 K+ (400 W)"}]},{"@type":"WebSite","@id":"https:\/\/varjasfutofolia.hu\/#website","url":"https:\/\/varjasfutofolia.hu\/","name":"Varjas F\u0171t\u0151f\u00f3lia","description":"A Nap melege az \u00d6n otthon\u00e1ban","potentialAction":[{"@type":"SearchAction","target":{"@type":"EntryPoint","urlTemplate":"https:\/\/varjasfutofolia.hu\/?s={search_term_string}"},"query-input":{"@type":"PropertyValueSpecification","valueRequired":true,"valueName":"search_term_string"}}],"inLanguage":"de-DE"}]}},"_links":{"self":[{"href":"https:\/\/varjasfutofolia.hu\/de\/wp-json\/wp\/v2\/product\/9931849","targetHints":{"allow":["GET"]}}],"collection":[{"href":"https:\/\/varjasfutofolia.hu\/de\/wp-json\/wp\/v2\/product"}],"about":[{"href":"https:\/\/varjasfutofolia.hu\/de\/wp-json\/wp\/v2\/types\/product"}],"replies":[{"embeddable":true,"href":"https:\/\/varjasfutofolia.hu\/de\/wp-json\/wp\/v2\/comments?post=9931849"}],"wp:featuredmedia":[{"embeddable":true,"href":"https:\/\/varjasfutofolia.hu\/de\/wp-json\/wp\/v2\/media\/9931135"}],"wp:attachment":[{"href":"https:\/\/varjasfutofolia.hu\/de\/wp-json\/wp\/v2\/media?parent=9931849"}],"wp:term":[{"taxonomy":"product_brand","embeddable":true,"href":"https:\/\/varjasfutofolia.hu\/de\/wp-json\/wp\/v2\/product_brand?post=9931849"},{"taxonomy":"product_cat","embeddable":true,"href":"https:\/\/varjasfutofolia.hu\/de\/wp-json\/wp\/v2\/product_cat?post=9931849"},{"taxonomy":"product_tag","embeddable":true,"href":"https:\/\/varjasfutofolia.hu\/de\/wp-json\/wp\/v2\/product_tag?post=9931849"}],"curies":[{"name":"wp","href":"https:\/\/api.w.org\/{rel}","templated":true}]}}