{"id":9931844,"date":"2024-12-02T00:02:56","date_gmt":"2024-12-01T23:02:56","guid":{"rendered":"https:\/\/varjasfutofolia.hu\/?post_type=product&#038;p=9931844"},"modified":"2024-12-02T00:02:59","modified_gmt":"2024-12-01T23:02:59","slug":"wi-fi-aljzat-idozitovel-p5530","status":"publish","type":"product","link":"https:\/\/varjasfutofolia.hu\/de\/termek\/wi-fi-aljzat-idozitovel-p5530\/","title":{"rendered":"Wi-Fi aljzat id\u0151z\u00edt\u0151vel P5530"},"content":{"rendered":"<p>T\u00e1vir\u00e1ny\u00edthat\u00f3 okosaljzat a berendez\u00e9sek t\u00e1volr\u00f3l t\u00f6rt\u00e9n\u0151 be- \u00e9s kikapcsol\u00e1s\u00e1hoz.<a href=\"https:\/\/www.futofolia.hu\/wp-content\/uploads\/2022\/10\/60575.webp\"><img loading=\"lazy\" decoding=\"async\" class=\"alignnone size-medium wp-image-9935040\" src=\"https:\/\/www.futofolia.hu\/wp-content\/uploads\/2022\/10\/60575-300x300.webp\" alt=\" WIFI aljzat id\u0151z\u00edt\u0151vel P5530\" width=\"300\" height=\"300\" \/><\/a><\/p>\n<p>&nbsp;<\/p>\n<div id=\"description-params\" class=\"box-detail__description__params \">\n<div class=\"box-detail__description__params__item\">\n<div class=\"table-params__head\">Egy\u00e9b param\u00e9terek<\/div>\n<table class=\"table-params margin-bottom-20\">\n<tbody>\n<tr>\n<th>jel\u00e1tviteli frekvencia<\/th>\n<td>2,4 GHz<\/td>\n<\/tr>\n<tr>\n<th>firmware friss\u00edt\u00e9sek<\/th>\n<td>igen<\/td>\n<\/tr>\n<tr>\n<th>minim\u00e1lis kapcsol\u00e1si id\u0151<\/th>\n<td>1 perc<\/td>\n<\/tr>\n<tr>\n<th>fot\u00f3 vagy ikon kiv\u00e1laszt\u00e1sa az eszk\u00f6zh\u00f6z<\/th>\n<td>igen<\/td>\n<\/tr>\n<tr>\n<th>napkelte \u00e9s napnyugta jelenlegi id\u0151pontja<\/th>\n<td>igen<\/td>\n<\/tr>\n<tr>\n<th>visszasz\u00e1ml\u00e1l\u00e1si funkci\u00f3<\/th>\n<td>max. 4 \u00f3ra<\/td>\n<\/tr>\n<tr>\n<th>A bekapcsolt \u00e1llapot maxim\u00e1lis hossz\u00e1nak be\u00e1ll\u00edt\u00e1sa<\/th>\n<td>3 min\u201312 h<\/td>\n<\/tr>\n<tr>\n<th>manu\u00e1lis kapcsol\u00e1s opci\u00f3ja<\/th>\n<td>igen<\/td>\n<\/tr>\n<tr>\n<th>riaszt\u00e1si inform\u00e1ci\u00f3k<\/th>\n<td>nem<\/td>\n<\/tr>\n<tr>\n<th>gyerekz\u00e1r<\/th>\n<td>igen<\/td>\n<\/tr>\n<tr>\n<th>parancskombin\u00e1ci\u00f3k<\/th>\n<td>igen<\/td>\n<\/tr>\n<tr>\n<th>eszk\u00f6z neve<\/th>\n<td>igen<\/td>\n<\/tr>\n<tr>\n<th>csoportos vez\u00e9rl\u00e9s<\/th>\n<td>igen<\/td>\n<\/tr>\n<tr>\n<th>m\u00e9retek<\/th>\n<td>113 \u00d7 60 \u00d7 76 mm<\/td>\n<\/tr>\n<tr>\n<th>\u00e9rt\u00e9kes\u00edt\u00e9si csomagol\u00e1s<\/th>\n<td>1 db, bliszter<\/td>\n<\/tr>\n<\/tbody>\n<\/table>\n<\/div>\n<\/div>\n<div id=\"documentFiles\" class=\"box-detail__downloads margin-bottom-20\" data-tab-id=\"files\">\n<div class=\"box-detail__downloads__head\">El\u00e9rhet\u0151 let\u00f6lthet\u0151 dokumentumok \u00e9s f\u00e1jlok<\/div>\n<div class=\"list-downloads js-product-download-list\">\n<div class=\"list-downloads__item \">\n<div class=\"list-downloads__item__link__icon\"><\/div>\n<p><a href=\"https:\/\/www.futofolia.hu\/wp-content\/uploads\/2022\/10\/1936000100_31-P5530.pdf\"><span class=\"list-downloads__item__link__title\"><span class=\"list-downloads__item__link__title__filename\">\u00datmutat\u00f3<\/span> <span class=\"list-downloads__item__link__title__extension\">(PDF)<\/span><\/span><\/a><\/p>\n<\/div>\n<div class=\"list-downloads__item \">\n<div class=\"list-downloads__item__link__icon\"><\/div>\n<p><a href=\"https:\/\/www.futofolia.hu\/wp-content\/uploads\/2022\/10\/1936000100_31-P5530_01.pdf\"><span class=\"list-downloads__item__link__title\"><span class=\"list-downloads__item__link__title__filename\">\u00datmutat\u00f3<\/span> <span class=\"list-downloads__item__link__title__extension\">(PDF)<\/span><\/span><\/a><\/p>\n<\/div>\n<div class=\"list-downloads__item \">\n<div class=\"list-downloads__item__link__icon\"><\/div>\n<p><a href=\"https:\/\/www.futofolia.hu\/wp-content\/uploads\/2022\/10\/1936000100_21-P5530.pdf\"><span class=\"list-downloads__item__link__title\"><span class=\"list-downloads__item__link__title__filename\">Megfelel\u0151s\u00e9gi nyilatkozat<\/span> <span class=\"list-downloads__item__link__title__extension\">(PDF)<\/span><\/span><\/a><\/p>\n<\/div>\n<\/div>\n<\/div>\n","protected":false},"excerpt":{"rendered":"<table class=\"table-params margin-bottom-20\" style=\"height: 253px;\">\n<tbody>\n<tr style=\"height: 23px;\">\n<th style=\"height: 23px; width: 301.094px;\">term\u00e9k<\/th>\n<td style=\"height: 23px; width: 148.641px;\">Wi-Fi id\u0151z\u00edt\u0151<\/td>\n<\/tr>\n<tr style=\"height: 23px;\">\n<th style=\"height: 23px; width: 301.094px;\">Android vez\u00e9rl\u00e9s\u0171<\/th>\n<td style=\"height: 23px; width: 148.641px;\">4.0 \u00e9s magasabb verzi\u00f3<\/td>\n<\/tr>\n<tr style=\"height: 23px;\">\n<th style=\"height: 23px; width: 301.094px;\">ISO vez\u00e9rl\u00e9s\u0171<\/th>\n<td style=\"height: 23px; width: 148.641px;\">7.0 \u00e9s magasabb verzi\u00f3<\/td>\n<\/tr>\n<tr style=\"height: 23px;\">\n<th style=\"height: 23px; width: 301.094px;\">max. terhel\u00e9s<\/th>\n<td style=\"height: 23px; width: 148.641px;\">3 680 W<\/td>\n<\/tr>\n<tr style=\"height: 23px;\">\n<th style=\"height: 23px; width: 301.094px;\">fesz\u00fclts\u00e9g\/\u00e1ram<\/th>\n<td style=\"height: 23px; width: 148.641px;\">230 V~\/16 A max.<\/td>\n<\/tr>\n<tr style=\"height: 23px;\">\n<th style=\"height: 23px; width: 301.094px;\">aljzatok maxim\u00e1lis sz\u00e1ma WIFI h\u00e1l\u00f3zatonk\u00e9nt<\/th>\n<td style=\"height: 23px; width: 148.641px;\">15<\/td>\n<\/tr>\n<tr style=\"height: 23px;\">\n<th style=\"height: 23px; width: 301.094px;\">WIFI router<\/th>\n<td style=\"height: 23px; width: 148.641px;\">802.11 b\/g\/n<\/td>\n<\/tr>\n<tr style=\"height: 23px;\">\n<th style=\"height: 23px; width: 301.094px;\">programok sz\u00e1ma<\/th>\n<td style=\"height: 23px; width: 148.641px;\">korl\u00e1tlan<\/td>\n<\/tr>\n<tr style=\"height: 23px;\">\n<th style=\"height: 23px; width: 301.094px;\">kapcsol\u00f3k<\/th>\n<td style=\"height: 23px; width: 148.641px;\">f\u00e1zis vezet\u00e9k<\/td>\n<\/tr>\n<tr style=\"height: 23px;\">\n<th style=\"height: 23px; width: 301.094px;\">k\u00fclt\u00e9ri haszn\u00e1lat<\/th>\n<td style=\"height: 23px; width: 148.641px;\">nem<\/td>\n<\/tr>\n<tr style=\"height: 23px;\">\n<th style=\"height: 23px; width: 301.094px;\">kapcsol\u00e1sok sz\u00e1ma naponta<\/th>\n<td style=\"height: 23px; width: 148.641px;\">korl\u00e1tlan<\/td>\n<\/tr>\n<tr>\n<th style=\"width: 301.094px;\">Garancia<\/th>\n<td style=\"width: 148.641px;\">1 \u00e9v<\/td>\n<\/tr>\n<\/tbody>\n<\/table>\n","protected":false},"featured_media":9931144,"comment_status":"open","ping_status":"closed","template":"","meta":{"_et_pb_use_builder":"","_et_pb_old_content":"","_et_gb_content_width":""},"product_brand":[],"product_cat":[29,88],"product_tag":[37,216],"class_list":{"0":"post-9931844","1":"product","2":"type-product","3":"status-publish","4":"has-post-thumbnail","6":"product_cat-termosztat","7":"product_cat-wifi-termosztat","8":"product_tag-termosztat","9":"product_tag-wi-fi-aljzat","11":"first","12":"instock","13":"taxable","14":"shipping-taxable","15":"purchasable","16":"product-type-simple"},"yoast_head":"<!-- This site is optimized with the Yoast SEO plugin v26.0 - https:\/\/yoast.com\/wordpress\/plugins\/seo\/ -->\n<title>Wi-Fi aljzat id\u0151z\u00edt\u0151vel P5530 - Varjas F\u0171t\u0151f\u00f3lia<\/title>\n<meta name=\"robots\" content=\"index, follow, max-snippet:-1, max-image-preview:large, max-video-preview:-1\" \/>\n<link rel=\"canonical\" href=\"https:\/\/varjasfutofolia.hu\/de\/termek\/wi-fi-aljzat-idozitovel-p5530\/\" \/>\n<meta property=\"og:locale\" content=\"de_DE\" \/>\n<meta property=\"og:locale:alternate\" content=\"en_US\" \/>\n<meta property=\"og:locale:alternate\" content=\"hu_HU\" \/>\n<meta property=\"og:type\" content=\"article\" \/>\n<meta property=\"og:title\" content=\"Wi-Fi aljzat id\u0151z\u00edt\u0151vel P5530 - Varjas F\u0171t\u0151f\u00f3lia\" \/>\n<meta property=\"og:description\" content=\"term\u00e9k Wi-Fi id\u0151z\u00edt\u0151   Android vez\u00e9rl\u00e9s\u0171 4.0 \u00e9s magasabb verzi\u00f3   ISO vez\u00e9rl\u00e9s\u0171 7.0 \u00e9s magasabb verzi\u00f3   max. terhel\u00e9s 3 680 W   fesz\u00fclts\u00e9g\/\u00e1ram 230 V~\/16 A max.   aljzatok maxim\u00e1lis sz\u00e1ma WIFI h\u00e1l\u00f3zatonk\u00e9nt 15   WIFI router 802.11 b\/g\/n   programok sz\u00e1ma korl\u00e1tlan   kapcsol\u00f3k f\u00e1zis vezet\u00e9k   k\u00fclt\u00e9ri haszn\u00e1lat nem   kapcsol\u00e1sok sz\u00e1ma naponta korl\u00e1tlan   Garancia 1 \u00e9v\" \/>\n<meta property=\"og:url\" content=\"https:\/\/varjasfutofolia.hu\/de\/termek\/wi-fi-aljzat-idozitovel-p5530\/\" \/>\n<meta property=\"og:site_name\" content=\"Varjas F\u0171t\u0151f\u00f3lia\" \/>\n<meta property=\"article:modified_time\" content=\"2024-12-01T23:02:59+00:00\" \/>\n<meta name=\"twitter:card\" content=\"summary_large_image\" \/>\n<meta name=\"twitter:label1\" content=\"Gesch\u00e4tzte Lesezeit\" \/>\n\t<meta name=\"twitter:data1\" content=\"1\u00a0Minute\" \/>\n<script type=\"application\/ld+json\" class=\"yoast-schema-graph\">{\"@context\":\"https:\/\/schema.org\",\"@graph\":[{\"@type\":\"WebPage\",\"@id\":\"https:\/\/varjasfutofolia.hu\/termek\/wi-fi-aljzat-idozitovel-p5530\/\",\"url\":\"https:\/\/varjasfutofolia.hu\/termek\/wi-fi-aljzat-idozitovel-p5530\/\",\"name\":\"Wi-Fi aljzat id\u0151z\u00edt\u0151vel P5530 - Varjas F\u0171t\u0151f\u00f3lia\",\"isPartOf\":{\"@id\":\"https:\/\/varjasfutofolia.hu\/#website\"},\"primaryImageOfPage\":{\"@id\":\"https:\/\/varjasfutofolia.hu\/termek\/wi-fi-aljzat-idozitovel-p5530\/#primaryimage\"},\"image\":{\"@id\":\"https:\/\/varjasfutofolia.hu\/termek\/wi-fi-aljzat-idozitovel-p5530\/#primaryimage\"},\"thumbnailUrl\":\"https:\/\/varjasfutofolia.hu\/wp-content\/uploads\/2022\/12\/60575.webp\",\"datePublished\":\"2024-12-01T23:02:56+00:00\",\"dateModified\":\"2024-12-01T23:02:59+00:00\",\"breadcrumb\":{\"@id\":\"https:\/\/varjasfutofolia.hu\/termek\/wi-fi-aljzat-idozitovel-p5530\/#breadcrumb\"},\"inLanguage\":\"de-DE\",\"potentialAction\":[{\"@type\":\"ReadAction\",\"target\":[\"https:\/\/varjasfutofolia.hu\/termek\/wi-fi-aljzat-idozitovel-p5530\/\"]}]},{\"@type\":\"ImageObject\",\"inLanguage\":\"de-DE\",\"@id\":\"https:\/\/varjasfutofolia.hu\/termek\/wi-fi-aljzat-idozitovel-p5530\/#primaryimage\",\"url\":\"https:\/\/varjasfutofolia.hu\/wp-content\/uploads\/2022\/12\/60575.webp\",\"contentUrl\":\"https:\/\/varjasfutofolia.hu\/wp-content\/uploads\/2022\/12\/60575.webp\",\"width\":800,\"height\":800},{\"@type\":\"BreadcrumbList\",\"@id\":\"https:\/\/varjasfutofolia.hu\/termek\/wi-fi-aljzat-idozitovel-p5530\/#breadcrumb\",\"itemListElement\":[{\"@type\":\"ListItem\",\"position\":1,\"name\":\"Kezd\u0151lap\",\"item\":\"https:\/\/varjasfutofolia.hu\/\"},{\"@type\":\"ListItem\",\"position\":2,\"name\":\"\u00dczlet\",\"item\":\"https:\/\/varjasfutofolia.hu\/uzlet\/\"},{\"@type\":\"ListItem\",\"position\":3,\"name\":\"Wi-Fi aljzat id\u0151z\u00edt\u0151vel P5530\"}]},{\"@type\":\"WebSite\",\"@id\":\"https:\/\/varjasfutofolia.hu\/#website\",\"url\":\"https:\/\/varjasfutofolia.hu\/\",\"name\":\"Varjas F\u0171t\u0151f\u00f3lia\",\"description\":\"A Nap melege az \u00d6n otthon\u00e1ban\",\"potentialAction\":[{\"@type\":\"SearchAction\",\"target\":{\"@type\":\"EntryPoint\",\"urlTemplate\":\"https:\/\/varjasfutofolia.hu\/?s={search_term_string}\"},\"query-input\":{\"@type\":\"PropertyValueSpecification\",\"valueRequired\":true,\"valueName\":\"search_term_string\"}}],\"inLanguage\":\"de-DE\"}]}<\/script>\n<!-- \/ Yoast SEO plugin. -->","yoast_head_json":{"title":"Wi-Fi aljzat id\u0151z\u00edt\u0151vel P5530 - Varjas F\u0171t\u0151f\u00f3lia","robots":{"index":"index","follow":"follow","max-snippet":"max-snippet:-1","max-image-preview":"max-image-preview:large","max-video-preview":"max-video-preview:-1"},"canonical":"https:\/\/varjasfutofolia.hu\/de\/termek\/wi-fi-aljzat-idozitovel-p5530\/","og_locale":"de_DE","og_type":"article","og_title":"Wi-Fi aljzat id\u0151z\u00edt\u0151vel P5530 - Varjas F\u0171t\u0151f\u00f3lia","og_description":"term\u00e9k Wi-Fi id\u0151z\u00edt\u0151   Android vez\u00e9rl\u00e9s\u0171 4.0 \u00e9s magasabb verzi\u00f3   ISO vez\u00e9rl\u00e9s\u0171 7.0 \u00e9s magasabb verzi\u00f3   max. terhel\u00e9s 3 680 W   fesz\u00fclts\u00e9g\/\u00e1ram 230 V~\/16 A max.   aljzatok maxim\u00e1lis sz\u00e1ma WIFI h\u00e1l\u00f3zatonk\u00e9nt 15   WIFI router 802.11 b\/g\/n   programok sz\u00e1ma korl\u00e1tlan   kapcsol\u00f3k f\u00e1zis vezet\u00e9k   k\u00fclt\u00e9ri haszn\u00e1lat nem   kapcsol\u00e1sok sz\u00e1ma naponta korl\u00e1tlan   Garancia 1 \u00e9v","og_url":"https:\/\/varjasfutofolia.hu\/de\/termek\/wi-fi-aljzat-idozitovel-p5530\/","og_site_name":"Varjas F\u0171t\u0151f\u00f3lia","article_modified_time":"2024-12-01T23:02:59+00:00","twitter_card":"summary_large_image","twitter_misc":{"Gesch\u00e4tzte Lesezeit":"1\u00a0Minute"},"schema":{"@context":"https:\/\/schema.org","@graph":[{"@type":"WebPage","@id":"https:\/\/varjasfutofolia.hu\/termek\/wi-fi-aljzat-idozitovel-p5530\/","url":"https:\/\/varjasfutofolia.hu\/termek\/wi-fi-aljzat-idozitovel-p5530\/","name":"Wi-Fi aljzat id\u0151z\u00edt\u0151vel P5530 - Varjas F\u0171t\u0151f\u00f3lia","isPartOf":{"@id":"https:\/\/varjasfutofolia.hu\/#website"},"primaryImageOfPage":{"@id":"https:\/\/varjasfutofolia.hu\/termek\/wi-fi-aljzat-idozitovel-p5530\/#primaryimage"},"image":{"@id":"https:\/\/varjasfutofolia.hu\/termek\/wi-fi-aljzat-idozitovel-p5530\/#primaryimage"},"thumbnailUrl":"https:\/\/varjasfutofolia.hu\/wp-content\/uploads\/2022\/12\/60575.webp","datePublished":"2024-12-01T23:02:56+00:00","dateModified":"2024-12-01T23:02:59+00:00","breadcrumb":{"@id":"https:\/\/varjasfutofolia.hu\/termek\/wi-fi-aljzat-idozitovel-p5530\/#breadcrumb"},"inLanguage":"de-DE","potentialAction":[{"@type":"ReadAction","target":["https:\/\/varjasfutofolia.hu\/termek\/wi-fi-aljzat-idozitovel-p5530\/"]}]},{"@type":"ImageObject","inLanguage":"de-DE","@id":"https:\/\/varjasfutofolia.hu\/termek\/wi-fi-aljzat-idozitovel-p5530\/#primaryimage","url":"https:\/\/varjasfutofolia.hu\/wp-content\/uploads\/2022\/12\/60575.webp","contentUrl":"https:\/\/varjasfutofolia.hu\/wp-content\/uploads\/2022\/12\/60575.webp","width":800,"height":800},{"@type":"BreadcrumbList","@id":"https:\/\/varjasfutofolia.hu\/termek\/wi-fi-aljzat-idozitovel-p5530\/#breadcrumb","itemListElement":[{"@type":"ListItem","position":1,"name":"Kezd\u0151lap","item":"https:\/\/varjasfutofolia.hu\/"},{"@type":"ListItem","position":2,"name":"\u00dczlet","item":"https:\/\/varjasfutofolia.hu\/uzlet\/"},{"@type":"ListItem","position":3,"name":"Wi-Fi aljzat id\u0151z\u00edt\u0151vel P5530"}]},{"@type":"WebSite","@id":"https:\/\/varjasfutofolia.hu\/#website","url":"https:\/\/varjasfutofolia.hu\/","name":"Varjas F\u0171t\u0151f\u00f3lia","description":"A Nap melege az \u00d6n otthon\u00e1ban","potentialAction":[{"@type":"SearchAction","target":{"@type":"EntryPoint","urlTemplate":"https:\/\/varjasfutofolia.hu\/?s={search_term_string}"},"query-input":{"@type":"PropertyValueSpecification","valueRequired":true,"valueName":"search_term_string"}}],"inLanguage":"de-DE"}]}},"_links":{"self":[{"href":"https:\/\/varjasfutofolia.hu\/de\/wp-json\/wp\/v2\/product\/9931844","targetHints":{"allow":["GET"]}}],"collection":[{"href":"https:\/\/varjasfutofolia.hu\/de\/wp-json\/wp\/v2\/product"}],"about":[{"href":"https:\/\/varjasfutofolia.hu\/de\/wp-json\/wp\/v2\/types\/product"}],"replies":[{"embeddable":true,"href":"https:\/\/varjasfutofolia.hu\/de\/wp-json\/wp\/v2\/comments?post=9931844"}],"wp:featuredmedia":[{"embeddable":true,"href":"https:\/\/varjasfutofolia.hu\/de\/wp-json\/wp\/v2\/media\/9931144"}],"wp:attachment":[{"href":"https:\/\/varjasfutofolia.hu\/de\/wp-json\/wp\/v2\/media?parent=9931844"}],"wp:term":[{"taxonomy":"product_brand","embeddable":true,"href":"https:\/\/varjasfutofolia.hu\/de\/wp-json\/wp\/v2\/product_brand?post=9931844"},{"taxonomy":"product_cat","embeddable":true,"href":"https:\/\/varjasfutofolia.hu\/de\/wp-json\/wp\/v2\/product_cat?post=9931844"},{"taxonomy":"product_tag","embeddable":true,"href":"https:\/\/varjasfutofolia.hu\/de\/wp-json\/wp\/v2\/product_tag?post=9931844"}],"curies":[{"name":"wp","href":"https:\/\/api.w.org\/{rel}","templated":true}]}}