{"id":9931841,"date":"2024-12-02T00:02:55","date_gmt":"2024-12-01T23:02:55","guid":{"rendered":"https:\/\/varjasfutofolia.hu\/?post_type=product&#038;p=9931841"},"modified":"2024-12-02T00:02:59","modified_gmt":"2024-12-01T23:02:59","slug":"ecosun-basic-850-w-ip44-infrapanel","status":"publish","type":"product","link":"https:\/\/varjasfutofolia.hu\/de\/termek\/ecosun-basic-850-w-ip44-infrapanel\/","title":{"rendered":"Ecosun Basic 850 W (IP44) Infrapanel"},"content":{"rendered":"<div class=\"module-head\">\n<div class=\"module-body\"><b>Mi az infrapanel?<\/b><\/div>\n<\/div>\n<div class=\"module-body\">\n<p>Az infrapanel n\u00e9v sokak sz\u00e1m\u00e1ra kicsit idegen\u00fcl hangzik, pedig \u00e9vek \u00f3ta haszn\u00e1ljuk. Egy olyan elektromos \u00e1rammal m\u0171k\u00f6d\u0151 f\u0171t\u0151testet jelent, amely a Naphoz hasonl\u00f3 infrav\u00f6r\u00f6s sugarakkal meleg\u00edti fel a k\u00f6rnyezet\u00e9ben tal\u00e1lhat\u00f3 t\u00e1rgyakat.<\/p>\n<p>Az el\u0151z\u0151ekb\u0151l k\u00f6vetkezik, hogy az infrapanel term\u00e9szetes hat\u00e1ssal, 7-10 \u00b5m k\u00f6zti hossz\u00fahull\u00e1m\u00fa infrav\u00f6r\u00f6s sugarakkal f\u0171ti otthonunkat vagy irod\u00e1nkat. Mindehhez pedig az energi\u00e1t kiz\u00e1r\u00f3lag a tiszta, ak\u00e1r meg\u00fajul\u00f3 forr\u00e1sb\u00f3l sz\u00e1rmaz\u00f3 elektromos \u00e1ramb\u00f3l nyeri.<\/p>\n<p><b>Az infrapanel m\u0171k\u00f6d\u00e9se<\/b><\/p>\n<p>Mint eml\u00edtettem, az infrapanel elektromos \u00e1rammal m\u0171k\u00f6dik. Az \u00e1ram egy elektromos ellen\u00e1ll\u00e1snak felfoghat\u00f3 f\u0171t\u0151lapot meleg\u00edt fel, amelyet szigetel\u0151anyag v\u00e9d h\u00e1tulr\u00f3l. A felmeleged\u00e9s m\u00e9rt\u00e9ke minden esetben az adott infrapanel t\u00edpus\u00e1nak jellemz\u0151 \u00e9rt\u00e9ke. Kisebb teljes\u00edtm\u00e9ny\u0171 kevesebb energi\u00e1t, m\u00edg a nagyobb teljes\u00edt\u00e9ny\u0171 t\u00f6bb energi\u00e1t k\u00e9pes leadni.<\/p>\n<p>Meg kell nyugtatni a k\u00e9tked\u0151ket, ugyanis az infrapanel nem k\u00e9pes a t\u00falmeleged\u00e9sre, \u00edgy ilyenfajta vesz\u00e9lyt nem hordoz mag\u00e1ban. Tov\u00e1bbi el\u0151nye, hogy nincs forg\u00f3, mozg\u00f3, \u00edgy tulajdonk\u00e9ppen egyetlen kop\u00f3 alkatr\u00e9sze sem. Teh\u00e1t val\u00f3j\u00e1ban nincs, ami t\u00f6nkre mehet benne. \u00cdgy a biztons\u00e1gos \u00fczemeltet\u00e9s mellett hossz\u00fa \u00e9lettartamot is \u00edg\u00e9r.<\/p>\n<p>Az infrapanel beszerel\u00e9se sem jelenthet probl\u00e9m\u00e1t, mind\u00f6ssze az elektromos h\u00e1l\u00f3zathoz kell csatlakoztatni, illetve ig\u00e9ny szerint termoszt\u00e1ttal ell\u00e1tni. Ett\u0151l kezdve az infrapanel m\u00e1r \u00fczemk\u00e9pes.<\/p>\n<p>A bek\u00f6t\u00e9s\u00e9nek egyszer\u0171s\u00e9ge adja a mobilit\u00e1s\u00e1nak alapj\u00e1t, azaz szinte b\u00e1rhova el tudjuk helyezni az \u00e9p\u00fcletben.<\/p>\n<p>Egy hagyom\u00e1nyos f\u0171t\u00e9si m\u00f3ddal szemben az infraf\u0171t\u00e9s nem a k\u00f6rnyezet leveg\u0151j\u00e9t, hanem a k\u00f6zelben tal\u00e1lhat\u00f3 t\u00e1rgyakat meleg\u00edti fel. Ez azonban nem jelenti azt, hogy a t\u00e1rgyak t\u00falhev\u00fcln\u00e9nek, mind\u00f6ssze csak n\u00e9h\u00e1ny fokkal lesznek melegebbek mint a h\u0151fokszab\u00e1lyz\u00f3n be\u00e1ll\u00edtott h\u0151m\u00e9rs\u00e9klet. A t\u00e1rgyak a felmeleged\u00e9skor ugyanis egyb\u0151l elkezdenek h\u0171lni, ahogyan a h\u0151t \u00e1tadj\u00e1k a k\u00f6rnyezet\u00fcknek. Az infrapanel m\u0171k\u00f6d\u00e9se megford\u00edtja teh\u00e1t a hagyom\u00e1nyos h\u0151\u00e1tad\u00e1si \u00fatvonalat.<\/p>\n<p><b>Az infraf\u0171t\u00e9s el\u0151nyei<\/b><\/p>\n<p>Az infrapanel m\u0171k\u00f6d\u00e9s\u00e9b\u0151l fakad\u00f3 el\u0151ny, hogy a helyis\u00e9gben felmeleg\u00edtett t\u00e1rgyak sokkal gyorsabban \u00e9s egyenletesebben k\u00e9pesek bef\u0171teni azt. R\u00e1ad\u00e1sul sug\u00e1rz\u00f3 h\u0151\u00e1tad\u00e1ssal \u00e9s alacsonyabb h\u0151m\u00e9rs\u00e9kleti tartom\u00e1nnyal.<\/p>\n<p>A helyis\u00e9g leveg\u0151j\u00e9t nem hev\u00edti fel az infrapanel, helyette a Nap sugaraihoz hasonl\u00f3an a t\u00e1rgyak felsz\u00edn\u00e9t meleg\u00edti, melyek fokozatosan \u00e1tadj\u00e1k a h\u0151t a k\u00f6rnyezet leveg\u0151j\u00e9nek.<\/p>\n<p>Az el\u0151ny\u00f6k k\u00f6z\u00f6tt tartjuk sz\u00e1mon, hogy az infrapanel m\u00e1r alacsonyabb h\u0151m\u00e9rs\u00e9klet mellett is kellemes h\u0151\u00e9rzetet k\u00edn\u00e1l. \u00c9rdemes kit\u00e9rni arra is, hogy mivel az infrapanel nem a leveg\u0151t meleg\u00edti, \u00edgy a konvekci\u00f3s l\u00e9g\u00e1raml\u00e1s sem keser\u00edti meg az \u00e9let\u00fcnket. A konvekci\u00f3s l\u00e9g\u00e1raml\u00e1s felel\u0151s ugyanis a lebegtetett por \u00e9s egy\u00e9b sz\u00e1ll\u00f3 r\u00e9zsecsk\u00e9k\u00e9rt, amelyek gyakran allergi\u00e1t vagy egy\u00e9b betegs\u00e9get id\u00e9zhetnek el\u0151.<\/p>\n<p>Az elektromos \u00e1ram az infrasugarak el\u0151\u00e1ll\u00edt\u00e1sa sor\u00e1n nem haszn\u00e1lja a helyis\u00e9g leveg\u0151j\u00e9t, azaz a helyis\u00e9gben tart\u00f3zkod\u00f3kat az infrapanel nem teszi ki olyan vesz\u00e9lynek, mint pl. a CO m\u00e9rgez\u00e9s.<\/p>\n<p>Ismer\u0151s az az \u00e9rz\u00e9s, amikor egyetlen ajt\u00f3nyit\u00e1ssal az \u00f6sszes meleg is t\u00e1vozik a helyis\u00e9gb\u0151l? Az infrapanel ezt is k\u00e9pes m\u00e9rs\u00e9kelni, tekintve, hogy a t\u00e1rgyak fel\u00fclete nem tud ilyen gyorsan kih\u0171lni. Azaz, lehet, hogy a meleg leveg\u0151 egy r\u00e9sze elillan, de a meleg t\u00e1rgyak abban a pillanatban elkezdik f\u0171teni a helyis\u00e9gbe \u00e1raml\u00f3 hidegebb leveg\u0151t. Ezt pedig k\u00e9pesek gyorsan felmeleg\u00edteni, hiszen sok t\u00e1rgy, hatalmas fel\u00fclettel rendelkezik.<\/p>\n<p>Az infrapanelhez nincs sz\u00fcks\u00e9g sz\u00fcntelen fel\u00fcgyeletre, mivel a m\u0171k\u00f6d\u00e9se biztons\u00e1gos. S\u0151t, a korszer\u0171 infrapaneleket ak\u00e1r mobiltelefonunkon kereszt\u00fcl is ellen\u0151rizhetj\u00fck, illetve szab\u00e1lyozhatjuk.<\/p>\n<p>Tov\u00e1bbi pozit\u00edvum, hogy a bemeleged\u00e9si ideje meglehet\u0151sen r\u00f6vid, mondhatni abban a pillanatban elkezd f\u0171teni, ahogy bekapcsoljuk. M\u00e1s rendszerekkel \u00f6sszehasonl\u00edtva ez igen nagy el\u0151nyt jelent, gondoljunk csak egy hideg f\u00fcrd\u0151szob\u00e1ra ahol sokszor a legink\u00e1bb hi\u00e1nyzik az azonnali meleg.<\/p>\n<p>Ugyancsak az infrapanel el\u0151nyek\u00e9nt eml\u00edthet\u0151 \u00e9s a t\u00e1rgyak felmeleg\u00edt\u00e9s\u00e9b\u0151l ad\u00f3d\u00f3 j\u00f3t\u00e9kony hat\u00e1sa a pen\u00e9sz elleni hat\u00e9kony k\u00fczdelem. Az infrapanel ugyanis k\u00e9pes felmeleg\u00edteni a falakat, \u00edgy azokon nem tud kicsap\u00f3dni a p\u00e1ra \u00e9s \u00edgy a pen\u00e9sz sem k\u00e9pes megtelepedni. Term\u00e9szetesen a pen\u00e9szesed\u00e9sre hajlamos helyet ismerni kell, \u00e9s az infrapanelt \u00fagy \u00e1ll\u00edtani, hogy arra sug\u00e1rozza a h\u0151t.<\/p>\n<p><i>Az infraf\u0171t\u00e9s \u00e9s infrapanel el\u0151nyeinek \u00f6sszefoglal\u00e1sa \u00e9s kieg\u00e9sz\u00edt\u00e9se:<\/i><\/p>\n<hr align=\"center\" noshade=\"noshade\" size=\"2\" width=\"100%\" \/>\n<p>\u00b7\u00a0\u00a0\u00a0\u00a0\u00a0\u00a0\u00a0\u00a0\u00a0<i>\u00a0\u00a0\u00a0\u00a0\u00a0\u00a0\u00a0\u00a0relat\u00edv alacsony ki\u00e9p\u00edt\u00e9si k\u00f6lts\u00e9g<\/i><\/p>\n<p>\u00b7\u00a0\u00a0\u00a0\u00a0\u00a0\u00a0\u00a0\u00a0\u00a0<i>\u00a0\u00a0\u00a0\u00a0\u00a0\u00a0\u00a0\u00a0egyszer\u0171 beszerel\u00e9s<\/i><\/p>\n<p>\u00b7\u00a0\u00a0\u00a0\u00a0\u00a0\u00a0\u00a0\u00a0\u00a0<i>\u00a0\u00a0\u00a0\u00a0\u00a0\u00a0\u00a0\u00a0vill\u00e1mgyors beszerel\u00e9s<\/i><\/p>\n<p>\u00b7\u00a0\u00a0\u00a0\u00a0\u00a0\u00a0\u00a0\u00a0\u00a0<i>\u00a0\u00a0\u00a0\u00a0\u00a0\u00a0\u00a0\u00a0azonnali kellemes h\u0151\u00e9rzet<\/i><\/p>\n<p>\u00b7\u00a0\u00a0\u00a0\u00a0\u00a0\u00a0\u00a0\u00a0\u00a0<i>\u00a0\u00a0\u00a0\u00a0\u00a0\u00a0\u00a0\u00a0alacsonyabb h\u0151m\u00e9rs\u00e9kleti tartom\u00e1nyban \u00fczemeltethet\u0151<\/i><\/p>\n<p>\u00b7\u00a0\u00a0\u00a0\u00a0\u00a0\u00a0\u00a0\u00a0\u00a0<i>\u00a0\u00a0\u00a0\u00a0\u00a0\u00a0\u00a0\u00a0nem keveri fel a helyis\u00e9gben a port, nem a leveg\u0151t meleg\u00edti<\/i><\/p>\n<p>\u00b7\u00a0\u00a0\u00a0\u00a0\u00a0\u00a0\u00a0\u00a0\u00a0<i>\u00a0\u00a0\u00a0\u00a0\u00a0\u00a0\u00a0\u00a0seg\u00edt legy\u0151zni a pen\u00e9szes okozta probl\u00e9m\u00e1kat<\/i><\/p>\n<p>\u00b7\u00a0\u00a0\u00a0\u00a0\u00a0\u00a0\u00a0\u00a0\u00a0<i>\u00a0\u00a0\u00a0\u00a0\u00a0\u00a0\u00a0\u00a0pozit\u00edv \u00e9lettani hat\u00e1sok az infrav\u00f6r\u00f6s sug\u00e1rz\u00e1s r\u00e9v\u00e9n<\/i><\/p>\n<p>\u00b7\u00a0\u00a0\u00a0\u00a0\u00a0\u00a0\u00a0\u00a0\u00a0<i>\u00a0\u00a0\u00a0\u00a0\u00a0\u00a0\u00a0\u00a0f\u0151 f\u0171t\u00e9sk\u00e9nt \u00e9s kieg\u00e9sz\u00edt\u0151 f\u0171t\u00e9sk\u00e9nt is aj\u00e1nlhat\u00f3<\/i><\/p>\n<p>\u00b7\u00a0\u00a0\u00a0\u00a0\u00a0\u00a0\u00a0\u00a0\u00a0<i>\u00a0 \u00a0 \u00a0 \u00a0 napelemes f\u0171t\u00e9ssel \u00f6sszekapcsolva k\u00f6rnyezetbar\u00e1t \u00e9s \u00a0\u00a0\u00a0\u00a0\u00a0meg\u00fajul\u00f3 f\u0171t\u00e9si energia<\/i><\/p>\n<hr align=\"center\" noshade=\"noshade\" size=\"2\" width=\"100%\" \/>\n<p><b>Az infrapanel elhelyez\u00e9se<\/b><\/p>\n<p>Az elektromos infrapanel b\u00e1rhova telep\u00edthet\u0151 a helyis\u00e9gben, mind\u00f6ssze olyan \u00e9szszer\u0171s\u00e9gi elv\u00e1r\u00e1soknak kell megfeleljen, mint pl. a nyitott t\u00e9r fel\u00e9 n\u00e9zzen.<\/p>\n<p>Egyik gyakori elhelyez\u00e9se, a mennyezeti r\u00f6gz\u00edt\u00e9s. A plafonra r\u00f6gz\u00edtett infrapanel nem vesz el gyakorlati helyet a helyis\u00e9g ter\u00e9b\u0151l, ugyanakkor hat\u00e9konyan k\u00e9pes meleg\u00edteni az alatta l\u00e9v\u0151 t\u00e1rgyakat.<\/p>\n<p>Persze felker\u00fclhet a falra is az infrapanel, mind\u00f6ssze arra \u00fcgyelj\u00fcnk, hogy ne ker\u00fclj\u00f6n el\u00e9 semmif\u00e9le b\u00fator, amely le\u00e1rny\u00e9koln\u00e1 a sugarakat. Ez ugyanis jelent\u0151sen cs\u00f6kkenten\u00e9 az infrapanel hat\u00e9konys\u00e1g\u00e1t.<\/p>\n<p>\u00c9rdekesen hangzik, de v\u00e1s\u00e1rolhatunk hordozhat\u00f3 elektromos infrapanelt is. Ezek \u00e1ltal\u00e1ban valamif\u00e9le tart\u00f3szerkezettel egy\u00fctt ker\u00fclnek forgalomba. A szerkezetet fel\u00e1ll\u00edtva \u00e9s az infrapanelt a konnektorhoz csatlakoztatva, b\u00e1rmikor \u00e9lvezhetj\u00fck a j\u00f3t\u00e9kony meleget. Kiv\u00e1l\u00f3 megold\u00e1s lehet irodai asztalok alatt elhelyezett kisebb teljes\u00edtm\u00e9ny\u0171 infrapanel, amely helyi f\u0171t\u00e9st biztos\u00edt. Ugyancsak haszn\u00e1lhatjuk pl. szerel\u0151m\u0171helyekbe, pont ott fel\u00e1ll\u00edtva, ahol az adott pillanatban sz\u00fcks\u00e9g\u00fcnk van r\u00e1.<\/p>\n<p><b>A napelem \u00e9s az infraf\u0171t\u00e9s<\/b><\/p>\n<p>Az infraf\u0171t\u00e9s \u00e9s term\u00e9szetesen az infrapanel anyagi el\u0151ny\u00e9t k\u00fcl\u00f6n is \u00e9lvezhetj\u00fck, amennyiben van k\u00e9sz vagy telep\u00edt\u00fcnk egy \u00faj napelem rendszert. \u00c9rdemes megjegyezni, hogy a napelem nem csak a f\u0171t\u00e9si energi\u00e1t, de az egy\u00e9b elektromos ig\u00e9nyeket k\u00e9pes kiszolg\u00e1lni.<\/p>\n<p>A napelem \u00e1ltal el\u0151\u00e1ll\u00edtott ingyenes elektromos \u00e1ram felhaszn\u00e1l\u00e1sa m\u00e1r t\u0151l\u00fcnk f\u00fcgg. A t\u00e9li id\u0151szakban egy\u00e9rtelm\u0171, hogy a legnagyobb priorit\u00e1st az elektromos infrapanelek kell, hogy kapj\u00e1k. \u00cdgy nyugodtan kijelenthetj\u00fck, hogy az infrapanel m\u0171k\u00f6dtet\u00e9se gyakorlatilag nulla forintba ker\u00fcl. Ez a pillanatnyi \u00e1llapot.<\/p>\n<p>Amennyiben hossz\u00fa t\u00e1von gondolkodunk, akkor is \u00e9rdemes sz\u00e1m\u00edt\u00e1sba venni a napelemeket. A kimutat\u00e1sok szerint \u00e1ltal\u00e1ban t\u00edz \u00e9v a megt\u00e9r\u00fcl\u00e9se. Ez annyit tesz, hogy t\u00edz \u00e9v ut\u00e1n minden elektromos \u00e1rammal m\u0171k\u00f6d\u0151 berendez\u00e9s, bele\u00e9rtve a f\u0171t\u00e9sre haszn\u00e1lt infrapanelt vagy m\u00e1s elektromos f\u0171t\u0151eszk\u00f6zt, d\u00edjmentesen \u00fczemeltethet\u0151. M\u00e1rpedig napelem rendszerek \u00e9lettartama az eddigi tapasztalatok szerint t\u00falsz\u00e1rnyalja m\u00e9g a 30 \u00e9vet is. Ez h\u00fasz \u00e9v ingyenes elektromos \u00e1ramot jelenthet. \u00c9rdemes megfontolni.<\/p>\n<p><b>K\u00fcl\u00f6nf\u00e9le infrapanel t\u00edpusok<\/b><\/p>\n<p>Az infrapanel t\u00edpusok alakja k\u00f6z\u00f6tt szembet\u0171n\u0151 elt\u00e9r\u00e9s nem tapasztalhat\u00f3, hiszen megjelen\u00e9s\u00e9ben egy s\u00edk lapr\u00f3l besz\u00e9l\u00fcnk. Ugyanakkor ez a s\u00edk lap is alak\u00edthat\u00f3, hogy az megjelen\u00e9s\u00e9ben a legnagyobb ig\u00e9nyeket is k\u00e9pes legyen kiel\u00e9g\u00edteni.<\/p>\n<p>A legegyszer\u0171bb kivitel egy egyszer\u0171 festett falhoz hasonl\u00f3 megjelen\u00e9ssel v\u00e1r benn\u00fcnket. Nem sok diz\u00e1jnt, ellenben kedvez\u0151 \u00e1rat k\u00edn\u00e1l, r\u00e1ad\u00e1sul a legt\u00f6bb helyen nem okoz eszt\u00e9tikai t\u00f6r\u00e9st. Ett\u0151l modernebb k\u00fclalakkal b\u00edrnak az \u00fcveg infrapanelek, melyek els\u0151 sorban fekete vagy feh\u00e9r sz\u00ednben k\u00e9rhet\u0151k.<\/p>\n<p>Speci\u00e1lis megold\u00e1s az, amikor az infrapanel \u00fcveg fel\u00fcletet t\u00fck\u00f6rnek van kialak\u00edtva. Mondhatni kett\u0151 az egyben megold\u00e1s: t\u00fck\u00f6r \u00e9s f\u0171t\u0151berendez\u00e9s. A f\u00fcrd\u0151szob\u00e1k mellett m\u00e1s helyis\u00e9gekben is tudja a k\u00e9nyelm\u00fcnket szolg\u00e1lni.<\/p>\n<\/div>\n","protected":false},"excerpt":{"rendered":"<h5><span style=\"color: #333333; font-size: 16px;\">PARAM\u00c9TEREK<\/span><\/h5>\n<div class=\"module-body\">\n<table class=\"parameter_table\" style=\"width: 401px; height: 150px;\">\n<tbody>\n<tr class=\"odd row-param-infrapanel_aramfelvetel\" style=\"height: 28px;\">\n<td style=\"width: 212.743px; height: 12px;\"><strong>\u00c1ramfelv\u00e9tel<\/strong><\/td>\n<td style=\"width: 174.288px; height: 12px;\">3,6 A<\/td>\n<\/tr>\n<tr class=\"even row-param-infrapanel_erintesvedelmi_osztaly\" style=\"height: 28px;\">\n<td style=\"width: 212.743px; height: 15px;\"><strong>\u00c9rint\u00e9sv\u00e9delmi oszt\u00e1ly<\/strong><\/td>\n<td style=\"width: 174.288px; height: 15px;\">IP44<\/td>\n<\/tr>\n<tr class=\"odd row-param-infrapanel_feluleti_homerseklet\" style=\"height: 28px;\">\n<td style=\"width: 212.743px; height: 13px;\"><strong>Fel\u00fcleti h\u0151m\u00e9rs\u00e9klet<\/strong><\/td>\n<td style=\"width: 174.288px; height: 13px;\">90 \u00b0C<\/td>\n<\/tr>\n<tr class=\"even row-param-infrapanel_garancia\" style=\"height: 28px;\">\n<td style=\"width: 212.743px; height: 21px;\"><strong>Garancia<\/strong><\/td>\n<td style=\"width: 174.288px; height: 21px;\">2 \u00e9v<\/td>\n<\/tr>\n<tr class=\"odd row-param-infrapanel_hosszusag\" style=\"height: 28px;\">\n<td style=\"width: 212.743px; height: 23px;\"><strong>Hossz\u00fas\u00e1g<\/strong><\/td>\n<td style=\"width: 174.288px; height: 23px;\">80 cm<\/td>\n<\/tr>\n<tr class=\"even row-param-infrapanel_magassag\" style=\"height: 28px;\">\n<td style=\"width: 212.743px; height: 20px;\"><strong>Magass\u00e1g<\/strong><\/td>\n<td style=\"width: 174.288px; height: 20px;\">3 cm<\/td>\n<\/tr>\n<tr class=\"odd row-param-infrapanel_szelesseg\" style=\"height: 28px;\">\n<td style=\"width: 212.743px; height: 10px;\"><strong>Sz\u00e9less\u00e9g<\/strong><\/td>\n<td style=\"width: 174.288px; height: 10px;\">119,2 cm<\/td>\n<\/tr>\n<tr class=\"even row-param-infrapanel_szin\" style=\"height: 28px;\">\n<td style=\"width: 212.743px; height: 10px;\"><strong>Sz\u00edn<\/strong><\/td>\n<td style=\"width: 174.288px; height: 10px;\">feh\u00e9r<\/td>\n<\/tr>\n<tr class=\"odd row-param-infrapanel_tapfeszultseg\" style=\"height: 28px;\">\n<td style=\"width: 212.743px; height: 16px;\"><strong>T\u00e1pfesz\u00fclts\u00e9g<\/strong><\/td>\n<td style=\"width: 174.288px; height: 16px;\">230 V<\/td>\n<\/tr>\n<tr class=\"even row-param-infrapanel_teljesitmeny\" style=\"height: 28px;\">\n<td style=\"width: 212.743px; height: 10px;\"><strong>Teljes\u00edtm\u00e9ny<\/strong><\/td>\n<td style=\"width: 174.288px; height: 10px;\">850 W<\/td>\n<\/tr>\n<\/tbody>\n<\/table>\n<\/div>\n<p>&nbsp;<\/p>\n","protected":false},"featured_media":9923523,"comment_status":"open","ping_status":"closed","template":"","meta":{"_et_pb_use_builder":"","_et_pb_old_content":"","_et_gb_content_width":""},"product_brand":[],"product_cat":[30,39],"product_tag":[],"class_list":{"0":"post-9931841","1":"product","2":"type-product","3":"status-publish","4":"has-post-thumbnail","6":"product_cat-infrapanel","7":"product_cat-premium-infrapanel","9":"first","10":"outofstock","11":"taxable","12":"shipping-taxable","13":"purchasable","14":"product-type-simple"},"yoast_head":"<!-- This site is optimized with the Yoast SEO plugin v26.0 - https:\/\/yoast.com\/wordpress\/plugins\/seo\/ -->\n<title>Ecosun Basic 850 W (IP44) Infrapanel - Varjas F\u0171t\u0151f\u00f3lia<\/title>\n<meta name=\"robots\" content=\"index, follow, max-snippet:-1, max-image-preview:large, max-video-preview:-1\" \/>\n<link rel=\"canonical\" href=\"https:\/\/varjasfutofolia.hu\/de\/termek\/ecosun-basic-850-w-ip44-infrapanel\/\" \/>\n<meta property=\"og:locale\" content=\"de_DE\" \/>\n<meta property=\"og:locale:alternate\" content=\"en_US\" \/>\n<meta property=\"og:locale:alternate\" content=\"hu_HU\" \/>\n<meta property=\"og:type\" content=\"article\" \/>\n<meta property=\"og:title\" content=\"Ecosun Basic 850 W (IP44) Infrapanel - Varjas F\u0171t\u0151f\u00f3lia\" \/>\n<meta property=\"og:description\" content=\"PARAM\u00c9TEREK     \u00c1ramfelv\u00e9tel 3,6 A   \u00c9rint\u00e9sv\u00e9delmi oszt\u00e1ly IP44   Fel\u00fcleti h\u0151m\u00e9rs\u00e9klet 90 \u00b0C   Garancia 2 \u00e9v   Hossz\u00fas\u00e1g 80 cm   Magass\u00e1g 3 cm   Sz\u00e9less\u00e9g 119,2 cm   Sz\u00edn feh\u00e9r   T\u00e1pfesz\u00fclts\u00e9g 230 V   Teljes\u00edtm\u00e9ny 850 W     &nbsp;\" \/>\n<meta property=\"og:url\" content=\"https:\/\/varjasfutofolia.hu\/de\/termek\/ecosun-basic-850-w-ip44-infrapanel\/\" \/>\n<meta property=\"og:site_name\" content=\"Varjas F\u0171t\u0151f\u00f3lia\" \/>\n<meta property=\"article:modified_time\" content=\"2024-12-01T23:02:59+00:00\" \/>\n<meta name=\"twitter:card\" content=\"summary_large_image\" \/>\n<meta name=\"twitter:label1\" content=\"Gesch\u00e4tzte Lesezeit\" \/>\n\t<meta name=\"twitter:data1\" content=\"8\u00a0Minuten\" \/>\n<script type=\"application\/ld+json\" class=\"yoast-schema-graph\">{\"@context\":\"https:\/\/schema.org\",\"@graph\":[{\"@type\":\"WebPage\",\"@id\":\"https:\/\/varjasfutofolia.hu\/termek\/ecosun-basic-850-w-ip44-infrapanel\/\",\"url\":\"https:\/\/varjasfutofolia.hu\/termek\/ecosun-basic-850-w-ip44-infrapanel\/\",\"name\":\"Ecosun Basic 850 W (IP44) Infrapanel - Varjas F\u0171t\u0151f\u00f3lia\",\"isPartOf\":{\"@id\":\"https:\/\/varjasfutofolia.hu\/#website\"},\"primaryImageOfPage\":{\"@id\":\"https:\/\/varjasfutofolia.hu\/termek\/ecosun-basic-850-w-ip44-infrapanel\/#primaryimage\"},\"image\":{\"@id\":\"https:\/\/varjasfutofolia.hu\/termek\/ecosun-basic-850-w-ip44-infrapanel\/#primaryimage\"},\"thumbnailUrl\":\"https:\/\/varjasfutofolia.hu\/wp-content\/uploads\/2022\/09\/Item_0f9a0da2f71c4682a376a129440f31ce_1-1.png\",\"datePublished\":\"2024-12-01T23:02:55+00:00\",\"dateModified\":\"2024-12-01T23:02:59+00:00\",\"breadcrumb\":{\"@id\":\"https:\/\/varjasfutofolia.hu\/termek\/ecosun-basic-850-w-ip44-infrapanel\/#breadcrumb\"},\"inLanguage\":\"de-DE\",\"potentialAction\":[{\"@type\":\"ReadAction\",\"target\":[\"https:\/\/varjasfutofolia.hu\/termek\/ecosun-basic-850-w-ip44-infrapanel\/\"]}]},{\"@type\":\"ImageObject\",\"inLanguage\":\"de-DE\",\"@id\":\"https:\/\/varjasfutofolia.hu\/termek\/ecosun-basic-850-w-ip44-infrapanel\/#primaryimage\",\"url\":\"https:\/\/varjasfutofolia.hu\/wp-content\/uploads\/2022\/09\/Item_0f9a0da2f71c4682a376a129440f31ce_1-1.png\",\"contentUrl\":\"https:\/\/varjasfutofolia.hu\/wp-content\/uploads\/2022\/09\/Item_0f9a0da2f71c4682a376a129440f31ce_1-1.png\",\"width\":900,\"height\":900},{\"@type\":\"BreadcrumbList\",\"@id\":\"https:\/\/varjasfutofolia.hu\/termek\/ecosun-basic-850-w-ip44-infrapanel\/#breadcrumb\",\"itemListElement\":[{\"@type\":\"ListItem\",\"position\":1,\"name\":\"Kezd\u0151lap\",\"item\":\"https:\/\/varjasfutofolia.hu\/\"},{\"@type\":\"ListItem\",\"position\":2,\"name\":\"\u00dczlet\",\"item\":\"https:\/\/varjasfutofolia.hu\/uzlet\/\"},{\"@type\":\"ListItem\",\"position\":3,\"name\":\"Ecosun Basic 850 W (IP44) Infrapanel\"}]},{\"@type\":\"WebSite\",\"@id\":\"https:\/\/varjasfutofolia.hu\/#website\",\"url\":\"https:\/\/varjasfutofolia.hu\/\",\"name\":\"Varjas F\u0171t\u0151f\u00f3lia\",\"description\":\"A Nap melege az \u00d6n otthon\u00e1ban\",\"potentialAction\":[{\"@type\":\"SearchAction\",\"target\":{\"@type\":\"EntryPoint\",\"urlTemplate\":\"https:\/\/varjasfutofolia.hu\/?s={search_term_string}\"},\"query-input\":{\"@type\":\"PropertyValueSpecification\",\"valueRequired\":true,\"valueName\":\"search_term_string\"}}],\"inLanguage\":\"de-DE\"}]}<\/script>\n<!-- \/ Yoast SEO plugin. -->","yoast_head_json":{"title":"Ecosun Basic 850 W (IP44) Infrapanel - Varjas F\u0171t\u0151f\u00f3lia","robots":{"index":"index","follow":"follow","max-snippet":"max-snippet:-1","max-image-preview":"max-image-preview:large","max-video-preview":"max-video-preview:-1"},"canonical":"https:\/\/varjasfutofolia.hu\/de\/termek\/ecosun-basic-850-w-ip44-infrapanel\/","og_locale":"de_DE","og_type":"article","og_title":"Ecosun Basic 850 W (IP44) Infrapanel - Varjas F\u0171t\u0151f\u00f3lia","og_description":"PARAM\u00c9TEREK     \u00c1ramfelv\u00e9tel 3,6 A   \u00c9rint\u00e9sv\u00e9delmi oszt\u00e1ly IP44   Fel\u00fcleti h\u0151m\u00e9rs\u00e9klet 90 \u00b0C   Garancia 2 \u00e9v   Hossz\u00fas\u00e1g 80 cm   Magass\u00e1g 3 cm   Sz\u00e9less\u00e9g 119,2 cm   Sz\u00edn feh\u00e9r   T\u00e1pfesz\u00fclts\u00e9g 230 V   Teljes\u00edtm\u00e9ny 850 W     &nbsp;","og_url":"https:\/\/varjasfutofolia.hu\/de\/termek\/ecosun-basic-850-w-ip44-infrapanel\/","og_site_name":"Varjas F\u0171t\u0151f\u00f3lia","article_modified_time":"2024-12-01T23:02:59+00:00","twitter_card":"summary_large_image","twitter_misc":{"Gesch\u00e4tzte Lesezeit":"8\u00a0Minuten"},"schema":{"@context":"https:\/\/schema.org","@graph":[{"@type":"WebPage","@id":"https:\/\/varjasfutofolia.hu\/termek\/ecosun-basic-850-w-ip44-infrapanel\/","url":"https:\/\/varjasfutofolia.hu\/termek\/ecosun-basic-850-w-ip44-infrapanel\/","name":"Ecosun Basic 850 W (IP44) Infrapanel - Varjas F\u0171t\u0151f\u00f3lia","isPartOf":{"@id":"https:\/\/varjasfutofolia.hu\/#website"},"primaryImageOfPage":{"@id":"https:\/\/varjasfutofolia.hu\/termek\/ecosun-basic-850-w-ip44-infrapanel\/#primaryimage"},"image":{"@id":"https:\/\/varjasfutofolia.hu\/termek\/ecosun-basic-850-w-ip44-infrapanel\/#primaryimage"},"thumbnailUrl":"https:\/\/varjasfutofolia.hu\/wp-content\/uploads\/2022\/09\/Item_0f9a0da2f71c4682a376a129440f31ce_1-1.png","datePublished":"2024-12-01T23:02:55+00:00","dateModified":"2024-12-01T23:02:59+00:00","breadcrumb":{"@id":"https:\/\/varjasfutofolia.hu\/termek\/ecosun-basic-850-w-ip44-infrapanel\/#breadcrumb"},"inLanguage":"de-DE","potentialAction":[{"@type":"ReadAction","target":["https:\/\/varjasfutofolia.hu\/termek\/ecosun-basic-850-w-ip44-infrapanel\/"]}]},{"@type":"ImageObject","inLanguage":"de-DE","@id":"https:\/\/varjasfutofolia.hu\/termek\/ecosun-basic-850-w-ip44-infrapanel\/#primaryimage","url":"https:\/\/varjasfutofolia.hu\/wp-content\/uploads\/2022\/09\/Item_0f9a0da2f71c4682a376a129440f31ce_1-1.png","contentUrl":"https:\/\/varjasfutofolia.hu\/wp-content\/uploads\/2022\/09\/Item_0f9a0da2f71c4682a376a129440f31ce_1-1.png","width":900,"height":900},{"@type":"BreadcrumbList","@id":"https:\/\/varjasfutofolia.hu\/termek\/ecosun-basic-850-w-ip44-infrapanel\/#breadcrumb","itemListElement":[{"@type":"ListItem","position":1,"name":"Kezd\u0151lap","item":"https:\/\/varjasfutofolia.hu\/"},{"@type":"ListItem","position":2,"name":"\u00dczlet","item":"https:\/\/varjasfutofolia.hu\/uzlet\/"},{"@type":"ListItem","position":3,"name":"Ecosun Basic 850 W (IP44) Infrapanel"}]},{"@type":"WebSite","@id":"https:\/\/varjasfutofolia.hu\/#website","url":"https:\/\/varjasfutofolia.hu\/","name":"Varjas F\u0171t\u0151f\u00f3lia","description":"A Nap melege az \u00d6n otthon\u00e1ban","potentialAction":[{"@type":"SearchAction","target":{"@type":"EntryPoint","urlTemplate":"https:\/\/varjasfutofolia.hu\/?s={search_term_string}"},"query-input":{"@type":"PropertyValueSpecification","valueRequired":true,"valueName":"search_term_string"}}],"inLanguage":"de-DE"}]}},"_links":{"self":[{"href":"https:\/\/varjasfutofolia.hu\/de\/wp-json\/wp\/v2\/product\/9931841","targetHints":{"allow":["GET"]}}],"collection":[{"href":"https:\/\/varjasfutofolia.hu\/de\/wp-json\/wp\/v2\/product"}],"about":[{"href":"https:\/\/varjasfutofolia.hu\/de\/wp-json\/wp\/v2\/types\/product"}],"replies":[{"embeddable":true,"href":"https:\/\/varjasfutofolia.hu\/de\/wp-json\/wp\/v2\/comments?post=9931841"}],"wp:featuredmedia":[{"embeddable":true,"href":"https:\/\/varjasfutofolia.hu\/de\/wp-json\/wp\/v2\/media\/9923523"}],"wp:attachment":[{"href":"https:\/\/varjasfutofolia.hu\/de\/wp-json\/wp\/v2\/media?parent=9931841"}],"wp:term":[{"taxonomy":"product_brand","embeddable":true,"href":"https:\/\/varjasfutofolia.hu\/de\/wp-json\/wp\/v2\/product_brand?post=9931841"},{"taxonomy":"product_cat","embeddable":true,"href":"https:\/\/varjasfutofolia.hu\/de\/wp-json\/wp\/v2\/product_cat?post=9931841"},{"taxonomy":"product_tag","embeddable":true,"href":"https:\/\/varjasfutofolia.hu\/de\/wp-json\/wp\/v2\/product_tag?post=9931841"}],"curies":[{"name":"wp","href":"https:\/\/api.w.org\/{rel}","templated":true}]}}