{"id":9931814,"date":"2024-12-02T00:02:48","date_gmt":"2024-12-01T23:02:48","guid":{"rendered":"https:\/\/varjasfutofolia.hu\/?post_type=product&#038;p=9931814"},"modified":"2025-09-28T03:10:06","modified_gmt":"2025-09-28T01:10:06","slug":"likewarm-iceguard-kulteri-futoszonyeg-06-x-11-meter-400v-1980w","status":"publish","type":"product","link":"https:\/\/varjasfutofolia.hu\/de\/termek\/likewarm-iceguard-kulteri-futoszonyeg-06-x-11-meter-400v-1980w\/","title":{"rendered":"Likewarm Iceguard k\u00fclt\u00e9ri f\u0171t\u0151sz\u0151nyeg 0,6 x 11 m\u00e9ter 400V 1980w"},"content":{"rendered":"<div id=\"page_artdet_product_param_spec_111563\" class=\"artdet__spec-param py-3 product_param_type_text\">\n<div class=\"row gutters-10 align-items-center text-left\">\n<div class=\"col-6\">\n<div class=\"artdet__spec-param-title d-inline-block position-relative\"><span class=\"param-name\">T\u00edpus: <\/span>f\u0171t\u0151h\u00e1l\u00f3 \/ f\u0171t\u0151sz\u0151nyeg<\/div>\n<\/div>\n<\/div>\n<\/div>\n<div id=\"page_artdet_product_param_spec_111571\" class=\"artdet__spec-param py-3 product_param_type_text\">\n<div class=\"row gutters-10 align-items-center text-left\">\n<div class=\"col-6\">\n<div class=\"artdet__spec-param-title d-inline-block position-relative\"><span class=\"param-name\">Felhaszn\u00e1l\u00e1s: <\/span>T\u00e9rk\u0151 , aszfalt , r\u00e1mpa, l\u00e9pcs\u0151 f\u0171t\u00e9s\u00e9re<\/div>\n<\/div>\n<\/div>\n<\/div>\n<div id=\"page_artdet_product_param_spec_110508\" class=\"artdet__spec-param py-3 product_param_type_text\">\n<div class=\"row gutters-10 align-items-center text-left\">\n<div class=\"col-6\">\n<div class=\"artdet__spec-param-title d-inline-block position-relative\"><span class=\"param-name\">Sz\u00e9less\u00e9g: <\/span>60 cm<\/div>\n<\/div>\n<\/div>\n<\/div>\n<div id=\"page_artdet_product_param_spec_111535\" class=\"artdet__spec-param py-3 product_param_type_text\">\n<div class=\"row gutters-10 align-items-center text-left\">\n<div class=\"col-6\">\n<div class=\"artdet__spec-param-title d-inline-block position-relative\"><span class=\"param-name\">Hossz\u00fas\u00e1g: <\/span>11 m\u00e9ter<\/div>\n<\/div>\n<\/div>\n<\/div>\n<div id=\"page_artdet_product_param_spec_112232\" class=\"artdet__spec-param py-3 product_param_type_text\">\n<div class=\"row gutters-10 align-items-center text-left\">\n<div class=\"col-6\">\n<div class=\"artdet__spec-param-title d-inline-block position-relative\"><span class=\"param-name\">Vastags\u00e1g: <\/span>6.5 mm<\/div>\n<\/div>\n<\/div>\n<\/div>\n<div id=\"page_artdet_product_param_spec_112242\" class=\"artdet__spec-param py-3 product_param_type_text\">\n<div class=\"row gutters-10 align-items-center text-left\">\n<div class=\"col-6\">\n<div class=\"artdet__spec-param-title d-inline-block position-relative\"><span class=\"param-name\">M\u00e9ret \/ m2: <\/span>6.6 m2<\/div>\n<\/div>\n<\/div>\n<\/div>\n<div id=\"page_artdet_product_param_spec_111585\" class=\"artdet__spec-param py-3 product_param_type_text\">\n<div class=\"row gutters-10 align-items-center text-left\">\n<div class=\"col-6\">\n<div class=\"artdet__spec-param-title d-inline-block position-relative\"><span class=\"param-name\">Teljes\u00edtm\u00e9ny \u00f6sszesen \/ Watt: <\/span>1980 Watt<\/div>\n<\/div>\n<\/div>\n<\/div>\n<div id=\"page_artdet_product_param_spec_111540\" class=\"artdet__spec-param py-3 product_param_type_text\">\n<div class=\"row gutters-10 align-items-center text-left\">\n<div class=\"col-6\">\n<div class=\"artdet__spec-param-title d-inline-block position-relative\"><span class=\"param-name\">Teljes\u00edtm\u00e9ny \/ Amper: <\/span>4.95 A<\/div>\n<\/div>\n<\/div>\n<\/div>\n<div id=\"page_artdet_product_param_spec_112234\" class=\"artdet__spec-param py-3 product_param_type_text\">\n<div class=\"row gutters-10 align-items-center text-left\">\n<div class=\"col-6\">\n<div class=\"artdet__spec-param-title d-inline-block position-relative\"><span class=\"param-name\">Vez\u00e9rl\u00e9s: <\/span>K\u00fcls\u0151 \u00e9rz\u00e9kel\u0151s termoszt\u00e1ttal<\/div>\n<\/div>\n<\/div>\n<\/div>\n<div id=\"page_artdet_product_param_spec_112233\" class=\"artdet__spec-param py-3 product_param_type_text\">\n<div class=\"row gutters-10 align-items-center text-left\">\n<div class=\"col-6\">\n<div class=\"artdet__spec-param-title d-inline-block position-relative\"><span class=\"param-name\">Hideg vezet\u00e9k hossza: <\/span>10 m\u00e9ter<\/div>\n<\/div>\n<\/div>\n<\/div>\n<div id=\"page_artdet_product_param_spec_111557\" class=\"artdet__spec-param py-3 product_param_type_text\">\n<div class=\"row gutters-10 align-items-center text-left\">\n<div class=\"col-6\">\n<div class=\"artdet__spec-param-title d-inline-block position-relative\"><span class=\"param-name\">Fesz\u00fclts\u00e9g: <\/span>400 V<\/div>\n<\/div>\n<\/div>\n<\/div>\n<div id=\"page_artdet_product_param_spec_111551\" class=\"artdet__spec-param py-3 product_param_type_text\">\n<div class=\"row gutters-10 align-items-center text-left\">\n<div class=\"col-6\">\n<div class=\"artdet__spec-param-title d-inline-block position-relative\"><span class=\"param-name\">Garancia: <\/span>20 \u00e9v<\/div>\n<\/div>\n<div>\n<p>Alkalmas t\u00e9rk\u0151 al\u00e1, k\u00fclt\u00e9ri burokolatok f\u0171t\u00e9s\u00e9re valamint g\u00e9pj\u00e1rm\u0171 felj\u00e1r\u00f3k f\u0171t\u00e9s\u00e9re.<br \/>\nA k\u00fclt\u00e9ri burkolatok k\u00fcr\u00f6l minden t\u00edpus al\u00e1 be\u00e9p\u00edthet\u0151 p\u00e9ld\u00e1ul: beton, aszfalt, term\u00e9sk\u0151, viacolor<br \/>\nA be\u00e9p\u00edt\u00e9si id\u0151 l\u00e9nyegesen kevesebb, mivel r\u00f6gz\u00edt\u0151 elemeket nem ig\u00e9nyelnek.<br \/>\nK\u00fcl\u00f6nb\u00f6z\u0151 hossz\u00f3s\u00e1gban kaphat\u00f3, azonban a sz\u00e9less\u00e9g\u00fck 60 cm mindegyiknek.<br \/>\nVez\u00e9rl\u0151 termoszt\u00e1t n\u00e9lk\u00fcl nem haszn\u00e1lhat\u00f3, haszn\u00e1lat\u00e1hoz sz\u00fcks\u00e9ges termoszt\u00e1t \u00e9s fagy-es\u0151-h\u00f3 \u00e9rz\u00e9kel\u0151.<\/p>\n<p>&nbsp;<\/p>\n<\/div>\n<\/div>\n<\/div>\n","protected":false},"excerpt":{"rendered":"<p>Alkalmas t\u00e9rk\u0151 al\u00e1, k\u00fclt\u00e9ri burokolatok f\u0171t\u00e9s\u00e9re valamint g\u00e9pj\u00e1rm\u0171 felj\u00e1r\u00f3k f\u0171t\u00e9s\u00e9re.<br \/>\nA k\u00fclt\u00e9ri burkolatok k\u00fcr\u00f6l minden t\u00edpus al\u00e1 be\u00e9p\u00edthet\u0151 p\u00e9ld\u00e1ul: beton, aszfalt, term\u00e9sk\u0151, viacolor<br \/>\nA be\u00e9p\u00edt\u00e9si id\u0151 l\u00e9nyegesen kevesebb, mivel r\u00f6gz\u00edt\u0151 elemeket nem ig\u00e9nyelnek.<br \/>\nK\u00fcl\u00f6nb\u00f6z\u0151 hossz\u00f3s\u00e1gban kaphat\u00f3, azonban a sz\u00e9less\u00e9g\u00fck 60 cm mindegyiknek.<br \/>\nVez\u00e9rl\u0151 termoszt\u00e1t n\u00e9lk\u00fcl nem haszn\u00e1lhat\u00f3, haszn\u00e1lat\u00e1hoz sz\u00fcks\u00e9ges termoszt\u00e1t \u00e9s fagy-es\u0151-h\u00f3 \u00e9rz\u00e9kel\u0151.<\/p>\n<p>&nbsp;<\/p>\n","protected":false},"featured_media":9923615,"comment_status":"open","ping_status":"closed","template":"","meta":{"_et_pb_use_builder":"","_et_pb_old_content":"","_et_gb_content_width":""},"product_brand":[],"product_cat":[73],"product_tag":[],"class_list":{"0":"post-9931814","1":"product","2":"type-product","3":"status-publish","4":"has-post-thumbnail","6":"product_cat-futes-aszfaltba-terko-ala","8":"first","9":"instock","10":"taxable","11":"shipping-taxable","12":"purchasable","13":"product-type-simple"},"yoast_head":"<!-- This site is optimized with the Yoast SEO plugin v26.0 - https:\/\/yoast.com\/wordpress\/plugins\/seo\/ -->\n<title>Likewarm Iceguard k\u00fclt\u00e9ri f\u0171t\u0151sz\u0151nyeg 0,6 x 11 m\u00e9ter 400V 1980w - Varjas F\u0171t\u0151f\u00f3lia<\/title>\n<meta name=\"robots\" content=\"index, follow, max-snippet:-1, max-image-preview:large, max-video-preview:-1\" \/>\n<link rel=\"canonical\" href=\"https:\/\/varjasfutofolia.hu\/de\/termek\/likewarm-iceguard-kulteri-futoszonyeg-06-x-11-meter-400v-1980w\/\" \/>\n<meta property=\"og:locale\" content=\"de_DE\" \/>\n<meta property=\"og:locale:alternate\" content=\"en_US\" \/>\n<meta property=\"og:locale:alternate\" content=\"hu_HU\" \/>\n<meta property=\"og:type\" content=\"article\" \/>\n<meta property=\"og:title\" content=\"Likewarm Iceguard k\u00fclt\u00e9ri f\u0171t\u0151sz\u0151nyeg 0,6 x 11 m\u00e9ter 400V 1980w - Varjas F\u0171t\u0151f\u00f3lia\" \/>\n<meta property=\"og:description\" content=\"Alkalmas t\u00e9rk\u0151 al\u00e1, k\u00fclt\u00e9ri burokolatok f\u0171t\u00e9s\u00e9re valamint g\u00e9pj\u00e1rm\u0171 felj\u00e1r\u00f3k f\u0171t\u00e9s\u00e9re. A k\u00fclt\u00e9ri burkolatok k\u00fcr\u00f6l minden t\u00edpus al\u00e1 be\u00e9p\u00edthet\u0151 p\u00e9ld\u00e1ul: beton, aszfalt, term\u00e9sk\u0151, viacolor A be\u00e9p\u00edt\u00e9si id\u0151 l\u00e9nyegesen kevesebb, mivel r\u00f6gz\u00edt\u0151 elemeket nem ig\u00e9nyelnek. K\u00fcl\u00f6nb\u00f6z\u0151 hossz\u00f3s\u00e1gban kaphat\u00f3, azonban a sz\u00e9less\u00e9g\u00fck 60 cm mindegyiknek. Vez\u00e9rl\u0151 termoszt\u00e1t n\u00e9lk\u00fcl nem haszn\u00e1lhat\u00f3, haszn\u00e1lat\u00e1hoz sz\u00fcks\u00e9ges termoszt\u00e1t \u00e9s fagy-es\u0151-h\u00f3 \u00e9rz\u00e9kel\u0151.  &nbsp;\" \/>\n<meta property=\"og:url\" content=\"https:\/\/varjasfutofolia.hu\/de\/termek\/likewarm-iceguard-kulteri-futoszonyeg-06-x-11-meter-400v-1980w\/\" \/>\n<meta property=\"og:site_name\" content=\"Varjas F\u0171t\u0151f\u00f3lia\" \/>\n<meta property=\"article:modified_time\" content=\"2025-09-28T01:10:06+00:00\" \/>\n<meta name=\"twitter:card\" content=\"summary_large_image\" \/>\n<meta name=\"twitter:label1\" content=\"Gesch\u00e4tzte Lesezeit\" \/>\n\t<meta name=\"twitter:data1\" content=\"1\u00a0Minute\" \/>\n<script type=\"application\/ld+json\" class=\"yoast-schema-graph\">{\"@context\":\"https:\/\/schema.org\",\"@graph\":[{\"@type\":\"WebPage\",\"@id\":\"https:\/\/varjasfutofolia.hu\/termek\/likewarm-iceguard-kulteri-futoszonyeg-06-x-11-meter-400v-1980w\/\",\"url\":\"https:\/\/varjasfutofolia.hu\/termek\/likewarm-iceguard-kulteri-futoszonyeg-06-x-11-meter-400v-1980w\/\",\"name\":\"Likewarm Iceguard k\u00fclt\u00e9ri f\u0171t\u0151sz\u0151nyeg 0,6 x 11 m\u00e9ter 400V 1980w - Varjas F\u0171t\u0151f\u00f3lia\",\"isPartOf\":{\"@id\":\"https:\/\/varjasfutofolia.hu\/#website\"},\"primaryImageOfPage\":{\"@id\":\"https:\/\/varjasfutofolia.hu\/termek\/likewarm-iceguard-kulteri-futoszonyeg-06-x-11-meter-400v-1980w\/#primaryimage\"},\"image\":{\"@id\":\"https:\/\/varjasfutofolia.hu\/termek\/likewarm-iceguard-kulteri-futoszonyeg-06-x-11-meter-400v-1980w\/#primaryimage\"},\"thumbnailUrl\":\"https:\/\/varjasfutofolia.hu\/wp-content\/uploads\/2022\/09\/Likewarm.jpg\",\"datePublished\":\"2024-12-01T23:02:48+00:00\",\"dateModified\":\"2025-09-28T01:10:06+00:00\",\"breadcrumb\":{\"@id\":\"https:\/\/varjasfutofolia.hu\/termek\/likewarm-iceguard-kulteri-futoszonyeg-06-x-11-meter-400v-1980w\/#breadcrumb\"},\"inLanguage\":\"de-DE\",\"potentialAction\":[{\"@type\":\"ReadAction\",\"target\":[\"https:\/\/varjasfutofolia.hu\/termek\/likewarm-iceguard-kulteri-futoszonyeg-06-x-11-meter-400v-1980w\/\"]}]},{\"@type\":\"ImageObject\",\"inLanguage\":\"de-DE\",\"@id\":\"https:\/\/varjasfutofolia.hu\/termek\/likewarm-iceguard-kulteri-futoszonyeg-06-x-11-meter-400v-1980w\/#primaryimage\",\"url\":\"https:\/\/varjasfutofolia.hu\/wp-content\/uploads\/2022\/09\/Likewarm.jpg\",\"contentUrl\":\"https:\/\/varjasfutofolia.hu\/wp-content\/uploads\/2022\/09\/Likewarm.jpg\",\"width\":500,\"height\":312},{\"@type\":\"BreadcrumbList\",\"@id\":\"https:\/\/varjasfutofolia.hu\/termek\/likewarm-iceguard-kulteri-futoszonyeg-06-x-11-meter-400v-1980w\/#breadcrumb\",\"itemListElement\":[{\"@type\":\"ListItem\",\"position\":1,\"name\":\"Kezd\u0151lap\",\"item\":\"https:\/\/varjasfutofolia.hu\/\"},{\"@type\":\"ListItem\",\"position\":2,\"name\":\"\u00dczlet\",\"item\":\"https:\/\/varjasfutofolia.hu\/uzlet\/\"},{\"@type\":\"ListItem\",\"position\":3,\"name\":\"Likewarm Iceguard k\u00fclt\u00e9ri f\u0171t\u0151sz\u0151nyeg 0,6 x 11 m\u00e9ter 400V 1980w\"}]},{\"@type\":\"WebSite\",\"@id\":\"https:\/\/varjasfutofolia.hu\/#website\",\"url\":\"https:\/\/varjasfutofolia.hu\/\",\"name\":\"Varjas F\u0171t\u0151f\u00f3lia\",\"description\":\"A Nap melege az \u00d6n otthon\u00e1ban\",\"potentialAction\":[{\"@type\":\"SearchAction\",\"target\":{\"@type\":\"EntryPoint\",\"urlTemplate\":\"https:\/\/varjasfutofolia.hu\/?s={search_term_string}\"},\"query-input\":{\"@type\":\"PropertyValueSpecification\",\"valueRequired\":true,\"valueName\":\"search_term_string\"}}],\"inLanguage\":\"de-DE\"}]}<\/script>\n<!-- \/ Yoast SEO plugin. -->","yoast_head_json":{"title":"Likewarm Iceguard k\u00fclt\u00e9ri f\u0171t\u0151sz\u0151nyeg 0,6 x 11 m\u00e9ter 400V 1980w - Varjas F\u0171t\u0151f\u00f3lia","robots":{"index":"index","follow":"follow","max-snippet":"max-snippet:-1","max-image-preview":"max-image-preview:large","max-video-preview":"max-video-preview:-1"},"canonical":"https:\/\/varjasfutofolia.hu\/de\/termek\/likewarm-iceguard-kulteri-futoszonyeg-06-x-11-meter-400v-1980w\/","og_locale":"de_DE","og_type":"article","og_title":"Likewarm Iceguard k\u00fclt\u00e9ri f\u0171t\u0151sz\u0151nyeg 0,6 x 11 m\u00e9ter 400V 1980w - Varjas F\u0171t\u0151f\u00f3lia","og_description":"Alkalmas t\u00e9rk\u0151 al\u00e1, k\u00fclt\u00e9ri burokolatok f\u0171t\u00e9s\u00e9re valamint g\u00e9pj\u00e1rm\u0171 felj\u00e1r\u00f3k f\u0171t\u00e9s\u00e9re. A k\u00fclt\u00e9ri burkolatok k\u00fcr\u00f6l minden t\u00edpus al\u00e1 be\u00e9p\u00edthet\u0151 p\u00e9ld\u00e1ul: beton, aszfalt, term\u00e9sk\u0151, viacolor A be\u00e9p\u00edt\u00e9si id\u0151 l\u00e9nyegesen kevesebb, mivel r\u00f6gz\u00edt\u0151 elemeket nem ig\u00e9nyelnek. K\u00fcl\u00f6nb\u00f6z\u0151 hossz\u00f3s\u00e1gban kaphat\u00f3, azonban a sz\u00e9less\u00e9g\u00fck 60 cm mindegyiknek. Vez\u00e9rl\u0151 termoszt\u00e1t n\u00e9lk\u00fcl nem haszn\u00e1lhat\u00f3, haszn\u00e1lat\u00e1hoz sz\u00fcks\u00e9ges termoszt\u00e1t \u00e9s fagy-es\u0151-h\u00f3 \u00e9rz\u00e9kel\u0151.  &nbsp;","og_url":"https:\/\/varjasfutofolia.hu\/de\/termek\/likewarm-iceguard-kulteri-futoszonyeg-06-x-11-meter-400v-1980w\/","og_site_name":"Varjas F\u0171t\u0151f\u00f3lia","article_modified_time":"2025-09-28T01:10:06+00:00","twitter_card":"summary_large_image","twitter_misc":{"Gesch\u00e4tzte Lesezeit":"1\u00a0Minute"},"schema":{"@context":"https:\/\/schema.org","@graph":[{"@type":"WebPage","@id":"https:\/\/varjasfutofolia.hu\/termek\/likewarm-iceguard-kulteri-futoszonyeg-06-x-11-meter-400v-1980w\/","url":"https:\/\/varjasfutofolia.hu\/termek\/likewarm-iceguard-kulteri-futoszonyeg-06-x-11-meter-400v-1980w\/","name":"Likewarm Iceguard k\u00fclt\u00e9ri f\u0171t\u0151sz\u0151nyeg 0,6 x 11 m\u00e9ter 400V 1980w - Varjas F\u0171t\u0151f\u00f3lia","isPartOf":{"@id":"https:\/\/varjasfutofolia.hu\/#website"},"primaryImageOfPage":{"@id":"https:\/\/varjasfutofolia.hu\/termek\/likewarm-iceguard-kulteri-futoszonyeg-06-x-11-meter-400v-1980w\/#primaryimage"},"image":{"@id":"https:\/\/varjasfutofolia.hu\/termek\/likewarm-iceguard-kulteri-futoszonyeg-06-x-11-meter-400v-1980w\/#primaryimage"},"thumbnailUrl":"https:\/\/varjasfutofolia.hu\/wp-content\/uploads\/2022\/09\/Likewarm.jpg","datePublished":"2024-12-01T23:02:48+00:00","dateModified":"2025-09-28T01:10:06+00:00","breadcrumb":{"@id":"https:\/\/varjasfutofolia.hu\/termek\/likewarm-iceguard-kulteri-futoszonyeg-06-x-11-meter-400v-1980w\/#breadcrumb"},"inLanguage":"de-DE","potentialAction":[{"@type":"ReadAction","target":["https:\/\/varjasfutofolia.hu\/termek\/likewarm-iceguard-kulteri-futoszonyeg-06-x-11-meter-400v-1980w\/"]}]},{"@type":"ImageObject","inLanguage":"de-DE","@id":"https:\/\/varjasfutofolia.hu\/termek\/likewarm-iceguard-kulteri-futoszonyeg-06-x-11-meter-400v-1980w\/#primaryimage","url":"https:\/\/varjasfutofolia.hu\/wp-content\/uploads\/2022\/09\/Likewarm.jpg","contentUrl":"https:\/\/varjasfutofolia.hu\/wp-content\/uploads\/2022\/09\/Likewarm.jpg","width":500,"height":312},{"@type":"BreadcrumbList","@id":"https:\/\/varjasfutofolia.hu\/termek\/likewarm-iceguard-kulteri-futoszonyeg-06-x-11-meter-400v-1980w\/#breadcrumb","itemListElement":[{"@type":"ListItem","position":1,"name":"Kezd\u0151lap","item":"https:\/\/varjasfutofolia.hu\/"},{"@type":"ListItem","position":2,"name":"\u00dczlet","item":"https:\/\/varjasfutofolia.hu\/uzlet\/"},{"@type":"ListItem","position":3,"name":"Likewarm Iceguard k\u00fclt\u00e9ri f\u0171t\u0151sz\u0151nyeg 0,6 x 11 m\u00e9ter 400V 1980w"}]},{"@type":"WebSite","@id":"https:\/\/varjasfutofolia.hu\/#website","url":"https:\/\/varjasfutofolia.hu\/","name":"Varjas F\u0171t\u0151f\u00f3lia","description":"A Nap melege az \u00d6n otthon\u00e1ban","potentialAction":[{"@type":"SearchAction","target":{"@type":"EntryPoint","urlTemplate":"https:\/\/varjasfutofolia.hu\/?s={search_term_string}"},"query-input":{"@type":"PropertyValueSpecification","valueRequired":true,"valueName":"search_term_string"}}],"inLanguage":"de-DE"}]}},"_links":{"self":[{"href":"https:\/\/varjasfutofolia.hu\/de\/wp-json\/wp\/v2\/product\/9931814","targetHints":{"allow":["GET"]}}],"collection":[{"href":"https:\/\/varjasfutofolia.hu\/de\/wp-json\/wp\/v2\/product"}],"about":[{"href":"https:\/\/varjasfutofolia.hu\/de\/wp-json\/wp\/v2\/types\/product"}],"replies":[{"embeddable":true,"href":"https:\/\/varjasfutofolia.hu\/de\/wp-json\/wp\/v2\/comments?post=9931814"}],"wp:featuredmedia":[{"embeddable":true,"href":"https:\/\/varjasfutofolia.hu\/de\/wp-json\/wp\/v2\/media\/9923615"}],"wp:attachment":[{"href":"https:\/\/varjasfutofolia.hu\/de\/wp-json\/wp\/v2\/media?parent=9931814"}],"wp:term":[{"taxonomy":"product_brand","embeddable":true,"href":"https:\/\/varjasfutofolia.hu\/de\/wp-json\/wp\/v2\/product_brand?post=9931814"},{"taxonomy":"product_cat","embeddable":true,"href":"https:\/\/varjasfutofolia.hu\/de\/wp-json\/wp\/v2\/product_cat?post=9931814"},{"taxonomy":"product_tag","embeddable":true,"href":"https:\/\/varjasfutofolia.hu\/de\/wp-json\/wp\/v2\/product_tag?post=9931814"}],"curies":[{"name":"wp","href":"https:\/\/api.w.org\/{rel}","templated":true}]}}