{"id":9931809,"date":"2024-12-02T00:02:47","date_gmt":"2024-12-01T23:02:47","guid":{"rendered":"https:\/\/varjasfutofolia.hu\/?post_type=product&#038;p=9931809"},"modified":"2025-09-28T03:10:06","modified_gmt":"2025-09-28T01:10:06","slug":"elektra-eto2-4550-termosztat","status":"publish","type":"product","link":"https:\/\/varjasfutofolia.hu\/de\/termek\/elektra-eto2-4550-termosztat\/","title":{"rendered":"Elektra ETO2-4550 termoszt\u00e1t"},"content":{"rendered":"<h1 class=\"headerbar__title mb--40 c--secondary\">Elektra ETO2-4550 termoszt\u00e1t<\/h1>\n<h2 class=\"c--secondary mb-0\">K\u00fclt\u00e9ri termoszt\u00e1t<\/h2>\n<h3><\/h3>\n<p>Az ELEKTRA ETO2 t\u00edpus\u00fa elektronikus termoszt\u00e1t k\u00fclt\u00e9ri burkolatok gazdas\u00e1gos h\u00f3- \u00e9s j\u00e9gmentes\u00edt\u00e9s\u00e9re haszn\u00e1lhat\u00f3. J\u00e9g kialakul\u00e1s\u00e1nak felt\u00e9tele a fagypont alatti h\u0151m\u00e9rs\u00e9klet \u00e9s nedvess\u00e9g jelenl\u00e9te.<\/p>\n<p>Az ETO2 t\u00edpus\u00fa termoszt\u00e1t a csatlakoztatott \u00e9rz\u00e9kel\u0151i seg\u00edts\u00e9g\u00e9vel egyar\u00e1nt \u00e9rz\u00e9keli a h\u0151m\u00e9rs\u00e9kletet \u00e9s a nedvess\u00e9get, \u00edgy a h\u00f3 \u00e9s j\u00e9gmentes\u00edt\u0151 rendszert csak abban az esetben ind\u00edtja el, ha a h\u00f3 vagy a j\u00e9g t\u00e9nylegesen kialakulhat. A termoszt\u00e1ton lehet\u0151s\u00e9g van ut\u00f3f\u0171t\u00e9s be\u00e1ll\u00edt\u00e1s\u00e1ra, hogy minden h\u00f3 \u00e9s j\u00e9g biztons\u00e1ggal el tudjon olvadni. Az ETO2 t\u00edpus egy vagy k\u00e9t fagymentes\u00edt\u00e9si k\u00f6r vez\u00e9rl\u00e9s\u00e9re alkalmas. (pl. kocsibe\u00e1ll\u00f3 \u00e9s j\u00e1rda)<\/p>\n<p>Maximum terhelhet\u0151s\u00e9g 3 x 16 A\u00a0(3 x 3 600w).<\/p>\n<p>Az ETO2 termoszt\u00e1t DIN s\u00ednre szerelhet\u0151. M\u00e9retei:\u00a090 x 156 x 45 mm<\/p>\n<p>A termoszt\u00e1t nem tartalmaz\u00a0 talaj\u00e9rz\u00e9kel\u0151t.<\/p>\n<p>K\u00fcl\u00f6n is rendelhet\u0151 mind az \u00e9rz\u00e9kel\u0151 ereszcsatorna f\u0171t\u00e9shez,vagy burkolatf\u0171t\u00e9shez.<\/p>\n","protected":false},"excerpt":{"rendered":"<table>\n<tbody>\n<tr>\n<td><strong>ETO2 TERMOSZT\u00c1T<\/strong><\/td>\n<td><strong>M\u0170SZAKI ADATOK<\/strong><\/td>\n<\/tr>\n<tr>\n<td><strong>T\u00c1PFESZ\u00dcLTS\u00c9G<\/strong><\/td>\n<td><strong>120\/240V AC +-10% 50\/60HZ<\/strong><\/td>\n<\/tr>\n<tr>\n<td><strong>BE\u00c9P\u00cdTETT ELEKTRONIKUS T\u00c1PEGYS\u00c9G<\/strong><\/td>\n<td><strong>0,24V DC 8VA<\/strong><\/td>\n<\/tr>\n<tr>\n<td><strong>3 KIMENETI REL\u00c9<\/strong><\/td>\n<td><strong>0,3 X 16A<\/strong><\/td>\n<\/tr>\n<tr>\n<td><strong>RIASZT\u00c1S REL\u00c9<\/strong><\/td>\n<td><strong>MAX. 5A<\/strong><\/td>\n<\/tr>\n<tr>\n<td><strong>BE\/KI DIFFERENCI\u00c1L<\/strong><\/td>\n<td><strong>0,3 C<\/strong><\/td>\n<\/tr>\n<tr>\n<td><strong>H\u0150M\u00c9RS\u00c9KLET TARTOM\u00c1NY<\/strong><\/td>\n<td><strong>0,0 C &#8211; + 5 C<\/strong><\/td>\n<\/tr>\n<tr>\n<td><strong>V\u00c9DETTS\u00c9G<\/strong><\/td>\n<td><strong>IP 20<\/strong><\/td>\n<\/tr>\n<tr>\n<td><strong>BESZEREL\u00c9SI M\u00c9RETEK<\/strong><\/p>\n<p><strong>MAGASS\u00c1GXSZ\u00c9LESS\u00c9GXM\u00c9LYS\u00c9G<\/strong><\/td>\n<td><strong>90mmX156<\/strong><\/td>\n<\/tr>\n<\/tbody>\n<\/table>\n","protected":false},"featured_media":9923623,"comment_status":"open","ping_status":"closed","template":"","meta":{"_et_pb_use_builder":"","_et_pb_old_content":"","_et_gb_content_width":""},"product_brand":[],"product_cat":[196],"product_tag":[198,37],"class_list":{"0":"post-9931809","1":"product","2":"type-product","3":"status-publish","4":"has-post-thumbnail","6":"product_cat-kulteri-termosztat","7":"product_tag-elektra-eto2-4550","8":"product_tag-termosztat","10":"first","11":"instock","12":"taxable","13":"shipping-taxable","14":"purchasable","15":"product-type-simple"},"yoast_head":"<!-- This site is optimized with the Yoast SEO plugin v26.0 - https:\/\/yoast.com\/wordpress\/plugins\/seo\/ -->\n<title>Elektra ETO2-4550 termoszt\u00e1t - Varjas F\u0171t\u0151f\u00f3lia<\/title>\n<meta name=\"robots\" content=\"index, follow, max-snippet:-1, max-image-preview:large, max-video-preview:-1\" \/>\n<link rel=\"canonical\" href=\"https:\/\/varjasfutofolia.hu\/de\/termek\/elektra-eto2-4550-termosztat\/\" \/>\n<meta property=\"og:locale\" content=\"de_DE\" \/>\n<meta property=\"og:locale:alternate\" content=\"en_US\" \/>\n<meta property=\"og:locale:alternate\" content=\"hu_HU\" \/>\n<meta property=\"og:type\" content=\"article\" \/>\n<meta property=\"og:title\" content=\"Elektra ETO2-4550 termoszt\u00e1t - Varjas F\u0171t\u0151f\u00f3lia\" \/>\n<meta property=\"og:description\" content=\"ETO2 TERMOSZT\u00c1T M\u0170SZAKI ADATOK   T\u00c1PFESZ\u00dcLTS\u00c9G 120\/240V AC +-10% 50\/60HZ   BE\u00c9P\u00cdTETT ELEKTRONIKUS T\u00c1PEGYS\u00c9G 0,24V DC 8VA   3 KIMENETI REL\u00c9 0,3 X 16A   RIASZT\u00c1S REL\u00c9 MAX. 5A   BE\/KI DIFFERENCI\u00c1L 0,3 C   H\u0150M\u00c9RS\u00c9KLET TARTOM\u00c1NY 0,0 C - + 5 C   V\u00c9DETTS\u00c9G IP 20   BESZEREL\u00c9SI M\u00c9RETEK  MAGASS\u00c1GXSZ\u00c9LESS\u00c9GXM\u00c9LYS\u00c9G 90mmX156\" \/>\n<meta property=\"og:url\" content=\"https:\/\/varjasfutofolia.hu\/de\/termek\/elektra-eto2-4550-termosztat\/\" \/>\n<meta property=\"og:site_name\" content=\"Varjas F\u0171t\u0151f\u00f3lia\" \/>\n<meta property=\"article:modified_time\" content=\"2025-09-28T01:10:06+00:00\" \/>\n<meta name=\"twitter:card\" content=\"summary_large_image\" \/>\n<meta name=\"twitter:label1\" content=\"Gesch\u00e4tzte Lesezeit\" \/>\n\t<meta name=\"twitter:data1\" content=\"1\u00a0Minute\" \/>\n<script type=\"application\/ld+json\" class=\"yoast-schema-graph\">{\"@context\":\"https:\/\/schema.org\",\"@graph\":[{\"@type\":\"WebPage\",\"@id\":\"https:\/\/varjasfutofolia.hu\/termek\/elektra-eto2-4550-termosztat\/\",\"url\":\"https:\/\/varjasfutofolia.hu\/termek\/elektra-eto2-4550-termosztat\/\",\"name\":\"Elektra ETO2-4550 termoszt\u00e1t - Varjas F\u0171t\u0151f\u00f3lia\",\"isPartOf\":{\"@id\":\"https:\/\/varjasfutofolia.hu\/#website\"},\"primaryImageOfPage\":{\"@id\":\"https:\/\/varjasfutofolia.hu\/termek\/elektra-eto2-4550-termosztat\/#primaryimage\"},\"image\":{\"@id\":\"https:\/\/varjasfutofolia.hu\/termek\/elektra-eto2-4550-termosztat\/#primaryimage\"},\"thumbnailUrl\":\"https:\/\/varjasfutofolia.hu\/wp-content\/uploads\/2022\/09\/ELEKTRA-ETO2-4550.jpg\",\"datePublished\":\"2024-12-01T23:02:47+00:00\",\"dateModified\":\"2025-09-28T01:10:06+00:00\",\"breadcrumb\":{\"@id\":\"https:\/\/varjasfutofolia.hu\/termek\/elektra-eto2-4550-termosztat\/#breadcrumb\"},\"inLanguage\":\"de-DE\",\"potentialAction\":[{\"@type\":\"ReadAction\",\"target\":[\"https:\/\/varjasfutofolia.hu\/termek\/elektra-eto2-4550-termosztat\/\"]}]},{\"@type\":\"ImageObject\",\"inLanguage\":\"de-DE\",\"@id\":\"https:\/\/varjasfutofolia.hu\/termek\/elektra-eto2-4550-termosztat\/#primaryimage\",\"url\":\"https:\/\/varjasfutofolia.hu\/wp-content\/uploads\/2022\/09\/ELEKTRA-ETO2-4550.jpg\",\"contentUrl\":\"https:\/\/varjasfutofolia.hu\/wp-content\/uploads\/2022\/09\/ELEKTRA-ETO2-4550.jpg\",\"width\":1125,\"height\":765},{\"@type\":\"BreadcrumbList\",\"@id\":\"https:\/\/varjasfutofolia.hu\/termek\/elektra-eto2-4550-termosztat\/#breadcrumb\",\"itemListElement\":[{\"@type\":\"ListItem\",\"position\":1,\"name\":\"Kezd\u0151lap\",\"item\":\"https:\/\/varjasfutofolia.hu\/\"},{\"@type\":\"ListItem\",\"position\":2,\"name\":\"\u00dczlet\",\"item\":\"https:\/\/varjasfutofolia.hu\/uzlet\/\"},{\"@type\":\"ListItem\",\"position\":3,\"name\":\"Elektra ETO2-4550 termoszt\u00e1t\"}]},{\"@type\":\"WebSite\",\"@id\":\"https:\/\/varjasfutofolia.hu\/#website\",\"url\":\"https:\/\/varjasfutofolia.hu\/\",\"name\":\"Varjas F\u0171t\u0151f\u00f3lia\",\"description\":\"A Nap melege az \u00d6n otthon\u00e1ban\",\"potentialAction\":[{\"@type\":\"SearchAction\",\"target\":{\"@type\":\"EntryPoint\",\"urlTemplate\":\"https:\/\/varjasfutofolia.hu\/?s={search_term_string}\"},\"query-input\":{\"@type\":\"PropertyValueSpecification\",\"valueRequired\":true,\"valueName\":\"search_term_string\"}}],\"inLanguage\":\"de-DE\"}]}<\/script>\n<!-- \/ Yoast SEO plugin. -->","yoast_head_json":{"title":"Elektra ETO2-4550 termoszt\u00e1t - Varjas F\u0171t\u0151f\u00f3lia","robots":{"index":"index","follow":"follow","max-snippet":"max-snippet:-1","max-image-preview":"max-image-preview:large","max-video-preview":"max-video-preview:-1"},"canonical":"https:\/\/varjasfutofolia.hu\/de\/termek\/elektra-eto2-4550-termosztat\/","og_locale":"de_DE","og_type":"article","og_title":"Elektra ETO2-4550 termoszt\u00e1t - Varjas F\u0171t\u0151f\u00f3lia","og_description":"ETO2 TERMOSZT\u00c1T M\u0170SZAKI ADATOK   T\u00c1PFESZ\u00dcLTS\u00c9G 120\/240V AC +-10% 50\/60HZ   BE\u00c9P\u00cdTETT ELEKTRONIKUS T\u00c1PEGYS\u00c9G 0,24V DC 8VA   3 KIMENETI REL\u00c9 0,3 X 16A   RIASZT\u00c1S REL\u00c9 MAX. 5A   BE\/KI DIFFERENCI\u00c1L 0,3 C   H\u0150M\u00c9RS\u00c9KLET TARTOM\u00c1NY 0,0 C - + 5 C   V\u00c9DETTS\u00c9G IP 20   BESZEREL\u00c9SI M\u00c9RETEK  MAGASS\u00c1GXSZ\u00c9LESS\u00c9GXM\u00c9LYS\u00c9G 90mmX156","og_url":"https:\/\/varjasfutofolia.hu\/de\/termek\/elektra-eto2-4550-termosztat\/","og_site_name":"Varjas F\u0171t\u0151f\u00f3lia","article_modified_time":"2025-09-28T01:10:06+00:00","twitter_card":"summary_large_image","twitter_misc":{"Gesch\u00e4tzte Lesezeit":"1\u00a0Minute"},"schema":{"@context":"https:\/\/schema.org","@graph":[{"@type":"WebPage","@id":"https:\/\/varjasfutofolia.hu\/termek\/elektra-eto2-4550-termosztat\/","url":"https:\/\/varjasfutofolia.hu\/termek\/elektra-eto2-4550-termosztat\/","name":"Elektra ETO2-4550 termoszt\u00e1t - Varjas F\u0171t\u0151f\u00f3lia","isPartOf":{"@id":"https:\/\/varjasfutofolia.hu\/#website"},"primaryImageOfPage":{"@id":"https:\/\/varjasfutofolia.hu\/termek\/elektra-eto2-4550-termosztat\/#primaryimage"},"image":{"@id":"https:\/\/varjasfutofolia.hu\/termek\/elektra-eto2-4550-termosztat\/#primaryimage"},"thumbnailUrl":"https:\/\/varjasfutofolia.hu\/wp-content\/uploads\/2022\/09\/ELEKTRA-ETO2-4550.jpg","datePublished":"2024-12-01T23:02:47+00:00","dateModified":"2025-09-28T01:10:06+00:00","breadcrumb":{"@id":"https:\/\/varjasfutofolia.hu\/termek\/elektra-eto2-4550-termosztat\/#breadcrumb"},"inLanguage":"de-DE","potentialAction":[{"@type":"ReadAction","target":["https:\/\/varjasfutofolia.hu\/termek\/elektra-eto2-4550-termosztat\/"]}]},{"@type":"ImageObject","inLanguage":"de-DE","@id":"https:\/\/varjasfutofolia.hu\/termek\/elektra-eto2-4550-termosztat\/#primaryimage","url":"https:\/\/varjasfutofolia.hu\/wp-content\/uploads\/2022\/09\/ELEKTRA-ETO2-4550.jpg","contentUrl":"https:\/\/varjasfutofolia.hu\/wp-content\/uploads\/2022\/09\/ELEKTRA-ETO2-4550.jpg","width":1125,"height":765},{"@type":"BreadcrumbList","@id":"https:\/\/varjasfutofolia.hu\/termek\/elektra-eto2-4550-termosztat\/#breadcrumb","itemListElement":[{"@type":"ListItem","position":1,"name":"Kezd\u0151lap","item":"https:\/\/varjasfutofolia.hu\/"},{"@type":"ListItem","position":2,"name":"\u00dczlet","item":"https:\/\/varjasfutofolia.hu\/uzlet\/"},{"@type":"ListItem","position":3,"name":"Elektra ETO2-4550 termoszt\u00e1t"}]},{"@type":"WebSite","@id":"https:\/\/varjasfutofolia.hu\/#website","url":"https:\/\/varjasfutofolia.hu\/","name":"Varjas F\u0171t\u0151f\u00f3lia","description":"A Nap melege az \u00d6n otthon\u00e1ban","potentialAction":[{"@type":"SearchAction","target":{"@type":"EntryPoint","urlTemplate":"https:\/\/varjasfutofolia.hu\/?s={search_term_string}"},"query-input":{"@type":"PropertyValueSpecification","valueRequired":true,"valueName":"search_term_string"}}],"inLanguage":"de-DE"}]}},"_links":{"self":[{"href":"https:\/\/varjasfutofolia.hu\/de\/wp-json\/wp\/v2\/product\/9931809","targetHints":{"allow":["GET"]}}],"collection":[{"href":"https:\/\/varjasfutofolia.hu\/de\/wp-json\/wp\/v2\/product"}],"about":[{"href":"https:\/\/varjasfutofolia.hu\/de\/wp-json\/wp\/v2\/types\/product"}],"replies":[{"embeddable":true,"href":"https:\/\/varjasfutofolia.hu\/de\/wp-json\/wp\/v2\/comments?post=9931809"}],"wp:featuredmedia":[{"embeddable":true,"href":"https:\/\/varjasfutofolia.hu\/de\/wp-json\/wp\/v2\/media\/9923623"}],"wp:attachment":[{"href":"https:\/\/varjasfutofolia.hu\/de\/wp-json\/wp\/v2\/media?parent=9931809"}],"wp:term":[{"taxonomy":"product_brand","embeddable":true,"href":"https:\/\/varjasfutofolia.hu\/de\/wp-json\/wp\/v2\/product_brand?post=9931809"},{"taxonomy":"product_cat","embeddable":true,"href":"https:\/\/varjasfutofolia.hu\/de\/wp-json\/wp\/v2\/product_cat?post=9931809"},{"taxonomy":"product_tag","embeddable":true,"href":"https:\/\/varjasfutofolia.hu\/de\/wp-json\/wp\/v2\/product_tag?post=9931809"}],"curies":[{"name":"wp","href":"https:\/\/api.w.org\/{rel}","templated":true}]}}