{"id":9931808,"date":"2024-12-02T00:02:47","date_gmt":"2024-12-01T23:02:47","guid":{"rendered":"https:\/\/varjasfutofolia.hu\/?post_type=product&#038;p=9931808"},"modified":"2025-09-28T03:10:06","modified_gmt":"2025-09-28T01:10:06","slug":"elektra-etn4-termosztat-kulteri","status":"publish","type":"product","link":"https:\/\/varjasfutofolia.hu\/de\/termek\/elektra-etn4-termosztat-kulteri\/","title":{"rendered":"Elektra ETN4 termoszt\u00e1t k\u00fclt\u00e9ri"},"content":{"rendered":"<p>DIN s\u00ednre szerelhet\u0151 kivitelben k\u00e9sz\u00fcl\u0151 k\u00fclt\u00e9ri digit\u00e1lis termoszt\u00e1t.<\/p>\n<p>Be\u00e1ll\u00edthat\u00f3 h\u0151m\u00e9rs\u00e9klet tartom\u00e1ny: -19,<\/p>\n<table>\n<tbody>\n<tr>\n<td><strong>ETN4 DIGIT\u00c1LIS TERMOSZT\u00c1T<\/strong><\/td>\n<td><strong>M\u0170SZAKI ADATOK<\/strong><\/td>\n<\/tr>\n<tr>\n<td><strong>FESZ\u00dcLTS\u00c9G<\/strong><\/td>\n<td><strong>230V 50\/60HZ<\/strong><\/td>\n<\/tr>\n<tr>\n<td><strong>MAX TERHELHET\u0150S\u00c9G<\/strong><\/td>\n<td><strong>3600W 16A<\/strong><\/td>\n<\/tr>\n<tr>\n<td><strong>BE\u00c9P\u00cdTETT MEGSZAK\u00cdT\u00d3<\/strong><\/td>\n<td><strong>2 P\u00d3LUS\u00da, 16A<\/strong><\/td>\n<\/tr>\n<tr>\n<td><strong>\u00c9RZ\u00c9KEL\u0150 T\u00cdPUS<\/strong><\/td>\n<td><strong>NTC (12kohm) 3m<\/strong><\/td>\n<\/tr>\n<tr>\n<td><strong>H\u0150M\u00c9RS\u00c9KLETTARTOM\u00c1NY<\/strong><\/td>\n<td><strong>-19,5 C\/+70 C<\/strong><\/td>\n<\/tr>\n<tr>\n<td><strong>\u00c9RZ\u00c9KEL\u0150 HAT\u00c1ROK<\/strong><\/td>\n<td><strong>-19,5 C\/ + 70 C<\/strong><\/td>\n<\/tr>\n<tr>\n<td><strong>V\u00c9DETTS\u00c9G<\/strong><\/td>\n<td><strong>IP 20<\/strong><\/td>\n<\/tr>\n<tr>\n<td><strong>BESZEREL\u00c9SI M\u00c9RETEK<\/strong><\/p>\n<p><strong>MAGASS\u00c1GXSZ\u00c9LESS\u00c9GXM\u00c9LYS\u00c9G<\/strong><\/td>\n<td><strong>\u00a0 \u00a0 \u00a086mmX52,5mmx58mm<\/strong><\/td>\n<\/tr>\n<tr>\n<td><strong>DIN MODUL M\u00c9RETE<\/strong><\/td>\n<td><strong>3XM36<\/strong><\/td>\n<\/tr>\n<\/tbody>\n<\/table>\n<p>&nbsp;<\/p>\n<p>5 Celsius &#8211; 70 Celsius fok k\u00f6z\u00f6tt<\/p>\n","protected":false},"excerpt":{"rendered":"<div class=\"data_tab_title\">\n<div class=\"data_tab_title\">\n<div class=\"artdet__spec-params mb-5\">\n<div id=\"page_artdet_product_param_spec_111569\" class=\"artdet__spec-param py-3 product_param_type_text\">\n<div class=\"row gutters-10 align-items-center text-left\">\n<div class=\"col-6\">\n<div class=\"artdet__spec-param-title d-inline-block position-relative\"><span class=\"param-name\">T\u00edpus:\u00a0<\/span>Termoszt\u00e1t<\/div>\n<\/div>\n<\/div>\n<\/div>\n<div id=\"page_artdet_product_param_spec_111580\" class=\"artdet__spec-param py-3 product_param_type_text\">\n<div class=\"row gutters-10 align-items-center text-left\">\n<div class=\"col-6\">\n<div class=\"artdet__spec-param-title d-inline-block position-relative\"><span class=\"param-name\">Felhaszn\u00e1l\u00e1s:\u00a0<\/span>K\u00fclt\u00e9ri f\u0171t\u00e9shez<\/div>\n<\/div>\n<\/div>\n<\/div>\n<div id=\"page_artdet_product_param_spec_109617\" class=\"artdet__spec-param py-3 product_param_type_text\">\n<div class=\"row gutters-10 align-items-center text-left\">\n<div class=\"col-6\">\n<div class=\"artdet__spec-param-title d-inline-block position-relative\"><span class=\"param-name\">Be\u00e9p\u00edt\u00e9s jellege:\u00a0<\/span>Szabv\u00e1ny DIN sz\u00ednre szerelhet\u0151<\/div>\n<\/div>\n<\/div>\n<\/div>\n<div id=\"page_artdet_product_param_spec_111561\" class=\"artdet__spec-param py-3 product_param_type_text\">\n<div class=\"row gutters-10 align-items-center text-left\">\n<div class=\"col-6\">\n<div class=\"artdet__spec-param-title d-inline-block position-relative\"><span class=\"param-name\">Fesz\u00fclts\u00e9g:\u00a0<\/span>230 V<\/div>\n<\/div>\n<\/div>\n<\/div>\n<div id=\"page_artdet_product_param_spec_109619\" class=\"artdet__spec-param py-3 product_param_type_text\">\n<div class=\"row gutters-10 align-items-center text-left\">\n<div class=\"col-6\">\n<div class=\"artdet__spec-param-title d-inline-block position-relative\"><span class=\"param-name\">Programozhat\u00f3<\/span>: igen<\/div>\n<\/div>\n<\/div>\n<\/div>\n<div id=\"page_artdet_product_param_spec_111590\" class=\"artdet__spec-param py-3 product_param_type_text\">\n<div class=\"row gutters-10 align-items-center text-left\">\n<div class=\"col-6\">\n<div class=\"artdet__spec-param-title d-inline-block position-relative\"><span class=\"param-name\">Teljes\u00edtm\u00e9ny \/ Watt:\u00a0<\/span>3600 Watt<\/div>\n<\/div>\n<\/div>\n<\/div>\n<div id=\"page_artdet_product_param_spec_111584\" class=\"artdet__spec-param py-3 product_param_type_text\">\n<div class=\"row gutters-10 align-items-center text-left\">\n<div class=\"col-6\">\n<div class=\"artdet__spec-param-title d-inline-block position-relative\"><span class=\"param-name\">Teljes\u00edtm\u00e9ny \/ Amper:\u00a0<\/span>16 A<\/div>\n<\/div>\n<\/div>\n<\/div>\n<div id=\"page_artdet_product_param_spec_109781\" class=\"artdet__spec-param py-3 product_param_type_text\">\n<div class=\"row gutters-10 align-items-center text-left\">\n<div class=\"col-6\">\n<div class=\"artdet__spec-param-title d-inline-block position-relative\"><span class=\"param-name\">Leveg\u0151 \u00e9rz\u00e9kel\u0151:\u00a0<\/span>nem,csak k\u00fcls\u0151 \u00e9rz\u00e9kel\u0151<\/div>\n<\/div>\n<\/div>\n<\/div>\n<div id=\"page_artdet_product_param_spec_109618\" class=\"artdet__spec-param py-3 product_param_type_text\">\n<div class=\"row gutters-10 align-items-center text-left\">\n<div class=\"col-6\">\n<div class=\"artdet__spec-param-title d-inline-block position-relative\"><span class=\"param-name\">K\u00fcls\u0151 \u00e9rz\u00e9kel\u0151 szonda:\u00a0<\/span>igen tartoz\u00e9k 2.5 m\u00e9ter<\/div>\n<\/div>\n<\/div>\n<\/div>\n<div id=\"page_artdet_product_param_spec_109319\" class=\"artdet__spec-param py-3 product_param_type_text\">\n<div class=\"row gutters-10 align-items-center text-left\">\n<div class=\"col-6\">\n<div class=\"artdet__spec-param-title d-inline-block position-relative\"><span class=\"param-name\">Manu\u00e1lis termoszt\u00e1t:\u00a0<\/span>nem<\/div>\n<\/div>\n<\/div>\n<\/div>\n<div id=\"page_artdet_product_param_spec_109318\" class=\"artdet__spec-param py-3 product_param_type_text\">\n<div class=\"row gutters-10 align-items-center text-left\">\n<div class=\"col-6\">\n<div class=\"artdet__spec-param-title d-inline-block position-relative\"><span class=\"param-name\">Digit\u00e1lis termoszt\u00e1t:\u00a0<\/span>igen<\/div>\n<\/div>\n<\/div>\n<\/div>\n<div id=\"page_artdet_product_param_spec_111554\" class=\"artdet__spec-param py-3 product_param_type_text\">\n<div class=\"row gutters-10 align-items-center text-left\">\n<div class=\"col-6\">\n<div class=\"artdet__spec-param-title d-inline-block position-relative\"><span class=\"param-name\">Garancia:\u00a0<\/span>2 \u00e9v<\/div>\n<\/div>\n<\/div>\n<\/div>\n<\/div>\n<\/div>\n<\/div>\n","protected":false},"featured_media":9921179,"comment_status":"open","ping_status":"closed","template":"","meta":{"_et_pb_use_builder":"","_et_pb_old_content":"","_et_gb_content_width":""},"product_brand":[],"product_cat":[196],"product_tag":[],"class_list":{"0":"post-9931808","1":"product","2":"type-product","3":"status-publish","4":"has-post-thumbnail","6":"product_cat-kulteri-termosztat","8":"first","9":"instock","10":"taxable","11":"shipping-taxable","12":"purchasable","13":"product-type-simple"},"yoast_head":"<!-- This site is optimized with the Yoast SEO plugin v26.0 - https:\/\/yoast.com\/wordpress\/plugins\/seo\/ -->\n<title>Elektra ETN4 termoszt\u00e1t k\u00fclt\u00e9ri - Varjas F\u0171t\u0151f\u00f3lia<\/title>\n<meta name=\"robots\" content=\"index, follow, max-snippet:-1, max-image-preview:large, max-video-preview:-1\" \/>\n<link rel=\"canonical\" href=\"https:\/\/varjasfutofolia.hu\/de\/termek\/elektra-etn4-termosztat-kulteri\/\" \/>\n<meta property=\"og:locale\" content=\"de_DE\" \/>\n<meta property=\"og:locale:alternate\" content=\"en_US\" \/>\n<meta property=\"og:locale:alternate\" content=\"hu_HU\" \/>\n<meta property=\"og:type\" content=\"article\" \/>\n<meta property=\"og:title\" content=\"Elektra ETN4 termoszt\u00e1t k\u00fclt\u00e9ri - Varjas F\u0171t\u0151f\u00f3lia\" \/>\n<meta property=\"og:description\" content=\"T\u00edpus:\u00a0Termoszt\u00e1t       Felhaszn\u00e1l\u00e1s:\u00a0K\u00fclt\u00e9ri f\u0171t\u00e9shez       Be\u00e9p\u00edt\u00e9s jellege:\u00a0Szabv\u00e1ny DIN sz\u00ednre szerelhet\u0151       Fesz\u00fclts\u00e9g:\u00a0230 V       Programozhat\u00f3: igen       Teljes\u00edtm\u00e9ny \/ Watt:\u00a03600 Watt       Teljes\u00edtm\u00e9ny \/ Amper:\u00a016 A       Leveg\u0151 \u00e9rz\u00e9kel\u0151:\u00a0nem,csak k\u00fcls\u0151 \u00e9rz\u00e9kel\u0151       K\u00fcls\u0151 \u00e9rz\u00e9kel\u0151 szonda:\u00a0igen tartoz\u00e9k 2.5 m\u00e9ter       Manu\u00e1lis termoszt\u00e1t:\u00a0nem       Digit\u00e1lis termoszt\u00e1t:\u00a0igen       Garancia:\u00a02 \u00e9v\" \/>\n<meta property=\"og:url\" content=\"https:\/\/varjasfutofolia.hu\/de\/termek\/elektra-etn4-termosztat-kulteri\/\" \/>\n<meta property=\"og:site_name\" content=\"Varjas F\u0171t\u0151f\u00f3lia\" \/>\n<meta property=\"article:modified_time\" content=\"2025-09-28T01:10:06+00:00\" \/>\n<meta name=\"twitter:card\" content=\"summary_large_image\" \/>\n<meta name=\"twitter:label1\" content=\"Gesch\u00e4tzte Lesezeit\" \/>\n\t<meta name=\"twitter:data1\" content=\"1\u00a0Minute\" \/>\n<script type=\"application\/ld+json\" class=\"yoast-schema-graph\">{\"@context\":\"https:\/\/schema.org\",\"@graph\":[{\"@type\":\"WebPage\",\"@id\":\"https:\/\/varjasfutofolia.hu\/termek\/elektra-etn4-termosztat-kulteri\/\",\"url\":\"https:\/\/varjasfutofolia.hu\/termek\/elektra-etn4-termosztat-kulteri\/\",\"name\":\"Elektra ETN4 termoszt\u00e1t k\u00fclt\u00e9ri - Varjas F\u0171t\u0151f\u00f3lia\",\"isPartOf\":{\"@id\":\"https:\/\/varjasfutofolia.hu\/#website\"},\"primaryImageOfPage\":{\"@id\":\"https:\/\/varjasfutofolia.hu\/termek\/elektra-etn4-termosztat-kulteri\/#primaryimage\"},\"image\":{\"@id\":\"https:\/\/varjasfutofolia.hu\/termek\/elektra-etn4-termosztat-kulteri\/#primaryimage\"},\"thumbnailUrl\":\"https:\/\/varjasfutofolia.hu\/wp-content\/uploads\/2021\/11\/D792620.jpg\",\"datePublished\":\"2024-12-01T23:02:47+00:00\",\"dateModified\":\"2025-09-28T01:10:06+00:00\",\"breadcrumb\":{\"@id\":\"https:\/\/varjasfutofolia.hu\/termek\/elektra-etn4-termosztat-kulteri\/#breadcrumb\"},\"inLanguage\":\"de-DE\",\"potentialAction\":[{\"@type\":\"ReadAction\",\"target\":[\"https:\/\/varjasfutofolia.hu\/termek\/elektra-etn4-termosztat-kulteri\/\"]}]},{\"@type\":\"ImageObject\",\"inLanguage\":\"de-DE\",\"@id\":\"https:\/\/varjasfutofolia.hu\/termek\/elektra-etn4-termosztat-kulteri\/#primaryimage\",\"url\":\"https:\/\/varjasfutofolia.hu\/wp-content\/uploads\/2021\/11\/D792620.jpg\",\"contentUrl\":\"https:\/\/varjasfutofolia.hu\/wp-content\/uploads\/2021\/11\/D792620.jpg\",\"width\":400,\"height\":518},{\"@type\":\"BreadcrumbList\",\"@id\":\"https:\/\/varjasfutofolia.hu\/termek\/elektra-etn4-termosztat-kulteri\/#breadcrumb\",\"itemListElement\":[{\"@type\":\"ListItem\",\"position\":1,\"name\":\"Kezd\u0151lap\",\"item\":\"https:\/\/varjasfutofolia.hu\/\"},{\"@type\":\"ListItem\",\"position\":2,\"name\":\"\u00dczlet\",\"item\":\"https:\/\/varjasfutofolia.hu\/uzlet\/\"},{\"@type\":\"ListItem\",\"position\":3,\"name\":\"Elektra ETN4 termoszt\u00e1t k\u00fclt\u00e9ri\"}]},{\"@type\":\"WebSite\",\"@id\":\"https:\/\/varjasfutofolia.hu\/#website\",\"url\":\"https:\/\/varjasfutofolia.hu\/\",\"name\":\"Varjas F\u0171t\u0151f\u00f3lia\",\"description\":\"A Nap melege az \u00d6n otthon\u00e1ban\",\"potentialAction\":[{\"@type\":\"SearchAction\",\"target\":{\"@type\":\"EntryPoint\",\"urlTemplate\":\"https:\/\/varjasfutofolia.hu\/?s={search_term_string}\"},\"query-input\":{\"@type\":\"PropertyValueSpecification\",\"valueRequired\":true,\"valueName\":\"search_term_string\"}}],\"inLanguage\":\"de-DE\"}]}<\/script>\n<!-- \/ Yoast SEO plugin. -->","yoast_head_json":{"title":"Elektra ETN4 termoszt\u00e1t k\u00fclt\u00e9ri - Varjas F\u0171t\u0151f\u00f3lia","robots":{"index":"index","follow":"follow","max-snippet":"max-snippet:-1","max-image-preview":"max-image-preview:large","max-video-preview":"max-video-preview:-1"},"canonical":"https:\/\/varjasfutofolia.hu\/de\/termek\/elektra-etn4-termosztat-kulteri\/","og_locale":"de_DE","og_type":"article","og_title":"Elektra ETN4 termoszt\u00e1t k\u00fclt\u00e9ri - Varjas F\u0171t\u0151f\u00f3lia","og_description":"T\u00edpus:\u00a0Termoszt\u00e1t       Felhaszn\u00e1l\u00e1s:\u00a0K\u00fclt\u00e9ri f\u0171t\u00e9shez       Be\u00e9p\u00edt\u00e9s jellege:\u00a0Szabv\u00e1ny DIN sz\u00ednre szerelhet\u0151       Fesz\u00fclts\u00e9g:\u00a0230 V       Programozhat\u00f3: igen       Teljes\u00edtm\u00e9ny \/ Watt:\u00a03600 Watt       Teljes\u00edtm\u00e9ny \/ Amper:\u00a016 A       Leveg\u0151 \u00e9rz\u00e9kel\u0151:\u00a0nem,csak k\u00fcls\u0151 \u00e9rz\u00e9kel\u0151       K\u00fcls\u0151 \u00e9rz\u00e9kel\u0151 szonda:\u00a0igen tartoz\u00e9k 2.5 m\u00e9ter       Manu\u00e1lis termoszt\u00e1t:\u00a0nem       Digit\u00e1lis termoszt\u00e1t:\u00a0igen       Garancia:\u00a02 \u00e9v","og_url":"https:\/\/varjasfutofolia.hu\/de\/termek\/elektra-etn4-termosztat-kulteri\/","og_site_name":"Varjas F\u0171t\u0151f\u00f3lia","article_modified_time":"2025-09-28T01:10:06+00:00","twitter_card":"summary_large_image","twitter_misc":{"Gesch\u00e4tzte Lesezeit":"1\u00a0Minute"},"schema":{"@context":"https:\/\/schema.org","@graph":[{"@type":"WebPage","@id":"https:\/\/varjasfutofolia.hu\/termek\/elektra-etn4-termosztat-kulteri\/","url":"https:\/\/varjasfutofolia.hu\/termek\/elektra-etn4-termosztat-kulteri\/","name":"Elektra ETN4 termoszt\u00e1t k\u00fclt\u00e9ri - Varjas F\u0171t\u0151f\u00f3lia","isPartOf":{"@id":"https:\/\/varjasfutofolia.hu\/#website"},"primaryImageOfPage":{"@id":"https:\/\/varjasfutofolia.hu\/termek\/elektra-etn4-termosztat-kulteri\/#primaryimage"},"image":{"@id":"https:\/\/varjasfutofolia.hu\/termek\/elektra-etn4-termosztat-kulteri\/#primaryimage"},"thumbnailUrl":"https:\/\/varjasfutofolia.hu\/wp-content\/uploads\/2021\/11\/D792620.jpg","datePublished":"2024-12-01T23:02:47+00:00","dateModified":"2025-09-28T01:10:06+00:00","breadcrumb":{"@id":"https:\/\/varjasfutofolia.hu\/termek\/elektra-etn4-termosztat-kulteri\/#breadcrumb"},"inLanguage":"de-DE","potentialAction":[{"@type":"ReadAction","target":["https:\/\/varjasfutofolia.hu\/termek\/elektra-etn4-termosztat-kulteri\/"]}]},{"@type":"ImageObject","inLanguage":"de-DE","@id":"https:\/\/varjasfutofolia.hu\/termek\/elektra-etn4-termosztat-kulteri\/#primaryimage","url":"https:\/\/varjasfutofolia.hu\/wp-content\/uploads\/2021\/11\/D792620.jpg","contentUrl":"https:\/\/varjasfutofolia.hu\/wp-content\/uploads\/2021\/11\/D792620.jpg","width":400,"height":518},{"@type":"BreadcrumbList","@id":"https:\/\/varjasfutofolia.hu\/termek\/elektra-etn4-termosztat-kulteri\/#breadcrumb","itemListElement":[{"@type":"ListItem","position":1,"name":"Kezd\u0151lap","item":"https:\/\/varjasfutofolia.hu\/"},{"@type":"ListItem","position":2,"name":"\u00dczlet","item":"https:\/\/varjasfutofolia.hu\/uzlet\/"},{"@type":"ListItem","position":3,"name":"Elektra ETN4 termoszt\u00e1t k\u00fclt\u00e9ri"}]},{"@type":"WebSite","@id":"https:\/\/varjasfutofolia.hu\/#website","url":"https:\/\/varjasfutofolia.hu\/","name":"Varjas F\u0171t\u0151f\u00f3lia","description":"A Nap melege az \u00d6n otthon\u00e1ban","potentialAction":[{"@type":"SearchAction","target":{"@type":"EntryPoint","urlTemplate":"https:\/\/varjasfutofolia.hu\/?s={search_term_string}"},"query-input":{"@type":"PropertyValueSpecification","valueRequired":true,"valueName":"search_term_string"}}],"inLanguage":"de-DE"}]}},"_links":{"self":[{"href":"https:\/\/varjasfutofolia.hu\/de\/wp-json\/wp\/v2\/product\/9931808","targetHints":{"allow":["GET"]}}],"collection":[{"href":"https:\/\/varjasfutofolia.hu\/de\/wp-json\/wp\/v2\/product"}],"about":[{"href":"https:\/\/varjasfutofolia.hu\/de\/wp-json\/wp\/v2\/types\/product"}],"replies":[{"embeddable":true,"href":"https:\/\/varjasfutofolia.hu\/de\/wp-json\/wp\/v2\/comments?post=9931808"}],"wp:featuredmedia":[{"embeddable":true,"href":"https:\/\/varjasfutofolia.hu\/de\/wp-json\/wp\/v2\/media\/9921179"}],"wp:attachment":[{"href":"https:\/\/varjasfutofolia.hu\/de\/wp-json\/wp\/v2\/media?parent=9931808"}],"wp:term":[{"taxonomy":"product_brand","embeddable":true,"href":"https:\/\/varjasfutofolia.hu\/de\/wp-json\/wp\/v2\/product_brand?post=9931808"},{"taxonomy":"product_cat","embeddable":true,"href":"https:\/\/varjasfutofolia.hu\/de\/wp-json\/wp\/v2\/product_cat?post=9931808"},{"taxonomy":"product_tag","embeddable":true,"href":"https:\/\/varjasfutofolia.hu\/de\/wp-json\/wp\/v2\/product_tag?post=9931808"}],"curies":[{"name":"wp","href":"https:\/\/api.w.org\/{rel}","templated":true}]}}