{"id":9931746,"date":"2024-12-02T00:02:33","date_gmt":"2024-12-01T23:02:33","guid":{"rendered":"https:\/\/varjasfutofolia.hu\/?post_type=product&#038;p=9931746"},"modified":"2024-12-02T00:02:36","modified_gmt":"2024-12-01T23:02:36","slug":"futofolia-futofilm-3-m-220-w-m2-30-cm-szeles","status":"publish","type":"product","link":"https:\/\/varjasfutofolia.hu\/de\/termek\/futofolia-futofilm-3-m-220-w-m2-30-cm-szeles\/","title":{"rendered":"F\u0171t\u0151f\u00f3lia, f\u0171t\u0151film 3 m 220 w\/m2 (30 cm sz\u00e9les)"},"content":{"rendered":"<h1>Pal\u00e1nta f\u0171t\u00e9s, pad f\u0171t\u00e9s<\/h1>\n<p>f\u0171t\u0151f\u00f3lia 40w\/m\u00e9ter 220-240 volt<br \/>\n30 cm sz\u00e9les,25 centink\u00e9nt v\u00e1ghat\u00f3 fel\u00fcleti h\u0151m\u00e9rs\u00e9klet max 44 celsius.<\/p>\n<p>Kifejezetten tervezett keskeny modell.<\/p>\n<p>Kert\u00e9szetek, templom padok, lok\u00e1lis ter\u00fcletek f\u0171t\u00e9s\u00e9re 2200 watt \/ m2 teljes\u00edtm\u00e9nnyel.<\/p>\n<p>Teljes \u00e9rt\u00e9k\u0171 f\u0171t\u00e9sk\u00e9nt is haszn\u00e1lhat\u00f3.<\/p>\n<p>Termoszt\u00e1ttal a h\u0151fok ar\u00e1nyosan szab\u00e1lyozhat\u00f3.<\/p>\n<p>Magyarorsz\u00e1gon f\u0151leg <a href=\"https:\/\/www.futofolia.hu\/palanta-futes\/\">pal\u00e1nta f\u0171t\u00e9sre<\/a>, templomi padf\u0171t\u00e9sre haszn\u00e1lj\u00e1k 25 cm sz\u00e9less\u00e9gben.<\/p>\n<table border=\"3\" align=\"center\">\n<tbody>\n<tr>\n<td><strong>Teljes\u00edtm\u00e9ny<\/strong>:<\/td>\n<td>67 W\/m\u00e9ter 220W\/m2<\/td>\n<\/tr>\n<tr>\n<td><strong>Sz\u00e9less\u00e9g:<\/strong><\/td>\n<td>30 centim\u00e9ter<\/td>\n<\/tr>\n<tr>\n<td><strong>Vastags\u00e1g:<\/strong><\/td>\n<td>388 micron (0,38 mm)<\/td>\n<\/tr>\n<tr>\n<td><strong>F\u0171t\u0151sz\u00e1lak szigetel\u00e9se:<\/strong><\/td>\n<td>dupla szigetel\u00e9s<\/td>\n<\/tr>\n<tr>\n<td><strong>\u00dczemi H\u0151m\u00e9rs\u00e9klet:<br \/>\n<\/strong><\/td>\n<td>44 Celsius, termoszt\u00e1t be\u00e9p\u00edt\u00e9se k\u00f6telez\u0151<\/td>\n<\/tr>\n<tr>\n<td><strong>K\u00fcls\u0151 burkolatszigetel\u00e9s:<\/strong><\/td>\n<td>PET<\/td>\n<\/tr>\n<tr>\n<td><strong>Vez\u00e9rl\u00e9s:<\/strong><\/td>\n<td>padl\u00f3\u00e9rz\u00e9kel\u0151s termoszt\u00e1ttal<\/p>\n<p>Term\u00e9k j\u00f3t\u00e1ll\u00e1s id\u0151 10 \u00e9v<\/td>\n<\/tr>\n<tr>\n<td><strong>Felhaszn\u00e1l\u00e1si ter\u00fclet:<\/strong><\/td>\n<td>Mennyezet, oldalfal, padf\u0171t\u00e9s<\/td>\n<\/tr>\n<\/tbody>\n<\/table>\n<p>&nbsp;<\/p>\n<p>&nbsp;<\/p>\n<p>Felh\u00edvjuk a figyelm\u00fcket hogy,elektromos term\u00e9keinket.<br \/>\nKiz\u00e1r\u00f3lag a megfelel\u0151 k\u00e9pes\u00edt\u00e9ssel rendelkez\u0151 regisztr\u00e1lt szem\u00e9ly vagy c\u00e9g helyezhet \u00fczembe.<br \/>\nAz \u00e9rint\u00e9sv\u00e9delmi fel\u00fclvizsg\u00e1lat \u00e9s jegyz\u0151k\u00f6nyv a vev\u0151t terheli,melyet a szerel\u0151 minden esetben ki kell \u00e1ll\u00edtson .<br \/>\nTerm\u00e9keinkhez t\u00edpusmegfelel\u0151 <a href=\"https:\/\/www.futofolia.hu\/termosztat\/\">termoszt\u00e1t<\/a> bek\u00f6t\u00e9se k\u00f6telez\u0151!<br \/>\nA nem megfelel\u0151 telep\u00edt\u00e9sb\u0151l sz\u00e1rmazo anyagi \u00e9s nem vagyi k\u00e1rok\u00e9rt felel\u0151ss\u00e9get nem v\u00e1llalunk!<\/p>\n<p>\u00c1raink Brutt\u00f3 \u00e1rak \u00e9s tartalmazz\u00e1k az \u00e1ltal\u00e1nos forgalmi ad\u00f3t<\/p>\n<p>A term\u00e9k k\u00e9p csak illusztr\u00e1ci\u00f3.<\/p>\n<p>Nem alap tartoz\u00e9k a csatlakoz\u00f3 \u00e9s a vezet\u00e9k, de a be\u00e9p\u00edt\u00e9snek k\u00f6telez\u0151 r\u00e9sze.<\/p>\n<p>&nbsp;<\/p>\n<p>1 f\u00f3lia \u00f6sszeszerz\u00e9s\u00e9hez sz\u00fcks\u00e9ges anyagok pluszban:<\/p>\n<ul>\n<li><a href=\"https:\/\/www.futofolia.hu\/termek\/bitumenes-ragaszto\/\">Bitumenes ragaszt\u00f3<\/a> : 1,3 m<\/li>\n<li><a href=\"https:\/\/www.futofolia.hu\/termek\/csatlakozo-2\/\">csatlakoz\u00f3<\/a> : 2 db<\/li>\n<li>minimum 2&#215;0,75 vezet\u00e9k : a f\u00f3lia sz\u00e9l\u00e9t\u0151l a k\u00f6t\u0151dobozig<\/li>\n<\/ul>\n","protected":false},"excerpt":{"rendered":"<p>nett\u00f3 2\u00a0487,5 Ft\/m. (nett\u00f3 9 950 Ft\/m2)<\/p>\n<h2>Felhaszn\u00e1l\u00e1s:\u00a0<strong>Pal\u00e1nta f\u0171t\u00e9s<\/strong><\/h2>\n<p>Sz\u00e9less\u00e9g: 30 cm<br \/>\nMinim\u00e1lis rendel\u00e9si mennyis\u00e9g: 25 cm<br \/>\nTeljes\u00edtm\u00e9ny \/ foly\u00f3m\u00e9ter: 67 Watt<br \/>\nTeljes\u00edtm\u00e9ny \/m2: 220 Watt<br \/>\n\u00dczemi h\u0151m\u00e9rs\u00e9klet: 44 C\u00b0<br \/>\nFesz\u00fclts\u00e9g: 230 V<br \/>\nGarancia: 10 \u00e9v<br \/>\nVez\u00e9rl\u00e9s:\u00a0Termoszt\u00e1t padl\u00f3\u00e9rz\u00e9kel\u0151vel<\/p>\n","protected":false},"featured_media":9921495,"comment_status":"open","ping_status":"closed","template":"","meta":{"_et_pb_use_builder":"","_et_pb_old_content":"","_et_gb_content_width":""},"product_brand":[],"product_cat":[106],"product_tag":[90,91,92],"class_list":{"0":"post-9931746","1":"product","2":"type-product","3":"status-publish","4":"has-post-thumbnail","6":"product_cat-futofilm-futofolia","7":"product_tag-futofilm","8":"product_tag-futofolia","9":"product_tag-palanta-futes","11":"first","12":"instock","13":"taxable","14":"shipping-taxable","15":"purchasable","16":"product-type-simple"},"yoast_head":"<!-- This site is optimized with the Yoast SEO plugin v26.0 - https:\/\/yoast.com\/wordpress\/plugins\/seo\/ -->\n<title>F\u0171t\u0151f\u00f3lia, f\u0171t\u0151film 3 m 220 w\/m2 (30 cm sz\u00e9les) - Varjas F\u0171t\u0151f\u00f3lia<\/title>\n<meta name=\"robots\" content=\"index, follow, max-snippet:-1, max-image-preview:large, max-video-preview:-1\" \/>\n<link rel=\"canonical\" href=\"https:\/\/varjasfutofolia.hu\/de\/termek\/futofolia-futofilm-3-m-220-w-m2-30-cm-szeles\/\" \/>\n<meta property=\"og:locale\" content=\"de_DE\" \/>\n<meta property=\"og:locale:alternate\" content=\"en_US\" \/>\n<meta property=\"og:locale:alternate\" content=\"hu_HU\" \/>\n<meta property=\"og:type\" content=\"article\" \/>\n<meta property=\"og:title\" content=\"F\u0171t\u0151f\u00f3lia, f\u0171t\u0151film 3 m 220 w\/m2 (30 cm sz\u00e9les) - Varjas F\u0171t\u0151f\u00f3lia\" \/>\n<meta property=\"og:description\" content=\"nett\u00f3 2\u00a0487,5 Ft\/m. (nett\u00f3 9 950 Ft\/m2) Felhaszn\u00e1l\u00e1s:\u00a0Pal\u00e1nta f\u0171t\u00e9s Sz\u00e9less\u00e9g: 30 cm Minim\u00e1lis rendel\u00e9si mennyis\u00e9g: 25 cm Teljes\u00edtm\u00e9ny \/ foly\u00f3m\u00e9ter: 67 Watt Teljes\u00edtm\u00e9ny \/m2: 220 Watt \u00dczemi h\u0151m\u00e9rs\u00e9klet: 44 C\u00b0 Fesz\u00fclts\u00e9g: 230 V Garancia: 10 \u00e9v Vez\u00e9rl\u00e9s:\u00a0Termoszt\u00e1t padl\u00f3\u00e9rz\u00e9kel\u0151vel\" \/>\n<meta property=\"og:url\" content=\"https:\/\/varjasfutofolia.hu\/de\/termek\/futofolia-futofilm-3-m-220-w-m2-30-cm-szeles\/\" \/>\n<meta property=\"og:site_name\" content=\"Varjas F\u0171t\u0151f\u00f3lia\" \/>\n<meta property=\"article:modified_time\" content=\"2024-12-01T23:02:36+00:00\" \/>\n<meta name=\"twitter:card\" content=\"summary_large_image\" \/>\n<meta name=\"twitter:label1\" content=\"Gesch\u00e4tzte Lesezeit\" \/>\n\t<meta name=\"twitter:data1\" content=\"2\u00a0Minuten\" \/>\n<script type=\"application\/ld+json\" class=\"yoast-schema-graph\">{\"@context\":\"https:\/\/schema.org\",\"@graph\":[{\"@type\":\"WebPage\",\"@id\":\"https:\/\/varjasfutofolia.hu\/termek\/futofolia-futofilm-3-m-220-w-m2-30-cm-szeles\/\",\"url\":\"https:\/\/varjasfutofolia.hu\/termek\/futofolia-futofilm-3-m-220-w-m2-30-cm-szeles\/\",\"name\":\"F\u0171t\u0151f\u00f3lia, f\u0171t\u0151film 3 m 220 w\/m2 (30 cm sz\u00e9les) - Varjas F\u0171t\u0151f\u00f3lia\",\"isPartOf\":{\"@id\":\"https:\/\/varjasfutofolia.hu\/#website\"},\"primaryImageOfPage\":{\"@id\":\"https:\/\/varjasfutofolia.hu\/termek\/futofolia-futofilm-3-m-220-w-m2-30-cm-szeles\/#primaryimage\"},\"image\":{\"@id\":\"https:\/\/varjasfutofolia.hu\/termek\/futofolia-futofilm-3-m-220-w-m2-30-cm-szeles\/#primaryimage\"},\"thumbnailUrl\":\"https:\/\/varjasfutofolia.hu\/wp-content\/uploads\/2021\/11\/palanta_futes-1.png\",\"datePublished\":\"2024-12-01T23:02:33+00:00\",\"dateModified\":\"2024-12-01T23:02:36+00:00\",\"breadcrumb\":{\"@id\":\"https:\/\/varjasfutofolia.hu\/termek\/futofolia-futofilm-3-m-220-w-m2-30-cm-szeles\/#breadcrumb\"},\"inLanguage\":\"de-DE\",\"potentialAction\":[{\"@type\":\"ReadAction\",\"target\":[\"https:\/\/varjasfutofolia.hu\/termek\/futofolia-futofilm-3-m-220-w-m2-30-cm-szeles\/\"]}]},{\"@type\":\"ImageObject\",\"inLanguage\":\"de-DE\",\"@id\":\"https:\/\/varjasfutofolia.hu\/termek\/futofolia-futofilm-3-m-220-w-m2-30-cm-szeles\/#primaryimage\",\"url\":\"https:\/\/varjasfutofolia.hu\/wp-content\/uploads\/2021\/11\/palanta_futes-1.png\",\"contentUrl\":\"https:\/\/varjasfutofolia.hu\/wp-content\/uploads\/2021\/11\/palanta_futes-1.png\",\"width\":552,\"height\":373},{\"@type\":\"BreadcrumbList\",\"@id\":\"https:\/\/varjasfutofolia.hu\/termek\/futofolia-futofilm-3-m-220-w-m2-30-cm-szeles\/#breadcrumb\",\"itemListElement\":[{\"@type\":\"ListItem\",\"position\":1,\"name\":\"Kezd\u0151lap\",\"item\":\"https:\/\/varjasfutofolia.hu\/\"},{\"@type\":\"ListItem\",\"position\":2,\"name\":\"\u00dczlet\",\"item\":\"https:\/\/varjasfutofolia.hu\/uzlet\/\"},{\"@type\":\"ListItem\",\"position\":3,\"name\":\"F\u0171t\u0151f\u00f3lia, f\u0171t\u0151film 3 m 220 w\/m2 (30 cm sz\u00e9les)\"}]},{\"@type\":\"WebSite\",\"@id\":\"https:\/\/varjasfutofolia.hu\/#website\",\"url\":\"https:\/\/varjasfutofolia.hu\/\",\"name\":\"Varjas F\u0171t\u0151f\u00f3lia\",\"description\":\"A Nap melege az \u00d6n otthon\u00e1ban\",\"potentialAction\":[{\"@type\":\"SearchAction\",\"target\":{\"@type\":\"EntryPoint\",\"urlTemplate\":\"https:\/\/varjasfutofolia.hu\/?s={search_term_string}\"},\"query-input\":{\"@type\":\"PropertyValueSpecification\",\"valueRequired\":true,\"valueName\":\"search_term_string\"}}],\"inLanguage\":\"de-DE\"}]}<\/script>\n<!-- \/ Yoast SEO plugin. -->","yoast_head_json":{"title":"F\u0171t\u0151f\u00f3lia, f\u0171t\u0151film 3 m 220 w\/m2 (30 cm sz\u00e9les) - Varjas F\u0171t\u0151f\u00f3lia","robots":{"index":"index","follow":"follow","max-snippet":"max-snippet:-1","max-image-preview":"max-image-preview:large","max-video-preview":"max-video-preview:-1"},"canonical":"https:\/\/varjasfutofolia.hu\/de\/termek\/futofolia-futofilm-3-m-220-w-m2-30-cm-szeles\/","og_locale":"de_DE","og_type":"article","og_title":"F\u0171t\u0151f\u00f3lia, f\u0171t\u0151film 3 m 220 w\/m2 (30 cm sz\u00e9les) - Varjas F\u0171t\u0151f\u00f3lia","og_description":"nett\u00f3 2\u00a0487,5 Ft\/m. (nett\u00f3 9 950 Ft\/m2) Felhaszn\u00e1l\u00e1s:\u00a0Pal\u00e1nta f\u0171t\u00e9s Sz\u00e9less\u00e9g: 30 cm Minim\u00e1lis rendel\u00e9si mennyis\u00e9g: 25 cm Teljes\u00edtm\u00e9ny \/ foly\u00f3m\u00e9ter: 67 Watt Teljes\u00edtm\u00e9ny \/m2: 220 Watt \u00dczemi h\u0151m\u00e9rs\u00e9klet: 44 C\u00b0 Fesz\u00fclts\u00e9g: 230 V Garancia: 10 \u00e9v Vez\u00e9rl\u00e9s:\u00a0Termoszt\u00e1t padl\u00f3\u00e9rz\u00e9kel\u0151vel","og_url":"https:\/\/varjasfutofolia.hu\/de\/termek\/futofolia-futofilm-3-m-220-w-m2-30-cm-szeles\/","og_site_name":"Varjas F\u0171t\u0151f\u00f3lia","article_modified_time":"2024-12-01T23:02:36+00:00","twitter_card":"summary_large_image","twitter_misc":{"Gesch\u00e4tzte Lesezeit":"2\u00a0Minuten"},"schema":{"@context":"https:\/\/schema.org","@graph":[{"@type":"WebPage","@id":"https:\/\/varjasfutofolia.hu\/termek\/futofolia-futofilm-3-m-220-w-m2-30-cm-szeles\/","url":"https:\/\/varjasfutofolia.hu\/termek\/futofolia-futofilm-3-m-220-w-m2-30-cm-szeles\/","name":"F\u0171t\u0151f\u00f3lia, f\u0171t\u0151film 3 m 220 w\/m2 (30 cm sz\u00e9les) - Varjas F\u0171t\u0151f\u00f3lia","isPartOf":{"@id":"https:\/\/varjasfutofolia.hu\/#website"},"primaryImageOfPage":{"@id":"https:\/\/varjasfutofolia.hu\/termek\/futofolia-futofilm-3-m-220-w-m2-30-cm-szeles\/#primaryimage"},"image":{"@id":"https:\/\/varjasfutofolia.hu\/termek\/futofolia-futofilm-3-m-220-w-m2-30-cm-szeles\/#primaryimage"},"thumbnailUrl":"https:\/\/varjasfutofolia.hu\/wp-content\/uploads\/2021\/11\/palanta_futes-1.png","datePublished":"2024-12-01T23:02:33+00:00","dateModified":"2024-12-01T23:02:36+00:00","breadcrumb":{"@id":"https:\/\/varjasfutofolia.hu\/termek\/futofolia-futofilm-3-m-220-w-m2-30-cm-szeles\/#breadcrumb"},"inLanguage":"de-DE","potentialAction":[{"@type":"ReadAction","target":["https:\/\/varjasfutofolia.hu\/termek\/futofolia-futofilm-3-m-220-w-m2-30-cm-szeles\/"]}]},{"@type":"ImageObject","inLanguage":"de-DE","@id":"https:\/\/varjasfutofolia.hu\/termek\/futofolia-futofilm-3-m-220-w-m2-30-cm-szeles\/#primaryimage","url":"https:\/\/varjasfutofolia.hu\/wp-content\/uploads\/2021\/11\/palanta_futes-1.png","contentUrl":"https:\/\/varjasfutofolia.hu\/wp-content\/uploads\/2021\/11\/palanta_futes-1.png","width":552,"height":373},{"@type":"BreadcrumbList","@id":"https:\/\/varjasfutofolia.hu\/termek\/futofolia-futofilm-3-m-220-w-m2-30-cm-szeles\/#breadcrumb","itemListElement":[{"@type":"ListItem","position":1,"name":"Kezd\u0151lap","item":"https:\/\/varjasfutofolia.hu\/"},{"@type":"ListItem","position":2,"name":"\u00dczlet","item":"https:\/\/varjasfutofolia.hu\/uzlet\/"},{"@type":"ListItem","position":3,"name":"F\u0171t\u0151f\u00f3lia, f\u0171t\u0151film 3 m 220 w\/m2 (30 cm sz\u00e9les)"}]},{"@type":"WebSite","@id":"https:\/\/varjasfutofolia.hu\/#website","url":"https:\/\/varjasfutofolia.hu\/","name":"Varjas F\u0171t\u0151f\u00f3lia","description":"A Nap melege az \u00d6n otthon\u00e1ban","potentialAction":[{"@type":"SearchAction","target":{"@type":"EntryPoint","urlTemplate":"https:\/\/varjasfutofolia.hu\/?s={search_term_string}"},"query-input":{"@type":"PropertyValueSpecification","valueRequired":true,"valueName":"search_term_string"}}],"inLanguage":"de-DE"}]}},"_links":{"self":[{"href":"https:\/\/varjasfutofolia.hu\/de\/wp-json\/wp\/v2\/product\/9931746","targetHints":{"allow":["GET"]}}],"collection":[{"href":"https:\/\/varjasfutofolia.hu\/de\/wp-json\/wp\/v2\/product"}],"about":[{"href":"https:\/\/varjasfutofolia.hu\/de\/wp-json\/wp\/v2\/types\/product"}],"replies":[{"embeddable":true,"href":"https:\/\/varjasfutofolia.hu\/de\/wp-json\/wp\/v2\/comments?post=9931746"}],"wp:featuredmedia":[{"embeddable":true,"href":"https:\/\/varjasfutofolia.hu\/de\/wp-json\/wp\/v2\/media\/9921495"}],"wp:attachment":[{"href":"https:\/\/varjasfutofolia.hu\/de\/wp-json\/wp\/v2\/media?parent=9931746"}],"wp:term":[{"taxonomy":"product_brand","embeddable":true,"href":"https:\/\/varjasfutofolia.hu\/de\/wp-json\/wp\/v2\/product_brand?post=9931746"},{"taxonomy":"product_cat","embeddable":true,"href":"https:\/\/varjasfutofolia.hu\/de\/wp-json\/wp\/v2\/product_cat?post=9931746"},{"taxonomy":"product_tag","embeddable":true,"href":"https:\/\/varjasfutofolia.hu\/de\/wp-json\/wp\/v2\/product_tag?post=9931746"}],"curies":[{"name":"wp","href":"https:\/\/api.w.org\/{rel}","templated":true}]}}