{"id":9931734,"date":"2024-12-02T00:02:32","date_gmt":"2024-12-01T23:02:32","guid":{"rendered":"https:\/\/varjasfutofolia.hu\/?post_type=product&#038;p=9931734"},"modified":"2024-12-02T00:02:35","modified_gmt":"2024-12-01T23:02:35","slug":"computherm-t70-programozhato-szobatermosztat","status":"publish","type":"product","link":"https:\/\/varjasfutofolia.hu\/de\/termek\/computherm-t70-programozhato-szobatermosztat\/","title":{"rendered":"Computherm T70 programozhat\u00f3 szobatermoszt\u00e1t"},"content":{"rendered":"<div>COMPUTHERM T70 Programozhat\u00f3 szobatermoszt\u00e1t<\/div>\n<div>A COMPUTHERM T70 szobater\u00admoszt\u00e1t a Magyarorsz\u00e1gon forgalomban l\u00e9v\u0151 kaz\u00e1nok \u00e9s kl\u00edmaberendez\u00e9sek t\u00falnyom\u00f3 t\u00f6bbs\u00e9g\u00e9nek sza\u00adb\u00e1lyoz\u00e1s\u00e1ra alkalmas. Egyszer\u0171en csatlakoztathat\u00f3 b\u00e1rmely, k\u00e9tvezet\u00e9kes szobatermoszt\u00e1t csatlakoz\u00e1si ponttal rendelkez\u0151 g\u00e1zkaz\u00e1nhoz, tov\u00e1bb\u00e1 tetsz\u0151leges kl\u00edmaberendez\u00e9shez vagy egy\u00e9b elektromos k\u00e9sz\u00fc\u00adl\u00e9khez f\u00fcggetlen\u00fcl att\u00f3l, hogy azok 24 V-os vagy 230 V-os vez\u00e9rl\u0151\u00e1ramk\u00f6rrel rendelkeznek. Egyszer\u0171en programozhat\u00f3 vezet\u00e9kes szobatermoszt\u00e1t. Nagym\u00e9ret\u0171 digit\u00e1lis kijelz\u0151je \u00e9s \u00e9rint\u0151gombjai seg\u00edts\u00e9g\u00e9vel a h\u00e9t minden napj\u00e1ra k\u00fcl\u00f6n-k\u00fcl\u00f6n, egym\u00e1st\u00f3l f\u00fcggetlen\u00fcl, \u00f3r\u00e1nk\u00e9nti program \u00e1ll\u00edthat\u00f3 be. Pontosabb h\u0151m\u00e9rs\u00e9klet-m\u00e9r\u00e9st \u00e9s h\u0151fokbe\u00e1ll\u00edt\u00e1st biztos\u00edt, mint a mechanikus termoszt\u00e1tok, valamint lehet\u0151s\u00e9get ny\u00fajt a f\u0171t\u00e9s \u00e9s h\u0171t\u00e9s \u00fczemm\u00f3dok k\u00f6zti v\u00e1lt\u00e1sra, h\u0151\u00e9rz\u00e9kel\u0151j\u00e9nek kalibr\u00e1l\u00e1s\u00e1ra \u00e9s a kezel\u0151gombok lez\u00e1r\u00e1s\u00e1ra is. El\u0151re be\u00e1ll\u00edthat\u00f3 egy komfort, egy takar\u00e9k \u00e9s egy t\u00e1voll\u00e9ti h\u0151fok.<\/div>\n<div><\/div>\n<div>Olyan helyre aj\u00e1nljuk, ahol sz\u00fcks\u00e9ges a k\u00e9sz\u00fcl\u00e9k programozhat\u00f3s\u00e1ga, fontos a k\u00f6nny\u0171 kezelhet\u0151s\u00e9g, a pontos h\u0151m\u00e9rs\u00e9klet-m\u00e9r\u00e9s \u00e9s h\u0151fokbe\u00e1ll\u00edt\u00e1s valamint a kapcsol\u00e1si pontoss\u00e1g.<\/div>\n<div><\/div>\n<div>Fontosabb funkci\u00f3k:<\/div>\n<div>\n<ul>\n<li>Programozhat\u00f3<\/li>\n<li>Nagym\u00e9ret\u0171 digit\u00e1lis kijelz\u0151<\/li>\n<li>K\u00f6nny\u0171 kezelhet\u0151s\u00e9g<\/li>\n<li>H\u0151m\u00e9r\u0151 kalibr\u00e1l\u00e1si lehet\u0151s\u00e9g<\/li>\n<li>H\u0171t\u00e9s\/f\u0171t\u00e9s \u00fczemm\u00f3dok k\u00f6z\u00f6tti egyszer\u0171 v\u00e1lt\u00e1s<\/li>\n<li>Tartoz\u00e9k: elem<\/li>\n<li>5 \u00e9v garancia!<\/li>\n<\/ul>\n<\/div>\n<div>M\u0171szaki adatok:<\/div>\n<div>\n<ul>\n<li>H\u0151m\u00e9rs\u00e9klet m\u00e9r\u00e9si tartom\u00e1ny: -9,9 \u00b0C \u2013 +50 \u00b0C (0,1 \u00b0C-os l\u00e9p\u00e9sekben)<\/li>\n<li>Be\u00e1ll\u00edthat\u00f3 h\u0151m\u00e9rs\u00e9klet tartom\u00e1ny: +5 \u00b0C \u2013 +30 \u00b0C (0,5 \u00b0C-os l\u00e9p\u00e9sekben)<\/li>\n<li>H\u0151m\u00e9rs\u00e9klet m\u00e9r\u00e9si pontoss\u00e1g: \u00b10,5 \u00b0C<\/li>\n<li>H\u0151m\u00e9rs\u00e9klet kalibr\u00e1l\u00e1si tartom\u00e1ny: \u00b18,0 \u00b0C (0,5 \u00b0C-os l\u00e9p\u00e9sekben)<\/li>\n<li>Kapcsol\u00e1si \u00e9rz\u00e9kenys\u00e9g: \u00b10,2 \u00b0C<\/li>\n<li>Telepfesz\u00fclts\u00e9g: 2 x 1,5 V AAA ALK\u00c1LI elem (LR03) (gy\u00e1ri tartoz\u00e9k)<\/li>\n<li>Kapcsolhat\u00f3 fesz\u00fclts\u00e9g: max. 30 V DC \/ 250 V AC<\/li>\n<li>Kapcsolhat\u00f3 \u00e1ramer\u0151ss\u00e9g: 8 A (2 A indukt\u00edv terhel\u00e9s)<\/li>\n<\/ul>\n<\/div>\n","protected":false},"excerpt":{"rendered":"<h6 class=\"description\">Computherm T70 programozhat\u00f3 szobatermoszt\u00e1t<\/h6>\n<ul>\n<li class=\"description\">5 \u00e9v garancia<\/li>\n<li>\u00c9rint\u0151k\u00e9perny\u0151<\/li>\n<li>Programozhat\u00f3<\/li>\n<li>Elem tartoz\u00e9k<\/li>\n<li>H\u0171t\u00e9s\/f\u0171t\u00e9s \u00fczemm\u00f3dok k\u00f6z\u00f6tti egyszer\u0171 v\u00e1lt\u00e1s<\/li>\n<\/ul>\n","protected":false},"featured_media":9922488,"comment_status":"open","ping_status":"closed","template":"","meta":{"_et_pb_use_builder":"","_et_pb_old_content":"","_et_gb_content_width":""},"product_brand":[],"product_cat":[104],"product_tag":[105,107,108,37],"class_list":{"0":"post-9931734","1":"product","2":"type-product","3":"status-publish","4":"has-post-thumbnail","6":"product_cat-computherm","7":"product_tag-computherm","8":"product_tag-digitalis","9":"product_tag-szobatermosztat","10":"product_tag-termosztat","12":"first","13":"outofstock","14":"taxable","15":"shipping-taxable","16":"purchasable","17":"product-type-simple"},"yoast_head":"<!-- This site is optimized with the Yoast SEO plugin v26.0 - https:\/\/yoast.com\/wordpress\/plugins\/seo\/ -->\n<title>Computherm T70 programozhat\u00f3 szobatermoszt\u00e1t - Varjas F\u0171t\u0151f\u00f3lia<\/title>\n<meta name=\"robots\" content=\"index, follow, max-snippet:-1, max-image-preview:large, max-video-preview:-1\" \/>\n<link rel=\"canonical\" href=\"https:\/\/varjasfutofolia.hu\/de\/termek\/computherm-t70-programozhato-szobatermosztat\/\" \/>\n<meta property=\"og:locale\" content=\"de_DE\" \/>\n<meta property=\"og:locale:alternate\" content=\"en_US\" \/>\n<meta property=\"og:locale:alternate\" content=\"hu_HU\" \/>\n<meta property=\"og:type\" content=\"article\" \/>\n<meta property=\"og:title\" content=\"Computherm T70 programozhat\u00f3 szobatermoszt\u00e1t - Varjas F\u0171t\u0151f\u00f3lia\" \/>\n<meta property=\"og:description\" content=\"Computherm T70 programozhat\u00f3 szobatermoszt\u00e1t   5 \u00e9v garancia  \u00c9rint\u0151k\u00e9perny\u0151  Programozhat\u00f3  Elem tartoz\u00e9k  H\u0171t\u00e9s\/f\u0171t\u00e9s \u00fczemm\u00f3dok k\u00f6z\u00f6tti egyszer\u0171 v\u00e1lt\u00e1s\" \/>\n<meta property=\"og:url\" content=\"https:\/\/varjasfutofolia.hu\/de\/termek\/computherm-t70-programozhato-szobatermosztat\/\" \/>\n<meta property=\"og:site_name\" content=\"Varjas F\u0171t\u0151f\u00f3lia\" \/>\n<meta property=\"article:modified_time\" content=\"2024-12-01T23:02:35+00:00\" \/>\n<meta name=\"twitter:card\" content=\"summary_large_image\" \/>\n<meta name=\"twitter:label1\" content=\"Gesch\u00e4tzte Lesezeit\" \/>\n\t<meta name=\"twitter:data1\" content=\"2\u00a0Minuten\" \/>\n<script type=\"application\/ld+json\" class=\"yoast-schema-graph\">{\"@context\":\"https:\/\/schema.org\",\"@graph\":[{\"@type\":\"WebPage\",\"@id\":\"https:\/\/varjasfutofolia.hu\/termek\/computherm-t70-programozhato-szobatermosztat\/\",\"url\":\"https:\/\/varjasfutofolia.hu\/termek\/computherm-t70-programozhato-szobatermosztat\/\",\"name\":\"Computherm T70 programozhat\u00f3 szobatermoszt\u00e1t - Varjas F\u0171t\u0151f\u00f3lia\",\"isPartOf\":{\"@id\":\"https:\/\/varjasfutofolia.hu\/#website\"},\"primaryImageOfPage\":{\"@id\":\"https:\/\/varjasfutofolia.hu\/termek\/computherm-t70-programozhato-szobatermosztat\/#primaryimage\"},\"image\":{\"@id\":\"https:\/\/varjasfutofolia.hu\/termek\/computherm-t70-programozhato-szobatermosztat\/#primaryimage\"},\"thumbnailUrl\":\"https:\/\/varjasfutofolia.hu\/wp-content\/uploads\/2022\/02\/Computherm_T70_szobatermosztat.png\",\"datePublished\":\"2024-12-01T23:02:32+00:00\",\"dateModified\":\"2024-12-01T23:02:35+00:00\",\"breadcrumb\":{\"@id\":\"https:\/\/varjasfutofolia.hu\/termek\/computherm-t70-programozhato-szobatermosztat\/#breadcrumb\"},\"inLanguage\":\"de-DE\",\"potentialAction\":[{\"@type\":\"ReadAction\",\"target\":[\"https:\/\/varjasfutofolia.hu\/termek\/computherm-t70-programozhato-szobatermosztat\/\"]}]},{\"@type\":\"ImageObject\",\"inLanguage\":\"de-DE\",\"@id\":\"https:\/\/varjasfutofolia.hu\/termek\/computherm-t70-programozhato-szobatermosztat\/#primaryimage\",\"url\":\"https:\/\/varjasfutofolia.hu\/wp-content\/uploads\/2022\/02\/Computherm_T70_szobatermosztat.png\",\"contentUrl\":\"https:\/\/varjasfutofolia.hu\/wp-content\/uploads\/2022\/02\/Computherm_T70_szobatermosztat.png\",\"width\":582,\"height\":382},{\"@type\":\"BreadcrumbList\",\"@id\":\"https:\/\/varjasfutofolia.hu\/termek\/computherm-t70-programozhato-szobatermosztat\/#breadcrumb\",\"itemListElement\":[{\"@type\":\"ListItem\",\"position\":1,\"name\":\"Kezd\u0151lap\",\"item\":\"https:\/\/varjasfutofolia.hu\/\"},{\"@type\":\"ListItem\",\"position\":2,\"name\":\"\u00dczlet\",\"item\":\"https:\/\/varjasfutofolia.hu\/uzlet\/\"},{\"@type\":\"ListItem\",\"position\":3,\"name\":\"Computherm T70 programozhat\u00f3 szobatermoszt\u00e1t\"}]},{\"@type\":\"WebSite\",\"@id\":\"https:\/\/varjasfutofolia.hu\/#website\",\"url\":\"https:\/\/varjasfutofolia.hu\/\",\"name\":\"Varjas F\u0171t\u0151f\u00f3lia\",\"description\":\"A Nap melege az \u00d6n otthon\u00e1ban\",\"potentialAction\":[{\"@type\":\"SearchAction\",\"target\":{\"@type\":\"EntryPoint\",\"urlTemplate\":\"https:\/\/varjasfutofolia.hu\/?s={search_term_string}\"},\"query-input\":{\"@type\":\"PropertyValueSpecification\",\"valueRequired\":true,\"valueName\":\"search_term_string\"}}],\"inLanguage\":\"de-DE\"}]}<\/script>\n<!-- \/ Yoast SEO plugin. -->","yoast_head_json":{"title":"Computherm T70 programozhat\u00f3 szobatermoszt\u00e1t - Varjas F\u0171t\u0151f\u00f3lia","robots":{"index":"index","follow":"follow","max-snippet":"max-snippet:-1","max-image-preview":"max-image-preview:large","max-video-preview":"max-video-preview:-1"},"canonical":"https:\/\/varjasfutofolia.hu\/de\/termek\/computherm-t70-programozhato-szobatermosztat\/","og_locale":"de_DE","og_type":"article","og_title":"Computherm T70 programozhat\u00f3 szobatermoszt\u00e1t - Varjas F\u0171t\u0151f\u00f3lia","og_description":"Computherm T70 programozhat\u00f3 szobatermoszt\u00e1t   5 \u00e9v garancia  \u00c9rint\u0151k\u00e9perny\u0151  Programozhat\u00f3  Elem tartoz\u00e9k  H\u0171t\u00e9s\/f\u0171t\u00e9s \u00fczemm\u00f3dok k\u00f6z\u00f6tti egyszer\u0171 v\u00e1lt\u00e1s","og_url":"https:\/\/varjasfutofolia.hu\/de\/termek\/computherm-t70-programozhato-szobatermosztat\/","og_site_name":"Varjas F\u0171t\u0151f\u00f3lia","article_modified_time":"2024-12-01T23:02:35+00:00","twitter_card":"summary_large_image","twitter_misc":{"Gesch\u00e4tzte Lesezeit":"2\u00a0Minuten"},"schema":{"@context":"https:\/\/schema.org","@graph":[{"@type":"WebPage","@id":"https:\/\/varjasfutofolia.hu\/termek\/computherm-t70-programozhato-szobatermosztat\/","url":"https:\/\/varjasfutofolia.hu\/termek\/computherm-t70-programozhato-szobatermosztat\/","name":"Computherm T70 programozhat\u00f3 szobatermoszt\u00e1t - Varjas F\u0171t\u0151f\u00f3lia","isPartOf":{"@id":"https:\/\/varjasfutofolia.hu\/#website"},"primaryImageOfPage":{"@id":"https:\/\/varjasfutofolia.hu\/termek\/computherm-t70-programozhato-szobatermosztat\/#primaryimage"},"image":{"@id":"https:\/\/varjasfutofolia.hu\/termek\/computherm-t70-programozhato-szobatermosztat\/#primaryimage"},"thumbnailUrl":"https:\/\/varjasfutofolia.hu\/wp-content\/uploads\/2022\/02\/Computherm_T70_szobatermosztat.png","datePublished":"2024-12-01T23:02:32+00:00","dateModified":"2024-12-01T23:02:35+00:00","breadcrumb":{"@id":"https:\/\/varjasfutofolia.hu\/termek\/computherm-t70-programozhato-szobatermosztat\/#breadcrumb"},"inLanguage":"de-DE","potentialAction":[{"@type":"ReadAction","target":["https:\/\/varjasfutofolia.hu\/termek\/computherm-t70-programozhato-szobatermosztat\/"]}]},{"@type":"ImageObject","inLanguage":"de-DE","@id":"https:\/\/varjasfutofolia.hu\/termek\/computherm-t70-programozhato-szobatermosztat\/#primaryimage","url":"https:\/\/varjasfutofolia.hu\/wp-content\/uploads\/2022\/02\/Computherm_T70_szobatermosztat.png","contentUrl":"https:\/\/varjasfutofolia.hu\/wp-content\/uploads\/2022\/02\/Computherm_T70_szobatermosztat.png","width":582,"height":382},{"@type":"BreadcrumbList","@id":"https:\/\/varjasfutofolia.hu\/termek\/computherm-t70-programozhato-szobatermosztat\/#breadcrumb","itemListElement":[{"@type":"ListItem","position":1,"name":"Kezd\u0151lap","item":"https:\/\/varjasfutofolia.hu\/"},{"@type":"ListItem","position":2,"name":"\u00dczlet","item":"https:\/\/varjasfutofolia.hu\/uzlet\/"},{"@type":"ListItem","position":3,"name":"Computherm T70 programozhat\u00f3 szobatermoszt\u00e1t"}]},{"@type":"WebSite","@id":"https:\/\/varjasfutofolia.hu\/#website","url":"https:\/\/varjasfutofolia.hu\/","name":"Varjas F\u0171t\u0151f\u00f3lia","description":"A Nap melege az \u00d6n otthon\u00e1ban","potentialAction":[{"@type":"SearchAction","target":{"@type":"EntryPoint","urlTemplate":"https:\/\/varjasfutofolia.hu\/?s={search_term_string}"},"query-input":{"@type":"PropertyValueSpecification","valueRequired":true,"valueName":"search_term_string"}}],"inLanguage":"de-DE"}]}},"_links":{"self":[{"href":"https:\/\/varjasfutofolia.hu\/de\/wp-json\/wp\/v2\/product\/9931734","targetHints":{"allow":["GET"]}}],"collection":[{"href":"https:\/\/varjasfutofolia.hu\/de\/wp-json\/wp\/v2\/product"}],"about":[{"href":"https:\/\/varjasfutofolia.hu\/de\/wp-json\/wp\/v2\/types\/product"}],"replies":[{"embeddable":true,"href":"https:\/\/varjasfutofolia.hu\/de\/wp-json\/wp\/v2\/comments?post=9931734"}],"wp:featuredmedia":[{"embeddable":true,"href":"https:\/\/varjasfutofolia.hu\/de\/wp-json\/wp\/v2\/media\/9922488"}],"wp:attachment":[{"href":"https:\/\/varjasfutofolia.hu\/de\/wp-json\/wp\/v2\/media?parent=9931734"}],"wp:term":[{"taxonomy":"product_brand","embeddable":true,"href":"https:\/\/varjasfutofolia.hu\/de\/wp-json\/wp\/v2\/product_brand?post=9931734"},{"taxonomy":"product_cat","embeddable":true,"href":"https:\/\/varjasfutofolia.hu\/de\/wp-json\/wp\/v2\/product_cat?post=9931734"},{"taxonomy":"product_tag","embeddable":true,"href":"https:\/\/varjasfutofolia.hu\/de\/wp-json\/wp\/v2\/product_tag?post=9931734"}],"curies":[{"name":"wp","href":"https:\/\/api.w.org\/{rel}","templated":true}]}}