{"id":9931733,"date":"2024-12-02T00:02:31","date_gmt":"2024-12-01T23:02:31","guid":{"rendered":"https:\/\/varjasfutofolia.hu\/?post_type=product&#038;p=9931733"},"modified":"2024-12-02T00:02:35","modified_gmt":"2024-12-01T23:02:35","slug":"computherm-e-280-programozhato-digitalis-wi-fi-szobatermosztat-radiatoros-es-padlofutesi-rendszerekhez","status":"publish","type":"product","link":"https:\/\/varjasfutofolia.hu\/de\/termek\/computherm-e-280-programozhato-digitalis-wi-fi-szobatermosztat-radiatoros-es-padlofutesi-rendszerekhez\/","title":{"rendered":"Computherm E 280 programozhat\u00f3 digit\u00e1lis Wi-Fi szobatermoszt\u00e1t radi\u00e1toros- \u00e9s padl\u00f3f\u0171t\u00e9si rendszerekhez"},"content":{"rendered":"<div><b>R\u00e9szletek:<\/b><\/div>\n<div><\/div>\n<div>A COMPUTHERM E280 t\u00edpus\u00fa Wi-Fi termoszt\u00e1t seg\u00edts\u00e9g\u00e9vel a termoszt\u00e1thoz csatlakoztatott k\u00e9sz\u00fcl\u00e9ket (pl. g\u00e1zkaz\u00e1nt) az interneten kereszt\u00fcl vez\u00e9relheti, illetve ellen\u0151rizheti annak m\u0171k\u00f6d\u00e9s\u00e9t mobiltelefonja, t\u00e1blag\u00e9pe seg\u00edts\u00e9g\u00e9vel. Egyszer\u0171en csatlakoztathat\u00f3 b\u00e1rmely, k\u00e9tvezet\u00e9kes szobatermoszt\u00e1t csatlakoz\u00e1si ponttal rendelkez\u0151 g\u00e1zkaz\u00e1nhoz, tov\u00e1bb\u00e1 tetsz\u0151leges kl\u00edmaberendez\u00e9shez vagy egy\u00e9b elektromos k\u00e9sz\u00fcl\u00e9khez f\u00fcggetlen\u00fcl att\u00f3l, hogy azok 24 V-os vagy 230 V-os vez\u00e9rl\u0151\u00e1ramk\u00f6rrel rendelkeznek.<\/div>\n<div>A term\u00e9k haszn\u00e1lat\u00e1val lak\u00e1s\u00e1nak, h\u00e1z\u00e1nak vagy \u00fcd\u00fcl\u0151j\u00e9nek a f\u0171t\u00e9se b\u00e1rmikor \u00e9s b\u00e1rhonnan vez\u00e9relhet\u0151v\u00e9 v\u00e1lik. A termoszt\u00e1t k\u00fcl\u00f6n\u00f6sen ide\u00e1lis akkor, ha: lak\u00e1s\u00e1t vagy h\u00e1z\u00e1t nem el\u0151re meghat\u00e1rozott napirend szerint haszn\u00e1lja, a f\u0171t\u00e9si szezon alatt bizonytalan id\u0151tartamra elutazik otthonr\u00f3l, a f\u0171t\u00e9si szezon alatt is szeretn\u00e9 \u00fcd\u00fcl\u0151j\u00e9t haszn\u00e1lni.<\/div>\n<div><\/div>\n<div>A termoszt\u00e1t k\u00fcl\u00f6n\u00f6sen alkalmas padl\u00f3f\u0171t\u00e9si rendszerek vez\u00e9rl\u00e9s\u00e9re a csatlakoztathat\u00f3 padl\u00f3h\u0151m\u00e9rs\u00e9klet-\u00e9rz\u00e9kel\u0151nek k\u00f6sz\u00f6nhet\u0151en. A term\u00e9k k\u00e9t potenci\u00e1lmentes rel\u00e9vel rendelkezik, amelyek egyszerre kapcsolnak, \u00edgy ak\u00e1r k\u00e9t egym\u00e1st\u00f3l teljesen f\u00fcggetlen term\u00e9k is vez\u00e9relhet\u0151 vele. A k\u00e9sz\u00fcl\u00e9kben l\u00e9v\u0151 rel\u00e9k egyszer\u0171 lehet\u0151s\u00e9get biztos\u00edtanak arra, hogy pl. a kaz\u00e1n ind\u00edt\u00e1sa mellett a termoszt\u00e1t egy szivatty\u00fat vagy egy z\u00f3naszelepet is m\u0171k\u00f6d\u00e9sbe hozzon, be-\/kikapcsoljon. \u00cdgy t\u00f6bb COMPUTHERM E280 t\u00edpus\u00fa Wi-Fi termoszt\u00e1t seg\u00edts\u00e9g\u00e9vel egyszer\u0171en megval\u00f3s\u00edthat\u00f3 egy f\u0171t\u00e9si rendszer z\u00f3n\u00e1kra bont\u00e1sa k\u00fcl\u00f6n z\u00f3navez\u00e9rl\u0151 haszn\u00e1lata n\u00e9lk\u00fcl.<\/div>\n<div><\/div>\n<div>Fontosabb funkci\u00f3k:<\/div>\n<div>\n<ul>\n<li>T\u00e1vvez\u00e9relhet\u0151s\u00e9g<\/li>\n<li>Egyszer\u0171 \u00f6sszhangol\u00e1s a Wi-Fi h\u00e1l\u00f3zattal K\u00e9zi \u00e9s programozott \u00fczemm\u00f3d<\/li>\n<li>K\u00e9t k\u00fcl\u00f6n\u00e1ll\u00f3, potenci\u00e1lmentes rel\u00e9kimenet<\/li>\n<li>Padl\u00f3h\u0151fok korl\u00e1toz\u00e1sa padl\u00f3h\u0151fok-\u00e9rz\u00e9kel\u0151 seg\u00edts\u00e9g\u00e9vel<\/li>\n<li>H\u0171t\u00e9s-f\u0171t\u00e9s \u00fczemm\u00f3dok k\u00f6z\u00f6tti egyszer\u0171, szoftveres v\u00e1lt\u00e1si lehet\u0151s\u00e9g<\/li>\n<li>H\u0151\u00e9rz\u00e9kel\u0151 kalibr\u00e1l\u00e1sa<\/li>\n<li>Magyar nyelv\u0171 applik\u00e1ci\u00f3<\/li>\n<li>Vez\u00e9rl\u00e9s t\u00f6bb felhaszn\u00e1l\u00f3 \u00e1ltal<\/li>\n<li>Fagymentes\u00edt\u00e9s<\/li>\n<li>Billenty\u0171z\u00e1r<\/li>\n<li>2 \u00e9v garancia<\/li>\n<\/ul>\n<p>M\u0171szaki adatok:<\/p>\n<ul>\n<li>H\u0151m\u00e9rs\u00e9klet m\u00e9r\u00e9si tartom\u00e1ny (padl\u00f3- \u00e9s bels\u0151 h\u0151\u00e9rz\u00e9kel\u0151): 0 \u00b0C \u2013 50 \u00b0C (0,1 \u00b0C-os l\u00e9p\u00e9sekben)<\/li>\n<li>K\u00e9szenl\u00e9ti \u00e1llapot teljes\u00edtm\u00e9nyfelv\u00e9tele: 0,5 W<\/li>\n<li>H\u0151m\u00e9rs\u00e9klet m\u00e9r\u00e9si pontoss\u00e1g (padl\u00f3- \u00e9s bels\u0151 h\u0151\u00e9rz\u00e9kel\u0151): +\/- 0,5 \u00b0C<\/li>\n<li>H\u0151m\u00e9rs\u00e9klet kijelz\u00e9si pontoss\u00e1g: 0,1 \u00b0C<\/li>\n<li>Be\u00e1ll\u00edthat\u00f3 h\u0151m\u00e9rs\u00e9klet tartom\u00e1ny: 5 \u00b0C \u2013 99 \u00b0C (0,5 \u00b0C-os l\u00e9p\u00e9sekben)<\/li>\n<li>Kapcsol\u00e1si \u00e9rz\u00e9kenys\u00e9g: szabadon v\u00e1laszthat\u00f3 \u00b1 0,1 \u00b0C &#8211; \u00b11,0 \u00b0C tartom\u00e1nyban (0,1 \u00b0C-os l\u00e9p\u00e9sekbe)<\/li>\n<li>H\u0151m\u00e9rs\u00e9klet kalibr\u00e1l\u00e1si tartom\u00e1ny: \u00b15 \u00b0C (0,1 \u00b0C-os l\u00e9p\u00e9sekben)<\/li>\n<li>A termoszt\u00e1t t\u00e1pfesz\u00fclts\u00e9ge: 200-240 V AC; 50\/60 Hz<\/li>\n<li>Kimeneti terhelhet\u0151s\u00e9g (K1 \u00e9s K2): Max. 230 V AC; 8 A (2 A indukt\u00edv terhel\u00e9s)<\/li>\n<li>M\u0171k\u00f6d\u00e9si frekvencia: Wi-Fi (b\/g\/n) 2,4 GHz<\/li>\n<\/ul>\n<\/div>\n","protected":false},"excerpt":{"rendered":"<ul>\n<li>T\u00e1volr\u00f3l vez\u00e9relhet\u0151 interneten kereszt\u00fcl.<\/li>\n<li>H\u0151m\u00e9rs\u00e9klet m\u00e9r\u00e9si pontoss\u00e1g (padl\u00f3- \u00e9s bels\u0151 h\u0151\u00e9rz\u00e9kel\u0151): +\/- 0,5 \u00b0C<\/li>\n<li>Kapcsol\u00e1si \u00e9rz\u00e9kenys\u00e9g: ? 0,1 \u00b0C &#8211; ?1,0 \u00b0C tartom\u00e1nyban (0,1 \u00b0C-os l\u00e9p\u00e9sekbe)<\/li>\n<li>Feh\u00e9r,plexi kijelz\u0151vel ez k\u00fcl\u00f6nb\u00f6zteti meg a 300-as kivitelt\u0151l. Minden m\u00e1sban megegyezik.<\/li>\n<li>2 \u00c9v garancia<\/li>\n<\/ul>\n","protected":false},"featured_media":9922489,"comment_status":"open","ping_status":"closed","template":"","meta":{"_et_pb_use_builder":"","_et_pb_old_content":"","_et_gb_content_width":""},"product_brand":[],"product_cat":[104,28],"product_tag":[105,37,100],"class_list":{"0":"post-9931733","1":"product","2":"type-product","3":"status-publish","4":"has-post-thumbnail","6":"product_cat-computherm","7":"product_cat-uncategorized","8":"product_tag-computherm","9":"product_tag-termosztat","10":"product_tag-wifi-termosztat","12":"first","13":"outofstock","14":"taxable","15":"shipping-taxable","16":"purchasable","17":"product-type-simple"},"yoast_head":"<!-- This site is optimized with the Yoast SEO plugin v26.0 - https:\/\/yoast.com\/wordpress\/plugins\/seo\/ -->\n<title>Computherm E 280 programozhat\u00f3 digit\u00e1lis Wi-Fi szobatermoszt\u00e1t radi\u00e1toros- \u00e9s padl\u00f3f\u0171t\u00e9si rendszerekhez - Varjas F\u0171t\u0151f\u00f3lia<\/title>\n<meta name=\"robots\" content=\"index, follow, max-snippet:-1, max-image-preview:large, max-video-preview:-1\" \/>\n<link rel=\"canonical\" href=\"https:\/\/varjasfutofolia.hu\/de\/termek\/computherm-e-280-programozhato-digitalis-wi-fi-szobatermosztat-radiatoros-es-padlofutesi-rendszerekhez\/\" \/>\n<meta property=\"og:locale\" content=\"de_DE\" \/>\n<meta property=\"og:locale:alternate\" content=\"en_US\" \/>\n<meta property=\"og:locale:alternate\" content=\"hu_HU\" \/>\n<meta property=\"og:type\" content=\"article\" \/>\n<meta property=\"og:title\" content=\"Computherm E 280 programozhat\u00f3 digit\u00e1lis Wi-Fi szobatermoszt\u00e1t radi\u00e1toros- \u00e9s padl\u00f3f\u0171t\u00e9si rendszerekhez - Varjas F\u0171t\u0151f\u00f3lia\" \/>\n<meta property=\"og:description\" content=\"T\u00e1volr\u00f3l vez\u00e9relhet\u0151 interneten kereszt\u00fcl.  H\u0151m\u00e9rs\u00e9klet m\u00e9r\u00e9si pontoss\u00e1g (padl\u00f3- \u00e9s bels\u0151 h\u0151\u00e9rz\u00e9kel\u0151): +\/- 0,5 \u00b0C  Kapcsol\u00e1si \u00e9rz\u00e9kenys\u00e9g: ? 0,1 \u00b0C - ?1,0 \u00b0C tartom\u00e1nyban (0,1 \u00b0C-os l\u00e9p\u00e9sekbe)  Feh\u00e9r,plexi kijelz\u0151vel ez k\u00fcl\u00f6nb\u00f6zteti meg a 300-as kivitelt\u0151l. Minden m\u00e1sban megegyezik.  2 \u00c9v garancia\" \/>\n<meta property=\"og:url\" content=\"https:\/\/varjasfutofolia.hu\/de\/termek\/computherm-e-280-programozhato-digitalis-wi-fi-szobatermosztat-radiatoros-es-padlofutesi-rendszerekhez\/\" \/>\n<meta property=\"og:site_name\" content=\"Varjas F\u0171t\u0151f\u00f3lia\" \/>\n<meta property=\"article:modified_time\" content=\"2024-12-01T23:02:35+00:00\" \/>\n<meta name=\"twitter:card\" content=\"summary_large_image\" \/>\n<meta name=\"twitter:label1\" content=\"Gesch\u00e4tzte Lesezeit\" \/>\n\t<meta name=\"twitter:data1\" content=\"3\u00a0Minuten\" \/>\n<script type=\"application\/ld+json\" class=\"yoast-schema-graph\">{\"@context\":\"https:\/\/schema.org\",\"@graph\":[{\"@type\":\"WebPage\",\"@id\":\"https:\/\/varjasfutofolia.hu\/termek\/computherm-e-280-programozhato-digitalis-wi-fi-szobatermosztat-radiatoros-es-padlofutesi-rendszerekhez\/\",\"url\":\"https:\/\/varjasfutofolia.hu\/termek\/computherm-e-280-programozhato-digitalis-wi-fi-szobatermosztat-radiatoros-es-padlofutesi-rendszerekhez\/\",\"name\":\"Computherm E 280 programozhat\u00f3 digit\u00e1lis Wi-Fi szobatermoszt\u00e1t radi\u00e1toros- \u00e9s padl\u00f3f\u0171t\u00e9si rendszerekhez - Varjas F\u0171t\u0151f\u00f3lia\",\"isPartOf\":{\"@id\":\"https:\/\/varjasfutofolia.hu\/#website\"},\"primaryImageOfPage\":{\"@id\":\"https:\/\/varjasfutofolia.hu\/termek\/computherm-e-280-programozhato-digitalis-wi-fi-szobatermosztat-radiatoros-es-padlofutesi-rendszerekhez\/#primaryimage\"},\"image\":{\"@id\":\"https:\/\/varjasfutofolia.hu\/termek\/computherm-e-280-programozhato-digitalis-wi-fi-szobatermosztat-radiatoros-es-padlofutesi-rendszerekhez\/#primaryimage\"},\"thumbnailUrl\":\"https:\/\/varjasfutofolia.hu\/wp-content\/uploads\/2022\/02\/Computherm_E-280_wi-fi_szobatermosztat.png\",\"datePublished\":\"2024-12-01T23:02:31+00:00\",\"dateModified\":\"2024-12-01T23:02:35+00:00\",\"breadcrumb\":{\"@id\":\"https:\/\/varjasfutofolia.hu\/termek\/computherm-e-280-programozhato-digitalis-wi-fi-szobatermosztat-radiatoros-es-padlofutesi-rendszerekhez\/#breadcrumb\"},\"inLanguage\":\"de-DE\",\"potentialAction\":[{\"@type\":\"ReadAction\",\"target\":[\"https:\/\/varjasfutofolia.hu\/termek\/computherm-e-280-programozhato-digitalis-wi-fi-szobatermosztat-radiatoros-es-padlofutesi-rendszerekhez\/\"]}]},{\"@type\":\"ImageObject\",\"inLanguage\":\"de-DE\",\"@id\":\"https:\/\/varjasfutofolia.hu\/termek\/computherm-e-280-programozhato-digitalis-wi-fi-szobatermosztat-radiatoros-es-padlofutesi-rendszerekhez\/#primaryimage\",\"url\":\"https:\/\/varjasfutofolia.hu\/wp-content\/uploads\/2022\/02\/Computherm_E-280_wi-fi_szobatermosztat.png\",\"contentUrl\":\"https:\/\/varjasfutofolia.hu\/wp-content\/uploads\/2022\/02\/Computherm_E-280_wi-fi_szobatermosztat.png\",\"width\":531,\"height\":400},{\"@type\":\"BreadcrumbList\",\"@id\":\"https:\/\/varjasfutofolia.hu\/termek\/computherm-e-280-programozhato-digitalis-wi-fi-szobatermosztat-radiatoros-es-padlofutesi-rendszerekhez\/#breadcrumb\",\"itemListElement\":[{\"@type\":\"ListItem\",\"position\":1,\"name\":\"Kezd\u0151lap\",\"item\":\"https:\/\/varjasfutofolia.hu\/\"},{\"@type\":\"ListItem\",\"position\":2,\"name\":\"\u00dczlet\",\"item\":\"https:\/\/varjasfutofolia.hu\/uzlet\/\"},{\"@type\":\"ListItem\",\"position\":3,\"name\":\"Computherm E 280 programozhat\u00f3 digit\u00e1lis Wi-Fi szobatermoszt\u00e1t radi\u00e1toros- \u00e9s padl\u00f3f\u0171t\u00e9si rendszerekhez\"}]},{\"@type\":\"WebSite\",\"@id\":\"https:\/\/varjasfutofolia.hu\/#website\",\"url\":\"https:\/\/varjasfutofolia.hu\/\",\"name\":\"Varjas F\u0171t\u0151f\u00f3lia\",\"description\":\"A Nap melege az \u00d6n otthon\u00e1ban\",\"potentialAction\":[{\"@type\":\"SearchAction\",\"target\":{\"@type\":\"EntryPoint\",\"urlTemplate\":\"https:\/\/varjasfutofolia.hu\/?s={search_term_string}\"},\"query-input\":{\"@type\":\"PropertyValueSpecification\",\"valueRequired\":true,\"valueName\":\"search_term_string\"}}],\"inLanguage\":\"de-DE\"}]}<\/script>\n<!-- \/ Yoast SEO plugin. -->","yoast_head_json":{"title":"Computherm E 280 programozhat\u00f3 digit\u00e1lis Wi-Fi szobatermoszt\u00e1t radi\u00e1toros- \u00e9s padl\u00f3f\u0171t\u00e9si rendszerekhez - Varjas F\u0171t\u0151f\u00f3lia","robots":{"index":"index","follow":"follow","max-snippet":"max-snippet:-1","max-image-preview":"max-image-preview:large","max-video-preview":"max-video-preview:-1"},"canonical":"https:\/\/varjasfutofolia.hu\/de\/termek\/computherm-e-280-programozhato-digitalis-wi-fi-szobatermosztat-radiatoros-es-padlofutesi-rendszerekhez\/","og_locale":"de_DE","og_type":"article","og_title":"Computherm E 280 programozhat\u00f3 digit\u00e1lis Wi-Fi szobatermoszt\u00e1t radi\u00e1toros- \u00e9s padl\u00f3f\u0171t\u00e9si rendszerekhez - Varjas F\u0171t\u0151f\u00f3lia","og_description":"T\u00e1volr\u00f3l vez\u00e9relhet\u0151 interneten kereszt\u00fcl.  H\u0151m\u00e9rs\u00e9klet m\u00e9r\u00e9si pontoss\u00e1g (padl\u00f3- \u00e9s bels\u0151 h\u0151\u00e9rz\u00e9kel\u0151): +\/- 0,5 \u00b0C  Kapcsol\u00e1si \u00e9rz\u00e9kenys\u00e9g: ? 0,1 \u00b0C - ?1,0 \u00b0C tartom\u00e1nyban (0,1 \u00b0C-os l\u00e9p\u00e9sekbe)  Feh\u00e9r,plexi kijelz\u0151vel ez k\u00fcl\u00f6nb\u00f6zteti meg a 300-as kivitelt\u0151l. Minden m\u00e1sban megegyezik.  2 \u00c9v garancia","og_url":"https:\/\/varjasfutofolia.hu\/de\/termek\/computherm-e-280-programozhato-digitalis-wi-fi-szobatermosztat-radiatoros-es-padlofutesi-rendszerekhez\/","og_site_name":"Varjas F\u0171t\u0151f\u00f3lia","article_modified_time":"2024-12-01T23:02:35+00:00","twitter_card":"summary_large_image","twitter_misc":{"Gesch\u00e4tzte Lesezeit":"3\u00a0Minuten"},"schema":{"@context":"https:\/\/schema.org","@graph":[{"@type":"WebPage","@id":"https:\/\/varjasfutofolia.hu\/termek\/computherm-e-280-programozhato-digitalis-wi-fi-szobatermosztat-radiatoros-es-padlofutesi-rendszerekhez\/","url":"https:\/\/varjasfutofolia.hu\/termek\/computherm-e-280-programozhato-digitalis-wi-fi-szobatermosztat-radiatoros-es-padlofutesi-rendszerekhez\/","name":"Computherm E 280 programozhat\u00f3 digit\u00e1lis Wi-Fi szobatermoszt\u00e1t radi\u00e1toros- \u00e9s padl\u00f3f\u0171t\u00e9si rendszerekhez - Varjas F\u0171t\u0151f\u00f3lia","isPartOf":{"@id":"https:\/\/varjasfutofolia.hu\/#website"},"primaryImageOfPage":{"@id":"https:\/\/varjasfutofolia.hu\/termek\/computherm-e-280-programozhato-digitalis-wi-fi-szobatermosztat-radiatoros-es-padlofutesi-rendszerekhez\/#primaryimage"},"image":{"@id":"https:\/\/varjasfutofolia.hu\/termek\/computherm-e-280-programozhato-digitalis-wi-fi-szobatermosztat-radiatoros-es-padlofutesi-rendszerekhez\/#primaryimage"},"thumbnailUrl":"https:\/\/varjasfutofolia.hu\/wp-content\/uploads\/2022\/02\/Computherm_E-280_wi-fi_szobatermosztat.png","datePublished":"2024-12-01T23:02:31+00:00","dateModified":"2024-12-01T23:02:35+00:00","breadcrumb":{"@id":"https:\/\/varjasfutofolia.hu\/termek\/computherm-e-280-programozhato-digitalis-wi-fi-szobatermosztat-radiatoros-es-padlofutesi-rendszerekhez\/#breadcrumb"},"inLanguage":"de-DE","potentialAction":[{"@type":"ReadAction","target":["https:\/\/varjasfutofolia.hu\/termek\/computherm-e-280-programozhato-digitalis-wi-fi-szobatermosztat-radiatoros-es-padlofutesi-rendszerekhez\/"]}]},{"@type":"ImageObject","inLanguage":"de-DE","@id":"https:\/\/varjasfutofolia.hu\/termek\/computherm-e-280-programozhato-digitalis-wi-fi-szobatermosztat-radiatoros-es-padlofutesi-rendszerekhez\/#primaryimage","url":"https:\/\/varjasfutofolia.hu\/wp-content\/uploads\/2022\/02\/Computherm_E-280_wi-fi_szobatermosztat.png","contentUrl":"https:\/\/varjasfutofolia.hu\/wp-content\/uploads\/2022\/02\/Computherm_E-280_wi-fi_szobatermosztat.png","width":531,"height":400},{"@type":"BreadcrumbList","@id":"https:\/\/varjasfutofolia.hu\/termek\/computherm-e-280-programozhato-digitalis-wi-fi-szobatermosztat-radiatoros-es-padlofutesi-rendszerekhez\/#breadcrumb","itemListElement":[{"@type":"ListItem","position":1,"name":"Kezd\u0151lap","item":"https:\/\/varjasfutofolia.hu\/"},{"@type":"ListItem","position":2,"name":"\u00dczlet","item":"https:\/\/varjasfutofolia.hu\/uzlet\/"},{"@type":"ListItem","position":3,"name":"Computherm E 280 programozhat\u00f3 digit\u00e1lis Wi-Fi szobatermoszt\u00e1t radi\u00e1toros- \u00e9s padl\u00f3f\u0171t\u00e9si rendszerekhez"}]},{"@type":"WebSite","@id":"https:\/\/varjasfutofolia.hu\/#website","url":"https:\/\/varjasfutofolia.hu\/","name":"Varjas F\u0171t\u0151f\u00f3lia","description":"A Nap melege az \u00d6n otthon\u00e1ban","potentialAction":[{"@type":"SearchAction","target":{"@type":"EntryPoint","urlTemplate":"https:\/\/varjasfutofolia.hu\/?s={search_term_string}"},"query-input":{"@type":"PropertyValueSpecification","valueRequired":true,"valueName":"search_term_string"}}],"inLanguage":"de-DE"}]}},"_links":{"self":[{"href":"https:\/\/varjasfutofolia.hu\/de\/wp-json\/wp\/v2\/product\/9931733","targetHints":{"allow":["GET"]}}],"collection":[{"href":"https:\/\/varjasfutofolia.hu\/de\/wp-json\/wp\/v2\/product"}],"about":[{"href":"https:\/\/varjasfutofolia.hu\/de\/wp-json\/wp\/v2\/types\/product"}],"replies":[{"embeddable":true,"href":"https:\/\/varjasfutofolia.hu\/de\/wp-json\/wp\/v2\/comments?post=9931733"}],"wp:featuredmedia":[{"embeddable":true,"href":"https:\/\/varjasfutofolia.hu\/de\/wp-json\/wp\/v2\/media\/9922489"}],"wp:attachment":[{"href":"https:\/\/varjasfutofolia.hu\/de\/wp-json\/wp\/v2\/media?parent=9931733"}],"wp:term":[{"taxonomy":"product_brand","embeddable":true,"href":"https:\/\/varjasfutofolia.hu\/de\/wp-json\/wp\/v2\/product_brand?post=9931733"},{"taxonomy":"product_cat","embeddable":true,"href":"https:\/\/varjasfutofolia.hu\/de\/wp-json\/wp\/v2\/product_cat?post=9931733"},{"taxonomy":"product_tag","embeddable":true,"href":"https:\/\/varjasfutofolia.hu\/de\/wp-json\/wp\/v2\/product_tag?post=9931733"}],"curies":[{"name":"wp","href":"https:\/\/api.w.org\/{rel}","templated":true}]}}