{"id":9931731,"date":"2024-12-02T00:02:31","date_gmt":"2024-12-01T23:02:31","guid":{"rendered":"https:\/\/varjasfutofolia.hu\/?post_type=product&#038;p=9931731"},"modified":"2024-12-02T00:02:34","modified_gmt":"2024-12-01T23:02:34","slug":"computherm-b400-radio-frekvencias-wi-fi-szobatermosztat","status":"publish","type":"product","link":"https:\/\/varjasfutofolia.hu\/de\/termek\/computherm-b400-radio-frekvencias-wi-fi-szobatermosztat\/","title":{"rendered":"Computherm B400 R\u00e1di\u00f3 frekvenci\u00e1s Wi-fi szobatermoszt\u00e1t"},"content":{"rendered":"<p>R\u00e9szletek:<\/p>\n<p>A COMPUTHERM B400RF t\u00edpus\u00fa Wi-Fi termoszt\u00e1t egy interneten kereszt\u00fcl okostelefonr\u00f3l, tabletr\u0151l \u00e9s sz\u00e1m\u00edt\u00f3g\u00e9pr\u0151l is vez\u00e9relhet\u0151, vezet\u00e9k n\u00e9lk\u00fcli kap\u00adcsol\u00f3\u00fczem\u0171 k\u00e9sz\u00fcl\u00e9k, melyet els\u0151sorban a k\u00f6zponti f\u0171t\u00e9sek \u00e9s elektromos k\u00e9sz\u00fcl\u00e9kek vez\u00e9rl\u00e9s\u00e9re aj\u00e1nlunk. Egyszer\u0171en csatlakoztathat\u00f3 b\u00e1rmely, k\u00e9tvezet\u00e9kes szobatermoszt\u00e1t csat\u00adlakoz\u00e1si ponttal rendelkez\u0151 g\u00e1zkaz\u00e1nhoz, kl\u00edmaberendez\u00e9shez, egy\u00e9b elektromos k\u00e9sz\u00fcl\u00e9khez f\u00fcggetlen\u00fcl att\u00f3l, hogy az 24 V-os vagy 230 V-os vez\u00e9rl\u0151\u00e1ramk\u00f6rrel rendelkezik.<\/p>\n<p>A k\u00e9sz\u00fcl\u00e9k k\u00e9t egys\u00e9gb\u0151l \u00e1ll. Egyik a ter\u00admoszt\u00e1t (ad\u00f3egys\u00e9g), m\u00e1sik a vev\u0151egys\u00e9g, ami a kaz\u00e1n vez\u00e9rl\u00e9s\u00e9t v\u00e9gzi. A k\u00e9t egys\u00e9g k\u00f6z\u00f6tt vezet\u00e9k n\u00e9lk\u00fcli (r\u00e1di\u00f3-frekvenci\u00e1s) kapcsolat van, ez\u00e9rt nincs sz\u00fcks\u00e9g vezet\u00e9k ki\u00e9p\u00edt\u00e9s\u00e9re, mely k\u00fcl\u00f6n\u00f6sen r\u00e9gi \u00e9p\u00fcletek korszer\u0171s\u00edt\u00e9s\u00e9n\u00e9l el\u0151ny\u00f6s.<\/p>\n<p>A term\u00e9k haszn\u00e1lat\u00e1val lak\u00e1s\u00e1nak, h\u00e1z\u00e1nak vagy \u00fcd\u00fcl\u0151j\u00e9nek a f\u0171t\u00e9se b\u00e1rmikor \u00e9s b\u00e1rhonnan vez\u00e9relhet\u0151v\u00e9 v\u00e1lik.<\/p>\n<p>A termoszt\u00e1t k\u00fcl\u00f6n\u00f6sen ide\u00e1lis akkor, ha:<\/p>\n<p>lak\u00e1s\u00e1t vagy h\u00e1z\u00e1t nem el\u0151re meghat\u00e1rozott napirend szerint haszn\u00e1lja,<br \/>\na f\u0171t\u00e9si szezon alatt bizonytalan id\u0151tartamra elutazik otthonr\u00f3l,<br \/>\na f\u0171t\u00e9si szezon alatt is szeretn\u00e9 \u00fcd\u00fcl\u0151j\u00e9t haszn\u00e1lni.<br \/>\nFontosabb funkci\u00f3k:<\/p>\n<p>Vezet\u00e9k n\u00e9lk\u00fcli \u00e9rint\u0151kijelz\u0151s vez\u00e9rl\u00e9s<br \/>\nKezel\u0151fel\u00fclet: \u00e9rint\u0151k\u00e9perny\u0151, telefonos applik\u00e1ci\u00f3, weboldal<br \/>\nA termoszt\u00e1t hat\u00f3t\u00e1vols\u00e1gon bel\u00fcl szabadon hordozhat\u00f3 de, 5V-os t\u00e1pell\u00e1t\u00e1st ig\u00e9nyel folyamatosan.<br \/>\nT\u00e1vvez\u00e9relhet\u0151s\u00e9g<br \/>\nK\u00e9zi \u00e9s programozott \u00fczemm\u00f3d<br \/>\nH\u0171t\u00e9s \u00e9s f\u0171t\u00e9s \u00fczemm\u00f3dok k\u00f6z\u00f6tti egyszer\u0171 v\u00e1lt\u00e1s<br \/>\nP\u00e1ratartalom \u00e9rz\u00e9kel\u00e9s<br \/>\n\u00c1ll\u00edthat\u00f3 kapcsol\u00e1si \u00e9rz\u00e9kenys\u00e9g<br \/>\nId\u0151z\u00edt\u0151 funkci\u00f3<br \/>\nRiaszt\u00e1si limitek be\u00e1ll\u00edt\u00e1sa<br \/>\nMagyar nyelv\u0171 applik\u00e1ci\u00f3<br \/>\nVez\u00e9rl\u00e9s t\u00f6bb felhaszn\u00e1l\u00f3 \u00e1ltal<br \/>\nM\u0171szaki adatok:<br \/>\nH\u0151m\u00e9rs\u00e9klet m\u00e9r\u00e9si tartom\u00e1ny: -40 \u00b0C \u2014 +125 \u00b0C (0,1 \u00b0C -os l\u00e9p\u00e9sekben)<br \/>\nH\u0151m\u00e9rs\u00e9klet m\u00e9r\u00e9si pontoss\u00e1g: \u00b10,5 \u00b0C (25 \u00b0C -on)<br \/>\nBe\u00e1ll\u00edthat\u00f3 h\u0151m\u00e9rs\u00e9klet tartom\u00e1ny: -55 \u00b0C \u2014 +100 \u00b0C (0,1 \u00b0C -os l\u00e9p\u00e9sekben)<br \/>\nH\u0151m\u00e9rs\u00e9klet kalibr\u00e1l\u00e1si tartom\u00e1ny: \u00b19,9 \u00b0C (0,1 \u00b0C-os l\u00e9p\u00e9sekben)<br \/>\nP\u00e1ratartalom m\u00e9r\u00e9si pontoss\u00e1g: \u00b12% RH (25 \u00b0C-on, 20-t\u00f3l 80% relat\u00edv p\u00e1ratartalomig)<br \/>\nBe\u00e1ll\u00edthat\u00f3 kapcsol\u00e1si \u00e9rz\u00e9kenys\u00e9g: 0 \u00b0C \u2014 \u00b174 \u00b0C (0,1 \u00b0C -os l\u00e9p\u00e9sekben)<br \/>\nA termoszt\u00e1t t\u00e1pfesz\u00fclts\u00e9ge: micro USB 5 V DC, 1 A<br \/>\nA vev\u0151egys\u00e9g t\u00e1pfesz\u00fclts\u00e9ge: 100-240 V AC; 50\/60 Hz<br \/>\nKapcsolhat\u00f3 fesz\u00fclts\u00e9g: Max. 30 V DC \/ 250 V AC<br \/>\nKapcsolhat\u00f3 \u00e1ramer\u0151ss\u00e9g: 16 A (4 A indukt\u00edv terhel\u00e9s)<br \/>\nM\u0171k\u00f6d\u00e9si frekvencia: RF 433 MHz, Wi-Fi (b\/g\/n) 2,4 GHz<br \/>\nRF kommunik\u00e1ci\u00f3 hat\u00f3t\u00e1vols\u00e1ga: Kb. 250 m ny\u00edlt terepen<\/p>\n","protected":false},"excerpt":{"rendered":"<ul>\n<li>Kezel\u0151fel\u00fclet: \u00e9rint\u0151k\u00e9perny\u0151, telefonos applik\u00e1ci\u00f3, weboldal<\/li>\n<li>Be\u00e1ll\u00edthat\u00f3 kapcsol\u00e1si \u00e9rz\u00e9kenys\u00e9g: 0 \u00b0C -74 \u00b0C (0,1 \u00b0C-os l\u00e9p\u00e9sekben)<\/li>\n<li>Az ad\u00f3 b\u00e1rhov\u00e1 vihet\u0151 a lak\u00e1sban<\/li>\n<li>2 \u00e9v garancia<\/li>\n<li>Vezet\u00e9k n\u00e9lk\u00fcli kommunik\u00e1ci\u00f3 hat\u00f3t\u00e1vols\u00e1ga: kb. 250 m ny\u00edlt terepen<\/li>\n<\/ul>\n","protected":false},"featured_media":9921530,"comment_status":"open","ping_status":"closed","template":"","meta":{"_et_pb_use_builder":"","_et_pb_old_content":"","_et_gb_content_width":""},"product_brand":[],"product_cat":[104,103],"product_tag":[105],"class_list":{"0":"post-9931731","1":"product","2":"type-product","3":"status-publish","4":"has-post-thumbnail","6":"product_cat-computherm","7":"product_cat-termosztat-0-keszlet","8":"product_tag-computherm","10":"first","11":"outofstock","12":"taxable","13":"shipping-taxable","14":"purchasable","15":"product-type-simple"},"yoast_head":"<!-- This site is optimized with the Yoast SEO plugin v26.0 - https:\/\/yoast.com\/wordpress\/plugins\/seo\/ -->\n<title>Computherm B400 R\u00e1di\u00f3 frekvenci\u00e1s Wi-fi szobatermoszt\u00e1t - Varjas F\u0171t\u0151f\u00f3lia<\/title>\n<meta name=\"robots\" content=\"index, follow, max-snippet:-1, max-image-preview:large, max-video-preview:-1\" \/>\n<link rel=\"canonical\" href=\"https:\/\/varjasfutofolia.hu\/de\/termek\/computherm-b400-radio-frekvencias-wi-fi-szobatermosztat\/\" \/>\n<meta property=\"og:locale\" content=\"de_DE\" \/>\n<meta property=\"og:locale:alternate\" content=\"en_US\" \/>\n<meta property=\"og:locale:alternate\" content=\"hu_HU\" \/>\n<meta property=\"og:type\" content=\"article\" \/>\n<meta property=\"og:title\" content=\"Computherm B400 R\u00e1di\u00f3 frekvenci\u00e1s Wi-fi szobatermoszt\u00e1t - Varjas F\u0171t\u0151f\u00f3lia\" \/>\n<meta property=\"og:description\" content=\"Kezel\u0151fel\u00fclet: \u00e9rint\u0151k\u00e9perny\u0151, telefonos applik\u00e1ci\u00f3, weboldal  Be\u00e1ll\u00edthat\u00f3 kapcsol\u00e1si \u00e9rz\u00e9kenys\u00e9g: 0 \u00b0C -74 \u00b0C (0,1 \u00b0C-os l\u00e9p\u00e9sekben)  Az ad\u00f3 b\u00e1rhov\u00e1 vihet\u0151 a lak\u00e1sban  2 \u00e9v garancia  Vezet\u00e9k n\u00e9lk\u00fcli kommunik\u00e1ci\u00f3 hat\u00f3t\u00e1vols\u00e1ga: kb. 250 m ny\u00edlt terepen\" \/>\n<meta property=\"og:url\" content=\"https:\/\/varjasfutofolia.hu\/de\/termek\/computherm-b400-radio-frekvencias-wi-fi-szobatermosztat\/\" \/>\n<meta property=\"og:site_name\" content=\"Varjas F\u0171t\u0151f\u00f3lia\" \/>\n<meta property=\"article:modified_time\" content=\"2024-12-01T23:02:34+00:00\" \/>\n<meta name=\"twitter:card\" content=\"summary_large_image\" \/>\n<meta name=\"twitter:label1\" content=\"Gesch\u00e4tzte Lesezeit\" \/>\n\t<meta name=\"twitter:data1\" content=\"3\u00a0Minuten\" \/>\n<script type=\"application\/ld+json\" class=\"yoast-schema-graph\">{\"@context\":\"https:\/\/schema.org\",\"@graph\":[{\"@type\":\"WebPage\",\"@id\":\"https:\/\/varjasfutofolia.hu\/termek\/computherm-b400-radio-frekvencias-wi-fi-szobatermosztat\/\",\"url\":\"https:\/\/varjasfutofolia.hu\/termek\/computherm-b400-radio-frekvencias-wi-fi-szobatermosztat\/\",\"name\":\"Computherm B400 R\u00e1di\u00f3 frekvenci\u00e1s Wi-fi szobatermoszt\u00e1t - Varjas F\u0171t\u0151f\u00f3lia\",\"isPartOf\":{\"@id\":\"https:\/\/varjasfutofolia.hu\/#website\"},\"primaryImageOfPage\":{\"@id\":\"https:\/\/varjasfutofolia.hu\/termek\/computherm-b400-radio-frekvencias-wi-fi-szobatermosztat\/#primaryimage\"},\"image\":{\"@id\":\"https:\/\/varjasfutofolia.hu\/termek\/computherm-b400-radio-frekvencias-wi-fi-szobatermosztat\/#primaryimage\"},\"thumbnailUrl\":\"https:\/\/varjasfutofolia.hu\/wp-content\/uploads\/2021\/11\/Computherm-B400.png\",\"datePublished\":\"2024-12-01T23:02:31+00:00\",\"dateModified\":\"2024-12-01T23:02:34+00:00\",\"breadcrumb\":{\"@id\":\"https:\/\/varjasfutofolia.hu\/termek\/computherm-b400-radio-frekvencias-wi-fi-szobatermosztat\/#breadcrumb\"},\"inLanguage\":\"de-DE\",\"potentialAction\":[{\"@type\":\"ReadAction\",\"target\":[\"https:\/\/varjasfutofolia.hu\/termek\/computherm-b400-radio-frekvencias-wi-fi-szobatermosztat\/\"]}]},{\"@type\":\"ImageObject\",\"inLanguage\":\"de-DE\",\"@id\":\"https:\/\/varjasfutofolia.hu\/termek\/computherm-b400-radio-frekvencias-wi-fi-szobatermosztat\/#primaryimage\",\"url\":\"https:\/\/varjasfutofolia.hu\/wp-content\/uploads\/2021\/11\/Computherm-B400.png\",\"contentUrl\":\"https:\/\/varjasfutofolia.hu\/wp-content\/uploads\/2021\/11\/Computherm-B400.png\",\"width\":491,\"height\":344},{\"@type\":\"BreadcrumbList\",\"@id\":\"https:\/\/varjasfutofolia.hu\/termek\/computherm-b400-radio-frekvencias-wi-fi-szobatermosztat\/#breadcrumb\",\"itemListElement\":[{\"@type\":\"ListItem\",\"position\":1,\"name\":\"Kezd\u0151lap\",\"item\":\"https:\/\/varjasfutofolia.hu\/\"},{\"@type\":\"ListItem\",\"position\":2,\"name\":\"\u00dczlet\",\"item\":\"https:\/\/varjasfutofolia.hu\/uzlet\/\"},{\"@type\":\"ListItem\",\"position\":3,\"name\":\"Computherm B400 R\u00e1di\u00f3 frekvenci\u00e1s Wi-fi szobatermoszt\u00e1t\"}]},{\"@type\":\"WebSite\",\"@id\":\"https:\/\/varjasfutofolia.hu\/#website\",\"url\":\"https:\/\/varjasfutofolia.hu\/\",\"name\":\"Varjas F\u0171t\u0151f\u00f3lia\",\"description\":\"A Nap melege az \u00d6n otthon\u00e1ban\",\"potentialAction\":[{\"@type\":\"SearchAction\",\"target\":{\"@type\":\"EntryPoint\",\"urlTemplate\":\"https:\/\/varjasfutofolia.hu\/?s={search_term_string}\"},\"query-input\":{\"@type\":\"PropertyValueSpecification\",\"valueRequired\":true,\"valueName\":\"search_term_string\"}}],\"inLanguage\":\"de-DE\"}]}<\/script>\n<!-- \/ Yoast SEO plugin. -->","yoast_head_json":{"title":"Computherm B400 R\u00e1di\u00f3 frekvenci\u00e1s Wi-fi szobatermoszt\u00e1t - Varjas F\u0171t\u0151f\u00f3lia","robots":{"index":"index","follow":"follow","max-snippet":"max-snippet:-1","max-image-preview":"max-image-preview:large","max-video-preview":"max-video-preview:-1"},"canonical":"https:\/\/varjasfutofolia.hu\/de\/termek\/computherm-b400-radio-frekvencias-wi-fi-szobatermosztat\/","og_locale":"de_DE","og_type":"article","og_title":"Computherm B400 R\u00e1di\u00f3 frekvenci\u00e1s Wi-fi szobatermoszt\u00e1t - Varjas F\u0171t\u0151f\u00f3lia","og_description":"Kezel\u0151fel\u00fclet: \u00e9rint\u0151k\u00e9perny\u0151, telefonos applik\u00e1ci\u00f3, weboldal  Be\u00e1ll\u00edthat\u00f3 kapcsol\u00e1si \u00e9rz\u00e9kenys\u00e9g: 0 \u00b0C -74 \u00b0C (0,1 \u00b0C-os l\u00e9p\u00e9sekben)  Az ad\u00f3 b\u00e1rhov\u00e1 vihet\u0151 a lak\u00e1sban  2 \u00e9v garancia  Vezet\u00e9k n\u00e9lk\u00fcli kommunik\u00e1ci\u00f3 hat\u00f3t\u00e1vols\u00e1ga: kb. 250 m ny\u00edlt terepen","og_url":"https:\/\/varjasfutofolia.hu\/de\/termek\/computherm-b400-radio-frekvencias-wi-fi-szobatermosztat\/","og_site_name":"Varjas F\u0171t\u0151f\u00f3lia","article_modified_time":"2024-12-01T23:02:34+00:00","twitter_card":"summary_large_image","twitter_misc":{"Gesch\u00e4tzte Lesezeit":"3\u00a0Minuten"},"schema":{"@context":"https:\/\/schema.org","@graph":[{"@type":"WebPage","@id":"https:\/\/varjasfutofolia.hu\/termek\/computherm-b400-radio-frekvencias-wi-fi-szobatermosztat\/","url":"https:\/\/varjasfutofolia.hu\/termek\/computherm-b400-radio-frekvencias-wi-fi-szobatermosztat\/","name":"Computherm B400 R\u00e1di\u00f3 frekvenci\u00e1s Wi-fi szobatermoszt\u00e1t - Varjas F\u0171t\u0151f\u00f3lia","isPartOf":{"@id":"https:\/\/varjasfutofolia.hu\/#website"},"primaryImageOfPage":{"@id":"https:\/\/varjasfutofolia.hu\/termek\/computherm-b400-radio-frekvencias-wi-fi-szobatermosztat\/#primaryimage"},"image":{"@id":"https:\/\/varjasfutofolia.hu\/termek\/computherm-b400-radio-frekvencias-wi-fi-szobatermosztat\/#primaryimage"},"thumbnailUrl":"https:\/\/varjasfutofolia.hu\/wp-content\/uploads\/2021\/11\/Computherm-B400.png","datePublished":"2024-12-01T23:02:31+00:00","dateModified":"2024-12-01T23:02:34+00:00","breadcrumb":{"@id":"https:\/\/varjasfutofolia.hu\/termek\/computherm-b400-radio-frekvencias-wi-fi-szobatermosztat\/#breadcrumb"},"inLanguage":"de-DE","potentialAction":[{"@type":"ReadAction","target":["https:\/\/varjasfutofolia.hu\/termek\/computherm-b400-radio-frekvencias-wi-fi-szobatermosztat\/"]}]},{"@type":"ImageObject","inLanguage":"de-DE","@id":"https:\/\/varjasfutofolia.hu\/termek\/computherm-b400-radio-frekvencias-wi-fi-szobatermosztat\/#primaryimage","url":"https:\/\/varjasfutofolia.hu\/wp-content\/uploads\/2021\/11\/Computherm-B400.png","contentUrl":"https:\/\/varjasfutofolia.hu\/wp-content\/uploads\/2021\/11\/Computherm-B400.png","width":491,"height":344},{"@type":"BreadcrumbList","@id":"https:\/\/varjasfutofolia.hu\/termek\/computherm-b400-radio-frekvencias-wi-fi-szobatermosztat\/#breadcrumb","itemListElement":[{"@type":"ListItem","position":1,"name":"Kezd\u0151lap","item":"https:\/\/varjasfutofolia.hu\/"},{"@type":"ListItem","position":2,"name":"\u00dczlet","item":"https:\/\/varjasfutofolia.hu\/uzlet\/"},{"@type":"ListItem","position":3,"name":"Computherm B400 R\u00e1di\u00f3 frekvenci\u00e1s Wi-fi szobatermoszt\u00e1t"}]},{"@type":"WebSite","@id":"https:\/\/varjasfutofolia.hu\/#website","url":"https:\/\/varjasfutofolia.hu\/","name":"Varjas F\u0171t\u0151f\u00f3lia","description":"A Nap melege az \u00d6n otthon\u00e1ban","potentialAction":[{"@type":"SearchAction","target":{"@type":"EntryPoint","urlTemplate":"https:\/\/varjasfutofolia.hu\/?s={search_term_string}"},"query-input":{"@type":"PropertyValueSpecification","valueRequired":true,"valueName":"search_term_string"}}],"inLanguage":"de-DE"}]}},"_links":{"self":[{"href":"https:\/\/varjasfutofolia.hu\/de\/wp-json\/wp\/v2\/product\/9931731","targetHints":{"allow":["GET"]}}],"collection":[{"href":"https:\/\/varjasfutofolia.hu\/de\/wp-json\/wp\/v2\/product"}],"about":[{"href":"https:\/\/varjasfutofolia.hu\/de\/wp-json\/wp\/v2\/types\/product"}],"replies":[{"embeddable":true,"href":"https:\/\/varjasfutofolia.hu\/de\/wp-json\/wp\/v2\/comments?post=9931731"}],"wp:featuredmedia":[{"embeddable":true,"href":"https:\/\/varjasfutofolia.hu\/de\/wp-json\/wp\/v2\/media\/9921530"}],"wp:attachment":[{"href":"https:\/\/varjasfutofolia.hu\/de\/wp-json\/wp\/v2\/media?parent=9931731"}],"wp:term":[{"taxonomy":"product_brand","embeddable":true,"href":"https:\/\/varjasfutofolia.hu\/de\/wp-json\/wp\/v2\/product_brand?post=9931731"},{"taxonomy":"product_cat","embeddable":true,"href":"https:\/\/varjasfutofolia.hu\/de\/wp-json\/wp\/v2\/product_cat?post=9931731"},{"taxonomy":"product_tag","embeddable":true,"href":"https:\/\/varjasfutofolia.hu\/de\/wp-json\/wp\/v2\/product_tag?post=9931731"}],"curies":[{"name":"wp","href":"https:\/\/api.w.org\/{rel}","templated":true}]}}