{"id":9931716,"date":"2024-12-02T00:02:22","date_gmt":"2024-12-01T23:02:22","guid":{"rendered":"https:\/\/varjasfutofolia.hu\/?post_type=product&#038;p=9931716"},"modified":"2024-12-02T00:02:28","modified_gmt":"2024-12-01T23:02:28","slug":"premium-uveg-termosztat-feher-szinben-b1000","status":"publish","type":"product","link":"https:\/\/varjasfutofolia.hu\/de\/termek\/premium-uveg-termosztat-feher-szinben-b1000\/","title":{"rendered":"Pr\u00e9mium \u00fcveg termoszt\u00e1t feh\u00e9r sz\u00ednben B1000"},"content":{"rendered":"<p>Ez csod\u00e1latos \u00fcveg termoszt minden lak\u00e1sban j\u00f3l tud kin\u00e9zni. Magas min\u0151s\u00e9g\u0171 alapanyagok felhaszn\u00e1l\u00e1s\u00e1val k\u00e9sz\u00fclt. T\u00f6k\u00e9letes v\u00e1laszt\u00e1s b\u00e1rmely elektromos f\u0171t\u00e9s, vagy infraf\u0171t\u00e9s vez\u00e9rl\u00e9s\u00e9re.<\/p>\n<p>Ez a termoszt\u00e1tja egyenletesen \u00e9s k\u00e9nyelmesen szab\u00e1lyozza az ingatlan minden szob\u00e1j\u00e1t. Mi a technol\u00f3gi\u00e1t, a k\u00e9zm\u0171vess\u00e9get \u00e9s a magas min\u0151s\u00e9g\u0171 anyagokat tal\u00e1lkoztattuk \u00f6ssze, hogy egy biztons\u00e1gos, letisztult design-t \u00e9s megb\u00edzhat\u00f3 term\u00e9ket biztos\u00edtsunk \u00d6nnek.<\/p>\n<h2><strong>Az \u00fcveg TERMOSZT\u00c1T<\/strong><\/h2>\n<p>Az 1000-e sorozat elektromos <a href=\"https:\/\/www.futofolia.hu\/padlofutes\/\">padl\u00f3f\u0171t\u00e9s<\/a>, <a href=\"https:\/\/www.futofolia.hu\/mennyezetfutes\/\">mennyezetf\u0171t\u00e9s<\/a> vagy <a href=\"https:\/\/www.futofolia.hu\/falfutes\/\">falf\u0171t\u00e9s<\/a> vez\u00e9rl\u00e9s\u00e9hez lett kifejlesztve. Ezeket az egys\u00e9geket a kereskedelmi, az ipari, a mindennapi \u00e9s h\u00e1ztart\u00e1si ingatlanokhoz tervezt\u00e9k.<\/p>\n<p><a href=\"https:\/\/www.futofolia.hu\/wp-content\/uploads\/2021\/06\/termosztat-felhasznalasi-lehetoseg.jpg\"><img loading=\"lazy\" decoding=\"async\" class=\"alignnone wp-image-9913785 size-full\" src=\"https:\/\/www.futofolia.hu\/wp-content\/uploads\/2021\/06\/termosztat-felhasznalasi-lehetoseg.jpg\" alt=\"termoszt\u00e1t felhaszn\u00e1l\u00e1si lehet\u0151s\u00e9g\" width=\"1093\" height=\"496\" \/><\/a><\/p>\n<h3><strong>Szoba termoszt\u00e1t megjelen\u00e9se<\/strong><\/h3>\n<ol>\n<li>Feh\u00e9r vagy k\u00e9k h\u00e1tt\u00e9rvil\u00e1g\u00edt\u00e1s<\/li>\n<li>65,9 * 48,6 mm \u00e1tm\u00e9r\u0151j\u0171 megjelen\u00e9si ter\u00fclet a szeme megv\u00e9d\u00e9se \u00e9rdek\u00e9ben<\/li>\n<li>\u00dcveg vagy akril lencse az \u00d6n v\u00e1laszt\u00e1sa szerint<\/li>\n<li>\u00c9rint\u0151k\u00e9perny\u0151 az egyszer\u0171bb m\u0171k\u00f6dtet\u00e9s \u00e9rdek\u00e9ben<\/li>\n<li>Csod\u00e1latos ez\u00fcst keret egy modern \u00e9lethez<\/li>\n<li>A l\u00e1that\u00f3 vastags\u00e1g a fal felett mind\u00f6ssze csak 13 mm<\/li>\n<li>A szerkezet a csatlakoztat\u00e1shoz az egyszer\u0171 telep\u00edt\u00e9st teszi lehet\u0151v\u00e9<\/li>\n<li>86 mm rejtett dobozhoz \u00e9s az eur\u00f3pai 60 mm kerek dobozhoz alkalmas<\/li>\n<\/ol>\n<p><strong>Funkci\u00f3i<\/strong><\/p>\n<ol>\n<li>Hat\u00e9kony funkci\u00f3k \u00e1llnak rendelkez\u00e9sre.<\/li>\n<li>0,5 \u00b0 C pontoss\u00e1g a be\u00e1ll\u00edtott szinten bel\u00fcl tartja a h\u0151m\u00e9rs\u00e9kletet<\/li>\n<li>Adatmem\u00f3ria kikapcsolt \u00e1llapotban is<\/li>\n<li>5 + 2 hat programozhat\u00f3 peri\u00f3dus maximaliz\u00e1lja a k\u00e9nyelmet \u00e9s a gazdas\u00e1goss\u00e1got<\/li>\n<li>Az \u00f6sszes be\u00e1ll\u00edt\u00e1si nyelv szinkroniz\u00e1lhat\u00f3 az id\u0151z\u00f3n\u00e1j\u00e1val, c\u00edm\u00e9vel \u00e9s az anyanyelv\u00e9vel<\/li>\n<\/ol>\n<p>&nbsp;<\/p>\n<p><a href=\"https:\/\/www.futofolia.hu\/wp-content\/uploads\/2021\/06\/uveg-termosztat.jpg\"><img loading=\"lazy\" decoding=\"async\" class=\"alignnone wp-image-9913788 size-full\" src=\"https:\/\/www.futofolia.hu\/wp-content\/uploads\/2021\/06\/uveg-termosztat.jpg\" alt=\"\u00fcveg termosztat feh\u00e9r\" width=\"675\" height=\"664\" \/><\/a><\/p>\n<p><a href=\"https:\/\/www.futofolia.hu\/wp-content\/uploads\/2021\/06\/uveg-termosztat-bekotes.jpg\"><img loading=\"lazy\" decoding=\"async\" class=\"alignnone wp-image-9913786 size-full\" src=\"https:\/\/www.futofolia.hu\/wp-content\/uploads\/2021\/06\/uveg-termosztat-bekotes.jpg\" alt=\"\u00fcveg termosztat feh\u00e9r\" width=\"831\" height=\"445\" \/><\/a><\/p>\n<p>&nbsp;<\/p>\n<p><strong>TECHNIKAI ADATOK<\/strong><\/p>\n<p>T\u00e1pegys\u00e9g: 95 ~ 240 VAC, 50 ~ 60HZ<\/p>\n<p>Aktu\u00e1lis terhel\u00e9s: Elektromos f\u0171t\u00e9s 16A, V\u00edz\/g\u00e1z bojler, V\u00edzf\u0171t\u00e9s 5A<\/p>\n<p>\u00c9rz\u00e9kel\u0151: NTC<\/p>\n<p>Pontoss\u00e1g: \u00b1 0,5 \u2103 vagy \u00b1 1 \u2109<\/p>\n<p>Be\u00e1ll\u00edtott h\u0151m\u00e9rs\u00e9klet tartom\u00e1ny: 5 -35 <sup>o<\/sup>C<\/p>\n<p>Megjelen\u00edt\u00e9si h\u0151m\u00e9rs\u00e9klet tartom\u00e1ny: 5 ~ 99 <sup>o<\/sup>C<\/p>\n<p>K\u00f6rnyezeti h\u0151m\u00e9rs\u00e9klet: 0 ~ 45 \u2103<\/p>\n<p>K\u00f6rnyezeti p\u00e1ratartalom: 5 ~ 95% relat\u00edv p\u00e1ratartalom (nem kondenz\u00e1l\u00f3)<\/p>\n<p>T\u00e1rol\u00e1si h\u0151m\u00e9rs\u00e9klet: -5 ~ 45 \u2103<\/p>\n<p>Energiafogyaszt\u00e1s: &lt;1,5 W<\/p>\n<p>Id\u0151z\u00edt\u00e9si hiba: &lt;1%<\/p>\n<p>Anyaga: PC + ABS (t\u0171z\u00e1ll\u00f3)<\/p>\n<p>Telep\u00edt\u00e9si doboz: 86*86 mm kocka vagy eur\u00f3pai 60 mm kerek doboz<\/p>\n<p>Vezet\u00e9k kivezet\u00e9sek: vezet\u00e9k 2 * 1,5 mm<sup>2<\/sup> or 1 * 2,5 mm<sup>2<\/sup><\/p>\n<p>V\u00e9delmi besorol\u00e1s: IP20<\/p>\n<p>Gombok: kapacit\u00edv \u00e9rint\u0151gombok<\/p>\n","protected":false},"excerpt":{"rendered":"<h3><\/h3>\n<h3><strong>\u00dcVEG TERMOSZT\u00c1T TECHNIKAI ADATOK<\/strong><\/h3>\n<p>T\u00e1pegys\u00e9g: 95 ~ 240 VAC, 50 ~ 60HZ<br \/>\nAktu\u00e1lis terhel\u00e9s: Elektromos f\u0171t\u00e9s 16A<br \/>\n\u00c9rz\u00e9kel\u0151: NTC3950, 10K<br \/>\nPontoss\u00e1g: \u00b1 0,5 \u2103 vagy \u00b1 1 \u2109<br \/>\nBe\u00e1ll\u00edtott h\u0151m\u00e9rs\u00e9klet tartom\u00e1ny: 5 -35 <sup>o<\/sup>C<br \/>\nMegjelen\u00edt\u00e9si h\u0151m\u00e9rs\u00e9klet tartom\u00e1ny: 5 ~ 99 <sup>o<\/sup>C<br \/>\nK\u00f6rnyezeti h\u0151m\u00e9rs\u00e9klet: 0 ~ 45 \u2103<br \/>\nK\u00f6rnyezeti p\u00e1ratartalom: 5 ~ 95% relat\u00edv p\u00e1ratartalom (nem kondenz\u00e1l\u00f3)<br \/>\nEnergiafogyaszt\u00e1s: &lt;1,5 W<br \/>\nId\u0151z\u00edt\u00e9si hiba: &lt;1%<br \/>\nAnyaga: PC + ABS (t\u0171z\u00e1ll\u00f3)<br \/>\nTelep\u00edt\u00e9si doboz: 86*86 mm kocka vagy eur\u00f3pai 60 mm kerek doboz<br \/>\nVezet\u00e9k kivezet\u00e9sek: vezet\u00e9k 2 * 1,5 mm<sup>2<\/sup> or 1 * 2,5 mm<sup>2<\/sup><br \/>\nV\u00e9delmi besorol\u00e1s: IP20<br \/>\nGombok: \u00e9rint\u0151gombok<\/p>\n<p>Garancia: 1\u00e9v<\/p>\n","protected":false},"featured_media":9921503,"comment_status":"open","ping_status":"closed","template":"","meta":{"_et_pb_use_builder":"","_et_pb_old_content":"","_et_gb_content_width":""},"product_brand":[],"product_cat":[29],"product_tag":[97,98,99,37],"class_list":{"0":"post-9931716","1":"product","2":"type-product","3":"status-publish","4":"has-post-thumbnail","6":"product_cat-termosztat","7":"product_tag-digitalis-termosztat","8":"product_tag-fali-termosztat","9":"product_tag-szoba-termosztat","10":"product_tag-termosztat","12":"first","13":"outofstock","14":"taxable","15":"shipping-taxable","16":"purchasable","17":"product-type-simple"},"yoast_head":"<!-- This site is optimized with the Yoast SEO plugin v26.0 - https:\/\/yoast.com\/wordpress\/plugins\/seo\/ -->\n<title>Pr\u00e9mium \u00fcveg termoszt\u00e1t feh\u00e9r sz\u00ednben B1000 - Varjas F\u0171t\u0151f\u00f3lia<\/title>\n<meta name=\"robots\" content=\"index, follow, max-snippet:-1, max-image-preview:large, max-video-preview:-1\" \/>\n<link rel=\"canonical\" href=\"https:\/\/varjasfutofolia.hu\/de\/termek\/premium-uveg-termosztat-feher-szinben-b1000\/\" \/>\n<meta property=\"og:locale\" content=\"de_DE\" \/>\n<meta property=\"og:locale:alternate\" content=\"en_US\" \/>\n<meta property=\"og:locale:alternate\" content=\"hu_HU\" \/>\n<meta property=\"og:type\" content=\"article\" \/>\n<meta property=\"og:title\" content=\"Pr\u00e9mium \u00fcveg termoszt\u00e1t feh\u00e9r sz\u00ednben B1000 - Varjas F\u0171t\u0151f\u00f3lia\" \/>\n<meta property=\"og:description\" content=\"\u00dcVEG TERMOSZT\u00c1T TECHNIKAI ADATOK T\u00e1pegys\u00e9g: 95 ~ 240 VAC, 50 ~ 60HZ Aktu\u00e1lis terhel\u00e9s: Elektromos f\u0171t\u00e9s 16A \u00c9rz\u00e9kel\u0151: NTC3950, 10K Pontoss\u00e1g: \u00b1 0,5 \u2103 vagy \u00b1 1 \u2109 Be\u00e1ll\u00edtott h\u0151m\u00e9rs\u00e9klet tartom\u00e1ny: 5 -35 oC Megjelen\u00edt\u00e9si h\u0151m\u00e9rs\u00e9klet tartom\u00e1ny: 5 ~ 99 oC K\u00f6rnyezeti h\u0151m\u00e9rs\u00e9klet: 0 ~ 45 \u2103 K\u00f6rnyezeti p\u00e1ratartalom: 5 ~ 95% relat\u00edv p\u00e1ratartalom (nem kondenz\u00e1l\u00f3) Energiafogyaszt\u00e1s: &lt;1,5 W Id\u0151z\u00edt\u00e9si hiba: &lt;1% Anyaga: PC + ABS (t\u0171z\u00e1ll\u00f3) Telep\u00edt\u00e9si doboz: 86*86 mm kocka vagy eur\u00f3pai 60 mm kerek doboz Vezet\u00e9k kivezet\u00e9sek: vezet\u00e9k 2 * 1,5 mm2 or 1 * 2,5 mm2 V\u00e9delmi besorol\u00e1s: IP20 Gombok: \u00e9rint\u0151gombok  Garancia: 1\u00e9v\" \/>\n<meta property=\"og:url\" content=\"https:\/\/varjasfutofolia.hu\/de\/termek\/premium-uveg-termosztat-feher-szinben-b1000\/\" \/>\n<meta property=\"og:site_name\" content=\"Varjas F\u0171t\u0151f\u00f3lia\" \/>\n<meta property=\"article:modified_time\" content=\"2024-12-01T23:02:28+00:00\" \/>\n<meta name=\"twitter:card\" content=\"summary_large_image\" \/>\n<meta name=\"twitter:label1\" content=\"Gesch\u00e4tzte Lesezeit\" \/>\n\t<meta name=\"twitter:data1\" content=\"2\u00a0Minuten\" \/>\n<script type=\"application\/ld+json\" class=\"yoast-schema-graph\">{\"@context\":\"https:\/\/schema.org\",\"@graph\":[{\"@type\":\"WebPage\",\"@id\":\"https:\/\/varjasfutofolia.hu\/termek\/premium-uveg-termosztat-feher-szinben-b1000\/\",\"url\":\"https:\/\/varjasfutofolia.hu\/termek\/premium-uveg-termosztat-feher-szinben-b1000\/\",\"name\":\"Pr\u00e9mium \u00fcveg termoszt\u00e1t feh\u00e9r sz\u00ednben B1000 - Varjas F\u0171t\u0151f\u00f3lia\",\"isPartOf\":{\"@id\":\"https:\/\/varjasfutofolia.hu\/#website\"},\"primaryImageOfPage\":{\"@id\":\"https:\/\/varjasfutofolia.hu\/termek\/premium-uveg-termosztat-feher-szinben-b1000\/#primaryimage\"},\"image\":{\"@id\":\"https:\/\/varjasfutofolia.hu\/termek\/premium-uveg-termosztat-feher-szinben-b1000\/#primaryimage\"},\"thumbnailUrl\":\"https:\/\/varjasfutofolia.hu\/wp-content\/uploads\/2021\/11\/uveg-termosztat-feher.jpg\",\"datePublished\":\"2024-12-01T23:02:22+00:00\",\"dateModified\":\"2024-12-01T23:02:28+00:00\",\"breadcrumb\":{\"@id\":\"https:\/\/varjasfutofolia.hu\/termek\/premium-uveg-termosztat-feher-szinben-b1000\/#breadcrumb\"},\"inLanguage\":\"de-DE\",\"potentialAction\":[{\"@type\":\"ReadAction\",\"target\":[\"https:\/\/varjasfutofolia.hu\/termek\/premium-uveg-termosztat-feher-szinben-b1000\/\"]}]},{\"@type\":\"ImageObject\",\"inLanguage\":\"de-DE\",\"@id\":\"https:\/\/varjasfutofolia.hu\/termek\/premium-uveg-termosztat-feher-szinben-b1000\/#primaryimage\",\"url\":\"https:\/\/varjasfutofolia.hu\/wp-content\/uploads\/2021\/11\/uveg-termosztat-feher.jpg\",\"contentUrl\":\"https:\/\/varjasfutofolia.hu\/wp-content\/uploads\/2021\/11\/uveg-termosztat-feher.jpg\",\"width\":632,\"height\":623},{\"@type\":\"BreadcrumbList\",\"@id\":\"https:\/\/varjasfutofolia.hu\/termek\/premium-uveg-termosztat-feher-szinben-b1000\/#breadcrumb\",\"itemListElement\":[{\"@type\":\"ListItem\",\"position\":1,\"name\":\"Kezd\u0151lap\",\"item\":\"https:\/\/varjasfutofolia.hu\/\"},{\"@type\":\"ListItem\",\"position\":2,\"name\":\"\u00dczlet\",\"item\":\"https:\/\/varjasfutofolia.hu\/uzlet\/\"},{\"@type\":\"ListItem\",\"position\":3,\"name\":\"Pr\u00e9mium \u00fcveg termoszt\u00e1t feh\u00e9r sz\u00ednben B1000\"}]},{\"@type\":\"WebSite\",\"@id\":\"https:\/\/varjasfutofolia.hu\/#website\",\"url\":\"https:\/\/varjasfutofolia.hu\/\",\"name\":\"Varjas F\u0171t\u0151f\u00f3lia\",\"description\":\"A Nap melege az \u00d6n otthon\u00e1ban\",\"potentialAction\":[{\"@type\":\"SearchAction\",\"target\":{\"@type\":\"EntryPoint\",\"urlTemplate\":\"https:\/\/varjasfutofolia.hu\/?s={search_term_string}\"},\"query-input\":{\"@type\":\"PropertyValueSpecification\",\"valueRequired\":true,\"valueName\":\"search_term_string\"}}],\"inLanguage\":\"de-DE\"}]}<\/script>\n<!-- \/ Yoast SEO plugin. -->","yoast_head_json":{"title":"Pr\u00e9mium \u00fcveg termoszt\u00e1t feh\u00e9r sz\u00ednben B1000 - Varjas F\u0171t\u0151f\u00f3lia","robots":{"index":"index","follow":"follow","max-snippet":"max-snippet:-1","max-image-preview":"max-image-preview:large","max-video-preview":"max-video-preview:-1"},"canonical":"https:\/\/varjasfutofolia.hu\/de\/termek\/premium-uveg-termosztat-feher-szinben-b1000\/","og_locale":"de_DE","og_type":"article","og_title":"Pr\u00e9mium \u00fcveg termoszt\u00e1t feh\u00e9r sz\u00ednben B1000 - Varjas F\u0171t\u0151f\u00f3lia","og_description":"\u00dcVEG TERMOSZT\u00c1T TECHNIKAI ADATOK T\u00e1pegys\u00e9g: 95 ~ 240 VAC, 50 ~ 60HZ Aktu\u00e1lis terhel\u00e9s: Elektromos f\u0171t\u00e9s 16A \u00c9rz\u00e9kel\u0151: NTC3950, 10K Pontoss\u00e1g: \u00b1 0,5 \u2103 vagy \u00b1 1 \u2109 Be\u00e1ll\u00edtott h\u0151m\u00e9rs\u00e9klet tartom\u00e1ny: 5 -35 oC Megjelen\u00edt\u00e9si h\u0151m\u00e9rs\u00e9klet tartom\u00e1ny: 5 ~ 99 oC K\u00f6rnyezeti h\u0151m\u00e9rs\u00e9klet: 0 ~ 45 \u2103 K\u00f6rnyezeti p\u00e1ratartalom: 5 ~ 95% relat\u00edv p\u00e1ratartalom (nem kondenz\u00e1l\u00f3) Energiafogyaszt\u00e1s: &lt;1,5 W Id\u0151z\u00edt\u00e9si hiba: &lt;1% Anyaga: PC + ABS (t\u0171z\u00e1ll\u00f3) Telep\u00edt\u00e9si doboz: 86*86 mm kocka vagy eur\u00f3pai 60 mm kerek doboz Vezet\u00e9k kivezet\u00e9sek: vezet\u00e9k 2 * 1,5 mm2 or 1 * 2,5 mm2 V\u00e9delmi besorol\u00e1s: IP20 Gombok: \u00e9rint\u0151gombok  Garancia: 1\u00e9v","og_url":"https:\/\/varjasfutofolia.hu\/de\/termek\/premium-uveg-termosztat-feher-szinben-b1000\/","og_site_name":"Varjas F\u0171t\u0151f\u00f3lia","article_modified_time":"2024-12-01T23:02:28+00:00","twitter_card":"summary_large_image","twitter_misc":{"Gesch\u00e4tzte Lesezeit":"2\u00a0Minuten"},"schema":{"@context":"https:\/\/schema.org","@graph":[{"@type":"WebPage","@id":"https:\/\/varjasfutofolia.hu\/termek\/premium-uveg-termosztat-feher-szinben-b1000\/","url":"https:\/\/varjasfutofolia.hu\/termek\/premium-uveg-termosztat-feher-szinben-b1000\/","name":"Pr\u00e9mium \u00fcveg termoszt\u00e1t feh\u00e9r sz\u00ednben B1000 - Varjas F\u0171t\u0151f\u00f3lia","isPartOf":{"@id":"https:\/\/varjasfutofolia.hu\/#website"},"primaryImageOfPage":{"@id":"https:\/\/varjasfutofolia.hu\/termek\/premium-uveg-termosztat-feher-szinben-b1000\/#primaryimage"},"image":{"@id":"https:\/\/varjasfutofolia.hu\/termek\/premium-uveg-termosztat-feher-szinben-b1000\/#primaryimage"},"thumbnailUrl":"https:\/\/varjasfutofolia.hu\/wp-content\/uploads\/2021\/11\/uveg-termosztat-feher.jpg","datePublished":"2024-12-01T23:02:22+00:00","dateModified":"2024-12-01T23:02:28+00:00","breadcrumb":{"@id":"https:\/\/varjasfutofolia.hu\/termek\/premium-uveg-termosztat-feher-szinben-b1000\/#breadcrumb"},"inLanguage":"de-DE","potentialAction":[{"@type":"ReadAction","target":["https:\/\/varjasfutofolia.hu\/termek\/premium-uveg-termosztat-feher-szinben-b1000\/"]}]},{"@type":"ImageObject","inLanguage":"de-DE","@id":"https:\/\/varjasfutofolia.hu\/termek\/premium-uveg-termosztat-feher-szinben-b1000\/#primaryimage","url":"https:\/\/varjasfutofolia.hu\/wp-content\/uploads\/2021\/11\/uveg-termosztat-feher.jpg","contentUrl":"https:\/\/varjasfutofolia.hu\/wp-content\/uploads\/2021\/11\/uveg-termosztat-feher.jpg","width":632,"height":623},{"@type":"BreadcrumbList","@id":"https:\/\/varjasfutofolia.hu\/termek\/premium-uveg-termosztat-feher-szinben-b1000\/#breadcrumb","itemListElement":[{"@type":"ListItem","position":1,"name":"Kezd\u0151lap","item":"https:\/\/varjasfutofolia.hu\/"},{"@type":"ListItem","position":2,"name":"\u00dczlet","item":"https:\/\/varjasfutofolia.hu\/uzlet\/"},{"@type":"ListItem","position":3,"name":"Pr\u00e9mium \u00fcveg termoszt\u00e1t feh\u00e9r sz\u00ednben B1000"}]},{"@type":"WebSite","@id":"https:\/\/varjasfutofolia.hu\/#website","url":"https:\/\/varjasfutofolia.hu\/","name":"Varjas F\u0171t\u0151f\u00f3lia","description":"A Nap melege az \u00d6n otthon\u00e1ban","potentialAction":[{"@type":"SearchAction","target":{"@type":"EntryPoint","urlTemplate":"https:\/\/varjasfutofolia.hu\/?s={search_term_string}"},"query-input":{"@type":"PropertyValueSpecification","valueRequired":true,"valueName":"search_term_string"}}],"inLanguage":"de-DE"}]}},"_links":{"self":[{"href":"https:\/\/varjasfutofolia.hu\/de\/wp-json\/wp\/v2\/product\/9931716","targetHints":{"allow":["GET"]}}],"collection":[{"href":"https:\/\/varjasfutofolia.hu\/de\/wp-json\/wp\/v2\/product"}],"about":[{"href":"https:\/\/varjasfutofolia.hu\/de\/wp-json\/wp\/v2\/types\/product"}],"replies":[{"embeddable":true,"href":"https:\/\/varjasfutofolia.hu\/de\/wp-json\/wp\/v2\/comments?post=9931716"}],"wp:featuredmedia":[{"embeddable":true,"href":"https:\/\/varjasfutofolia.hu\/de\/wp-json\/wp\/v2\/media\/9921503"}],"wp:attachment":[{"href":"https:\/\/varjasfutofolia.hu\/de\/wp-json\/wp\/v2\/media?parent=9931716"}],"wp:term":[{"taxonomy":"product_brand","embeddable":true,"href":"https:\/\/varjasfutofolia.hu\/de\/wp-json\/wp\/v2\/product_brand?post=9931716"},{"taxonomy":"product_cat","embeddable":true,"href":"https:\/\/varjasfutofolia.hu\/de\/wp-json\/wp\/v2\/product_cat?post=9931716"},{"taxonomy":"product_tag","embeddable":true,"href":"https:\/\/varjasfutofolia.hu\/de\/wp-json\/wp\/v2\/product_tag?post=9931716"}],"curies":[{"name":"wp","href":"https:\/\/api.w.org\/{rel}","templated":true}]}}