{"id":9931714,"date":"2024-12-02T00:02:22","date_gmt":"2024-12-01T23:02:22","guid":{"rendered":"https:\/\/varjasfutofolia.hu\/?post_type=product&#038;p=9931714"},"modified":"2025-09-28T03:10:08","modified_gmt":"2025-09-28T01:10:08","slug":"aluminium-ragaszto-likewarm-alu-futoszonyeghez","status":"publish","type":"product","link":"https:\/\/varjasfutofolia.hu\/de\/termek\/aluminium-ragaszto-likewarm-alu-futoszonyeghez\/","title":{"rendered":"Aluminium ragaszt\u00f3 likewarm &#8211; Alu f\u0171t\u0151sz\u0151nyeghez"},"content":{"rendered":"","protected":false},"excerpt":{"rendered":"<p>Sz\u00e9less\u00e9g: 50 mm<\/p>\n<p>Vastags\u00e1g: 1,2 mm<\/p>\n<p>Hossz\u00fas\u00e1g: 50 m<\/p>\n<p>&nbsp;<\/p>\n","protected":false},"featured_media":9921499,"comment_status":"open","ping_status":"closed","template":"","meta":{"_et_pb_use_builder":"","_et_pb_old_content":"","_et_gb_content_width":""},"product_brand":[],"product_cat":[44,69,48,58],"product_tag":[],"class_list":{"0":"post-9931714","1":"product","2":"type-product","3":"status-publish","4":"has-post-thumbnail","6":"product_cat-futoszonyeg-melegburkolathoz-100-watt-m2","7":"product_cat-futoszonyeg-melegburkolathoz-130-watt-m2","8":"product_cat-futoszonyeg-melegburkolathoz-150-watt-m2","9":"product_cat-futoszonyeg-melegburkolathoz-80-watt-m2","11":"first","12":"instock","13":"taxable","14":"shipping-taxable","15":"purchasable","16":"product-type-simple"},"yoast_head":"<!-- This site is optimized with the Yoast SEO plugin v26.0 - https:\/\/yoast.com\/wordpress\/plugins\/seo\/ -->\n<title>Aluminium ragaszt\u00f3 likewarm - Alu f\u0171t\u0151sz\u0151nyeghez - Varjas F\u0171t\u0151f\u00f3lia<\/title>\n<meta name=\"robots\" content=\"index, follow, max-snippet:-1, max-image-preview:large, max-video-preview:-1\" \/>\n<link rel=\"canonical\" href=\"https:\/\/varjasfutofolia.hu\/de\/termek\/aluminium-ragaszto-likewarm-alu-futoszonyeghez\/\" \/>\n<meta property=\"og:locale\" content=\"de_DE\" \/>\n<meta property=\"og:locale:alternate\" content=\"en_US\" \/>\n<meta property=\"og:locale:alternate\" content=\"hu_HU\" \/>\n<meta property=\"og:type\" content=\"article\" \/>\n<meta property=\"og:title\" content=\"Aluminium ragaszt\u00f3 likewarm - Alu f\u0171t\u0151sz\u0151nyeghez - Varjas F\u0171t\u0151f\u00f3lia\" \/>\n<meta property=\"og:description\" content=\"Sz\u00e9less\u00e9g: 50 mm  Vastags\u00e1g: 1,2 mm  Hossz\u00fas\u00e1g: 50 m  &nbsp;\" \/>\n<meta property=\"og:url\" content=\"https:\/\/varjasfutofolia.hu\/de\/termek\/aluminium-ragaszto-likewarm-alu-futoszonyeghez\/\" \/>\n<meta property=\"og:site_name\" content=\"Varjas F\u0171t\u0151f\u00f3lia\" \/>\n<meta property=\"article:modified_time\" content=\"2025-09-28T01:10:08+00:00\" \/>\n<meta name=\"twitter:card\" content=\"summary_large_image\" \/>\n<script type=\"application\/ld+json\" class=\"yoast-schema-graph\">{\"@context\":\"https:\/\/schema.org\",\"@graph\":[{\"@type\":\"WebPage\",\"@id\":\"https:\/\/varjasfutofolia.hu\/termek\/aluminium-ragaszto-likewarm-alu-futoszonyeghez\/\",\"url\":\"https:\/\/varjasfutofolia.hu\/termek\/aluminium-ragaszto-likewarm-alu-futoszonyeghez\/\",\"name\":\"Aluminium ragaszt\u00f3 likewarm - Alu f\u0171t\u0151sz\u0151nyeghez - Varjas F\u0171t\u0151f\u00f3lia\",\"isPartOf\":{\"@id\":\"https:\/\/varjasfutofolia.hu\/#website\"},\"primaryImageOfPage\":{\"@id\":\"https:\/\/varjasfutofolia.hu\/termek\/aluminium-ragaszto-likewarm-alu-futoszonyeghez\/#primaryimage\"},\"image\":{\"@id\":\"https:\/\/varjasfutofolia.hu\/termek\/aluminium-ragaszto-likewarm-alu-futoszonyeghez\/#primaryimage\"},\"thumbnailUrl\":\"https:\/\/varjasfutofolia.hu\/wp-content\/uploads\/2021\/11\/ragaszto.png\",\"datePublished\":\"2024-12-01T23:02:22+00:00\",\"dateModified\":\"2025-09-28T01:10:08+00:00\",\"breadcrumb\":{\"@id\":\"https:\/\/varjasfutofolia.hu\/termek\/aluminium-ragaszto-likewarm-alu-futoszonyeghez\/#breadcrumb\"},\"inLanguage\":\"de-DE\",\"potentialAction\":[{\"@type\":\"ReadAction\",\"target\":[\"https:\/\/varjasfutofolia.hu\/termek\/aluminium-ragaszto-likewarm-alu-futoszonyeghez\/\"]}]},{\"@type\":\"ImageObject\",\"inLanguage\":\"de-DE\",\"@id\":\"https:\/\/varjasfutofolia.hu\/termek\/aluminium-ragaszto-likewarm-alu-futoszonyeghez\/#primaryimage\",\"url\":\"https:\/\/varjasfutofolia.hu\/wp-content\/uploads\/2021\/11\/ragaszto.png\",\"contentUrl\":\"https:\/\/varjasfutofolia.hu\/wp-content\/uploads\/2021\/11\/ragaszto.png\",\"width\":530,\"height\":485},{\"@type\":\"BreadcrumbList\",\"@id\":\"https:\/\/varjasfutofolia.hu\/termek\/aluminium-ragaszto-likewarm-alu-futoszonyeghez\/#breadcrumb\",\"itemListElement\":[{\"@type\":\"ListItem\",\"position\":1,\"name\":\"Kezd\u0151lap\",\"item\":\"https:\/\/varjasfutofolia.hu\/\"},{\"@type\":\"ListItem\",\"position\":2,\"name\":\"\u00dczlet\",\"item\":\"https:\/\/varjasfutofolia.hu\/uzlet\/\"},{\"@type\":\"ListItem\",\"position\":3,\"name\":\"Aluminium ragaszt\u00f3 likewarm &#8211; Alu f\u0171t\u0151sz\u0151nyeghez\"}]},{\"@type\":\"WebSite\",\"@id\":\"https:\/\/varjasfutofolia.hu\/#website\",\"url\":\"https:\/\/varjasfutofolia.hu\/\",\"name\":\"Varjas F\u0171t\u0151f\u00f3lia\",\"description\":\"A Nap melege az \u00d6n otthon\u00e1ban\",\"potentialAction\":[{\"@type\":\"SearchAction\",\"target\":{\"@type\":\"EntryPoint\",\"urlTemplate\":\"https:\/\/varjasfutofolia.hu\/?s={search_term_string}\"},\"query-input\":{\"@type\":\"PropertyValueSpecification\",\"valueRequired\":true,\"valueName\":\"search_term_string\"}}],\"inLanguage\":\"de-DE\"}]}<\/script>\n<!-- \/ Yoast SEO plugin. -->","yoast_head_json":{"title":"Aluminium ragaszt\u00f3 likewarm - Alu f\u0171t\u0151sz\u0151nyeghez - Varjas F\u0171t\u0151f\u00f3lia","robots":{"index":"index","follow":"follow","max-snippet":"max-snippet:-1","max-image-preview":"max-image-preview:large","max-video-preview":"max-video-preview:-1"},"canonical":"https:\/\/varjasfutofolia.hu\/de\/termek\/aluminium-ragaszto-likewarm-alu-futoszonyeghez\/","og_locale":"de_DE","og_type":"article","og_title":"Aluminium ragaszt\u00f3 likewarm - Alu f\u0171t\u0151sz\u0151nyeghez - Varjas F\u0171t\u0151f\u00f3lia","og_description":"Sz\u00e9less\u00e9g: 50 mm  Vastags\u00e1g: 1,2 mm  Hossz\u00fas\u00e1g: 50 m  &nbsp;","og_url":"https:\/\/varjasfutofolia.hu\/de\/termek\/aluminium-ragaszto-likewarm-alu-futoszonyeghez\/","og_site_name":"Varjas F\u0171t\u0151f\u00f3lia","article_modified_time":"2025-09-28T01:10:08+00:00","twitter_card":"summary_large_image","schema":{"@context":"https:\/\/schema.org","@graph":[{"@type":"WebPage","@id":"https:\/\/varjasfutofolia.hu\/termek\/aluminium-ragaszto-likewarm-alu-futoszonyeghez\/","url":"https:\/\/varjasfutofolia.hu\/termek\/aluminium-ragaszto-likewarm-alu-futoszonyeghez\/","name":"Aluminium ragaszt\u00f3 likewarm - Alu f\u0171t\u0151sz\u0151nyeghez - Varjas F\u0171t\u0151f\u00f3lia","isPartOf":{"@id":"https:\/\/varjasfutofolia.hu\/#website"},"primaryImageOfPage":{"@id":"https:\/\/varjasfutofolia.hu\/termek\/aluminium-ragaszto-likewarm-alu-futoszonyeghez\/#primaryimage"},"image":{"@id":"https:\/\/varjasfutofolia.hu\/termek\/aluminium-ragaszto-likewarm-alu-futoszonyeghez\/#primaryimage"},"thumbnailUrl":"https:\/\/varjasfutofolia.hu\/wp-content\/uploads\/2021\/11\/ragaszto.png","datePublished":"2024-12-01T23:02:22+00:00","dateModified":"2025-09-28T01:10:08+00:00","breadcrumb":{"@id":"https:\/\/varjasfutofolia.hu\/termek\/aluminium-ragaszto-likewarm-alu-futoszonyeghez\/#breadcrumb"},"inLanguage":"de-DE","potentialAction":[{"@type":"ReadAction","target":["https:\/\/varjasfutofolia.hu\/termek\/aluminium-ragaszto-likewarm-alu-futoszonyeghez\/"]}]},{"@type":"ImageObject","inLanguage":"de-DE","@id":"https:\/\/varjasfutofolia.hu\/termek\/aluminium-ragaszto-likewarm-alu-futoszonyeghez\/#primaryimage","url":"https:\/\/varjasfutofolia.hu\/wp-content\/uploads\/2021\/11\/ragaszto.png","contentUrl":"https:\/\/varjasfutofolia.hu\/wp-content\/uploads\/2021\/11\/ragaszto.png","width":530,"height":485},{"@type":"BreadcrumbList","@id":"https:\/\/varjasfutofolia.hu\/termek\/aluminium-ragaszto-likewarm-alu-futoszonyeghez\/#breadcrumb","itemListElement":[{"@type":"ListItem","position":1,"name":"Kezd\u0151lap","item":"https:\/\/varjasfutofolia.hu\/"},{"@type":"ListItem","position":2,"name":"\u00dczlet","item":"https:\/\/varjasfutofolia.hu\/uzlet\/"},{"@type":"ListItem","position":3,"name":"Aluminium ragaszt\u00f3 likewarm &#8211; Alu f\u0171t\u0151sz\u0151nyeghez"}]},{"@type":"WebSite","@id":"https:\/\/varjasfutofolia.hu\/#website","url":"https:\/\/varjasfutofolia.hu\/","name":"Varjas F\u0171t\u0151f\u00f3lia","description":"A Nap melege az \u00d6n otthon\u00e1ban","potentialAction":[{"@type":"SearchAction","target":{"@type":"EntryPoint","urlTemplate":"https:\/\/varjasfutofolia.hu\/?s={search_term_string}"},"query-input":{"@type":"PropertyValueSpecification","valueRequired":true,"valueName":"search_term_string"}}],"inLanguage":"de-DE"}]}},"_links":{"self":[{"href":"https:\/\/varjasfutofolia.hu\/de\/wp-json\/wp\/v2\/product\/9931714","targetHints":{"allow":["GET"]}}],"collection":[{"href":"https:\/\/varjasfutofolia.hu\/de\/wp-json\/wp\/v2\/product"}],"about":[{"href":"https:\/\/varjasfutofolia.hu\/de\/wp-json\/wp\/v2\/types\/product"}],"replies":[{"embeddable":true,"href":"https:\/\/varjasfutofolia.hu\/de\/wp-json\/wp\/v2\/comments?post=9931714"}],"wp:featuredmedia":[{"embeddable":true,"href":"https:\/\/varjasfutofolia.hu\/de\/wp-json\/wp\/v2\/media\/9921499"}],"wp:attachment":[{"href":"https:\/\/varjasfutofolia.hu\/de\/wp-json\/wp\/v2\/media?parent=9931714"}],"wp:term":[{"taxonomy":"product_brand","embeddable":true,"href":"https:\/\/varjasfutofolia.hu\/de\/wp-json\/wp\/v2\/product_brand?post=9931714"},{"taxonomy":"product_cat","embeddable":true,"href":"https:\/\/varjasfutofolia.hu\/de\/wp-json\/wp\/v2\/product_cat?post=9931714"},{"taxonomy":"product_tag","embeddable":true,"href":"https:\/\/varjasfutofolia.hu\/de\/wp-json\/wp\/v2\/product_tag?post=9931714"}],"curies":[{"name":"wp","href":"https:\/\/api.w.org\/{rel}","templated":true}]}}