{"id":9931712,"date":"2024-12-02T00:02:22","date_gmt":"2024-12-01T23:02:22","guid":{"rendered":"https:\/\/varjasfutofolia.hu\/?post_type=product&#038;p=9931712"},"modified":"2024-12-02T00:02:27","modified_gmt":"2024-12-01T23:02:27","slug":"tobbzonas-vezerlo-taphome","status":"publish","type":"product","link":"https:\/\/varjasfutofolia.hu\/de\/termek\/tobbzonas-vezerlo-taphome\/","title":{"rendered":"T\u00f6bbz\u00f3n\u00e1s vez\u00e9rl\u0151 &#8211; Taphome"},"content":{"rendered":"<div class=\"page\" title=\"Page 1\">\n<div class=\"layoutArea\">\n<div class=\"column\">\n<p>Jellemzo\u030bk<\/p>\n<p>\u2022 Funkciona\u0301lis teru\u0308letek: Fu\u030bte\u0301s, hu\u030bte\u0301s, redo\u030bnycsoportok, vila\u0301gi\u0301ta\u0301si jelenetek, ventila\u0301tor tekercse\u0301nek sebesse\u0301ge, kapcsola\u0301si eseme\u0301nyek<br \/>\n\u2022 Szobaho\u030bme\u0301rse\u0301klet-e\u0301rze\u0301kelo\u030b e\u0301s relati\u0301v pa\u0301ratartalom- e\u0301rze\u0301kelo\u030b a fede\u0301lzeten<\/p>\n<p>\u2022 Termina\u0301l az opciona\u0301lis padlo\u0301ho\u030bme\u0301rse\u0301klet-e\u0301rze\u0301kelo\u030bho\u0308z \u2022 Egy termina\u0301l a CO2 csatlakoztata\u0301sa\u0301hoz<br \/>\n\u2022 Zo\u0301na vagy funkcio\u0301va\u0301laszto\u0301. A zo\u0301na\u0301k vagy funkcio\u0301k maxima\u0301lis sza\u0301ma 10.<\/p>\n<p>\u2022 Energiatakare\u0301kos e-ink kijelzo\u030b<br \/>\n\u2022 Vezete\u0301kes ta\u0301pegyse\u0301ggel e\u0301s kommunika\u0301cio\u0301val mu\u030bko\u0308do\u030b TapHome belso\u030b buszon mu\u030bko\u0308dik<br \/>\n\u2022 Teljesi\u0301tme\u0301nyfelve\u0301tel max. 1,2 W<br \/>\n\u2022 U\u0308zemi ho\u030bme\u0301rse\u0301klet 0 e\u0301s 40 C ko\u0308zo\u0308tt<br \/>\n\u2022 Telepi\u0301te\u0301s a villanykapcsolo\u0301k szoka\u0301sos csatlakozo\u0301doboza\u0301ba. Me\u0301retek 8 cm x 8 cm x 0,8 cm a felu\u0308letto\u030bl.<br \/>\n\u2022 Konfigura\u0301cio\u0301 az alkalmaza\u0301son keresztu\u0308l, nem ko\u0308zvetlenu\u0308l az eszko\u0308zo\u0308n.<br \/>\nRendelkeze\u0301sre a\u0301llo\u0301 anyagok<br \/>\n\u2022 Fehe\u0301r: Anyag: Fenix NTM 0032 Bianco Kos, RAL CLASSIC \/ 9016<br \/>\n\u2022 Antracit: Fenix NTM 0724 anyag Grigio Bromo, RAL CLASSIC \/ 7012<br \/>\n\u2022 Fekete: Anyag: Fenix NTM 0720 Nero Ingo, RAL DESIGN \/ 000 25 00<\/p>\n<p><a href=\"https:\/\/www.futofolia.hu\/wp-content\/uploads\/2020\/11\/tobbzonas_vezerlo_1.png\"><img loading=\"lazy\" decoding=\"async\" class=\"alignnone wp-image-9906897 size-full\" src=\"https:\/\/www.futofolia.hu\/wp-content\/uploads\/2020\/11\/tobbzonas_vezerlo_1.png\" alt=\"t\u00f6bbz\u00f3n\u00e1s vez\u00e9rl\u0151\" width=\"384\" height=\"416\" \/><\/a><\/p>\n<p><a href=\"https:\/\/www.futofolia.hu\/wp-content\/uploads\/2020\/11\/TapHome_tobbzonas_vezerlo_hu.pdf\">Le\u00edr\u00e1s let\u00f6lt\u00e9se. <img loading=\"lazy\" decoding=\"async\" class=\"alignnone wp-image-9903062 size-thumbnail\" src=\"https:\/\/www.futofolia.hu\/wp-content\/uploads\/2020\/07\/pdf_logo-150x150.png\" alt=\"pdf_logo\" width=\"150\" height=\"150\" \/><\/a><\/p>\n<\/div>\n<\/div>\n<\/div>\n","protected":false},"excerpt":{"rendered":"<div class=\"page\" title=\"Page 1\">\n<div class=\"layoutArea\">\n<div class=\"column\">\n<p>Te\u0301nylegesen univerza\u0301lis beviteli eszko\u0308zke\u0301nt szolga\u0301l a termoszta\u0301t, a redo\u030bny veze\u0301rlo\u030bk, a villanykapcsolo\u0301t, e\u0301s me\u0301g sok ma\u0301s. Az energiatakare\u0301kos e-tinta\u0301val mu\u030bko\u0308do\u030b kijelzo\u030b mindig be van kapcsolva.<\/p>\n<\/div>\n<p>Garancia: 1\u00e9v<\/p>\n<\/div>\n<\/div>\n","protected":false},"featured_media":9921498,"comment_status":"open","ping_status":"closed","template":"","meta":{"_et_pb_use_builder":"","_et_pb_old_content":"","_et_gb_content_width":""},"product_brand":[],"product_cat":[29],"product_tag":[96,37],"class_list":{"0":"post-9931712","1":"product","2":"type-product","3":"status-publish","4":"has-post-thumbnail","6":"product_cat-termosztat","7":"product_tag-taphome","8":"product_tag-termosztat","10":"first","11":"outofstock","12":"taxable","13":"shipping-taxable","14":"purchasable","15":"product-type-simple"},"yoast_head":"<!-- This site is optimized with the Yoast SEO plugin v26.0 - https:\/\/yoast.com\/wordpress\/plugins\/seo\/ -->\n<title>T\u00f6bbz\u00f3n\u00e1s vez\u00e9rl\u0151 - Taphome - Varjas F\u0171t\u0151f\u00f3lia<\/title>\n<meta name=\"robots\" content=\"index, follow, max-snippet:-1, max-image-preview:large, max-video-preview:-1\" \/>\n<link rel=\"canonical\" href=\"https:\/\/varjasfutofolia.hu\/de\/termek\/tobbzonas-vezerlo-taphome\/\" \/>\n<meta property=\"og:locale\" content=\"de_DE\" \/>\n<meta property=\"og:locale:alternate\" content=\"en_US\" \/>\n<meta property=\"og:locale:alternate\" content=\"hu_HU\" \/>\n<meta property=\"og:type\" content=\"article\" \/>\n<meta property=\"og:title\" content=\"T\u00f6bbz\u00f3n\u00e1s vez\u00e9rl\u0151 - Taphome - Varjas F\u0171t\u0151f\u00f3lia\" \/>\n<meta property=\"og:description\" content=\"Te\u0301nylegesen univerza\u0301lis beviteli eszko\u0308zke\u0301nt szolga\u0301l a termoszta\u0301t, a redo\u030bny veze\u0301rlo\u030bk, a villanykapcsolo\u0301t, e\u0301s me\u0301g sok ma\u0301s. Az energiatakare\u0301kos e-tinta\u0301val mu\u030bko\u0308do\u030b kijelzo\u030b mindig be van kapcsolva.   Garancia: 1\u00e9v\" \/>\n<meta property=\"og:url\" content=\"https:\/\/varjasfutofolia.hu\/de\/termek\/tobbzonas-vezerlo-taphome\/\" \/>\n<meta property=\"og:site_name\" content=\"Varjas F\u0171t\u0151f\u00f3lia\" \/>\n<meta property=\"article:modified_time\" content=\"2024-12-01T23:02:27+00:00\" \/>\n<meta name=\"twitter:card\" content=\"summary_large_image\" \/>\n<meta name=\"twitter:label1\" content=\"Gesch\u00e4tzte Lesezeit\" \/>\n\t<meta name=\"twitter:data1\" content=\"1\u00a0Minute\" \/>\n<script type=\"application\/ld+json\" class=\"yoast-schema-graph\">{\"@context\":\"https:\/\/schema.org\",\"@graph\":[{\"@type\":\"WebPage\",\"@id\":\"https:\/\/varjasfutofolia.hu\/termek\/tobbzonas-vezerlo-taphome\/\",\"url\":\"https:\/\/varjasfutofolia.hu\/termek\/tobbzonas-vezerlo-taphome\/\",\"name\":\"T\u00f6bbz\u00f3n\u00e1s vez\u00e9rl\u0151 - Taphome - Varjas F\u0171t\u0151f\u00f3lia\",\"isPartOf\":{\"@id\":\"https:\/\/varjasfutofolia.hu\/#website\"},\"primaryImageOfPage\":{\"@id\":\"https:\/\/varjasfutofolia.hu\/termek\/tobbzonas-vezerlo-taphome\/#primaryimage\"},\"image\":{\"@id\":\"https:\/\/varjasfutofolia.hu\/termek\/tobbzonas-vezerlo-taphome\/#primaryimage\"},\"thumbnailUrl\":\"https:\/\/varjasfutofolia.hu\/wp-content\/uploads\/2021\/11\/tobbzonas_vezerlo.png\",\"datePublished\":\"2024-12-01T23:02:22+00:00\",\"dateModified\":\"2024-12-01T23:02:27+00:00\",\"breadcrumb\":{\"@id\":\"https:\/\/varjasfutofolia.hu\/termek\/tobbzonas-vezerlo-taphome\/#breadcrumb\"},\"inLanguage\":\"de-DE\",\"potentialAction\":[{\"@type\":\"ReadAction\",\"target\":[\"https:\/\/varjasfutofolia.hu\/termek\/tobbzonas-vezerlo-taphome\/\"]}]},{\"@type\":\"ImageObject\",\"inLanguage\":\"de-DE\",\"@id\":\"https:\/\/varjasfutofolia.hu\/termek\/tobbzonas-vezerlo-taphome\/#primaryimage\",\"url\":\"https:\/\/varjasfutofolia.hu\/wp-content\/uploads\/2021\/11\/tobbzonas_vezerlo.png\",\"contentUrl\":\"https:\/\/varjasfutofolia.hu\/wp-content\/uploads\/2021\/11\/tobbzonas_vezerlo.png\",\"width\":387,\"height\":387},{\"@type\":\"BreadcrumbList\",\"@id\":\"https:\/\/varjasfutofolia.hu\/termek\/tobbzonas-vezerlo-taphome\/#breadcrumb\",\"itemListElement\":[{\"@type\":\"ListItem\",\"position\":1,\"name\":\"Kezd\u0151lap\",\"item\":\"https:\/\/varjasfutofolia.hu\/\"},{\"@type\":\"ListItem\",\"position\":2,\"name\":\"\u00dczlet\",\"item\":\"https:\/\/varjasfutofolia.hu\/uzlet\/\"},{\"@type\":\"ListItem\",\"position\":3,\"name\":\"T\u00f6bbz\u00f3n\u00e1s vez\u00e9rl\u0151 &#8211; Taphome\"}]},{\"@type\":\"WebSite\",\"@id\":\"https:\/\/varjasfutofolia.hu\/#website\",\"url\":\"https:\/\/varjasfutofolia.hu\/\",\"name\":\"Varjas F\u0171t\u0151f\u00f3lia\",\"description\":\"A Nap melege az \u00d6n otthon\u00e1ban\",\"potentialAction\":[{\"@type\":\"SearchAction\",\"target\":{\"@type\":\"EntryPoint\",\"urlTemplate\":\"https:\/\/varjasfutofolia.hu\/?s={search_term_string}\"},\"query-input\":{\"@type\":\"PropertyValueSpecification\",\"valueRequired\":true,\"valueName\":\"search_term_string\"}}],\"inLanguage\":\"de-DE\"}]}<\/script>\n<!-- \/ Yoast SEO plugin. -->","yoast_head_json":{"title":"T\u00f6bbz\u00f3n\u00e1s vez\u00e9rl\u0151 - Taphome - Varjas F\u0171t\u0151f\u00f3lia","robots":{"index":"index","follow":"follow","max-snippet":"max-snippet:-1","max-image-preview":"max-image-preview:large","max-video-preview":"max-video-preview:-1"},"canonical":"https:\/\/varjasfutofolia.hu\/de\/termek\/tobbzonas-vezerlo-taphome\/","og_locale":"de_DE","og_type":"article","og_title":"T\u00f6bbz\u00f3n\u00e1s vez\u00e9rl\u0151 - Taphome - Varjas F\u0171t\u0151f\u00f3lia","og_description":"Te\u0301nylegesen univerza\u0301lis beviteli eszko\u0308zke\u0301nt szolga\u0301l a termoszta\u0301t, a redo\u030bny veze\u0301rlo\u030bk, a villanykapcsolo\u0301t, e\u0301s me\u0301g sok ma\u0301s. Az energiatakare\u0301kos e-tinta\u0301val mu\u030bko\u0308do\u030b kijelzo\u030b mindig be van kapcsolva.   Garancia: 1\u00e9v","og_url":"https:\/\/varjasfutofolia.hu\/de\/termek\/tobbzonas-vezerlo-taphome\/","og_site_name":"Varjas F\u0171t\u0151f\u00f3lia","article_modified_time":"2024-12-01T23:02:27+00:00","twitter_card":"summary_large_image","twitter_misc":{"Gesch\u00e4tzte Lesezeit":"1\u00a0Minute"},"schema":{"@context":"https:\/\/schema.org","@graph":[{"@type":"WebPage","@id":"https:\/\/varjasfutofolia.hu\/termek\/tobbzonas-vezerlo-taphome\/","url":"https:\/\/varjasfutofolia.hu\/termek\/tobbzonas-vezerlo-taphome\/","name":"T\u00f6bbz\u00f3n\u00e1s vez\u00e9rl\u0151 - Taphome - Varjas F\u0171t\u0151f\u00f3lia","isPartOf":{"@id":"https:\/\/varjasfutofolia.hu\/#website"},"primaryImageOfPage":{"@id":"https:\/\/varjasfutofolia.hu\/termek\/tobbzonas-vezerlo-taphome\/#primaryimage"},"image":{"@id":"https:\/\/varjasfutofolia.hu\/termek\/tobbzonas-vezerlo-taphome\/#primaryimage"},"thumbnailUrl":"https:\/\/varjasfutofolia.hu\/wp-content\/uploads\/2021\/11\/tobbzonas_vezerlo.png","datePublished":"2024-12-01T23:02:22+00:00","dateModified":"2024-12-01T23:02:27+00:00","breadcrumb":{"@id":"https:\/\/varjasfutofolia.hu\/termek\/tobbzonas-vezerlo-taphome\/#breadcrumb"},"inLanguage":"de-DE","potentialAction":[{"@type":"ReadAction","target":["https:\/\/varjasfutofolia.hu\/termek\/tobbzonas-vezerlo-taphome\/"]}]},{"@type":"ImageObject","inLanguage":"de-DE","@id":"https:\/\/varjasfutofolia.hu\/termek\/tobbzonas-vezerlo-taphome\/#primaryimage","url":"https:\/\/varjasfutofolia.hu\/wp-content\/uploads\/2021\/11\/tobbzonas_vezerlo.png","contentUrl":"https:\/\/varjasfutofolia.hu\/wp-content\/uploads\/2021\/11\/tobbzonas_vezerlo.png","width":387,"height":387},{"@type":"BreadcrumbList","@id":"https:\/\/varjasfutofolia.hu\/termek\/tobbzonas-vezerlo-taphome\/#breadcrumb","itemListElement":[{"@type":"ListItem","position":1,"name":"Kezd\u0151lap","item":"https:\/\/varjasfutofolia.hu\/"},{"@type":"ListItem","position":2,"name":"\u00dczlet","item":"https:\/\/varjasfutofolia.hu\/uzlet\/"},{"@type":"ListItem","position":3,"name":"T\u00f6bbz\u00f3n\u00e1s vez\u00e9rl\u0151 &#8211; Taphome"}]},{"@type":"WebSite","@id":"https:\/\/varjasfutofolia.hu\/#website","url":"https:\/\/varjasfutofolia.hu\/","name":"Varjas F\u0171t\u0151f\u00f3lia","description":"A Nap melege az \u00d6n otthon\u00e1ban","potentialAction":[{"@type":"SearchAction","target":{"@type":"EntryPoint","urlTemplate":"https:\/\/varjasfutofolia.hu\/?s={search_term_string}"},"query-input":{"@type":"PropertyValueSpecification","valueRequired":true,"valueName":"search_term_string"}}],"inLanguage":"de-DE"}]}},"_links":{"self":[{"href":"https:\/\/varjasfutofolia.hu\/de\/wp-json\/wp\/v2\/product\/9931712","targetHints":{"allow":["GET"]}}],"collection":[{"href":"https:\/\/varjasfutofolia.hu\/de\/wp-json\/wp\/v2\/product"}],"about":[{"href":"https:\/\/varjasfutofolia.hu\/de\/wp-json\/wp\/v2\/types\/product"}],"replies":[{"embeddable":true,"href":"https:\/\/varjasfutofolia.hu\/de\/wp-json\/wp\/v2\/comments?post=9931712"}],"wp:featuredmedia":[{"embeddable":true,"href":"https:\/\/varjasfutofolia.hu\/de\/wp-json\/wp\/v2\/media\/9921498"}],"wp:attachment":[{"href":"https:\/\/varjasfutofolia.hu\/de\/wp-json\/wp\/v2\/media?parent=9931712"}],"wp:term":[{"taxonomy":"product_brand","embeddable":true,"href":"https:\/\/varjasfutofolia.hu\/de\/wp-json\/wp\/v2\/product_brand?post=9931712"},{"taxonomy":"product_cat","embeddable":true,"href":"https:\/\/varjasfutofolia.hu\/de\/wp-json\/wp\/v2\/product_cat?post=9931712"},{"taxonomy":"product_tag","embeddable":true,"href":"https:\/\/varjasfutofolia.hu\/de\/wp-json\/wp\/v2\/product_tag?post=9931712"}],"curies":[{"name":"wp","href":"https:\/\/api.w.org\/{rel}","templated":true}]}}