{"id":9931710,"date":"2024-12-02T00:02:21","date_gmt":"2024-12-01T23:02:21","guid":{"rendered":"https:\/\/varjasfutofolia.hu\/?post_type=product&#038;p=9931710"},"modified":"2024-12-02T00:02:27","modified_gmt":"2024-12-01T23:02:27","slug":"csatlakozo","status":"publish","type":"product","link":"https:\/\/varjasfutofolia.hu\/de\/termek\/csatlakozo\/","title":{"rendered":"Csatlakoz\u00f3"},"content":{"rendered":"<p>A f\u0171t\u0151film be\u00e9p\u00edt\u00e9s\u00e9hez sz\u00fcks\u00e9g van egy \u00a0speci\u00e1lisan k\u00e9pzett szakemberre. Gyorsan be\u00e9p\u00edthet\u0151 melegburkolat (lamin\u00e1lt padl\u00f3, illetve egyedi m\u00e9rlegel\u00e9s alapj\u00e1n haj\u00f3padl\u00f3, parafa) al\u00e1. Els\u0151 l\u00e9p\u00e9sk\u00e9nt szigetel\u0151anyagot telep\u00edt\u00fcnk, megakad\u00e1lyozva, hogy a h\u0151 lefel\u00e9 sz\u00f6kj\u00f6n el. Ezut\u00e1n k\u00f6vetkezik a f\u0171t\u0151f\u00f3lia lefektet\u00e9se, amelyhez a megfelel\u0151 csatlakoz\u00f3kat illesztj\u00fck, \u00e9s f\u00f6l\u00e9 p\u00e1raz\u00e1r\u00f3 f\u00f3lia ker\u00fcl. V\u00e9g\u00fcl j\u00f6het a lamin\u00e1lt padl\u00f3 (a 8 mm-es vastags\u00e1g\u00fa aj\u00e1nlott). Ahogyan m\u00e1r eml\u00edtett\u00fck, haj\u00f3padl\u00f3 vagy parafa burkolat is sz\u00f3ba ker\u00fclhet.<\/p>\n<p>A csatlakoz\u00f3 kivezet\u00e9se ,oldal ir\u00e1nyban t\u00f6rt\u00e9nik.<\/p>\n<p>\u00cdgy k\u00f6nnyebben lehet a sorokat szerelni,de term\u00e9szetesen m\u00e1s form\u00e1j\u00fa megold\u00e1st is tudunk biztos\u00edtani.<\/p>\n<p>Milyen csatlakoz\u00f3kra van sz\u00fcks\u00e9g, \u00e9s mi\u00e9rt?<\/p>\n<p>&nbsp;<\/p>\n<p>Ez a \u00a0maxim\u00e1lisan 4 mm2 m\u00e9ret\u0171 vezet\u00e9k befogat\u00e1s\u00e1ra alkalmas csatlakoz\u00f3 az elektromos vezet\u00e9kek r\u00f6gz\u00edt\u00e9s\u00e9re szolg\u00e1l. Ennek seg\u00edts\u00e9g\u00e9vel csatlakoztatjuk a vezet\u00e9ket a f\u0171t\u0151filmhez, teh\u00e1t az \u00e1ramell\u00e1t\u00e1s ennek seg\u00edts\u00e9g\u00e9vel biztos\u00edtott.<\/p>\n<p>A vezet\u00e9k kivezet\u00e9se h\u00e1ts\u00f3 oldalon biztos\u00edtott.<\/p>\n<p>A f\u0171t\u0151film m\u00e9retre v\u00e1g\u00e1sa ut\u00e1n a f\u0171t\u0151film k\u00e9t oldal\u00e1n fut\u00f3 r\u00e9zcs\u00edkn\u00e1l sz\u00e9tfesz\u00edtj\u00fck a f\u00f3li\u00e1t, \u00e9s r\u00f6gz\u00edtj\u00fck a csatlakoz\u00f3t. A csatlakoz\u00f3t krimpel\u00e9ssel tudjuk a f\u0171t\u0151f\u00f3li\u00e1hoz er\u0151s\u00edteni. Ezut\u00e1n szigetel\u0151szalaggal szigetelj\u00fck. A krimpel\u00e9shez, azaz ahhoz, hogy a csatlakoz\u00f3t megfelel\u0151 m\u00f3don er\u0151s\u00edts\u00fck a vezet\u00e9khez, speci\u00e1lis krimpel\u0151fog\u00f3 pr\u00e9sszersz\u00e1m sz\u00fcks\u00e9ges.<\/p>\n","protected":false},"excerpt":{"rendered":"<p>F\u00f3lia darabonk\u00e9nt 2 db sz\u00fcks\u00e9ges<\/p>\n","protected":false},"featured_media":9921496,"comment_status":"open","ping_status":"closed","template":"","meta":{"_et_pb_use_builder":"","_et_pb_old_content":"","_et_gb_content_width":""},"product_brand":[],"product_cat":[106,38,28],"product_tag":[],"class_list":{"0":"post-9931710","1":"product","2":"type-product","3":"status-publish","4":"has-post-thumbnail","6":"product_cat-futofilm-futofolia","7":"product_cat-palanta-futes","8":"product_cat-uncategorized","10":"first","11":"instock","12":"taxable","13":"shipping-taxable","14":"purchasable","15":"product-type-simple"},"yoast_head":"<!-- This site is optimized with the Yoast SEO plugin v26.0 - https:\/\/yoast.com\/wordpress\/plugins\/seo\/ -->\n<title>Csatlakoz\u00f3 - Varjas F\u0171t\u0151f\u00f3lia<\/title>\n<meta name=\"robots\" content=\"index, follow, max-snippet:-1, max-image-preview:large, max-video-preview:-1\" \/>\n<link rel=\"canonical\" href=\"https:\/\/varjasfutofolia.hu\/de\/termek\/csatlakozo\/\" \/>\n<meta property=\"og:locale\" content=\"de_DE\" \/>\n<meta property=\"og:locale:alternate\" content=\"en_US\" \/>\n<meta property=\"og:locale:alternate\" content=\"hu_HU\" \/>\n<meta property=\"og:type\" content=\"article\" \/>\n<meta property=\"og:title\" content=\"Csatlakoz\u00f3 - Varjas F\u0171t\u0151f\u00f3lia\" \/>\n<meta property=\"og:description\" content=\"F\u00f3lia darabonk\u00e9nt 2 db sz\u00fcks\u00e9ges\" \/>\n<meta property=\"og:url\" content=\"https:\/\/varjasfutofolia.hu\/de\/termek\/csatlakozo\/\" \/>\n<meta property=\"og:site_name\" content=\"Varjas F\u0171t\u0151f\u00f3lia\" \/>\n<meta property=\"article:modified_time\" content=\"2024-12-01T23:02:27+00:00\" \/>\n<meta name=\"twitter:card\" content=\"summary_large_image\" \/>\n<meta name=\"twitter:label1\" content=\"Gesch\u00e4tzte Lesezeit\" \/>\n\t<meta name=\"twitter:data1\" content=\"2\u00a0Minuten\" \/>\n<script type=\"application\/ld+json\" class=\"yoast-schema-graph\">{\"@context\":\"https:\/\/schema.org\",\"@graph\":[{\"@type\":\"WebPage\",\"@id\":\"https:\/\/varjasfutofolia.hu\/termek\/csatlakozo\/\",\"url\":\"https:\/\/varjasfutofolia.hu\/termek\/csatlakozo\/\",\"name\":\"Csatlakoz\u00f3 - Varjas F\u0171t\u0151f\u00f3lia\",\"isPartOf\":{\"@id\":\"https:\/\/varjasfutofolia.hu\/#website\"},\"primaryImageOfPage\":{\"@id\":\"https:\/\/varjasfutofolia.hu\/termek\/csatlakozo\/#primaryimage\"},\"image\":{\"@id\":\"https:\/\/varjasfutofolia.hu\/termek\/csatlakozo\/#primaryimage\"},\"thumbnailUrl\":\"https:\/\/varjasfutofolia.hu\/wp-content\/uploads\/2021\/11\/csatlakozo.png\",\"datePublished\":\"2024-12-01T23:02:21+00:00\",\"dateModified\":\"2024-12-01T23:02:27+00:00\",\"breadcrumb\":{\"@id\":\"https:\/\/varjasfutofolia.hu\/termek\/csatlakozo\/#breadcrumb\"},\"inLanguage\":\"de-DE\",\"potentialAction\":[{\"@type\":\"ReadAction\",\"target\":[\"https:\/\/varjasfutofolia.hu\/termek\/csatlakozo\/\"]}]},{\"@type\":\"ImageObject\",\"inLanguage\":\"de-DE\",\"@id\":\"https:\/\/varjasfutofolia.hu\/termek\/csatlakozo\/#primaryimage\",\"url\":\"https:\/\/varjasfutofolia.hu\/wp-content\/uploads\/2021\/11\/csatlakozo.png\",\"contentUrl\":\"https:\/\/varjasfutofolia.hu\/wp-content\/uploads\/2021\/11\/csatlakozo.png\",\"width\":512,\"height\":489},{\"@type\":\"BreadcrumbList\",\"@id\":\"https:\/\/varjasfutofolia.hu\/termek\/csatlakozo\/#breadcrumb\",\"itemListElement\":[{\"@type\":\"ListItem\",\"position\":1,\"name\":\"Kezd\u0151lap\",\"item\":\"https:\/\/varjasfutofolia.hu\/\"},{\"@type\":\"ListItem\",\"position\":2,\"name\":\"\u00dczlet\",\"item\":\"https:\/\/varjasfutofolia.hu\/uzlet\/\"},{\"@type\":\"ListItem\",\"position\":3,\"name\":\"Csatlakoz\u00f3\"}]},{\"@type\":\"WebSite\",\"@id\":\"https:\/\/varjasfutofolia.hu\/#website\",\"url\":\"https:\/\/varjasfutofolia.hu\/\",\"name\":\"Varjas F\u0171t\u0151f\u00f3lia\",\"description\":\"A Nap melege az \u00d6n otthon\u00e1ban\",\"potentialAction\":[{\"@type\":\"SearchAction\",\"target\":{\"@type\":\"EntryPoint\",\"urlTemplate\":\"https:\/\/varjasfutofolia.hu\/?s={search_term_string}\"},\"query-input\":{\"@type\":\"PropertyValueSpecification\",\"valueRequired\":true,\"valueName\":\"search_term_string\"}}],\"inLanguage\":\"de-DE\"}]}<\/script>\n<!-- \/ Yoast SEO plugin. -->","yoast_head_json":{"title":"Csatlakoz\u00f3 - Varjas F\u0171t\u0151f\u00f3lia","robots":{"index":"index","follow":"follow","max-snippet":"max-snippet:-1","max-image-preview":"max-image-preview:large","max-video-preview":"max-video-preview:-1"},"canonical":"https:\/\/varjasfutofolia.hu\/de\/termek\/csatlakozo\/","og_locale":"de_DE","og_type":"article","og_title":"Csatlakoz\u00f3 - Varjas F\u0171t\u0151f\u00f3lia","og_description":"F\u00f3lia darabonk\u00e9nt 2 db sz\u00fcks\u00e9ges","og_url":"https:\/\/varjasfutofolia.hu\/de\/termek\/csatlakozo\/","og_site_name":"Varjas F\u0171t\u0151f\u00f3lia","article_modified_time":"2024-12-01T23:02:27+00:00","twitter_card":"summary_large_image","twitter_misc":{"Gesch\u00e4tzte Lesezeit":"2\u00a0Minuten"},"schema":{"@context":"https:\/\/schema.org","@graph":[{"@type":"WebPage","@id":"https:\/\/varjasfutofolia.hu\/termek\/csatlakozo\/","url":"https:\/\/varjasfutofolia.hu\/termek\/csatlakozo\/","name":"Csatlakoz\u00f3 - Varjas F\u0171t\u0151f\u00f3lia","isPartOf":{"@id":"https:\/\/varjasfutofolia.hu\/#website"},"primaryImageOfPage":{"@id":"https:\/\/varjasfutofolia.hu\/termek\/csatlakozo\/#primaryimage"},"image":{"@id":"https:\/\/varjasfutofolia.hu\/termek\/csatlakozo\/#primaryimage"},"thumbnailUrl":"https:\/\/varjasfutofolia.hu\/wp-content\/uploads\/2021\/11\/csatlakozo.png","datePublished":"2024-12-01T23:02:21+00:00","dateModified":"2024-12-01T23:02:27+00:00","breadcrumb":{"@id":"https:\/\/varjasfutofolia.hu\/termek\/csatlakozo\/#breadcrumb"},"inLanguage":"de-DE","potentialAction":[{"@type":"ReadAction","target":["https:\/\/varjasfutofolia.hu\/termek\/csatlakozo\/"]}]},{"@type":"ImageObject","inLanguage":"de-DE","@id":"https:\/\/varjasfutofolia.hu\/termek\/csatlakozo\/#primaryimage","url":"https:\/\/varjasfutofolia.hu\/wp-content\/uploads\/2021\/11\/csatlakozo.png","contentUrl":"https:\/\/varjasfutofolia.hu\/wp-content\/uploads\/2021\/11\/csatlakozo.png","width":512,"height":489},{"@type":"BreadcrumbList","@id":"https:\/\/varjasfutofolia.hu\/termek\/csatlakozo\/#breadcrumb","itemListElement":[{"@type":"ListItem","position":1,"name":"Kezd\u0151lap","item":"https:\/\/varjasfutofolia.hu\/"},{"@type":"ListItem","position":2,"name":"\u00dczlet","item":"https:\/\/varjasfutofolia.hu\/uzlet\/"},{"@type":"ListItem","position":3,"name":"Csatlakoz\u00f3"}]},{"@type":"WebSite","@id":"https:\/\/varjasfutofolia.hu\/#website","url":"https:\/\/varjasfutofolia.hu\/","name":"Varjas F\u0171t\u0151f\u00f3lia","description":"A Nap melege az \u00d6n otthon\u00e1ban","potentialAction":[{"@type":"SearchAction","target":{"@type":"EntryPoint","urlTemplate":"https:\/\/varjasfutofolia.hu\/?s={search_term_string}"},"query-input":{"@type":"PropertyValueSpecification","valueRequired":true,"valueName":"search_term_string"}}],"inLanguage":"de-DE"}]}},"_links":{"self":[{"href":"https:\/\/varjasfutofolia.hu\/de\/wp-json\/wp\/v2\/product\/9931710","targetHints":{"allow":["GET"]}}],"collection":[{"href":"https:\/\/varjasfutofolia.hu\/de\/wp-json\/wp\/v2\/product"}],"about":[{"href":"https:\/\/varjasfutofolia.hu\/de\/wp-json\/wp\/v2\/types\/product"}],"replies":[{"embeddable":true,"href":"https:\/\/varjasfutofolia.hu\/de\/wp-json\/wp\/v2\/comments?post=9931710"}],"wp:featuredmedia":[{"embeddable":true,"href":"https:\/\/varjasfutofolia.hu\/de\/wp-json\/wp\/v2\/media\/9921496"}],"wp:attachment":[{"href":"https:\/\/varjasfutofolia.hu\/de\/wp-json\/wp\/v2\/media?parent=9931710"}],"wp:term":[{"taxonomy":"product_brand","embeddable":true,"href":"https:\/\/varjasfutofolia.hu\/de\/wp-json\/wp\/v2\/product_brand?post=9931710"},{"taxonomy":"product_cat","embeddable":true,"href":"https:\/\/varjasfutofolia.hu\/de\/wp-json\/wp\/v2\/product_cat?post=9931710"},{"taxonomy":"product_tag","embeddable":true,"href":"https:\/\/varjasfutofolia.hu\/de\/wp-json\/wp\/v2\/product_tag?post=9931710"}],"curies":[{"name":"wp","href":"https:\/\/api.w.org\/{rel}","templated":true}]}}