{"id":9931709,"date":"2024-12-02T00:02:21","date_gmt":"2024-12-01T23:02:21","guid":{"rendered":"https:\/\/varjasfutofolia.hu\/?post_type=product&#038;p=9931709"},"modified":"2024-12-02T00:02:27","modified_gmt":"2024-12-01T23:02:27","slug":"bitumenes-ragaszto-20m","status":"publish","type":"product","link":"https:\/\/varjasfutofolia.hu\/de\/termek\/bitumenes-ragaszto-20m\/","title":{"rendered":"Bitumenes ragaszt\u00f3 20m"},"content":{"rendered":"<p>V\u00edzhatlan szigetel\u0151 szakasz a f\u0171t\u0151filmek \u00e9s f\u0171t\u0151f\u00f3li\u00e1k szigetel\u00e9s\u00e9re. A f\u00f3lia hosszanti oldal\u00e1t kell alulr\u00f3l \u00e9s fel\u00fclr\u0151l leragasztani, majd a csatlakoz\u00f3kn\u00e1l 15 cm es mer\u0151leges k\u00f6t\u00e9s sz\u00fcks\u00e9ges.<\/p>\n<p>&nbsp;<\/p>\n<p>Egy tekercs ragaszt\u00f3 20 m hossz\u00fa.<\/p>\n<p>Ragaszt\u00f3 sz\u00fcks\u00e9glet 0,5 m sz\u00e9les f\u00f3lia eset\u00e9ben: 2,3 m\/db<\/p>\n<p>Ragaszt\u00f3 sz\u00fcks\u00e9glet 0,25 m sz\u00e9les f\u00f3lia eset\u00e9ben: 1,3 m\/db<\/p>\n","protected":false},"excerpt":{"rendered":"<p>V\u00edzhatlan szigetel\u0151 szakasz a f\u0171t\u0151filmek \u00e9s f\u0171t\u0151f\u00f3li\u00e1k szigetel\u00e9s\u00e9re. A f\u00f3lia hosszanti oldal\u00e1t kell alulr\u00f3l \u00e9s fel\u00fclr\u0151l leragasztani, majd a csatlakoz\u00f3kn\u00e1l 15 cm es mer\u0151leges k\u00f6t\u00e9s sz\u00fcks\u00e9ges. &nbsp; Egy tekercs ragaszt\u00f3 20 m hossz\u00fa. Ragaszt\u00f3 sz\u00fcks\u00e9glet 0,5 m sz\u00e9les f\u00f3lia eset\u00e9ben: 2,3 m\/db Ragaszt\u00f3 sz\u00fcks\u00e9glet 0,25 m sz\u00e9les f\u00f3lia eset\u00e9ben: 1,3 m\/db<\/p>\n","protected":false},"featured_media":9921497,"comment_status":"open","ping_status":"closed","template":"","meta":{"_et_pb_use_builder":"","_et_pb_old_content":"","_et_gb_content_width":""},"product_brand":[],"product_cat":[106,38],"product_tag":[94,95],"class_list":{"0":"post-9931709","1":"product","2":"type-product","3":"status-publish","4":"has-post-thumbnail","6":"product_cat-futofilm-futofolia","7":"product_cat-palanta-futes","8":"product_tag-bitumenes-ragaszto","9":"product_tag-szigetelo-ragasto","11":"first","12":"instock","13":"taxable","14":"shipping-taxable","15":"purchasable","16":"product-type-simple"},"yoast_head":"<!-- This site is optimized with the Yoast SEO plugin v26.0 - https:\/\/yoast.com\/wordpress\/plugins\/seo\/ -->\n<title>Bitumenes ragaszt\u00f3 20m - Varjas F\u0171t\u0151f\u00f3lia<\/title>\n<meta name=\"robots\" content=\"index, follow, max-snippet:-1, max-image-preview:large, max-video-preview:-1\" \/>\n<link rel=\"canonical\" href=\"https:\/\/varjasfutofolia.hu\/de\/termek\/bitumenes-ragaszto-20m\/\" \/>\n<meta property=\"og:locale\" content=\"de_DE\" \/>\n<meta property=\"og:locale:alternate\" content=\"en_US\" \/>\n<meta property=\"og:locale:alternate\" content=\"hu_HU\" \/>\n<meta property=\"og:type\" content=\"article\" \/>\n<meta property=\"og:title\" content=\"Bitumenes ragaszt\u00f3 20m - Varjas F\u0171t\u0151f\u00f3lia\" \/>\n<meta property=\"og:description\" content=\"V\u00edzhatlan szigetel\u0151 szakasz a f\u0171t\u0151filmek \u00e9s f\u0171t\u0151f\u00f3li\u00e1k szigetel\u00e9s\u00e9re. A f\u00f3lia hosszanti oldal\u00e1t kell alulr\u00f3l \u00e9s fel\u00fclr\u0151l leragasztani, majd a csatlakoz\u00f3kn\u00e1l 15 cm es mer\u0151leges k\u00f6t\u00e9s sz\u00fcks\u00e9ges. &nbsp; Egy tekercs ragaszt\u00f3 20 m hossz\u00fa. Ragaszt\u00f3 sz\u00fcks\u00e9glet 0,5 m sz\u00e9les f\u00f3lia eset\u00e9ben: 2,3 m\/db Ragaszt\u00f3 sz\u00fcks\u00e9glet 0,25 m sz\u00e9les f\u00f3lia eset\u00e9ben: 1,3 m\/db\" \/>\n<meta property=\"og:url\" content=\"https:\/\/varjasfutofolia.hu\/de\/termek\/bitumenes-ragaszto-20m\/\" \/>\n<meta property=\"og:site_name\" content=\"Varjas F\u0171t\u0151f\u00f3lia\" \/>\n<meta property=\"article:modified_time\" content=\"2024-12-01T23:02:27+00:00\" \/>\n<meta name=\"twitter:card\" content=\"summary_large_image\" \/>\n<script type=\"application\/ld+json\" class=\"yoast-schema-graph\">{\"@context\":\"https:\/\/schema.org\",\"@graph\":[{\"@type\":\"WebPage\",\"@id\":\"https:\/\/varjasfutofolia.hu\/termek\/bitumenes-ragaszto-20m\/\",\"url\":\"https:\/\/varjasfutofolia.hu\/termek\/bitumenes-ragaszto-20m\/\",\"name\":\"Bitumenes ragaszt\u00f3 20m - Varjas F\u0171t\u0151f\u00f3lia\",\"isPartOf\":{\"@id\":\"https:\/\/varjasfutofolia.hu\/#website\"},\"primaryImageOfPage\":{\"@id\":\"https:\/\/varjasfutofolia.hu\/termek\/bitumenes-ragaszto-20m\/#primaryimage\"},\"image\":{\"@id\":\"https:\/\/varjasfutofolia.hu\/termek\/bitumenes-ragaszto-20m\/#primaryimage\"},\"thumbnailUrl\":\"https:\/\/varjasfutofolia.hu\/wp-content\/uploads\/2021\/11\/bitumenes_ragaszto.png\",\"datePublished\":\"2024-12-01T23:02:21+00:00\",\"dateModified\":\"2024-12-01T23:02:27+00:00\",\"breadcrumb\":{\"@id\":\"https:\/\/varjasfutofolia.hu\/termek\/bitumenes-ragaszto-20m\/#breadcrumb\"},\"inLanguage\":\"de-DE\",\"potentialAction\":[{\"@type\":\"ReadAction\",\"target\":[\"https:\/\/varjasfutofolia.hu\/termek\/bitumenes-ragaszto-20m\/\"]}]},{\"@type\":\"ImageObject\",\"inLanguage\":\"de-DE\",\"@id\":\"https:\/\/varjasfutofolia.hu\/termek\/bitumenes-ragaszto-20m\/#primaryimage\",\"url\":\"https:\/\/varjasfutofolia.hu\/wp-content\/uploads\/2021\/11\/bitumenes_ragaszto.png\",\"contentUrl\":\"https:\/\/varjasfutofolia.hu\/wp-content\/uploads\/2021\/11\/bitumenes_ragaszto.png\",\"width\":635,\"height\":462},{\"@type\":\"BreadcrumbList\",\"@id\":\"https:\/\/varjasfutofolia.hu\/termek\/bitumenes-ragaszto-20m\/#breadcrumb\",\"itemListElement\":[{\"@type\":\"ListItem\",\"position\":1,\"name\":\"Kezd\u0151lap\",\"item\":\"https:\/\/varjasfutofolia.hu\/\"},{\"@type\":\"ListItem\",\"position\":2,\"name\":\"\u00dczlet\",\"item\":\"https:\/\/varjasfutofolia.hu\/uzlet\/\"},{\"@type\":\"ListItem\",\"position\":3,\"name\":\"Bitumenes ragaszt\u00f3 20m\"}]},{\"@type\":\"WebSite\",\"@id\":\"https:\/\/varjasfutofolia.hu\/#website\",\"url\":\"https:\/\/varjasfutofolia.hu\/\",\"name\":\"Varjas F\u0171t\u0151f\u00f3lia\",\"description\":\"A Nap melege az \u00d6n otthon\u00e1ban\",\"potentialAction\":[{\"@type\":\"SearchAction\",\"target\":{\"@type\":\"EntryPoint\",\"urlTemplate\":\"https:\/\/varjasfutofolia.hu\/?s={search_term_string}\"},\"query-input\":{\"@type\":\"PropertyValueSpecification\",\"valueRequired\":true,\"valueName\":\"search_term_string\"}}],\"inLanguage\":\"de-DE\"}]}<\/script>\n<!-- \/ Yoast SEO plugin. -->","yoast_head_json":{"title":"Bitumenes ragaszt\u00f3 20m - Varjas F\u0171t\u0151f\u00f3lia","robots":{"index":"index","follow":"follow","max-snippet":"max-snippet:-1","max-image-preview":"max-image-preview:large","max-video-preview":"max-video-preview:-1"},"canonical":"https:\/\/varjasfutofolia.hu\/de\/termek\/bitumenes-ragaszto-20m\/","og_locale":"de_DE","og_type":"article","og_title":"Bitumenes ragaszt\u00f3 20m - Varjas F\u0171t\u0151f\u00f3lia","og_description":"V\u00edzhatlan szigetel\u0151 szakasz a f\u0171t\u0151filmek \u00e9s f\u0171t\u0151f\u00f3li\u00e1k szigetel\u00e9s\u00e9re. A f\u00f3lia hosszanti oldal\u00e1t kell alulr\u00f3l \u00e9s fel\u00fclr\u0151l leragasztani, majd a csatlakoz\u00f3kn\u00e1l 15 cm es mer\u0151leges k\u00f6t\u00e9s sz\u00fcks\u00e9ges. &nbsp; Egy tekercs ragaszt\u00f3 20 m hossz\u00fa. Ragaszt\u00f3 sz\u00fcks\u00e9glet 0,5 m sz\u00e9les f\u00f3lia eset\u00e9ben: 2,3 m\/db Ragaszt\u00f3 sz\u00fcks\u00e9glet 0,25 m sz\u00e9les f\u00f3lia eset\u00e9ben: 1,3 m\/db","og_url":"https:\/\/varjasfutofolia.hu\/de\/termek\/bitumenes-ragaszto-20m\/","og_site_name":"Varjas F\u0171t\u0151f\u00f3lia","article_modified_time":"2024-12-01T23:02:27+00:00","twitter_card":"summary_large_image","schema":{"@context":"https:\/\/schema.org","@graph":[{"@type":"WebPage","@id":"https:\/\/varjasfutofolia.hu\/termek\/bitumenes-ragaszto-20m\/","url":"https:\/\/varjasfutofolia.hu\/termek\/bitumenes-ragaszto-20m\/","name":"Bitumenes ragaszt\u00f3 20m - Varjas F\u0171t\u0151f\u00f3lia","isPartOf":{"@id":"https:\/\/varjasfutofolia.hu\/#website"},"primaryImageOfPage":{"@id":"https:\/\/varjasfutofolia.hu\/termek\/bitumenes-ragaszto-20m\/#primaryimage"},"image":{"@id":"https:\/\/varjasfutofolia.hu\/termek\/bitumenes-ragaszto-20m\/#primaryimage"},"thumbnailUrl":"https:\/\/varjasfutofolia.hu\/wp-content\/uploads\/2021\/11\/bitumenes_ragaszto.png","datePublished":"2024-12-01T23:02:21+00:00","dateModified":"2024-12-01T23:02:27+00:00","breadcrumb":{"@id":"https:\/\/varjasfutofolia.hu\/termek\/bitumenes-ragaszto-20m\/#breadcrumb"},"inLanguage":"de-DE","potentialAction":[{"@type":"ReadAction","target":["https:\/\/varjasfutofolia.hu\/termek\/bitumenes-ragaszto-20m\/"]}]},{"@type":"ImageObject","inLanguage":"de-DE","@id":"https:\/\/varjasfutofolia.hu\/termek\/bitumenes-ragaszto-20m\/#primaryimage","url":"https:\/\/varjasfutofolia.hu\/wp-content\/uploads\/2021\/11\/bitumenes_ragaszto.png","contentUrl":"https:\/\/varjasfutofolia.hu\/wp-content\/uploads\/2021\/11\/bitumenes_ragaszto.png","width":635,"height":462},{"@type":"BreadcrumbList","@id":"https:\/\/varjasfutofolia.hu\/termek\/bitumenes-ragaszto-20m\/#breadcrumb","itemListElement":[{"@type":"ListItem","position":1,"name":"Kezd\u0151lap","item":"https:\/\/varjasfutofolia.hu\/"},{"@type":"ListItem","position":2,"name":"\u00dczlet","item":"https:\/\/varjasfutofolia.hu\/uzlet\/"},{"@type":"ListItem","position":3,"name":"Bitumenes ragaszt\u00f3 20m"}]},{"@type":"WebSite","@id":"https:\/\/varjasfutofolia.hu\/#website","url":"https:\/\/varjasfutofolia.hu\/","name":"Varjas F\u0171t\u0151f\u00f3lia","description":"A Nap melege az \u00d6n otthon\u00e1ban","potentialAction":[{"@type":"SearchAction","target":{"@type":"EntryPoint","urlTemplate":"https:\/\/varjasfutofolia.hu\/?s={search_term_string}"},"query-input":{"@type":"PropertyValueSpecification","valueRequired":true,"valueName":"search_term_string"}}],"inLanguage":"de-DE"}]}},"_links":{"self":[{"href":"https:\/\/varjasfutofolia.hu\/de\/wp-json\/wp\/v2\/product\/9931709","targetHints":{"allow":["GET"]}}],"collection":[{"href":"https:\/\/varjasfutofolia.hu\/de\/wp-json\/wp\/v2\/product"}],"about":[{"href":"https:\/\/varjasfutofolia.hu\/de\/wp-json\/wp\/v2\/types\/product"}],"replies":[{"embeddable":true,"href":"https:\/\/varjasfutofolia.hu\/de\/wp-json\/wp\/v2\/comments?post=9931709"}],"wp:featuredmedia":[{"embeddable":true,"href":"https:\/\/varjasfutofolia.hu\/de\/wp-json\/wp\/v2\/media\/9921497"}],"wp:attachment":[{"href":"https:\/\/varjasfutofolia.hu\/de\/wp-json\/wp\/v2\/media?parent=9931709"}],"wp:term":[{"taxonomy":"product_brand","embeddable":true,"href":"https:\/\/varjasfutofolia.hu\/de\/wp-json\/wp\/v2\/product_brand?post=9931709"},{"taxonomy":"product_cat","embeddable":true,"href":"https:\/\/varjasfutofolia.hu\/de\/wp-json\/wp\/v2\/product_cat?post=9931709"},{"taxonomy":"product_tag","embeddable":true,"href":"https:\/\/varjasfutofolia.hu\/de\/wp-json\/wp\/v2\/product_tag?post=9931709"}],"curies":[{"name":"wp","href":"https:\/\/api.w.org\/{rel}","templated":true}]}}